{"id":7956,"date":"2026-04-22T19:47:58","date_gmt":"2026-04-22T23:47:58","guid":{"rendered":"https:\/\/www.wirtzlaw.com\/?page_id=7956"},"modified":"2026-04-22T19:48:00","modified_gmt":"2026-04-22T23:48:00","slug":"guia-infografica-de-frazier-park-sobre-la-ley-del-limon","status":"publish","type":"page","link":"https:\/\/www.wirtzlaw.com\/es\/practice-areas\/lemon-law-attorneys\/frazier-park-lemon-law-attorneys\/frazier-park-lemon-law-infographic-guide\/","title":{"rendered":"Gu\u00eda Infogr\u00e1fica de la Ley del Lim\u00f3n de Frazier Park"},"content":{"rendered":"<p>Los residentes de Frazier Park, una comunidad monta\u00f1osa, dependen de sus veh\u00edculos para llegar al trabajo, a la escuela y a las principales ciudades del sur de California. Aqu\u00ed, su autom\u00f3vil no es un lujo, es una salvaci\u00f3n. Si su concesionario no puede reparar los defectos de su veh\u00edculo, es posible que tenga derecho a un reembolso completo o a un reemplazo bajo <a href=\"https:\/\/www.wirtzlaw.com\/es\/areas-de-practica\/abogados-de-la-ley-del-limon\/abogados-de-la-ley-del-limon-de-frazier-park\/\">Ley del Lim\u00f3n de California<\/a>.<\/p>\n\n\n<div class=\"wp-block-image\">\n<figure class=\"aligncenter size-large\"><a href=\"https:\/\/www.wirtzlaw.com\/es\/areas-de-practica\/abogados-de-la-ley-del-limon\/abogados-de-la-ley-del-limon-de-frazier-park\/\"><img decoding=\"async\" src=\"https:\/\/www.wirtzlaw.com\/wp-content\/uploads\/2026\/04\/FrazierParkLemonLaw.png\" alt=\"Gu\u00eda Infogr\u00e1fica de la Ley del Lim\u00f3n de Frazier Park\" title=\"\"><\/a><\/figure>\n<\/div>","protected":false},"excerpt":{"rendered":"<p>Los residentes de la comunidad monta\u00f1osa de Frazier Park dependen de sus veh\u00edculos para llegar al trabajo, la escuela y las principales ciudades del sur de California. Aqu\u00ed, su autom\u00f3vil no es un lujo, es algo esencial para la vida. Si su concesionario no puede reparar los defectos de su veh\u00edculo, es posible que tenga derecho a un reembolso completo o a un reemplazo bajo la Ley de Limones de California.<\/p>","protected":false},"author":12,"featured_media":7953,"parent":7711,"menu_order":0,"comment_status":"closed","ping_status":"closed","template":"","meta":{"_acf_changed":false,"footnotes":""},"class_list":["post-7956","page","type-page","status-publish","has-post-thumbnail","hentry"],"acf":[],"_links":{"self":[{"href":"https:\/\/www.wirtzlaw.com\/es\/wp-json\/wp\/v2\/pages\/7956","targetHints":{"allow":["GET"]}}],"collection":[{"href":"https:\/\/www.wirtzlaw.com\/es\/wp-json\/wp\/v2\/pages"}],"about":[{"href":"https:\/\/www.wirtzlaw.com\/es\/wp-json\/wp\/v2\/types\/page"}],"author":[{"embeddable":true,"href":"https:\/\/www.wirtzlaw.com\/es\/wp-json\/wp\/v2\/users\/12"}],"replies":[{"embeddable":true,"href":"https:\/\/www.wirtzlaw.com\/es\/wp-json\/wp\/v2\/comments?post=7956"}],"version-history":[{"count":1,"href":"https:\/\/www.wirtzlaw.com\/es\/wp-json\/wp\/v2\/pages\/7956\/revisions"}],"predecessor-version":[{"id":7959,"href":"https:\/\/www.wirtzlaw.com\/es\/wp-json\/wp\/v2\/pages\/7956\/revisions\/7959"}],"up":[{"embeddable":true,"href":"https:\/\/www.wirtzlaw.com\/es\/wp-json\/wp\/v2\/pages\/7711"}],"wp:featuredmedia":[{"embeddable":true,"href":"https:\/\/www.wirtzlaw.com\/es\/wp-json\/wp\/v2\/media\/7953"}],"wp:attachment":[{"href":"https:\/\/www.wirtzlaw.com\/es\/wp-json\/wp\/v2\/media?parent=7956"}],"curies":[{"name":"wp","href":"https:\/\/api.w.org\/{rel}","templated":true}]}}