{"id":7764,"date":"2026-02-11T19:36:42","date_gmt":"2026-02-12T00:36:42","guid":{"rendered":"https:\/\/www.wirtzlaw.com\/?page_id=7764"},"modified":"2026-02-11T19:36:45","modified_gmt":"2026-02-12T00:36:45","slug":"abogados-de-la-ley-del-limon-del-condado-de-lake","status":"publish","type":"page","link":"https:\/\/www.wirtzlaw.com\/es\/practice-areas\/lemon-law-attorneys\/lake-county-lemon-law-attorneys\/","title":{"rendered":"Lake County Ley del Lim\u00f3n"},"content":{"rendered":"<h2 class=\"wp-block-heading\"><em>\u00bfDebiendo lidiar con un veh\u00edculo poco confiable en Lake County? Nuestros abogados pueden ayudarle<\/em><\/h2>\n\n\n\n<p>Lake County, California, ofrece un microcosmos de la impresionante belleza natural de California, combinada con la vida de pueblo peque\u00f1o y el f\u00e1cil acceso a varias ciudades importantes, incluyendo <a href=\"https:\/\/www.wirtzlaw.com\/es\/areas-de-practica\/abogados-de-la-ley-del-limon\/abogados-de-la-ley-del-limon-de-san-francisco\/\">San Francisco<\/a> y <a href=\"https:\/\/www.wirtzlaw.com\/es\/areas-de-practica\/abogados-de-la-ley-del-limon\/sacramento-lemon-law-attorney\/\">Sacramento<\/a>. No hay dos pueblos iguales en el Lago County, pero todos ofrecen unas vistas naturales impresionantes, una puerta de entrada a la regi\u00f3n vin\u00edcola de California y la hospitalidad de un pueblo peque\u00f1o.<\/p>\n\n\n\n<p>Para desplazarse por el Lago County y a las grandes ciudades, los residentes de aqu\u00ed conf\u00edan en sus veh\u00edculos. Comprar o alquilar un veh\u00edculo nuevo deber\u00eda significar adquirir un coche, cami\u00f3n, h\u00edbrido, VE o SUV fiable y seguro.&nbsp;<\/p>\n\n\n\n<p>Si vive en Lake County y se enfrenta a un veh\u00edculo defectuoso, no se enfrente al problema solo. Hable con un <a href=\"https:\/\/www.wirtzlaw.com\/es\/areas-de-practica\/abogados-de-la-ley-del-limon\/\">abogado de la ley del lim\u00f3n de Lake County mejor valorado<\/a> hoy. El equipo de <a href=\"https:\/\/www.wirtzlaw.com\/es\/\">Wirtz Law APC<\/a> puede ayudarle a entender y proteger sus derechos bajo la ley del lim\u00f3n de California.\u00a0<\/p>\n\n\n\n<h2 class=\"wp-block-heading\">\u00bfQu\u00e9 es la Ley del Lim\u00f3n de California?<\/h2>\n\n\n\n<p>La ley del lim\u00f3n de California se fundamenta en la <a href=\"https:\/\/leginfo.legislature.ca.gov\/faces\/codes_displayText.xhtml?division=3.&amp;chapter=1.&amp;part=4.&amp;lawCode=CIV&amp;title=1.7.&amp;article=3.\" target=\"_blank\" rel=\"noreferrer noopener\">Ley de garant\u00eda de los consumidores Song-Beverly<\/a>. La Ley protege a los propietarios de veh\u00edculos cuando un veh\u00edculo sigue presentando defectos a pesar de los m\u00faltiples intentos de reparaci\u00f3n por parte del fabricante.\u00a0<\/p>\n\n\n\n<p>La protecci\u00f3n de la ley del lim\u00f3n se extiende a los veh\u00edculos que cumplen los requisitos de la ley en cuanto a compra, garant\u00eda, defecto y reparaci\u00f3n. Determinar si su veh\u00edculo entra dentro de las protecciones de la ley puede ser un reto. Si usted concluye incorrectamente que no est\u00e1 cubierto por la ley del lim\u00f3n, no es probable que un fabricante de autom\u00f3viles corrija su error.&nbsp;<\/p>\n\n\n\n<p>No adivine. Hable con un abogado dedicado a la ley del lim\u00f3n en Lake County. Un abogado puede ayudarle a entender sus derechos y protegerlos contra las grandes compa\u00f1\u00edas de autom\u00f3viles.&nbsp;<\/p>\n\n\n\n<h2 class=\"wp-block-heading\">\u00bfQu\u00e9 se considera un veh\u00edculo defectuoso en California?<\/h2>\n\n\n\n<p>La ley del lim\u00f3n de California exige que los veh\u00edculos cumplan ciertos requisitos para \"contar\" como veh\u00edculos lim\u00f3n. Estos requisitos incluyen:<\/p>\n\n\n\n<ul class=\"wp-block-list\">\n<li><strong>Garant\u00eda: <\/strong>El veh\u00edculo debe estar cubierto por una garant\u00eda original del fabricante o una garant\u00eda de segunda mano certificada (CPO) cuando comiencen los problemas.\u00a0<\/li>\n\n\n\n<li><strong>Compra: <\/strong>El veh\u00edculo debe comprarse \"al por menor\". Por lo general, \"al por menor\" significa en uno de los concesionarios del fabricante, aunque algunos fabricantes permiten la compra al por menor directamente en uno de sus centros de fabricaci\u00f3n. Las compras en un concesionario privado de coches usados o a un vecino o amigo no suelen contar.\u00a0<\/li>\n\n\n\n<li><strong>Ubicaci\u00f3n: <\/strong>La mayor\u00eda de los veh\u00edculos deben comprarse en California para poder acogerse a la protecci\u00f3n de la ley del lim\u00f3n de California. Se aplica una excepci\u00f3n a los propietarios de veh\u00edculos que tambi\u00e9n sean miembros de las fuerzas armadas estadounidenses en servicio activo en California.<\/li>\n\n\n\n<li><strong>\u00dasalo: <\/strong>El veh\u00edculo debe adquirirse para uso personal, familiar o dom\u00e9stico del propietario. Se aplica una excepci\u00f3n a determinadas peque\u00f1as empresas y sus veh\u00edculos. Un abogado puede ayudarle a determinar si su peque\u00f1a empresa cumple los requisitos.\u00a0<\/li>\n<\/ul>\n\n\n\n<p>Adem\u00e1s, el veh\u00edculo debe tener un defecto que le permita acogerse a la protecci\u00f3n de la ley del lim\u00f3n. Por definici\u00f3n, un \"defecto\" afecta al \"uso, la seguridad o el valor\" del veh\u00edculo para el propietario. Interfiere con su capacidad para utilizar el veh\u00edculo, hace que el veh\u00edculo sea menos seguro de conducir, o socava su valor para usted.&nbsp;<\/p>\n\n\n\n<h2 class=\"wp-block-heading\">Tipos de defectos del coche relacionados con las reclamaciones de la Ley del Lim\u00f3n en California<\/h2>\n\n\n\n<p><a href=\"https:\/\/www.wirtzlaw.com\/es\/areas-de-practica\/abogados-de-la-ley-del-limon\/abogado-de-la-ley-del-limon-de-san-diego\/abogado-de-coches-defectuosos\/\">Defectos<\/a> pueden aparecer, y de hecho aparecen, en cualquier pieza o sistema del veh\u00edculo. Defectos comunes enumerados en recientes reclamaciones de la ley del lim\u00f3n de California incluyen:\u00a0<\/p>\n\n\n\n<ul class=\"wp-block-list\">\n<li><strong>Defectos en los bastidores de los veh\u00edculos<\/strong>, paneles, soportes de asiento y otros componentes fundamentales.<\/li>\n\n\n\n<li><strong>Problemas con los sistemas de seguridad,<\/strong> como el mal funcionamiento de los airbags, los cinturones de seguridad que no funcionan correctamente o los soportes de los asientos de seguridad que fallan.\u00a0<\/li>\n\n\n\n<li><strong>Problemas de bater\u00eda en la gasolina,<\/strong> veh\u00edculos di\u00e9sel, h\u00edbridos y el\u00e9ctricos, muchos de los cuales provocan peligrosos incendios en las bater\u00edas.<\/li>\n\n\n\n<li><strong>Cuestiones relacionadas con los sistemas de direcci\u00f3n y control.<\/strong><\/li>\n\n\n\n<li><strong>Problemas con los frenos y los sistemas de frenado<\/strong>que pueden hacer que los frenos fallen en un momento cr\u00edtico o se activen en el momento equivocado, causando lesiones.\u00a0<\/li>\n\n\n\n<li><strong>Mal funcionamiento del ordenador o de los sensores, <\/strong>que puede afectar a cualquier sistema del veh\u00edculo.<\/li>\n\n\n\n<li><strong>Defectos en los sistemas de calefacci\u00f3n o aire acondicionado del veh\u00edculo,<\/strong> que pueden causar problemas que van desde lo meramente inc\u00f3modo a lo realmente peligroso.\u00a0<\/li>\n<\/ul>\n\n\n\n<p>Tambi\u00e9n pueden surgir otros problemas. Algunos veh\u00edculos tienen m\u00faltiples problemas. En algunos casos, un solo defecto desencadena una cadena de acontecimientos que provoca problemas importantes en otras piezas o sistemas del veh\u00edculo.&nbsp;<\/p>\n\n\n\n<h2 class=\"wp-block-heading\">\u00bfQu\u00e9 exige la Ley del Lim\u00f3n de California a los fabricantes de autom\u00f3viles?<\/h2>\n\n\n\n<p>Antes de que un veh\u00edculo pueda ser declarado \"lim\u00f3n\" con arreglo a la legislaci\u00f3n de California, el fabricante de autom\u00f3viles debe disponer de un \"n\u00famero razonable de intentos de reparaci\u00f3n\" para solucionar el problema del veh\u00edculo.&nbsp;<\/p>\n\n\n\n<ul class=\"wp-block-list\">\n<li><strong>Un \"n\u00famero razonable\" <\/strong>significa que usted ha presentado su veh\u00edculo al menos dos veces para su reparaci\u00f3n.  En otras palabras, usted debe proporcionar el fabricante de autom\u00f3viles al menos dos intentos de reparaci\u00f3n antes de que su situaci\u00f3n madura en una demanda de la ley del lim\u00f3n.<\/li>\n\n\n\n<li><strong>Un veh\u00edculo tambi\u00e9n puede cumplir el \"n\u00famero razonable\" <\/strong>est\u00e1ndar si permanece en un concesionario para reparaciones durante m\u00e1s de 30 d\u00edas. Estos 30 d\u00edas no tienen por qu\u00e9 producirse todos a la vez. Pueden repartirse a lo largo del tiempo, siempre que sumen m\u00e1s de 30 en total.\u00a0<\/li>\n<\/ul>\n\n\n\n<p>Si el fabricante de autom\u00f3viles alcanza el \"n\u00famero razonable\" de intentos de reparaci\u00f3n o m\u00e1s de 30 d\u00edas de tener el veh\u00edculo, y los problemas del veh\u00edculo siguen sin solucionarse, el propietario puede proceder con una reclamaci\u00f3n de la ley del lim\u00f3n.&nbsp;<\/p>\n\n\n\n<h2 class=\"wp-block-heading\">\u00bfC\u00f3mo puede ayudarme un abogado a presentar una reclamaci\u00f3n conforme a la Ley del Lim\u00f3n?\u00a0<\/h2>\n\n\n\n<p>Es f\u00e1cil sentirse derrotado cuando te enfrentas a un veh\u00edculo defectuoso. Nada de lo que haces parece funcionar. Llevas el veh\u00edculo al concesionario una y otra vez, pero parece que nunca solucionan el problema. Cuando pides ayuda para pagar las facturas, te dan largas. Desplazarse se ha convertido en un reto constante. Con todo esto encima, presentar una demanda parece lo \u00faltimo para lo que tiene tiempo, energ\u00eda o dinero.<\/p>\n\n\n\n<h3 class=\"wp-block-heading\">Indemnizaci\u00f3n por un veh\u00edculo defectuoso<\/h3>\n\n\n\n<p>Las primeras disposiciones de indemnizaci\u00f3n de la ley del lim\u00f3n se centran en el veh\u00edculo. La ley del lim\u00f3n de California permite al propietario del veh\u00edculo elegir entre un veh\u00edculo de sustituci\u00f3n y una \"<a href=\"https:\/\/www.wirtzlaw.com\/es\/que-es-el-programa-de-recompra-de-la-ley-del-limon-de-california\/\">recompra<\/a>o el reembolso del precio de compra del veh\u00edculo.\u00a0<\/p>\n\n\n\n<ul class=\"wp-block-list\">\n<li><strong>El veh\u00edculo de sustituci\u00f3n<\/strong> debe ser \"sustancialmente similar\" al veh\u00edculo defectuoso. La legislaci\u00f3n de California ofrece orientaci\u00f3n sobre lo que se considera un veh\u00edculo \"sustancialmente similar\". Los que eligen un veh\u00edculo de sustituci\u00f3n a menudo lo hacen porque confiaban en su elecci\u00f3n inicial de marca y modelo de veh\u00edculo. Simplemente quieren lo que todo conductor quiere: Un veh\u00edculo libre de defectos peligrosos.\u00a0<\/li>\n\n\n\n<li><strong>Una recompra<\/strong> puede tener sentido si ya no desea que se le asocie con el modelo de veh\u00edculo o el fabricante de autom\u00f3viles. La ley del lim\u00f3n de California ofrece un m\u00e9todo para <a href=\"https:\/\/www.wirtzlaw.com\/es\/como-un-abogado-especializado-en-la-ley-del-limon-puede-maximizar-su-acuerdo-de-recompra\/\">c\u00e1lculo del valor de una recompra<\/a>As\u00ed sabr\u00e1s si un fabricante intenta rebajarte la oferta.<\/li>\n<\/ul>\n\n\n\n<h3 class=\"wp-block-heading\">Indemnizaci\u00f3n por gastos relacionados con un veh\u00edculo defectuoso<\/h3>\n\n\n\n<p>La presentaci\u00f3n de una reclamaci\u00f3n de la ley del lim\u00f3n puede ser su mejor ruta para salir del problema actual. La ley del lim\u00f3n de California ofrece varias protecciones a los propietarios de autom\u00f3viles. Quienes redactaron la ley reconocen que un veh\u00edculo defectuoso cuesta mucho m\u00e1s que su precio de etiqueta. La compensaci\u00f3n en virtud de la reclamaci\u00f3n de la ley del lim\u00f3n busca restaurar todas sus p\u00e9rdidas, no s\u00f3lo su coche.&nbsp;<\/p>\n\n\n\n<ul class=\"wp-block-list\">\n<li><strong>Un acuerdo de recompra o sustituci\u00f3n del veh\u00edculo defectuoso. <\/strong>Pero, \u00bfqu\u00e9 hay de los dem\u00e1s gastos? Un veh\u00edculo defectuoso puede acarrear miles de d\u00f3lares en gastos adicionales. Seguir\u00e1 pagando la matriculaci\u00f3n y el seguro, aunque el veh\u00edculo no se pueda conducir. Es posible que tenga que desembolsar cientos o miles de d\u00f3lares en gastos de remolque. Los gastos de alquiler de coches, viajes compartidos, taxis o billetes de autob\u00fas tambi\u00e9n se acumulan.\u00a0<\/li>\n\n\n\n<li><strong>La ley del lim\u00f3n de California permite al propietario de un veh\u00edculo recuperar \"<a href=\"https:\/\/www.wirtzlaw.com\/es\/que-son-los-danos-incidentales-y-consecuentes-segun-la-ley-del-limon-de-california\/\">da\u00f1os incidentales y consecuentes<\/a>.\" <\/strong>Son gastos que no tendr\u00eda que afrontar si tuviera un veh\u00edculo fiable. Un abogado con experiencia puede ayudarle a determinar el importe total de estos gastos y a reclamarlos a la compa\u00f1\u00eda automovil\u00edstica.\u00a0<\/li>\n<\/ul>\n\n\n\n<p>Hable con un abogado de la ley del lim\u00f3n de primera categor\u00eda con experiencia en reclamaciones de la ley del lim\u00f3n de Lake County. Un abogado de Wirtz Law puede ayudarle a sopesar los pros y los contras de cada opci\u00f3n.&nbsp;<\/p>\n\n\n\n<h3 class=\"wp-block-heading\">Indemnizaci\u00f3n por honorarios de abogado en un caso de la Ley del Lim\u00f3n<\/h3>\n\n\n\n<p>Despu\u00e9s de comprar un coche s\u00f3lo para tener ese coche drenar su bolsillo, la contrataci\u00f3n de un abogado puede sentirse totalmente fuera de su presupuesto familiar. Conscientes de ello, los legisladores decidieron a\u00f1adir una disposici\u00f3n sobre los honorarios del abogado a la ley del lim\u00f3n de California. Los honorarios de los abogados que ganan la demanda son pagados por el fabricante, no de su propio bolsillo.&nbsp;<\/p>\n\n\n\n<p>Los fabricantes de autom\u00f3viles contratan abogados cuyo \u00fanico trabajo es reducir al m\u00ednimo la cantidad que la empresa tiene que pagar por las reclamaciones de la ley del lim\u00f3n. Estos abogados se defender\u00e1n con todas las herramientas legales que tengan, ofrecer\u00e1n acuerdos a la baja, y tomar\u00e1n cualquier otra medida necesaria para asegurarse de que usted reciba lo menos posible.&nbsp;<\/p>\n\n\n\n<p>Cuando usted contrata a un bufete de abogados especializado en casos de lim\u00f3n Lake County, usted nivela el campo de juego. Usted gana un aliado que sabe c\u00f3mo las compa\u00f1\u00edas de autom\u00f3viles y sus abogados luchan - y que se defiende para usted.&nbsp;<\/p>\n\n\n\n<h2 class=\"wp-block-heading\">\u00a1P\u00f3ngase en contacto con nuestro lago County CA Ley del Lim\u00f3n Abogados en Wirtz Law APC Hoy!<\/h2>\n\n\n\n<p>Enfrentarse a un veh\u00edculo defectuoso nunca es agradable. A veces, puede ser aterrador. Los defectos que amenazan su salud o seguridad pueden ser peligrosos, y todos los defectos merecen una pronta reparaci\u00f3n y atenci\u00f3n.&nbsp;<\/p>\n\n\n\n<p>Si usted ha tratado de conseguir su veh\u00edculo fijo s\u00f3lo para hacer frente a problemas en curso, hablar con un abogado con experiencia en la ley de lim\u00f3n en Lake County, California, hoy. <a href=\"https:\/\/www.wirtzlaw.com\/es\/contactar-con\/\">P\u00f3ngase en contacto con el equipo de Wirtz Law APC<\/a> para una consulta gratuita y sin compromiso.\u00a0<\/p>\n\n\n\n<p>Estamos orgullosos de servir a nuestros <a href=\"https:\/\/www.wirtzlaw.com\/es\/zonas-que-atendemos-3\/\">Comunidades del norte de California<\/a> como <a href=\"https:\/\/www.wirtzlaw.com\/es\/areas-de-practica\/abogados-de-la-ley-del-limon\/redding-abogados-de-la-ley-de-limon\/\">Redding<\/a>, Trinity County, Anderson, Weed, y <a href=\"https:\/\/www.wirtzlaw.com\/es\/areas-de-practica\/abogados-de-la-ley-del-limon\/eureka-abogados-de-la-ley-de-limon\/\">Eureka<\/a>. Aunque nuestro <a href=\"https:\/\/maps.app.goo.gl\/7Zrh6zLfHQ3Cy3tb7\" target=\"_blank\" rel=\"noreferrer noopener\">La sede se encuentra en La Jolla, San Diego<\/a>En la actualidad, somos capaces de servir a los consumidores en todo el Golden State. Hemos ayudado y seguimos ayudando a clientes en <a href=\"https:\/\/www.wirtzlaw.com\/es\/zonas-que-atendemos-4\/\">California Central<\/a> y <a href=\"https:\/\/www.wirtzlaw.com\/es\/zonas-que-atendemos\/\">Sur de California<\/a>.<\/p>","protected":false},"excerpt":{"rendered":"<p>\u00bfTiene un veh\u00edculo poco fiable en Lake County? Nuestros abogados de la Ley del Lim\u00f3n pueden ayudar Lake County, California, ofrece un microcosmos de la impresionante belleza natural de California, combinado con la vida de pueblo peque\u00f1o y f\u00e1cil acceso a varias ciudades importantes, incluyendo San Francisco y Sacramento. No hay dos pueblos en Lake County iguales, sin embargo, todos ofrecen...<\/p>","protected":false},"author":12,"featured_media":7767,"parent":2523,"menu_order":0,"comment_status":"closed","ping_status":"closed","template":"","meta":{"_acf_changed":false,"footnotes":""},"class_list":["post-7764","page","type-page","status-publish","has-post-thumbnail","hentry"],"acf":[],"_links":{"self":[{"href":"https:\/\/www.wirtzlaw.com\/es\/wp-json\/wp\/v2\/pages\/7764","targetHints":{"allow":["GET"]}}],"collection":[{"href":"https:\/\/www.wirtzlaw.com\/es\/wp-json\/wp\/v2\/pages"}],"about":[{"href":"https:\/\/www.wirtzlaw.com\/es\/wp-json\/wp\/v2\/types\/page"}],"author":[{"embeddable":true,"href":"https:\/\/www.wirtzlaw.com\/es\/wp-json\/wp\/v2\/users\/12"}],"replies":[{"embeddable":true,"href":"https:\/\/www.wirtzlaw.com\/es\/wp-json\/wp\/v2\/comments?post=7764"}],"version-history":[{"count":3,"href":"https:\/\/www.wirtzlaw.com\/es\/wp-json\/wp\/v2\/pages\/7764\/revisions"}],"predecessor-version":[{"id":7769,"href":"https:\/\/www.wirtzlaw.com\/es\/wp-json\/wp\/v2\/pages\/7764\/revisions\/7769"}],"up":[{"embeddable":true,"href":"https:\/\/www.wirtzlaw.com\/es\/wp-json\/wp\/v2\/pages\/2523"}],"wp:featuredmedia":[{"embeddable":true,"href":"https:\/\/www.wirtzlaw.com\/es\/wp-json\/wp\/v2\/media\/7767"}],"wp:attachment":[{"href":"https:\/\/www.wirtzlaw.com\/es\/wp-json\/wp\/v2\/media?parent=7764"}],"curies":[{"name":"wp","href":"https:\/\/api.w.org\/{rel}","templated":true}]}}