{"id":7532,"date":"2025-09-23T18:34:21","date_gmt":"2025-09-23T22:34:21","guid":{"rendered":"https:\/\/www.wirtzlaw.com\/?page_id=7532"},"modified":"2025-09-23T18:34:23","modified_gmt":"2025-09-23T22:34:23","slug":"abogados-de-la-ley-del-limon-del-condado-de-butte","status":"publish","type":"page","link":"https:\/\/www.wirtzlaw.com\/es\/practice-areas\/lemon-law-attorneys\/butte-county-lemon-law-attorneys\/","title":{"rendered":"Butte County Ley del Lim\u00f3n"},"content":{"rendered":"<h2 class=\"wp-block-heading\"><em>Abogados con experiencia ayudan a los propietarios de veh\u00edculos defectuosos a obtener la indemnizaci\u00f3n justa y completa que merecen.<\/em><\/h2>\n\n\n\n<p>En 2020, Butte County era el hogar de m\u00e1s de 210.000 californianos. Como sede de la Universidad Estatal de California y el \u00e1rea metropolitana de Chico, Butte es el hogar de muchos que dependen de sus veh\u00edculos para viajar por trabajo, escuela y juego.&nbsp;<\/p>\n\n\n\n<p>Cuando compra o alquila un veh\u00edculo, no espera la perfecci\u00f3n. Sin embargo, s\u00ed espera un medio de transporte seguro y fiable. Cuando un veh\u00edculo se aver\u00eda repetidamente o sus defectos amenazan su seguridad o el valor del veh\u00edculo, puede tener opciones bajo la ley del lim\u00f3n de California. Un <a href=\"https:\/\/www.wirtzlaw.com\/es\/\">abogado con experiencia en la ley del lim\u00f3n Butte County<\/a> puede ayudar.\u00a0<\/p>\n\n\n\n<h2 class=\"wp-block-heading\">\u00bfQu\u00e9 es un veh\u00edculo \"Lim\u00f3n\"?<\/h2>\n\n\n\n<p>Cualquier veh\u00edculo puede experimentar alg\u00fan problema ocasional. Un veh\u00edculo se convierte en un \"lim\u00f3n\" cuando estos problemas persisten a pesar de los m\u00faltiples intentos de repararlos. El propietario lleva el veh\u00edculo al concesionario una y otra vez, pero el problema persiste.&nbsp;<\/p>\n\n\n\n<p><a href=\"https:\/\/leginfo.legislature.ca.gov\/faces\/codes_displayText.xhtml?lawCode=CIV&amp;division=3.&amp;title=1.7.&amp;part=4.&amp;chapter=1.&amp;article=3.\" target=\"_blank\" rel=\"noreferrer noopener\">Ley Song-Beverly de California sobre garant\u00edas de los consumidores<\/a>conocida como \"ley del lim\u00f3n\", protege a los consumidores cuando un veh\u00edculo tiene tantos defectos que el fabricante no puede repararlo tras un n\u00famero razonable de intentos. Los problemas deben afectar sustancialmente a la seguridad, la facilidad de uso o el valor del veh\u00edculo.\u00a0<\/p>\n\n\n\n<h2 class=\"wp-block-heading\">Elementos clave de la Ley del Lim\u00f3n de California<\/h2>\n\n\n\n<p>\u00bfPuede acogerse a la ley del lim\u00f3n? La respuesta no siempre es f\u00e1cil de determinar. La ley del lim\u00f3n de California exige que se den varios factores antes de que el propietario de un veh\u00edculo pueda recibir una indemnizaci\u00f3n por el veh\u00edculo defectuoso.&nbsp;<\/p>\n\n\n\n<h3 class=\"wp-block-heading\">Admisibilidad<\/h3>\n\n\n\n<p>Normalmente, la ley del lim\u00f3n de California s\u00f3lo cubre los veh\u00edculos:<\/p>\n\n\n\n<ul class=\"wp-block-list\">\n<li>Comprado o alquilado al por menor,<\/li>\n\n\n\n<li>Comprado o alquilado en California,<\/li>\n\n\n\n<li>Para uso personal, familiar o dom\u00e9stico.\u00a0<\/li>\n<\/ul>\n\n\n\n<p>No obstante, se aplican algunas excepciones. Por ejemplo, un militar en servicio activo que preste servicio en California puede presentar una reclamaci\u00f3n conforme a la ley del lim\u00f3n aunque haya comprado o alquilado su veh\u00edculo en otro estado. Tambi\u00e9n, <a href=\"https:\/\/www.wirtzlaw.com\/es\/areas-de-practica\/abogados-de-la-ley-del-limon\/abogado-de-la-ley-del-limon-de-san-diego\/se-aplica-la-ley-del-limon-de-california-a-los-vehiculos-de-empresa-en-san-diego\/\">algunas peque\u00f1as empresas tambi\u00e9n pueden presentar una reclamaci\u00f3n al amparo de la ley del lim\u00f3n<\/a> si uno de sus veh\u00edculos comerciales resulta defectuoso.\u00a0<\/p>\n\n\n\n<h3 class=\"wp-block-heading\">Deber del fabricante<\/h3>\n\n\n\n<p>La ley del lim\u00f3n impone un deber afirmativo a los fabricantes. En primer lugar, el fabricante debe hacer un n\u00famero razonable de intentos para reparar el veh\u00edculo. Si el fabricante no puede reparar el veh\u00edculo, debe reembolsar el precio de compra o sustituir el veh\u00edculo por otro \"sustancialmente similar\". El propietario del veh\u00edculo puede elegir entre el reembolso o la sustituci\u00f3n.&nbsp;<\/p>\n\n\n\n<h3 class=\"wp-block-heading\">Defecto<\/h3>\n\n\n\n<p>Ning\u00fan veh\u00edculo es perfecto. F\u00edjese bien y podr\u00e1 encontrar ligeros ara\u00f1azos, trozos de molduras que no encajan o alguna puntada suelta en la tapicer\u00eda.&nbsp;<\/p>\n\n\n\n<p>Estos problemas no afectan sustancialmente al uso, la seguridad o el valor del veh\u00edculo, por lo que la mayor\u00eda de los conductores no se preocupan por ellos. Cuando un problema afecta a su capacidad para utilizar el veh\u00edculo de forma segura o a su valor, se eleva al nivel de \"defecto\" seg\u00fan la ley del lim\u00f3n.\u00a0<\/p>\n\n\n\n<p>Entre los defectos m\u00e1s comunes se incluyen problemas de frenos, direcci\u00f3n, calado del motor, bater\u00eda y ordenadores. Los veh\u00edculos modernos tienen docenas de sistemas y cientos de piezas. Los fallos cr\u00edticos en cualquiera de ellos pueden poner en peligro tu seguridad y entrar en el \u00e1mbito de protecci\u00f3n de la ley del lim\u00f3n.&nbsp;<\/p>\n\n\n\n<h3 class=\"wp-block-heading\">Intentos razonables de reparaci\u00f3n<\/h3>\n\n\n\n<p>Cada a\u00f1o se retiran millones de veh\u00edculos en Estados Unidos. Una llamada a revisi\u00f3n tiene por objeto corregir un defecto del veh\u00edculo. Muchos de estos defectos afectan al uso, la seguridad o el valor del veh\u00edculo. Sin embargo, cada a\u00f1o millones de demandas no llegan a los tribunales estadounidenses.&nbsp;<\/p>\n\n\n\n<p>En California, la mera existencia de un defecto no basta para activar la protecci\u00f3n de la ley del lim\u00f3n. El defecto debe ser persistente. Los tribunales miden la persistencia de un defecto preguntando si el fabricante hizo un \"n\u00famero razonable\" de intentos para solucionar el problema sin \u00e9xito.&nbsp;<\/p>\n\n\n\n<p>\u00bfCu\u00e1ntos intentos son \"razonables\"? Depende de la gravedad del problema, del tiempo que el veh\u00edculo lleve fuera de servicio y de otros factores. En algunos casos, el n\u00famero puede ser tan bajo como dos intentos. Un abogado experto en casos de veh\u00edculos defectuosos Butte County puede ayudarle a determinar si su veh\u00edculo cumple esta norma.&nbsp;&nbsp;<\/p>\n\n\n\n<h3 class=\"wp-block-heading\">Duraci\u00f3n<\/h3>\n\n\n\n<p>Las protecciones de la ley del lim\u00f3n se aplican mientras est\u00e9 en vigor la garant\u00eda original del fabricante o una garant\u00eda certificada de segunda mano (CPO). Por lo general, esto significa que los problemas con el veh\u00edculo deben comenzar dentro del per\u00edodo de garant\u00eda.&nbsp;<\/p>\n\n\n\n<p>Entender la letra peque\u00f1a de las garant\u00edas, as\u00ed como los otros elementos de la ley del lim\u00f3n de California, puede ser un reto. Hable con un abogado especializado en la ley del lim\u00f3n Butte County para entender sus derechos legales.&nbsp;<\/p>\n\n\n\n<h2 class=\"wp-block-heading\">Estad\u00edsticas de la Ley del Lim\u00f3n de California<\/h2>\n\n\n\n<p>En 2024, el Departamento de Veh\u00edculos Motorizados de California (DMV) inform\u00f3 de m\u00e1s de 217.000 registros de veh\u00edculos en Butte County. Estos inclu\u00edan m\u00e1s de 116.000 autom\u00f3viles, m\u00e1s de 50.000 camiones grandes, m\u00e1s de 44.000 remolques y m\u00e1s de 6.700 motocicletas.&nbsp;<\/p>\n\n\n\n<p>La mayor\u00eda de los veh\u00edculos de California nunca se convierten en objeto de una demanda de la ley del lim\u00f3n. Un estudio de demandas de lim\u00f3n entre 2018 y 2021 estim\u00f3 que solo el 0,45% de todas las matriculaciones de veh\u00edculos nuevos resultaron en una demanda de lim\u00f3n.<\/p>\n\n\n\n<p>Aunque el 0,45% parece poco, no representa el alcance total del problema. La mayor\u00eda de las demandas no llegan a juicio. En su lugar, se resuelven en negociaciones entre el fabricante de autom\u00f3viles y el propietario del veh\u00edculo. Trabajar con un <a href=\"https:\/\/www.wirtzlaw.com\/es\/areas-de-practica\/abogados-de-la-ley-del-limon\/\">abogado con experiencia en la ley del lim\u00f3n de California<\/a> puede ayudar a garantizar que su parte est\u00e9 representada equitativamente en este proceso.\u00a0<\/p>\n\n\n\n<h2 class=\"wp-block-heading\">Compensaci\u00f3n en una demanda exitosa Butte County Lemon Law<\/h2>\n\n\n\n<p>La Ley de Garant\u00eda del Consumidor Song-Beverly permite a los propietarios de veh\u00edculos defectuosos recuperar varios tipos diferentes de da\u00f1os en una reclamaci\u00f3n de la ley del lim\u00f3n. Muchos casos incluyen la indemnizaci\u00f3n por el veh\u00edculo defectuoso, los gastos relacionados y los honorarios del abogado. En algunos casos, los tribunales tambi\u00e9n imponen sanciones civiles al fabricante de autom\u00f3viles.<\/p>\n\n\n\n<p>No hay dos veh\u00edculos iguales, y no hay dos casos de la ley del lim\u00f3n que sean id\u00e9nticos. Hable con un abogado sobre su situaci\u00f3n espec\u00edfica.&nbsp;<\/p>\n\n\n\n<h3 class=\"wp-block-heading\">Veh\u00edculo de recompra o sustituci\u00f3n<\/h3>\n\n\n\n<p>La ley del lim\u00f3n de California obliga a los fabricantes de autom\u00f3viles a proporcionar un veh\u00edculo de sustituci\u00f3n o a devolver el dinero. La elecci\u00f3n depende del propietario del veh\u00edculo.&nbsp;<\/p>\n\n\n\n<p>Un reembolso, tambi\u00e9n conocido como recompra o \"<a href=\"https:\/\/www.wirtzlaw.com\/es\/que-es-el-programa-de-recompra-de-la-ley-del-limon-de-california\/\">recompra<\/a>le compensa por los pagos iniciales, las mensualidades, el impuesto de venta y la financiaci\u00f3n. El fabricante de autom\u00f3viles puede restar el valor de cualquier uso que hayas hecho del veh\u00edculo antes de que empezaran los problemas bas\u00e1ndose en una f\u00f3rmula legal. Este uso se calcula en funci\u00f3n del kilometraje del veh\u00edculo comparado con 120.000 millas. Si usted tiene un pr\u00e9stamo, el fabricante de autom\u00f3viles debe pagarlo como parte de la recompra.\u00a0<\/p>\n\n\n\n<p>Tambi\u00e9n puede optar por sustituir el veh\u00edculo. El fabricante debe proporcionarle un veh\u00edculo \"sustancialmente id\u00e9ntico\" al defectuoso. Muchas personas optan por la sustituci\u00f3n porque resuelve el problema: les da un veh\u00edculo seguro y fiable. Sin embargo, si no se siente c\u00f3modo aceptando un veh\u00edculo similar, una recompra puede ser una mejor opci\u00f3n para usted. A <a href=\"https:\/\/www.wirtzlaw.com\/es\/areas-de-practica\/abogados-de-la-ley-del-limon\/abogado-de-la-ley-del-limon-de-san-diego\/abogado-de-coches-defectuosos\/\">Butte County abogado veh\u00edculo defectuoso<\/a> puede ayudarle a sopesar sus opciones.\u00a0<\/p>\n\n\n\n<h3 class=\"wp-block-heading\">Da\u00f1os incidentales y consecuentes<\/h3>\n\n\n\n<p>Para muchos californianos, el coste de un veh\u00edculo defectuoso va m\u00e1s all\u00e1 del propio veh\u00edculo. En el momento de buscar ayuda legal, puede haber acumulado miles de d\u00f3lares en gastos de remolque. Los costes de un coche de alquiler, pases de autob\u00fas, viajes en Uber o Lyft, o tarifa de taxi. Si su coche necesita reparaciones no cubiertas por la garant\u00eda, es posible que tambi\u00e9n tenga que pagar de su bolsillo.&nbsp;<\/p>\n\n\n\n<p>Seg\u00fan la Ley del lim\u00f3n, estos costes se denominan \"<a href=\"https:\/\/www.wirtzlaw.com\/es\/que-son-los-danos-incidentales-y-consecuentes-segun-la-ley-del-limon-de-california\/\">da\u00f1os incidentales y consecuentes<\/a>.\" Son costes que usted no habr\u00eda pagado si su veh\u00edculo hubiera circulado con seguridad. Tambi\u00e9n puede reclamar una indemnizaci\u00f3n por ellos.\u00a0<\/p>\n\n\n\n<p>Para proteger tu derecho a esta indemnizaci\u00f3n, guarda toda la documentaci\u00f3n relacionada con los gastos de tu veh\u00edculo: facturas de gr\u00faa, gastos de alquiler de coche, etc. Esta documentaci\u00f3n puede ayudarte a determinar lo que se te debe por estos gastos. Esta documentaci\u00f3n puede ayudarte a determinar lo que se te debe por estos gastos.&nbsp;<\/p>\n\n\n\n<h3 class=\"wp-block-heading\">Honorarios del abogado<\/h3>\n\n\n\n<p>Contratar a un abogado puede resultar caro. Para muchas familias, el miedo a las grandes facturas de un bufete de abogados les hace dudar a la hora de trabajar con un abogado. Es posible que traten de gestionar su propia reclamaci\u00f3n de la ley del lim\u00f3n o, peor a\u00fan, que no busquen compensaci\u00f3n alguna.&nbsp;<\/p>\n\n\n\n<p>Las personas que no recurren a un abogado en una reclamaci\u00f3n de la ley del lim\u00f3n se encuentran en gran desventaja. Los fabricantes de autom\u00f3viles cuentan con departamentos jur\u00eddicos dotados de abogados especializados en proteger a la empresa automovil\u00edstica a costa de usted.<\/p>\n\n\n\n<p>La ley del lim\u00f3n de California nivela el terreno de juego. Requiere que un fabricante de autom\u00f3viles pague los honorarios del abogado del propietario de un veh\u00edculo si el propietario del veh\u00edculo gana. Este requisito significa que usted puede contratar a un abogado de lim\u00f3n Butte County con experiencia para luchar por usted, mientras que <a href=\"https:\/\/www.wirtzlaw.com\/es\/areas-de-practica\/abogados-de-la-ley-del-limon\/abogado-de-la-ley-del-limon-de-san-diego\/cuanto-cuesta-un-abogado-de-la-ley-del-limon-de-san-diego\/\">pagar poco o nada de su bolsillo<\/a>.\u00a0<\/p>\n\n\n\n<h3 class=\"wp-block-heading\">Sanciones civiles<\/h3>\n\n\n\n<p>Cuando un fabricante de autom\u00f3viles infringe deliberadamente la ley, un tribunal de California puede imponer <a href=\"https:\/\/www.wirtzlaw.com\/es\/areas-de-practica\/abogados-de-la-ley-del-limon\/abogado-de-la-ley-del-limon-de-san-diego\/sancion-civil-de-la-ley-del-limon\/\">sanciones civiles<\/a>. Estas sanciones pueden llegar a duplicar la indemnizaci\u00f3n por da\u00f1os y perjuicios. Usted recibe este dinero como indemnizaci\u00f3n junto con sus da\u00f1os reales.\u00a0<\/p>\n\n\n\n<p>No todos los casos de la ley del lim\u00f3n implican sanciones civiles. Sin embargo, es aconsejable hablar con un abogado de lim\u00f3n en Butte County para saber si su caso justifica la b\u00fasqueda de sanciones civiles.&nbsp;<\/p>\n\n\n\n<h2 class=\"wp-block-heading\">P\u00f3ngase en contacto con nuestros abogados con experiencia Butte County Ley del Lim\u00f3n en Wirtz Law APC Hoy<\/h2>\n\n\n\n<p>Usted compr\u00f3 o alquil\u00f3 su coche esperando un medio de transporte seguro y fiable. Es posible que esperara con impaciencia su nuevo veh\u00edculo, lo comprara con cuidado, sopesara sus opciones y tomara su decisi\u00f3n con confianza, s\u00f3lo para enfrentarse a la incertidumbre, la frustraci\u00f3n y el riesgo continuos.\u00a0<\/p>\n\n\n\n<p>No luche solo por una indemnizaci\u00f3n. Trabaje con un abogado con experiencia en la ley del lim\u00f3n Butte County hoy. El <a href=\"https:\/\/www.wirtzlaw.com\/es\/equipo\/\">equipo en Wirtz Law APC<\/a> puede ayudarle a obtener una indemnizaci\u00f3n completa y justa por un veh\u00edculo defectuoso.<\/p>\n\n\n\n<p>Estamos orgullosos de servir a todos los vecinos del condado de Butte, pero tenemos a\u00f1os de experiencia sirviendo a <a href=\"https:\/\/www.wirtzlaw.com\/es\/zonas-que-atendemos\/\">consumidores de California<\/a>. Entendemos que cada regi\u00f3n y condado tiene sus matices espec\u00edficos. Aunque cada tribunal maneja las reclamaciones de forma ligeramente diferente, no se preocupe. Tenemos el conocimiento y los recursos para manejar su demanda de la ley del lim\u00f3n. <a href=\"https:\/\/www.wirtzlaw.com\/es\/contactar-con\/\">Contacto con nosotros<\/a> hoy mismo para descubrir sus opciones y obtener la indemnizaci\u00f3n que merece.<\/p>","protected":false},"excerpt":{"rendered":"<p>Abogados Experimentados Ayudan a los Propietarios de Veh\u00edculos Lim\u00f3n a Obtener la Compensaci\u00f3n Completa y Justa que Merecen A partir de 2020, Butte County fue el hogar de m\u00e1s de 210,000 californianos. Como sede de la Universidad Estatal de California y el \u00e1rea metropolitana de Chico, Butte es el hogar de muchos que dependen de sus veh\u00edculos para viajar por trabajo, escuela y juego.  Cuando...<\/p>","protected":false},"author":12,"featured_media":7537,"parent":2523,"menu_order":0,"comment_status":"closed","ping_status":"closed","template":"","meta":{"_acf_changed":false,"footnotes":""},"class_list":["post-7532","page","type-page","status-publish","has-post-thumbnail","hentry"],"acf":[],"_links":{"self":[{"href":"https:\/\/www.wirtzlaw.com\/es\/wp-json\/wp\/v2\/pages\/7532","targetHints":{"allow":["GET"]}}],"collection":[{"href":"https:\/\/www.wirtzlaw.com\/es\/wp-json\/wp\/v2\/pages"}],"about":[{"href":"https:\/\/www.wirtzlaw.com\/es\/wp-json\/wp\/v2\/types\/page"}],"author":[{"embeddable":true,"href":"https:\/\/www.wirtzlaw.com\/es\/wp-json\/wp\/v2\/users\/12"}],"replies":[{"embeddable":true,"href":"https:\/\/www.wirtzlaw.com\/es\/wp-json\/wp\/v2\/comments?post=7532"}],"version-history":[{"count":7,"href":"https:\/\/www.wirtzlaw.com\/es\/wp-json\/wp\/v2\/pages\/7532\/revisions"}],"predecessor-version":[{"id":7712,"href":"https:\/\/www.wirtzlaw.com\/es\/wp-json\/wp\/v2\/pages\/7532\/revisions\/7712"}],"up":[{"embeddable":true,"href":"https:\/\/www.wirtzlaw.com\/es\/wp-json\/wp\/v2\/pages\/2523"}],"wp:featuredmedia":[{"embeddable":true,"href":"https:\/\/www.wirtzlaw.com\/es\/wp-json\/wp\/v2\/media\/7537"}],"wp:attachment":[{"href":"https:\/\/www.wirtzlaw.com\/es\/wp-json\/wp\/v2\/media?parent=7532"}],"curies":[{"name":"wp","href":"https:\/\/api.w.org\/{rel}","templated":true}]}}