{"id":7524,"date":"2025-09-23T18:05:36","date_gmt":"2025-09-23T22:05:36","guid":{"rendered":"https:\/\/www.wirtzlaw.com\/?page_id=7524"},"modified":"2025-09-23T18:05:37","modified_gmt":"2025-09-23T22:05:37","slug":"es-mi-acura-un-limon","status":"publish","type":"page","link":"https:\/\/www.wirtzlaw.com\/es\/practice-areas\/lemon-law-attorneys\/acura-lemon-law-attorneys\/is-my-acura-a-lemon\/","title":{"rendered":"\u00bfEs mi Acura un lim\u00f3n?"},"content":{"rendered":"\n<p><a href=\"https:\/\/www.wirtzlaw.com\/practice-areas\/lemon-law-attorneys\/acura-lemon-law-attorneys\/\">Acura<\/a> is Honda\u2019s luxury and performance vehicle line. Launched in 1986, Acura vehicles have become popular in North America, especially in the United States. Acura was the first luxury vehicle line ever offered by a Japanese automaker.<br><br>Today, many people buy or lease an Acura because they trust the brand\u2019s reputation for performance, luxury, and safety. Acura\u2019s long history has not prevented these vehicles from experiencing substantial defects.\u00a0<\/p>\n\n\n\n<p>If your Acura has problems that substantially impair its use, safety, or value, you may have a lemon law claim. To learn more, speak to an <a href=\"https:\/\/www.wirtzlaw.com\/practice-areas\/lemon-law-attorneys\/\">experienced California lemon law attorney<\/a>. Get started today by filling out our <a href=\"https:\/\/www.wirtzlaw.com\/contact\/#:~:text=Get%20a%20Free%20Consultation%20With%20a%20California%20Lemon%20Law%20Attorney%20at%20Wirtz%20Law\">online form<\/a>.\u00a0<\/p>\n\n\n\n<h2 class=\"wp-block-heading\">5 Common Problems With Acura Vehicles That Might Mean You Have a Lemon<\/h2>\n\n\n\n<p>The National Highway Traffic Safety Administration (NHTSA) lists several open recalls for Acura vehicles over the previous twenty model years. Issues with recent model years include:<\/p>\n\n\n\n<ol class=\"wp-block-list\">\n<li><strong>Steering gear box damage. <\/strong>An <a href=\"https:\/\/www.nhtsa.gov\/?nhtsaId=24V744000\" target=\"_blank\" rel=\"noreferrer noopener\">October 2024 recall affects several 2023-2025 model year Acura Integra and Integra Type S vehicles<\/a>. In some vehicles, the steering gearbox assembly was manufactured incorrectly. Over time, wear on the parts can result in trouble steering the vehicle, increasing the risk of a crash.\u00a0<\/li>\n\n\n\n<li><strong>Rearview camera image problems. <\/strong>In January 2025, <a href=\"https:\/\/www.nhtsa.gov\/?nhtsaId=25V032000\" target=\"_blank\" rel=\"noreferrer noopener\">Acura recalled several 2025 model year Acura MDX vehicles<\/a>. The center console touchscreen can go blank, failing to display the rear view camera image. Without a clear view behind the vehicle, drivers may back into a person or structure, causing injuries.<\/li>\n\n\n\n<li><strong>Engine stalling. <\/strong>In January 2025, nearly 300,000 <a href=\"https:\/\/www.nhtsa.gov\/?nhtsaId=25V031000\" target=\"_blank\" rel=\"noreferrer noopener\">2022-2025 model year Acura MDX Type-S and 2021-2025 Acura TLX Type-S vehicles were recalled<\/a>. Engine stalls or loss of power could occur due to a software error in the vehicle\u2019s fuel injection electronic control unit. A stalled engine or loss of power while driving can increase the risk of a vehicle crash, resulting in serious injuries.\u00a0<\/li>\n\n\n\n<li><strong>Failure to restart. <\/strong>In March 2025, the <a href=\"https:\/\/www.nhtsa.gov\/?nhtsaId=EA25004\" target=\"_blank\" rel=\"noreferrer noopener\">NHTSA announced an investigation<\/a> into an issue with the 2015-2020 Acura TLX and 2016-2020 Acura MDX. Several reports described issues with these Acura vehicles failing to start again after the vehicle\u2019s auto-stop feature engaged. The investigation included a proposed solution from Honda. No official recall has yet been released.\u00a0<\/li>\n\n\n\n<li><strong>Steering, power train, brakes, and electrical systems. <\/strong>To date, the NHTSA has received three complaints from owners of 2025 Acura RDX vehicles. These complaints include:<\/li>\n<\/ol>\n\n\n\n<ul class=\"wp-block-list\">\n<li>Multiple cases in which a <a href=\"https:\/\/www.nhtsa.gov\/?nhtsaId=11658740\" target=\"_blank\" rel=\"noreferrer noopener\">vehicle\u2019s power steering system failed<\/a> while driving, making the vehicle extremely difficult to steer.\u00a0<\/li>\n\n\n\n<li>Problems in which the <a href=\"https:\/\/www.nhtsa.gov\/?nhtsaId=11658791\" target=\"_blank\" rel=\"noreferrer noopener\">steering wheel locked completely<\/a>, preventing the driver from turning the wheel or steering the vehicle at all. The issue affected the steering, power train, and braking systems.<\/li>\n\n\n\n<li>One driver described navigating a curve when the steering and brakes locked up. The <a href=\"https:\/\/www.nhtsa.gov\/?nhtsaId=11656403\" target=\"_blank\" rel=\"noreferrer noopener\">complaint<\/a> describes the driver \u201cend[ing] up in a ditch\u201d as a result.\u00a0<\/li>\n<\/ul>\n\n\n\n<p>Other vehicle issues can also occur, even if no recall is issued. If you\u2019re dealing with issues with your Acura, it\u2019s important to get your vehicle serviced promptly. Speak to an experienced attorney if the issues persist.&nbsp;<\/p>\n\n\n\n<h2 class=\"wp-block-heading\">How Does California Lemon Law Protect Me If My Acura is Deemed a Lemon?<\/h2>\n\n\n\n<p>To receive lemon law protection, Acura owners or lessees must first give the automaker opportunities to repair the vehicle. Typically, Acura drivers do this by taking their vehicle to a dealership for service. Lemon law may apply if the automaker cannot fix the problem within a \u201creasonable number\u201d of repair attempts, which may be as few as two repair attempts.&nbsp;<\/p>\n\n\n\n<p>If your car is a lemon, California lemon law requires the automaker to provide a <a href=\"https:\/\/www.wirtzlaw.com\/what-is-the-california-lemon-law-buyback-program\/\">buyback<\/a> or a \u201csubstantially similar\u201d replacement vehicle. The automaker may also be required to cover out-of-pocket costs like towing fees and your reasonable attorney\u2019s fees.\u00a0<\/p>\n\n\n\n<p>If you are fed up, have had enough, and think your car is a lemon, call us at <a href=\"tel:1-858-259-5009\">(858) 259-5009<\/a> for a free evaluation. If your vehicle is a lemon, we will take your case at no charge to you on a contingency fee basis. <a href=\"https:\/\/www.wirtzlaw.com\/\">Wirtz Law APC<\/a> provides one of the <a href=\"https:\/\/www.wirtzlaw.com\/practice-areas\/lemon-law-attorneys\/oceanside-lemon-law-attorneys\/\">best Oceanside Lemon Law attorney services<\/a> in <a href=\"https:\/\/www.wirtzlaw.com\/areas-we-serve\/\">Southern California<\/a>, <a href=\"https:\/\/www.wirtzlaw.com\/northern-california-areas-we-serve\/\">Northern California<\/a>, <a href=\"https:\/\/www.wirtzlaw.com\/central-california-areas-we-serve\/\">Central California<\/a>, and <a href=\"https:\/\/www.wirtzlaw.com\/practice-areas\/lemon-law-attorneys\/riverside-lemon-law-attorney\/\">Eastern California<\/a>.<\/p>\n","protected":false},"excerpt":{"rendered":"<p>Acura es la l\u00ednea de veh\u00edculos de lujo y prestaciones de Honda. Lanzada en 1986, los veh\u00edculos Acura se han hecho populares en Norteam\u00e9rica, especialmente en Estados Unidos. Acura fue la primera l\u00ednea de veh\u00edculos de lujo ofrecida por un fabricante de autom\u00f3viles japon\u00e9s. Hoy en d\u00eda, muchas personas compran o alquilan un Acura porque conf\u00edan en la reputaci\u00f3n de la marca en cuanto a rendimiento, lujo y...<\/p>","protected":false},"author":12,"featured_media":7529,"parent":2532,"menu_order":0,"comment_status":"closed","ping_status":"closed","template":"","meta":{"_acf_changed":false,"footnotes":""},"class_list":["post-7524","page","type-page","status-publish","has-post-thumbnail","hentry"],"acf":[],"_links":{"self":[{"href":"https:\/\/www.wirtzlaw.com\/es\/wp-json\/wp\/v2\/pages\/7524","targetHints":{"allow":["GET"]}}],"collection":[{"href":"https:\/\/www.wirtzlaw.com\/es\/wp-json\/wp\/v2\/pages"}],"about":[{"href":"https:\/\/www.wirtzlaw.com\/es\/wp-json\/wp\/v2\/types\/page"}],"author":[{"embeddable":true,"href":"https:\/\/www.wirtzlaw.com\/es\/wp-json\/wp\/v2\/users\/12"}],"replies":[{"embeddable":true,"href":"https:\/\/www.wirtzlaw.com\/es\/wp-json\/wp\/v2\/comments?post=7524"}],"version-history":[{"count":7,"href":"https:\/\/www.wirtzlaw.com\/es\/wp-json\/wp\/v2\/pages\/7524\/revisions"}],"predecessor-version":[{"id":7631,"href":"https:\/\/www.wirtzlaw.com\/es\/wp-json\/wp\/v2\/pages\/7524\/revisions\/7631"}],"up":[{"embeddable":true,"href":"https:\/\/www.wirtzlaw.com\/es\/wp-json\/wp\/v2\/pages\/2532"}],"wp:featuredmedia":[{"embeddable":true,"href":"https:\/\/www.wirtzlaw.com\/es\/wp-json\/wp\/v2\/media\/7529"}],"wp:attachment":[{"href":"https:\/\/www.wirtzlaw.com\/es\/wp-json\/wp\/v2\/media?parent=7524"}],"curies":[{"name":"wp","href":"https:\/\/api.w.org\/{rel}","templated":true}]}}