{"id":7341,"date":"2025-07-15T22:53:51","date_gmt":"2025-07-16T02:53:51","guid":{"rendered":"https:\/\/www.wirtzlaw.com\/?page_id=7341"},"modified":"2025-07-16T12:44:03","modified_gmt":"2025-07-16T16:44:03","slug":"tipos-de-documentacion-utilizados-en-los-casos-de-la-ley-del-limon-de-los-angeles","status":"publish","type":"page","link":"https:\/\/www.wirtzlaw.com\/es\/practice-areas\/lemon-law-attorneys\/los-angeles-lemon-law-attorneys\/types-of-documentation-used-in-los-angeles-lemon-law-cases\/","title":{"rendered":"Tipos de documentaci\u00f3n utilizada en los casos de la Ley del Lim\u00f3n Los Angeles"},"content":{"rendered":"<p>Presentaci\u00f3n de una <a href=\"https:\/\/www.wirtzlaw.com\/es\/areas-de-practica\/abogados-de-la-ley-del-limon\/los-angeles-lemon-law-abogados\/\">reclamaci\u00f3n de la ley del lim\u00f3n en Los Angeles<\/a> requiere una s\u00f3lida documentaci\u00f3n para demostrar que un veh\u00edculo es defectuoso y que el fabricante no lo repar\u00f3 tras un n\u00famero razonable de intentos. Sin las pruebas adecuadas, los consumidores pueden tener dificultades para recibir una indemnizaci\u00f3n a trav\u00e9s de una recompra o sustituci\u00f3n. Reunir y organizar la documentaci\u00f3n adecuada refuerza una reclamaci\u00f3n y garantiza que <a href=\"https:\/\/www.wirtzlaw.com\/es\/fabricantes\/\">fabricantes de autom\u00f3viles<\/a> no puede impugnar casos v\u00e1lidos.<\/p>\n\n\n\n<p>En California, la Oficina de Reparaci\u00f3n de Autom\u00f3viles (BAR) recibi\u00f3 1.790 reclamaciones en abril, 1.780 en mayo y 1.530 en junio durante el periodo de informaci\u00f3n del cuarto trimestre del a\u00f1o fiscal 2023-24. Estas cifras ponen de manifiesto la frecuencia con la que los consumidores se enfrentan a problemas con sus veh\u00edculos que requieren una actuaci\u00f3n oficial. <a href=\"https:\/\/www.wirtzlaw.com\/es\/como-mantener-registros-para-su-caso-de-la-ley-del-limon-de-california\/\">Disponer de registros completos<\/a> a la hora de presentar una reclamaci\u00f3n basada en la ley del lim\u00f3n es fundamental para probar el caso y recibir la indemnizaci\u00f3n que se merece. Para garantizar que su reclamaci\u00f3n se tramita de forma correcta y eficaz, el <a href=\"https:\/\/www.wirtzlaw.com\/es\/equipo\/\">abogados en Wirtz Law APC<\/a> puede ayudarle a orientarse <a href=\"https:\/\/www.wirtzlaw.com\/es\/areas-de-practica\/abogados-de-la-ley-del-limon\/los-angeles-lemon-law-abogados\/proceso-de-la-ley-del-limon\/\">a trav\u00e9s del proceso<\/a> y lucha por tus derechos.<\/p>\n\n\n\n<h3 class=\"wp-block-heading\">Los Angeles Contratos de compra y arrendamiento de veh\u00edculos<\/h3>\n\n\n\n<p>A <a href=\"https:\/\/www.wirtzlaw.com\/es\/como-iniciar-una-reclamacion-basada-en-la-ley-del-limon\/\">comienza el caso de la ley del lim\u00f3n<\/a> con demostrar que el coche se compr\u00f3 o alquil\u00f3 con una garant\u00eda nueva en el momento de la venta. El contrato de compra o leasing es la base de la reclamaci\u00f3n, ya que detalla el fabricante, el modelo, el a\u00f1o y el inicio de la cobertura de la garant\u00eda. Tambi\u00e9n muestra el precio de venta, las condiciones de financiaci\u00f3n y cualquier acuerdo de servicio adicional aplicable.<\/p>\n\n\n\n<p>En California, en el cuarto trimestre de 2023-24 se comunicaron a la Oficina de Reparaci\u00f3n de Autom\u00f3viles 274 quejas relacionadas con la compra de veh\u00edculos y reclamaciones basadas en la ley del lim\u00f3n. Esto demuestra la frecuencia con la que los consumidores experimentan problemas con veh\u00edculos defectuosos poco despu\u00e9s de la compra. La presentaci\u00f3n de una copia clara e inalterada del contrato de compra o arrendamiento establece la propiedad y confirma la protecci\u00f3n de la garant\u00eda en el momento del defecto.<\/p>\n\n\n\n<p>Uno de los primeros documentos necesarios en una reclamaci\u00f3n basada en la ley del lim\u00f3n es un contrato de compra o arrendamiento. Este contrato puede confirmar los detalles de propiedad, el inicio de la cobertura de la garant\u00eda y las condiciones financieras del veh\u00edculo. Debe incluir:<\/p>\n\n\n\n<ul class=\"wp-block-list\">\n<li>Su nombre y direcci\u00f3n como propietario legal o arrendatario;<\/li>\n\n\n\n<li>N\u00famero de identificaci\u00f3n del veh\u00edculo (VIN) y descripci\u00f3n completa del coche;<\/li>\n\n\n\n<li>Fecha de compra o arrendamiento para establecer la elegibilidad de la garant\u00eda;&nbsp;<\/li>\n\n\n\n<li>Informaci\u00f3n sobre el distribuidor, incluidos el nombre y la ubicaci\u00f3n del vendedor; y<\/li>\n\n\n\n<li>Desglose del precio, incluidas las condiciones de financiaci\u00f3n, el valor de canje, las compras opcionales y las comisiones.<\/li>\n<\/ul>\n\n\n\n<p>Esta documentaci\u00f3n prueba que el veh\u00edculo se adquiri\u00f3 en garant\u00eda, un requisito clave para la protecci\u00f3n de la ley del lim\u00f3n. Sin este registro, los fabricantes pueden argumentar que el coche no cumple los requisitos para acogerse a la reparaci\u00f3n legal.<\/p>\n\n\n\n<h3 class=\"wp-block-heading\">Avisos de retirada de veh\u00edculos y boletines de servicio t\u00e9cnico (TSB)<\/h3>\n\n\n\n<p>Si un <a href=\"https:\/\/www.wirtzlaw.com\/es\/empresas-automovilisticas-con-mas-retiradas-del-mercado\/\">el fabricante ha retirado el producto<\/a> o Bolet\u00edn de Servicio T\u00e9cnico (TSB) relacionado con el defecto de su veh\u00edculo, incluir esta documentaci\u00f3n en su reclamaci\u00f3n de la ley del lim\u00f3n puede ayudar a su abogado a reforzar su caso. Un aviso de retirada confirma que el fabricante reconoce un problema, mientras que un TSB indica que los concesionarios son conscientes de los problemas mec\u00e1nicos recurrentes.<\/p>\n\n\n\n<p>Aunque el defecto de su veh\u00edculo no forme parte de una llamada a revisi\u00f3n oficial, una TSB que haga referencia a problemas similares demuestra que el problema est\u00e1 muy extendido y no es un incidente aislado. Esta documentaci\u00f3n puede ayudar a contrarrestar las afirmaciones del fabricante de que el defecto de su veh\u00edculo es poco com\u00fan o causado por un mal uso, aumentando las posibilidades de \u00e9xito de la reclamaci\u00f3n.<\/p>\n\n\n\n<h3 class=\"wp-block-heading\">Lecturas del cuentakil\u00f3metros y registros de kilometraje para veh\u00edculos de LA<\/h3>\n\n\n\n<p>El kilometraje es un factor clave en los casos de la ley del lim\u00f3n, ya que ayuda a determinar:<\/p>\n\n\n\n<ul class=\"wp-block-list\">\n<li>Si el defecto apareci\u00f3 al principio de la vida \u00fatil del coche;<\/li>\n\n\n\n<li>Si el veh\u00edculo puede acogerse a la protecci\u00f3n jur\u00eddica.<\/li>\n\n\n\n<li>La reducci\u00f3n de valor debida a fallos mec\u00e1nicos persistentes.<\/li>\n<\/ul>\n\n\n\n<p>Hacer un seguimiento del kilometraje y llevar un registro del cuentakil\u00f3metros sirve como prueba. Revela c\u00f3mo se condujo el coche en condiciones normales y, sin embargo, no funcion\u00f3 correctamente.<\/p>\n\n\n\n<h3 class=\"wp-block-heading\">Los Angeles \u00d3rdenes de reparaci\u00f3n de fabricantes y concesionarios<\/h3>\n\n\n\n<p>Las reclamaciones basadas en la Ley del Lim\u00f3n deben demostrar que el fabricante tuvo la oportunidad de corregir el defecto y no lo hizo. <a href=\"https:\/\/www.wirtzlaw.com\/es\/por-que-debe-mantener-diligentemente-su-orden-de-reparacion-de-doble-control-de-limones\/\">Pedidos de reparaci\u00f3n<\/a> de los concesionarios y centros de servicio autorizados sirven como prueba fundamental, ya que muestran las fechas de servicio, los problemas notificados y los intentos de reparaci\u00f3n.<\/p>\n\n\n\n<p>La Oficina de Reparaci\u00f3n de Autom\u00f3viles recibi\u00f3 1.455 quejas sobre problemas de reparaci\u00f3n y rendimiento del motor en el cuarto trimestre del a\u00f1o fiscal 2023-24. Si ha llevado su coche a varias reparaciones, es crucial que guarde estos registros de forma segura. Una orden de reparaci\u00f3n debe incluir lo siguiente<\/p>\n\n\n\n<ul class=\"wp-block-list\">\n<li>Descripci\u00f3n detallada del problema comunicado por el propietario;<\/li>\n\n\n\n<li>Trabajo realizado por el concesionario o centro de servicio;<\/li>\n\n\n\n<li>Piezas sustituidas y mano de obra realizada; y<\/li>\n\n\n\n<li>Fecha y kilometraje en el momento del servicio.<\/li>\n<\/ul>\n\n\n\n<p>Conservar copias de todas las facturas de reparaci\u00f3n y registros de servicio garantiza que el fabricante no pueda impugnar el historial de reparaciones. Si un concesionario se niega a documentar correctamente el defecto, usted, como consumidor, debe solicitar una verificaci\u00f3n por escrito de su reclamaci\u00f3n.  Siempre puede volver al concesionario y exigir una copia de los registros de reparaci\u00f3n que falten.<\/p>\n\n\n\n<h3 class=\"wp-block-heading\">Documentaci\u00f3n de garant\u00eda para veh\u00edculos LA<\/h3>\n\n\n\n<p>Las protecciones de la ley del lim\u00f3n de California s\u00f3lo se aplican a los veh\u00edculos cubiertos por la garant\u00eda original de f\u00e1brica del fabricante. El folleto de garant\u00eda o la informaci\u00f3n escrita recibida en el momento de la compra proporcionan los t\u00e9rminos y condiciones espec\u00edficos de la cobertura.<\/p>\n\n\n\n<p>Muchos casos de la ley del lim\u00f3n Los Angeles implican disputas sobre si un defecto est\u00e1 cubierto por la garant\u00eda del fabricante. Sin una documentaci\u00f3n clara, un fabricante de autom\u00f3viles puede argumentar que las reparaciones no eran necesarias o que el problema queda fuera de los t\u00e9rminos de la garant\u00eda. Asegurarse de que el documento de garant\u00eda est\u00e1 disponible refuerza la validez de la reclamaci\u00f3n.<\/p>\n\n\n\n<h3 class=\"wp-block-heading\">Correspondencia con el fabricante o concesionario<\/h3>\n\n\n\n<p>La comunicaci\u00f3n con el fabricante o el concesionario sobre los defectos en curso y los intentos de reparaci\u00f3n desempe\u00f1a un papel importante en los casos de la ley del lim\u00f3n. Cualquier correo electr\u00f3nico, carta o mensaje solicitando reparaciones demuestra que el propietario hizo intentos razonables para resolver el problema.<\/p>\n\n\n\n<p>Un historial bien documentado de comunicaci\u00f3n con el fabricante puede demostrar un patr\u00f3n de t\u00e1cticas dilatorias o fallos repetidos a la hora de solucionar el problema. A veces, los fabricantes intentan eludir su responsabilidad culpando al consumidor de un uso inadecuado. Disponer de un registro escrito de las quejas y las respuestas ayuda a contrarrestar estas t\u00e1cticas.<\/p>\n\n\n\n<h3 class=\"wp-block-heading\">Prueba de que el fabricante no ha resuelto el problema<\/h3>\n\n\n\n<p>El \u00e9xito de una reclamaci\u00f3n basada en la ley del lim\u00f3n suele depender de que se demuestre que el fabricante tuvo un n\u00famero razonable de oportunidades para corregir el defecto, pero no lo hizo. Documentaci\u00f3n que lo demuestre:<\/p>\n\n\n\n<ul class=\"wp-block-list\">\n<li>Repetidos intentos de reparaci\u00f3n para el mismo problema;&nbsp;<\/li>\n\n\n\n<li>Defectos no resueltos tras m\u00faltiples visitas al concesionario; y<\/li>\n\n\n\n<li>Denegaci\u00f3n de la cobertura de la garant\u00eda sin explicaci\u00f3n.<\/li>\n<\/ul>\n\n\n\n<p>A veces, los fabricantes intentan retrasar las reclamaciones ofreciendo arreglos temporales en lugar de reparaciones permanentes. Los registros detallados de cada visita de servicio garantizan que el fabricante no pueda impugnar tu reclamaci\u00f3n.<\/p>\n\n\n\n<h3 class=\"wp-block-heading\">Registros de paradas e inconvenientes del veh\u00edculo<\/h3>\n\n\n\n<p>Demostrar que un veh\u00edculo ha estado fuera de servicio durante un per\u00edodo de tiempo excesivo refuerza una reclamaci\u00f3n de la ley del lim\u00f3n. La presunci\u00f3n de la ley del lim\u00f3n de California se aplica cuando un coche ha estado fuera de servicio durante treinta d\u00edas debido a intentos de reparaci\u00f3n.<\/p>\n\n\n\n<p>Los consumidores deben hacer un seguimiento:<\/p>\n\n\n\n<ul class=\"wp-block-list\">\n<li>El n\u00famero de d\u00edas que el veh\u00edculo estuvo en el taller;<\/li>\n\n\n\n<li>Cualquier coste de transporte alternativo en el que se haya incurrido<\/li>\n\n\n\n<li>La frecuencia y duraci\u00f3n de los intentos de reparaci\u00f3n.<\/li>\n<\/ul>\n\n\n\n<p>La Oficina de Reparaci\u00f3n de Autom\u00f3viles inform\u00f3 de 692 reclamaciones generales de reparaci\u00f3n y mantenimiento en el cuarto trimestre del a\u00f1o fiscal 2023-24, lo que demuestra la frecuencia con la que los propietarios de autom\u00f3viles se enfrentan a problemas de reparaci\u00f3n repetidos. Llevar un registro de las fechas de reparaci\u00f3n y los retrasos del servicio ayuda a demostrar que un veh\u00edculo no es fiable y que el fabricante no resolvi\u00f3 el problema con prontitud.<\/p>\n\n\n\n<h3 class=\"wp-block-heading\">Informes policiales y quejas sobre seguridad<\/h3>\n\n\n\n<p>Si el defecto provoc\u00f3 un accidente o un problema de seguridad, un informe policial o una denuncia formal pueden servir como valiosas pruebas. Estos registros confirman que el mal funcionamiento del veh\u00edculo supuso un peligro real, lo que refuerza tu reclamaci\u00f3n de que el fabricante devuelva o sustituya el coche.<\/p>\n\n\n\n<p><a href=\"https:\/\/www.wirtzlaw.com\/es\/detectar-los-signos-de-una-transmision-defectuosa\/\">Problemas de transmisi\u00f3n<\/a>Por ejemplo, puede provocar un calado repentino, problemas de aceleraci\u00f3n o p\u00e9rdida de control. La Oficina de Reparaci\u00f3n de Autom\u00f3viles inform\u00f3 de 298 reclamaciones sobre transmisiones en un trimestre, lo que demuestra la frecuencia con que estos defectos provocan graves riesgos para la seguridad. Si su coche experimenta un manejo inseguro o un fallo repentino, presentar una queja formal ante la Administraci\u00f3n Nacional de Seguridad del Tr\u00e1fico en Carretera (NHTSA) puede respaldar su caso.<\/p>\n\n\n\n<h3 class=\"wp-block-heading\">Prueba de p\u00e9rdidas financieras<\/h3>\n\n\n\n<p>Una reclamaci\u00f3n basada en la ley del lim\u00f3n no se limita a recibir un veh\u00edculo de sustituci\u00f3n o una recompra. Los consumidores tambi\u00e9n pueden recuperar los gastos directos causados por el coche defectuoso. Entre los documentos que justifican las p\u00e9rdidas econ\u00f3micas se incluyen:<\/p>\n\n\n\n<ul class=\"wp-block-list\">\n<li>Recibos de alquiler de coches a la espera de reparaciones;<\/li>\n\n\n\n<li>Facturas de gr\u00faa por aver\u00edas relacionadas con el defecto; y<\/li>\n\n\n\n<li>Recibos de gastos de transporte alternativo.<\/li>\n<\/ul>\n\n\n\n<p>La ley del lim\u00f3n de California garantiza que los fabricantes reembolsen a los consumidores estos gastos cuando no reparan el defecto con prontitud.<\/p>\n\n\n\n<h3 class=\"wp-block-heading\">Testimonios y declaraciones de testigos<\/h3>\n\n\n\n<p>En algunos casos de la ley del lim\u00f3n, las declaraciones de testigos pueden aportar pruebas adicionales de defectos continuos y problemas de seguridad. Aunque los registros de reparaci\u00f3n y los documentos de garant\u00eda son esenciales, los testimonios de pasajeros, mec\u00e1nicos o empleados del concesionario pueden confirmar a\u00fan m\u00e1s los problemas persistentes que afectan al rendimiento del veh\u00edculo.<\/p>\n\n\n\n<p>Por ejemplo, si su coche experimenta fallos repentinos de frenado, se cala o funciona mal la transmisi\u00f3n, un pasajero que haya presenciado el problema puede ofrecer una declaraci\u00f3n en la que describa el incidente con detalle. Del mismo modo, si un mec\u00e1nico reconoce un problema recurrente que nunca se solucion\u00f3 adecuadamente, su opini\u00f3n profesional podr\u00eda ayudar a demostrar que el defecto sigue sin resolverse.<\/p>\n\n\n\n<p>En un arbitraje o ante un tribunal, las declaraciones de los testigos pueden reforzar la afirmaci\u00f3n de que el veh\u00edculo es inseguro o poco fiable. Cuando se combinan con los registros de reparaci\u00f3n y las comunicaciones del fabricante, estos testimonios demuestran a\u00fan m\u00e1s que el defecto no se ha abordado adecuadamente. Contar con declaraciones de testigos cre\u00edbles puede ayudar a reforzar el caso y evitar que el fabricante desestime reclamaciones v\u00e1lidas.<\/p>\n\n\n\n<h2 class=\"wp-block-heading\">C\u00f3mo la documentaci\u00f3n adecuada puede fortalecer su caso de la Ley del Lim\u00f3n Los Angeles<\/h2>\n\n\n\n<p>Disponer de documentaci\u00f3n completa y precisa es uno de los factores m\u00e1s importantes para el \u00e9xito de una reclamaci\u00f3n basada en la ley del lim\u00f3n. Sin pruebas s\u00f3lidas, los fabricantes pueden cuestionar la gravedad del defecto, argumentar que las reparaciones fueron eficaces o afirmar que el problema se debi\u00f3 a un uso indebido por parte del propietario. Los siguientes pasos de documentaci\u00f3n pueden ayudar a su abogado a elaborar un caso s\u00f3lido en su nombre:<\/p>\n\n\n\n<ul class=\"wp-block-list\">\n<li><strong>Registros bien organizados: <\/strong>Evite estas t\u00e1cticas probando un historial de defectos no resueltos, demostrando que el veh\u00edculo cumple los requisitos para un reembolso o sustituci\u00f3n en virtud de la ley del lim\u00f3n de California.<\/li>\n\n\n\n<li><strong>Registros de servicio y facturas de reparaci\u00f3n:<\/strong> Las comunicaciones del concesionario proporcionan una cronolog\u00eda clara de los fallos mec\u00e1nicos. Si un fabricante de autom\u00f3viles afirma que s\u00f3lo se hizo un intento de reparaci\u00f3n, pero los registros de servicio muestran repetidas reparaciones fallidas, esta evidencia puede fortalecer su caso.&nbsp;<\/li>\n\n\n\n<li><strong>Justificante de los gastos de bolsillo: <\/strong>Como los gastos de alquiler de un coche o los gastos de remolque, respalda las reclamaciones de reembolso m\u00e1s all\u00e1 de una recompra o sustituci\u00f3n. Los fabricantes suelen buscar cualquier motivo para denegar una reclamaci\u00f3n, por lo que es esencial una documentaci\u00f3n exhaustiva.&nbsp;<\/li>\n<\/ul>\n\n\n\n<p>Cuando una reclamaci\u00f3n de la ley del lim\u00f3n llega al arbitraje o a los tribunales, la documentaci\u00f3n adecuada puede significar la diferencia entre ganar y perder. Los jueces, jurados y \u00e1rbitros se basan en pruebas claras y objetivas, y la falta de documentaci\u00f3n puede debilitar el caso. Sin \u00f3rdenes de reparaci\u00f3n, recibos o detalles de la garant\u00eda, un fabricante de autom\u00f3viles puede argumentar con \u00e9xito que el defecto era menor o no estaba cubierto por las protecciones de la ley del lim\u00f3n.<\/p>\n\n\n\n<h2 class=\"wp-block-heading\">P\u00f3ngase en contacto con Wirtz Law APC para iniciar su Los Angeles Lemon Law Claim hoy<\/h2>\n\n\n\n<p>Al presentar una <a href=\"https:\/\/www.wirtzlaw.com\/es\/areas-de-practica\/abogados-de-la-ley-del-limon\/los-angeles-lemon-law-abogados\/\">Los Angeles reclamaci\u00f3n de la ley del lim\u00f3n<\/a>La documentaci\u00f3n exhaustiva es esencial para probar su caso. Sin los registros adecuados -contratos de compra, facturas de reparaci\u00f3n, detalles de la garant\u00eda y correspondencia del fabricante-, los fabricantes de autom\u00f3viles pueden intentar denegar o retrasar su reclamaci\u00f3n, lo que puede impedirle obtener una indemnizaci\u00f3n.<\/p>\n\n\n\n<p>En <a href=\"https:\/\/www.wirtzlaw.com\/es\/\">Wirtz Law APC<\/a>sabemos c\u00f3mo construir casos s\u00f3lidos de la ley del lim\u00f3n que resistan a <a href=\"https:\/\/www.wirtzlaw.com\/es\/que-hacer-si-el-fabricante-se-niega-a-cumplir-la-ley-del-limon\/\">t\u00e1cticas del fabricante<\/a>. Nuestro equipo jur\u00eddico se asegurar\u00e1 de que su documentaci\u00f3n est\u00e9 completa, ayud\u00e1ndole a obtener la recompra, sustituci\u00f3n o indemnizaci\u00f3n que se merece.&nbsp;<\/p>\n\n\n\n<p>Estamos orgullosos de servir a todos los Los Angeles County, de Comercio, DTLA, Santa M\u00f3nica, Venecia, West Hollywood, Studio City, San Fernando Valley, <a href=\"https:\/\/www.wirtzlaw.com\/es\/areas-de-practica\/abogados-de-la-ley-del-limon\/santa-clarita-abogados-de-la-ley-de-limon\/\">Santa Clarita<\/a>y Valencia. Aportamos casi 30 a\u00f1os de experiencia ayudando a nuestros <a href=\"https:\/\/www.wirtzlaw.com\/es\/zonas-que-atendemos\/\">Sur de California<\/a>, <a href=\"https:\/\/www.wirtzlaw.com\/es\/zonas-que-atendemos-4\/\">California Central<\/a>y <a href=\"https:\/\/www.wirtzlaw.com\/es\/zonas-que-atendemos-3\/\">Comunidades del norte de California<\/a>. P\u00f3ngase en contacto con nosotros en <a href=\"tel:1-858-259-5009\">(858) 259-5009<\/a> para una consulta gratuita y sin compromiso. <a href=\"https:\/\/www.wirtzlaw.com\/es\/contactar-con\/\">Dar el primer paso<\/a> para responsabilizar al fabricante de su veh\u00edculo.<\/p>","protected":false},"excerpt":{"rendered":"<p>La presentaci\u00f3n de una reclamaci\u00f3n de la ley del lim\u00f3n en Los Angeles requiere documentaci\u00f3n s\u00f3lida para demostrar que un veh\u00edculo es defectuoso y que el fabricante no lo repar\u00f3 tras un n\u00famero razonable de intentos. Sin las pruebas adecuadas, los consumidores pueden tener dificultades para recibir una indemnizaci\u00f3n a trav\u00e9s de una recompra o sustituci\u00f3n. Reunir y organizar la documentaci\u00f3n adecuada refuerza...<\/p>","protected":false},"author":12,"featured_media":7346,"parent":4087,"menu_order":0,"comment_status":"closed","ping_status":"closed","template":"","meta":{"_acf_changed":false,"footnotes":""},"class_list":["post-7341","page","type-page","status-publish","has-post-thumbnail","hentry"],"acf":[],"_links":{"self":[{"href":"https:\/\/www.wirtzlaw.com\/es\/wp-json\/wp\/v2\/pages\/7341","targetHints":{"allow":["GET"]}}],"collection":[{"href":"https:\/\/www.wirtzlaw.com\/es\/wp-json\/wp\/v2\/pages"}],"about":[{"href":"https:\/\/www.wirtzlaw.com\/es\/wp-json\/wp\/v2\/types\/page"}],"author":[{"embeddable":true,"href":"https:\/\/www.wirtzlaw.com\/es\/wp-json\/wp\/v2\/users\/12"}],"replies":[{"embeddable":true,"href":"https:\/\/www.wirtzlaw.com\/es\/wp-json\/wp\/v2\/comments?post=7341"}],"version-history":[{"count":6,"href":"https:\/\/www.wirtzlaw.com\/es\/wp-json\/wp\/v2\/pages\/7341\/revisions"}],"predecessor-version":[{"id":7384,"href":"https:\/\/www.wirtzlaw.com\/es\/wp-json\/wp\/v2\/pages\/7341\/revisions\/7384"}],"up":[{"embeddable":true,"href":"https:\/\/www.wirtzlaw.com\/es\/wp-json\/wp\/v2\/pages\/4087"}],"wp:featuredmedia":[{"embeddable":true,"href":"https:\/\/www.wirtzlaw.com\/es\/wp-json\/wp\/v2\/media\/7346"}],"wp:attachment":[{"href":"https:\/\/www.wirtzlaw.com\/es\/wp-json\/wp\/v2\/media?parent=7341"}],"curies":[{"name":"wp","href":"https:\/\/api.w.org\/{rel}","templated":true}]}}