{"id":7300,"date":"2025-07-15T14:35:09","date_gmt":"2025-07-15T18:35:09","guid":{"rendered":"https:\/\/www.wirtzlaw.com\/?page_id=7300"},"modified":"2026-04-13T18:51:18","modified_gmt":"2026-04-13T22:51:18","slug":"abogados-especialistas-en-derecho-del-limon-7","status":"publish","type":"page","link":"https:\/\/www.wirtzlaw.com\/es\/nissan-turbo-engine-recall\/","title":{"rendered":"Retirada del mercado del motor turbo de Nissan"},"content":{"rendered":"<h3>\n\t\t\tLlamada a revisi\u00f3n del motor Nissan Turbo: Lo que necesitas saber\t<\/h3>\n\t\t\t<a href=\"https:\/\/www.wirtzlaw.com\/es\/contactar-con\/\" target=\"_self\">\n\t\t\t\t\t\t\tREVISI\u00d3N GRATUITA DEL CASO\n\t\t\t<\/a>\n\t<p><strong>ALERTA AL CONSUMIDOR:<\/strong> Nissan ha anunciado un importante llamado a revisi\u00f3n que afecta a sus motores VC-Turbo, impactando a m\u00e1s de 480,000 veh\u00edculos. El llamado a revisi\u00f3n aborda posibles fallas en el motor que podr\u00edan representar serios riesgos para los conductores de Nissan.<\/p>\n\t<p>A partir del 25 de agosto de 2025, los propietarios deben esperar recibir una carta de notificaci\u00f3n por parte de Nissan.<\/p>\n<h3>\n\t\t\t\u00bfQu\u00e9 deber\u00eda hacer?\t<\/h3>\n\t<p>Si recibe una carta de notificaci\u00f3n del propietario de Nissan, mant\u00e9ngase alerta. <a href=\"https:\/\/www.nhtsa.gov\/?nhtsaId=25V437000\" target=\"_blank\" rel=\"noopener\">Este retiro<\/a> tiene el potencial de convertirse en una demanda colectiva. Por ahora, Nissan Altima, Nissan Rogue y <a href=\"https:\/\/www.wirtzlaw.com\/es\/areas-de-practica\/abogados-de-la-ley-del-limon\/infinity-lemon-law-abogados\/es-mi-infiniti-un-limon\/\">Propietarios de autos Infiniti<\/a> deber\u00edan estar atentos a esta carta y prepararse para que su veh\u00edculo sea inspeccionado y reparado.\u00a0<\/p>\n<p><a href=\"https:\/\/www.wirtzlaw.com\/es\/los-rapidos-cambios-en-la-ley-del-limon-de-california-dejan-a-los-propietarios-de-vehiculos-luchando-por-entender-como-proteger-sus-derechos\/\">Bajo la ley del lim\u00f3n de California<\/a>, si un propietario se ha llevado a su <a href=\"https:\/\/www.wirtzlaw.com\/es\/areas-de-practica\/abogados-de-la-ley-del-limon\/abogados-nissan-lemon-law\/se-considera-mi-nissan-un-limon\/\">Nissan Altima<\/a>, Nissan Rogue, Infiniti QX55 o Infiniti QX50, y se han realizado reparaciones \u201cen una cantidad razonable de intentos\u201d, pueden presentar una reclamaci\u00f3n bajo la ley para veh\u00edculos defectuosos. Si vives y conduces en <a href=\"https:\/\/www.wirtzlaw.com\/es\/historias-web\/los-angeles-lemon-law\/\">Los Angeles<\/a>, te mereces un auto confiable para llevarte del punto A al punto B. <a href=\"https:\/\/www.wirtzlaw.com\/es\/contactar-con\/\">Contacte con nosotros hoy mismo<\/a> si cree que ha realizado suficientes intentos de reparaci\u00f3n para su veh\u00edculo.<\/p>\n<h2>\n\t\t\tDetalles del retiro del motor Nissan Turbo\t<\/h2>\n\t<p>Este retiro del mercado se debe a informes de fallas en el motor de veh\u00edculos equipados con el motor VC-Turbo. El problema se ha relacionado con la falla de un componente espec\u00edfico, lo que provoca que el motor se apague mientras se conduce. La Administraci\u00f3n Nacional de Seguridad del Tr\u00e1fico en Carreteras (NHTSA) ha se\u00f1alado que los veh\u00edculos afectados pueden presentar luces de advertencia antes de una parada del motor, ofreciendo una breve alerta a los conductores.<\/p>\n<p>Si notas que tu Nissan o Infiniti experimenta continuamente estos problemas, lo mejor es contactar al concesionario de inmediato y hacer que revisen tu autom\u00f3vil. Seg\u00fan el aviso de retiro, Nissan se compromete a resolver estos problemas sin costo alguno para los propietarios de los veh\u00edculos. Sin embargo, despu\u00e9s de que se hayan realizado un n\u00famero razonable de intentos de reparaci\u00f3n, podr\u00edas tener motivos para presentar una <a href=\"https:\/\/www.wirtzlaw.com\/es\/areas-de-practica\/abogados-de-la-ley-del-limon\/\">Reclamo de ley de lim\u00f3n de CA<\/a>.<\/p>\n<h3>\n\t\t\t\u00bfQu\u00e9 veh\u00edculos est\u00e1n cubiertos?\t<\/h3>\n\t<p>El retiro del mercado abarca muchos modelos de Nissan, incluidas l\u00edneas populares como el Altima, Rogue e Infiniti.<\/p>\n<p>Es crucial para <a href=\"https:\/\/www.wirtzlaw.com\/es\/areas-de-practica\/abogados-de-la-ley-del-limon\/infinity-lemon-law-abogados\/\">Infiniti QX50 2019-2022, Infiniti QX55 2022,<\/a> <a href=\"https:\/\/www.wirtzlaw.com\/es\/areas-de-practica\/abogados-de-la-ley-del-limon\/abogados-nissan-lemon-law\/\">Nissan Altima 2019-2022 y Nissan Rogue 2021-2024<\/a> los propietarios verifiquen si su modelo est\u00e1 incluido. Los propietarios pueden confirmar el estado de su veh\u00edculo visitando el sitio web oficial de Nissan o la base de datos de la NHTSA, utilizando su <a href=\"https:\/\/vpic.nhtsa.dot.gov\/decoder\/\" target=\"_blank\" rel=\"noopener\">N\u00famero de Identificaci\u00f3n del Veh\u00edculo (NIV)<\/a> para una revisi\u00f3n precisa.<\/p>\n<h4>\n\t\t\tEl llamado a revisi\u00f3n afecta a los siguientes veh\u00edculos fabricados en a\u00f1os espec\u00edficos:\t<\/h4>\n\t<ul>\n<li>Infiniti QX50 (2019-2022)<\/li>\n<li>Infiniti QX55 (2022)<\/li>\n<li>Nissan Altima (2019-2022)<\/li>\n<li> Nissan Rogue (2021-2024)<\/li>\n<\/ul>\n<h4>\n\t\t\tEl Proceso de Retiro y Pasos para Propietarios de Veh\u00edculos\t<\/h4>\n\t<p><b>A partir del 25 de agosto<\/b>, Nissan comenzar\u00e1 a enviar por correo cartas de notificaci\u00f3n a los propietarios para informarles sobre el retiro. Estas cartas proporcionar\u00e1n instrucciones detalladas sobre c\u00f3mo proceder, incluyendo el contacto con distribuidores autorizados de Nissan para programar las reparaciones necesarias.<\/p>\n<p><a href=\"https:\/\/www.wirtzlaw.com\/es\/areas-de-practica\/abogados-de-la-ley-del-limon\/los-angeles-lemon-law-abogados\/\">Los Angeles Nissan owners<\/a> deben asegurarse de que su informaci\u00f3n de contacto est\u00e9 actualizada para recibir estas notificaciones oportunas. Una vez que un veh\u00edculo sea identificado como parte del retiro, programar una cita de servicio de inmediato es crucial para abordar el defecto y evitar posibles peligros.<\/p>\n<p>Los t\u00e9cnicos certificados suelen realizar las reparaciones, las cuales pueden tardar unas horas o d\u00edas, dependiendo de la capacidad del concesionario y la disponibilidad de piezas.<\/p>\n<p>Si est\u00e1s sufriendo contratiempos constantes con las reparaciones y sigues experimentando problemas con tu autom\u00f3vil, cont\u00e1ctanos hoy mismo para discutir tu situaci\u00f3n. Podr\u00edas tener la oportunidad de iniciar un reclamo bajo la ley del lim\u00f3n para tu veh\u00edculo Nissan.<\/p>\n<h3>\n\t\t\tAbogados litigantes con experiencia\t<\/h3>\n\t<p>Nuestro equipo se dedica a garantizar que reciba la indemnizaci\u00f3n que se merece por las molestias y los riesgos para la seguridad que conlleva tener un veh\u00edculo defectuoso. No tendr\u00e1 que pagar honorarios ni gastos a menos que ganemos su caso. No espere m\u00e1s: p\u00f3ngase en contacto hoy mismo con nuestros abogados especializados en la Ley del Lim\u00f3n Los Angeles, los mejor valorados, para analizar sus opciones legales y recuperar su tranquilidad.<\/p>\n<figure itemscope itemtype=\"https:\/\/schema.org\/ImageObject\">\n\t\t\t\t<img decoding=\"async\" src=\"https:\/\/www.wirtzlaw.com\/wp-content\/uploads\/2022\/07\/lemon-law-damages.svg\" alt=\"Da\u00f1os y perjuicios en las reclamaciones de la Ley del Lim\u00f3n\" height=\"410\" width=\"600\" title=\"ley del lim\u00f3n-da\u00f1os\" onerror=\"this.style.display='none'\" loading=\"lazy\" \/>\n\t<\/figure>\n<h3>\n\t\t\t\u00bfA qu\u00e9 da\u00f1os puedo tener derecho?\t<\/h3>\n\t<p>Una recompra es la recompra de su lim\u00f3n por el fabricante de autom\u00f3viles.  Se produce cuando un nuevo, arrendado, o CPO coche o cami\u00f3n califica como lim\u00f3n y el fabricante de autom\u00f3viles le paga de nuevo el dinero que gast\u00f3 en el veh\u00edculo, menos una compensaci\u00f3n de dinero para las millas utilizadas hasta la primera reparaci\u00f3n.  La f\u00f3rmula para una recompra est\u00e1 prevista por la ley.<\/p>\n<p>Adem\u00e1s, a la recompra pueden a\u00f1adirse los costes relacionados, denominados da\u00f1os incidentales y consecuentes. Para asegurarse de que est\u00e1 obteniendo el valor total de una oferta de recompra, debe ponerse en contacto con nosotros para una evaluaci\u00f3n gratuita.<\/p>\n<h3>\n\t\t\t\u00bfTienes problemas con tu Nissan? Contacta hoy a nuestros abogados expertos en leyes de lim\u00f3n de Nissan Los Angeles\t<\/h3>\n\t<p>Si eres un conductor del sur de California afectado por la reciente campa\u00f1a de retiro del mercado de los motores turbo de Nissan, es fundamental que sepas que tienes opciones en virtud de <a href=\"https:\/\/www.wirtzlaw.com\/es\/areas-de-practica\/abogados-de-la-ley-del-limon\/guia-sobre-la-ley-del-limon-de-california-infografia\/\">Ley del Lim\u00f3n de California<\/a>. En <a href=\"https:\/\/www.wirtzlaw.com\/es\/\">Wirtz Law APC<\/a>, estamos comprometidos a ayudarte a navegar estas circunstancias desafiantes. Ya sea que vivas en Downey, Tustin, DTLA, <a href=\"https:\/\/www.wirtzlaw.com\/es\/historias-web\/santa-clarita-ley-del-limon\/\">Santa Clarita<\/a>, <a href=\"https:\/\/www.wirtzlaw.com\/es\/areas-de-practica\/abogados-de-la-ley-del-limon\/pasadena-abogados-de-la-ley-de-limon\/\">Pasadena<\/a>, Ya sea en el Valle de San Fernando, o en Commerce, estamos aqu\u00ed para ayudarte.\u00a0<\/p>\n<p>Cont\u00e1ctanos en <a href=\"tel:1-858-259-5009\">(858) 259-5009<\/a> para una consulta gratuita y dar el primer paso para resolver los problemas de tu auto Nissan. Nuestro equipo de abogados est\u00e1 aqu\u00ed para ayudarte en este complejo proceso y obtener la compensaci\u00f3n que mereces. Si no vives en Los Angeles, tambi\u00e9n ofrecemos servicio en otras partes del sur de California, como <a href=\"https:\/\/www.wirtzlaw.com\/es\/areas-de-practica\/abogados-de-la-ley-del-limon\/abogados-de-la-ley-del-limon-del-condado-de-ventura\/\">Ventura County<\/a> y el <a href=\"https:\/\/www.wirtzlaw.com\/es\/areas-de-practica\/abogados-de-la-ley-del-limon\/abogado-de-la-ley-del-limon-del-condado-de-orange\/\">OC<\/a>. Tambi\u00e9n damos servicio a nuestro <a href=\"https:\/\/www.wirtzlaw.com\/es\/areas-de-practica\/abogados-de-la-ley-del-limon\/abogados-de-la-ley-del-limon-del-condado-de-shasta\/\">Norte de California<\/a> y <a href=\"https:\/\/www.wirtzlaw.com\/es\/zonas-que-atendemos-4\/\">California Central<\/a> \u00e1reas.\u00a0<\/p>\n\t\t\t<a href=\"tel:+18582595009\"  target=\"_self\">\n\t\t\t\t\t\t\tLlama Hoy: 858-259-5009\n\t\t\t\t\t<\/a>\n\t\t\t<a href=\"https:\/\/www.wirtzlaw.com\/es\/contactar-con\/\" target=\"_self\">\n\t\t\t\t\t\t\tCont\u00e1ctanos en l\u00ednea\n\t\t\t\t\t<\/a>\n<h3>\n\t\t\tUna historia de resultados\t<\/h3>\n\t<p>Wirtz Law ha obtenido con \u00e9xito recuperaciones para nuestros clientes por un valor superior a $76 millones.<\/p>\n\t<meta itemscope itemprop=\"mainEntityOfPage\" itemtype=\"https:\/\/schema.org\/WebPage\" itemid=\"https:\/\/www.wirtzlaw.com\/results\/wirtz-law-apc-wins-1st-fraud-judgment-in-us-against-ford-motor-company-for-632141-03-for-a-2014-focus-dps6-transmission-updated\/\" content=\"Wirtz Law APC Wins 1st Fraud Judgment in US against Ford Motor Company for $632,141.03 for a 2014 Focus DPS6 Transmission-UPDATED\" \/><meta itemprop=\"datePublished\" content=\"2021-10-20\" \/><meta itemprop=\"dateModified\" content=\"2025-04-03\" \/><meta itemprop=\"name\" content=\"Wirtz Law Lemon Law Attorneys\"\/><meta itemprop=\"url\" content=\"https:\/\/www.wirtzlaw.com\/author\/wirtzadm\/\" \/><meta itemprop=\"name\" content=\"Wirtz Law\" \/><meta itemprop=\"interactionType\" content=\"https:\/\/schema.org\/CommentAction\" \/><meta itemprop=\"userInteractionCount\" content=\"0\" \/><h3>$632,141.03<\/h3>\n\t<p>Nuestro cliente, el demandante, compr\u00f3 un Focus 2014 totalmente nuevo por $40,007, incluidos los complementos y la financiaci\u00f3n. A los tres d\u00edas, la transmisi\u00f3n empez\u00f3 a patinar y...<\/p>\n\n\t<a href=\"https:\/\/www.wirtzlaw.com\/es\/resultados\/wirtz-law-apc-gana-1er-juicio-por-fraude-en-eeuu-contra-ford-motor-company-por-632141-03-por-un-focus-2014-dps6-transmision-actualizada\/\" title=\"Leer m\u00e1s\">Leer m\u00e1s<\/a>\n\n\t<meta itemscope itemprop=\"mainEntityOfPage\" itemtype=\"https:\/\/schema.org\/WebPage\" itemid=\"https:\/\/www.wirtzlaw.com\/results\/ventura-county-jury-awards-204824-91-including-a-2x-civil-penalty-against-bmw-for-defective-2010-bmw-x5-under-california-lemon-law\/\" content=\"Ventura County Jury Awards $204,824.91, including a 2x Civil Penalty against BMW for Defective 2010 BMW X5 under California Lemon Law\" \/><meta itemprop=\"datePublished\" content=\"2021-10-20\" \/><meta itemprop=\"dateModified\" content=\"2025-04-03\" \/><meta itemprop=\"name\" content=\"Wirtz Law Lemon Law Attorneys\"\/><meta itemprop=\"url\" content=\"https:\/\/www.wirtzlaw.com\/author\/wirtzadm\/\" \/><meta itemprop=\"name\" content=\"Wirtz Law\" \/><meta itemprop=\"interactionType\" content=\"https:\/\/schema.org\/CommentAction\" \/><meta itemprop=\"userInteractionCount\" content=\"0\" \/><h3>$204,824.91<\/h3>\n\t<p>Nuestro cliente, el demandante compr\u00f3 un nuevo 2010 BMW X5, como un SUV de lujo premium para disfrutar en su jubilaci\u00f3n y para utilizar...<\/p>\n\n\t<a href=\"https:\/\/www.wirtzlaw.com\/es\/resultados\/jurado-del-condado-de-ventura-otorga-204824-91-incluyendo-una-multa-civil-2x-contra-bmw-para-defectuoso-2010-bmw-x5-en-virtud-de-la-ley-del-limon-de-california\/\" title=\"Leer m\u00e1s\">Leer m\u00e1s<\/a>\n\n\t<meta itemscope itemprop=\"mainEntityOfPage\" itemtype=\"https:\/\/schema.org\/WebPage\" itemid=\"https:\/\/www.wirtzlaw.com\/results\/alameda-county-jury-awards-130373-37-including-2x-civil-penalty-against-fca-for-defective-2011-dodge-durango-under-california-lemon-law\/\" content=\"Alameda County Jury Awards $130,373.37, including 2x Civil Penalty against FCA for Defective 2011 Dodge Durango under California Lemon Law\" \/><meta itemprop=\"datePublished\" content=\"2021-10-20\" \/><meta itemprop=\"dateModified\" content=\"2025-04-03\" \/><meta itemprop=\"name\" content=\"Wirtz Law Lemon Law Attorneys\"\/><meta itemprop=\"url\" content=\"https:\/\/www.wirtzlaw.com\/author\/wirtzadm\/\" \/><meta itemprop=\"name\" content=\"Wirtz Law\" \/><meta itemprop=\"interactionType\" content=\"https:\/\/schema.org\/CommentAction\" \/><meta itemprop=\"userInteractionCount\" content=\"0\" \/><h3>$130,373.37<\/h3>\n\t<p>Los demandantes compraron un Dodge Durango 2011 de segunda mano para que fuera su veh\u00edculo familiar principal, para ir y volver del trabajo y...<\/p>\n\n\t<a href=\"https:\/\/www.wirtzlaw.com\/es\/resultados\/el-jurado-del-condado-de-alameda-concede-130373-37-incluyendo-2x-de-multa-civil-contra-fca-por-el-dodge-durango-2011-defectuoso-bajo-la-ley-del-limon-de-california\/\" title=\"Leer m\u00e1s\">Leer m\u00e1s<\/a>\n\n\t\t\t<a href=\"\/es\/resultados\/\"  target=\"_self\">\n\t\t\t\t\t\t\tVer todos los resultados de los casos\n\t\t\t<\/a>\n<h3>\n\t\t\tTestimonios de clientes\t<\/h3>\n\t<meta itemscope itemprop=\"mainEntityOfPage\" itemtype=\"https:\/\/schema.org\/WebPage\" itemid=\"https:\/\/www.wirtzlaw.com\/reviews\/im-pleased-to-have-been-referred-to-wirtz-law-lemon-law-attorneys\/\" content=\"I&#8217;m pleased to have been referred to Wirtz Law Lemon Law Attorneys.\" \/><meta itemprop=\"datePublished\" content=\"2025-12-10\" \/><meta itemprop=\"dateModified\" content=\"2025-12-10\" \/><meta itemprop=\"name\" content=\"Wirtz Law Lemon Law Attorneys\"\/><meta itemprop=\"url\" content=\"https:\/\/www.wirtzlaw.com\/author\/wirtzadm\/\" \/><meta itemprop=\"name\" content=\"Wirtz Law\" \/><meta itemprop=\"interactionType\" content=\"https:\/\/schema.org\/CommentAction\" \/><meta itemprop=\"userInteractionCount\" content=\"0\" \/><img decoding=\"async\" src=\"\/wp-content\/uploads\/2021\/10\/star-reviews.svg\" alt=\"\" title=\"\">\n<h3>\u201c<a href=\"https:\/\/www.wirtzlaw.com\/es\/resenas\/estoy-encantado-de-haber-sido-referido-a-wirtz-abogados-de-la-ley-de-limon\/\" title=\"Estoy encantado de haber sido referido a Wirtz Law Lemon Law Attorneys.\">Estoy encantado de haber sido referido a Wirtz Law Lemon Law Attorneys.<\/a>\u201c<\/h3>\n\t<p>Estoy encantado de haber sido referido a Wirtz Law Lemon Law Attorneys. Son muy profesionales y muy f\u00e1cil hablar con ellos. Estoy m\u00e1s que satisfecho con el acuerdo que consiguieron para m\u00ed. \u00a1Gracias a todos!<\/p>\n\n\tRobert Y.\n\n\t<meta itemscope itemprop=\"mainEntityOfPage\" itemtype=\"https:\/\/schema.org\/WebPage\" itemid=\"https:\/\/www.wirtzlaw.com\/reviews\/i-cant-thank-wirtz-law-enough\/\" content=\"I can't thank Wirtz Law enough\" \/><meta itemprop=\"datePublished\" content=\"2025-07-14\" \/><meta itemprop=\"dateModified\" content=\"2025-07-14\" \/><meta itemprop=\"name\" content=\"Wirtz Law Lemon Law Attorneys\"\/><meta itemprop=\"url\" content=\"https:\/\/www.wirtzlaw.com\/author\/kfriendadviatech-net\/\" \/><meta itemprop=\"name\" content=\"kfriend@adviatech.net\" \/><meta itemprop=\"interactionType\" content=\"https:\/\/schema.org\/CommentAction\" \/><meta itemprop=\"userInteractionCount\" content=\"0\" \/><img decoding=\"async\" src=\"\/wp-content\/uploads\/2021\/10\/star-reviews.svg\" alt=\"\" title=\"\">\n<h3>\u201c<a href=\"https:\/\/www.wirtzlaw.com\/es\/resenas\/no-puedo-agradecer-lo-suficiente-a-wirtz-law\/\" title=\"Puedo\" t thank wirtz law>No puedo agradecer lo suficiente a Wirtz Law<\/a>\u201c<\/h3>\n\t<p>No puedo agradecer lo suficiente a Wirtz Law. Me ayudaron a deshacerme de mi coche defectuoso y se aseguraron de que el fabricante pagara. Todo el proceso fue sin estr\u00e9s gracias a su experiencia.<\/p>\n\n\tBrian S\n\n\t<meta itemscope itemprop=\"mainEntityOfPage\" itemtype=\"https:\/\/schema.org\/WebPage\" itemid=\"https:\/\/www.wirtzlaw.com\/reviews\/wirtz-law-is-top-notch\/\" content=\"Wirtz Law is top-notch\" \/><meta itemprop=\"datePublished\" content=\"2025-07-14\" \/><meta itemprop=\"dateModified\" content=\"2025-07-14\" \/><meta itemprop=\"name\" content=\"Wirtz Law Lemon Law Attorneys\"\/><meta itemprop=\"url\" content=\"https:\/\/www.wirtzlaw.com\/author\/kfriendadviatech-net\/\" \/><meta itemprop=\"name\" content=\"kfriend@adviatech.net\" \/><meta itemprop=\"interactionType\" content=\"https:\/\/schema.org\/CommentAction\" \/><meta itemprop=\"userInteractionCount\" content=\"0\" \/><img decoding=\"async\" src=\"\/wp-content\/uploads\/2021\/10\/star-reviews.svg\" alt=\"\" title=\"\">\n<h3>\u201c<a href=\"https:\/\/www.wirtzlaw.com\/es\/resenas\/wirtz-law-es-de-primera\/\" title=\"Wirtz Law es de primera\">Wirtz Law es de primera<\/a>\u201c<\/h3>\n\t<p>Si necesita ayuda con un veh\u00edculo de lim\u00f3n, no busque m\u00e1s. Wirtz Law es de primera categor\u00eda. Su equipo est\u00e1 bien informado, sensible, y comprometido a conseguir la compensaci\u00f3n que se merece.<\/p>\n\n\t&amp;dash; Jessica R\n\n\t<meta itemscope itemprop=\"mainEntityOfPage\" itemtype=\"https:\/\/schema.org\/WebPage\" itemid=\"https:\/\/www.wirtzlaw.com\/reviews\/wirtz-law-made-it-easy\/\" content=\"Wirtz Law made it easy\" \/><meta itemprop=\"datePublished\" content=\"2025-07-14\" \/><meta itemprop=\"dateModified\" content=\"2025-07-14\" \/><meta itemprop=\"name\" content=\"Wirtz Law Lemon Law Attorneys\"\/><meta itemprop=\"url\" content=\"https:\/\/www.wirtzlaw.com\/author\/kfriendadviatech-net\/\" \/><meta itemprop=\"name\" content=\"kfriend@adviatech.net\" \/><meta itemprop=\"interactionType\" content=\"https:\/\/schema.org\/CommentAction\" \/><meta itemprop=\"userInteractionCount\" content=\"0\" \/><img decoding=\"async\" src=\"\/wp-content\/uploads\/2021\/10\/star-reviews.svg\" alt=\"\" title=\"\">\n<h3>\u201c<a href=\"https:\/\/www.wirtzlaw.com\/es\/resenas\/wirtz-law-lo-hizo-facil\/\" title=\"Wirtz Law lo hizo f\u00e1cil\">Wirtz Law lo hizo f\u00e1cil<\/a>\u201c<\/h3>\n\t<p>Yo estaba indeciso para iniciar una reclamaci\u00f3n de la ley del lim\u00f3n, pero Wirtz Law lo hizo f\u00e1cil. Respondieron a todas mis preguntas y resolvieron mi caso m\u00e1s r\u00e1pido de lo que esperaba. Verdaderamente profesional y sensible.<\/p>\n\n\tCarlos M\n\n\t<meta itemscope itemprop=\"mainEntityOfPage\" itemtype=\"https:\/\/schema.org\/WebPage\" itemid=\"https:\/\/www.wirtzlaw.com\/reviews\/the-team-at-wirtz-law-was-amazing\/\" content=\"The team at Wirtz Law was amazing!\" \/><meta itemprop=\"datePublished\" content=\"2025-07-14\" \/><meta itemprop=\"dateModified\" content=\"2025-07-14\" \/><meta itemprop=\"name\" content=\"Wirtz Law Lemon Law Attorneys\"\/><meta itemprop=\"url\" content=\"https:\/\/www.wirtzlaw.com\/author\/kfriendadviatech-net\/\" \/><meta itemprop=\"name\" content=\"kfriend@adviatech.net\" \/><meta itemprop=\"interactionType\" content=\"https:\/\/schema.org\/CommentAction\" \/><meta itemprop=\"userInteractionCount\" content=\"0\" \/><img decoding=\"async\" src=\"\/wp-content\/uploads\/2021\/10\/star-reviews.svg\" alt=\"\" title=\"\">\n<h3>\u201c<a href=\"https:\/\/www.wirtzlaw.com\/es\/resenas\/el-equipo-de-wirtz-law-fue-increible\/\" title=\"El equipo de Wirtz Law fue incre\u00edble.\">El equipo de Wirtz Law fue incre\u00edble.<\/a>\u201c<\/h3>\n\t<p>El equipo de Wirtz Law fue incre\u00edble. Me explicaron todo claramente, me guiaron a trav\u00e9s del proceso y lucharon duro para obtener resultados. No podr\u00eda estar m\u00e1s contento con su servicio.<\/p>\n\n\tSandra L\n\n\t<meta itemscope itemprop=\"mainEntityOfPage\" itemtype=\"https:\/\/schema.org\/WebPage\" itemid=\"https:\/\/www.wirtzlaw.com\/reviews\/wirtz-law-apc-is-the-real-deal\/\" content=\"Wirtz Law APC is the real deal\" \/><meta itemprop=\"datePublished\" content=\"2025-07-14\" \/><meta itemprop=\"dateModified\" content=\"2025-07-14\" \/><meta itemprop=\"name\" content=\"Wirtz Law Lemon Law Attorneys\"\/><meta itemprop=\"url\" content=\"https:\/\/www.wirtzlaw.com\/author\/kfriendadviatech-net\/\" \/><meta itemprop=\"name\" content=\"kfriend@adviatech.net\" \/><meta itemprop=\"interactionType\" content=\"https:\/\/schema.org\/CommentAction\" \/><meta itemprop=\"userInteractionCount\" content=\"0\" \/><img decoding=\"async\" src=\"\/wp-content\/uploads\/2021\/10\/star-reviews.svg\" alt=\"\" title=\"\">\n<h3>\u201c<a href=\"https:\/\/www.wirtzlaw.com\/es\/resenas\/wirtz-law-apc-es-el-verdadero-negocio\/\" title=\"Wirtz Law APC es el verdadero negocio\">Wirtz Law APC es el verdadero negocio<\/a>\u201c<\/h3>\n\t<p>Wirtz Law APC es el verdadero negocio. Manejaron mi caso de la ley del lim\u00f3n profesionalmente y eficientemente. Nunca tuve que preguntarme sobre el estado de mi caso, siempre me mantuvieron informado. Al final, me dieron un gran acuerdo....<\/p>\n\n\tMichael T\n\n\t\t\t<a href=\"\/es\/resenas\/\"  target=\"_self\">\n\t\t\t\t\t\t\tVer todos los comentarios\n\t\t\t<\/a>\n<h3>\n\t\t<a href=\"https:\/\/www.wirtzlaw.com\/es\/areas-de-practica\/abogados-de-la-ley-del-limon\/abogado-de-la-ley-del-limon-de-san-diego\/\" title=\"SAN DIEGO\" target=\"_self\">\n\t\t\tSAN DIEGO\t\t<\/a>\n\t<\/h3>\n<h4>\n\t\t\tSEDE Y DIRECCI\u00d3N POSTAL\t<\/h4>\n\t4370 La Jolla Village Drive, Suite 800<br \/>\nSan Diego, CA 92122<br \/>\n<a href=\"tel:+1-858-259-5009\"><strong>Tel\u00e9fono<\/strong> | (858) 259-5009<\/a>\n\t\t\t<a href=\"https:\/\/goo.gl\/maps\/o3jPSQRJ7DjuCTkm8\" target=\"_blank\" rel=\"noopener\">\n\t\t\t\t\t\t\tC\u00f3mo llegar\n\t\t\t<\/a>\n\t<iframe src=\"https:\/\/www.google.com\/maps\/embed?pb=!1m18!1m12!1m3!1d3350.91311871142!2d-117.21384942374463!3d32.874018079021354!2m3!1f0!2f0!3f0!3m2!1i1024!2i768!4f13.1!3m3!1m2!1s0x80d95507e26a7857%3A0x6fb4f72ebeea1727!2sWirtz%20Law%20Lemon%20Law%20Attorneys!5e0!3m2!1sen!2sus!4v1760739242002!5m2!1sen!2sus\" width=\"600\" height=\"350\" allowfullscreen=\"\" loading=\"lazy\" referrerpolicy=\"no-referrer-when-downgrade\"><\/iframe>","protected":false},"excerpt":{"rendered":"<p>Retiro\/Recall de Motor Nissan Turbo: Lo que necesitas saber. REVISI\u00d3N GRATUITA DE CASO. ALERTA AL CONSUMIDOR: Nissan ha anunciado un retiro\/recall significativo que afecta sus motores VC-Turbo, impactando a m\u00e1s de 480,000 veh\u00edculos. El retiro aborda posibles fallos del motor que podr\u00edan representar serios riesgos para los conductores de Nissan. A partir del 25 de agosto de 2025, los propietarios deben esperar recibir una carta de notificaci\u00f3n de Nissan...<\/p>","protected":false},"author":14,"featured_media":7312,"parent":0,"menu_order":0,"comment_status":"closed","ping_status":"closed","template":"","meta":{"_acf_changed":false,"footnotes":""},"class_list":["post-7300","page","type-page","status-publish","has-post-thumbnail","hentry"],"acf":[],"_links":{"self":[{"href":"https:\/\/www.wirtzlaw.com\/es\/wp-json\/wp\/v2\/pages\/7300","targetHints":{"allow":["GET"]}}],"collection":[{"href":"https:\/\/www.wirtzlaw.com\/es\/wp-json\/wp\/v2\/pages"}],"about":[{"href":"https:\/\/www.wirtzlaw.com\/es\/wp-json\/wp\/v2\/types\/page"}],"author":[{"embeddable":true,"href":"https:\/\/www.wirtzlaw.com\/es\/wp-json\/wp\/v2\/users\/14"}],"replies":[{"embeddable":true,"href":"https:\/\/www.wirtzlaw.com\/es\/wp-json\/wp\/v2\/comments?post=7300"}],"version-history":[{"count":13,"href":"https:\/\/www.wirtzlaw.com\/es\/wp-json\/wp\/v2\/pages\/7300\/revisions"}],"predecessor-version":[{"id":7849,"href":"https:\/\/www.wirtzlaw.com\/es\/wp-json\/wp\/v2\/pages\/7300\/revisions\/7849"}],"wp:featuredmedia":[{"embeddable":true,"href":"https:\/\/www.wirtzlaw.com\/es\/wp-json\/wp\/v2\/media\/7312"}],"wp:attachment":[{"href":"https:\/\/www.wirtzlaw.com\/es\/wp-json\/wp\/v2\/media?parent=7300"}],"curies":[{"name":"wp","href":"https:\/\/api.w.org\/{rel}","templated":true}]}}