{"id":7260,"date":"2025-07-10T19:38:26","date_gmt":"2025-07-10T23:38:26","guid":{"rendered":"https:\/\/www.wirtzlaw.com\/?page_id=7260"},"modified":"2026-04-13T18:51:51","modified_gmt":"2026-04-13T22:51:51","slug":"abogados-especialistas-en-derecho-del-limon-6","status":"publish","type":"page","link":"https:\/\/www.wirtzlaw.com\/es\/opt-out\/","title":{"rendered":"Aterrizaje Opt-Out"},"content":{"rendered":"<h1>\n\t\t\tMaximice su reclamo de ley de lim\u00f3n de California\t<\/h1>\n\t<p>Abogado de la Ley del Lim\u00f3n <a href=\"https:\/\/apps.calbar.ca.gov\/attorney\/Licensee\/Detail\/137812\" target=\"_blank\" rel=\"noopener\">Richard Wirtz<\/a> Empodera a los consumidores de California: renuncie a la suscripci\u00f3n y obtenga la m\u00e1xima indemnizaci\u00f3n con las soluciones legales personalizadas de Wirtz Law APC<\/p>\n\t<p>Si te has quedado con un auto defectuoso \u2014ya sea en el sur de California o en el norte\u2014, optar por no participar en una demanda colectiva podr\u00eda suponer una indemnizaci\u00f3n mucho mayor para ti. En Wirtz Law APC, nuestro <a href=\"https:\/\/www.wirtzlaw.com\/es\/areas-de-practica\/abogados-de-la-ley-del-limon\/\">los mejores abogados de la ley del lim\u00f3n<\/a> ayudar a los conductores de California a comprender sus opciones, proteger sus derechos y luchar por la m\u00e1xima indemnizaci\u00f3n que merecen. Le ayudaremos a tomar la mejor decisi\u00f3n para su situaci\u00f3n espec\u00edfica. Usted merece tener un autom\u00f3vil confiable para llevarlo del punto A al punto B.<\/p>\n\t\t\t<a href=\"tel:+18582595009\"  target=\"_self\">\n\t\t\t\t\t\t\tLlama Hoy: 858-259-5009\n\t\t\t\t\t<\/a>\n\t\t\t<a href=\"https:\/\/www.wirtzlaw.com\/es\/contactar-con\/\" target=\"_self\">\n\t\t\t\t\t\t\tCont\u00e1ctanos en l\u00ednea\n\t\t\t\t\t<\/a>\n<h2>\n\t\t\t\u00bfPor qu\u00e9 renunciar a una demanda colectiva?\t<\/h2>\n\t<p><strong>Obt\u00e9n La Compensaci\u00f3n Que Mereces<\/strong> Las demandas colectivas suelen terminar con un acuerdo general que podr\u00eda no cubrir completamente tu situaci\u00f3n y p\u00e9rdidas \u00fanicas. Al optar por salir, tienes la oportunidad de buscar una compensaci\u00f3n que est\u00e9 m\u00e1s en l\u00ednea con lo que has experimentado personalmente.<\/p>\n<p><strong>Soporte Legal Personalizado:<\/strong> Cuando te das de baja, te beneficia tener un <a href=\"https:\/\/www.wirtzlaw.com\/es\/equipo\/\">equipo legal dedicado<\/a> enfocada \u00fanicamente en tu caso. Esto significa mayor atenci\u00f3n al detalle y una estrategia dise\u00f1ada solo para ti.<\/p>\n<p><strong>Sin costos iniciales<\/strong> Creemos en hacer que el apoyo legal de primer nivel sea accesible. Por eso trabajamos a honorarios de contingencia: si no ganamos tu caso, no pagas ninguna tarifa.<\/p>\n<h3>\n\t\t\tLos beneficios de optar por no participar\t<\/h3>\n\t<p><strong>Control sobre tu caso:<\/strong> Al optar por no participar, usted puede tener una voz directa en c\u00f3mo se maneja su caso, desde la presentaci\u00f3n hasta el acuerdo.<\/p>\n<p><strong>Mayor Potencial de Liquidaci\u00f3n: <\/strong>Las reclamaciones individuales a menudo resultan en montos de liquidaci\u00f3n m\u00e1s sustanciales en comparaci\u00f3n con los pagos modestos en acciones colectivas.<\/p>\n<p><strong>Representaci\u00f3n integral<\/strong> Nuestros abogados de ley de lim\u00f3n mejor calificados est\u00e1n comprometidos a explorar todas las v\u00edas para asegurar el mejor resultado posible para su caso.<\/p>\n<h4>\n\t\t<a href=\"https:\/\/www.wirtzlaw.com\/es\/areas-de-practica\/abogados-de-la-ley-del-limon\/por-que-es-una-buena-idea-excluirse-de-una-demanda-colectiva-infografia\/\" title=\"Aprende m\u00e1s con nuestra infograf\u00eda de demanda colectiva:\" target=\"_self\">\n\t\t\tAprende m\u00e1s con nuestra infograf\u00eda de demanda colectiva:\t\t<\/a>\n\t<\/h4>\n<figure itemscope itemtype=\"https:\/\/schema.org\/ImageObject\">\n\t\t\t\t<a href=\"https:\/\/www.wirtzlaw.com\/es\/areas-de-practica\/abogados-de-la-ley-del-limon\/por-que-es-una-buena-idea-excluirse-de-una-demanda-colectiva-infografia\/\" target=\"_self\" itemprop=\"url\">\n\t\t\t\t<img decoding=\"async\" src=\"https:\/\/www.wirtzlaw.com\/wp-content\/uploads\/2025\/07\/ClassActionLawsuit_ShouldIOptOut.jpg\" alt=\"Demandas colectivas\" height=\"1387\" width=\"2400\" title=\"DemandaColectiva_Deber\u00edaExcluirme\" onerror=\"this.style.display='none'\" loading=\"lazy\" \/>\n\t\t\t\t<\/a>\n\t<\/figure>\n<h3>\n\t\t\tWirtz Law APC: Tus Abogados de Ley Lim\u00f3n\t<\/h3>\n\t<p><strong>Servicio a nivel estatal <\/strong>Servimos con orgullo a toda California, brindando asistencia legal est\u00e9s donde est\u00e9s. Hemos ayudado a individuos y familias tan al norte como <a href=\"https:\/\/www.wirtzlaw.com\/es\/areas-de-practica\/abogados-de-la-ley-del-limon\/abogados-de-la-ley-del-limon-del-condado-de-shasta\/\">Shasta County<\/a>El <a href=\"https:\/\/www.wirtzlaw.com\/es\/areas-de-practica\/abogados-de-la-ley-del-limon\/abogados-de-la-ley-del-limon-de-san-francisco\/\">\u00c1rea de la Bah\u00eda de San Francisco<\/a>, a <a href=\"https:\/\/www.wirtzlaw.com\/es\/areas-de-practica\/abogados-de-la-ley-del-limon\/abogados-de-limon-del-condado-de-fresno\/\">Fresno County<\/a>, Reyes County, y tan al sur como <a href=\"https:\/\/www.wirtzlaw.com\/es\/areas-de-practica\/abogados-de-la-ley-del-limon\/abogados-de-la-ley-del-limon-del-condado-de-kern\/\">Kern County<\/a>, <a href=\"https:\/\/www.wirtzlaw.com\/es\/areas-de-practica\/abogados-de-la-ley-del-limon\/los-angeles-lemon-law-abogados\/\">Los Angeles County<\/a>y <a href=\"https:\/\/www.wirtzlaw.com\/es\/areas-de-practica\/abogados-de-la-ley-del-limon\/abogado-de-la-ley-del-limon-de-san-diego\/\">San Diego County<\/a>.<\/p>\n<p><strong>\u00c9xito Comprobado<\/strong> Nuestra trayectoria habla por s\u00ed sola, con una tasa de \u00e9xito del 98% y numerosas victorias en la obtenci\u00f3n de resultados favorables por un total de $76 millones.<\/p>\n<p><strong>Enfoque Centrado en el Cliente:<\/strong> Ponemos \u00e9nfasis en la transparencia y la comunicaci\u00f3n, asegur\u00e1ndonos de que usted est\u00e9 informado y c\u00f3modo durante todo el proceso de reclamo de la ley de limones.<\/p>\n<h3>\n\t\t\tPreguntas frecuentes\t<\/h3>\n\t\t\t\t\t<a role=\"heading\" aria-level=\"2\" tabindex=\"-1\"  id=\"fl-accordion--label-0\">\u00bfQu\u00e9 es una demanda colectiva?<\/a>\n\t\t\t\t\t\t\t\t\t\t\t<button type=\"button\" id=\"fl-accordion--icon-0\" aria-expanded=\"false\" aria-controls=\"fl-accordion--panel-0\"><i>Ampliar<\/i><\/button>\n\t\t\t\t\t<p>Una demanda colectiva es cuando un grupo de personas se une para presentar una reclamaci\u00f3n contra una empresa u organizaci\u00f3n. Si bien es una forma conveniente de gestionar reclamaciones de menor cuant\u00eda, a menudo implica que cada persona podr\u00eda terminar recibiendo menos dinero que si hubiera presentado el caso de forma individual. En Wirtz Law APC, comprendemos las complejidades de las demandas colectivas y podemos orientarlo sobre si excluirse de la demanda podr\u00eda ser la mejor opci\u00f3n para su situaci\u00f3n espec\u00edfica, especialmente si su caso involucra problemas como veh\u00edculos defectuosos que afectan su viaje diario en las principales autopistas de California, como la I-5, la I-605, la I-405 o la US-101.<\/p>\n\t\t\t\t\t<a role=\"heading\" aria-level=\"2\" tabindex=\"-1\"  id=\"fl-accordion--label-1\">\u00bfC\u00f3mo me salgo?<\/a>\n\t\t\t\t\t\t\t\t\t\t\t<button type=\"button\" id=\"fl-accordion--icon-1\" aria-expanded=\"false\" aria-controls=\"fl-accordion--panel-1\"><i>Ampliar<\/i><\/button>\n\t\t\t\t\t<p>La exclusi\u00f3n voluntaria es un proceso sencillo mediante el cual se notifica al tribunal, por escrito, que no desea formar parte de la demanda colectiva. Nuestro experimentado equipo de Wirtz Law APC est\u00e1 aqu\u00ed para guiarlo en este proceso, asegur\u00e1ndose de que todo salga bien para que pueda presentar su propia demanda. Atendemos a clientes en todo el estado, ya sea que circule por las concurridas autopistas del sur de California, como la I-5 y la I-405, o por las importantes rutas del norte de California, como la I-80, la I-580 y la I-680, asegur\u00e1ndonos de que cuente con apoyo legal confiable dondequiera que viaje.<\/p>\n\t\t\t\t\t<a role=\"heading\" aria-level=\"2\" tabindex=\"-1\"  id=\"fl-accordion--label-2\">\u00bfOptar por no participar tendr\u00e1 alg\u00fan costo para m\u00ed?<\/a>\n\t\t\t\t\t\t\t\t\t\t\t<button type=\"button\" id=\"fl-accordion--icon-2\" aria-expanded=\"false\" aria-controls=\"fl-accordion--panel-2\"><i>Ampliar<\/i><\/button>\n\t\t\t\t\t<p>En absoluto. En Wirtz Law APC, trabajamos bajo la modalidad \u00absi no ganamos, no cobramos\u00bb. Esto significa que no tendr\u00e1 que pagarnos nada a menos que ganemos su caso. Es nuestra forma de asegurarnos de que recibas un apoyo legal de primera clase sin ning\u00fan riesgo financiero. Ya sea que est\u00e9s lidiando con un veh\u00edculo defectuoso que afecta tu conducci\u00f3n diaria en autopistas como la CA-1 o la I-580, nuestro bufete se dedica a brindar asistencia legal personalizada y eficaz en toda California.<\/p>\n<h4>\n\t\t\tContacte con Wirtz Law APC hoy mismo\t<\/h4>\n\t<p><strong>\u00bfListo para tomar el control de tu reclamo de la Ley Lim\u00f3n? Cont\u00e1ctanos hoy mismo al <a href=\"tel:1-858-259-5009\">858-259-5009<\/a> para una consulta gratuita.<\/strong><\/p>\n<p>Nuestros experimentados abogados de la ley del lim\u00f3n Los Angeles est\u00e1n aqu\u00ed para ofrecerle asesoramiento personalizado y el liderazgo que necesita para su veh\u00edculo.<\/p>\n<p>En <a href=\"https:\/\/www.wirtzlaw.com\/es\/\">Wirtz Law APC<\/a>, no solo hablamos de resultados, sino que nos ganamos el reconocimiento por ellos. Nuestro equipo ha recuperado $76 millones de d\u00f3lares para los consumidores de todo el Estado Dorado. Sigue marcando la pauta de excelencia en los casos relacionados con la Ley del Lim\u00f3n de California en <a href=\"https:\/\/www.wirtzlaw.com\/es\/zonas-que-atendemos-3\/\">Norte de California<\/a>, <a href=\"https:\/\/www.wirtzlaw.com\/es\/zonas-que-atendemos\/\">Sur de California<\/a>y <a href=\"https:\/\/www.wirtzlaw.com\/es\/zonas-que-atendemos-4\/\">California Central<\/a>.<\/p>\n\t\t\t<a href=\"https:\/\/www.wirtzlaw.com\/es\/contactar-con\/\" target=\"_self\">\n\t\t\t\t\t\t\tCont\u00e1ctanos en l\u00ednea\n\t\t\t\t\t<\/a>\n<figure itemscope itemtype=\"https:\/\/schema.org\/ImageObject\">\n\t\t\t\t<a href=\"https:\/\/www.wirtzlaw.com\/es\/areas-de-practica\/abogados-de-la-ley-del-limon\/por-que-es-una-buena-idea-excluirse-de-una-demanda-colectiva-infografia\/\" target=\"_self\" itemprop=\"url\">\n\t\t\t\t<img decoding=\"async\" src=\"https:\/\/www.wirtzlaw.com\/wp-content\/uploads\/2025\/07\/ClassActionLawsuit_optOut.jpg\" alt=\"Demanda Colectiva Exclusi\u00f3n\" height=\"1874\" width=\"2400\" title=\"Acci\u00f3nColectiva_optOut\" onerror=\"this.style.display='none'\" loading=\"lazy\" \/>\n\t\t\t\t<\/a>\n\t<\/figure>\n<h3>\n\t\t\tMira lo que clientes anteriores han compartido sobre nosotros en nuestras rese\u00f1as de Google:\t<\/h3>\n\t<meta itemscope itemprop=\"mainEntityOfPage\" itemtype=\"https:\/\/schema.org\/WebPage\" itemid=\"https:\/\/www.wirtzlaw.com\/reviews\/wirtz-law-apc-is-the-real-deal\/\" content=\"Wirtz Law APC is the real deal\" \/><meta itemprop=\"datePublished\" content=\"2025-07-14\" \/><meta itemprop=\"dateModified\" content=\"2025-07-14\" \/><meta itemprop=\"name\" content=\"Wirtz Law Lemon Law Attorneys\"\/><meta itemprop=\"url\" content=\"https:\/\/www.wirtzlaw.com\/author\/kfriendadviatech-net\/\" \/><meta itemprop=\"name\" content=\"kfriend@adviatech.net\" \/><meta itemprop=\"interactionType\" content=\"https:\/\/schema.org\/CommentAction\" \/><meta itemprop=\"userInteractionCount\" content=\"0\" \/><img decoding=\"async\" src=\"\/wp-content\/uploads\/2021\/10\/star-reviews.svg\" alt=\"\" title=\"\">\n<h3>\u201c<a href=\"https:\/\/www.wirtzlaw.com\/es\/resenas\/wirtz-law-apc-es-el-verdadero-negocio\/\" title=\"Wirtz Law APC es el verdadero negocio\">Wirtz Law APC es el verdadero negocio<\/a>\u201c<\/h3>\n\t<p>Wirtz Law APC es el verdadero negocio. Manejaron mi caso de la ley del lim\u00f3n profesionalmente y eficientemente. Nunca tuve que preguntarme sobre el estado de mi caso, siempre me mantuvieron informado. Al final, me dieron un gran acuerdo....<\/p>\n\n\tMichael T\n\n\t<meta itemscope itemprop=\"mainEntityOfPage\" itemtype=\"https:\/\/schema.org\/WebPage\" itemid=\"https:\/\/www.wirtzlaw.com\/reviews\/the-team-at-wirtz-law-was-amazing\/\" content=\"The team at Wirtz Law was amazing!\" \/><meta itemprop=\"datePublished\" content=\"2025-07-14\" \/><meta itemprop=\"dateModified\" content=\"2025-07-14\" \/><meta itemprop=\"name\" content=\"Wirtz Law Lemon Law Attorneys\"\/><meta itemprop=\"url\" content=\"https:\/\/www.wirtzlaw.com\/author\/kfriendadviatech-net\/\" \/><meta itemprop=\"name\" content=\"kfriend@adviatech.net\" \/><meta itemprop=\"interactionType\" content=\"https:\/\/schema.org\/CommentAction\" \/><meta itemprop=\"userInteractionCount\" content=\"0\" \/><img decoding=\"async\" src=\"\/wp-content\/uploads\/2021\/10\/star-reviews.svg\" alt=\"\" title=\"\">\n<h3>\u201c<a href=\"https:\/\/www.wirtzlaw.com\/es\/resenas\/el-equipo-de-wirtz-law-fue-increible\/\" title=\"El equipo de Wirtz Law fue incre\u00edble.\">El equipo de Wirtz Law fue incre\u00edble.<\/a>\u201c<\/h3>\n\t<p>El equipo de Wirtz Law fue incre\u00edble. Me explicaron todo claramente, me guiaron a trav\u00e9s del proceso y lucharon duro para obtener resultados. No podr\u00eda estar m\u00e1s contento con su servicio.<\/p>\n\n\tSandra L\n\n\t<meta itemscope itemprop=\"mainEntityOfPage\" itemtype=\"https:\/\/schema.org\/WebPage\" itemid=\"https:\/\/www.wirtzlaw.com\/reviews\/wirtz-law-made-it-easy\/\" content=\"Wirtz Law made it easy\" \/><meta itemprop=\"datePublished\" content=\"2025-07-14\" \/><meta itemprop=\"dateModified\" content=\"2025-07-14\" \/><meta itemprop=\"name\" content=\"Wirtz Law Lemon Law Attorneys\"\/><meta itemprop=\"url\" content=\"https:\/\/www.wirtzlaw.com\/author\/kfriendadviatech-net\/\" \/><meta itemprop=\"name\" content=\"kfriend@adviatech.net\" \/><meta itemprop=\"interactionType\" content=\"https:\/\/schema.org\/CommentAction\" \/><meta itemprop=\"userInteractionCount\" content=\"0\" \/><img decoding=\"async\" src=\"\/wp-content\/uploads\/2021\/10\/star-reviews.svg\" alt=\"\" title=\"\">\n<h3>\u201c<a href=\"https:\/\/www.wirtzlaw.com\/es\/resenas\/wirtz-law-lo-hizo-facil\/\" title=\"Wirtz Law lo hizo f\u00e1cil\">Wirtz Law lo hizo f\u00e1cil<\/a>\u201c<\/h3>\n\t<p>Yo estaba indeciso para iniciar una reclamaci\u00f3n de la ley del lim\u00f3n, pero Wirtz Law lo hizo f\u00e1cil. Respondieron a todas mis preguntas y resolvieron mi caso m\u00e1s r\u00e1pido de lo que esperaba. Verdaderamente profesional y sensible.<\/p>\n\n\tCarlos M\n\n\t<meta itemscope itemprop=\"mainEntityOfPage\" itemtype=\"https:\/\/schema.org\/WebPage\" itemid=\"https:\/\/www.wirtzlaw.com\/reviews\/wirtz-law-is-top-notch\/\" content=\"Wirtz Law is top-notch\" \/><meta itemprop=\"datePublished\" content=\"2025-07-14\" \/><meta itemprop=\"dateModified\" content=\"2025-07-14\" \/><meta itemprop=\"name\" content=\"Wirtz Law Lemon Law Attorneys\"\/><meta itemprop=\"url\" content=\"https:\/\/www.wirtzlaw.com\/author\/kfriendadviatech-net\/\" \/><meta itemprop=\"name\" content=\"kfriend@adviatech.net\" \/><meta itemprop=\"interactionType\" content=\"https:\/\/schema.org\/CommentAction\" \/><meta itemprop=\"userInteractionCount\" content=\"0\" \/><img decoding=\"async\" src=\"\/wp-content\/uploads\/2021\/10\/star-reviews.svg\" alt=\"\" title=\"\">\n<h3>\u201c<a href=\"https:\/\/www.wirtzlaw.com\/es\/resenas\/wirtz-law-es-de-primera\/\" title=\"Wirtz Law es de primera\">Wirtz Law es de primera<\/a>\u201c<\/h3>\n\t<p>Si necesita ayuda con un veh\u00edculo de lim\u00f3n, no busque m\u00e1s. Wirtz Law es de primera categor\u00eda. Su equipo est\u00e1 bien informado, sensible, y comprometido a conseguir la compensaci\u00f3n que se merece.<\/p>\n\n\t&amp;dash; Jessica R\n\n\t<meta itemscope itemprop=\"mainEntityOfPage\" itemtype=\"https:\/\/schema.org\/WebPage\" itemid=\"https:\/\/www.wirtzlaw.com\/reviews\/i-cant-thank-wirtz-law-enough\/\" content=\"I can't thank Wirtz Law enough\" \/><meta itemprop=\"datePublished\" content=\"2025-07-14\" \/><meta itemprop=\"dateModified\" content=\"2025-07-14\" \/><meta itemprop=\"name\" content=\"Wirtz Law Lemon Law Attorneys\"\/><meta itemprop=\"url\" content=\"https:\/\/www.wirtzlaw.com\/author\/kfriendadviatech-net\/\" \/><meta itemprop=\"name\" content=\"kfriend@adviatech.net\" \/><meta itemprop=\"interactionType\" content=\"https:\/\/schema.org\/CommentAction\" \/><meta itemprop=\"userInteractionCount\" content=\"0\" \/><img decoding=\"async\" src=\"\/wp-content\/uploads\/2021\/10\/star-reviews.svg\" alt=\"\" title=\"\">\n<h3>\u201c<a href=\"https:\/\/www.wirtzlaw.com\/es\/resenas\/no-puedo-agradecer-lo-suficiente-a-wirtz-law\/\" title=\"Puedo\" t thank wirtz law>No puedo agradecer lo suficiente a Wirtz Law<\/a>\u201c<\/h3>\n\t<p>No puedo agradecer lo suficiente a Wirtz Law. Me ayudaron a deshacerme de mi coche defectuoso y se aseguraron de que el fabricante pagara. Todo el proceso fue sin estr\u00e9s gracias a su experiencia.<\/p>\n\n\tBrian S\n\n\t\t\t<a href=\"\/es\/resenas\/\"  target=\"_self\">\n\t\t\t\t\t\t\tVer todos los comentarios\n\t\t\t<\/a>\n<h3>\n\t\t\tAbogados Premiados de Ley de Limones en Quienes Puede Confiar\t<\/h3>\n<h4>\n\t\t\tNuestros premios y honores incluyen:\t<\/h4>\n\t<strong>Expertise.com<\/strong> \u2013 Los mejores abogados litigantes en San Diego (2022)<br \/>\nReconocido por ofrecer consistentemente una representaci\u00f3n legal y un servicio al cliente excepcionales.\n<p><strong>S\u00faper Abogados<\/strong> \u2013 Seleccionado por compa\u00f1eros y l\u00edderes de la industria por logros profesionales excepcionales y altos est\u00e1ndares \u00e9ticos.<\/p>\n<p><strong>Calificaci\u00f3n AV Preeminent\u00ae de Martindale-Hubbell<\/strong> \u2013 La m\u00e1xima calificaci\u00f3n posible en cuanto a competencia jur\u00eddica y est\u00e1ndares \u00e9ticos, obtenida por menos del 10% de los abogados de todo el pa\u00eds.<\/p>\n\t<strong>Los 100 mejores abogados litigantes<\/strong> \u2013 Los Abogados Nacionales Demandantes<br \/>\nReconocido como uno de los principales defensores del pa\u00eds en protecci\u00f3n al consumidor y litigios complejos.\n<strong>San Diego Asociaci\u00f3n de Abogados del Condado Firmante del Compromiso de Diversidad<\/strong> \u2013<br \/>\nDemostrando nuestro compromiso con la inclusi\u00f3n y la equidad en la profesi\u00f3n legal.\n<strong>100% Club<\/strong> \u2013 Colegio de Abogados San Diego County (2022)<br \/>\nReconocidos por la dedicaci\u00f3n de toda nuestra firma al desarrollo profesional y la excelencia.\n<figure itemscope itemtype=\"https:\/\/schema.org\/ImageObject\">\n\t\t\t\t<img decoding=\"async\" src=\"https:\/\/www.wirtzlaw.com\/wp-content\/uploads\/2022\/07\/ca_san-diego_litigation-attorneys_2022.webp\" alt=\"Los mejores abogados de litigios\" height=\"320\" width=\"400\" title=\"ca_san-diego_litigation-attorneys_2022\" onerror=\"this.style.display='none'\" loading=\"lazy\" \/>\n\t<\/figure>\n<figure itemscope itemtype=\"https:\/\/schema.org\/ImageObject\">\n\t\t\t\t<img decoding=\"async\" src=\"https:\/\/www.wirtzlaw.com\/wp-content\/uploads\/2021\/10\/av-rated.png\" alt=\"Calificado como AV Preeminente por Martindale-Hubbell\" height=\"94\" width=\"288\" title=\"calificaci\u00f3n av\" onerror=\"this.style.display='none'\" loading=\"lazy\" \/>\n\t<\/figure>\n<figure itemscope itemtype=\"https:\/\/schema.org\/ImageObject\">\n\t\t\t\t<img decoding=\"async\" src=\"https:\/\/www.wirtzlaw.com\/wp-content\/uploads\/2021\/10\/superlawyer@2x.png\" alt=\"superabogado@2x\" height=\"124\" width=\"528\" title=\"superabogado@2x\" onerror=\"this.style.display='none'\" loading=\"lazy\" \/>\n\t<\/figure>\n<figure itemscope itemtype=\"https:\/\/schema.org\/ImageObject\">\n\t\t\t\t<img decoding=\"async\" src=\"https:\/\/www.wirtzlaw.com\/wp-content\/uploads\/2021\/10\/top-100@2x.png\" alt=\"Top 100 de National Trial Lawyers\" height=\"202\" width=\"388\" title=\"top-100@2x\" onerror=\"this.style.display='none'\" loading=\"lazy\" \/>\n\t<\/figure>\n<figure itemscope itemtype=\"https:\/\/schema.org\/ImageObject\">\n\t\t\t\t<img decoding=\"async\" src=\"https:\/\/www.wirtzlaw.com\/wp-content\/uploads\/2021\/10\/diversity.png\" alt=\"San Diego Asociaci\u00f3n de Abogados del Condado Firmante del Compromiso de Diversidad\" height=\"110\" width=\"132\" title=\"diversidad\" onerror=\"this.style.display='none'\" loading=\"lazy\" \/>\n\t<\/figure>\n<figure itemscope itemtype=\"https:\/\/schema.org\/ImageObject\">\n\t\t\t\t<img decoding=\"async\" src=\"https:\/\/www.wirtzlaw.com\/wp-content\/uploads\/2022\/02\/2022-100-Club-member-badge@2x.png\" alt=\"San Diego Colegio de Abogados 100% Miembro del Club\" height=\"158\" width=\"378\" title=\"2022 100% Distintivo de socio del club@2x\" onerror=\"this.style.display='none'\" loading=\"lazy\" \/>\n\t<\/figure>\n<h4>\n\t\t\tPor qu\u00e9 esto importa\t<\/h4>\n\t<p>Al elegir Wirtz Law APC, usted trabaja con un equipo que ha sido reconocido consistentemente por ofrecer resultados, proteger a los consumidores y llevar los casos hasta juicio si es necesario.<\/p>\n<p>No se conforme con menos. Trabaje con un l\u00edder comprobado en la Ley de Limones de California.<\/p>\n<p>\ud83d\udcde \u00bfListo para empezar? <a href=\"tel:+18582595009\"><strong>Llame hoy para una revisi\u00f3n gratuita de su caso.<\/strong><\/a><\/p>\n\t<p>Wirtz Law ha obtenido con \u00e9xito recuperaciones para nuestros clientes por un valor superior a $76 millones.<\/p>\n\t\t\t<a href=\"\/es\/resultados\/\"  target=\"_self\">\n\t\t\t\t\t\t\tVer resultados del caso\n\t\t\t<\/a>\n<h3>\n\t\t<a href=\"https:\/\/www.wirtzlaw.com\/es\/areas-de-practica\/abogados-de-la-ley-del-limon\/abogado-de-la-ley-del-limon-de-san-diego\/\" title=\"SAN DIEGO\" target=\"_self\">\n\t\t\tSAN DIEGO\t\t<\/a>\n\t<\/h3>\n<h4>\n\t\t\tSEDE Y DIRECCI\u00d3N POSTAL\t<\/h4>\n\t4370 La Jolla Village Drive, Suite 800<br \/>\nSan Diego, CA 92122<br \/>\n<a href=\"tel:+1-858-259-5009\"><strong>Tel\u00e9fono<\/strong> | (858) 259-5009<\/a>\n\t\t\t<a href=\"https:\/\/goo.gl\/maps\/o3jPSQRJ7DjuCTkm8\" target=\"_blank\" rel=\"noopener\">\n\t\t\t\t\t\t\tC\u00f3mo llegar\n\t\t\t<\/a>\n\t<iframe src=\"https:\/\/www.google.com\/maps\/embed?pb=!1m18!1m12!1m3!1d3350.91311871142!2d-117.21384942374463!3d32.874018079021354!2m3!1f0!2f0!3f0!3m2!1i1024!2i768!4f13.1!3m3!1m2!1s0x80d95507e26a7857%3A0x6fb4f72ebeea1727!2sWirtz%20Law%20Lemon%20Law%20Attorneys!5e0!3m2!1sen!2sus!4v1760739242002!5m2!1sen!2sus\" width=\"600\" height=\"350\" allowfullscreen=\"\" loading=\"lazy\" referrerpolicy=\"no-referrer-when-downgrade\"><\/iframe>","protected":false},"excerpt":{"rendered":"<p>Saca el m\u00e1ximo provecho a tu reclamaci\u00f3n bajo la Ley del Lim\u00f3n de California. El abogado especializado en la Ley del Lim\u00f3n Richard Wirtz ayuda a los consumidores de California: ret\u00edrate de la demanda colectiva y maximiza tu indemnizaci\u00f3n con las soluciones legales personalizadas de Wirtz Law APC. Si te has quedado con un auto defectuoso \u2014ya sea en el sur de California o en el norte\u2014, retirarte de una demanda colectiva podr\u00eda significar una indemnizaci\u00f3n mucho mayor para ti. En Wirtz\u2026<\/p>","protected":false},"author":14,"featured_media":6463,"parent":0,"menu_order":0,"comment_status":"closed","ping_status":"closed","template":"","meta":{"_acf_changed":false,"footnotes":""},"class_list":["post-7260","page","type-page","status-publish","has-post-thumbnail","hentry"],"acf":[],"_links":{"self":[{"href":"https:\/\/www.wirtzlaw.com\/es\/wp-json\/wp\/v2\/pages\/7260","targetHints":{"allow":["GET"]}}],"collection":[{"href":"https:\/\/www.wirtzlaw.com\/es\/wp-json\/wp\/v2\/pages"}],"about":[{"href":"https:\/\/www.wirtzlaw.com\/es\/wp-json\/wp\/v2\/types\/page"}],"author":[{"embeddable":true,"href":"https:\/\/www.wirtzlaw.com\/es\/wp-json\/wp\/v2\/users\/14"}],"replies":[{"embeddable":true,"href":"https:\/\/www.wirtzlaw.com\/es\/wp-json\/wp\/v2\/comments?post=7260"}],"version-history":[{"count":23,"href":"https:\/\/www.wirtzlaw.com\/es\/wp-json\/wp\/v2\/pages\/7260\/revisions"}],"predecessor-version":[{"id":7850,"href":"https:\/\/www.wirtzlaw.com\/es\/wp-json\/wp\/v2\/pages\/7260\/revisions\/7850"}],"wp:featuredmedia":[{"embeddable":true,"href":"https:\/\/www.wirtzlaw.com\/es\/wp-json\/wp\/v2\/media\/6463"}],"wp:attachment":[{"href":"https:\/\/www.wirtzlaw.com\/es\/wp-json\/wp\/v2\/media?parent=7260"}],"curies":[{"name":"wp","href":"https:\/\/api.w.org\/{rel}","templated":true}]}}