{"id":7067,"date":"2025-06-17T17:49:36","date_gmt":"2025-06-17T21:49:36","guid":{"rendered":"https:\/\/www.wirtzlaw.com\/?page_id=7067"},"modified":"2025-06-17T17:49:38","modified_gmt":"2025-06-17T21:49:38","slug":"abogado-de-la-ley-del-limon-anderson","status":"publish","type":"page","link":"https:\/\/www.wirtzlaw.com\/es\/practice-areas\/lemon-law-attorneys\/anderson-lemon-law-attorney\/","title":{"rendered":"Ley del Lim\u00f3n de Anderson"},"content":{"rendered":"<p>Cuando usted compra un veh\u00edculo nuevo o usado certificado, usted espera que sea confiable, seguro y libre de defectos. Desafortunadamente, muchos consumidores en Anderson, California, lidian con problemas mec\u00e1nicos persistentes que los concesionarios y fabricantes no resuelven. Si su auto tiene problemas recurrentes de motor, transmisi\u00f3n, frenos o electricidad, usted puede ser elegible para compensaci\u00f3n bajo <a href=\"https:\/\/www.wirtzlaw.com\/es\/areas-de-practica\/abogados-de-la-ley-del-limon\/\">Ley del Lim\u00f3n de California<\/a>.<\/p>\n\n\n\n<p>A <a href=\"https:\/\/www.wirtzlaw.com\/wp-content\/uploads\/2025\/06\/Rodriguez-v.-FCA-California-Supreme-Court-Opinion.pdf\" target=\"_blank\" rel=\"noreferrer noopener\">reciente sentencia del Tribunal Supremo de California<\/a> el 31 de octubre de 2024, revoc\u00f3 m\u00e1s de 40 a\u00f1os de interpretaci\u00f3n y aplicaci\u00f3n existentes de la ley del lim\u00f3n y dictamin\u00f3 que un veh\u00edculo comprado con una garant\u00eda de coche nuevo del fabricante que no ha expirado no se considera un \"veh\u00edculo de motor nuevo\" bajo las protecciones de la ley del lim\u00f3n a menos que la garant\u00eda se emitiera en el momento de la venta. <a href=\"https:\/\/lawfirmnewswire.com\/2024\/10\/wirtz-law-lemon-law-attorneys-warns-consumers-to-avoid-purchasing-us\" target=\"_blank\" rel=\"noreferrer noopener\">Esta decisi\u00f3n<\/a> ha devastado a los consumidores que compraron veh\u00edculos usados con garant\u00edas de f\u00e1brica restantes, pero ahora no tienen derechos de la Ley del Lim\u00f3n a menos que hayan comprado un veh\u00edculo usado certificado.  Si usted no est\u00e1 seguro acerca de sus derechos, hablar con un <a href=\"https:\/\/www.wirtzlaw.com\/es\/equipo\/\">abogado con experiencia en la Ley del Lim\u00f3n de Anderson<\/a> puede ayudarle a determinar si su coche cumple los requisitos.<\/p>\n\n\n\n<p>En <a href=\"https:\/\/www.wirtzlaw.com\/es\/\">Wirtz Law<\/a>Proporcionamos representaci\u00f3n legal agresiva para los consumidores de autom\u00f3viles en todo California. Nuestra firma tiene <a href=\"https:\/\/www.wirtzlaw.com\/es\/resultados\/\">recuper\u00f3 $76 millones<\/a> de clientes que compraron veh\u00edculos defectuosos. La Ley del Lim\u00f3n de California protege a los consumidores de veh\u00edculos defectuosos, tanto si se trata de un concesionario que se niega a reparar el coche como de un fabricante. A\u00fan as\u00ed, los fabricantes a menudo se resisten a las reclamaciones para evitar pagar reembolsos o reemplazar los coches. Si usted est\u00e1 tratando con un veh\u00edculo de lim\u00f3n en Anderson, <a href=\"https:\/\/www.wirtzlaw.com\/es\/contactar-con\/\">emprender acciones legales<\/a> puede ayudarle a obtener una indemnizaci\u00f3n y a exigir responsabilidades al fabricante.<\/p>\n\n\n\n<h2 class=\"wp-block-heading\">Comprender las protecciones de la Ley del Lim\u00f3n en Anderson, California<\/h2>\n\n\n\n<p>La Ley del Lim\u00f3n de California protege a los propietarios de veh\u00edculos de fallos mec\u00e1nicos recurrentes que los concesionarios y los fabricantes no consiguen resolver. Si un coche experimenta m\u00faltiples intentos de reparaci\u00f3n por el mismo problema o pasa mucho tiempo fuera de servicio, puede acogerse a la Ley del Lim\u00f3n de California. Sin embargo, la aplicaci\u00f3n de la ley sigue evolucionando, y recientes sentencias judiciales han introducido nuevas interpretaciones legales que los consumidores deben conocer.<\/p>\n\n\n\n<h2 class=\"wp-block-heading\">C\u00f3mo difiere la Ley del Lim\u00f3n para veh\u00edculos nuevos frente a veh\u00edculos usados en Anderson<\/h2>\n\n\n\n<p>La Ley del Lim\u00f3n de California se aplica a los veh\u00edculos nuevos y usados de segunda mano certificados.<\/p>\n\n\n\n<h3 class=\"wp-block-heading\">Veh\u00edculos nuevos en Anderson<\/h3>\n\n\n\n<p>Un veh\u00edculo nuevo puede acogerse a la Ley del Lim\u00f3n si estaba cubierto por la garant\u00eda del fabricante en el momento en que se denunci\u00f3 el defecto. Entre los problemas m\u00e1s comunes se incluyen fallos persistentes del motor, defectos relacionados con la seguridad, fallos del sistema el\u00e9ctrico y problemas de transmisi\u00f3n. Si el fabricante o el concesionario no resuelven permanentemente estos problemas, el propietario puede tener derecho a un reembolso o a un veh\u00edculo de sustituci\u00f3n.<\/p>\n\n\n\n<h3 class=\"wp-block-heading\">Veh\u00edculos de ocasi\u00f3n Anderson&nbsp;<\/h3>\n\n\n\n<p>Un coche usado puede calificar para las protecciones de la Ley del Lim\u00f3n si se vendi\u00f3 como un veh\u00edculo de segunda mano certificado que normalmente modifica y ampl\u00eda la garant\u00eda original de f\u00e1brica. Sin embargo, si usted simplemente compr\u00f3 un veh\u00edculo usado con un no-fabricante, contratos de servicio de terceros o garant\u00edas del mercado de accesorios, entonces de acuerdo con la decisi\u00f3n hist\u00f3rica de la Corte Suprema de California el 31 de octubre de 2024, revirtiendo la ley existente, usted no tiene ning\u00fan derecho de la ley del lim\u00f3n para protegerlo por ese veh\u00edculo usado. Esto puede ser confuso para un consumidor, por lo que debe consultar de inmediato con un abogado experto en la Ley del Lim\u00f3n de Anderson.<\/p>\n\n\n\n<h2 class=\"wp-block-heading\">La naturaleza evolutiva de la Ley del Lim\u00f3n de California - C\u00f3mo se aplica a su veh\u00edculo Anderson<\/h2>\n\n\n\n<p>Una reciente sentencia del Tribunal Supremo de California, de 31 de octubre de 2024, revoc\u00f3 la interpretaci\u00f3n existente, de 40 a\u00f1os de antig\u00fcedad, de la ley del lim\u00f3n de California, eviscerando todos los derechos de la ley del lim\u00f3n para los consumidores que m\u00e1s necesitan la ley del lim\u00f3n: los compradores de coches usados con garant\u00eda original del fabricante no caducada restante.  El tribunal determin\u00f3 que un veh\u00edculo comprado con una garant\u00eda del fabricante no vencida no califica como un \"veh\u00edculo de motor nuevo\" en virtud de la Ley del Lim\u00f3n a menos que una nueva garant\u00eda, como las que forman parte de los programas Certified Pre-Owned, se emiti\u00f3 en el momento de la venta.<\/p>\n\n\n\n<p>Si bien este fallo protege a los compradores de veh\u00edculos seminuevos certificados, la mayor\u00eda de los autos usados no est\u00e1n certificados y ya no est\u00e1n protegidos por la ley del lim\u00f3n de California.  Debido a que la interpretaci\u00f3n de las protecciones de la Ley del Lim\u00f3n sigue evolucionando, consultar a un abogado de la Ley del Lim\u00f3n de Anderson le asegura recibir la orientaci\u00f3n legal m\u00e1s actualizada sobre si su veh\u00edculo califica para compensaci\u00f3n bajo la ley de California.<\/p>\n\n\n\n<h2 class=\"wp-block-heading\">Por qu\u00e9 algunos coches son Lemons y otros no<\/h2>\n\n\n\n<p>No todos los veh\u00edculos con problemas mec\u00e1nicos cumplen los requisitos de la Ley del Lim\u00f3n de California. Varios factores legales y t\u00e9cnicos determinan si un coche es elegible para una recompra, sustituci\u00f3n o compensaci\u00f3n. La comprensi\u00f3n de estos factores puede ayudarle a evaluar si su veh\u00edculo cumple con la definici\u00f3n legal de un lim\u00f3n.<\/p>\n\n\n\n<h3 class=\"wp-block-heading\">El defecto o defectos deben perjudicar sustancialmente el uso, el valor o la seguridad.<\/h3>\n\n\n\n<p>La Ley del Lim\u00f3n de California no cubre defectos cosm\u00e9ticos menores o inconvenientes a menos que afecten sustancialmente al uso, valor o seguridad del coche. Por ejemplo, las bombillas fundidas, las arrugas en el cuero de los asientos o los golpes en las puertas no suelen estar cubiertos. Sin embargo, es probable que los defectos relacionados con el frenado, la direcci\u00f3n, la aceleraci\u00f3n, la transmisi\u00f3n o el mal funcionamiento el\u00e9ctrico y las funciones inform\u00e1ticas cumplan las normas de la Ley del Lim\u00f3n.<\/p>\n\n\n\n<h3 class=\"wp-block-heading\">N\u00famero de intentos de reparaci\u00f3n<\/h3>\n\n\n\n<p>Un veh\u00edculo debe haber sido sometido a m\u00faltiples intentos de reparaci\u00f3n ya sea por un solo defecto o por varios defectos diferentes para ser considerado un lim\u00f3n. En concreto, la Ley del Lim\u00f3n de California establece que un coche califica si ha sido:<\/p>\n\n\n\n<ul class=\"wp-block-list\">\n<li><em>Presentado a reparaciones al menos dos veces: no se cuentan las presentaciones duplicadas<\/em><\/li>\n\n\n\n<li><em>O, <\/em><em>fuera de servicio durante al menos 30 d\u00edas acumulativos debido a reparaciones cubiertas por la garant\u00eda.<\/em><\/li>\n<\/ul>\n\n\n\n<p>Si su veh\u00edculo cumple alguna de estas condiciones, es posible que pueda acogerse a la Ley del Lim\u00f3n y que tenga derecho a un reembolso o a la sustituci\u00f3n del veh\u00edculo en virtud de la Ley del Lim\u00f3n de California.<\/p>\n\n\n\n<h3 class=\"wp-block-heading\">Impacto en la seguridad y la conducci\u00f3n<\/h3>\n\n\n\n<p><a href=\"https:\/\/www.wirtzlaw.com\/es\/areas-de-practica\/abogados-de-la-ley-del-limon\/abogado-de-la-ley-del-limon-de-san-diego\/abogado-de-coches-defectuosos\/\">Defectos<\/a> que ponen en peligro la seguridad del conductor o de los pasajeros son graves. Los fallos de los frenos, la aceleraci\u00f3n involuntaria, el mal funcionamiento de la direcci\u00f3n asistida y los defectos de los airbags son indicadores claros de que un veh\u00edculo puede considerarse defectuoso.<\/p>\n\n\n\n<p>Dado que los fabricantes a menudo niegan las reclamaciones de la Ley del Lim\u00f3n, consultar a un abogado de la Ley del Lim\u00f3n de Anderson puede ayudar a asegurar que su caso se presente correctamente y maximizar sus posibilidades de \u00e9xito.<\/p>\n\n\n\n<h2 class=\"wp-block-heading\">Los 5 defectos m\u00e1s comunes que pueden dar lugar a un caso Anderson Lemon Law<\/h2>\n\n\n\n<p>Los consumidores que han seguido un litigio de la Ley del Lim\u00f3n en California a menudo experimentan m\u00faltiples fallos mec\u00e1nicos antes de emprender acciones legales. Algunos de los problemas m\u00e1s comunes pueden incluir:<\/p>\n\n\n\n<h3 class=\"wp-block-heading\">1. Fallos de transmisi\u00f3n<\/h3>\n\n\n\n<p>Los retrasos en el cambio, el patinaje de las marchas, las vibraciones fuertes y la p\u00e9rdida repentina de potencia son <a href=\"https:\/\/www.wirtzlaw.com\/es\/detectar-los-signos-de-una-transmision-defectuosa\/\">signos comunes de una transmisi\u00f3n defectuosa<\/a>. Varios fabricantes, entre ellos <a href=\"https:\/\/www.wirtzlaw.com\/es\/areas-de-practica\/abogados-de-la-ley-del-limon\/abogados-ford-lemon-law\/\">Ford<\/a>, <a href=\"https:\/\/www.wirtzlaw.com\/es\/areas-de-practica\/abogados-de-la-ley-del-limon\/abogados-nissan-lemon-law\/\">Nissan<\/a>y <a href=\"https:\/\/www.wirtzlaw.com\/es\/areas-de-practica\/abogados-de-la-ley-del-limon\/jeep-lemon-law-abogados\/\">Jeep<\/a>se han enfrentado a demandas colectivas debido a defectos generalizados de transmisi\u00f3n en modelos espec\u00edficos.<\/p>\n\n\n\n<h3 class=\"wp-block-heading\">2. Mal funcionamiento de la direcci\u00f3n<\/h3>\n\n\n\n<p>Un coche que tira hacia un lado tiene un volante que no responde o experimenta un fallo electr\u00f3nico de la direcci\u00f3n, lo que supone un importante riesgo para la seguridad. Los defectos relacionados con la direcci\u00f3n suelen dar lugar a retiradas del mercado por parte de los fabricantes y a reclamaciones basadas en la Ley del Lim\u00f3n.<\/p>\n\n\n\n<h3 class=\"wp-block-heading\">3. Luces de control del motor recurrentes<\/h3>\n\n\n\n<p>A pesar de los m\u00faltiples intentos de reparaci\u00f3n, una luz de revisi\u00f3n del motor que se enciende repetidamente puede indicar problemas persistentes en el sistema de combustible, mal funcionamiento de los sensores o fallos en las emisiones. Estos problemas a menudo reducen el valor de reventa del veh\u00edculo, fortaleciendo un caso de la Ley del Lim\u00f3n.<\/p>\n\n\n\n<h3 class=\"wp-block-heading\">4. Problemas del sistema de frenos<\/h3>\n\n\n\n<p>Los fallos de frenado, el mal funcionamiento de los frenos antibloqueo (ABS) o el desgaste prematuro de las pastillas de freno pueden hacer que un veh\u00edculo sea inseguro. Muchas quejas de la Ley del Lim\u00f3n implican frenos que no responden adecuadamente, aumentando el riesgo de accidentes.<\/p>\n\n\n\n<h3 class=\"wp-block-heading\">5. Defectos del sistema el\u00e9ctrico<\/h3>\n\n\n\n<p>Los veh\u00edculos modernos dependen de complejos sistemas el\u00e9ctricos, lo que los hace m\u00e1s vulnerables a aver\u00edas en el cableado, agotamiento de la bater\u00eda o sistemas de navegaci\u00f3n defectuosos. <a href=\"https:\/\/www.wirtzlaw.com\/es\/areas-de-practica\/abogados-de-la-ley-del-limon\/tesla-lemon-law-abogados\/\">Tesla<\/a> y <a href=\"https:\/\/www.wirtzlaw.com\/es\/areas-de-practica\/abogados-de-la-ley-del-limon\/abogados-bmw-lemon-law\/\">BMW<\/a> se han enfrentado a demandas de la Ley del Lim\u00f3n debido a fallos el\u00e9ctricos generalizados en sus veh\u00edculos.<\/p>\n\n\n\n<p>Si su veh\u00edculo sigue presentando estos defectos a pesar de los repetidos intentos de reparaci\u00f3n, es posible que se ajuste a la definici\u00f3n de lim\u00f3n de la legislaci\u00f3n de California.<\/p>\n\n\n\n<h2 class=\"wp-block-heading\">Las marcas de autom\u00f3viles m\u00e1s citadas en los casos de la Ley del Lim\u00f3n<\/h2>\n\n\n\n<p>Algunos fabricantes reciben sistem\u00e1ticamente m\u00e1s reclamaciones de la Ley del Lim\u00f3n que otros. Los datos muestran que:<\/p>\n\n\n\n<ul class=\"wp-block-list\">\n<li><strong><em><a href=\"https:\/\/www.wirtzlaw.com\/es\/areas-de-practica\/abogados-de-la-ley-del-limon\/gm-lemon-law-abogados\/\">General Motors (GM)<\/a><\/em><\/strong><em> fue demandada una vez por cada 78 veh\u00edculos matriculados en California; y<\/em><\/li>\n\n\n\n<li><strong><em><a href=\"https:\/\/www.wirtzlaw.com\/es\/areas-de-practica\/abogados-de-la-ley-del-limon\/abogados-toyota-lemon-law\/\">Toyota<\/a><\/em><\/strong><em> se enfrent\u00f3 a un litigio de la Ley del Lim\u00f3n una vez por cada 2.029 veh\u00edculos vendidos, lo que hace que los propietarios de GM tengan 26 veces m\u00e1s probabilidades de presentar una reclamaci\u00f3n de la Ley del Lim\u00f3n que los propietarios de Toyota.<\/em><\/li>\n<\/ul>\n\n\n\n<p>Adem\u00e1s de GM y Toyota, marcas como <a href=\"https:\/\/www.wirtzlaw.com\/es\/areas-de-practica\/abogados-de-la-ley-del-limon\/abogados-ford-lemon-law\/\">Ford<\/a>, <a href=\"https:\/\/www.wirtzlaw.com\/es\/areas-de-practica\/abogados-de-la-ley-del-limon\/jeep-lemon-law-abogados\/\">Jeep<\/a>, <a href=\"https:\/\/www.wirtzlaw.com\/es\/areas-de-practica\/abogados-de-la-ley-del-limon\/abogados-nissan-lemon-law\/\">Nissan<\/a>y <a href=\"https:\/\/www.wirtzlaw.com\/es\/areas-de-practica\/abogados-de-la-ley-del-limon\/tesla-lemon-law-abogados\/\">Tesla<\/a> han visto aumentar los litigios de los consumidores por fallos del motor, la transmisi\u00f3n y la electricidad.<\/p>\n\n\n\n<h2 class=\"wp-block-heading\">El Departamento de Asuntos del Consumidor de California hace un seguimiento de las reclamaciones sobre autom\u00f3viles<\/h2>\n\n\n\n<p>El Departamento de Asuntos del Consumidor de California (DCA) recoge y analiza las quejas de los consumidores relacionadas con el autom\u00f3vil, proporcionando informaci\u00f3n sobre los problemas comunes a los que se enfrentan los compradores de autom\u00f3viles. Estos datos ayudan a identificar los concesionarios problem\u00e1ticos, los veh\u00edculos defectuosos y las disputas relacionadas con el fabricante que con frecuencia conducen a reclamaciones de la Ley del Lim\u00f3n.<\/p>\n\n\n\n<ul class=\"wp-block-list\">\n<li><strong>Problemas de reparaci\u00f3n de carrocer\u00edas.<\/strong> La mano de obra deficiente, los paneles desalineados, la pintura defectuosa y las reparaciones incompletas son algunas de las quejas m\u00e1s frecuentes contra los talleres. Muchos consumidores afirman que han tenido que volver varias veces para solucionar el mismo problema, pero que \u00e9ste persiste.<\/li>\n\n\n\n<li><strong>Quejas sobre el rendimiento del motor.<\/strong> El calado, el consumo excesivo de aceite, el sobrecalentamiento y la p\u00e9rdida repentina de potencia son problemas importantes que afectan a la fiabilidad del motor. Estos defectos pueden provocar el fallo completo del motor, haciendo que el veh\u00edculo sea inseguro y reduciendo dr\u00e1sticamente su valor de reventa.<\/li>\n\n\n\n<li><strong>Fallos de transmisi\u00f3n. <\/strong>Los problemas de transmisi\u00f3n, como el retraso en los cambios, el deslizamiento de las marchas, la aceleraci\u00f3n brusca y la p\u00e9rdida repentina de potencia, suelen dar lugar a litigios en virtud de la Ley del Lim\u00f3n. En ocasiones, los fabricantes no reconocen los defectos generalizados de la transmisi\u00f3n, lo que obliga a los consumidores a recurrir a la justicia.<\/li>\n<\/ul>\n\n\n\n<p>Cuando los fallos mec\u00e1nicos persisten y el fabricante se niega a resolver el problema, trabajar con un abogado de la Ley del Lim\u00f3n de Anderson puede ayudar a garantizar que sus derechos como consumidor est\u00e9n protegidos y que reciba la compensaci\u00f3n o el veh\u00edculo de sustituci\u00f3n al que tiene derecho seg\u00fan la ley de California.<\/p>\n\n\n\n<h2 class=\"wp-block-heading\">4 pasos a seguir para reforzar su demanda Anderson Lemon Law<\/h2>\n\n\n\n<p>Si sospecha que su veh\u00edculo puede acogerse a la Ley del Lim\u00f3n de California, seguir los siguientes pasos puede mejorar sus posibilidades de \u00e9xito:<\/p>\n\n\n\n<h3 class=\"wp-block-heading\">1. Lleve un registro detallado de las reparaciones<\/h3>\n\n\n\n<p>Aseg\u00farese de obtener una orden de trabajo y una factura de reparaci\u00f3n cada vez que su coche sea revisado en el concesionario. <a href=\"https:\/\/www.wirtzlaw.com\/es\/como-mantener-registros-para-su-caso-de-la-ley-del-limon-de-california\/\">Estos documentos<\/a> sirven como prueba de que se han realizado m\u00faltiples intentos de reparaci\u00f3n.<\/p>\n\n\n\n<h3 class=\"wp-block-heading\">2. Seguimiento del n\u00famero de intentos de reparaci\u00f3n<\/h3>\n\n\n\n<p>Seg\u00fan la Ley del Lim\u00f3n de California, se presume que un veh\u00edculo es un lim\u00f3n si lo ha sido:<\/p>\n\n\n\n<ul class=\"wp-block-list\">\n<li>Reparado al menos dos veces\u00a0<\/li>\n\n\n\n<li>Fuera de servicio durante al menos 30 d\u00edas debido a reparaciones cubiertas por la garant\u00eda.<\/li>\n<\/ul>\n\n\n\n<h3 class=\"wp-block-heading\">3. Enviar una notificaci\u00f3n formal al fabricante<\/h3>\n\n\n\n<p>Seg\u00fan la nueva ley de California, a partir del 1 de julio de 2025, antes de tener derecho a <a href=\"https:\/\/www.wirtzlaw.com\/es\/areas-de-practica\/abogados-de-la-ley-del-limon\/abogado-de-la-ley-del-limon-de-san-diego\/sancion-civil-de-la-ley-del-limon\/\">sanciones civiles<\/a> por el incumplimiento intencional de la ley por parte de un fabricante, usted debe notificar al fabricante de su solicitud de recompra o reemplazo. Hay cierta informaci\u00f3n requerida para ser presentada al fabricante, por lo que el uso de un abogado experto en la Ley del Lim\u00f3n de Anderson puede ser \u00fatil.<\/p>\n\n\n\n<h3 class=\"wp-block-heading\">4. Hable con un abogado de la Ley del Lim\u00f3n de Anderson<\/h3>\n\n\n\n<p>Los fabricantes de autom\u00f3viles a menudo retrasan las reclamaciones, niegan su responsabilidad u ofrecen indemnizaciones bajas. Un abogado especializado en la Ley del Lim\u00f3n puede encargarse de las negociaciones, asegur\u00e1ndose de que usted reciba la m\u00e1xima indemnizaci\u00f3n.&nbsp;<\/p>\n\n\n\n<p>Tomar estas medidas le garantiza un caso bien documentado y aumenta sus posibilidades de responsabilizar al fabricante por vender un veh\u00edculo defectuoso.<\/p>\n\n\n\n<h2 class=\"wp-block-heading\">Sus derechos seg\u00fan la Ley del Lim\u00f3n de California<\/h2>\n\n\n\n<p>Si su veh\u00edculo se considera un lim\u00f3n, puede tener derecho a:<\/p>\n\n\n\n<ul class=\"wp-block-list\">\n<li><em>Un reembolso completo, incluido el precio de compra, el impuesto sobre las ventas y las tasas;\u00a0<\/em><\/li>\n\n\n\n<li><em>Un veh\u00edculo de sustituci\u00f3n sin coste adicional;\u00a0<\/em><\/li>\n\n\n\n<li><em>Indemnizaci\u00f3n por remolque, coches de alquiler y gastos de reparaci\u00f3n;\u00a0<\/em><\/li>\n\n\n\n<li><em>El pago de todos los honorarios legales por parte del fabricante; y<\/em><\/li>\n\n\n\n<li><em>Si el fabricante no ha respetado la ley del lim\u00f3n, tambi\u00e9n puede tener derecho a una indemnizaci\u00f3n adicional de hasta el doble de sus da\u00f1os reales, denominada sanci\u00f3n civil.<\/em><\/li>\n<\/ul>\n\n\n\n<p>La Ley del Lim\u00f3n de California est\u00e1 dise\u00f1ada para favorecer a los consumidores, pero los fabricantes a menudo dificultan el proceso. Si su coche tiene defectos persistentes, trabajar con un abogado Anderson Lemon Law es la mejor manera de asegurar un resultado exitoso.<\/p>\n\n\n\n<h2 class=\"wp-block-heading\">P\u00f3ngase en contacto con nuestros abogados Anderson Lemon Law hoy<\/h2>\n\n\n\n<p>Conducir un veh\u00edculo defectuoso no es s\u00f3lo frustrante, es una carga financiera y un riesgo potencial para la seguridad. Si su coche tiene problemas mec\u00e1nicos repetidos que el fabricante o el concesionario se niega a arreglar, <a href=\"https:\/\/www.wirtzlaw.com\/es\/areas-de-practica\/abogados-de-la-ley-del-limon\/\">Ley del Lim\u00f3n de California<\/a> puede darle derecho a un reembolso o sustituci\u00f3n.<\/p>\n\n\n\n<p>En <a href=\"https:\/\/www.wirtzlaw.com\/es\/\">Wirtz Law APC<\/a>Nuestros abogados de Anderson Lemon Law luchan agresivamente por los consumidores en todo California, asegurando que los fabricantes sean responsables cuando no cumplen sus promesas. No deje que un coche defectuoso le quite tiempo y dinero, nuestro equipo legal est\u00e1 listo para ayudarle a tomar medidas.<\/p>\n\n\n\n<p>Estamos orgullosos de servir a los residentes de Anderson, <a href=\"https:\/\/www.wirtzlaw.com\/es\/areas-de-practica\/abogados-de-la-ley-del-limon\/redding-abogados-de-la-ley-de-limon\/\">Redding<\/a>Palo Cedro, Bella Vista y otras ciudades de <a href=\"https:\/\/www.wirtzlaw.com\/es\/areas-de-practica\/abogados-de-la-ley-del-limon\/abogados-de-la-ley-del-limon-del-condado-de-shasta\/\">Shasta County<\/a>. Tambi\u00e9n aportamos a\u00f1os de experiencia al servicio de <a href=\"https:\/\/www.wirtzlaw.com\/es\/zonas-que-atendemos-3\/\">Norte de California<\/a>, <a href=\"https:\/\/www.wirtzlaw.com\/es\/zonas-que-atendemos-4\/\">California Central<\/a>y <a href=\"https:\/\/www.wirtzlaw.com\/es\/zonas-que-atendemos\/\">Ciudades del sur de California<\/a>. <a href=\"https:\/\/www.wirtzlaw.com\/es\/contactar-con\/\">Contacto Wirtz Law<\/a> hoy para averiguar c\u00f3mo podemos ayudarle a obtener la compensaci\u00f3n que se merece por su veh\u00edculo lim\u00f3n.<\/p>","protected":false},"excerpt":{"rendered":"<p>Cuando usted compra un veh\u00edculo nuevo o usado certificado, usted espera que sea confiable, seguro y libre de defectos. Desafortunadamente, muchos consumidores en Anderson, California, lidian con problemas mec\u00e1nicos persistentes que los concesionarios y fabricantes no resuelven. Si su auto tiene problemas recurrentes con el motor, la transmisi\u00f3n, los frenos o la electricidad, usted puede ser elegible para una compensaci\u00f3n...<\/p>","protected":false},"author":12,"featured_media":7073,"parent":2523,"menu_order":0,"comment_status":"closed","ping_status":"closed","template":"","meta":{"_acf_changed":false,"footnotes":""},"class_list":["post-7067","page","type-page","status-publish","has-post-thumbnail","hentry"],"acf":[],"_links":{"self":[{"href":"https:\/\/www.wirtzlaw.com\/es\/wp-json\/wp\/v2\/pages\/7067","targetHints":{"allow":["GET"]}}],"collection":[{"href":"https:\/\/www.wirtzlaw.com\/es\/wp-json\/wp\/v2\/pages"}],"about":[{"href":"https:\/\/www.wirtzlaw.com\/es\/wp-json\/wp\/v2\/types\/page"}],"author":[{"embeddable":true,"href":"https:\/\/www.wirtzlaw.com\/es\/wp-json\/wp\/v2\/users\/12"}],"replies":[{"embeddable":true,"href":"https:\/\/www.wirtzlaw.com\/es\/wp-json\/wp\/v2\/comments?post=7067"}],"version-history":[{"count":4,"href":"https:\/\/www.wirtzlaw.com\/es\/wp-json\/wp\/v2\/pages\/7067\/revisions"}],"predecessor-version":[{"id":7072,"href":"https:\/\/www.wirtzlaw.com\/es\/wp-json\/wp\/v2\/pages\/7067\/revisions\/7072"}],"up":[{"embeddable":true,"href":"https:\/\/www.wirtzlaw.com\/es\/wp-json\/wp\/v2\/pages\/2523"}],"wp:featuredmedia":[{"embeddable":true,"href":"https:\/\/www.wirtzlaw.com\/es\/wp-json\/wp\/v2\/media\/7073"}],"wp:attachment":[{"href":"https:\/\/www.wirtzlaw.com\/es\/wp-json\/wp\/v2\/media?parent=7067"}],"curies":[{"name":"wp","href":"https:\/\/api.w.org\/{rel}","templated":true}]}}