{"id":7006,"date":"2025-05-13T16:57:21","date_gmt":"2025-05-13T20:57:21","guid":{"rendered":"https:\/\/www.wirtzlaw.com\/?page_id=7006"},"modified":"2025-07-09T12:11:00","modified_gmt":"2025-07-09T16:11:00","slug":"zonas-que-atendemos-4","status":"publish","type":"page","link":"https:\/\/www.wirtzlaw.com\/es\/central-california-areas-we-serve\/","title":{"rendered":"Zonas de California Central que atendemos"},"content":{"rendered":"<h3>\n\t\t\tCalifornia Central\t<\/h3>\n\t\t\t<a href=\"\" target=\"_self\">\n\t\t\t\t\t\t\tREVISI\u00d3N GRATUITA DEL CASO\n\t\t\t<\/a>\n<h3>\n\t\t\tServimos a toda California, incluyendo:\t<\/h3>\n<h2>\n\t\t\tCalifornia Central\t<\/h2>\n\t\t\t<ul><li><a href=\"https:\/\/www.wirtzlaw.com\/es\/areas-de-practica\/abogados-de-la-ley-del-limon\/\">Alpine<\/a><\/li><li><a href=\"https:\/\/www.wirtzlaw.com\/es\/areas-de-practica\/abogados-de-la-ley-del-limon\/\">Calaveras<\/a><\/li><li><a href=\"https:\/\/www.wirtzlaw.com\/es\/areas-de-practica\/abogados-de-la-ley-del-limon\/abogados-de-limon-del-condado-de-fresno\/\">Fresno<\/a><ul><li><a href=\"https:\/\/www.wirtzlaw.com\/es\/areas-de-practica\/abogados-de-la-ley-del-limon\/fresno-abogados-de-la-ley-de-limon\/\">Fresno<\/a><\/li><li><a href=\"https:\/\/www.wirtzlaw.com\/es\/areas-de-practica\/abogados-de-la-ley-del-limon\/coalinga-abogados-de-la-ley-de-limon\/\">Coalinga<\/a><\/li><\/ul><\/li><li><a href=\"https:\/\/www.wirtzlaw.com\/es\/areas-de-practica\/abogados-de-la-ley-del-limon\/\">Inyo<\/a><\/li><li><a href=\"https:\/\/www.wirtzlaw.com\/es\/areas-de-practica\/abogados-de-la-ley-del-limon\/\">Reyes<\/a><\/li><li><a href=\"https:\/\/www.wirtzlaw.com\/es\/areas-de-practica\/abogados-de-la-ley-del-limon\/\">Madera<\/a><\/li><li><a href=\"https:\/\/www.wirtzlaw.com\/es\/areas-de-practica\/abogados-de-la-ley-del-limon\/\">Mariposa<\/a><\/li><li><a href=\"https:\/\/www.wirtzlaw.com\/es\/areas-de-practica\/abogados-de-la-ley-del-limon\/\">Merced<\/a><\/li><li><a href=\"https:\/\/www.wirtzlaw.com\/es\/areas-de-practica\/abogados-de-la-ley-del-limon\/\">Mono<\/a><\/li><li><a href=\"https:\/\/www.wirtzlaw.com\/es\/areas-de-practica\/abogados-de-la-ley-del-limon\/monterey-abogados-de-la-ley-de-limon\/\">Monterey<\/a><ul><li><a href=\"https:\/\/www.wirtzlaw.com\/es\/areas-de-practica\/abogados-de-la-ley-del-limon\/monterey-abogados-de-la-ley-de-limon\/\">Monterey<\/a><\/li><\/ul><\/li><li><a href=\"https:\/\/www.wirtzlaw.com\/es\/areas-de-practica\/abogados-de-la-ley-del-limon\/\">San Benito<\/a><\/li><li><a href=\"https:\/\/www.wirtzlaw.com\/es\/areas-de-practica\/abogados-de-la-ley-del-limon\/\">Santa Clara<\/a><ul><li><a href=\"https:\/\/www.wirtzlaw.com\/es\/areas-de-practica\/abogados-de-la-ley-del-limon\/san-jose-abogados-de-la-ley-del-limon\/\">San Jos\u00e9<\/a><\/li><\/ul><\/li><li><a href=\"https:\/\/www.wirtzlaw.com\/es\/areas-de-practica\/abogados-de-la-ley-del-limon\/abogado-de-la-ley-del-limon-de-santa-cruz\/\">Santa Cruz<\/a><ul><li><a href=\"https:\/\/www.wirtzlaw.com\/es\/areas-de-practica\/abogados-de-la-ley-del-limon\/abogado-de-la-ley-del-limon-de-santa-cruz\/\">Santa Cruz<\/a><\/li><\/ul><\/li><li><a href=\"https:\/\/www.wirtzlaw.com\/es\/areas-de-practica\/abogados-de-la-ley-del-limon\/abogados-de-la-ley-del-limon-del-condado-de-stanislaus\/\">Estanislao<\/a><ul><li><a href=\"https:\/\/www.wirtzlaw.com\/es\/areas-de-practica\/abogados-de-la-ley-del-limon\/modesto-abogados-de-la-ley-de-limon\/\">Modesto<\/a><\/li><\/ul><\/li><li><a href=\"https:\/\/www.wirtzlaw.com\/es\/areas-de-practica\/abogados-de-la-ley-del-limon\/\">Tulare<\/a><ul><li><a href=\"https:\/\/www.wirtzlaw.com\/es\/areas-de-practica\/abogados-de-la-ley-del-limon\/visalia-abogados-de-la-ley-de-limon\/\">Visalia<\/a><\/li><\/ul><\/li><li><a href=\"https:\/\/www.wirtzlaw.com\/es\/areas-de-practica\/abogados-de-la-ley-del-limon\/\">Tuolumne<\/a><\/li><\/ul>\t\t\n<h2>\n\t\t\tLey de Limones del Centro de California\t<\/h2>\n\t<p><strong><a href=\"https:\/\/www.wirtzlaw.com\/es\/\">Wirtz Law APC<\/a> sirve con orgullo a clientes en todo el centro de California, aprovechando a\u00f1os de experiencia para brindar <a href=\"https:\/\/www.wirtzlaw.com\/es\/areas-de-practica\/abogados-de-la-ley-del-limon\/\">representaci\u00f3n legal de primera categor\u00eda en ley de lim\u00f3n<\/a>.<\/strong><\/p>\n<p>Aunque nuestra firma <a href=\"https:\/\/maps.app.goo.gl\/YJkXjghraJ21dbk29\" target=\"_blank\" rel=\"noopener\">ubicado en el sur de California<\/a>, nuestro alcance se extiende a cada rinc\u00f3n del Estado Dorado, incluidas las vibrantes comunidades de California Central. Ya sea que residas en <a href=\"https:\/\/www.wirtzlaw.com\/es\/areas-de-practica\/abogados-de-la-ley-del-limon\/fresno-abogados-de-la-ley-de-limon\/\">Fresno<\/a>, <a href=\"https:\/\/www.wirtzlaw.com\/es\/areas-de-practica\/abogados-de-la-ley-del-limon\/bakersfield-abogados-de-la-ley-de-limon\/\">Bakersfield<\/a>, <a href=\"https:\/\/www.wirtzlaw.com\/es\/areas-de-practica\/abogados-de-la-ley-del-limon\/sacramento-lemon-law-attorney\/\">Sacramento<\/a>, o cualquier otra ciudad de esta regi\u00f3n, entendemos la importancia cr\u00edtica de tener un veh\u00edculo confiable para tu vida diaria. Sin importar d\u00f3nde se compr\u00f3 tu coche o d\u00f3nde vives en California, tienes derechos bajo la ley del lim\u00f3n y deber\u00edas <a href=\"https:\/\/www.wirtzlaw.com\/es\/contactar-con\/\">busca la ayuda de un abogado calificado<\/a> para proteger esos derechos.<\/p>\n<p><a href=\"https:\/\/www.wirtzlaw.com\/es\/equipo\/\">Nuestra empresa<\/a> est\u00e1 bien equipado con las habilidades necesarias para ayudarte a navegar las complejidades de las reclamaciones de la ley del lim\u00f3n. Los consumidores del centro de California merecen tener un veh\u00edculo confiable sin el <a href=\"https:\/\/www.wirtzlaw.com\/es\/como-defenderse-cuando-se-repara-un-limon\/\">molestias constantes de viajes repetidos al taller<\/a> por los mismos problemas persistentes. Estamos preparados para guiarte a trav\u00e9s de la <a href=\"https:\/\/www.wirtzlaw.com\/es\/cuanto-tiempo-tengo-para-presentar-una-demanda-de-la-ley-del-limon\/\">plazos espec\u00edficos<\/a> y los tr\u00e1mites requeridos para obtener un reembolso exitosamente., <a href=\"https:\/\/www.wirtzlaw.com\/es\/que-es-el-programa-de-recompra-de-la-ley-del-limon-de-california\/\">recompra<\/a>, o resoluci\u00f3n alternativa. En Wirtz Law, creemos que las personas y las familias deben poder enfocarse en su vida diaria en lugar de en la inconveniencia de un coche que funciona mal. Con nuestra dedicaci\u00f3n para servir a toda California, estamos listos para estar a tu lado, asegurando que obtengas la justicia y la confiabilidad que mereces.<\/p>\n<h2>\n\t\t\tTodas las zonas que atendemos\t<\/h2>\n\t\t\t<ul><li><a href=\"\/es\/zonas-que-atendemos\/\">Sur de California<\/a><\/li><li><a href=\"\/es\/zonas-que-atendemos-4\/\">California Central<\/a><\/li><li><a href=\"\/es\/zonas-que-atendemos-3\/\">Norte de California<\/a><\/li><\/ul>","protected":false},"excerpt":{"rendered":"<p>Revisi\u00f3n Gratuita de Casos en el centro de California Servimos a todo California, incluyendo: Centro de California Alpine Calaveras Fresno Coalinga Inyo Kings Madera Mariposa Merced Mono Monterey Monterey San Benito Santa Clara San Jose Santa Cruz Santa Cruz Stanislaus Modesto Tulare Visalia Tuolumne Centro de California Ley del Lim\u00f3n Wirtz Law APC se enorgullece de servir a clientes en todo el centro de California, aprovechando\u2026<\/p>","protected":false},"author":14,"featured_media":7007,"parent":0,"menu_order":0,"comment_status":"closed","ping_status":"closed","template":"","meta":{"_acf_changed":false,"footnotes":""},"class_list":["post-7006","page","type-page","status-publish","has-post-thumbnail","hentry"],"acf":[],"_links":{"self":[{"href":"https:\/\/www.wirtzlaw.com\/es\/wp-json\/wp\/v2\/pages\/7006","targetHints":{"allow":["GET"]}}],"collection":[{"href":"https:\/\/www.wirtzlaw.com\/es\/wp-json\/wp\/v2\/pages"}],"about":[{"href":"https:\/\/www.wirtzlaw.com\/es\/wp-json\/wp\/v2\/types\/page"}],"author":[{"embeddable":true,"href":"https:\/\/www.wirtzlaw.com\/es\/wp-json\/wp\/v2\/users\/14"}],"replies":[{"embeddable":true,"href":"https:\/\/www.wirtzlaw.com\/es\/wp-json\/wp\/v2\/comments?post=7006"}],"version-history":[{"count":6,"href":"https:\/\/www.wirtzlaw.com\/es\/wp-json\/wp\/v2\/pages\/7006\/revisions"}],"predecessor-version":[{"id":7249,"href":"https:\/\/www.wirtzlaw.com\/es\/wp-json\/wp\/v2\/pages\/7006\/revisions\/7249"}],"wp:featuredmedia":[{"embeddable":true,"href":"https:\/\/www.wirtzlaw.com\/es\/wp-json\/wp\/v2\/media\/7007"}],"wp:attachment":[{"href":"https:\/\/www.wirtzlaw.com\/es\/wp-json\/wp\/v2\/media?parent=7006"}],"curies":[{"name":"wp","href":"https:\/\/api.w.org\/{rel}","templated":true}]}}