{"id":6805,"date":"2025-04-02T19:21:43","date_gmt":"2025-04-02T23:21:43","guid":{"rendered":"https:\/\/www.wirtzlaw.com\/?page_id=6805"},"modified":"2025-05-13T19:34:22","modified_gmt":"2025-05-13T23:34:22","slug":"visalia-abogados-de-la-ley-de-limon","status":"publish","type":"page","link":"https:\/\/www.wirtzlaw.com\/es\/practice-areas\/lemon-law-attorneys\/visalia-lemon-law-attorneys\/","title":{"rendered":"Visalia Ley del Lim\u00f3n"},"content":{"rendered":"<p>Comprar un veh\u00edculo nuevo deber\u00eda ser una experiencia emocionante y sin estr\u00e9s. Sin embargo, cuando su coche se aver\u00eda repetidamente, experimenta continuos problemas mec\u00e1nicos o no cumple las normas de seguridad, puede considerarse un veh\u00edculo defectuoso seg\u00fan la legislaci\u00f3n de California. Usted puede tener una <a href=\"https:\/\/www.wirtzlaw.com\/es\/areas-de-practica\/abogados-de-la-ley-del-limon\/\">Reclamaci\u00f3n de la Ley del Lim\u00f3n de California<\/a> si has llevado tu coche varias veces al concesionario para que lo reparen sin conseguir una soluci\u00f3n definitiva.<\/p>\n\n\n\n<p>En <a href=\"https:\/\/www.wirtzlaw.com\/es\/\">Wirtz Law, APC<\/a>nuestro equipo ayuda a los consumidores en Visalia y <a href=\"https:\/\/www.wirtzlaw.com\/es\/zonas-que-atendemos\/\">en toda California<\/a> luchar contra los fabricantes de autom\u00f3viles que no cumplen con sus obligaciones de garant\u00eda. La Ley del Lim\u00f3n de California es una de las leyes de protecci\u00f3n del consumidor m\u00e1s estrictas del pa\u00eds, que le permite recibir un veh\u00edculo de sustituci\u00f3n, un reembolso completo o una compensaci\u00f3n en efectivo si su coche cumple los requisitos para ser considerado un lim\u00f3n. Wirtz Law tiene una <a href=\"https:\/\/www.wirtzlaw.com\/es\/resenas\/\">tasa de \u00e9xito superior a 98%<\/a> en casos de la Ley del Lim\u00f3n, <a href=\"https:\/\/www.wirtzlaw.com\/es\/resultados\/\">recuperando $76 millones<\/a> para clientes que se enfrentan a defectos del veh\u00edculo. Si sospecha que su coche es un lim\u00f3n, <a href=\"https:\/\/www.wirtzlaw.com\/es\/contactar-con\/\">contacto Wirtz Law<\/a> hoy. Todas las consultas son gratuitas, y los fabricantes pagan nuestros honorarios si usted recupera por sus p\u00e9rdidas.<\/p>\n\n\n\n<h3 class=\"wp-block-heading\">C\u00f3mo protege a los consumidores la Ley del Lim\u00f3n de California<\/h3>\n\n\n\n<p>La Ley del Lim\u00f3n de California, conocida formalmente como la <a href=\"https:\/\/leginfo.legislature.ca.gov\/faces\/codes_displayText.xhtml?division=3.&amp;chapter=1.&amp;part=4.&amp;lawCode=CIV&amp;title=1.7.&amp;article=3.\" target=\"_blank\" rel=\"noreferrer noopener\">Ley de garant\u00eda de los consumidores Song-Beverly<\/a>es una de las leyes de protecci\u00f3n del consumidor m\u00e1s completas del pa\u00eds. Garantiza que los compradores y arrendatarios de veh\u00edculos nuevos cubiertos por una garant\u00eda del fabricante est\u00e9n protegidos frente a defectos persistentes e irreparables. Si un concesionario no puede reparar un defecto sustancial tras un n\u00famero razonable de intentos, la ley obliga al fabricante a reembolsar, sustituir o indemnizar al propietario del veh\u00edculo.<\/p>\n\n\n\n<h4 class=\"wp-block-heading\">Leyes clave que protegen a los consumidores<\/h4>\n\n\n\n<p>Varios estatutos establecen el marco jur\u00eddico para <strong>Reclamaciones Lemon Law<\/strong> en California:<\/p>\n\n\n\n<ul class=\"wp-block-list\">\n<li><strong>Ley Song-Beverly de garant\u00eda de los consumidores (<a href=\"https:\/\/leginfo.legislature.ca.gov\/faces\/codes_displaySection.xhtml?lawCode=CIV&amp;sectionNum=1793.2.\" target=\"_blank\" rel=\"noreferrer noopener\">C\u00f3digo Civil de California \u00a7 1793.2<\/a>)<\/strong>. Esta ley obliga a los fabricantes a reparar, sustituir o recomprar los veh\u00edculos defectuosos si no pueden arreglarse en un n\u00famero razonable de intentos. Se aplica a los veh\u00edculos nuevos que a\u00fan est\u00e1n bajo la garant\u00eda del fabricante.<\/li>\n\n\n\n<li><strong><a href=\"https:\/\/leginfo.legislature.ca.gov\/faces\/codes_displaySection.xhtml?lawCode=CIV&amp;sectionNum=1794.\" target=\"_blank\" rel=\"noreferrer noopener\">C\u00f3digo Civil de California \u00a7 1794<\/a><\/strong>. La legislaci\u00f3n de California obliga a los fabricantes a pagar los honorarios de los abogados y las costas judiciales si un consumidor gana un caso de la Ley del Lim\u00f3n, lo que facilita a los consumidores presentar reclamaciones sin preocuparse por los gastos legales.<\/li>\n<\/ul>\n\n\n\n<h3 class=\"wp-block-heading\">\u00bfQui\u00e9n est\u00e1 cubierto por la Ley del Lim\u00f3n de California?<\/h3>\n\n\n\n<p>La Ley del Lim\u00f3n de California protege muchos veh\u00edculos, garantizando que los consumidores no se queden con coches defectuosos que los fabricantes no arreglan. Si su veh\u00edculo cumple los criterios necesarios, puede optar a un reembolso, una sustituci\u00f3n o una compensaci\u00f3n en met\u00e1lico en virtud de la ley.<\/p>\n\n\n\n<p>Los veh\u00edculos cubiertos incluyen:<\/p>\n\n\n\n<ul class=\"wp-block-list\">\n<li><em>Veh\u00edculos nuevos que a\u00fan est\u00e1n bajo la garant\u00eda original del fabricante: esto se aplica tanto a los veh\u00edculos comprados como a los alquilados, siempre que sigan cubiertos por la garant\u00eda del fabricante cuando se produzcan defectos;\u00a0<\/em><\/li>\n\n\n\n<li><em>Veh\u00edculos de pasajeros, camiones, todoterrenos y motocicletas: cualquier veh\u00edculo de uso personal, independientemente de la marca o el modelo.<\/em><\/li>\n\n\n\n<li><em>Veh\u00edculos utilizados para fines personales, familiares o de la peque\u00f1a empresa: los propietarios de peque\u00f1as empresas pueden optar a la ayuda si su empresa posee cinco veh\u00edculos o menos y el coche pesa menos de 10.000 libras.<\/em><\/li>\n<\/ul>\n\n\n\n<p>La Ley del Lim\u00f3n de California se extiende a algunas autocaravanas y veh\u00edculos comerciales, dependiendo de su peso y uso. Adem\u00e1s, los veh\u00edculos de demostraci\u00f3n (utilizados para pruebas de conducci\u00f3n o promociones) pueden cumplir los requisitos.<\/p>\n\n\n\n<p>Si un <a href=\"https:\/\/www.wirtzlaw.com\/es\/que-hacer-si-el-fabricante-se-niega-a-cumplir-la-ley-del-limon\/\">el fabricante se niega<\/a> para recomprar o sustituir un veh\u00edculo defectuoso, los consumidores tienen derecho a presentar una reclamaci\u00f3n conforme a la Ley del Lim\u00f3n y obtener una indemnizaci\u00f3n por sus p\u00e9rdidas. Un abogado con experiencia en la Ley del Lim\u00f3n puede ayudarle a determinar la elegibilidad, reunir pruebas y luchar por sus derechos legales.<\/p>\n\n\n\n<h3 class=\"wp-block-heading\">\u00bfQu\u00e9 son los veh\u00edculos con problemas de frenos?<\/h3>\n\n\n\n<p>Un veh\u00edculo defectuoso es cualquier coche, cami\u00f3n, todoterreno, veh\u00edculo el\u00e9ctrico, h\u00edbrido o motocicleta con defectos persistentes que afectan significativamente a la seguridad, el valor o la facilidad de uso. Estos defectos deben seguir sin resolverse a pesar de los m\u00faltiples intentos de reparaci\u00f3n por parte de un concesionario autorizado.<\/p>\n\n\n\n<h3 class=\"wp-block-heading\">Lista de Veh\u00edculos Lim\u00f3n<\/h3>\n\n\n\n<p><a href=\"https:\/\/www.wirtzlaw.com\/es\/fabricantes\/\">La Ley del Lim\u00f3n afecta a todas las marcas de veh\u00edculos<\/a>pero algunos fabricantes se enfrentan a m\u00e1s demandas que otros. Seg\u00fan un estudio de CALPIRG Education Fund, existe una gran variaci\u00f3n en la frecuencia con la que los distintos fabricantes de autom\u00f3viles se enfrentan a demandas..:<\/p>\n\n\n\n<ul class=\"wp-block-list\">\n<li><strong><a href=\"https:\/\/www.wirtzlaw.com\/es\/areas-de-practica\/abogados-de-la-ley-del-limon\/abogados-toyota-lemon-law\/\">Toyota<\/a>. <\/strong>Llevado a juicio en virtud de la Ley del Lim\u00f3n una vez por cada 2.029 veh\u00edculos Toyota nuevos matriculados en California (2018-2021).<\/li>\n\n\n\n<li><strong><a href=\"https:\/\/www.wirtzlaw.com\/es\/areas-de-practica\/abogados-de-la-ley-del-limon\/gm-lemon-law-abogados\/\">General Motors (GM)<\/a><\/strong>. Sujeto a litigios de la Ley del Lim\u00f3n una vez por cada 78 veh\u00edculos GM nuevos matriculados en el estado. Estos veh\u00edculos tienen 26 veces m\u00e1s probabilidades de verse implicados en un caso de la Ley del Lim\u00f3n que los veh\u00edculos Toyota.<\/li>\n<\/ul>\n\n\n\n<p>Estas estad\u00edsticas muestran que algunas marcas fabrican veh\u00edculos con m\u00e1s defectos, lo que da lugar a \u00edndices de litigios m\u00e1s elevados.<\/p>\n\n\n\n<h3 class=\"wp-block-heading\">Defectos comunes encontrados en veh\u00edculos defectuosos<\/h3>\n\n\n\n<p>La Ley del Lim\u00f3n de California se aplica cuando un <a href=\"https:\/\/www.wirtzlaw.com\/es\/areas-de-practica\/abogados-de-la-ley-del-limon\/abogado-de-la-ley-del-limon-de-san-diego\/abogado-de-coches-defectuosos\/\">el veh\u00edculo presenta defectos sustanciales<\/a> que afectan a la seguridad, la fiabilidad o el funcionamiento. Estos problemas suelen aparecer al principio de la vida de un veh\u00edculo y persisten a pesar de los m\u00faltiples intentos de reparaci\u00f3n por parte del fabricante. Seg\u00fan el proveedor de informes del historial del veh\u00edculo Carfax, en 2021, m\u00e1s de 6,3 millones de veh\u00edculos con defectos de seguridad no reparados segu\u00edan circulando por las carreteras de California, poniendo en peligro a conductores, pasajeros y peatones. Muchos de estos defectos reflejan los com\u00fanmente reportados en los casos de la Ley del Lim\u00f3n, destacando los peligros potenciales de los veh\u00edculos defectuosos.<\/p>\n\n\n\n<p>Entre los defectos m\u00e1s comunes de la Ley del Lim\u00f3n se incluyen:<\/p>\n\n\n\n<ul class=\"wp-block-list\">\n<li><em>Defectos de sacudidas o vacilaci\u00f3n: aceleraci\u00f3n o deceleraci\u00f3n repentina e imprevisible que hace que la conducci\u00f3n no sea segura;\u00a0<\/em><\/li>\n\n\n\n<li><em>P\u00e9rdida de potencia durante la conducci\u00f3n: el motor puede calarse, fallar o fallar, provocando situaciones peligrosas en autopistas o cruces;\u00a0<\/em><\/li>\n\n\n\n<li><em>Vibraciones y sacudidas intensas durante el ralent\u00ed: las sacudidas excesivas pueden indicar fallos de encendido del motor, defectos en la transmisi\u00f3n o problemas en el tren de transmisi\u00f3n;<\/em><\/li>\n\n\n\n<li><em>Cambios bruscos entre marchas: los cambios de marcha inestables pueden hacer que el coche se tambalee hacia delante o retrasar la aceleraci\u00f3n;\u00a0<\/em><\/li>\n\n\n\n<li><em>Apagado aleatorio del veh\u00edculo: los apagados inesperados, incluso a altas velocidades, suponen un grave riesgo para la seguridad.\u00a0<\/em><\/li>\n\n\n\n<li><em>Mal funcionamiento del port\u00f3n trasero (no funciona la funci\u00f3n kick): un funcionamiento poco fiable del maletero o del port\u00f3n trasero puede crear problemas de accesibilidad y plantear problemas de seguridad.<\/em><\/li>\n<\/ul>\n\n\n\n<p>Estos defectos aparecen con frecuencia en los litigios de la Ley del Lim\u00f3n, ya que pueden hacer que un veh\u00edculo sea peligroso de conducir o reducir significativamente su fiabilidad. La Ley del Lim\u00f3n de California proporciona recursos legales para proteger a los consumidores si un fabricante no soluciona estos problemas despu\u00e9s de m\u00faltiples intentos de reparaci\u00f3n.<\/p>\n\n\n\n<h3 class=\"wp-block-heading\">Otras garant\u00edas que podr\u00edan aplicarse a los veh\u00edculos de Lim\u00f3n<\/h3>\n\n\n\n<p>Aparte de las protecciones de la Ley del Lim\u00f3n, pueden aplicarse otras garant\u00edas si su veh\u00edculo experimenta problemas mec\u00e1nicos repetidos. Muchos fabricantes ofrecen cobertura de garant\u00eda adicional que puede ayudar a cubrir las reparaciones, incluso si un veh\u00edculo no cumple con los criterios de la Ley del Lim\u00f3n.<\/p>\n\n\n\n<ul class=\"wp-block-list\">\n<li><strong>Garant\u00edas de emisiones.\u00a0 <\/strong>Una garant\u00eda de emisiones ofrece cobertura para las piezas del coche que est\u00e1n obligadas a funcionar por las normas de aire limpio del gobierno federal.  Estas garant\u00edas pueden ser mucho m\u00e1s largas que la garant\u00eda b\u00e1sica de un coche nuevo.<\/li>\n\n\n\n<li><strong>Garant\u00edas de la cadena cinem\u00e1tica<\/strong>. Una garant\u00eda de tren motriz puede ofrecer cobertura para reparaciones o sustituci\u00f3n de piezas si el problema afecta al motor, la transmisi\u00f3n o el tren motriz. Estas garant\u00edas suelen durar m\u00e1s que las garant\u00edas parachoques a parachoques.<\/li>\n<\/ul>\n\n\n\n<p>Adem\u00e1s, algunos fabricantes ofrecen reparaciones de buena voluntad, que cubren ciertos defectos, incluso si un veh\u00edculo est\u00e1 fuera de garant\u00eda o el fabricante est\u00e1 tratando de evitar una demanda de la ley del lim\u00f3n. Si la Ley del Lim\u00f3n no se aplica, todav\u00eda puede tener opciones legales bajo las leyes federales de garant\u00eda, las reclamaciones por incumplimiento de garant\u00eda, o los estatutos de protecci\u00f3n al consumidor de California.<\/p>\n\n\n\n<h3 class=\"wp-block-heading\">Limitaciones de la Ley del Lim\u00f3n<\/h3>\n\n\n\n<p>Aunque la Ley del Lim\u00f3n de California proporciona una fuerte protecci\u00f3n al consumidor, algunas limitaciones pueden afectar a su capacidad para presentar una reclamaci\u00f3n. Entender estas restricciones es crucial para determinar si su veh\u00edculo califica bajo la ley.<\/p>\n\n\n\n<ul class=\"wp-block-list\">\n<li><strong>Garant\u00eda del fabricante. <\/strong>El veh\u00edculo debe estar bajo la garant\u00eda original del fabricante cuando se producen los defectos. Una vez que la garant\u00eda expira, las protecciones de la Ley del Lim\u00f3n ya no se aplican, incluso si el defecto exist\u00eda de antemano.<\/li>\n\n\n\n<li><strong>Intentos de reparaci\u00f3n. <\/strong>El fabricante debe haber realizado un n\u00famero razonable de intentos de reparaci\u00f3n antes de que el veh\u00edculo pueda considerarse defectuoso. Si las reparaciones est\u00e1n en curso pero no llegan a los intentos requeridos, su caso puede necesitar estrategias legales adicionales.<\/li>\n\n\n\n<li><strong>Abuso del conductor. <\/strong>La Ley del Lim\u00f3n no cubre los defectos causados por abuso del conductor, negligencia o modificaciones no autorizadas. Si un fabricante alega que un defecto se debe a un mal uso, puede intentar denegar tu reclamaci\u00f3n, aunque su razonamiento sea infundado.<\/li>\n<\/ul>\n\n\n\n<p>Los casos de la Ley del Lim\u00f3n implican plazos legales estrictos y la resistencia del fabricante; por lo tanto, consultar con un abogado con experiencia en la Ley del Lim\u00f3n puede ayudar a proteger sus derechos. Un abogado puede evaluar su caso, determinar el mejor curso de acci\u00f3n, y asegurarse de que recibe la compensaci\u00f3n que se merece.<\/p>\n\n\n\n<h3 class=\"wp-block-heading\">\u00bfQu\u00e9 da\u00f1os y perjuicios puede reclamar en virtud de la Ley del Lim\u00f3n?<\/h3>\n\n\n\n<p>Si un veh\u00edculo se considera defectuoso, la ley de California le da derecho a una indemnizaci\u00f3n, que puede incluir:<\/p>\n\n\n\n<ul class=\"wp-block-list\">\n<li><strong>Recompra (recompra de veh\u00edculos)<\/strong>. El fabricante debe <a href=\"https:\/\/www.wirtzlaw.com\/es\/que-es-el-programa-de-recompra-de-la-ley-del-limon-de-california\/\">reembolsar el precio de compra<\/a>impuestos, matriculaci\u00f3n y tasas incluidos.<\/li>\n\n\n\n<li><strong>Veh\u00edculo de sustituci\u00f3n<\/strong>. Los consumidores pueden recibir un veh\u00edculo nuevo de valor comparable.<\/li>\n\n\n\n<li><strong>Honorarios del abogado<\/strong>. La ley de California exige <a href=\"https:\/\/www.wirtzlaw.com\/es\/areas-de-practica\/abogados-de-la-ley-del-limon\/abogado-de-la-ley-del-limon-de-san-diego\/cuanto-cuesta-un-abogado-de-la-ley-del-limon-de-san-diego\/\">los fabricantes pagar\u00e1n los honorarios de los abogados<\/a> si gana el caso.<\/li>\n\n\n\n<li>Costas del litigio. Los costes del litigio tambi\u00e9n corren a cargo del fabricante si usted gana.<\/li>\n\n\n\n<li><strong>Sanciones civiles.\u00a0<\/strong>Si demuestra que el fabricante incumpli\u00f3 intencionadamente la Ley del Lim\u00f3n de California, puede tener derecho a una indemnizaci\u00f3n adicional por da\u00f1os y perjuicios. <a href=\"https:\/\/www.wirtzlaw.com\/es\/areas-de-practica\/abogados-de-la-ley-del-limon\/abogado-de-la-ley-del-limon-de-san-diego\/sancion-civil-de-la-ley-del-limon\/\">sanciones civiles<\/a>. Las sanciones civiles pueden llegar a duplicar el importe de los da\u00f1os reales.<\/li>\n<\/ul>\n\n\n\n<p>Con m\u00e1s de 20.000 casos de la Ley del Lim\u00f3n presentados en 2023, cada vez son m\u00e1s los consumidores que exigen responsabilidades a los fabricantes por veh\u00edculos defectuosos.<\/p>\n\n\n\n<h3 class=\"wp-block-heading\">C\u00f3mo demostrar una reclamaci\u00f3n basada en la Ley del Lim\u00f3n<\/h3>\n\n\n\n<p>Para tener \u00e9xito en un caso de la Ley del Lim\u00f3n, necesita pruebas s\u00f3lidas que demuestren que el fabricante no repar\u00f3 el defecto despu\u00e9s de m\u00faltiples intentos. <a href=\"https:\/\/www.wirtzlaw.com\/es\/como-mantener-registros-para-su-caso-de-la-ley-del-limon-de-california\/\">Sin la documentaci\u00f3n adecuada<\/a>Los fabricantes pueden intentar negar su responsabilidad, alegando que el defecto no es sustancial o que no se intentaron reparaciones suficientes.<\/p>\n\n\n\n<p>Las pruebas clave incluyen:<\/p>\n\n\n\n<ul class=\"wp-block-list\">\n<li><strong>\u00d3rdenes de reparaci\u00f3n y facturas de trabajo<\/strong>. Cada visita al concesionario debe documentarse, anotando el problema, el diagn\u00f3stico y las reparaciones intentadas. Guarde copias de todos los recibos, registros de servicio e informes de diagn\u00f3stico para establecer un patr\u00f3n de defectos continuos.<\/li>\n\n\n\n<li><strong>Garant\u00eda del fabricante<\/strong>. Prueba de que el veh\u00edculo estaba bajo la garant\u00eda original del fabricante cuando se produjeron los defectos. Los veh\u00edculos fuera del periodo de garant\u00eda pueden requerir estrategias legales alternativas en virtud de reclamaciones por incumplimiento de garant\u00eda.<\/li>\n\n\n\n<li><strong>Correspondencia con el fabricante<\/strong>. Cualquier comunicaci\u00f3n escrita entre usted y el concesionario o el fabricante en la que se hable del defecto. Los correos electr\u00f3nicos, cartas o mensajes de texto que documenten los intentos de reparaci\u00f3n y las respuestas pueden reforzar tu reclamaci\u00f3n.<\/li>\n\n\n\n<li><strong>Testimonio de expertos<\/strong>. Los mec\u00e1nicos o expertos en automoci\u00f3n pueden aportar informaci\u00f3n sobre la gravedad del defecto. Un peritaje puede confirmar que el problema no se debe a un mal uso o negligencia del conductor, sino a un defecto del fabricante.<\/li>\n\n\n\n<li><strong>Informes del historial del veh\u00edculo.<\/strong> Si el veh\u00edculo tiene un historial de defectos similares entre varios propietarios, puede demostrar un problema sist\u00e9mico, apoyando a\u00fan m\u00e1s su caso.<\/li>\n<\/ul>\n\n\n\n<p>Probar una reclamaci\u00f3n de la Ley del Lim\u00f3n requiere demostrar que los defectos persisten a pesar de m\u00faltiples intentos de reparaci\u00f3n. Si sus registros indican fallos mec\u00e1nicos continuos, puede tener derecho a una indemnizaci\u00f3n en virtud de la Ley del Lim\u00f3n de California. Un abogado con experiencia en la Ley del Lim\u00f3n puede ayudar a organizar sus pruebas, comunicarse con el fabricante, y luchar para asegurarse de que recibe la compensaci\u00f3n que se merece.<\/p>\n\n\n\n<h2 class=\"wp-block-heading\">Hable hoy mismo con un abogado experto en la Ley del Lim\u00f3n sobre su veh\u00edculo<\/h2>\n\n\n\n<p>Si ha adquirido un veh\u00edculo nuevo o usado y sospecha que puede ser un \"lim\u00f3n\", p\u00f3ngase en contacto con el <a href=\"https:\/\/www.wirtzlaw.com\/es\/\">Visalia dedicado Ley del Lim\u00f3n abogados en Wirtz Law APC<\/a>para discutir sus opciones legales. <a href=\"https:\/\/www.wirtzlaw.com\/es\/equipo\/\">Nuestra empresa<\/a> se compromete a ayudar a los propietarios de veh\u00edculos asegurar una compensaci\u00f3n justa por la frustraci\u00f3n, los gastos y los inconvenientes causados por un coche defectuoso. Para obtener m\u00e1s informaci\u00f3n o para programar una consulta gratuita con el abogado experto Visalia Ley del Lim\u00f3n, llame al Wirtz Law en <a href=\"tel:1-858-259-5009\">858-259-5009<\/a> o p\u00f3ngase en contacto con nosotros a trav\u00e9s de <a href=\"https:\/\/www.wirtzlaw.com\/es\/contactar-con\/\">formulario de contacto en l\u00ednea<\/a>.<\/p>","protected":false},"excerpt":{"rendered":"<p>Comprar un veh\u00edculo nuevo deber\u00eda ser una experiencia emocionante y sin estr\u00e9s. Sin embargo, cuando su coche se aver\u00eda repetidamente, experimenta problemas mec\u00e1nicos continuos, o no cumple con las normas de seguridad, puede calificar como un veh\u00edculo lim\u00f3n bajo la ley de California. Usted puede tener una reclamaci\u00f3n de la Ley del Lim\u00f3n de California si ha llevado su coche al concesionario...<\/p>","protected":false},"author":12,"featured_media":6808,"parent":2523,"menu_order":0,"comment_status":"closed","ping_status":"closed","template":"","meta":{"_acf_changed":false,"footnotes":""},"class_list":["post-6805","page","type-page","status-publish","has-post-thumbnail","hentry"],"acf":[],"_links":{"self":[{"href":"https:\/\/www.wirtzlaw.com\/es\/wp-json\/wp\/v2\/pages\/6805","targetHints":{"allow":["GET"]}}],"collection":[{"href":"https:\/\/www.wirtzlaw.com\/es\/wp-json\/wp\/v2\/pages"}],"about":[{"href":"https:\/\/www.wirtzlaw.com\/es\/wp-json\/wp\/v2\/types\/page"}],"author":[{"embeddable":true,"href":"https:\/\/www.wirtzlaw.com\/es\/wp-json\/wp\/v2\/users\/12"}],"replies":[{"embeddable":true,"href":"https:\/\/www.wirtzlaw.com\/es\/wp-json\/wp\/v2\/comments?post=6805"}],"version-history":[{"count":2,"href":"https:\/\/www.wirtzlaw.com\/es\/wp-json\/wp\/v2\/pages\/6805\/revisions"}],"predecessor-version":[{"id":6807,"href":"https:\/\/www.wirtzlaw.com\/es\/wp-json\/wp\/v2\/pages\/6805\/revisions\/6807"}],"up":[{"embeddable":true,"href":"https:\/\/www.wirtzlaw.com\/es\/wp-json\/wp\/v2\/pages\/2523"}],"wp:featuredmedia":[{"embeddable":true,"href":"https:\/\/www.wirtzlaw.com\/es\/wp-json\/wp\/v2\/media\/6808"}],"wp:attachment":[{"href":"https:\/\/www.wirtzlaw.com\/es\/wp-json\/wp\/v2\/media?parent=6805"}],"curies":[{"name":"wp","href":"https:\/\/api.w.org\/{rel}","templated":true}]}}