{"id":6544,"date":"2025-01-20T14:43:16","date_gmt":"2025-01-20T19:43:16","guid":{"rendered":"https:\/\/www.wirtzlaw.com\/?page_id=6544"},"modified":"2025-12-18T19:21:38","modified_gmt":"2025-12-19T00:21:38","slug":"tesla-retira-3900-cybertrucks-por-pedales-de-acelerador-defectuosos","status":"publish","type":"page","link":"https:\/\/www.wirtzlaw.com\/es\/practice-areas\/lemon-law-attorneys\/tesla-lemon-law-attorneys\/cybertruck-lemon-lawyers\/tesla-recalls-3900-cybertrucks-for-faulty-accelerator-pedals\/","title":{"rendered":"Tesla retira 3.900 cibercamiones por pedales de acelerador defectuosos, no hay soluci\u00f3n de software"},"content":{"rendered":"<p>Tras recibir informes sobre pedales de acelerador defectuosos, <a href=\"https:\/\/www.wirtzlaw.com\/es\/areas-de-practica\/abogados-de-la-ley-del-limon\/tesla-lemon-law-abogados\/cybertruck-lemon-abogados\/\">Tesla<\/a> ha retirado recientemente del mercado 3.878 Cybertrucks. El defecto afecta a las cubiertas met\u00e1licas de los pedales, que pueden salirse de su posici\u00f3n debido a la presi\u00f3n ejercida por el pie. Este problema supone un grave riesgo, ya que el pedal puede atascarse, impidiendo que vuelva a la posici\u00f3n de reposo y pudiendo provocar un accidente. Tesla ha tomado medidas, pero <a href=\"https:\/\/www.wirtzlaw.com\/es\/areas-de-practica\/abogados-de-la-ley-del-limon\/tesla-lemon-law-abogados\/cybertruck-lemon-abogados\/es-mi-tesla-cybertruck-un-limon\/\">si se ve afectado por esta retirada<\/a>puede tener opciones legales bajo la ley del lim\u00f3n de California.<\/p>\n\n\n\n<p>En <a href=\"https:\/\/www.wirtzlaw.com\/es\/\">Wirtz Law APC<\/a>Sabemos lo frustrante que es que un veh\u00edculo nuevo no cumpla las normas de seguridad. <a href=\"https:\/\/www.wirtzlaw.com\/es\/equipo\/\">Nuestro equipo<\/a> est\u00e1 aqu\u00ed para guiarle a trav\u00e9s del proceso legal y luchar por la compensaci\u00f3n que se merece.<\/p>\n\n\n\n<h3 class=\"wp-block-heading\">Alcance de la retirada del cibercami\u00f3n Tesla<\/h3>\n\n\n\n<p>La llamada a revisi\u00f3n de Tesla afect\u00f3 a casi 3.900 camiones cibern\u00e9ticos, todos ellos con un pedal de acelerador montado en el suelo en lugar de los pedales colgantes que se encuentran en la mayor\u00eda de los camiones cibern\u00e9ticos. <a href=\"https:\/\/www.wirtzlaw.com\/es\/areas-de-practica\/abogados-de-la-ley-del-limon\/tesla-lemon-law-abogados\/\">otros modelos Tesla<\/a>. El problema tiene su origen en un error de producci\u00f3n en el que los trabajadores utilizaron jab\u00f3n para ayudar a montar las cubiertas met\u00e1licas de los pedales. Este jab\u00f3n redujo la retenci\u00f3n de la cubierta, permitiendo que se desplazara al aplicar presi\u00f3n. Cuando la cubierta del pedal se atasca en el revestimiento interior del veh\u00edculo, pueden producirse situaciones peligrosas.<\/p>\n\n\n\n<p>Aunque Tesla no tiene constancia de que se hayan producido lesiones o v\u00edctimas mortales relacionadas con este defecto, ha llamado a revisi\u00f3n a toda la flota de camiones cibern\u00e9ticos fabricados hasta la fecha. Si eres propietario de uno de estos veh\u00edculos, es importante que te tomes en serio la llamada a revisi\u00f3n y sigas los pasos necesarios para reparar tu veh\u00edculo.<\/p>\n\n\n\n<h3 class=\"wp-block-heading\">\u00bfQu\u00e9 pasa si llaman a revisi\u00f3n su coche?<\/h3>\n\n\n\n<p>Si su Tesla Cybertruck es retirado del mercado debido a un pedal de acelerador defectuoso, Tesla le enviar\u00e1 una carta indic\u00e1ndole que lleve su veh\u00edculo a un centro de servicio para su sustituci\u00f3n. Aunque la empresa ya ha solucionado el problema en los coches de nueva producci\u00f3n, los propietarios de los Cybertrucks entregados deben esperar a este aviso oficial antes de programar su reparaci\u00f3n.<\/p>\n\n\n\n<p>Sin embargo, este tipo de retiradas a menudo dejan a los consumidores pregunt\u00e1ndose sobre sus derechos. Si el defecto le ha causado p\u00e9rdidas financieras, como faltar al trabajo o alquilar un coche mientras su Cybertruck est\u00e1 en reparaci\u00f3n, puede tener una reclamaci\u00f3n legal bajo la ley del lim\u00f3n de California.<\/p>\n\n\n\n<h3 class=\"wp-block-heading\">\u00bfSe puede demandar a Tesla por unos pedales de acelerador defectuosos?<\/h3>\n\n\n\n<p>Cuando se trata de defectos de veh\u00edculos como el que afecta al Cybertruck de Tesla, muchos conductores se preguntan si tienen motivos para emprender acciones legales. Si usted es una de las personas a las que le fall\u00f3 el pedal del acelerador del Cybertruck, puede tener derecho a una indemnizaci\u00f3n por p\u00e9rdidas o lesiones. Seg\u00fan la ley del lim\u00f3n de California, los fabricantes son responsables de la venta de veh\u00edculos defectuosos.<\/p>\n\n\n\n<h3 class=\"wp-block-heading\">Sus derechos seg\u00fan la Ley del Lim\u00f3n de California<\/h3>\n\n\n\n<figure class=\"wp-block-embed is-type-video is-provider-vimeo wp-block-embed-vimeo wp-embed-aspect-16-9 wp-has-aspect-ratio\"><div class=\"wp-block-embed__wrapper\">\n<iframe loading=\"lazy\" title=\"California Lemon Law Ayuda para los problemas de Tesla Cybertruck\" src=\"https:\/\/player.vimeo.com\/video\/1124017124?dnt=1&amp;app_id=122963\" width=\"500\" height=\"281\" frameborder=\"0\" allow=\"autoplay; fullscreen; picture-in-picture; clipboard-write; encrypted-media; web-share\" referrerpolicy=\"strict-origin-when-cross-origin\"><\/iframe>\n<\/div><\/figure>\n\n\n\n<p><a href=\"https:\/\/www.wirtzlaw.com\/es\/areas-de-practica\/abogados-de-la-ley-del-limon\/tesla-lemon-law-abogados\/es-mi-tesla-un-limon-bajo-la-ley-de-california\/\">Ley del lim\u00f3n de California<\/a> protege a los consumidores que compran o alquilan veh\u00edculos defectuosos. Si su Tesla Cybertruck se ha visto afectado por la llamada a revisi\u00f3n, puede tener derecho a un reembolso, a un veh\u00edculo de sustituci\u00f3n o a una indemnizaci\u00f3n por los da\u00f1os causados por el defecto.<\/p>\n\n\n\n<p>Para acogerse a la ley del lim\u00f3n, su veh\u00edculo debe cumplir determinados criterios:<\/p>\n\n\n\n<ul class=\"wp-block-list\">\n<li>El defecto debe afectar a la seguridad, el valor o la funcionalidad del coche;<\/li>\n\n\n\n<li>El fabricante debe haber dispuesto de un n\u00famero razonable de intentos para reparar el defecto; y<\/li>\n\n\n\n<li><em>El veh\u00edculo debe estar a\u00fan en garant\u00eda.<\/em><\/li>\n<\/ul>\n\n\n\n<p>En el caso de la retirada del Cybertruck de Tesla, el pedal del acelerador defectuoso afecta a la seguridad del veh\u00edculo. Usted puede tener una reclamaci\u00f3n v\u00e1lida de la ley del lim\u00f3n si ha tenido que llevar su Cybertruck para m\u00faltiples reparaciones o experimentado un accidente debido al mal funcionamiento del pedal.<\/p>\n\n\n\n<h3 class=\"wp-block-heading\">C\u00f3mo puede ayudar Wirtz Law<\/h3>\n\n\n\n<p>En Wirtz Law entendemos la frustraci\u00f3n y el estr\u00e9s de ser propietario de un <a href=\"https:\/\/www.wirtzlaw.com\/es\/areas-de-practica\/abogados-de-la-ley-del-limon\/abogado-de-la-ley-del-limon-de-san-diego\/abogado-de-camiones-defectuosos\/\">veh\u00edculo defectuoso<\/a>. Nuestro equipo tiene una amplia experiencia en el manejo de casos de la ley del lim\u00f3n y se compromete a luchar por sus derechos.  Trabajar con un abogado de la ley del lim\u00f3n puede hacer toda la diferencia en su caso. No s\u00f3lo le guiaremos a trav\u00e9s del proceso de presentaci\u00f3n de una reclamaci\u00f3n, sino que tambi\u00e9n nos aseguraremos de que reciba la compensaci\u00f3n que se merece. Si se ha visto afectado por la retirada del mercado del Cybertruck de Tesla, <a href=\"https:\/\/www.wirtzlaw.com\/es\/contactar-con\/\">contacte con nuestro equipo para una consulta gratuita<\/a>.<\/p>\n\n\n\n<h2 class=\"wp-block-heading\">Por qu\u00e9 trabajar con Wirtz Law es la elecci\u00f3n correcta<\/h2>\n\n\n\n<p>Cuando elija <a href=\"https:\/\/www.wirtzlaw.com\/es\/\">Wirtz Law<\/a>No est\u00e1 contratando a cualquier equipo jur\u00eddico, sino a uno de los mejores. <a href=\"https:\/\/www.wirtzlaw.com\/es\/areas-de-practica\/abogados-de-la-ley-del-limon\/\">Los mejores bufetes de abogados de California<\/a>. Nuestro bufete ha recuperado <a href=\"https:\/\/www.wirtzlaw.com\/es\/resultados\/\">millones de d\u00f3lares para los clientes<\/a> en casos similares, y trabajamos en base a honorarios de contingencia, lo que significa que usted no pagar\u00e1 honorarios legales a menos que ganemos su caso. Si su Tesla Cybertruck ha sido retirado del mercado y se enfrenta a p\u00e9rdidas econ\u00f3micas o problemas de seguridad, perm\u00edtanos luchar por usted. Responsabilizaremos a Tesla y exigiremos la indemnizaci\u00f3n que se merece. Puede ponerse en contacto con nosotros a trav\u00e9s de nuestro <a href=\"https:\/\/www.wirtzlaw.com\/es\/contactar-con\/\">formulario de contacto seguro en l\u00ednea<\/a>.<\/p>\n\n\n\n<p>Estamos orgullosos de servir <a href=\"https:\/\/www.wirtzlaw.com\/es\/zonas-que-atendemos\/\">Sur de California<\/a>, <a href=\"https:\/\/www.wirtzlaw.com\/es\/areas-de-practica\/abogados-de-la-ley-del-limon\/fresno-abogados-de-la-ley-de-limon\/\">California Central<\/a>y <a href=\"https:\/\/www.wirtzlaw.com\/es\/areas-de-practica\/abogados-de-la-ley-del-limon\/san-jose-abogados-de-la-ley-del-limon\/\">Norte de California<\/a>. Si se encuentra en La Jolla, <a href=\"https:\/\/www.wirtzlaw.com\/es\/areas-de-practica\/abogados-de-la-ley-del-limon\/chula-vista-abogados-de-la-ley-de-limon\/\">Chula Vista<\/a>u otras zonas de los alrededores, vis\u00edtenos en nuestro <a href=\"https:\/\/maps.app.goo.gl\/TVgQZnNmYBGtmUdH9\" target=\"_blank\" rel=\"noreferrer noopener\">Oficina de La Jolla<\/a> para discutir sus derechos de la ley de lim\u00f3n para su veh\u00edculo. Para obtener m\u00e1s informaci\u00f3n y para programar una consulta gratuita hoy, dar Wirtz Law APC una llamada al <a href=\"tel:1-858-259-5009\">858-259-5009<\/a>.<\/p>","protected":false},"excerpt":{"rendered":"<p>Tras recibir informes sobre pedales de acelerador defectuosos, Tesla ha retirado recientemente del mercado 3.878 Cybertrucks. El defecto afecta a las cubiertas met\u00e1licas de los pedales, que pueden salirse de su posici\u00f3n debido a la presi\u00f3n ejercida por el pie. Este problema supone un grave riesgo, ya que el pedal puede atascarse, impidiendo que vuelva a la posici\u00f3n de reposo...<\/p>","protected":false},"author":12,"featured_media":6411,"parent":6404,"menu_order":0,"comment_status":"closed","ping_status":"closed","template":"","meta":{"_acf_changed":false,"footnotes":""},"class_list":["post-6544","page","type-page","status-publish","has-post-thumbnail","hentry"],"acf":[],"_links":{"self":[{"href":"https:\/\/www.wirtzlaw.com\/es\/wp-json\/wp\/v2\/pages\/6544","targetHints":{"allow":["GET"]}}],"collection":[{"href":"https:\/\/www.wirtzlaw.com\/es\/wp-json\/wp\/v2\/pages"}],"about":[{"href":"https:\/\/www.wirtzlaw.com\/es\/wp-json\/wp\/v2\/types\/page"}],"author":[{"embeddable":true,"href":"https:\/\/www.wirtzlaw.com\/es\/wp-json\/wp\/v2\/users\/12"}],"replies":[{"embeddable":true,"href":"https:\/\/www.wirtzlaw.com\/es\/wp-json\/wp\/v2\/comments?post=6544"}],"version-history":[{"count":9,"href":"https:\/\/www.wirtzlaw.com\/es\/wp-json\/wp\/v2\/pages\/6544\/revisions"}],"predecessor-version":[{"id":7703,"href":"https:\/\/www.wirtzlaw.com\/es\/wp-json\/wp\/v2\/pages\/6544\/revisions\/7703"}],"up":[{"embeddable":true,"href":"https:\/\/www.wirtzlaw.com\/es\/wp-json\/wp\/v2\/pages\/6404"}],"wp:featuredmedia":[{"embeddable":true,"href":"https:\/\/www.wirtzlaw.com\/es\/wp-json\/wp\/v2\/media\/6411"}],"wp:attachment":[{"href":"https:\/\/www.wirtzlaw.com\/es\/wp-json\/wp\/v2\/media?parent=6544"}],"curies":[{"name":"wp","href":"https:\/\/api.w.org\/{rel}","templated":true}]}}