{"id":6458,"date":"2024-11-22T17:55:19","date_gmt":"2024-11-22T22:55:19","guid":{"rendered":"https:\/\/www.wirtzlaw.com\/?page_id=6458"},"modified":"2025-07-18T13:47:52","modified_gmt":"2025-07-18T17:47:52","slug":"es-mi-infiniti-un-limon","status":"publish","type":"page","link":"https:\/\/www.wirtzlaw.com\/es\/practice-areas\/lemon-law-attorneys\/infinity-lemon-law-attorneys\/is-my-infiniti-a-lemon\/","title":{"rendered":"\u00bfEs mi Infiniti un producto defectuoso?"},"content":{"rendered":"<p><a href=\"https:\/\/www.wirtzlaw.com\/es\/areas-de-practica\/abogados-de-la-ley-del-limon\/infinity-lemon-law-abogados\/\">Infiniti<\/a>una marca de veh\u00edculos de lujo producida por <a href=\"https:\/\/www.wirtzlaw.com\/es\/areas-de-practica\/abogados-de-la-ley-del-limon\/abogados-nissan-lemon-law\/\">Nissan<\/a>, ofrece una variedad de modelos que combinan tecnolog\u00eda de vanguardia con dise\u00f1os elegantes. Algunos de los modelos m\u00e1s populares son el Q50, el QX60 y el QX80, fabricados en Jap\u00f3n y EE.UU. Conocidos por sus prestaciones y lujosas caracter\u00edsticas, los veh\u00edculos Infiniti suelen atraer a los conductores que buscan confort y estilo. Sin embargo, a pesar de la s\u00f3lida reputaci\u00f3n de la marca, algunos modelos han sido objeto de defectos y llamadas a revisi\u00f3n, lo que puede suscitar dudas sobre su fiabilidad.<\/p>\n\n\n\n<p><a href=\"https:\/\/www.wirtzlaw.com\/es\/areas-de-practica\/abogados-de-la-ley-del-limon\/abogado-de-la-ley-del-limon-de-san-diego\/abogado-de-coches-defectuosos\/\">Defectos en los veh\u00edculos Infiniti<\/a> pueden provocar condiciones de conducci\u00f3n peligrosas. Ya se trate de faros defectuosos, calados del motor o problemas con el airbag, estos problemas pueden aumentar el riesgo de accidentes o dejar tirados a los conductores. Si ha tenido problemas recurrentes con su Infiniti, es importante que conozca sus derechos en virtud de las siguientes leyes <a href=\"https:\/\/www.wirtzlaw.com\/es\/areas-de-practica\/abogados-de-la-ley-del-limon\/\">Ley del Lim\u00f3n de California<\/a>. Por <a href=\"https:\/\/www.wirtzlaw.com\/es\/contactar-con\/\">contactar con un abogado<\/a>puede explorar sus opciones y determinar si su veh\u00edculo puede considerarse defectuoso, lo que le dar\u00e1 la oportunidad de solicitar una sustituci\u00f3n o una indemnizaci\u00f3n.<\/p>\n\n\n\n<h3 class=\"wp-block-heading\">Recalls recientes de Infiniti<\/h3>\n\n\n\n<p>Los veh\u00edculos Infiniti han sido objeto de varias llamadas a revisi\u00f3n en los \u00faltimos a\u00f1os, que han afectado a varios modelos y abordado problemas de seguridad que podr\u00edan afectar al rendimiento y la fiabilidad de su veh\u00edculo.<\/p>\n\n\n\n<h4 class=\"wp-block-heading\">2022-2024 Infiniti QX60: Retirada del mercado del sistema de luces delanteras adaptativas<\/h4>\n\n\n\n<p>Los modelos Infiniti QX60 2022-2024 forman parte de una llamada a revisi\u00f3n debido a un defecto en el sistema de faros delanteros adaptativos (AFS). Al conducir a altas velocidades, los faros pueden ajustarse hacia abajo de forma incorrecta, reduciendo la visibilidad y aumentando la probabilidad de accidente. M\u00e1s de 20.000 unidades est\u00e1n afectadas por esta llamada a revisi\u00f3n, y los concesionarios solucionar\u00e1n el problema reconfigurando los ajustes del M\u00f3dulo Inteligente de Distribuci\u00f3n de Potencia (IPDM).<\/p>\n\n\n\n<h4 class=\"wp-block-heading\">2021 Infiniti Q50, Q60 y QX80: C\u00e1mara de visi\u00f3n trasera<\/h4>\n\n\n\n<p>Un defecto de software en determinados modelos Infiniti Q50, Q60 y QX80 de 2021 puede desactivar la c\u00e1mara de visi\u00f3n trasera y no mostrar la imagen necesaria para dar marcha atr\u00e1s con seguridad. Esta llamada a revisi\u00f3n afecta a m\u00e1s de 3.500 veh\u00edculos e infringe las normas federales de seguridad. Los concesionarios Infiniti actualizar\u00e1n el software del veh\u00edculo sin coste alguno para resolver el problema. Guarde toda la documentaci\u00f3n de la reparaci\u00f3n en caso de que el problema persista despu\u00e9s de la reparaci\u00f3n, ya que puede ser fundamental a la hora de presentar una reclamaci\u00f3n en virtud de la Ley del Lim\u00f3n de California.<\/p>\n\n\n\n<h4 class=\"wp-block-heading\">2020-2021 Infiniti QX80: Bomba de Combustible<\/h4>\n\n\n\n<p>Los modelos Infiniti QX80 2020-2021, equipados con motores V8, se enfrentan a un grave problema de seguridad debido a una bomba de combustible defectuosa. El impulsor defectuoso de la bomba de combustible puede hacer que el motor se cale durante la conducci\u00f3n, aumentando significativamente el riesgo de accidente. M\u00e1s de 24.000 unidades est\u00e1n afectadas, y los concesionarios sustituir\u00e1n el m\u00f3dulo de la bomba de combustible de forma gratuita.<\/p>\n\n\n\n<p>Si su QX80 ha experimentado paradas del motor u otros problemas de rendimiento, es vital resolver el problema lo antes posible. Mantenga un registro detallado de los s\u00edntomas y los intentos de reparaci\u00f3n para apoyar su caso de ley de lim\u00f3n si el problema persiste a pesar de las reparaciones.<\/p>\n\n\n\n<h4 class=\"wp-block-heading\">Infiniti QX50 2019-2022 y QX55 2022: Fallo del motor<\/h4>\n\n\n\n<p>Infiniti est\u00e1 llamando a revisi\u00f3n estos modelos seleccionados debido a un <a href=\"https:\/\/www.wirtzlaw.com\/es\/abogados-especialistas-en-derecho-del-limon-7\/\">Defecto del motor VC-Turbo<\/a> que puede provocar fallos en el motor, calados o incendios, lo que supone un grave riesgo para la seguridad de los conductores. Esta llamada a revisi\u00f3n de seguridad afecta a miles de veh\u00edculos y tiene su origen en un componente defectuoso relacionado con fallos del motor notificados.<\/p>\n\n\n\n<p>Cuando se trata de un veh\u00edculo que ha sido retirado del mercado, es posible que siga experimentando defectos incluso despu\u00e9s de las reparaciones. Si su Infiniti sigue presentando problemas despu\u00e9s de varios intentos de reparaci\u00f3n, es posible que pueda considerarse un veh\u00edculo defectuoso seg\u00fan la Ley del Lim\u00f3n de California.<\/p>\n\n\n\n<h3 class=\"wp-block-heading\">Problemas y defectos comunes de la infinitis<\/h3>\n\n\n\n<p>A pesar de ser una marca de lujo bien considerada, algunos modelos Infiniti se han enfrentado a defectos recurrentes que comprometen la seguridad y la fiabilidad. Muchos de estos problemas han sido objeto de llamadas a revisi\u00f3n, pero los problemas pueden persistir incluso despu\u00e9s de los intentos de reparaci\u00f3n.<\/p>\n\n\n\n<h4 class=\"wp-block-heading\">Problemas con los faros<\/h4>\n\n\n\n<p>Los problemas con los faros, como los observados en la llamada a revisi\u00f3n del QX60, no son infrecuentes en los modelos Infiniti. Unos faros desalineados o defectuosos pueden hacer que la conducci\u00f3n nocturna sea peligrosa, reduciendo la visibilidad y aumentando el riesgo de accidentes. Si su Infiniti sigue experimentando problemas con los faros incluso despu\u00e9s de haber sido reparados, puede ser se\u00f1al de un problema m\u00e1s importante con el veh\u00edculo.<\/p>\n\n\n\n<p>Documentar cada caso de mal funcionamiento de los faros y los intentos de reparaci\u00f3n correspondientes puede ayudar a fortalecer su caso si usted persigue una reclamaci\u00f3n de la ley del lim\u00f3n.<\/p>\n\n\n\n<h4 class=\"wp-block-heading\">Fallos de software<\/h4>\n\n\n\n<p>Los defectos de software pueden interrumpir funciones cr\u00edticas del veh\u00edculo, afectando a los modelos Q50, Q60 y QX80 2021 con c\u00e1mara de visi\u00f3n trasera. Cuando estos sistemas fallan, afectan a las caracter\u00edsticas de seguridad del veh\u00edculo y disminuyen la experiencia de conducci\u00f3n en general. Incluso despu\u00e9s de las reparaciones, los problemas de software persistentes pueden indicar que su veh\u00edculo es un lim\u00f3n.<\/p>\n\n\n\n<p>Llevar un registro de todas las reparaciones relacionadas con el software es esencial para demostrar que el defecto sigue sin resolverse tras m\u00faltiples intentos de solucionarlo.<\/p>\n\n\n\n<h4 class=\"wp-block-heading\">Parada del motor<\/h4>\n\n\n\n<p>El calado del motor, especialmente en los modelos QX80 2020-2021, puede crear situaciones peligrosas en la carretera. Una p\u00e9rdida repentina de potencia del motor puede provocar accidentes, especialmente a altas velocidades. Si su veh\u00edculo contin\u00faa experimentando calado despu\u00e9s de recibir reparaciones por este defecto, usted puede tener derecho a una compensaci\u00f3n o un reemplazo bajo la Ley del Lim\u00f3n de California.<\/p>\n\n\n\n<p>Estos defectos pueden afectar significativamente al rendimiento y la seguridad de su veh\u00edculo. Si su Infiniti ha sufrido varios intentos de reparaci\u00f3n sin que se haya resuelto el problema, es posible que la ley de California lo considere un veh\u00edculo defectuoso.<\/p>\n\n\n\n<h3 class=\"wp-block-heading\">C\u00f3mo demostrar que mi Infiniti es un producto defectuoso<\/h3>\n\n\n\n<p>Para demostrar que su Infiniti es un producto defectuoso seg\u00fan la Ley del Lim\u00f3n de California, empiece por recopilar todos los registros de reparaci\u00f3n. Documente cada intento de reparaci\u00f3n, incluyendo la fecha, el problema y si se resolvi\u00f3. La ley se aplica generalmente si su veh\u00edculo ha estado en el taller dos o m\u00e1s veces por un defecto grave, o si ha estado fuera de servicio durante 30 d\u00edas.<\/p>\n\n\n\n<p>A continuaci\u00f3n, comunique los defectos persistentes directamente al servicio de atenci\u00f3n al cliente de Infiniti, dejando constancia escrita de todas las comunicaciones. El fabricante debe tener la oportunidad de solucionar el defecto.<\/p>\n\n\n\n<p><a href=\"https:\/\/www.wirtzlaw.com\/es\/contactar-con\/\">Trabajar con un abogado especializado en la Ley del Lim\u00f3n<\/a> es esencial. La ley del lim\u00f3n de California est\u00e1 cambiando constantemente con cambios sustanciales de procedimiento que entrar\u00e1n en vigor en 2025.  Un <a href=\"https:\/\/www.wirtzlaw.com\/es\/equipo\/richard-m-wirtz\/\">abogado experto en lim\u00f3n<\/a> le guiar\u00e1 a trav\u00e9s del proceso legal, reunir\u00e1 pruebas y negociar\u00e1 en su nombre, y si es necesario ir\u00e1 a juicio por usted. Si su veh\u00edculo se considera defectuoso, puede tener derecho a que se lo cambien o le devuelvan el dinero, incluidos los costes relacionados, todo ello sin coste alguno para usted.&nbsp;<\/p>\n\n\n\n<h2 class=\"wp-block-heading\">Hable hoy mismo con un abogado experto en la Ley del Lim\u00f3n de California sobre su veh\u00edculo<\/h2>\n\n\n\n<p>Si ha comprado recientemente un Infiniti y ha pasado m\u00e1s tiempo en el taller del que hubiera esperado, es posible que haya comprado inadvertidamente un coche defectuoso. Si es as\u00ed, la legislaci\u00f3n de California le ofrece un recurso a trav\u00e9s de la <a href=\"https:\/\/www.wirtzlaw.com\/es\/areas-de-practica\/abogados-de-la-ley-del-limon\/\">Ley del Lim\u00f3n de California<\/a>. Sin embargo, no espere que Infiniti le d\u00e9 la raz\u00f3n. De hecho, en la mayor\u00eda de los casos, a los consumidores les va mucho mejor cuando est\u00e1n representados por un abogado experto en la Ley del Lim\u00f3n. En <a href=\"https:\/\/www.wirtzlaw.com\/es\/\">Wirtz Law APC<\/a>Tenemos d\u00e9cadas de experiencia manejando casos en todo el estado. En total, hemos <a href=\"https:\/\/www.wirtzlaw.com\/es\/resultados\/\">recuper\u00f3 $76 millones<\/a> en nombre de nuestros clientes y esperamos ver c\u00f3mo podemos ayudarle. Para obtener m\u00e1s informaci\u00f3n, y para programar una consulta gratuita hoy, ll\u00e1menos al <a href=\"tel:1-858-259-5009\">858-259-5009<\/a>. Tambi\u00e9n puede ponerse en contacto con nosotros a trav\u00e9s de <a href=\"https:\/\/www.wirtzlaw.com\/es\/contactar-con\/\">formulario de contacto seguro en l\u00ednea<\/a>.<\/p>","protected":false},"excerpt":{"rendered":"<p>Infiniti, una marca de veh\u00edculos de lujo producida por Nissan, ofrece una variedad de modelos que combinan tecnolog\u00eda de vanguardia con dise\u00f1os elegantes. Algunos de los modelos m\u00e1s populares son el Q50, el QX60 y el QX80, fabricados en Jap\u00f3n y EE.UU. Conocidos por sus prestaciones y lujosas caracter\u00edsticas, los veh\u00edculos Infiniti suelen atraer a los conductores que buscan comodidad y estilo.....<\/p>","protected":false},"author":12,"featured_media":6463,"parent":2540,"menu_order":0,"comment_status":"closed","ping_status":"closed","template":"","meta":{"_acf_changed":false,"footnotes":""},"class_list":["post-6458","page","type-page","status-publish","has-post-thumbnail","hentry"],"acf":[],"_links":{"self":[{"href":"https:\/\/www.wirtzlaw.com\/es\/wp-json\/wp\/v2\/pages\/6458","targetHints":{"allow":["GET"]}}],"collection":[{"href":"https:\/\/www.wirtzlaw.com\/es\/wp-json\/wp\/v2\/pages"}],"about":[{"href":"https:\/\/www.wirtzlaw.com\/es\/wp-json\/wp\/v2\/types\/page"}],"author":[{"embeddable":true,"href":"https:\/\/www.wirtzlaw.com\/es\/wp-json\/wp\/v2\/users\/12"}],"replies":[{"embeddable":true,"href":"https:\/\/www.wirtzlaw.com\/es\/wp-json\/wp\/v2\/comments?post=6458"}],"version-history":[{"count":7,"href":"https:\/\/www.wirtzlaw.com\/es\/wp-json\/wp\/v2\/pages\/6458\/revisions"}],"predecessor-version":[{"id":7395,"href":"https:\/\/www.wirtzlaw.com\/es\/wp-json\/wp\/v2\/pages\/6458\/revisions\/7395"}],"up":[{"embeddable":true,"href":"https:\/\/www.wirtzlaw.com\/es\/wp-json\/wp\/v2\/pages\/2540"}],"wp:featuredmedia":[{"embeddable":true,"href":"https:\/\/www.wirtzlaw.com\/es\/wp-json\/wp\/v2\/media\/6463"}],"wp:attachment":[{"href":"https:\/\/www.wirtzlaw.com\/es\/wp-json\/wp\/v2\/media?parent=6458"}],"curies":[{"name":"wp","href":"https:\/\/api.w.org\/{rel}","templated":true}]}}