{"id":6390,"date":"2024-10-29T18:09:53","date_gmt":"2024-10-29T22:09:53","guid":{"rendered":"https:\/\/www.wirtzlaw.com\/?page_id=6390"},"modified":"2026-04-13T18:50:37","modified_gmt":"2026-04-13T22:50:37","slug":"abogados-especialistas-en-derecho-del-limon-5","status":"publish","type":"page","link":"https:\/\/www.wirtzlaw.com\/es\/lppc\/los-angeles-lemon-law-attorney\/","title":{"rendered":"Los Angeles Abogado de Ley de Limones"},"content":{"rendered":"<h3>\n\t\t\tUna historia de resultados\t<\/h3>\n\t<p>Wirtz Law ha obtenido con \u00e9xito recuperaciones para nuestros clientes por un valor superior a $76 millones.<\/p>\n\t<meta itemscope itemprop=\"mainEntityOfPage\" itemtype=\"https:\/\/schema.org\/WebPage\" itemid=\"https:\/\/www.wirtzlaw.com\/results\/wirtz-law-apc-wins-1st-fraud-judgment-in-us-against-ford-motor-company-for-632141-03-for-a-2014-focus-dps6-transmission-updated\/\" content=\"Wirtz Law APC Wins 1st Fraud Judgment in US against Ford Motor Company for $632,141.03 for a 2014 Focus DPS6 Transmission-UPDATED\" \/><meta itemprop=\"datePublished\" content=\"2021-10-20\" \/><meta itemprop=\"dateModified\" content=\"2025-04-03\" \/><meta itemprop=\"name\" content=\"Wirtz Law Lemon Law Attorneys\"\/><meta itemprop=\"url\" content=\"https:\/\/www.wirtzlaw.com\/author\/wirtzadm\/\" \/><meta itemprop=\"name\" content=\"Wirtz Law\" \/><meta itemprop=\"interactionType\" content=\"https:\/\/schema.org\/CommentAction\" \/><meta itemprop=\"userInteractionCount\" content=\"0\" \/><h3>$632,141.03<\/h3>\n\t<p>Nuestro cliente, el demandante, compr\u00f3 un Focus 2014 totalmente nuevo por $40,007, incluidos los complementos y la financiaci\u00f3n. A los tres d\u00edas, la transmisi\u00f3n empez\u00f3 a patinar y...<\/p>\n\n\t<a href='https:\/\/www.wirtzlaw.com\/es\/resultados\/wirtz-law-apc-gana-1er-juicio-por-fraude-en-eeuu-contra-ford-motor-company-por-632141-03-por-un-focus-2014-dps6-transmision-actualizada\/' title='Leer m\u00e1s'>Leer m\u00e1s<\/a>\n\n\t<meta itemscope itemprop=\"mainEntityOfPage\" itemtype=\"https:\/\/schema.org\/WebPage\" itemid=\"https:\/\/www.wirtzlaw.com\/results\/ventura-county-jury-awards-204824-91-including-a-2x-civil-penalty-against-bmw-for-defective-2010-bmw-x5-under-california-lemon-law\/\" content=\"Ventura County Jury Awards $204,824.91, including a 2x Civil Penalty against BMW for Defective 2010 BMW X5 under California Lemon Law\" \/><meta itemprop=\"datePublished\" content=\"2021-10-20\" \/><meta itemprop=\"dateModified\" content=\"2025-04-03\" \/><meta itemprop=\"name\" content=\"Wirtz Law Lemon Law Attorneys\"\/><meta itemprop=\"url\" content=\"https:\/\/www.wirtzlaw.com\/author\/wirtzadm\/\" \/><meta itemprop=\"name\" content=\"Wirtz Law\" \/><meta itemprop=\"interactionType\" content=\"https:\/\/schema.org\/CommentAction\" \/><meta itemprop=\"userInteractionCount\" content=\"0\" \/><h3>$204,824.91<\/h3>\n\t<p>Nuestro cliente, el demandante compr\u00f3 un nuevo 2010 BMW X5, como un SUV de lujo premium para disfrutar en su jubilaci\u00f3n y para utilizar...<\/p>\n\n\t<a href='https:\/\/www.wirtzlaw.com\/es\/resultados\/jurado-del-condado-de-ventura-otorga-204824-91-incluyendo-una-multa-civil-2x-contra-bmw-para-defectuoso-2010-bmw-x5-en-virtud-de-la-ley-del-limon-de-california\/' title='Leer m\u00e1s'>Leer m\u00e1s<\/a>\n\n\t<meta itemscope itemprop=\"mainEntityOfPage\" itemtype=\"https:\/\/schema.org\/WebPage\" itemid=\"https:\/\/www.wirtzlaw.com\/results\/alameda-county-jury-awards-130373-37-including-2x-civil-penalty-against-fca-for-defective-2011-dodge-durango-under-california-lemon-law\/\" content=\"Alameda County Jury Awards $130,373.37, including 2x Civil Penalty against FCA for Defective 2011 Dodge Durango under California Lemon Law\" \/><meta itemprop=\"datePublished\" content=\"2021-10-20\" \/><meta itemprop=\"dateModified\" content=\"2025-04-03\" \/><meta itemprop=\"name\" content=\"Wirtz Law Lemon Law Attorneys\"\/><meta itemprop=\"url\" content=\"https:\/\/www.wirtzlaw.com\/author\/wirtzadm\/\" \/><meta itemprop=\"name\" content=\"Wirtz Law\" \/><meta itemprop=\"interactionType\" content=\"https:\/\/schema.org\/CommentAction\" \/><meta itemprop=\"userInteractionCount\" content=\"0\" \/><h3>$130,373.37<\/h3>\n\t<p>Los demandantes compraron un Dodge Durango 2011 de segunda mano para que fuera su veh\u00edculo familiar principal, para ir y volver del trabajo y...<\/p>\n\n\t<a href='https:\/\/www.wirtzlaw.com\/es\/resultados\/el-jurado-del-condado-de-alameda-concede-130373-37-incluyendo-2x-de-multa-civil-contra-fca-por-el-dodge-durango-2011-defectuoso-bajo-la-ley-del-limon-de-california\/' title='Leer m\u00e1s'>Leer m\u00e1s<\/a>\n\n\t\t\t<a href=\"\/es\/resultados\/\"  target=\"_self\">\n\t\t\t\t\t\t\tVer todos los resultados de los casos\n\t\t\t<\/a>\n<h3>\n\t\t\t<a href=\"tel:1-858-298-2793\">Hable con un abogado experimentado en ley de lim\u00f3n. Llame al (858) 298-2793<\/a>\t<\/h3>\n<h2>\n\t\t\tLos Angeles Abogado de Ley de Limones\t<\/h2>\n\t<p>Como consumidor, usted espera recibir un veh\u00edculo en el que usted y su familia puedan confiar para hacer los recados diarios, ir al trabajo o hacer viajes por carretera. Es injusto quedarse con un veh\u00edculo en el que no se siente seguro. Aunque el mantenimiento y las reparaciones b\u00e1sicas son de esperar, llevar su coche para problemas continuos es problem\u00e1tico.<\/p>\n<p>Afortunadamente, las leyes sobre limones de California est\u00e1n ah\u00ed para proteger a los propietarios de veh\u00edculos. Y los abogados de leyes sobre limones de Wirtz Law APC est\u00e1n aqu\u00ed para protegerte. No solo hemos recuperado $76 millones de d\u00f3lares para consumidores de California como t\u00fa, sino que tambi\u00e9n podemos usar nuestros a\u00f1os de experiencia practicando en el \u00e1rea de Los Angeles para ayudar a inclinar la balanza a tu favor. No solo conocemos la ley del lim\u00f3n, conocemos el sur de California, junto con sus jueces y procedimientos. As\u00ed como cada caso es \u00fanico, cada condado es diferente, y pondremos nuestro conocimiento de los jueces, secretarios y tribunales de Los Angeles a trabajar para ti.<\/p>\n<h3>\n\t\t\tTestimonios de clientes\t<\/h3>\n\t<meta itemscope itemprop=\"mainEntityOfPage\" itemtype=\"https:\/\/schema.org\/WebPage\" itemid=\"https:\/\/www.wirtzlaw.com\/reviews\/im-pleased-to-have-been-referred-to-wirtz-law-lemon-law-attorneys\/\" content=\"I&#8217;m pleased to have been referred to Wirtz Law Lemon Law Attorneys.\" \/><meta itemprop=\"datePublished\" content=\"2025-12-10\" \/><meta itemprop=\"dateModified\" content=\"2025-12-10\" \/><meta itemprop=\"name\" content=\"Wirtz Law Lemon Law Attorneys\"\/><meta itemprop=\"url\" content=\"https:\/\/www.wirtzlaw.com\/author\/wirtzadm\/\" \/><meta itemprop=\"name\" content=\"Wirtz Law\" \/><meta itemprop=\"interactionType\" content=\"https:\/\/schema.org\/CommentAction\" \/><meta itemprop=\"userInteractionCount\" content=\"0\" \/><img decoding=\"async\" src=\"\/wp-content\/uploads\/2021\/10\/star-reviews.svg\" alt=\"\" title=\"\">\n<h3>\u201c<a href='https:\/\/www.wirtzlaw.com\/es\/resenas\/estoy-encantado-de-haber-sido-referido-a-wirtz-abogados-de-la-ley-de-limon\/' title='Estoy encantado de haber sido referido a Wirtz Law Lemon Law Attorneys.'>Estoy encantado de haber sido referido a Wirtz Law Lemon Law Attorneys.<\/a>\u201c<\/h3>\n\t<p>Estoy encantado de haber sido referido a Wirtz Law Lemon Law Attorneys. Son muy profesionales y muy f\u00e1cil hablar con ellos. Estoy m\u00e1s que satisfecho con el acuerdo que consiguieron para m\u00ed. \u00a1Gracias a todos!<\/p>\n\n\tRobert Y.\n\n\t<meta itemscope itemprop=\"mainEntityOfPage\" itemtype=\"https:\/\/schema.org\/WebPage\" itemid=\"https:\/\/www.wirtzlaw.com\/reviews\/i-cant-thank-wirtz-law-enough\/\" content=\"I can't thank Wirtz Law enough\" \/><meta itemprop=\"datePublished\" content=\"2025-07-14\" \/><meta itemprop=\"dateModified\" content=\"2025-07-14\" \/><meta itemprop=\"name\" content=\"Wirtz Law Lemon Law Attorneys\"\/><meta itemprop=\"url\" content=\"https:\/\/www.wirtzlaw.com\/author\/kfriendadviatech-net\/\" \/><meta itemprop=\"name\" content=\"kfriend@adviatech.net\" \/><meta itemprop=\"interactionType\" content=\"https:\/\/schema.org\/CommentAction\" \/><meta itemprop=\"userInteractionCount\" content=\"0\" \/><img decoding=\"async\" src=\"\/wp-content\/uploads\/2021\/10\/star-reviews.svg\" alt=\"\" title=\"\">\n<h3>\u201c<a href='https:\/\/www.wirtzlaw.com\/es\/resenas\/no-puedo-agradecer-lo-suficiente-a-wirtz-law\/' title='Puedo't thank wirtz law enough'>No puedo agradecer lo suficiente a Wirtz Law<\/a>\u201c<\/h3>\n\t<p>No puedo agradecer lo suficiente a Wirtz Law. Me ayudaron a deshacerme de mi coche defectuoso y se aseguraron de que el fabricante pagara. Todo el proceso fue sin estr\u00e9s gracias a su experiencia.<\/p>\n\n\tBrian S\n\n\t<meta itemscope itemprop=\"mainEntityOfPage\" itemtype=\"https:\/\/schema.org\/WebPage\" itemid=\"https:\/\/www.wirtzlaw.com\/reviews\/wirtz-law-is-top-notch\/\" content=\"Wirtz Law is top-notch\" \/><meta itemprop=\"datePublished\" content=\"2025-07-14\" \/><meta itemprop=\"dateModified\" content=\"2025-07-14\" \/><meta itemprop=\"name\" content=\"Wirtz Law Lemon Law Attorneys\"\/><meta itemprop=\"url\" content=\"https:\/\/www.wirtzlaw.com\/author\/kfriendadviatech-net\/\" \/><meta itemprop=\"name\" content=\"kfriend@adviatech.net\" \/><meta itemprop=\"interactionType\" content=\"https:\/\/schema.org\/CommentAction\" \/><meta itemprop=\"userInteractionCount\" content=\"0\" \/><img decoding=\"async\" src=\"\/wp-content\/uploads\/2021\/10\/star-reviews.svg\" alt=\"\" title=\"\">\n<h3>\u201c<a href='https:\/\/www.wirtzlaw.com\/es\/resenas\/wirtz-law-es-de-primera\/' title='Wirtz Law es de primera'>Wirtz Law es de primera<\/a>\u201c<\/h3>\n\t<p>Si necesita ayuda con un veh\u00edculo de lim\u00f3n, no busque m\u00e1s. Wirtz Law es de primera categor\u00eda. Su equipo est\u00e1 bien informado, sensible, y comprometido a conseguir la compensaci\u00f3n que se merece.<\/p>\n\n\t&amp;dash; Jessica R\n\n\t<meta itemscope itemprop=\"mainEntityOfPage\" itemtype=\"https:\/\/schema.org\/WebPage\" itemid=\"https:\/\/www.wirtzlaw.com\/reviews\/wirtz-law-made-it-easy\/\" content=\"Wirtz Law made it easy\" \/><meta itemprop=\"datePublished\" content=\"2025-07-14\" \/><meta itemprop=\"dateModified\" content=\"2025-07-14\" \/><meta itemprop=\"name\" content=\"Wirtz Law Lemon Law Attorneys\"\/><meta itemprop=\"url\" content=\"https:\/\/www.wirtzlaw.com\/author\/kfriendadviatech-net\/\" \/><meta itemprop=\"name\" content=\"kfriend@adviatech.net\" \/><meta itemprop=\"interactionType\" content=\"https:\/\/schema.org\/CommentAction\" \/><meta itemprop=\"userInteractionCount\" content=\"0\" \/><img decoding=\"async\" src=\"\/wp-content\/uploads\/2021\/10\/star-reviews.svg\" alt=\"\" title=\"\">\n<h3>\u201c<a href='https:\/\/www.wirtzlaw.com\/es\/resenas\/wirtz-law-lo-hizo-facil\/' title='Wirtz Law lo hizo f\u00e1cil'>Wirtz Law lo hizo f\u00e1cil<\/a>\u201c<\/h3>\n\t<p>Yo estaba indeciso para iniciar una reclamaci\u00f3n de la ley del lim\u00f3n, pero Wirtz Law lo hizo f\u00e1cil. Respondieron a todas mis preguntas y resolvieron mi caso m\u00e1s r\u00e1pido de lo que esperaba. Verdaderamente profesional y sensible.<\/p>\n\n\tCarlos M\n\n\t<meta itemscope itemprop=\"mainEntityOfPage\" itemtype=\"https:\/\/schema.org\/WebPage\" itemid=\"https:\/\/www.wirtzlaw.com\/reviews\/the-team-at-wirtz-law-was-amazing\/\" content=\"The team at Wirtz Law was amazing!\" \/><meta itemprop=\"datePublished\" content=\"2025-07-14\" \/><meta itemprop=\"dateModified\" content=\"2025-07-14\" \/><meta itemprop=\"name\" content=\"Wirtz Law Lemon Law Attorneys\"\/><meta itemprop=\"url\" content=\"https:\/\/www.wirtzlaw.com\/author\/kfriendadviatech-net\/\" \/><meta itemprop=\"name\" content=\"kfriend@adviatech.net\" \/><meta itemprop=\"interactionType\" content=\"https:\/\/schema.org\/CommentAction\" \/><meta itemprop=\"userInteractionCount\" content=\"0\" \/><img decoding=\"async\" src=\"\/wp-content\/uploads\/2021\/10\/star-reviews.svg\" alt=\"\" title=\"\">\n<h3>\u201c<a href='https:\/\/www.wirtzlaw.com\/es\/resenas\/el-equipo-de-wirtz-law-fue-increible\/' title='El equipo de Wirtz Law fue incre\u00edble.'>El equipo de Wirtz Law fue incre\u00edble.<\/a>\u201c<\/h3>\n\t<p>El equipo de Wirtz Law fue incre\u00edble. Me explicaron todo claramente, me guiaron a trav\u00e9s del proceso y lucharon duro para obtener resultados. No podr\u00eda estar m\u00e1s contento con su servicio.<\/p>\n\n\tSandra L\n\n\t<meta itemscope itemprop=\"mainEntityOfPage\" itemtype=\"https:\/\/schema.org\/WebPage\" itemid=\"https:\/\/www.wirtzlaw.com\/reviews\/wirtz-law-apc-is-the-real-deal\/\" content=\"Wirtz Law APC is the real deal\" \/><meta itemprop=\"datePublished\" content=\"2025-07-14\" \/><meta itemprop=\"dateModified\" content=\"2025-07-14\" \/><meta itemprop=\"name\" content=\"Wirtz Law Lemon Law Attorneys\"\/><meta itemprop=\"url\" content=\"https:\/\/www.wirtzlaw.com\/author\/kfriendadviatech-net\/\" \/><meta itemprop=\"name\" content=\"kfriend@adviatech.net\" \/><meta itemprop=\"interactionType\" content=\"https:\/\/schema.org\/CommentAction\" \/><meta itemprop=\"userInteractionCount\" content=\"0\" \/><img decoding=\"async\" src=\"\/wp-content\/uploads\/2021\/10\/star-reviews.svg\" alt=\"\" title=\"\">\n<h3>\u201c<a href='https:\/\/www.wirtzlaw.com\/es\/resenas\/wirtz-law-apc-es-el-verdadero-negocio\/' title='Wirtz Law APC es el verdadero negocio'>Wirtz Law APC es el verdadero negocio<\/a>\u201c<\/h3>\n\t<p>Wirtz Law APC es el verdadero negocio. Manejaron mi caso de la ley del lim\u00f3n profesionalmente y eficientemente. Nunca tuve que preguntarme sobre el estado de mi caso, siempre me mantuvieron informado. Al final, me dieron un gran acuerdo....<\/p>\n\n\tMichael T\n\n\t\t\t<a href=\"\/es\/resenas\/\"  target=\"_self\">\n\t\t\t\t\t\t\tVer todos los comentarios\n\t\t\t<\/a>\n<h3>\n\t\t\t<a href=\"tel:1-858-298-2793\">Llame al (858) 298-2793 para una consulta gratuita con un abogado con experiencia en casos de lim\u00f3n.<\/a>\t<\/h3>\n<h2>\n\t\t\tLos abogados de California luchan por proteger a los consumidores\t<\/h2>\n\t<p>Nada es m\u00e1s irritante que comprar o arrendar un veh\u00edculo nuevo o usado, que resulta ser un \u201clim\u00f3n\u201d. Un autom\u00f3vil puede ser un \"lim\u00f3n\" si se compra o arrienda en California, nuevo o usado, y si el concesionario ha hecho tan solo dos intentos fallidos para reparar los defectos de su autom\u00f3vil bajo garant\u00eda.<\/p>\n<p>La ley del lim\u00f3n ofrece un recurso cuando un veh\u00edculo no cumple con los est\u00e1ndares b\u00e1sicos de confiabilidad. Los experimentados abogados de la ley del lim\u00f3n Los Angeles de Wirtz Law APC est\u00e1n aqu\u00ed para ayudar. Aportamos a\u00f1os de experiencia y hemos recuperado $m\u00e1s de 76 millones para consumidores de California como usted.<\/p>\n<h3>\n\t\t\t\u00bfCu\u00e1ntos intentos de reparaci\u00f3n son suficientes?\t<\/h3>\n\t<p>En California, un n\u00famero razonable de intentos puede ser tan s\u00f3lo dos veces, pero cuantos m\u00e1s intentos se hagan para mantener el veh\u00edculo sin defectos, m\u00e1s probable es que su veh\u00edculo sea un lim\u00f3n.<\/p>\n<p>Adem\u00e1s, un veh\u00edculo puede considerarse defectuoso si ha estado en el taller durante m\u00e1s de 30 d\u00edas en total. No es necesario que estos 30 d\u00edas se produzcan de una sola vez.<\/p>\n<p>La siguiente lista contiene ejemplos de defectos cubiertos, pero no es exhaustiva. Si su problema particular no aparece en la lista, es posible que a\u00fan tenga un caso. El siguiente mejor paso es hablar con un abogado con experiencia en leyes de lim\u00f3n Los Angeles para discutir su situaci\u00f3n.<\/p>\n<h4>\n\t\t\tLos defectos t\u00edpicos de los veh\u00edculos incluyen:\t<\/h4>\n\t<ul>\n<li>Defectos del airbag<\/li>\n<li>Problemas de frenos<\/li>\n<li>Cinturones de seguridad defectuosos<\/li>\n<li>Mal funcionamiento del motor<\/li>\n<li>Problemas el\u00e9ctricos<\/li>\n<li>Defectos del sistema de escape<\/li>\n<li>Sistemas de refrigeraci\u00f3n o luces del salpicadero defectuosos<\/li>\n<li>Problemas con el sistema de combustible<\/li>\n<li>Fallos de navegaci\u00f3n<\/li>\n<li>Defectos de los equipos el\u00e9ctricos<\/li>\n<li>Problemas con la direcci\u00f3n asistida<\/li>\n<li>Problemas de suspensi\u00f3n y transmisi\u00f3n<\/li>\n<li>Fugas de refrigerante, l\u00edquido y aceite<\/li>\n<\/ul>\n<h3>\n\t\t\tAbogados litigantes con experiencia\t<\/h3>\n\t<p>Los abogados de lim\u00f3n en nuestro equipo han llevado m\u00e1s casos a veredicto del jurado en algunos a\u00f1os que la mayor\u00eda de los abogados intentan en una carrera. En los \u00faltimos a\u00f1os, Wirtz Law ha recuperado millones para consumidores de California como usted. Como abogados experimentados en juicios con jurado, arbitraje y mediaci\u00f3n, nuestra amplia experiencia en litigios produce resultados inigualables que le permiten maximizar su recuperaci\u00f3n. Nuestro objetivo es recuperar m\u00e1s que una simple recompra para usted. Buscamos recuperar tanto los da\u00f1os reales como las multas civiles (hasta dos veces sus da\u00f1os reales) contra los fabricantes de autom\u00f3viles.<\/p>\n<h4>\n\t\t\tTres preguntas clave\t<\/h4>\n\t<p>Cuando un veh\u00edculo es alquilado, se aplican tres preguntas clave en un caso de ley de lim\u00f3n:<\/p>\n<ul>\n<li>\u00bfTen\u00eda el veh\u00edculo uno o varios defectos que perjudicaran sustancialmente el uso, el valor o la seguridad del veh\u00edculo?<\/li>\n<li>\u00bfLa persona que alquil\u00f3 el veh\u00edculo dio al fabricante un n\u00famero razonable de intentos para solucionar el problema?<\/li>\n<li>\u00bfSigue teniendo defectos el veh\u00edculo despu\u00e9s de un n\u00famero razonable de intentos de reparaci\u00f3n?<\/li>\n<\/ul>\n<p>Si las respuestas a estas preguntas son s\u00ed, su veh\u00edculo podr\u00eda ser un lim\u00f3n y usted podr\u00eda tener un reclamo bajo la ley de lim\u00f3n de California. Al igual que los propietarios de veh\u00edculos, puede esperar un reembolso o un veh\u00edculo de reemplazo si gana su demanda.<\/p>\n<h2>\n\t\t\tC\u00f3mo contratar al mejor abogado de lim\u00f3n en Los Angeles\t<\/h2>\n\t<p>La ley del lim\u00f3n de California protege los derechos de quienes compran sin saberlo un veh\u00edculo defectuoso que el fabricante no puede reparar. Sabiendo esto, los fabricantes de autom\u00f3viles trabajan arduamente para evitar pagar compensaci\u00f3n a los propietarios de veh\u00edculos defectuosos y para minimizar el tama\u00f1o de las ofertas que hacen. Con un abogado con experiencia en leyes del lim\u00f3n Los Angeles de tu lado, puedes contraatacar, proteger tus derechos y asegurar la compensaci\u00f3n total y justa que mereces.<\/p>\n<p>Encontrar al mejor abogado de ley de lim\u00f3n en Los Angeles puede ser un desaf\u00edo, especialmente cuando ya est\u00e1s lidiando con la frustraci\u00f3n de un veh\u00edculo defectuoso. Esto es lo que debes buscar para asegurarte de contratar al mejor abogado de lim\u00f3n Los Angeles disponible:<\/p>\n<h3>\n\t\t\tEl mejor abogado de lim\u00f3n en Los Angeles brindar\u00e1 una consulta gratuita.\t<\/h3>\n\t<p>Los mejores abogados de ley de lim\u00f3n ofrecen consultas gratuitas y sin compromiso. Puede hablar directamente con el abogado y hacer preguntas sin tener que pagar dinero de su bolsillo y sin la obligaci\u00f3n de contratar a ese abogado. Durante la conversaci\u00f3n, puede determinar si el abogado responde a sus preguntas de una manera que usted entienda. Puede elegir a un abogado con confianza despu\u00e9s de haber tenido una conversaci\u00f3n \u00fatil y confiable.<\/p>\n<h3>\n\t\t\tEl mejor abogado de ley del lim\u00f3n en Los Angeles siempre te mantendr\u00e1 al d\u00eda sobre tu caso.\t<\/h3>\n\t<p>Los casos judiciales pueden avanzar lentamente, y las reclamaciones por la ley del lim\u00f3n no son la excepci\u00f3n. Ya sea informaci\u00f3n sobre una respuesta de un fabricante de autom\u00f3viles, la presentaci\u00f3n de un documento importante o simplemente un informe de que la otra parte est\u00e1 retrasando, los mejores abogados de la ley del lim\u00f3n brindan actualizaciones peri\u00f3dicas. Los mejores abogados de la ley del lim\u00f3n Los Angeles tambi\u00e9n responden con prontitud cuando te comunicas, para que sepas que cuando preguntes, obtendr\u00e1s una respuesta.<\/p>\n<h3>\n\t\t\tLos mejores abogados de lim\u00f3n en Los Angeles exigen para ti la m\u00e1xima indemnizaci\u00f3n por da\u00f1os y perjuicios.\t<\/h3>\n\t<p>La ley del lim\u00f3n de California le otorga derecho a un reembolso de lo que pag\u00f3 por su veh\u00edculo, menos un ajuste por kilometraje por el uso del veh\u00edculo antes de que se manifestara el primer defecto. Tambi\u00e9n tiene derecho a da\u00f1os incidentales y consecuentes resultantes del cuidado y custodia del veh\u00edculo que est\u00e9n relacionados con los defectos. Y, si el fabricante del autom\u00f3vil no cumpli\u00f3 voluntariamente con la recompra de su lim\u00f3n, entonces tambi\u00e9n tiene derecho a da\u00f1os por penalizaci\u00f3n civil de hasta el doble de sus da\u00f1os reales. Los mejores bufetes de abogados buscan recuperar todos sus da\u00f1os y no se conforman con un acuerdo en efectivo en el que usted conserva su veh\u00edculo defectuoso.<\/p>\n<h3>\n\t\t\tLos mejores abogados de lim\u00f3n en Los Angeles tienen la experiencia en litigios necesaria para ganar un juicio con jurado.\t<\/h3>\n\t<p>La mayor\u00eda de las demandas no llegan a juicio. En su lugar, se resuelven extrajudicialmente entre el fabricante de autom\u00f3viles y el propietario del veh\u00edculo, con la ayuda de los abogados de cada parte. Sin embargo, los mejores abogados de la ley del lim\u00f3n tienen la experiencia para saber que cualquier caso <em>puede<\/em> ir a juicio. Por eso preparan cada caso desde el principio como si tuvieran que luchar y ganar en un juicio. Estos abogados han prevalecido en la corte en casos anteriores, y aplican esta experiencia y conocimiento para construir el caso m\u00e1s fuerte posible para cada cliente desde el primer d\u00eda. <\/p>\n<h3>\n\t\t\tLos mejores abogados expertos en leyes de lim\u00f3n en Los Angeles hacen que el fabricante de autom\u00f3viles pague sus honorarios legales.\t<\/h3>\n\t<p>\u00bfSab\u00edas que la ley del lim\u00f3n de California exige que el fabricante de autom\u00f3viles pague los honorarios de tu abogado si ganas tu caso? Los abogados experimentados en leyes del lim\u00f3n Los Angeles lo saben, y hacen que el fabricante de autom\u00f3viles rinda cuentas de esta responsabilidad. Esto significa que puedes trabajar con los mejores abogados en tu reclamo de ley del lim\u00f3n sin preocuparte por un alto precio.<\/p>\n<h3>\n\t\t\tEl mejor bufete de ley de lim\u00f3n en Los Angeles maneja todas las marcas y modelos.\t<\/h3>\n\t<p>Ya sea que tenga un veh\u00edculo el\u00e9ctrico, h\u00edbrido, SUV, di\u00e9sel, sed\u00e1n, camioneta, a gasolina, o si tiene un veh\u00edculo de lujo o econ\u00f3mico, los mejores bufetes de abogados tienen experiencia con todas las marcas y modelos, sin importar lo que posea. Si el veh\u00edculo es nuevo o usado certificado y tiene un defecto que lo perjudica sustancialmente, entonces los mejores bufetes de abogados tendr\u00e1n la experiencia que usted necesita. Basado en todos estos factores, su mejor decisi\u00f3n ser\u00e1 contratar al equipo de Wirtz Law APC, que cuenta con las habilidades, calificaciones, experiencia y conocimientos para ganar su caso y obtener la m\u00e1xima indemnizaci\u00f3n.<\/p>\n<h3>\n\t\t\t<a href=\"tel:1-858-298-2793\">Hable con un abogado experimentado en ley de lim\u00f3n. Llame al (858) 298-2793<\/a>\t<\/h3>\n<h3>\n\t\t<a href=\"https:\/\/www.wirtzlaw.com\/es\/areas-de-practica\/abogados-de-la-ley-del-limon\/abogado-de-la-ley-del-limon-de-san-diego\/\" title=\"SAN DIEGO\"  target=\"_self\">\n\t\t\tSAN DIEGO\t\t<\/a>\n\t<\/h3>\n<h4>\n\t\t\tSEDE Y DIRECCI\u00d3N POSTAL\t<\/h4>\n\t4370 La Jolla Village Drive, Suite 800<br \/>\nSan Diego, CA 92122<br \/>\n<a href=\"tel:+1-858-259-5009\"><strong>Tel\u00e9fono<\/strong> | (858) 259-5009<\/a>\n\t\t\t<a href=\"https:\/\/goo.gl\/maps\/o3jPSQRJ7DjuCTkm8\" target=\"_blank\" rel=\"noopener\">\n\t\t\t\t\t\t\tC\u00f3mo llegar\n\t\t\t<\/a>\n\t<iframe src=\"https:\/\/www.google.com\/maps\/embed?pb=!1m18!1m12!1m3!1d3350.91311871142!2d-117.21384942374463!3d32.874018079021354!2m3!1f0!2f0!3f0!3m2!1i1024!2i768!4f13.1!3m3!1m2!1s0x80d95507e26a7857%3A0x6fb4f72ebeea1727!2sWirtz%20Law%20Lemon%20Law%20Attorneys!5e0!3m2!1sen!2sus!4v1760739242002!5m2!1sen!2sus\" width=\"600\" height=\"350\" allowfullscreen=\"\" loading=\"lazy\" referrerpolicy=\"no-referrer-when-downgrade\"><\/iframe>","protected":false},"excerpt":{"rendered":"<p>Una historia de \u00e9xitos Wirtz Law ha obtenido recuperaciones para nuestros clientes que superan los $76 millones. $632,141.03 Nuestro cliente, el Demandante, compr\u00f3 un Focus 2014 nuevo a estrenar por $40,007, incluyendo extras y financiaci\u00f3n. A los tres d\u00edas, la transmisi\u00f3n empez\u00f3 a fallar y\u2026 Leer m\u00e1s $204,824.91 Nuestro cliente, el Demandante, compr\u00f3 un nuevo 2010\u2026<\/p>","protected":false},"author":12,"featured_media":3079,"parent":4680,"menu_order":0,"comment_status":"closed","ping_status":"closed","template":"tpl-no-header-footer.php","meta":{"_acf_changed":false,"footnotes":""},"class_list":["post-6390","page","type-page","status-publish","has-post-thumbnail","hentry"],"acf":[],"_links":{"self":[{"href":"https:\/\/www.wirtzlaw.com\/es\/wp-json\/wp\/v2\/pages\/6390","targetHints":{"allow":["GET"]}}],"collection":[{"href":"https:\/\/www.wirtzlaw.com\/es\/wp-json\/wp\/v2\/pages"}],"about":[{"href":"https:\/\/www.wirtzlaw.com\/es\/wp-json\/wp\/v2\/types\/page"}],"author":[{"embeddable":true,"href":"https:\/\/www.wirtzlaw.com\/es\/wp-json\/wp\/v2\/users\/12"}],"replies":[{"embeddable":true,"href":"https:\/\/www.wirtzlaw.com\/es\/wp-json\/wp\/v2\/comments?post=6390"}],"version-history":[{"count":6,"href":"https:\/\/www.wirtzlaw.com\/es\/wp-json\/wp\/v2\/pages\/6390\/revisions"}],"predecessor-version":[{"id":7845,"href":"https:\/\/www.wirtzlaw.com\/es\/wp-json\/wp\/v2\/pages\/6390\/revisions\/7845"}],"up":[{"embeddable":true,"href":"https:\/\/www.wirtzlaw.com\/es\/wp-json\/wp\/v2\/pages\/4680"}],"wp:featuredmedia":[{"embeddable":true,"href":"https:\/\/www.wirtzlaw.com\/es\/wp-json\/wp\/v2\/media\/3079"}],"wp:attachment":[{"href":"https:\/\/www.wirtzlaw.com\/es\/wp-json\/wp\/v2\/media?parent=6390"}],"curies":[{"name":"wp","href":"https:\/\/api.w.org\/{rel}","templated":true}]}}