{"id":6231,"date":"2024-08-19T19:00:52","date_gmt":"2024-08-19T23:00:52","guid":{"rendered":"https:\/\/www.wirtzlaw.com\/?page_id=6231"},"modified":"2026-04-13T18:52:57","modified_gmt":"2026-04-13T22:52:57","slug":"toyota-common-recalls","status":"publish","type":"page","link":"https:\/\/www.wirtzlaw.com\/es\/practice-areas\/lemon-law-attorneys\/toyota-lemon-law-attorneys\/toyota-common-recalls\/","title":{"rendered":"Retiradas habituales de Toyota"},"content":{"rendered":"<p>Fundada en 1937, Toyota Motor Corporation es hoy uno de los fabricantes de autom\u00f3viles m\u00e1s conocidos del mundo. Toyota produce unos 10 millones de veh\u00edculos al a\u00f1o, lo que la convierte en el mayor fabricante de autom\u00f3viles del mundo.&nbsp;<\/p>\n\n\n\n<p>En la actualidad, Toyota produce veh\u00edculos bajo m\u00faltiples marcas, incluidas Toyota y Lexus en Estados Unidos. Muchos veh\u00edculos Toyota se ensamblan en Estados Unidos; las piezas de muchos veh\u00edculos tambi\u00e9n se fabrican en este pa\u00eds.&nbsp;<\/p>\n\n\n\n<p>Toyota tiene fama de ofrecer una calidad constante en sus veh\u00edculos. Sin embargo, <a href=\"https:\/\/www.wirtzlaw.com\/es\/areas-de-practica\/abogados-de-la-ley-del-limon\/abogados-toyota-lemon-law\/\">Toyota<\/a> no es inmune a los defectos de los veh\u00edculos. Los conductores de Toyota pueden enfrentarse a retiradas de veh\u00edculos, que deben abordarse para proteger a conductores y pasajeros de defectos potencialmente peligrosos.&nbsp;<\/p>\n\n\n\n<h2 class=\"wp-block-heading\">\u00daltimas retiradas de Toyota<\/h2>\n\n\n\n<p>Toyota tiene 25 llamadas a revisi\u00f3n abiertas en su sitio web. Muchas de ellas se centran en problemas tecnol\u00f3gicos.<\/p>\n\n\n\n<h3 class=\"wp-block-heading\">Da\u00f1ado Air Bag Cableado en Toyota Venza<\/h3>\n\n\n\n<p>Toyota ha retirado casi 280.000 veh\u00edculos Toyota Venza de los modelos 2009-2015 por problemas con el cableado del sistema de airbags. El cableado puede da\u00f1arse con el uso regular de la puerta del lado del conductor. El cableado da\u00f1ado puede hacer que los airbags fallen en caso de accidente.&nbsp;<\/p>\n\n\n\n<p>Toyota emiti\u00f3 la llamada a revisi\u00f3n en 2021 con planes para notificar a los conductores y sustituir cualquier cableado da\u00f1ado. Los propietarios de los veh\u00edculos deben llevarlos a un concesionario Toyota para su reparaci\u00f3n.&nbsp;<\/p>\n\n\n\n<h3 class=\"wp-block-heading\">Problemas con la bomba de combustible en veh\u00edculos Toyota y Lexus<\/h3>\n\n\n\n<p>M\u00e1s de 1,5 millones de veh\u00edculos Toyota y Lexus est\u00e1n incluidos en una llamada a revisi\u00f3n de diciembre de 2020 por problemas con la bomba de combustible. La bomba de baja presi\u00f3n situada en el interior del dep\u00f3sito de combustible puede fallar, provocando que el motor se cale, una situaci\u00f3n que puede provocar un accidente si el veh\u00edculo circula en ese momento entre el tr\u00e1fico.&nbsp;<\/p>\n\n\n\n<p>La llamada a revisi\u00f3n establece que Toyota sustituir\u00e1 el conjunto de la bomba de combustible. Los propietarios pueden ponerse en contacto con el servicio de atenci\u00f3n al cliente de Toyota o Lexus para obtener m\u00e1s informaci\u00f3n.&nbsp;<\/p>\n\n\n\n<h3 class=\"wp-block-heading\">Problemas con el m\u00f3dulo de potencia en Toyota Prius y Prius V<\/h3>\n\n\n\n<p>En agosto de 2020, Toyota emiti\u00f3 una llamada a revisi\u00f3n de 266.638 veh\u00edculos Prius y Prius V de los a\u00f1os de modelo 2013-2017. En estos veh\u00edculos, un alto voltaje en el m\u00f3dulo de alimentaci\u00f3n inteligente del coche puede provocar la desconexi\u00f3n del sistema h\u00edbrido. Si esto ocurre, el veh\u00edculo puede calarse en el tr\u00e1fico, aumentando el riesgo de accidente.&nbsp;<\/p>\n\n\n\n<p>La soluci\u00f3n prevista por Toyota es un <a href=\"https:\/\/www.wirtzlaw.com\/es\/areas-de-practica\/abogados-de-la-ley-del-limon\/abogados-toyota-lemon-law\/toyota-common-recalls\/toyota-corolla-cross-retirado-del-mercado-por-un-problema-de-software\/\">actualizaci\u00f3n del software<\/a> para el sistema. En los veh\u00edculos en los que haya fallado el inversor, se sustituir\u00e1 tambi\u00e9n el conjunto del inversor.&nbsp;<\/p>\n\n\n\n<h3 class=\"wp-block-heading\">Errores de suministro de combustible en Toyota Highlander<\/h3>\n\n\n\n<p>Una llamada a revisi\u00f3n del Toyota Highlander 2020 afecta a 38.810 veh\u00edculos del a\u00f1o modelo 2020. La llamada a revisi\u00f3n se centra en los Highlander con motor de gasolina V6 de 3,5 L.&nbsp;<\/p>\n\n\n\n<p>Un error de programaci\u00f3n en la unidad de control del motor puede hacer que el veh\u00edculo suministre combustible al motor de forma incorrecta, especialmente si el veh\u00edculo se detiene y se vuelve a arrancar. Cuando se suministra combustible de forma incorrecta, el veh\u00edculo puede calarse, aumentando el riesgo de colisi\u00f3n.&nbsp;<\/p>\n\n\n\n<h2 class=\"wp-block-heading\">Factores comunes en las retiradas de Toyota<\/h2>\n\n\n\n<p>Los problemas tecnol\u00f3gicos se han convertido en algo habitual en los avisos de retirada de Toyota, as\u00ed como en los avisos de otros fabricantes de autom\u00f3viles. A medida que los veh\u00edculos el\u00e9ctricos se generalizan y los componentes inform\u00e1ticos de los veh\u00edculos se convierten en rutina, es probable que aparezcan m\u00e1s problemas relacionados con la tecnolog\u00eda en los veh\u00edculos. Estos problemas son especialmente comunes con las nuevas tecnolog\u00edas.&nbsp;<\/p>\n\n\n\n<p>Otros problemas de seguridad que aparecen en los \u00faltimos avisos de llamada a revisi\u00f3n de Toyota son:<\/p>\n\n\n\n<ul class=\"wp-block-list\">\n<li>Los reposacabezas pueden retirarse o aflojarse, aumentando el riesgo para los ocupantes en caso de colisi\u00f3n.&nbsp;<\/li>\n\n\n\n<li>Los airbags pueden no desplegarse si las ventanillas laterales est\u00e1n bajadas.<\/li>\n\n\n\n<li>Las c\u00e1maras de visi\u00f3n trasera pueden cortocircuitarse porque la carcasa de la c\u00e1mara no es estanca.&nbsp;<\/li>\n\n\n\n<li>Los motores que no se limpiaron correctamente cuando se construyeron pueden sufrir golpes, funcionar mal, no arrancar o perder potencia.<\/li>\n\n\n\n<li>Los sensores de los ocupantes pueden fallar, provocando la desactivaci\u00f3n de los airbags en caso de colisi\u00f3n.&nbsp;<\/li>\n\n\n\n<li>Los pestillos de las puertas traseras pueden fallar, poniendo a los ocupantes del asiento trasero en riesgo de que las puertas salgan disparadas mientras el veh\u00edculo est\u00e1 en movimiento o durante una colisi\u00f3n.&nbsp;<\/li>\n\n\n\n<li>Las tuercas de sujeci\u00f3n de los ejes del veh\u00edculo pueden aflojarse o caerse, lo que aumenta considerablemente el riesgo de que el veh\u00edculo se separe de su eje.<\/li>\n\n\n\n<li>Las lagunas en la imagen de la c\u00e1mara de marcha atr\u00e1s pueden hacer que la c\u00e1mara muestre la vista detr\u00e1s del veh\u00edculo de forma incorrecta, aumentando el riesgo de colisi\u00f3n o lesiones.&nbsp;<\/li>\n<\/ul>\n\n\n\n<p>No todos estos problemas afectan a todos los modelos o a\u00f1os de Toyota. Comprueba las actualizaciones de las llamadas a revisi\u00f3n para ver qu\u00e9 problemas pueden afectar a tu veh\u00edculo.&nbsp;<\/p>\n\n\n\n<h2 class=\"wp-block-heading\">\u00bfEs mi Toyota un coche defectuoso?<\/h2>\n\n\n\n<p>Muchos problemas de los veh\u00edculos se identifican en las llamadas a revisi\u00f3n. Otros no. Es posible que tengas un veh\u00edculo defectuoso si has intentado que tu concesionario Toyota o Lexus repare el problema varias veces, pero el problema persiste.&nbsp;<\/p>\n\n\n\n<p>Si sospecha que tiene un lim\u00f3n, hable con un <a href=\"https:\/\/www.wirtzlaw.com\/es\/areas-de-practica\/abogados-de-la-ley-del-limon\/\">abogado con experiencia en la ley del lim\u00f3n de California<\/a>. Un abogado puede ayudarle a comprender y proteger sus derechos en virtud de la ley del lim\u00f3n.<\/p>\n\n\n\n<p>Si su veh\u00edculo es un lim\u00f3n, vamos a tomar su caso sobre una base de honorarios de contingencia sin costo alguno para usted. <a href=\"https:\/\/www.wirtzlaw.com\/es\/\">Wirtz Law APC<\/a> proporciona uno de los mejores servicios de abogados de la Ley del Lim\u00f3n en California, incluyendo <a href=\"https:\/\/www.wirtzlaw.com\/es\/zonas-que-atendemos\/\">Sur de California<\/a>, <a href=\"https:\/\/www.wirtzlaw.com\/es\/areas-de-practica\/abogados-de-la-ley-del-limon\/san-jose-abogados-de-la-ley-del-limon\/\">Norte de California<\/a>, <a href=\"https:\/\/www.wirtzlaw.com\/es\/areas-de-practica\/abogados-de-la-ley-del-limon\/fresno-abogados-de-la-ley-de-limon\/\">California Central<\/a>y <a href=\"https:\/\/www.wirtzlaw.com\/es\/areas-de-practica\/abogados-de-la-ley-del-limon\/san-bernardino-abogados-de-la-ley-del-limon\/\">Este de California<\/a>.<\/p>\n\n\n\n<p>Si su coche, cami\u00f3n, h\u00edbrido, SUV o EV est\u00e1 experimentando problemas sustanciales o repetidos, <a href=\"https:\/\/www.wirtzlaw.com\/es\/contactar-con\/\">hable con uno de nuestros abogados expertos en la ley del lim\u00f3n<\/a> en el Wirtz Law APC. Nos enorgullecemos de servir a nuestros clientes y hemos obtenido<a href=\"https:\/\/www.wirtzlaw.com\/es\/resultados\/\"> $76 millones en acuerdos<\/a>. Ll\u00e1manos al <a href=\"tel:1-858-259-5009\">(858) 259-5009<\/a> para una evaluaci\u00f3n gratuita y sin compromiso.<\/p>","protected":false},"excerpt":{"rendered":"<p>Fundada en 1937, Toyota Motor Corporation es hoy uno de los fabricantes de autom\u00f3viles m\u00e1s conocidos del mundo. Toyota produce unos 10 millones de veh\u00edculos al a\u00f1o, lo que la convierte en el mayor fabricante de autom\u00f3viles del mundo.  En la actualidad, Toyota produce veh\u00edculos bajo m\u00faltiples marcas, incluidas Toyota y Lexus en Estados Unidos. Muchos veh\u00edculos Toyota se ensamblan en Estados Unidos; las piezas...<\/p>","protected":false},"author":12,"featured_media":6235,"parent":1779,"menu_order":0,"comment_status":"closed","ping_status":"closed","template":"","meta":{"_acf_changed":false,"footnotes":""},"class_list":["post-6231","page","type-page","status-publish","has-post-thumbnail","hentry"],"acf":[],"_links":{"self":[{"href":"https:\/\/www.wirtzlaw.com\/es\/wp-json\/wp\/v2\/pages\/6231","targetHints":{"allow":["GET"]}}],"collection":[{"href":"https:\/\/www.wirtzlaw.com\/es\/wp-json\/wp\/v2\/pages"}],"about":[{"href":"https:\/\/www.wirtzlaw.com\/es\/wp-json\/wp\/v2\/types\/page"}],"author":[{"embeddable":true,"href":"https:\/\/www.wirtzlaw.com\/es\/wp-json\/wp\/v2\/users\/12"}],"replies":[{"embeddable":true,"href":"https:\/\/www.wirtzlaw.com\/es\/wp-json\/wp\/v2\/comments?post=6231"}],"version-history":[{"count":6,"href":"https:\/\/www.wirtzlaw.com\/es\/wp-json\/wp\/v2\/pages\/6231\/revisions"}],"predecessor-version":[{"id":7856,"href":"https:\/\/www.wirtzlaw.com\/es\/wp-json\/wp\/v2\/pages\/6231\/revisions\/7856"}],"up":[{"embeddable":true,"href":"https:\/\/www.wirtzlaw.com\/es\/wp-json\/wp\/v2\/pages\/1779"}],"wp:featuredmedia":[{"embeddable":true,"href":"https:\/\/www.wirtzlaw.com\/es\/wp-json\/wp\/v2\/media\/6235"}],"wp:attachment":[{"href":"https:\/\/www.wirtzlaw.com\/es\/wp-json\/wp\/v2\/media?parent=6231"}],"curies":[{"name":"wp","href":"https:\/\/api.w.org\/{rel}","templated":true}]}}