{"id":6196,"date":"2024-07-28T17:39:31","date_gmt":"2024-07-28T21:39:31","guid":{"rendered":"https:\/\/www.wirtzlaw.com\/?page_id=6196"},"modified":"2025-05-13T19:29:29","modified_gmt":"2025-05-13T23:29:29","slug":"abogados-de-la-ley-del-limon-del-condado-de-placer","status":"publish","type":"page","link":"https:\/\/www.wirtzlaw.com\/es\/practice-areas\/lemon-law-attorneys\/placer-county-lemon-law-attorneys\/","title":{"rendered":"Ley del Lim\u00f3n Placer County"},"content":{"rendered":"<p>Enclavada en el coraz\u00f3n de Gold Country, Placer County, California, es el hogar de m\u00e1s de 400.000 californianos. Los bosques de Placer County, la belleza natural de <a href=\"https:\/\/www.wirtzlaw.com\/es\/areas-de-practica\/abogados-de-la-ley-del-limon\/lake-tahoe-abogados-de-la-ley-de-limon\/\">Lago Tahoe<\/a>y ciudades pintorescas como <a href=\"https:\/\/www.wirtzlaw.com\/es\/areas-de-practica\/abogados-de-la-ley-del-limon\/auburn-abogados-de-la-ley-de-limon\/\">Auburn<\/a> y otros situados a lo largo de la I-80 invitan a empresas, turistas y otros visitantes a recorrer la zona durante todo el a\u00f1o.\u00a0<\/p>\n\n\n\n<p>Los or\u00edgenes de Placer County incluyen servir como centro de transporte y env\u00edo para los agricultores, la industria maderera y los mineros de oro de California. Hoy en d\u00eda, los residentes, trabajadores y visitantes de Placer County siguen dependiendo de las redes de transporte para llevar a cabo sus tareas diarias. Para muchos, esto significa depender del veh\u00edculo de su familia o de su peque\u00f1a empresa.<\/p>\n\n\n\n<p>Cuando las familias de Auburn compran un veh\u00edculo nuevo o seminuevo certificado, esperan recibir un coche fiable que pueda transportarles siempre que necesiten viajar. Los defectos ocultos y los problemas persistentes del veh\u00edculo pueden echar por tierra esta expectativa, causando problemas continuos - o incluso poniendo en riesgo la seguridad de los conductores y pasajeros.&nbsp;<\/p>\n\n\n\n<p>Si tiene problemas persistentes con su veh\u00edculo que el concesionario no puede solucionar, es posible que se trate de un veh\u00edculo defectuoso. <a href=\"https:\/\/www.wirtzlaw.com\/es\/areas-de-practica\/abogados-de-la-ley-del-limon\/\">Ley del lim\u00f3n de California<\/a> protege a los residentes de Placer County en estas situaciones. <a href=\"https:\/\/www.wirtzlaw.com\/es\/contactar-con\/\">Hable con un abogado con experiencia en la ley del lim\u00f3n Placer County<\/a> hoy mismo para obtener m\u00e1s informaci\u00f3n.&nbsp;<\/p>\n\n\n\n<h3 class=\"wp-block-heading\">Matriculaciones de Veh\u00edculos y Tasas de Veh\u00edculos Lim\u00f3n en Placer County<\/h3>\n\n\n\n<p>En 2022, el Departamento de Veh\u00edculos Motorizados de California (DMV) registr\u00f3 462,742 registros totales de veh\u00edculos en Placer County. Estos registros incluyeron tanto registros por primera vez como renovaciones. Abarcaron m\u00e1s de 304,000 autom\u00f3viles, m\u00e1s de 91,000 camiones y casi 14,000 motocicletas.&nbsp;<\/p>\n\n\n\n<p>Para muchas personas que matriculan un veh\u00edculo por primera vez, la matriculaci\u00f3n es un paso sencillo en el proceso de poseer un veh\u00edculo seguro y fiable. Para algunos, sin embargo, matricular su veh\u00edculo puede haber sido el \u00fanico paso sencillo en un desfile interminable de frustraciones y dolores de cabeza.&nbsp;<\/p>\n\n\n\n<p>Un estudio de veh\u00edculos lim\u00f3n en California realizado por el Grupo de Investigaci\u00f3n de Inter\u00e9s P\u00fablico de California (CALPIRG) encontr\u00f3 que entre 2018 y 2021, el DMV de California proces\u00f3 m\u00e1s de 7 millones de nuevos registros de veh\u00edculos en todo el estado. Relativamente pocos de estos veh\u00edculos registrados -solo el 0,45%- se convirtieron m\u00e1s tarde en objeto de una demanda de lim\u00f3n en un tribunal estatal.&nbsp;<\/p>\n\n\n\n<p>Sin embargo, las cifras de demandas judiciales no revelan todo el alcance del problema de los veh\u00edculos problem\u00e1ticos. Estas cifras subestiman los problemas de los californianos con los veh\u00edculos problem\u00e1ticos de dos maneras:<\/p>\n\n\n\n<ul class=\"wp-block-list\">\n<li><strong>La mayor\u00eda de las reclamaciones de la ley del lim\u00f3n no acaban en los tribunales. <\/strong>Se negocian entre el fabricante y el propietario del veh\u00edculo. Los propietarios de veh\u00edculos que trabajan con <a href=\"https:\/\/www.wirtzlaw.com\/es\/equipo\/\">abogados con experiencia en la ley del lim\u00f3n<\/a> tienden a obtener mejores resultados en estas negociaciones.&nbsp;<\/li>\n\n\n\n<li><strong>Millones de veh\u00edculos retirados sin reparar siguen circulando por las carreteras de California. <\/strong>CALPIRG estima que hasta 6 millones de veh\u00edculos pueden estar hoy en las carreteras de California con al menos un defecto importante que se ha <a href=\"https:\/\/www.wirtzlaw.com\/es\/como-los-propietarios-de-vehiculos-pueden-estar-al-dia-de-las-retiradas\/\">retirado<\/a>pero no reparado.&nbsp;<\/li>\n<\/ul>\n\n\n\n<p>En resumen, Placer County tiene un problema de veh\u00edculos lim\u00f3n m\u00e1s grande que los registros judiciales por s\u00ed solos pueden revelar.&nbsp;<\/p>\n\n\n\n<p>Mientras que <a href=\"https:\/\/www.wirtzlaw.com\/es\/fabricantes\/\">cualquier fabricante<\/a> Algunos fabricantes de autom\u00f3viles tienen un mejor historial que otros a la hora de ofrecer veh\u00edculos fiables. Los datos de CALPIRG muestran, por ejemplo, que <a href=\"https:\/\/www.wirtzlaw.com\/es\/areas-de-practica\/abogados-de-la-ley-del-limon\/abogados-toyota-lemon-law\/\">Toyota Motor Sales<\/a> apareci\u00f3 en una demanda de lim\u00f3n por cada 2,029 veh\u00edculos registrados en California entre 2018 y 2021. El r\u00e9cord de fiabilidad de Toyota, basado en estos n\u00fameros, super\u00f3 a todos los dem\u00e1s fabricantes de autom\u00f3viles estudiados. En el otro extremo de la escala estaba <a href=\"https:\/\/www.wirtzlaw.com\/es\/areas-de-practica\/abogados-de-la-ley-del-limon\/gm-lemon-law-abogados\/\">GM<\/a>, que apareci\u00f3 en una demanda de lim\u00f3n por cada 78 veh\u00edculos vendidos en California. As\u00ed, los californianos que compraron un veh\u00edculo GM entre 2018 y 2021 ten\u00edan 26 veces m\u00e1s probabilidades de acabar en los tribunales que los que compraron un Toyota.&nbsp;<\/p>\n\n\n\n<h3 class=\"wp-block-heading\">Veh\u00edculos nuevos y la Ley del Lim\u00f3n de California<\/h3>\n\n\n\n<p>La ley del lim\u00f3n de California se aplica a los veh\u00edculos nuevos comprados o alquilados \"al por menor\". La mayor\u00eda de las compras al por menor se hacen a trav\u00e9s de concesionarios, aunque algunas se hacen directamente a un fabricante de veh\u00edculos.&nbsp;<\/p>\n\n\n\n<p>En virtud de la ley del lim\u00f3n de California, el propietario de un veh\u00edculo puede recibir una indemnizaci\u00f3n por un nuevo veh\u00edculo de lim\u00f3n si:<\/p>\n\n\n\n<ul class=\"wp-block-list\">\n<li>La garant\u00eda original del veh\u00edculo sigue vigente cuando empiezan los problemas,<\/li>\n\n\n\n<li>Los problemas perjudican al propietario en el uso, la seguridad o el valor del veh\u00edculo,&nbsp;<\/li>\n\n\n\n<li>Los problemas se producen en condiciones normales de uso del veh\u00edculo (como la conducci\u00f3n por carreteras Placer County), no por abuso o mal uso del veh\u00edculo, y<\/li>\n\n\n\n<li>El fabricante de autom\u00f3viles recibi\u00f3 un \"n\u00famero razonable de intentos de reparaci\u00f3n\" para solucionar los problemas del veh\u00edculo, pero no pudo hacerlo.&nbsp;<\/li>\n<\/ul>\n\n\n\n<p>Llevar el veh\u00edculo al concesionario varias veces para su reparaci\u00f3n, o un veh\u00edculo que permanece fuera de servicio en un concesionario durante m\u00e1s de 30 d\u00edas en total, normalmente cumple el requisito de intentos de reparaci\u00f3n.  En California, un veh\u00edculo puede considerarse defectuoso tras dos intentos de reparaci\u00f3n.<\/p>\n\n\n\n<p>La ley del lim\u00f3n de California incluye disposiciones para un veh\u00edculo de sustituci\u00f3n o la devoluci\u00f3n del precio de compra del veh\u00edculo, lo que elija el propietario. El reembolso o \"recompra\" se calcula seg\u00fan una f\u00f3rmula incluida en la ley del lim\u00f3n para veh\u00edculos nuevos.&nbsp;<\/p>\n\n\n\n<h3 class=\"wp-block-heading\">Veh\u00edculos usados y la Ley del Lim\u00f3n de California<\/h3>\n\n\n\n<p>Adem\u00e1s de cubrir los veh\u00edculos nuevos, <a href=\"https:\/\/www.wirtzlaw.com\/es\/protege-la-ley-del-limon-de-california-su-coche-usado\/\">la ley del lim\u00f3n tambi\u00e9n cubre los veh\u00edculos usados<\/a>si esos veh\u00edculos se compran al por menor. Por lo tanto, muchos tipos de veh\u00edculos de segunda mano certificados est\u00e1n incluidos en las protecciones de la ley del lim\u00f3n.&nbsp;<\/p>\n\n\n\n<p>Algunos ejemplos de veh\u00edculos usados que pueden estar cubiertos por la ley del lim\u00f3n son:<\/p>\n\n\n\n<ul class=\"wp-block-list\">\n<li>Veh\u00edculos adquiridos en un concesionario despu\u00e9s de haber tenido un propietario particular.<\/li>\n\n\n\n<li>Veh\u00edculos que sirvieron de \"pr\u00e9stamo\" al concesionario antes de ser vendidos.<\/li>\n\n\n\n<li>Veh\u00edculos alquilados antes de ser vendidos.<\/li>\n\n\n\n<li>Veh\u00edculos que sirvieron de \"demostraci\u00f3n\" antes de ser vendidos.&nbsp;<\/li>\n<\/ul>\n\n\n\n<p>Al igual que ocurre con los veh\u00edculos nuevos, los usados deben estar cubiertos por una garant\u00eda o similar. Por ejemplo, un <a href=\"https:\/\/www.wirtzlaw.com\/es\/acogerse-a-las-ventajas-de-la-ley-del-limon-coches-de-prestamo-para-la-comodidad-de-los-vehiculos-nuevos-sin-la-etiqueta-de-precio\/\">antiguo veh\u00edculo de pr\u00e9stamo<\/a> puede estar cubierto por la ley del lim\u00f3n debido a su condici\u00f3n previa de pr\u00e9stamo. Un veh\u00edculo comprado usado despu\u00e9s de un leasing puede estar cubierto por una garant\u00eda de segunda mano certificada (CPO). Al igual que los veh\u00edculos nuevos, un veh\u00edculo usado debe someterse a un \"n\u00famero razonable de intentos de reparaci\u00f3n\" por parte del fabricante de autom\u00f3viles (normalmente a trav\u00e9s del concesionario) antes de que pueda aplicarse la ley del lim\u00f3n.&nbsp;<\/p>\n\n\n\n<p>Las disposiciones de la ley del lim\u00f3n son tan claras para los veh\u00edculos usados como para los de segunda mano.  Si su veh\u00edculo califica como un lim\u00f3n, un abogado con experiencia en lim\u00f3n Placer County puede ayudarle a calcular la cantidad de recompra adecuada y negociar sus da\u00f1os m\u00e1ximos.&nbsp;<\/p>\n\n\n\n<h3 class=\"wp-block-heading\">Protecciones para peque\u00f1as empresas en Placer County<\/h3>\n\n\n\n<p>La ley del lim\u00f3n cubre los veh\u00edculos comprados o alquilados para uso personal, familiar y dom\u00e9stico. Tambi\u00e9n cubre algunos veh\u00edculos comprados o alquilados por <a href=\"https:\/\/www.wirtzlaw.com\/es\/areas-de-practica\/abogados-de-la-ley-del-limon\/abogado-de-la-ley-del-limon-de-san-diego\/se-aplica-la-ley-del-limon-de-california-a-los-vehiculos-de-empresa-en-san-diego\/\">peque\u00f1as empresas<\/a>.&nbsp;<\/p>\n\n\n\n<p>Una peque\u00f1a empresa puede acogerse a la protecci\u00f3n de la ley del lim\u00f3n si:<\/p>\n\n\n\n<ul class=\"wp-block-list\">\n<li>El peso en vac\u00edo del veh\u00edculo, o peso bruto del veh\u00edculo (GVW), es inferior a 10.000 libras, y<\/li>\n\n\n\n<li>La empresa posee cinco o menos veh\u00edculos en total.&nbsp;<\/li>\n<\/ul>\n\n\n\n<p>Es posible que las empresas o los veh\u00edculos que no cumplan estos requisitos no puedan presentar una reclamaci\u00f3n conforme a la Ley del lim\u00f3n. Sin embargo, pueden tener otras opciones legales. <a href=\"https:\/\/www.wirtzlaw.com\/es\/contactar-con\/\">Hable con un abogado<\/a> para saber m\u00e1s sobre c\u00f3mo se aplican las leyes de California a su situaci\u00f3n.&nbsp;<\/p>\n\n\n\n<h3 class=\"wp-block-heading\">Indemnizaci\u00f3n en virtud de la Ley del Lim\u00f3n de California<\/h3>\n\n\n\n<p>La ley del lim\u00f3n de California prev\u00e9 tres formas principales de compensaci\u00f3n por p\u00e9rdidas relacionadas con la propiedad o el alquiler de un veh\u00edculo defectuoso: reembolso o sustituci\u00f3n, da\u00f1os incidentales y consecuentes, y honorarios de abogados y costas procesales.<\/p>\n\n\n\n<p>El <strong>reembolso o sustituci\u00f3n <\/strong>tiene por objeto compensar al propietario de un veh\u00edculo defectuoso por el propio veh\u00edculo. Esta disposici\u00f3n permite al propietario del veh\u00edculo elegir si desea el reembolso del precio de compra o un veh\u00edculo de sustituci\u00f3n \"sustancialmente similar\". El reembolso tambi\u00e9n se conoce como \"<a href=\"https:\/\/www.wirtzlaw.com\/es\/que-es-el-programa-de-recompra-de-la-ley-del-limon-de-california\/\">recompra<\/a>.\"&nbsp;<\/p>\n\n\n\n<p>El c\u00e1lculo de la recompra se basa en una f\u00f3rmula establecida en el estatuto de la ley del lim\u00f3n.  Incluye el importe pagado o por pagar, la financiaci\u00f3n, los impuestos y las tasas oficiales. Algunas partes de la compra no est\u00e1n incluidas, como los a\u00f1adidos del concesionario. Trabajar con un abogado experto en la ley del lim\u00f3n que represente sus intereses puede maximizar sus posibilidades de alcanzar la mejor cantidad de recompra que cumpla con los requisitos de la ley de California.&nbsp;<\/p>\n\n\n\n<p><strong>Da\u00f1os incidentales y consecuentes <\/strong>pretenden compensar al propietario de un veh\u00edculo defectuoso por gastos en los que no habr\u00eda incurrido si el veh\u00edculo hubiera funcionado seg\u00fan lo previsto. Por ejemplo, si usted ha acumulado miles de euros en gastos de remolque para llevar su veh\u00edculo al concesionario despu\u00e9s de repetidas aver\u00edas, puede presentar pruebas de esos gastos para obtener una indemnizaci\u00f3n por da\u00f1os incidentales y consecuentes. Otros tipos comunes de da\u00f1os incidentales y consecuentes incluyen tarifas de autob\u00fas, tarifas de viajes compartidos o el coste de un veh\u00edculo de alquiler para que tenga un transporte fiable mientras su coche est\u00e1 en el taller.&nbsp;<\/p>\n\n\n\n<p>Por \u00faltimo, la ley del lim\u00f3n de California obliga a los fabricantes de autom\u00f3viles a pagar el <strong>honorarios razonables de abogados y costas procesales <\/strong>de los propietarios de veh\u00edculos que demuestren ser propietarios o arrendatarios de un veh\u00edculo defectuoso. Esta disposici\u00f3n ayuda a garantizar que los propietarios de veh\u00edculos puedan trabajar con un abogado experto en la ley del lim\u00f3n Placer County de su elecci\u00f3n sin acumular grandes facturas legales. Si su abogado le ayuda a ganar su caso, el fabricante de autom\u00f3viles paga los honorarios del abogado, costos y gastos. El sitio <a href=\"https:\/\/www.wirtzlaw.com\/es\/areas-de-practica\/abogados-de-la-ley-del-limon\/como-saber-que-esta-trabajando-con-el-mejor-abogado-de-la-ley-del-limon\/\">los mejores abogados de la ley del lim\u00f3n<\/a> nunca tendr\u00e1 que pagar gastos de su propio bolsillo para tramitar su reclamaci\u00f3n.<\/p>\n\n\n\n<p>\u00bfQu\u00e9 pasa si usted y su abogado no pueden ganar su caso? Muchos abogados de la ley del lim\u00f3n de California tambi\u00e9n trabajan \"en contingencia\", lo que significa que no cobran honorarios a menos que recuperen una compensaci\u00f3n para usted. Su mejor decisi\u00f3n es encontrar un bufete de abogados de lim\u00f3n que trabaja en una contingencia. Hable con un abogado hoy para aprender c\u00f3mo funcionan los acuerdos de contingencia y c\u00f3mo pueden ayudarle a recibir representaci\u00f3n al tiempo que minimiza sus gastos de bolsillo.<\/p>\n\n\n\n<h2 class=\"wp-block-heading\">Hable con un experimentado Placer County Ley del Lim\u00f3n Abogado Hoy<\/h2>\n\n\n\n<p>Si usted est\u00e1 tratando con un veh\u00edculo de lim\u00f3n, sus d\u00edas y semanas est\u00e1n llenas de dolores de cabeza. Es hora de que recibas ayuda para que tu situaci\u00f3n actual sea m\u00e1s sencilla, no m\u00e1s dif\u00edcil.<\/p>\n\n\n\n<p>Hable hoy mismo con un abogado experto en la ley del lim\u00f3n de Placer County. Su mejor decisi\u00f3n es ponerse en contacto con el <a href=\"https:\/\/www.wirtzlaw.com\/es\/equipo\/\">equipo en Wirtz Law APC<\/a> que puede ayudarle a comprender sus derechos legales y considerar sus opciones. <a href=\"https:\/\/www.wirtzlaw.com\/es\/contactar-con\/\">P\u00f3ngase en contacto con nosotros<\/a> hoy para programar una consulta gratuita, sin compromiso y confidencial de su caso.<\/p>","protected":false},"excerpt":{"rendered":"<p>Enclavada en el coraz\u00f3n de Gold Country, Placer County de California es el hogar de m\u00e1s de 400.000 californianos. Los bosques de Placer County, la belleza natural del lago Tahoe y ciudades pintorescas como Auburn y otras a lo largo de la I-80 invitan a empresas, turistas y otros visitantes a visitar la zona durante todo el a\u00f1o.  Los or\u00edgenes de Placer County incluyen...<\/p>","protected":false},"author":12,"featured_media":6199,"parent":2523,"menu_order":0,"comment_status":"closed","ping_status":"closed","template":"","meta":{"_acf_changed":false,"footnotes":""},"class_list":["post-6196","page","type-page","status-publish","has-post-thumbnail","hentry"],"acf":[],"_links":{"self":[{"href":"https:\/\/www.wirtzlaw.com\/es\/wp-json\/wp\/v2\/pages\/6196","targetHints":{"allow":["GET"]}}],"collection":[{"href":"https:\/\/www.wirtzlaw.com\/es\/wp-json\/wp\/v2\/pages"}],"about":[{"href":"https:\/\/www.wirtzlaw.com\/es\/wp-json\/wp\/v2\/types\/page"}],"author":[{"embeddable":true,"href":"https:\/\/www.wirtzlaw.com\/es\/wp-json\/wp\/v2\/users\/12"}],"replies":[{"embeddable":true,"href":"https:\/\/www.wirtzlaw.com\/es\/wp-json\/wp\/v2\/comments?post=6196"}],"version-history":[{"count":4,"href":"https:\/\/www.wirtzlaw.com\/es\/wp-json\/wp\/v2\/pages\/6196\/revisions"}],"predecessor-version":[{"id":6352,"href":"https:\/\/www.wirtzlaw.com\/es\/wp-json\/wp\/v2\/pages\/6196\/revisions\/6352"}],"up":[{"embeddable":true,"href":"https:\/\/www.wirtzlaw.com\/es\/wp-json\/wp\/v2\/pages\/2523"}],"wp:featuredmedia":[{"embeddable":true,"href":"https:\/\/www.wirtzlaw.com\/es\/wp-json\/wp\/v2\/media\/6199"}],"wp:attachment":[{"href":"https:\/\/www.wirtzlaw.com\/es\/wp-json\/wp\/v2\/media?parent=6196"}],"curies":[{"name":"wp","href":"https:\/\/api.w.org\/{rel}","templated":true}]}}