{"id":6158,"date":"2024-07-28T15:57:13","date_gmt":"2024-07-28T19:57:13","guid":{"rendered":"https:\/\/www.wirtzlaw.com\/?page_id=6158"},"modified":"2025-12-16T19:34:47","modified_gmt":"2025-12-17T00:34:47","slug":"abogados-de-la-ley-del-limon-del-condado-de-mendocino","status":"publish","type":"page","link":"https:\/\/www.wirtzlaw.com\/es\/practice-areas\/lemon-law-attorneys\/mendocino-county-lemon-law-attorneys\/","title":{"rendered":"Mendocino County Ley del Lim\u00f3n"},"content":{"rendered":"<h2 class=\"wp-block-heading\"><em>Abogados especializados en derechos de los consumidores comprometidos con la obtenci\u00f3n de indemnizaciones para los propietarios de veh\u00edculos defectuosos<\/em><\/h2>\n\n\n\n<p>Una de las razones por las que gastaste el dinero extra en un coche nuevo fue porque no quer\u00edas lidiar con las molestias de tener un veh\u00edculo usado. Sin embargo, si usted encuentra que su coche reci\u00e9n comprado, cami\u00f3n, EV, h\u00edbrido, o SUV est\u00e1 pasando m\u00e1s tiempo en el taller de lo que cabr\u00eda esperar, es posible que usted tiene un lim\u00f3n. Bajo la ley de California, los fabricantes de veh\u00edculos est\u00e1n obligados a recomprar o reemplazar los veh\u00edculos Lemon. Sin embargo, perseguir un <a href=\"https:\/\/www.wirtzlaw.com\/es\/areas-de-practica\/abogados-de-la-ley-del-limon\/\">Mendocino County Reclamaci\u00f3n de la Ley del Lim\u00f3n<\/a> no siempre es sencillo porque los fabricantes de veh\u00edculos se resisten mucho a admitir que su producto es defectuoso.&nbsp;<\/p>\n\n\n\n<p>En <a href=\"https:\/\/www.wirtzlaw.com\/es\/\">Wirtz Law APC<\/a>Nuestros abogados especializados en la Ley del Lim\u00f3n Mendocino County tienen amplia experiencia en la presentaci\u00f3n de demandas en virtud de la Ley de Garant\u00eda del Consumidor Song-Beverly, que es el nombre oficial de la Ley del Lim\u00f3n de California. Hemos desarrollado un m\u00e9todo probado y verdadero para el manejo de estos casos, lo que resulta en una tasa de \u00e9xito de m\u00e1s del 97 por ciento. Hemos conectado a nuestros clientes con <a href=\"https:\/\/www.wirtzlaw.com\/es\/resultados\/\">$76 millones<\/a> en da\u00f1os gracias a nuestros esfuerzos. Tambi\u00e9n ofrecemos <a href=\"https:\/\/www.wirtzlaw.com\/es\/contactar-con\/\">consultas gratuitas y sin compromiso<\/a> a todos los propietarios de veh\u00edculos, durante el cual le explicaremos los beneficios de la Ley del Lim\u00f3n y c\u00f3mo podemos ayudarle a conectarse con un remedio para el veh\u00edculo defectuoso que recibi\u00f3. Estamos orgullosos de representar a clientes en todo Mendocino County, incluyendo en Fort Bragg, Covelo, Laytonville, <a href=\"https:\/\/www.wirtzlaw.com\/es\/areas-de-practica\/abogados-de-la-ley-del-limon\/ukiah-abogados-de-la-ley-de-limon\/\">Ukiah<\/a>Redwood Valley y Willits.&nbsp;<\/p>\n\n\n\n<h3 class=\"wp-block-heading\">Mendocino County Propiedad del Veh\u00edculo y la Ley del Lim\u00f3n Estad\u00edsticas<\/h3>\n\n\n\n<p>En todo California hay m\u00e1s de 35 millones de veh\u00edculos matriculados. La mayoria de estos, cerca de 26 millones, son vehiculos de pasajeros, que incluyen carros, SUVs, minivans, camionetas y cualquier otro vehiculo que no sea usado con propositos comerciales. Mendocino County es uno de los condados menos poblados de California, con unos 91.000 residentes. Sin embargo, en Mendocino County, hay mas de 115,000 vehiculos registrados, lo que significa que hay casi tantos vehiculos como personas. Un poco m\u00e1s de la mitad de los veh\u00edculos en Mendocino County-o alrededor de 58,000-son veh\u00edculos de pasajeros.&nbsp;<\/p>\n\n\n\n<p>Seg\u00fan un estudio de Frontier Group, entre 2018 y 2021 se matricularon 7,6 millones de veh\u00edculos nuevos en California. Durante ese tiempo, m\u00e1s de 34.000 californianos presentaron reclamaciones de la Ley del Lim\u00f3n. Esto significa que entre 2018 y 2021, alrededor del 0,5 por ciento de todos los veh\u00edculos reci\u00e9n registrados resultaron ser limones. Sin embargo, debido a que estos datos se basaron en presentaciones judiciales, estas cifras no incluyen aquellos casos de Lemon Law que se resolvieron fuera de los tribunales, lo cual es bastante com\u00fan. Siendo este el caso, el verdadero porcentaje de Lemons cuando se miran todos los veh\u00edculos nuevos es probablemente significativamente mayor que la cifra del 0,05 por ciento.<\/p>\n\n\n\n<h3 class=\"wp-block-heading\">La Ley del Lim\u00f3n de California - Una visi\u00f3n general<\/h3>\n\n\n\n<figure class=\"wp-block-image size-large\"><a href=\"https:\/\/www.wirtzlaw.com\/es\/areas-de-practica\/abogados-de-la-ley-del-limon\/mendocino-abogados-de-la-ley-de-limon\/ley-del-limon-de-mendocino-una-guia-infografica-completa\/\"><img loading=\"lazy\" decoding=\"async\" width=\"1024\" height=\"636\" src=\"https:\/\/www.wirtzlaw.com\/wp-content\/uploads\/2025\/12\/Mendocino-Lemon-Law-Comprehensive-Infographic-Guide-Thumbnail-1024x636.jpg\" alt=\"Mendocino Ley del Lim\u00f3n Gu\u00eda Infogr\u00e1fica Integral Miniatura\" class=\"wp-image-7649\" title=\"\" srcset=\"https:\/\/www.wirtzlaw.com\/wp-content\/uploads\/2025\/12\/Mendocino-Lemon-Law-Comprehensive-Infographic-Guide-Thumbnail-1024x636.jpg 1024w, https:\/\/www.wirtzlaw.com\/wp-content\/uploads\/2025\/12\/Mendocino-Lemon-Law-Comprehensive-Infographic-Guide-Thumbnail-300x186.jpg 300w, https:\/\/www.wirtzlaw.com\/wp-content\/uploads\/2025\/12\/Mendocino-Lemon-Law-Comprehensive-Infographic-Guide-Thumbnail-768x477.jpg 768w, https:\/\/www.wirtzlaw.com\/wp-content\/uploads\/2025\/12\/Mendocino-Lemon-Law-Comprehensive-Infographic-Guide-Thumbnail-18x12.jpg 18w, https:\/\/www.wirtzlaw.com\/wp-content\/uploads\/2025\/12\/Mendocino-Lemon-Law-Comprehensive-Infographic-Guide-Thumbnail-150x93.jpg 150w, https:\/\/www.wirtzlaw.com\/wp-content\/uploads\/2025\/12\/Mendocino-Lemon-Law-Comprehensive-Infographic-Guide-Thumbnail.jpg 1191w\" sizes=\"auto, (max-width: 1024px) 100vw, 1024px\" \/><\/a><\/figure>\n\n\n\n<p>La Ley del Lim\u00f3n de California, conocida oficialmente como la <a href=\"https:\/\/leginfo.legislature.ca.gov\/faces\/codes_displayText.xhtml?lawCode=CIV&amp;division=3.&amp;title=1.7.&amp;part=4.&amp;chapter=1.&amp;article=3.\" target=\"_blank\" rel=\"noreferrer noopener\">Ley de garant\u00eda de los consumidores Song-Beverly<\/a>es una ley estatal que ofrece protecci\u00f3n a los consumidores que compran o alquilan veh\u00edculos nuevos y, en algunos casos, usados en California que resultan defectuosos. La Ley del Lim\u00f3n se promulg\u00f3 para garantizar que los fabricantes respeten sus garant\u00edas para mantener su veh\u00edculo libre de defectos, y se aplica a autom\u00f3viles, camiones y otros veh\u00edculos de motor, incluyendo motocicletas y veh\u00edculos recreativos, que se venden con una garant\u00eda.<\/p>\n\n\n\n<p>Seg\u00fan la Ley del Lim\u00f3n de California, si un veh\u00edculo no se repara con \u00e9xito tras un n\u00famero razonable de intentos de solucionar los problemas cubiertos por la garant\u00eda, el fabricante debe sustituir el veh\u00edculo defectuoso por uno nuevo o, lo que es m\u00e1s habitual (y una mejor opci\u00f3n), reembolsar al consumidor el precio de compra del veh\u00edculo. Los detalles de lo que constituye un \"n\u00famero razonable de intentos\" pueden variar, pero generalmente incluyen al menos dos intentos de reparar un defecto que afecte sustancialmente.<\/p>\n\n\n\n<p>Para caer bajo la protecci\u00f3n de la Ley del Lim\u00f3n, el defecto debe perjudicar significativamente el uso, el valor o la seguridad del veh\u00edculo, y los intentos de reparaci\u00f3n deben ocurrir dentro del per\u00edodo de garant\u00eda. La ley tambi\u00e9n prev\u00e9 la recuperaci\u00f3n del fabricante de autom\u00f3viles de los honorarios de su abogado y los costos, e incluso los gastos de litigio, el fomento de la representaci\u00f3n legal de los mejores abogados que puede contratar en las reclamaciones de la ley del lim\u00f3n.<\/p>\n\n\n\n<p>La Ley del Lim\u00f3n de California tambi\u00e9n se aplica a los veh\u00edculos usados si a\u00fan tienen la garant\u00eda original del fabricante o si un concesionario los vende con garant\u00eda.&nbsp;<\/p>\n\n\n\n<p>Para obtener una reparaci\u00f3n en virtud de la Ley del Lim\u00f3n de California, los consumidores normalmente deben proporcionar pruebas del defecto, el n\u00famero de intentos de reparaci\u00f3n, y que el problema persiste a pesar de los repetidos esfuerzos para resolver el problema. Muchos propietarios de veh\u00edculos optan por contratar a un abogado Mendocino County Lemon Law para navegar por el proceso, negociar con los fabricantes, y, si es necesario, representarlos en la corte.&nbsp;<\/p>\n\n\n\n<h3 class=\"wp-block-heading\">\u00bfQu\u00e9 tipos de defectos cubre la Ley del Lim\u00f3n de California?<\/h3>\n\n\n\n<p>La Ley del Lim\u00f3n de California cubre una amplia gama de defectos que pueden afectar al uso, valor o seguridad de un veh\u00edculo. Cualquier defecto o falta de conformidad que afecte sustancialmente al uso, valor o seguridad del veh\u00edculo para el consumidor puede estar cubierto. Esto incluye, pero no se limita a:<\/p>\n\n\n\n<ul class=\"wp-block-list\">\n<li><strong>Problemas de motor<\/strong>: Pueden ir desde un sobrecalentamiento persistente hasta un fallo completo del motor.<\/li>\n\n\n\n<li><strong>Problemas de transmisi\u00f3n<\/strong>: Dificultad para cambiar de marcha, deslizamiento o fallo de la transmisi\u00f3n son problemas comunes de la transmisi\u00f3n cubiertos.<\/li>\n\n\n\n<li><strong>Fallos del sistema el\u00e9ctrico<\/strong>: Esto incluye problemas con el ordenador del coche, problemas con la bater\u00eda, indicadores que funcionan mal y cableado defectuoso.<\/li>\n\n\n\n<li><strong>Problemas de suspensi\u00f3n<\/strong>: Problemas persistentes de alineaci\u00f3n o fallos en la suspensi\u00f3n que afecten a la conducci\u00f3n del veh\u00edculo.<\/li>\n\n\n\n<li><strong>Defectos del sistema de frenado<\/strong>: Problemas con los frenos que persisten a pesar de las reparaciones, incluidos problemas con el sistema antibloqueo de frenos.<\/li>\n\n\n\n<li><strong>Mal funcionamiento de los dispositivos de seguridad<\/strong>: Airbags que no funcionan, fallos de los cinturones de seguridad y otros defectos de los dispositivos de seguridad.<\/li>\n\n\n\n<li><strong>Fugas<\/strong>: Fugas de l\u00edquido significativas y recurrentes que afectan al rendimiento o la seguridad del veh\u00edculo.<\/li>\n<\/ul>\n\n\n\n<p>Es importante tener en cuenta que los defectos deben ser lo suficientemente importantes como para afectar sustancialmente al uso, valor o seguridad del veh\u00edculo desde la perspectiva del consumidor. Las molestias menores o los problemas est\u00e9ticos que no afectan al rendimiento, la seguridad o la fiabilidad del veh\u00edculo no suelen estar amparados por la Ley del Lim\u00f3n.<\/p>\n\n\n\n<p>Adem\u00e1s, estos defectos deben producirse y requerir intentos de reparaci\u00f3n dentro del periodo de garant\u00eda o de un determinado plazo\/kilometraje despu\u00e9s de la compra, seg\u00fan especifique la ley.&nbsp;<\/p>\n\n\n\n<h3 class=\"wp-block-heading\">\u00bfQu\u00e9 da\u00f1os y perjuicios puede reclamar en un caso de la Ley del Lim\u00f3n?<\/h3>\n\n\n\n<p>En California, si usted gana un caso de la ley del lim\u00f3n, tiene derecho a varias formas de compensaci\u00f3n para remediar la situaci\u00f3n con su veh\u00edculo defectuoso. A continuaci\u00f3n se muestra una lista de los principales tipos de da\u00f1os y perjuicios que puede recuperar:<\/p>\n\n\n\n<p><strong>Sustituci\u00f3n o recompra del veh\u00edculo<\/strong>: Se puede exigir al fabricante que sustituya el veh\u00edculo defectuoso por uno nuevo sustancialmente id\u00e9ntico o que vuelva a comprarle el veh\u00edculo. La elecci\u00f3n depende totalmente del consumidor. Por lo general, el importe de la recompra incluye el precio de compra, los impuestos, las tasas de matriculaci\u00f3n y cualquier otro coste asociado a la compra, menos una deducci\u00f3n por el uso que hayas hecho del veh\u00edculo antes de llevarlo a reparar.<\/p>\n\n\n\n<p><strong>Da\u00f1os consecuenciales o incidentales<\/strong>: Tambi\u00e9n puedes recuperar los costes relacionados con el defecto, incluidos los de reparaci\u00f3n, remolque, alquiler de coche y cualquier otro gasto ocasionado por los problemas del veh\u00edculo.<\/p>\n\n\n\n<p><strong>Sanciones civiles<\/strong>: En los casos en que se demuestre que el fabricante hizo caso omiso deliberadamente de la ley del lim\u00f3n, es posible que se le conceda una indemnizaci\u00f3n. <a href=\"https:\/\/www.wirtzlaw.com\/es\/areas-de-practica\/abogados-de-la-ley-del-limon\/abogado-de-la-ley-del-limon-de-san-diego\/sancion-civil-de-la-ley-del-limon\/\">sanci\u00f3n civil<\/a>. Esta sanci\u00f3n puede ser hasta dos veces superior a los da\u00f1os reales, lo que sirve de castigo al fabricante y de disuasi\u00f3n contra futuras infracciones.<\/p>\n\n\n\n<p><strong>Honorarios de abogados, costas y gastos de litigio<\/strong>: La ley tambi\u00e9n incluye una disposici\u00f3n para la recuperaci\u00f3n de los honorarios razonables de abogados y costas judiciales y gastos relacionados con el litigio, por lo que es econ\u00f3micamente factible para los consumidores a contratar a la <a href=\"https:\/\/www.wirtzlaw.com\/es\/areas-de-practica\/abogados-de-la-ley-del-limon\/como-saber-que-esta-trabajando-con-el-mejor-abogado-de-la-ley-del-limon\/\">la mejor y m\u00e1s experimentada representaci\u00f3n legal<\/a> sin gastos de bolsillo.<\/p>\n\n\n\n<p>Estos da\u00f1os y perjuicios no s\u00f3lo pretenden compensarle por el impacto que el veh\u00edculo defectuoso ha tenido en su vida y por los inconvenientes que le ha causado, sino tambi\u00e9n igualar las condiciones entre usted y las megacompa\u00f1\u00edas automovil\u00edsticas internacionales. Los detalles espec\u00edficos de lo que puede recuperar depender\u00e1 de los detalles de su caso. Un abogado con experiencia en la Ley del Lim\u00f3n Mendocino County puede ayudarlo a establecer su reclamo y maximizar el monto de sus da\u00f1os.&nbsp;<\/p>\n\n\n\n<h3 class=\"wp-block-heading\">\u00bfNecesita un abogado para presentar una demanda Mendocino County Lemon Law?<\/h3>\n\n\n\n<p>Si bien no es legalmente necesario tener un abogado Mendocino County Ley del Lim\u00f3n para presentar una reclamaci\u00f3n, es muy recomendable trabajar con un abogado con experiencia por algunas razones:<\/p>\n\n\n\n<p><strong>Complejidad de la ley<\/strong>: La Ley del Lim\u00f3n de California puede ser compleja, con requisitos espec\u00edficos sobre lo que constituye un lim\u00f3n, cu\u00e1ntos intentos de reparaci\u00f3n califican, y qu\u00e9 recursos est\u00e1n disponibles. Un abogado con experiencia puede navegar por estas complejidades y asegurarse de que su reclamaci\u00f3n cumple todas las normas legales.<\/p>\n\n\n\n<p><strong>Negociaci\u00f3n con los fabricantes<\/strong>: Los fabricantes de autom\u00f3viles tienen ej\u00e9rcitos de equipos legales dedicados a la defensa contra las reclamaciones de la ley del lim\u00f3n. Un abogado Mendocino County Lemon Law estar\u00e1 familiarizado con las t\u00e1cticas que estas empresas utilizan y puede negociar eficazmente en su nombre, nivelando el campo de juego.<\/p>\n\n\n\n<p><strong>Maximizar la recuperaci\u00f3n<\/strong>: Un <a href=\"https:\/\/www.wirtzlaw.com\/es\/equipo\/richard-m-wirtz\/\">abogado experto en casos de la ley del lim\u00f3n<\/a> podr\u00e1 evaluar con precisi\u00f3n toda la gama de da\u00f1os y perjuicios a los que tiene derecho y trabajar para maximizar su recuperaci\u00f3n. Esto puede incluir no solo un reembolso o la sustituci\u00f3n del veh\u00edculo, sino tambi\u00e9n una indemnizaci\u00f3n por gastos imprevistos, honorarios de abogados y, posiblemente, sanciones civiles contra el fabricante.<\/p>\n\n\n\n<p><strong>Sin gastos de bolsillo<\/strong>: La Ley del Lim\u00f3n de California incluye una disposici\u00f3n que permite a los consumidores recuperar del fabricante los honorarios y gastos razonables de abogado si ganan el caso. Esto significa que la contrataci\u00f3n de un abogado experto no debe resultar en gastos de bolsillo para usted, ya que el fabricante es responsable de estos honorarios en una reclamaci\u00f3n exitosa. Los mejores abogados de la ley del lim\u00f3n trabajar\u00e1n en contingencia.<\/p>\n\n\n\n<p><strong>Tranquilidad<\/strong>: Tratar con un veh\u00edculo de lim\u00f3n puede ser estresante y consume mucho tiempo. Tener un abogado manejar su reclamo le permite centrarse en su vida diaria, mientras que su abogado gestiona el proceso legal.<\/p>\n\n\n\n<p>Aunque puede iniciar una reclamaci\u00f3n de la ley del lim\u00f3n por su cuenta, los beneficios de la representaci\u00f3n legal pueden superar significativamente cualquier ahorro percibido de abordar el caso por su cuenta. Un abogado puede ayudarle a proteger sus derechos, a presentar su reclamaci\u00f3n de forma eficaz y a maximizar sus posibilidades de obtener un resultado favorable.<\/p>\n\n\n\n<h3 class=\"wp-block-heading\">Cinco errores comunes al presentar una reclamaci\u00f3n conforme a la Ley del Lim\u00f3n<\/h3>\n\n\n\n<p>La presentaci\u00f3n de una reclamaci\u00f3n puede ser un proceso desalentador, y es f\u00e1cil cometer errores que podr\u00edan debilitar su caso o incluso impedirle recibir una indemnizaci\u00f3n. Aqu\u00ed hay cinco errores comunes que la gente hace al presentar una reclamaci\u00f3n de la ley del lim\u00f3n:<\/p>\n\n\n\n<p><strong>Esperar demasiado<\/strong>: Uno de los errores m\u00e1s comunes y devastadores es esperar demasiado tiempo para presentar una reclamaci\u00f3n. California tiene un plazo espec\u00edfico dentro del cual debe presentar su reclamaci\u00f3n. Por ejemplo, las reclamaciones deben iniciarse generalmente mientras el veh\u00edculo est\u00e1 bajo la garant\u00eda del fabricante o dentro de un per\u00edodo razonable despu\u00e9s de notar el defecto. Retrasar la acci\u00f3n puede hacer que se sobrepasen estos plazos cr\u00edticos, dificultando la b\u00fasqueda de una soluci\u00f3n.<\/p>\n\n\n\n<p><strong>Falta de documentaci\u00f3n<\/strong>: La documentaci\u00f3n adecuada es crucial en una reclamaci\u00f3n de la ley del lim\u00f3n. No mantener registros detallados de todos los intentos de reparaci\u00f3n, las comunicaciones con el fabricante o el concesionario, y el tiempo que el veh\u00edculo estuvo fuera de servicio puede afectar gravemente a su caso. La ley exige un cierto n\u00famero de intentos de reparaci\u00f3n; sin documentaci\u00f3n, demostrarlo resulta dif\u00edcil.  La documentaci\u00f3n puede recuperarse durante el litigio, pero s\u00f3lo si no se ha perdido o destruido, por lo que guardar la documentaci\u00f3n de cada visita de reparaci\u00f3n es fundamental.<\/p>\n\n\n\n<p><strong>No dar al fabricante la oportunidad de reparar<\/strong>: La Ley del Lim\u00f3n exige que el fabricante disponga de un n\u00famero razonable de intentos para reparar el veh\u00edculo. Saltarse este paso e ir directamente a presentar una reclamaci\u00f3n sin dar al fabricante la oportunidad de solucionar el problema puede invalidar tu reclamaci\u00f3n.<\/p>\n\n\n\n<p><strong>Malinterpretar el concepto de lim\u00f3n<\/strong>: No todos los problemas de un veh\u00edculo nuevo pueden acogerse a la Ley del Lim\u00f3n. Los problemas deben ser importantes y afectar al uso, valor o seguridad del veh\u00edculo. Los defectos o problemas menores que no afectan significativamente al funcionamiento del veh\u00edculo pueden no cumplir los criterios, lo que da lugar a reclamaciones infundadas.<\/p>\n\n\n\n<p><strong>Tramitar la reclamaci\u00f3n en solitario<\/strong>: Si bien es posible presentar una reclamaci\u00f3n de la ley del lim\u00f3n sin representaci\u00f3n legal, navegar por las complejidades de la ley, tratar con los fabricantes, y la comprensi\u00f3n de los matices de los requisitos espec\u00edficos de su estado puede ser un reto. Tratar de gestionar la reclamaci\u00f3n solo, especialmente en casos complejos o cuando se enfrenta a una fuerte resistencia por parte del fabricante, puede dar lugar a errores u omisiones que disminuyan la fuerza de su reclamaci\u00f3n.<\/p>\n\n\n\n<p>Evitar estos errores puede mejorar las posibilidades de \u00e9xito de su reclamaci\u00f3n. Teniendo en cuenta la complejidad de los casos de la ley del lim\u00f3n, buscar asesoramiento o representaci\u00f3n de un abogado con experiencia en estos asuntos puede ser una decisi\u00f3n prudente.<\/p>\n\n\n\n<h2 class=\"wp-block-heading\">Discuta Su Reclamo de Veh\u00edculo Defectuoso con un Abogado Experto en la Ley del Lim\u00f3n Mendocino County Hoy<\/h2>\n\n\n\n<p>Si usted compr\u00f3 un veh\u00edculo nuevo o usado que todav\u00eda estaba bajo la garant\u00eda original del fabricante y cree que su compra es un lim\u00f3n, llegar a los abogados dedicados Mendocino County Ley del Lim\u00f3n en Wirtz Law APC. En <a href=\"https:\/\/www.wirtzlaw.com\/es\/\">Wirtz Law APC<\/a>, nuestro <a href=\"https:\/\/www.wirtzlaw.com\/es\/equipo\/\">abogados especializados<\/a> tienen d\u00e9cadas de experiencia ayudando a miles de consumidores a obtener un reembolso por un veh\u00edculo que pensaban que estaban recibiendo cuando en realidad compraron un Lim\u00f3n. Tenemos una tasa de \u00e9xito superior al 97 por ciento entre los casos de la Ley del Lim\u00f3n que hemos manejado y tenemos <a href=\"https:\/\/www.wirtzlaw.com\/es\/resultados\/\">recuper\u00f3 $76 millones<\/a> en nombre de nuestros clientes. Para obtener m\u00e1s informaci\u00f3n, y para programar una consulta gratuita con un abogado de Mendocino County Ley del Lim\u00f3n en Wirtz Law, APC, llame al <a href=\"tel:1-858-259-5009\">858-259-5009<\/a> hoy mismo. Tambi\u00e9n puede ponerse en contacto con nosotros a trav\u00e9s de nuestro <a href=\"https:\/\/www.wirtzlaw.com\/es\/contactar-con\/\">formulario de contacto seguro en l\u00ednea<\/a>.<\/p>","protected":false},"excerpt":{"rendered":"<p>Abogados dedicados a los derechos del consumidor comprometidos a asegurar la compensaci\u00f3n para los propietarios de veh\u00edculos defectuosos Una de las razones por las que gast\u00f3 el dinero extra en un coche nuevo fue porque no quer\u00eda lidiar con la molestia de tener un veh\u00edculo usado. Sin embargo, si usted encuentra que su coche reci\u00e9n comprado, cami\u00f3n, EV, h\u00edbrido, o SUV...<\/p>","protected":false},"author":12,"featured_media":6161,"parent":2523,"menu_order":0,"comment_status":"closed","ping_status":"closed","template":"","meta":{"_acf_changed":false,"footnotes":""},"class_list":["post-6158","page","type-page","status-publish","has-post-thumbnail","hentry"],"acf":[],"_links":{"self":[{"href":"https:\/\/www.wirtzlaw.com\/es\/wp-json\/wp\/v2\/pages\/6158","targetHints":{"allow":["GET"]}}],"collection":[{"href":"https:\/\/www.wirtzlaw.com\/es\/wp-json\/wp\/v2\/pages"}],"about":[{"href":"https:\/\/www.wirtzlaw.com\/es\/wp-json\/wp\/v2\/types\/page"}],"author":[{"embeddable":true,"href":"https:\/\/www.wirtzlaw.com\/es\/wp-json\/wp\/v2\/users\/12"}],"replies":[{"embeddable":true,"href":"https:\/\/www.wirtzlaw.com\/es\/wp-json\/wp\/v2\/comments?post=6158"}],"version-history":[{"count":4,"href":"https:\/\/www.wirtzlaw.com\/es\/wp-json\/wp\/v2\/pages\/6158\/revisions"}],"predecessor-version":[{"id":7653,"href":"https:\/\/www.wirtzlaw.com\/es\/wp-json\/wp\/v2\/pages\/6158\/revisions\/7653"}],"up":[{"embeddable":true,"href":"https:\/\/www.wirtzlaw.com\/es\/wp-json\/wp\/v2\/pages\/2523"}],"wp:featuredmedia":[{"embeddable":true,"href":"https:\/\/www.wirtzlaw.com\/es\/wp-json\/wp\/v2\/media\/6161"}],"wp:attachment":[{"href":"https:\/\/www.wirtzlaw.com\/es\/wp-json\/wp\/v2\/media?parent=6158"}],"curies":[{"name":"wp","href":"https:\/\/api.w.org\/{rel}","templated":true}]}}