{"id":6121,"date":"2024-07-22T17:33:40","date_gmt":"2024-07-22T21:33:40","guid":{"rendered":"https:\/\/www.wirtzlaw.com\/?page_id=6121"},"modified":"2025-06-17T18:09:20","modified_gmt":"2025-06-17T22:09:20","slug":"abogados-de-la-ley-del-limon-del-condado-de-shasta","status":"publish","type":"page","link":"https:\/\/www.wirtzlaw.com\/es\/practice-areas\/lemon-law-attorneys\/shasta-county-lemon-law-attorneys\/","title":{"rendered":"Shasta County Ley del Lim\u00f3n"},"content":{"rendered":"<h2 class=\"wp-block-heading\"><em>Abogados expertos en casos de veh\u00edculos defectuosos en Shasta County ayudan a los propietarios de veh\u00edculos a obtener una indemnizaci\u00f3n<\/em><\/h2>\n\n\n\n<p>Shasta County es uno de los condados originales de California, con una historia tan antigua como el propio estado. La impresionante presencia del Monte Shasta y las vastas hect\u00e1reas de bosque del condado hacen de Shasta County un lugar popular para vivir y visitar.&nbsp;<\/p>\n\n\n\n<p>Hoy, <a href=\"https:\/\/www.wirtzlaw.com\/es\/areas-de-practica\/abogados-de-la-ley-del-limon\/redding-abogados-de-la-ley-de-limon\/\">Redding<\/a>, <a href=\"https:\/\/www.wirtzlaw.com\/es\/areas-de-practica\/abogados-de-la-ley-del-limon\/burney-abogados-de-la-ley-de-limon\/\">Burney<\/a>, <a href=\"https:\/\/www.wirtzlaw.com\/es\/areas-de-practica\/abogados-de-la-ley-del-limon\/abogado-de-la-ley-del-limon-anderson\/\">Anderson<\/a>Shasta County y otras localidades de Shasta County son el hogar de m\u00e1s de 180.000 californianos. Alrededor de un tercio de los hogares de Shasta County tienen uno o m\u00e1s hijos, y m\u00e1s de tres cuartas partes son hogares con trabajo.\u00a0<\/p>\n\n\n\n<p>Tanto si est\u00e1 formando una familia en Shasta County, como si vive solo o simplemente viene a trabajar, necesita un veh\u00edculo fiable. Si ha comprado o alquilado un veh\u00edculo recientemente y se encuentra con problemas continuos, hable con un taller autorizado. <a href=\"https:\/\/www.wirtzlaw.com\/es\/areas-de-practica\/abogados-de-la-ley-del-limon\/\">abogado experto en limones de la zona de Redding<\/a> hoy. El <a href=\"https:\/\/www.wirtzlaw.com\/es\/equipo\/\">equipo en Wirtz Law APC<\/a> est\u00e1 aqu\u00ed para ayudar.&nbsp;<\/p>\n\n\n\n<h3 class=\"wp-block-heading\">Estad\u00edsticas de Veh\u00edculos Lim\u00f3n en California<\/h3>\n\n\n\n<p>En 2022, el Departamento de Veh\u00edculos Motorizados de California (DMV) registr\u00f3 107,792 autom\u00f3viles en Shasta County. El DMV tambi\u00e9n registr\u00f3 51.424 camiones, m\u00e1s de 48.000 remolques y m\u00e1s de 7.500 motocicletas.&nbsp;<\/p>\n\n\n\n<p>Estas cifras incluyen tanto las matriculaciones nuevas como las renovadas. Tambi\u00e9n incluyen tanto veh\u00edculos fiables como veh\u00edculos defectuosos.&nbsp;<\/p>\n\n\n\n<p>\u00bfCu\u00e1ntos veh\u00edculos lim\u00f3n circulan por las carreteras de California? Los datos disponibles pueden ayudar a responder a esta pregunta.&nbsp;<\/p>\n\n\n\n<p>En su Auto Lemon Index, el California Public Interest Research Group (CALPIRG) descubri\u00f3 que entre 2018 y 2021, el DMV de California recibi\u00f3 alrededor de 7,6 millones de registros de veh\u00edculos nuevos en todo el estado. En el mismo per\u00edodo de tiempo, los propietarios de veh\u00edculos presentaron 34,397 demandas bajo la ley de lim\u00f3n de California en los tribunales estatales. Dicho de otra manera, alrededor del 0,45% de todos los registros de veh\u00edculos nuevos se convirtieron en objeto de un caso judicial de la ley del lim\u00f3n.<\/p>\n\n\n\n<p>La mayor\u00eda de los veh\u00edculos defectuosos no acaban en los tribunales. En su lugar, los casos se resuelven entre el fabricante y el propietario del veh\u00edculo. El Auto Lemon Index no registra los acuerdos extrajudiciales.<\/p>\n\n\n\n<p>En segundo lugar, California puede tener muchos conductores que tienen una demanda de la ley del lim\u00f3n sin embargo no est\u00e1n buscando compensaci\u00f3n. El Auto Lemon Index estima que alrededor de 6,3 millones de veh\u00edculos en las carreteras de California en 2021 ten\u00edan al menos un defecto importante sin reparar - sin embargo, s\u00f3lo 10.707 demandas fueron presentadas ese a\u00f1o.&nbsp;<\/p>\n\n\n\n<h3 class=\"wp-block-heading\">Tipos de defectos cubiertos por la Ley del Lim\u00f3n<\/h3>\n\n\n\n<p>Casi cualquier <a href=\"https:\/\/www.wirtzlaw.com\/es\/areas-de-practica\/abogados-de-la-ley-del-limon\/abogado-de-la-ley-del-limon-de-san-diego\/abogado-de-coches-defectuosos\/\">defecto del veh\u00edculo<\/a> pueden convertirse en objeto de un caso de la ley del lim\u00f3n. El Auto Lemon Index enumera las piezas defectuosas que se convirtieron en objeto de demandas en 2021. Incluyen:<\/p>\n\n\n\n<ul class=\"wp-block-list\">\n<li>Sistemas de aire acondicionado y calefacci\u00f3n<\/li>\n\n\n\n<li>Tracci\u00f3n a las cuatro ruedas<\/li>\n\n\n\n<li>C\u00e1maras de seguridad<\/li>\n\n\n\n<li>Pilas<\/li>\n\n\n\n<li>Piezas y sistemas de freno, incluidos los frenos de emergencia<\/li>\n\n\n\n<li>Piezas del sistema de combustible, incluidos filtros e inyectores<\/li>\n\n\n\n<li>Sistemas de asistencia de cambio de carril<\/li>\n\n\n\n<li>Sistemas de direcci\u00f3n asistida<\/li>\n\n\n\n<li>Od\u00f3metros<\/li>\n\n\n\n<li>Cinturones de seguridad<\/li>\n\n\n\n<li>Sensores en m\u00faltiples sistemas, incluyendo colisi\u00f3n, presi\u00f3n de neum\u00e1ticos y funciones del motor.<\/li>\n<\/ul>\n\n\n\n<p>Tambi\u00e9n surgieron otros problemas en las demandas por da\u00f1os causados por veh\u00edculos defectuosos, y muchos m\u00e1s fueron objeto de llamadas a revisi\u00f3n en 2021 y a\u00f1os anteriores.&nbsp;<\/p>\n\n\n\n<p>Cuando su coche tiene un problema, el primer paso es llevarlo al concesionario para que lo reparen. Sin embargo, si el concesionario no puede reparar el problema despu\u00e9s de varios intentos o de un largo periodo de tiempo, puede que sea el momento de plantearse solicitar una indemnizaci\u00f3n en virtud de la ley del lim\u00f3n.&nbsp;<\/p>\n\n\n\n<h3 class=\"wp-block-heading\">Fundamentos de la Ley del Lim\u00f3n de California<\/h3>\n\n\n\n<p><a href=\"https:\/\/leginfo.legislature.ca.gov\/faces\/codes_displayText.xhtml?lawCode=CIV&amp;division=3.&amp;title=1.7.&amp;part=4.&amp;chapter=1.&amp;article=3.\" target=\"_blank\" rel=\"noreferrer noopener\">Ley Song-Beverly de California sobre garant\u00edas de los consumidores<\/a> protege a los consumidores del estado. Sus disposiciones relativas a los veh\u00edculos son m\u00e1s conocidas como la \"ley del lim\u00f3n\" del estado. La ley del lim\u00f3n de California es una de las m\u00e1s estrictas de EE.UU. en lo que respecta a la protecci\u00f3n de los derechos de los propietarios de veh\u00edculos.&nbsp;<\/p>\n\n\n\n<p>La ley del lim\u00f3n de California se aplica a los veh\u00edculos que:<\/p>\n\n\n\n<ul class=\"wp-block-list\">\n<li>Comprado o alquilado \"al por menor\" en California (a menos que sea militar). La mayor\u00eda de las compras al por menor se hacen en concesionarios, aunque algunas se hacen directamente al fabricante.&nbsp;<\/li>\n\n\n\n<li>Todav\u00eda bajo la garant\u00eda original del fabricante o una garant\u00eda de segunda mano certificada (CPO).&nbsp;<\/li>\n\n\n\n<li>Reparado en California.<\/li>\n<\/ul>\n\n\n\n<p>Un veh\u00edculo se convierte en un \"lim\u00f3n\" cuando tiene un problema que \"deteriora sustancialmente el uso, el valor o la seguridad del veh\u00edculo para el consumidor\", y el problema surge en condiciones normales de uso del veh\u00edculo.&nbsp;<\/p>\n\n\n\n<p>Los propietarios de los veh\u00edculos deben conceder al fabricante un \"n\u00famero razonable de intentos de reparaci\u00f3n\" para que \u00e9ste intente solucionar el problema. Lo que se considera un n\u00famero \"razonable\" var\u00eda en funci\u00f3n de la gravedad del problema. Sin embargo, cuantos m\u00e1s intentos haya realizado el concesionario sin \u00e9xito, o cuanto m\u00e1s tiempo lleve el veh\u00edculo en el taller, m\u00e1s probable es que un tribunal considere que se ha realizado el \"intento razonable de reparaci\u00f3n\".&nbsp;<\/p>\n\n\n\n<h4 class=\"wp-block-heading\">Protecci\u00f3n de la peque\u00f1a empresa<\/h4>\n\n\n\n<p>La ley del lim\u00f3n de California protege a quienes compran o alquilan veh\u00edculos para uso personal, familiar y dom\u00e9stico. Tambi\u00e9n protege a ciertas peque\u00f1as empresas. Si la empresa tiene cinco o menos veh\u00edculos en total y si el peso en vac\u00edo del veh\u00edculo lim\u00f3n es inferior a 10.000 libras, la peque\u00f1a empresa puede presentar un caso en virtud de la ley del lim\u00f3n. Esta es una buena noticia para las muchas peque\u00f1as empresas que apoyan a las comunidades en Redding y en todo Shasta County.<\/p>\n\n\n\n<p>Si no est\u00e1 seguro de que su peque\u00f1a empresa cumpla los requisitos de la Ley del lim\u00f3n, <a href=\"https:\/\/www.wirtzlaw.com\/es\/contactar-con\/\">consulte con un abogado<\/a> sobre su caso. La ley del lim\u00f3n es complicada.  Es posible que dispongas de otras v\u00edas de protecci\u00f3n.&nbsp;<\/p>\n\n\n\n<h4 class=\"wp-block-heading\">Protecci\u00f3n de los militares<\/h4>\n\n\n\n<p>Para la mayor\u00eda de los propietarios de veh\u00edculos, la ley del lim\u00f3n de California s\u00f3lo se aplica a los veh\u00edculos comprados en California. Sin embargo, si eres un militar en servicio activo destinado en California, es posible que puedas presentar una reclamaci\u00f3n aunque hayas comprado tu veh\u00edculo en otro estado.&nbsp;<\/p>\n\n\n\n<p>El prop\u00f3sito de la protecci\u00f3n de los miembros del servicio es permitir a los miembros en servicio activo de las fuerzas armadas protegerse a trav\u00e9s de una reclamaci\u00f3n de la ley del lim\u00f3n. Al mismo tiempo, est\u00e1n estacionados en California, incluso si compraron su veh\u00edculo antes de entrar en el estado.&nbsp;<\/p>\n\n\n\n<h3 class=\"wp-block-heading\">\u00bfDebo recurrir al arbitraje?<\/h3>\n\n\n\n<p>Muchos fabricantes de autom\u00f3viles intentan incluir cl\u00e1usulas de arbitraje en los contratos de sus veh\u00edculos. El arbitraje es una alternativa a los tribunales. En el arbitraje, un \u00e1rbitro escucha a ambas partes y toma una decisi\u00f3n.&nbsp;<\/p>\n\n\n\n<p>Estad\u00edsticamente, el arbitraje produce peores resultados para los propietarios de veh\u00edculos que las reclamaciones basadas en la ley del lim\u00f3n. Un abogado experto en la ley del lim\u00f3n puede decirle si el arbitraje es una opci\u00f3n apropiada en su caso. Su abogado trabajar\u00e1 para construir un caso s\u00f3lido en su nombre.&nbsp;<\/p>\n\n\n\n<p>Hable con un abogado experto en la ley del lim\u00f3n para obtener m\u00e1s informaci\u00f3n sobre c\u00f3mo se aplica la ley del lim\u00f3n en su situaci\u00f3n. Es posible que tenga otras opciones legales, incluso si la ley del lim\u00f3n no est\u00e1 disponible para usted.&nbsp;<\/p>\n\n\n\n<h3 class=\"wp-block-heading\">Indemnizaci\u00f3n en un caso Shasta County Lemon Law<\/h3>\n\n\n\n<p>La ley del lim\u00f3n de California tambi\u00e9n especifica la indemnizaci\u00f3n que un fabricante de autom\u00f3viles debe pagar al propietario de un veh\u00edculo por un veh\u00edculo lim\u00f3n. Esta indemnizaci\u00f3n cubre no s\u00f3lo el veh\u00edculo, sino tambi\u00e9n los costes relacionados con los problemas del veh\u00edculo. Incluso prev\u00e9 el pago de los honorarios del abogado, lo que puede facilitar a las familias la contrataci\u00f3n del mejor y m\u00e1s experimentado abogado para que luche por ellos.&nbsp;<\/p>\n\n\n\n<p>Muchos californianos est\u00e1n familiarizados con el requisito estatal de \"reembolso o sustituci\u00f3n\". Si el veh\u00edculo es defectuoso, el fabricante debe reembolsar el precio de compra o proporcionar un veh\u00edculo de sustituci\u00f3n. El propietario del veh\u00edculo puede elegir si quiere el reembolso o la sustituci\u00f3n.  El fabricante no puede tomar esa decisi\u00f3n por usted.<\/p>\n\n\n\n<p>Adem\u00e1s, la ley del lim\u00f3n tambi\u00e9n proporciona compensaci\u00f3n por \"da\u00f1os incidentales y consecuentes\". Estos son los costes que puede haber pagado de su bolsillo debido a problemas con su veh\u00edculo. Por ejemplo, si has acumulado cientos de d\u00f3lares en facturas de remolque o has tenido que pagar viajes diarios compartidos al trabajo, puedes recuperar estos costes en una reclamaci\u00f3n de la ley del lim\u00f3n.&nbsp;<\/p>\n\n\n\n<p>Por \u00faltimo, la ley del lim\u00f3n exige que el fabricante de autom\u00f3viles pague los honorarios razonables de los abogados, los costes del litigio y los gastos del propietario de un veh\u00edculo que gane una reclamaci\u00f3n de la ley del lim\u00f3n.&nbsp;<\/p>\n\n\n\n<p>La disposici\u00f3n sobre los honorarios del abogado es esencial para los propietarios de veh\u00edculos que buscan una indemnizaci\u00f3n completa y justa. Los fabricantes de autom\u00f3viles tienen abogados internos especializados en la lucha contra las reclamaciones de la ley del lim\u00f3n y contratan ej\u00e9rcitos de abogados privados para reforzar su defensa. Utilizan t\u00e1cticas como el retraso, la denegaci\u00f3n, el despiste e incluso el arbitraje para evitar compensar plenamente a los propietarios de veh\u00edculos por sus da\u00f1os cuando pueden hacerlo. Tener al mejor abogado experto en la ley del lim\u00f3n de su lado ayuda a nivelar el campo de juego - y aumenta sus posibilidades de recibir la compensaci\u00f3n m\u00e1xima que se le debe.&nbsp;<\/p>\n\n\n\n<p>Muchos abogados de la ley del lim\u00f3n tambi\u00e9n trabajan \"en contingencia\", lo que significa que no cobran si no recuperan la compensaci\u00f3n para sus clientes. Un acuerdo de contingencia puede ayudar a que los costes de contratar a un abogado dedicado sean manejables para su familia o peque\u00f1a empresa.&nbsp;<\/p>\n\n\n\n<p>No deje que su presupuesto familiar le disuada de hablar con un abogado. En <a href=\"https:\/\/www.wirtzlaw.com\/es\/areas-de-practica\/abogados-de-la-ley-del-limon\/redding-abogados-de-la-ley-de-limon\/\">abogado con experiencia Redding lim\u00f3n<\/a> puede asesorarle sobre la solidez de su caso y, si gana, el fabricante de autom\u00f3viles cubre el coste de los servicios de su abogado.&nbsp;<\/p>\n\n\n\n<h2 class=\"wp-block-heading\">Hable con un abogado con experiencia Shasta County Lim\u00f3n Hoy<\/h2>\n\n\n\n<p>Los residentes de Shasta County que compran o alquilan un veh\u00edculo nuevo esperan que su coche sea fiable. Muchas personas est\u00e1n dispuestas a pagar m\u00e1s por veh\u00edculos nuevos o seminuevos certificados a cambio de la seguridad de que el veh\u00edculo funcionar\u00e1 de forma fiable y recibir\u00e1 atenci\u00f3n r\u00e1pida para los problemas.&nbsp;<\/p>\n\n\n\n<p>Los veh\u00edculos siniestrados frustran estas expectativas. Cuando lo hacen, ponen patas arriba su vida. En lugar de tener un veh\u00edculo fiable, tienes una fuente constante de estr\u00e9s, incertidumbre y frustraci\u00f3n. Es posible que acumule gastos de gr\u00faa, que se esfuerce por encontrar un medio de transporte alternativo o que corra el riesgo de faltar a clase o perder su trabajo porque no puede confiar en que su coche le transporte de forma segura.<\/p>\n\n\n\n<p>Si esto te suena a familia, no est\u00e1s solo. Hable con el <a href=\"https:\/\/www.wirtzlaw.com\/es\/\">experimentado Shasta County abogados de la ley de lim\u00f3n en Wirtz Law APC<\/a> hoy. <a href=\"https:\/\/www.wirtzlaw.com\/es\/contactar-con\/\">P\u00f3ngase en contacto con nosotros<\/a> o <a href=\"tel:1-858-259-5009\">por tel\u00e9fono<\/a> para programar una evaluaci\u00f3n gratuita, sin compromiso y confidencial de su caso.<\/p>","protected":false},"excerpt":{"rendered":"<p>Abogados expertos en casos de veh\u00edculos defectuosos en Shasta County ayudan a los propietarios de veh\u00edculos a obtener una indemnizaci\u00f3n Shasta County es uno de los condados originales de California, con una historia tan antigua como el propio estado. La impresionante presencia del Monte Shasta y los vastos acres de bosque del condado hacen de Shasta County un lugar popular para vivir y visitar.  Hoy en d\u00eda, Redding, Burney, Anderson,...<\/p>","protected":false},"author":12,"featured_media":6122,"parent":2523,"menu_order":0,"comment_status":"closed","ping_status":"closed","template":"","meta":{"_acf_changed":false,"footnotes":""},"class_list":["post-6121","page","type-page","status-publish","has-post-thumbnail","hentry"],"acf":[],"_links":{"self":[{"href":"https:\/\/www.wirtzlaw.com\/es\/wp-json\/wp\/v2\/pages\/6121","targetHints":{"allow":["GET"]}}],"collection":[{"href":"https:\/\/www.wirtzlaw.com\/es\/wp-json\/wp\/v2\/pages"}],"about":[{"href":"https:\/\/www.wirtzlaw.com\/es\/wp-json\/wp\/v2\/types\/page"}],"author":[{"embeddable":true,"href":"https:\/\/www.wirtzlaw.com\/es\/wp-json\/wp\/v2\/users\/12"}],"replies":[{"embeddable":true,"href":"https:\/\/www.wirtzlaw.com\/es\/wp-json\/wp\/v2\/comments?post=6121"}],"version-history":[{"count":3,"href":"https:\/\/www.wirtzlaw.com\/es\/wp-json\/wp\/v2\/pages\/6121\/revisions"}],"predecessor-version":[{"id":7080,"href":"https:\/\/www.wirtzlaw.com\/es\/wp-json\/wp\/v2\/pages\/6121\/revisions\/7080"}],"up":[{"embeddable":true,"href":"https:\/\/www.wirtzlaw.com\/es\/wp-json\/wp\/v2\/pages\/2523"}],"wp:featuredmedia":[{"embeddable":true,"href":"https:\/\/www.wirtzlaw.com\/es\/wp-json\/wp\/v2\/media\/6122"}],"wp:attachment":[{"href":"https:\/\/www.wirtzlaw.com\/es\/wp-json\/wp\/v2\/media?parent=6121"}],"curies":[{"name":"wp","href":"https:\/\/api.w.org\/{rel}","templated":true}]}}