{"id":6117,"date":"2024-07-22T17:23:28","date_gmt":"2024-07-22T21:23:28","guid":{"rendered":"https:\/\/www.wirtzlaw.com\/?page_id=6117"},"modified":"2025-05-13T19:24:26","modified_gmt":"2025-05-13T23:24:26","slug":"abogados-de-limon-del-condado-de-fresno","status":"publish","type":"page","link":"https:\/\/www.wirtzlaw.com\/es\/practice-areas\/lemon-law-attorneys\/fresno-county-lemon-lawyers\/","title":{"rendered":"Fresno County Ley del Lim\u00f3n"},"content":{"rendered":"<p><a href=\"https:\/\/www.wirtzlaw.com\/es\/areas-de-practica\/abogados-de-la-ley-del-limon\/\">Ley del lim\u00f3n de California<\/a> est\u00e1 dise\u00f1ada para protegerte si has comprado o alquilado un veh\u00edculo que resulta ser defectuoso. En virtud de esta ley, si tu coche tiene un problema importante que el concesionario o el fabricante no pueden solucionar tras un n\u00famero razonable de intentos, puedes tener derecho a un reembolso o a un veh\u00edculo de sustituci\u00f3n. Esta ley cubre coches nuevos y usados, camiones, motocicletas, veh\u00edculos el\u00e9ctricos, h\u00edbridos y todoterrenos, y otros veh\u00edculos de consumo comprados o alquilados en California.<\/p>\n\n\n\n<p>En <a href=\"https:\/\/www.wirtzlaw.com\/es\/\">Wirtz Law APC<\/a>Entendemos la frustraci\u00f3n y el estr\u00e9s de ser due\u00f1o de un veh\u00edculo de lim\u00f3n. Con una tasa de \u00e9xito de m\u00e1s de 97% en casos de ley de lim\u00f3n y <a href=\"https:\/\/www.wirtzlaw.com\/es\/resultados\/\">$76 millones recuperados para nuestros clientes<\/a>estamos aqu\u00ed para ayudarle a obtener la resoluci\u00f3n que se merece. <a href=\"https:\/\/www.wirtzlaw.com\/es\/contactar-con\/\">Contacte con nosotros hoy mismo<\/a> para ver c\u00f3mo podemos ayudarle. Ofrecemos consultas personalizadas para entender su situaci\u00f3n \u00fanica, la representaci\u00f3n legal de expertos para luchar por sus derechos, y un equipo dedicado y comprometido a lograr su mejor resultado posible. P\u00f3ngase en contacto con nuestra oficina en <a href=\"tel:1-858-259-5009\">858-259-5009<\/a> para programar una consulta gratuita. No deje que un veh\u00edculo defectuoso interrumpir su vida por m\u00e1s tiempo. Llegar a Wirtz Law APC, y vamos a ayudarle a navegar el proceso para volver a la carretera con confianza.<\/p>\n\n\n\n<h3 class=\"wp-block-heading\">Leyes de California sobre veh\u00edculos defectuosos<\/h3>\n\n\n\n<p>La ley del lim\u00f3n de California te protege si has comprado o alquilado un veh\u00edculo defectuoso. Esta ley garantiza que si tu coche tiene problemas importantes que el concesionario o el fabricante no pueden solucionar tras un n\u00famero razonable de intentos, puedes tener derecho a que te devuelvan el dinero o te lo cambien.&nbsp;<\/p>\n\n\n\n<h3 class=\"wp-block-heading\">Ley del Lim\u00f3n de California (Ley de Garant\u00eda del Consumidor Song-Beverly)<\/h3>\n\n\n\n<p>El <a href=\"https:\/\/leginfo.legislature.ca.gov\/faces\/codes_displayText.xhtml?lawCode=CIV&amp;division=3.&amp;title=1.7.&amp;part=4.&amp;chapter=1.&amp;article=3.\" target=\"_blank\" rel=\"noreferrer noopener\">Ley de garant\u00eda de los consumidores Song-Beverly<\/a>com\u00fanmente conocida como la Ley del Lim\u00f3n de California, establece que si un fabricante o concesionario de veh\u00edculos no puede reparar un defecto que afecte significativamente al uso, valor o seguridad del veh\u00edculo tras un n\u00famero razonable de intentos, el fabricante debe sustituir el veh\u00edculo o reembolsar el precio de compra. Esta ley cubre los coches nuevos y usados comprados o alquilados en California con garant\u00eda del fabricante.<\/p>\n\n\n\n<h3 class=\"wp-block-heading\">\u00bfPor qu\u00e9 son peligrosos los veh\u00edculos con lim\u00f3n?<\/h3>\n\n\n\n<p><a href=\"https:\/\/www.wirtzlaw.com\/es\/areas-de-practica\/abogados-de-la-ley-del-limon\/abogado-de-la-ley-del-limon-de-san-diego\/abogado-de-coches-defectuosos\/\">Veh\u00edculos defectuosos<\/a> plantean importantes riesgos para la seguridad. Los veh\u00edculos con frenos, direcci\u00f3n o airbags defectuosos pueden provocar accidentes graves. Por ejemplo, casi una d\u00e9cada despu\u00e9s de la mayor retirada de autom\u00f3viles de la historia, 700.000 veh\u00edculos en California siguen teniendo airbags defectuosos y potencialmente mortales. Conducir un veh\u00edculo defectuoso no es s\u00f3lo un inconveniente, es un peligro para usted, sus pasajeros y los dem\u00e1s conductores.<\/p>\n\n\n\n<h3 class=\"wp-block-heading\">Carga financiera de los veh\u00edculos defectuosos<\/h3>\n\n\n\n<p>Ser propietario de un veh\u00edculo defectuoso puede suponer una pesada carga financiera. Muchos consumidores no pueden permitirse seguir invirtiendo dinero en reparaciones inesperadas despu\u00e9s de comprar un veh\u00edculo nuevo o de segunda mano con garant\u00eda del fabricante. Un coche es una de las compras m\u00e1s importantes que hacen los consumidores a lo largo de su vida, lo que a menudo conlleva un importante endeudamiento. En el cuarto trimestre de 2021, el pr\u00e9stamo medio que los estadounidenses pidieron para comprar un veh\u00edculo nuevo fue de $39.721. Cuando los precios de los coches nuevos se dispararon en 2021, esta presi\u00f3n financiera se hizo a\u00fan m\u00e1s pronunciada.<\/p>\n\n\n\n<h3 class=\"wp-block-heading\">Ejemplos de veh\u00edculos retirados<\/h3>\n\n\n\n<p>En los \u00faltimos a\u00f1os se han producido numerosas retiradas de veh\u00edculos debido a diversos defectos. Algunos ejemplos notables son:<\/p>\n\n\n\n<ul class=\"wp-block-list\">\n<li><em><a href=\"https:\/\/www.wirtzlaw.com\/es\/areas-de-practica\/abogados-de-la-ley-del-limon\/gm-lemon-law-abogados\/\">General Motors<\/a> retirada de interruptores de encendido: se retiraron m\u00e1s de 2,6 millones de veh\u00edculos porque los interruptores de encendido defectuosos pod\u00edan apagar el motor y desactivar los airbags durante la conducci\u00f3n; y<\/em><\/li>\n\n\n\n<li><em><a href=\"https:\/\/www.wirtzlaw.com\/es\/areas-de-practica\/abogados-de-la-ley-del-limon\/abogados-ford-lemon-law\/\">Ford<\/a> Retirada del mercado de pestillos de puertas: millones de veh\u00edculos Ford fueron retirados del mercado debido a pestillos de puertas defectuosos que pod\u00edan provocar la apertura inesperada de las puertas.<\/em><\/li>\n<\/ul>\n\n\n\n<p>Estas retiradas ponen de relieve la importancia de abordar con prontitud los defectos de los veh\u00edculos para garantizar la seguridad.<\/p>\n\n\n\n<h3 class=\"wp-block-heading\">Da\u00f1os y perjuicios por veh\u00edculos defectuosos seg\u00fan la legislaci\u00f3n de California<\/h3>\n\n\n\n<p>Seg\u00fan la ley del lim\u00f3n de California, si te quedas con un veh\u00edculo defectuoso, tienes varias opciones para recurrir. Esto es lo que puede esperar:<\/p>\n\n\n\n<ul class=\"wp-block-list\">\n<li><em>Reembolso o sustituci\u00f3n: si el concesionario o el fabricante no pueden solucionar el defecto o los defectos tras un n\u00famero razonable de intentos, que pueden ser tan solo dos, puede tener derecho a un reembolso completo o a un veh\u00edculo de sustituci\u00f3n;<\/em><\/li>\n\n\n\n<li><em>Reembolso de los gastos de reparaci\u00f3n: puede obtener el reembolso de los gastos de reparaci\u00f3n asociados al defecto.<\/em><\/li>\n\n\n\n<li><em>Indemnizaci\u00f3n por gastos imprevistos: puede incluir los gastos de remolque y alquiler de coches ocasionados por el veh\u00edculo defectuoso.<\/em><\/li>\n\n\n\n<li><em><a href=\"https:\/\/www.wirtzlaw.com\/es\/areas-de-practica\/abogados-de-la-ley-del-limon\/abogado-de-la-ley-del-limon-de-san-diego\/sancion-civil-de-la-ley-del-limon\/\">Sanciones civiles<\/a>-Si se determina que el fabricante ha infringido intencionadamente las leyes del lim\u00f3n de California, tambi\u00e9n puede tener derecho a una sanci\u00f3n civil de hasta el doble del importe de sus da\u00f1os reales.<\/em><\/li>\n\n\n\n<li><em>Honorarios y costes de abogados: la ley del lim\u00f3n de California prev\u00e9 la transferencia de honorarios.  Si usted tiene \u00e9xito el fabricante tambi\u00e9n debe pagar sus honorarios y costos y gastos, lo que significa que no le cuesta nada para perseguir sus derechos de la ley del lim\u00f3n en California.<\/em><\/li>\n<\/ul>\n\n\n\n<p>A pesar de estas protecciones, no todos los casos llegan a los tribunales. Entre los m\u00e1s de 7 millones de veh\u00edculos nuevos registrados en California de 2018 a 2021, solo 34,397 -menos de la mitad del uno por ciento- resultaron en una demanda presentada en los tribunales estatales. Sin embargo, muchos casos se resuelven con la ayuda de un abogado, lo que destaca la importancia de la asistencia legal para resolver las disputas de la ley del lim\u00f3n.<\/p>\n\n\n\n<p>Aunque s\u00f3lo una peque\u00f1a parte de los veh\u00edculos defectuosos acaban en los tribunales en virtud de la ley del lim\u00f3n, hay variaciones significativas entre los fabricantes en cuanto a la frecuencia de las demandas. Por ejemplo, <a href=\"https:\/\/www.wirtzlaw.com\/es\/areas-de-practica\/abogados-de-la-ley-del-limon\/gm-lemon-law-abogados\/\">General Motors<\/a> representaron 29% de los casos de la ley del lim\u00f3n presentados de 2018 a 2021, mientras que <a href=\"https:\/\/www.wirtzlaw.com\/es\/areas-de-practica\/abogados-de-la-ley-del-limon\/abogados-toyota-lemon-law\/\">Toyota<\/a> ten\u00edan el menor n\u00famero de trajes en relaci\u00f3n con su cuota de mercado.<\/p>\n\n\n\n<h3 class=\"wp-block-heading\">Pasos legales a seguir<\/h3>\n\n\n\n<p>Si cree que tiene un veh\u00edculo defectuoso, estos son los pasos que debe seguir:<\/p>\n\n\n\n<ul class=\"wp-block-list\">\n<li><strong>Documente los defectos.<\/strong> Lleve un registro detallado de todas las reparaciones e intentos de arreglar el defecto. Esta documentaci\u00f3n ser\u00e1 crucial si necesitas presentar una reclamaci\u00f3n.<\/li>\n\n\n\n<li><strong>Notif\u00edcalo al fabricante. <\/strong>Informa al fabricante del defecto y dale un n\u00famero razonable de intentos para repararlo, que deben ser al menos dos.<\/li>\n\n\n\n<li><strong>Consulte a un abogado.<\/strong> Dada la complejidad de los casos de la ley del lim\u00f3n, <a href=\"https:\/\/www.wirtzlaw.com\/es\/contactar-con\/\">consultar a un abogado<\/a> puede aumentar significativamente sus posibilidades de \u00e9xito.&nbsp;<\/li>\n<\/ul>\n\n\n\n<p>Un abogado con experiencia puede tener un impacto dram\u00e1tico en el resultado de su reclamaci\u00f3n de la ley del lim\u00f3n de California.<\/p>\n\n\n\n<h3 class=\"wp-block-heading\">Una gu\u00eda para Fresno Ley del Lim\u00f3n Infograf\u00eda - Aprenda m\u00e1s acerca de los casos de la Ley del Lim\u00f3n<\/h3>\n\n\n\n<figure class=\"wp-block-image size-large\"><a href=\"https:\/\/www.wirtzlaw.com\/es\/areas-de-practica\/abogados-de-la-ley-del-limon\/fresno-abogados-de-la-ley-de-limon\/guia-sobre-la-ley-del-limon-de-fresno-infografia\/\"><img loading=\"lazy\" decoding=\"async\" width=\"1024\" height=\"587\" src=\"https:\/\/www.wirtzlaw.com\/wp-content\/uploads\/2025\/02\/FresnoLemonLaw-Infographic-Thumbnail-1-1024x587.png\" alt=\"Una gu\u00eda para Fresno Ley del Lim\u00f3n Infograf\u00eda\" class=\"wp-image-6689\" title=\"\" srcset=\"https:\/\/www.wirtzlaw.com\/wp-content\/uploads\/2025\/02\/FresnoLemonLaw-Infographic-Thumbnail-1-1024x587.png 1024w, https:\/\/www.wirtzlaw.com\/wp-content\/uploads\/2025\/02\/FresnoLemonLaw-Infographic-Thumbnail-1-300x172.png 300w, https:\/\/www.wirtzlaw.com\/wp-content\/uploads\/2025\/02\/FresnoLemonLaw-Infographic-Thumbnail-1-768x440.png 768w, https:\/\/www.wirtzlaw.com\/wp-content\/uploads\/2025\/02\/FresnoLemonLaw-Infographic-Thumbnail-1-1536x881.png 1536w, https:\/\/www.wirtzlaw.com\/wp-content\/uploads\/2025\/02\/FresnoLemonLaw-Infographic-Thumbnail-1-2048x1175.png 2048w, https:\/\/www.wirtzlaw.com\/wp-content\/uploads\/2025\/02\/FresnoLemonLaw-Infographic-Thumbnail-1-18x10.png 18w, https:\/\/www.wirtzlaw.com\/wp-content\/uploads\/2025\/02\/FresnoLemonLaw-Infographic-Thumbnail-1-150x86.png 150w\" sizes=\"auto, (max-width: 1024px) 100vw, 1024px\" \/><\/a><\/figure>\n\n\n\n<h3 class=\"wp-block-heading\">C\u00f3mo resolver una reclamaci\u00f3n de la Ley del Lim\u00f3n en California<\/h3>\n\n\n\n<p>Resolver una reclamaci\u00f3n de la ley del lim\u00f3n en California suele implicar un arbitraje o un litigio. Ambas opciones tienen ventajas e inconvenientes, por lo que entenderlas puede ayudarle a decidir el mejor enfoque para su situaci\u00f3n.<\/p>\n\n\n\n<h4 class=\"wp-block-heading\">Arbitraje<\/h4>\n\n\n\n<p>El arbitraje suele ser m\u00e1s r\u00e1pido que el litigio. A menudo se puede obtener una decisi\u00f3n en pocos meses. El proceso es menos formal que los procedimientos judiciales, lo que puede resultar menos intimidatorio y m\u00e1s directo. Adem\u00e1s, el arbitraje puede ser menos costoso que el litigio porque evita muchos de los costes de acudir a los tribunales.<\/p>\n\n\n\n<p>Sin embargo, las decisiones de arbitraje suelen ser vinculantes, lo que significa que no puede recurrir si no est\u00e1 satisfecho con el resultado. Puede que tenga menos oportunidades de reunir pruebas que en un juicio, lo que afectar\u00e1 a su capacidad de probar su reclamaci\u00f3n. Adem\u00e1s, algunos \u00e1rbitros pueden favorecer a los fabricantes, especialmente si la industria automovil\u00edstica financia el programa de arbitraje.<\/p>\n\n\n\n<h4 class=\"wp-block-heading\">Litigios<\/h4>\n\n\n\n<p>Los litigios permiten un proceso de descubrimiento m\u00e1s exhaustivo. Puede reunir numerosas pruebas, que pueden ser cruciales para construir un caso s\u00f3lido. Adem\u00e1s, puede apelar si no est\u00e1 satisfecho con la decisi\u00f3n del tribunal, lo que le ofrece otra oportunidad de ganar el caso. Adem\u00e1s, los casos judiciales crean un registro p\u00fablico, responsabilizando a los fabricantes e influyendo potencialmente en el comportamiento futuro.<\/p>\n\n\n\n<p>Por otra parte, un litigio puede llevar mucho m\u00e1s tiempo que un arbitraje. Pueden pasar meses o incluso a\u00f1os antes de que obtenga una resoluci\u00f3n. Acudir a los tribunales puede resultar caro. Los honorarios del abogado, las costas judiciales y otros gastos pueden acumularse r\u00e1pidamente. El proceso judicial es formal y puede resultar estresante. Las comparecencias ante el tribunal, las deposiciones y otros procedimientos legales pueden ser exigentes.<\/p>\n\n\n\n<p>Decidir si arbitrar o litigar depende de su situaci\u00f3n espec\u00edfica. El arbitraje puede ser una buena opci\u00f3n si busca una resoluci\u00f3n m\u00e1s r\u00e1pida y menos formal y est\u00e1 dispuesto a aceptar una decisi\u00f3n vinculante. El litigio puede ser mejor si necesita un proceso exhaustivo, la posibilidad de apelar y est\u00e1 preparado para una batalla potencialmente larga y costosa.<\/p>\n\n\n\n<h4 class=\"wp-block-heading\">Liquidaci\u00f3n<\/h4>\n\n\n\n<p>Llegar a un acuerdo es otra opci\u00f3n que puede ser beneficiosa para resolver una reclamaci\u00f3n de la ley del lim\u00f3n. A <a href=\"https:\/\/www.wirtzlaw.com\/es\/areas-de-practica\/abogados-de-la-ley-del-limon\/proceso-de-conciliacion-de-la-ley-del-limon-en-california\/\">liquidaci\u00f3n<\/a> es un acuerdo al que llegan usted y el fabricante al margen del arbitraje o los tribunales. Suele implicar una negociaci\u00f3n, en la que ambas partes acuerdan una indemnizaci\u00f3n o una soluci\u00f3n para el defecto.<\/p>\n\n\n\n<p>Una de las principales ventajas de llegar a un acuerdo es que puede ser m\u00e1s r\u00e1pido que el arbitraje y el litigio. Los acuerdos pueden alcanzarse en semanas o meses, lo que le permite seguir con su vida antes. Adem\u00e1s, llegar a un acuerdo puede ser menos costoso que acudir a los tribunales o al arbitraje, ya que evita muchas tasas y gastos legales.<\/p>\n\n\n\n<p>Sin embargo, la cantidad que reciba en un acuerdo puede ser inferior a la que podr\u00eda conseguir mediante arbitraje o litigio. Las negociaciones pueden ser dif\u00edciles y usted puede sentirse presionado a aceptar una oferta inferior. Adem\u00e1s, los acuerdos son definitivos, lo que significa que, una vez alcanzado un acuerdo, no podr\u00e1 emprender m\u00e1s acciones legales.<\/p>\n\n\n\n<h4 class=\"wp-block-heading\">Elegir la mejor opci\u00f3n<\/h4>\n\n\n\n<p>Decidir si arbitrar, litigar o llegar a un acuerdo depende de su situaci\u00f3n espec\u00edfica. El arbitraje puede ser una buena opci\u00f3n si busca una resoluci\u00f3n m\u00e1s r\u00e1pida y menos formal y est\u00e1 dispuesto a aceptar una decisi\u00f3n vinculante. El litigio puede ser mejor si necesita un proceso exhaustivo, la posibilidad de apelar y est\u00e1 preparado para una batalla potencialmente larga y costosa. Llegar a un acuerdo podr\u00eda ser la mejor opci\u00f3n si prefiere una resoluci\u00f3n r\u00e1pida y rentable y se siente c\u00f3modo negociando un acuerdo con el fabricante. Su <a href=\"https:\/\/www.wirtzlaw.com\/es\/areas-de-practica\/abogados-de-la-ley-del-limon\/fresno-abogados-de-la-ley-de-limon\/\">Fresno Lemon Law abogado<\/a> puede ayudarle a determinar la mejor manera de llevar su caso.&nbsp;<\/p>\n\n\n\n<h3 class=\"wp-block-heading\">\u00bfCu\u00e1nto tiempo tiene para presentar un caso de la Ley del Lim\u00f3n en Fresno, CA?<\/h3>\n\n\n\n<p>Uno de los errores m\u00e1s comunes que cometen los propietarios de veh\u00edculos a la hora de presentar una reclamaci\u00f3n conforme a la Ley del Lim\u00f3n es esperar demasiado. California tiene un marco de tiempo espec\u00edfico para presentar un caso de la Ley del Lim\u00f3n, que establece que el propietario generalmente debe iniciar una reclamaci\u00f3n dentro de un a\u00f1o despu\u00e9s de que expire la garant\u00eda del fabricante del veh\u00edculo y hasta seis a\u00f1os a partir de la fecha de entrega.   No se demore en hacer valer sus derechos. Eso puede bloquear completamente su reclamaci\u00f3n. Por lo tanto, es importante llamar a un abogado de Fresno Lemon Law para discutir su reclamo tan pronto como sea posible.&nbsp;<\/p>\n\n\n\n<h2 class=\"wp-block-heading\">\u00bfEst\u00e1 harto de su lim\u00f3n?<\/h2>\n\n\n\n<p>Si ha comprado recientemente un coche nuevo o usado y est\u00e1 cansado de lidiar con las idas y venidas al concesionario, es posible que le hayan vendido un Lim\u00f3n. Si es as\u00ed, el fabricante del veh\u00edculo puede estar legalmente obligado a comprarle su coche, cami\u00f3n, EV, h\u00edbrido o SUV o proporcionarle un nuevo modelo con un equipamiento comparable. En <a href=\"https:\/\/www.wirtzlaw.com\/es\/\">Wirtz Law APC<\/a>, hemos manejado innumerables reclamaciones Lemon Law en Fresno County y <a href=\"https:\/\/www.wirtzlaw.com\/es\/zonas-que-atendemos\/\">en toda California<\/a>.<\/p>\n\n\n\n<p>En los \u00faltimos a\u00f1os, hemos conectado a nuestros clientes con $76 millones en compensaci\u00f3n y hemos tenido \u00e9xito en m\u00e1s del 98 por ciento de los casos de la Ley Lemon que hemos manejado. Para obtener m\u00e1s informaci\u00f3n y programar una consulta gratuita con un abogado de Ley Lemon de Fresno hoy mismo, ll\u00e1menos al <a href=\"tel:1-858-259-5009\">858-259-5009<\/a>. Tambi\u00e9n puede ponerse en contacto con nosotros a trav\u00e9s de <a href=\"https:\/\/www.wirtzlaw.com\/es\/contactar-con\/\">nuestro formulario de contacto en l\u00ednea<\/a>.<\/p>","protected":false},"excerpt":{"rendered":"<p>La ley del lim\u00f3n de California est\u00e1 dise\u00f1ada para protegerte si has comprado o alquilado un veh\u00edculo que resulta ser defectuoso. En virtud de esta ley, si tu coche tiene un problema importante que el concesionario o el fabricante no pueden solucionar tras un n\u00famero razonable de intentos, puedes tener derecho a que te devuelvan el dinero o a que te cambien el veh\u00edculo.....<\/p>","protected":false},"author":12,"featured_media":6119,"parent":2523,"menu_order":0,"comment_status":"closed","ping_status":"closed","template":"","meta":{"_acf_changed":false,"footnotes":""},"class_list":["post-6117","page","type-page","status-publish","has-post-thumbnail","hentry"],"acf":[],"_links":{"self":[{"href":"https:\/\/www.wirtzlaw.com\/es\/wp-json\/wp\/v2\/pages\/6117","targetHints":{"allow":["GET"]}}],"collection":[{"href":"https:\/\/www.wirtzlaw.com\/es\/wp-json\/wp\/v2\/pages"}],"about":[{"href":"https:\/\/www.wirtzlaw.com\/es\/wp-json\/wp\/v2\/types\/page"}],"author":[{"embeddable":true,"href":"https:\/\/www.wirtzlaw.com\/es\/wp-json\/wp\/v2\/users\/12"}],"replies":[{"embeddable":true,"href":"https:\/\/www.wirtzlaw.com\/es\/wp-json\/wp\/v2\/comments?post=6117"}],"version-history":[{"count":9,"href":"https:\/\/www.wirtzlaw.com\/es\/wp-json\/wp\/v2\/pages\/6117\/revisions"}],"predecessor-version":[{"id":6932,"href":"https:\/\/www.wirtzlaw.com\/es\/wp-json\/wp\/v2\/pages\/6117\/revisions\/6932"}],"up":[{"embeddable":true,"href":"https:\/\/www.wirtzlaw.com\/es\/wp-json\/wp\/v2\/pages\/2523"}],"wp:featuredmedia":[{"embeddable":true,"href":"https:\/\/www.wirtzlaw.com\/es\/wp-json\/wp\/v2\/media\/6119"}],"wp:attachment":[{"href":"https:\/\/www.wirtzlaw.com\/es\/wp-json\/wp\/v2\/media?parent=6117"}],"curies":[{"name":"wp","href":"https:\/\/api.w.org\/{rel}","templated":true}]}}