{"id":6105,"date":"2024-07-10T17:38:07","date_gmt":"2024-07-10T21:38:07","guid":{"rendered":"https:\/\/www.wirtzlaw.com\/?page_id=6105"},"modified":"2024-07-10T17:38:11","modified_gmt":"2024-07-10T21:38:11","slug":"bmw-retira-del-mercado-los-modelos-2022-i4-y-2022-2023-ix-por-problemas-con-la-bateria-de-alto-voltaje","status":"publish","type":"page","link":"https:\/\/www.wirtzlaw.com\/es\/practice-areas\/lemon-law-attorneys\/bmw-lemon-law-attorneys\/bmw-recalls-2022-i4-and-2022-2023-ix-over-high-voltage-battery-problems\/","title":{"rendered":"BMW retira el i4 de 2022 y el iX de 2022-2023 por problemas con la bater\u00eda de alto voltaje"},"content":{"rendered":"<p>Los veh\u00edculos el\u00e9ctricos han ganado popularidad en los \u00faltimos a\u00f1os. Sin embargo, en comparaci\u00f3n con los veh\u00edculos convencionales de gasolina, los el\u00e9ctricos son todav\u00eda relativamente nuevos y pueden plantear muchos problemas.&nbsp;<\/p>\n\n\n\n<p><a href=\"https:\/\/www.wirtzlaw.com\/es\/areas-de-practica\/abogados-de-la-ley-del-limon\/abogados-bmw-lemon-law\/\">BMW<\/a> ha reconocido recientemente uno de estos problemas en una llamada a revisi\u00f3n de sus veh\u00edculos 2022 I4 y 2022-2023 Ix. En la llamada a revisi\u00f3n, BMW se\u00f1ala que \"es posible que algunos m\u00f3dulos de bater\u00eda de alto voltaje no se hayan fabricado conforme a las especificaciones\" y deban sustituirse.\u00a0<\/p>\n\n\n\n<h3 class=\"wp-block-heading\">Problemas con las bater\u00edas i4 e iX<\/h3>\n\n\n\n<p>En un aviso de llamada a revisi\u00f3n de abril de 2023 entregado a la Administraci\u00f3n Nacional de Seguridad del Tr\u00e1fico en Carretera (NHTSA), BMW se\u00f1ala que la llamada a revisi\u00f3n se aplica a su i4 Gran Coup\u00e9 del a\u00f1o modelo 2022.&nbsp;<\/p>\n\n\n\n<p>Seg\u00fan el aviso de llamada a revisi\u00f3n, las bater\u00edas de los veh\u00edculos \"no se fabricaron conforme a las especificaciones\". En concreto, los problemas en la unidad de carga combinada (CCU) de la bater\u00eda de alto voltaje incluyen un montaje incorrecto de los componentes.&nbsp;<\/p>\n\n\n\n<p>Como resultado, las bater\u00edas pueden cortocircuitarse, provocando un <a href=\"https:\/\/www.wirtzlaw.com\/es\/los-vehiculos-electricos-corren-mas-riesgo-de-incendiarse-que-los-vehiculos-de-gasolina-convencionales\/\">posible incendio de la bater\u00eda<\/a>. La llamada a revisi\u00f3n anima a los propietarios de BMW a llevar sus veh\u00edculos a un concesionario certificado, donde se sustituir\u00e1 la bater\u00eda de forma gratuita.\u00a0<\/p>\n\n\n\n<p>El aviso de llamada a revisi\u00f3n advierte de que \"los veh\u00edculos afectados no deben circular ni cargarse y deben aparcarse lejos de cualquier edificio\". Tambi\u00e9n advierte a los concesionarios de que \"s\u00f3lo personal debidamente formado\" debe encargarse de realizar las reparaciones indicadas en cualquier veh\u00edculo BMW.&nbsp;<\/p>\n\n\n\n<p>El BMW i4 ha sido objeto de varias llamadas a revisi\u00f3n en los \u00faltimos a\u00f1os. Por ejemplo, el BMW i4 2023 es objeto actualmente de varias llamadas a revisi\u00f3n relacionadas con el sistema el\u00e9ctrico y una por problemas con los avisos del sistema de prevenci\u00f3n de vuelco. El BMW i4 de 2022 tambi\u00e9n ha sido objeto de llamadas a revisi\u00f3n similares.<\/p>\n\n\n\n<p>Las llamadas a revisi\u00f3n de los iX xDrive50 e iX M60 de 2022-2023 se centran en un problema similar con la bater\u00eda. En estos veh\u00edculos, el montaje incorrecto de la CCU puede causar interrupciones en el flujo de energ\u00eda el\u00e9ctrica del veh\u00edculo durante la conducci\u00f3n. Si esto ocurre, el veh\u00edculo puede calarse repentinamente, provocando un accidente.&nbsp;<\/p>\n\n\n\n<p>BMW empez\u00f3 a investigar los problemas de las bater\u00edas de los veh\u00edculos iX en mayo de 2023. Aunque el proveedor de BMW declar\u00f3 que las piezas investigadas hab\u00edan superado las pruebas de final de l\u00ednea, el fabricante de autom\u00f3viles descubri\u00f3 en junio que la CCU segu\u00eda corriendo el riesgo de funcionar incorrectamente.&nbsp;<\/p>\n\n\n\n<p>Hasta la fecha, el BMW iX 2022 tambi\u00e9n ha sido objeto de otras llamadas a revisi\u00f3n. Estas incluyen retiradas por problemas con los airbags, m\u00faltiples problemas con el sistema el\u00e9ctrico y problemas con el control de crucero del veh\u00edculo. Se han notificado problemas similares con el BMW iX 2023.&nbsp;<\/p>\n\n\n\n<h3 class=\"wp-block-heading\">Qu\u00e9 hacer si su veh\u00edculo se ve afectado por la llamada a revisi\u00f3n<\/h3>\n\n\n\n<p>Si tienes problemas con alg\u00fan sistema del veh\u00edculo, es importante que lo lleves al concesionario lo antes posible. No dudes en devolver el veh\u00edculo al concesionario si el problema no se soluciona a la primera.<\/p>\n\n\n\n<p>Cada vez que tenga problemas con el veh\u00edculo o tome medidas para responder a un aviso de llamada a revisi\u00f3n, <a href=\"https:\/\/www.wirtzlaw.com\/es\/como-mantener-registros-para-su-caso-de-la-ley-del-limon-de-california\/\">mantener registros<\/a> de lo que haces. Por ejemplo, anota la fecha, la hora y con qui\u00e9n hablas en el concesionario. Guarda copias de toda la documentaci\u00f3n del concesionario.<\/p>\n\n\n\n<p>Adem\u00e1s, guarda copias de todos los documentos de los gastos relacionados con los problemas de tu veh\u00edculo. Por ejemplo, si tienes que llamar a una gr\u00faa para que lleve tu BMW al concesionario, guarda una copia del recibo de la gr\u00faa. Si tienes que alquilar un coche, pagar Uber o Lyft, o utilizar el transporte p\u00fablico mientras tu coche est\u00e1 en el taller, guarda copias de la documentaci\u00f3n o capturas de pantalla de la aplicaci\u00f3n para demostrar cu\u00e1nto has pagado por este transporte alternativo.&nbsp;<\/p>\n\n\n\n<p>Por \u00faltimo, localice copias de la garant\u00eda original o de la garant\u00eda de segunda mano certificada (CPO), si las tiene. Conserve esta documentaci\u00f3n de la garant\u00eda junto con la documentaci\u00f3n del concesionario y los recibos. Si el concesionario no puede arreglar su veh\u00edculo, es posible que tenga una reclamaci\u00f3n v\u00e1lida en virtud de la ley del lim\u00f3n de California. Su garant\u00eda jugar\u00e1 un papel clave en el establecimiento de una v\u00e1lida <a href=\"https:\/\/www.wirtzlaw.com\/es\/\">reclamaci\u00f3n de la ley del lim\u00f3n<\/a> y ayudarle a buscar la indemnizaci\u00f3n prevista en la legislaci\u00f3n estatal.\u00a0<\/p>\n\n\n\n<h2 class=\"wp-block-heading\">C\u00f3mo puede ayudar un abogado con experiencia en la Ley del Lim\u00f3n de California<\/h2>\n\n\n\n<p>Seg\u00fan la ley del lim\u00f3n de California, el propietario de un veh\u00edculo puede solicitar una indemnizaci\u00f3n por un problema cubierto que el concesionario no pueda reparar incluso despu\u00e9s de haber realizado m\u00faltiples \"intentos razonables de reparaci\u00f3n\". La indemnizaci\u00f3n por un veh\u00edculo defectuoso puede incluir lo siguiente:<\/p>\n\n\n\n<ul class=\"wp-block-list\">\n<li>Un reembolso o un veh\u00edculo de sustituci\u00f3n (lo que usted elija),<\/li>\n\n\n\n<li>Indemnizaci\u00f3n por gastos relacionados, como gastos de gr\u00faa, coches de alquiler o abonos de autob\u00fas,&nbsp;<\/li>\n\n\n\n<li>Honorarios de abogados y costas procesales a cargo del fabricante de autom\u00f3viles<\/li>\n<\/ul>\n\n\n\n<p>Hable con un <a href=\"https:\/\/www.wirtzlaw.com\/es\/areas-de-practica\/abogados-de-la-ley-del-limon\/\">abogado con experiencia en la ley del lim\u00f3n de California<\/a> lo antes posible para saber c\u00f3mo podr\u00eda aplicarse la ley del lim\u00f3n en su situaci\u00f3n. En <a href=\"https:\/\/www.wirtzlaw.com\/es\/equipo\/\">equipo en Wirtz Law APC<\/a> puede ayudar.<\/p>","protected":false},"excerpt":{"rendered":"<p>Los veh\u00edculos el\u00e9ctricos han ganado popularidad en los \u00faltimos a\u00f1os. Sin embargo, en comparaci\u00f3n con los veh\u00edculos de gasolina convencionales, los el\u00e9ctricos son todav\u00eda relativamente nuevos y pueden plantear numerosos problemas.  BMW ha reconocido recientemente uno de estos problemas en una llamada a revisi\u00f3n de sus veh\u00edculos 2022 I4 y 2022-2023 Ix. En la llamada a revisi\u00f3n, BMW se\u00f1ala que \"algunas bater\u00edas de alto voltaje...<\/p>","protected":false},"author":12,"featured_media":0,"parent":2534,"menu_order":0,"comment_status":"closed","ping_status":"closed","template":"","meta":{"_acf_changed":false,"footnotes":""},"class_list":["post-6105","page","type-page","status-publish","hentry"],"acf":[],"_links":{"self":[{"href":"https:\/\/www.wirtzlaw.com\/es\/wp-json\/wp\/v2\/pages\/6105","targetHints":{"allow":["GET"]}}],"collection":[{"href":"https:\/\/www.wirtzlaw.com\/es\/wp-json\/wp\/v2\/pages"}],"about":[{"href":"https:\/\/www.wirtzlaw.com\/es\/wp-json\/wp\/v2\/types\/page"}],"author":[{"embeddable":true,"href":"https:\/\/www.wirtzlaw.com\/es\/wp-json\/wp\/v2\/users\/12"}],"replies":[{"embeddable":true,"href":"https:\/\/www.wirtzlaw.com\/es\/wp-json\/wp\/v2\/comments?post=6105"}],"version-history":[{"count":5,"href":"https:\/\/www.wirtzlaw.com\/es\/wp-json\/wp\/v2\/pages\/6105\/revisions"}],"predecessor-version":[{"id":6110,"href":"https:\/\/www.wirtzlaw.com\/es\/wp-json\/wp\/v2\/pages\/6105\/revisions\/6110"}],"up":[{"embeddable":true,"href":"https:\/\/www.wirtzlaw.com\/es\/wp-json\/wp\/v2\/pages\/2534"}],"wp:attachment":[{"href":"https:\/\/www.wirtzlaw.com\/es\/wp-json\/wp\/v2\/media?parent=6105"}],"curies":[{"name":"wp","href":"https:\/\/api.w.org\/{rel}","templated":true}]}}