{"id":6072,"date":"2024-07-09T18:32:51","date_gmt":"2024-07-09T22:32:51","guid":{"rendered":"https:\/\/www.wirtzlaw.com\/?page_id=6072"},"modified":"2024-11-04T14:42:09","modified_gmt":"2024-11-04T19:42:09","slug":"es-mi-tesla-un-limon-bajo-la-ley-de-california","status":"publish","type":"page","link":"https:\/\/www.wirtzlaw.com\/es\/practice-areas\/lemon-law-attorneys\/tesla-lemon-law-attorneys\/is-my-tesla-a-lemon-under-california-law\/","title":{"rendered":"\u00bfEs mi Tesla un lim\u00f3n bajo la ley de California?"},"content":{"rendered":"<h3 class=\"wp-block-heading\">Preocupaciones sobre la seguridad del piloto autom\u00e1tico de Tesla<\/h3>\n\n\n\n<p>El a\u00f1o pasado, <a href=\"https:\/\/www.wirtzlaw.com\/es\/areas-de-practica\/abogados-de-la-ley-del-limon\/tesla-lemon-law-abogados\/\">Tesla<\/a> emiti\u00f3 una actualizaci\u00f3n de software por aire para todos los Teslas del mercado estadounidense fabricados hasta diciembre de 2023. Esta llamada a revisi\u00f3n se ha producido despu\u00e9s de que la Administraci\u00f3n Nacional de Seguridad del Tr\u00e1fico en Carretera (NHTSA) revisara casi 1.000 accidentes en los que se vieron implicados Teslas. <a href=\"https:\/\/www.wirtzlaw.com\/es\/le-pone-en-peligro-su-piloto-automatico-teslas\/\">Sistema de piloto autom\u00e1tico<\/a>que caus\u00f3 29 v\u00edctimas mortales. La Oficina de Investigaci\u00f3n de Defectos (ODI) descubri\u00f3 que el t\u00e9rmino \"piloto autom\u00e1tico\" es enga\u00f1oso. Implica m\u00e1s que el nivel 2 de autonom\u00eda y podr\u00eda disuadir a los conductores de tomar el control manual, ya que al hacerlo se desactiva la funci\u00f3n de centrado en el carril llamada Autosteer.<\/p>\n\n\n\n<p>Aunque la investigaci\u00f3n inicial ha concluido, la ODI ha iniciado una consulta de retirada para evaluar la idoneidad de la actualizaci\u00f3n del software de diciembre de 2023. Esta acci\u00f3n es consecuencia de los informes de colisiones ocurridas despu\u00e9s de la actualizaci\u00f3n y de los preocupantes resultados de las pruebas iniciales de la NHTSA. Tambi\u00e9n preocupa el requisito de que los propietarios opten por la soluci\u00f3n y la facilidad con la que los conductores pueden desactivarla. Incluso niveles m\u00e1s altos de autonom\u00eda del veh\u00edculo, como <a href=\"https:\/\/www.wirtzlaw.com\/es\/areas-de-practica\/abogados-de-la-ley-del-limon\/mercedes-benz-abogados-de-la-ley-de-limon\/\">Mercedes-Benz<\/a>Drive Pilot, siguen requiriendo la atenci\u00f3n del conductor, ya que las distracciones, especialmente los mensajes de texto, aumentan considerablemente el riesgo de accidente. Dadas estas complejidades y peligros potenciales, <a href=\"https:\/\/www.wirtzlaw.com\/es\/areas-de-practica\/abogados-de-la-ley-del-limon\/\">consultar a un abogado especializado en la ley del lim\u00f3n de California<\/a> es crucial que conozca sus derechos y opciones.&nbsp;<\/p>\n\n\n\n<h3 class=\"wp-block-heading\">\u00bfPor qu\u00e9 es peligroso el sistema de piloto autom\u00e1tico de Tesla?<\/h3>\n\n\n\n<p>La actualizaci\u00f3n por aire de Tesla se ha enfrentado a cr\u00edticas por ofrecer mejoras m\u00ednimas en las advertencias y alertas de Autopilot y Autosteer. Esta consulta de retirada afecta a m\u00e1s de dos millones de veh\u00edculos, y la NHTSA est\u00e1 trabajando r\u00e1pidamente para resolverla. La NHTSA investig\u00f3 956 accidentes en los que supuestamente se utiliz\u00f3 Autopilot desde enero de 2018 hasta agosto de 2023. Esto incluye 211 incidentes en los que el plano frontal de un Tesla choc\u00f3 contra otro veh\u00edculo u obst\u00e1culo, lo que provoc\u00f3 13 de las 29 v\u00edctimas mortales. El peligro fue visible en 59 de estos choques durante m\u00e1s de cinco segundos antes del impacto. Otras colisiones incluyeron la p\u00e9rdida de control en entornos de baja tracci\u00f3n y la desactivaci\u00f3n involuntaria de Autosteer mientras el control de crucero consciente del tr\u00e1fico permanec\u00eda activado.<\/p>\n\n\n\n<p>El sistema Autosteer s\u00f3lo funciona dentro de carriles claramente marcados y se basa en el control de crucero adaptado al tr\u00e1fico para adaptar la velocidad del Tesla al tr\u00e1fico circundante. El nivel superior de capacidad de conducci\u00f3n aut\u00f3noma completa, que antes costaba $12.000, ahora a\u00f1ade $8.000 al precio de un Tesla. La llamada a revisi\u00f3n de diciembre de 2023 afecta a m\u00e1s de dos millones de veh\u00edculos fabricados entre el 5 de octubre de 2012 y el 7 de diciembre de 2023. Los veh\u00edculos fabricados despu\u00e9s del 7 de diciembre tienen el software corrector instalado durante el montaje.<\/p>\n\n\n\n<h3 class=\"wp-block-heading\">Peligros de la funci\u00f3n Autopilot de Tesla<\/h3>\n\n\n\n<p>El sistema Autopilot de Tesla tiene varios problemas de seguridad importantes que los conductores deben conocer. Estos problemas pueden comprometer su seguridad y poner de relieve por qu\u00e9 los veh\u00edculos Tesla equipados con Autopilot podr\u00edan considerarse limones seg\u00fan la ley de California:<\/p>\n\n\n\n<ul class=\"wp-block-list\">\n<li><strong>Nombres enga\u00f1osos de Autopilot y conducci\u00f3n aut\u00f3noma total:<\/strong> Estos t\u00e9rminos sugieren un mayor nivel de autonom\u00eda del que se proporciona, lo que puede llevar a la complacencia del conductor.<\/li>\n\n\n\n<li><strong>Desactivaci\u00f3n del centrado de carril con control manual:<\/strong> Los conductores pueden dudar en tomar el control porque desactiva el Autosteer, reduciendo la seguridad.<\/li>\n\n\n\n<li><strong>Rendimiento inadecuado tras la actualizaci\u00f3n:<\/strong> A pesar de las actualizaciones, siguen produci\u00e9ndose fallos, lo que indica que las correcciones pueden no ser suficientes.<\/li>\n\n\n\n<li><strong>Requisito de que el propietario opte por las caracter\u00edsticas de seguridad:<\/strong> Las actualizaciones cr\u00edticas de seguridad deben ser obligatorias e irreversibles para garantizar la m\u00e1xima eficacia.<\/li>\n\n\n\n<li><strong>Conducci\u00f3n distra\u00edda:<\/strong> Confiar demasiado en el Piloto Autom\u00e1tico puede llevar a un aumento de las distracciones, especialmente en actividades peligrosas como enviar mensajes de texto.<\/li>\n<\/ul>\n\n\n\n<p>Estas preocupaciones ponen de relieve por qu\u00e9 los veh\u00edculos Tesla equipados con Autopilot podr\u00edan ser considerados limones bajo la ley de California.<\/p>\n\n\n\n<h2 class=\"wp-block-heading\">C\u00f3mo se aplica la Ley del Lim\u00f3n de California a las reclamaciones por defectos del piloto autom\u00e1tico de Tesla<\/h2>\n\n\n\n<figure class=\"wp-block-embed is-type-video is-provider-vimeo wp-block-embed-vimeo wp-embed-aspect-16-9 wp-has-aspect-ratio\"><div class=\"wp-block-embed__wrapper\">\n<iframe loading=\"lazy\" title=\"Entender la Ley del Lim\u00f3n de Tesla\" src=\"https:\/\/player.vimeo.com\/video\/990789255?dnt=1&amp;app_id=122963\" width=\"500\" height=\"281\" frameborder=\"0\" allow=\"autoplay; fullscreen; picture-in-picture; clipboard-write; encrypted-media; web-share\" referrerpolicy=\"strict-origin-when-cross-origin\"><\/iframe>\n<\/div><\/figure>\n\n\n\n<p>Seg\u00fan la ley del lim\u00f3n de California, un veh\u00edculo se considera un lim\u00f3n si tiene <a href=\"https:\/\/www.wirtzlaw.com\/es\/areas-de-practica\/abogados-de-la-ley-del-limon\/abogado-de-la-ley-del-limon-de-san-diego\/abogado-de-coches-defectuosos\/\">defectos sustanciales<\/a> que afecte a su seguridad, valor o uso y que el fabricante no pueda solucionar tras un n\u00famero razonable de intentos. Es importante destacar que cada vez que Tesla env\u00eda una actualizaci\u00f3n por aire, cuenta como un intento de reparar un defecto, a menos que sea simplemente una caracter\u00edstica a\u00f1adida. Los problemas relacionados con el piloto autom\u00e1tico de Tesla, incluidos los nombres enga\u00f1osos de las funciones de seguridad, las actualizaciones ineficaces y los riesgos de colisi\u00f3n persistentes, cumplen estos criterios. Si tu Tesla tiene defectos de Autopilot que merman tu capacidad para conducir con seguridad, puedes tener derecho a un veh\u00edculo de sustituci\u00f3n o a un reembolso.<\/p>\n\n\n\n<p>Los propietarios de Tesla pueden enfrentarse a otros problemas que podr\u00edan calificar su veh\u00edculo como un lim\u00f3n, incluyendo:<\/p>\n\n\n\n<ul class=\"wp-block-list\">\n<li><strong>Degradaci\u00f3n de la bater\u00eda: <\/strong>P\u00e9rdida significativa de autonom\u00eda de conducci\u00f3n en un periodo corto.<\/li>\n\n\n\n<li><strong>Fallos del sistema el\u00e9ctrico: <\/strong>Aver\u00edas repetidas que afecten al funcionamiento del veh\u00edculo.<\/li>\n\n\n\n<li><strong>Problemas de calidad de construcci\u00f3n: <\/strong>Problemas persistentes de ajuste y acabado, como defectos de pintura y huecos en los paneles.<\/li>\n\n\n\n<li><strong>Fallos de software: <\/strong>Problemas frecuentes y no resueltos con el sistema operativo del veh\u00edculo.<\/li>\n<\/ul>\n\n\n\n<p>Si su Tesla experimenta estos u otros problemas recurrentes, es esencial que <a href=\"https:\/\/www.wirtzlaw.com\/es\/contactar-con\/\">consulte a un abogado experto en la ley del lim\u00f3n<\/a>. Pueden guiarle a lo largo del proceso y ayudarle a conseguir la indemnizaci\u00f3n o el veh\u00edculo de sustituci\u00f3n que se merece.<\/p>\n\n\n\n<h2 class=\"wp-block-heading\">\u00bfTiene que hacer frente a las continuas reparaciones de su veh\u00edculo?<\/h2>\n\n\n\n<p>Si usted compr\u00f3 recientemente un Tesla, y usted ha experimentado problemas repetidos que requieren frecuentes viajes al concesionario, es posible que haya sido vendido un lim\u00f3n. Si usted cree que tiene un lim\u00f3n Tesla, el <a href=\"https:\/\/www.wirtzlaw.com\/es\/\">dedicados abogados de la Ley del Lim\u00f3n de California en Wirtz Law APC<\/a>puede ayudar. En Wirtz Law APC, nos especializamos en el manejo de casos de la Ley del Lim\u00f3n en nombre de los propietarios de veh\u00edculos en todo el estado.<\/p>\n\n\n\n<p>A lo largo de los a\u00f1os, hemos llevado innumerables casos, poniendo en contacto a nuestros clientes con <a href=\"https:\/\/www.wirtzlaw.com\/es\/resultados\/\">$76 millones en da\u00f1os<\/a>. Tomamos un enfoque integral para el manejo de cada caso, por lo que hemos sido capaces de obtener con \u00e9xito la compensaci\u00f3n para nuestros clientes en m\u00e1s del 97 por ciento de nuestros casos de la Ley del Lim\u00f3n.<\/p>\n\n\n\n<p>Para obtener m\u00e1s informaci\u00f3n y para programar una consulta gratuita con un abogado de la Ley del Lim\u00f3n de California hoy, <a href=\"tel:1-858-259-5009\">llame al 858-259-5009<\/a>. Tambi\u00e9n puede ponerse en contacto con nosotros a trav\u00e9s de <a href=\"https:\/\/www.wirtzlaw.com\/es\/contactar-con\/\">formulario de contacto en l\u00ednea<\/a>. No s\u00f3lo servimos a <a href=\"https:\/\/www.wirtzlaw.com\/es\/zonas-que-atendemos\/\">nuestras ciudades<\/a> sino tambi\u00e9n <a href=\"https:\/\/www.wirtzlaw.com\/es\/areas-de-practica\/abogados-de-la-ley-del-limon\/fresno-abogados-de-la-ley-de-limon\/\">Central<\/a> y <a href=\"https:\/\/www.wirtzlaw.com\/es\/areas-de-practica\/abogados-de-la-ley-del-limon\/san-jose-abogados-de-la-ley-del-limon\/\">Propietarios de veh\u00edculos del norte de California<\/a>.<\/p>","protected":false},"excerpt":{"rendered":"<p>Preocupaciones por la seguridad del piloto autom\u00e1tico de Tesla El a\u00f1o pasado, Tesla emiti\u00f3 una actualizaci\u00f3n de software por aire para todos los Tesla del mercado estadounidense fabricados hasta diciembre de 2023. Esta llamada a revisi\u00f3n se produjo despu\u00e9s de que la Administraci\u00f3n Nacional de Seguridad del Tr\u00e1fico en Carretera (NHTSA) revisara casi 1.000 accidentes con el sistema Autopilot, que se saldaron con 29 v\u00edctimas mortales. La Oficina de Investigaci\u00f3n de Defectos (ODI) descubri\u00f3 que...<\/p>","protected":false},"author":12,"featured_media":6074,"parent":2549,"menu_order":0,"comment_status":"closed","ping_status":"closed","template":"","meta":{"_acf_changed":false,"footnotes":""},"class_list":["post-6072","page","type-page","status-publish","has-post-thumbnail","hentry"],"acf":[],"_links":{"self":[{"href":"https:\/\/www.wirtzlaw.com\/es\/wp-json\/wp\/v2\/pages\/6072","targetHints":{"allow":["GET"]}}],"collection":[{"href":"https:\/\/www.wirtzlaw.com\/es\/wp-json\/wp\/v2\/pages"}],"about":[{"href":"https:\/\/www.wirtzlaw.com\/es\/wp-json\/wp\/v2\/types\/page"}],"author":[{"embeddable":true,"href":"https:\/\/www.wirtzlaw.com\/es\/wp-json\/wp\/v2\/users\/12"}],"replies":[{"embeddable":true,"href":"https:\/\/www.wirtzlaw.com\/es\/wp-json\/wp\/v2\/comments?post=6072"}],"version-history":[{"count":8,"href":"https:\/\/www.wirtzlaw.com\/es\/wp-json\/wp\/v2\/pages\/6072\/revisions"}],"predecessor-version":[{"id":7778,"href":"https:\/\/www.wirtzlaw.com\/es\/wp-json\/wp\/v2\/pages\/6072\/revisions\/7778"}],"up":[{"embeddable":true,"href":"https:\/\/www.wirtzlaw.com\/es\/wp-json\/wp\/v2\/pages\/2549"}],"wp:featuredmedia":[{"embeddable":true,"href":"https:\/\/www.wirtzlaw.com\/es\/wp-json\/wp\/v2\/media\/6074"}],"wp:attachment":[{"href":"https:\/\/www.wirtzlaw.com\/es\/wp-json\/wp\/v2\/media?parent=6072"}],"curies":[{"name":"wp","href":"https:\/\/api.w.org\/{rel}","templated":true}]}}