{"id":5889,"date":"2024-05-07T19:44:21","date_gmt":"2024-05-07T23:44:21","guid":{"rendered":"https:\/\/www.wirtzlaw.com\/?page_id=5889"},"modified":"2025-05-13T19:33:49","modified_gmt":"2025-05-13T23:33:49","slug":"ley-del-limon-de-thousand-oaks","status":"publish","type":"page","link":"https:\/\/www.wirtzlaw.com\/es\/practice-areas\/lemon-law-attorneys\/thousand-oaks-lemon-law\/","title":{"rendered":"Thousand Oaks Ley del Lim\u00f3n"},"content":{"rendered":"<h2 class=\"wp-block-heading\"><em>Ventura County abogados de los derechos del consumidor con gran experiencia dedicada a garantizar que los propietarios de veh\u00edculos no se quedan con la carga financiera de un lim\u00f3n<\/em><\/h2>\n\n\n\n<p>Adquirir un veh\u00edculo que necesita ser llevado con frecuencia al mec\u00e1nico puede tener implicaciones financieras a largo plazo. Si bien los gastos del mec\u00e1nico forman parte de esto, tambi\u00e9n lo es el tiempo que tienes que dedicar a arreglar tu veh\u00edculo. Con el tiempo, estos gastos (y horas) se acumulan. En un esfuerzo por abordar el creciente problema de los concesionarios de autom\u00f3viles que venden veh\u00edculos defectuosos, entre 1982 y 1994, todos los estados de la naci\u00f3n promulgaron nuevas leyes de protecci\u00f3n al consumidor de garant\u00eda de autom\u00f3viles, com\u00fanmente conocidas como \"leyes lim\u00f3n\". En California, los legisladores aprobaron la Ley de Garant\u00eda del Consumidor Song Beverly, tambi\u00e9n conocida como la Ley del Lim\u00f3n de California.&nbsp;<\/p>\n\n\n\n<p>El <strong>Thousand Oaks Ley del Lim\u00f3n Abogados en Wirtz Law APC<\/strong> tienen d\u00e9cadas de experiencia combinada en la gesti\u00f3n con \u00e9xito de <a href=\"https:\/\/www.wirtzlaw.com\/es\/areas-de-practica\/abogados-de-la-ley-del-limon\/\">litigios sobre defectos de veh\u00edculos<\/a> en virtud de la Ley del Lim\u00f3n de California. Los residentes de Ventura County rutinariamente nos llaman para ayudarles a navegar por las complejidades de estas reclamaciones, la gran mayor\u00eda de los cuales somos capaces de resolver con \u00e9xito. De hecho, hemos recuperado la compensaci\u00f3n en nombre de nuestros clientes en el 97 por ciento de los casos de la Ley del Lim\u00f3n que hemos manejado. Como resultado, hemos ayudado a recuperar <a href=\"https:\/\/www.wirtzlaw.com\/es\/resultados\/\">$76 millones para nuestros clientes<\/a>.\u00a0<\/p>\n\n\n\n<h3 class=\"wp-block-heading\">Ventura County Lemon Law Estad\u00edsticas - \u00bfCu\u00e1ntos limones hay?<\/h3>\n\n\n\n<p>En California circulan m\u00e1s de 36 millones de veh\u00edculos matriculados. Esto es mucho m\u00e1s que en cualquier otro estado. De hecho, hay m\u00e1s veh\u00edculos en California que residentes en la mayor\u00eda de los estados. M\u00e1s de 26 millones de estos veh\u00edculos son veh\u00edculos de pasajeros que se utilizan principalmente para fines no comerciales, como coches, todoterrenos y camionetas. En <a href=\"https:\/\/www.wirtzlaw.com\/es\/areas-de-practica\/abogados-de-la-ley-del-limon\/abogados-de-la-ley-del-limon-del-condado-de-ventura\/\">Ventura County<\/a>, hay m\u00e1s de 828.000 veh\u00edculos matriculados, dos tercios de los cuales son turismos, camiones y todoterrenos.<\/p>\n\n\n\n<p>Seg\u00fan un estudio realizado por Frontier Group, entre 2018 y 2021 se matricularon 7,6 millones de veh\u00edculos nuevos en California. Durante ese mismo per\u00edodo, m\u00e1s de 34.000 californianos presentaron reclamaciones de la Ley del Lim\u00f3n. Esto significa que entre 2018 y 2021, se determin\u00f3 que alrededor del 0,5 por ciento de todos los veh\u00edculos reci\u00e9n registrados eran limones. Sin embargo, es importante tener en cuenta que estas cifras no incluyen aquellos casos de Lemon Law que se resolvieron fuera de los tribunales, lo cual es bastante com\u00fan. Siendo ese el caso, el verdadero porcentaje de Lemons cuando se mira a todos los veh\u00edculos nuevos es probablemente significativamente mayor que la cifra de 0,05 por ciento.&nbsp;<\/p>\n\n\n\n<h3 class=\"wp-block-heading\">Lo esencial - \u00bfQu\u00e9 es la Ley del Lim\u00f3n de California?<\/h3>\n\n\n\n<p>La Ley del Lim\u00f3n de California, conocida oficialmente como la <a href=\"https:\/\/leginfo.legislature.ca.gov\/faces\/codes_displayText.xhtml?lawCode=CIV&amp;division=3.&amp;title=1.7.&amp;part=4.&amp;chapter=1.&amp;article=3.\" target=\"_blank\" rel=\"noreferrer noopener\">Ley de garant\u00eda de los consumidores Song-Beverly<\/a>tiene por objeto ofrecer protecci\u00f3n a los consumidores que compran o alquilan veh\u00edculos nuevos (y algunos usados) en California. Esta ley se aplica cuando los veh\u00edculos que compran o arriendan resultan ser \"limones\", lo que significa que tienen defectos que perjudican sustancialmente el uso, el valor o la seguridad del veh\u00edculo que no pueden ser reparados despu\u00e9s de un n\u00famero razonable de intentos por un concesionario autorizado o el fabricante. La Ley del Lim\u00f3n de California cubre una amplia gama de veh\u00edculos, incluyendo coches, camiones, furgonetas, veh\u00edculos el\u00e9ctricos y todoterrenos, que se utilizan para fines personales, familiares o dom\u00e9sticos. Las motocicletas y las partes no vivas de las autocaravanas tambi\u00e9n est\u00e1n cubiertas en determinadas circunstancias.<\/p>\n\n\n\n<p>La ley obliga a que si el fabricante o su representante (como un concesionario) es incapaz de solucionar un problema cubierto por la garant\u00eda de un veh\u00edculo tras un n\u00famero razonable de intentos de reparaci\u00f3n, el fabricante debe sustituir el veh\u00edculo por uno nuevo o devolver el precio de compra al consumidor.&nbsp;<\/p>\n\n\n\n<p>Lo que constituye un \"n\u00famero razonable de intentos\" puede variar, pero normalmente implica al menos dos intentos para reparar un problema relacionado con la seguridad o cuatro intentos para otros problemas graves, o si el veh\u00edculo est\u00e1 fuera de servicio para reparaciones durante m\u00e1s de 30 d\u00edas acumulados.<\/p>\n\n\n\n<p>Para beneficiarse de la Ley del Lim\u00f3n, los consumidores deben presentar el veh\u00edculo para su reparaci\u00f3n durante el periodo de garant\u00eda aplicable. Sin embargo, se pueden presentar reclamaciones despu\u00e9s del periodo de garant\u00eda siempre que las reparaciones se hayan realizado en garant\u00eda.&nbsp;&nbsp;<\/p>\n\n\n\n<p>La Ley del Lim\u00f3n de California tambi\u00e9n prev\u00e9 la cobertura por parte del consumidor de los honorarios y gastos de abogado, lo que hace econ\u00f3micamente viable que las personas busquen asistencia legal para llevar adelante sus reclamaciones. Este aspecto de la ley anima a los fabricantes a resolver las reclamaciones de forma eficaz y justa.<\/p>\n\n\n\n<p>Al garantizar que los fabricantes respeten sus garant\u00edas y subsanen los defectos, la Ley del Lim\u00f3n de California desempe\u00f1a un papel crucial en la protecci\u00f3n de los derechos de los consumidores y el mantenimiento de la confianza en la compra y el alquiler de veh\u00edculos.<\/p>\n\n\n\n<h3 class=\"wp-block-heading\">Una mirada m\u00e1s profunda a la Ley del Lim\u00f3n de California<\/h3>\n\n\n\n<p>A primera vista, la Ley del Lim\u00f3n de California es sencilla: obliga a los fabricantes de veh\u00edculos a indemnizar a los propietarios de veh\u00edculos que presenten problemas persistentes. Sin embargo, en la pr\u00e1ctica, la Ley del Lim\u00f3n es bastante compleja, y muchos residentes de Thousand Oaks lo han experimentado por las malas.&nbsp;<\/p>\n\n\n\n<p>Siga leyendo para saber m\u00e1s sobre los detalles menos conocidos de la Ley del Lim\u00f3n de California.<\/p>\n\n\n\n<h4 class=\"wp-block-heading\">Admisibilidad<\/h4>\n\n\n\n<p>Para poder acogerse a la protecci\u00f3n de la Ley del Lim\u00f3n de California, un veh\u00edculo debe haber sido comprado o alquilado en California. La ley se aplica a veh\u00edculos nuevos y usados vendidos o alquilados con una garant\u00eda que cubra fines personales, familiares o dom\u00e9sticos. Esto incluye coches, camiones, veh\u00edculos el\u00e9ctricos, todoterrenos, furgonetas y, en algunos casos, motocicletas y autocaravanas (espec\u00edficamente el chasis, la transmisi\u00f3n y otras partes no vivas). El veh\u00edculo debe tener un defecto cubierto por la garant\u00eda que afecte significativamente a su uso, valor o seguridad, y el defecto debe persistir a pesar de los intentos razonables de reparaci\u00f3n por parte de un distribuidor autorizado o del fabricante.<\/p>\n\n\n\n<p>Este \u00faltimo punto es importante porque a menudo es donde los propietarios de veh\u00edculos se meten en problemas: para mantener la elegibilidad para una reclamaci\u00f3n de la Ley del Lim\u00f3n, tendr\u00e1 que tener un taller de reparaci\u00f3n autorizado para realizar todas las reparaciones. Por lo tanto, si usted tiene un amigo o un mec\u00e1nico que no est\u00e1 relacionado con el trabajo del fabricante en su coche, usted podr\u00eda renunciar a la elegibilidad.&nbsp;<\/p>\n\n\n\n<h4 class=\"wp-block-heading\">Plazos de reclamaci\u00f3n<\/h4>\n\n\n\n<p>El momento para iniciar una reclamaci\u00f3n conforme a la Ley del Lim\u00f3n es cr\u00edtico. El defecto debe producirse y presentarse al fabricante o a su concesionario dentro del periodo de garant\u00eda para al menos dos intentos de reparaci\u00f3n. Siempre que se hayan realizado al menos dos intentos de reparaci\u00f3n durante el periodo de garant\u00eda, el consumidor podr\u00e1 presentar una reclamaci\u00f3n una vez expirada la garant\u00eda.<\/p>\n\n\n\n<p>El concepto de \"intentos razonables\" para reparar el defecto es fundamental en las reclamaciones de la Ley del Lim\u00f3n. Aunque no est\u00e1 estrictamente definido, por lo general significa al menos dos intentos de reparar un solo defecto o varios defectos en conjunto o, si el veh\u00edculo ha estado fuera de servicio durante m\u00e1s de 30 d\u00edas debido a las reparaciones, de forma acumulativa.<\/p>\n\n\n\n<h4 class=\"wp-block-heading\">Da\u00f1os y perjuicios<\/h4>\n\n\n\n<p>Si se determina que un veh\u00edculo es defectuoso, el fabricante est\u00e1 obligado a sustituirlo por uno nuevo de valor comparable o a reembolsar el precio de compra (incluido el coste de las opciones del fabricante y otros gastos, menos una deducci\u00f3n por el uso del veh\u00edculo por parte del consumidor antes de que se descubriera el defecto). La elecci\u00f3n entre la sustituci\u00f3n y el reembolso suele corresponder al consumidor.<\/p>\n\n\n\n<p>Adem\u00e1s de la sustituci\u00f3n del veh\u00edculo o el reembolso, la ley exige que el fabricante cubra todos los costes y gastos relacionados con la reclamaci\u00f3n de la Ley del Lim\u00f3n, incluidos los honorarios razonables de los abogados. Esta disposici\u00f3n garantiza que los consumidores puedan buscar la representaci\u00f3n legal del mejor bufete de abogados especializado en la Ley del Lim\u00f3n sin temor a incurrir en costes significativos, lo que anima a los fabricantes a resolver las reclamaciones de forma justa y r\u00e1pida.<\/p>\n\n\n\n<p>Los da\u00f1os y perjuicios tambi\u00e9n pueden incluir el reembolso de los gastos incidentales y consecuentes relacionados con el defecto, como los gastos de alquiler del coche, los gastos de remolque y los gastos de reparaci\u00f3n no cubiertos por la garant\u00eda.<\/p>\n\n\n\n<p>En general, la Ley del Lim\u00f3n de California responsabiliza a los fabricantes de veh\u00edculos por sus garant\u00edas, asegurando que los consumidores reciban veh\u00edculos que funcionen como se espera y proporcionando soluciones cuando los defectos perjudican significativamente el uso, el valor o la seguridad del veh\u00edculo.<\/p>\n\n\n\n<h3 class=\"wp-block-heading\">\u00bfCu\u00e1l es la duraci\u00f3n de la garant\u00eda de su veh\u00edculo?<\/h3>\n\n\n\n<p>Todos los fabricantes de autom\u00f3viles ofrecen una garant\u00eda para los veh\u00edculos nuevos. Sin embargo, la duraci\u00f3n de estas garant\u00edas, as\u00ed como lo que cubren, pueden variar significativamente. Esta distinci\u00f3n es crucial porque la Ley del Lim\u00f3n solo es aplicable a los coches usados que siguen protegidos por la garant\u00eda original del fabricante.<\/p>\n\n\n\n<p>Existen principalmente dos categor\u00edas de garant\u00edas: las de parachoques y las de cadena cinem\u00e1tica. Las garant\u00edas parachoques a parachoques se llaman as\u00ed porque suelen cubrir casi todos los componentes situados entre los parachoques delantero y trasero del veh\u00edculo. Esto abarca sistemas como el motor, la direcci\u00f3n, el eje motriz, la transmisi\u00f3n, los frenos, la suspensi\u00f3n y, a menudo, el sistema de navegaci\u00f3n. La duraci\u00f3n de las garant\u00edas parachoques a parachoques suele oscilar entre tres y cinco a\u00f1os, seg\u00fan el fabricante.<\/p>\n\n\n\n<p>Por otro lado, las garant\u00edas de la cadena cinem\u00e1tica se centran en el motor, la transmisi\u00f3n y la cadena cinem\u00e1tica del veh\u00edculo, es decir, los componentes principales que impulsan el veh\u00edculo. Dada la naturaleza cr\u00edtica de estas piezas, las garant\u00edas del tren motriz a menudo se extienden m\u00e1s all\u00e1 del per\u00edodo de cobertura de las garant\u00edas parachoques a parachoques, y la mayor\u00eda de los fabricantes ofrecen garant\u00edas del tren motriz que duran de tres a diez a\u00f1os.<\/p>\n\n\n\n<p>A continuaci\u00f3n encontrar\u00e1 una lista de las garant\u00edas de coches nuevos que ofrecen algunos de los principales fabricantes:<\/p>\n\n\n\n<p><strong><a href=\"https:\/\/www.wirtzlaw.com\/es\/areas-de-practica\/abogados-de-la-ley-del-limon\/abogados-acura-lemon-law\/\">Acura<\/a><\/strong><\/p>\n\n\n\n<ul class=\"wp-block-list\">\n<li>4 a\u00f1os \/ 50.000 millas de garant\u00eda parachoques a parachoques<\/li>\n\n\n\n<li>6 a\u00f1os \/ 70.000 millas de garant\u00eda del tren de potencia<\/li>\n<\/ul>\n\n\n\n<p><strong><a href=\"https:\/\/www.wirtzlaw.com\/es\/areas-de-practica\/abogados-de-la-ley-del-limon\/abogados-bmw-lemon-law\/\">BMW<\/a><\/strong><\/p>\n\n\n\n<ul class=\"wp-block-list\">\n<li>4 a\u00f1os \/ 50.000 millas de garant\u00eda parachoques a parachoques<\/li>\n\n\n\n<li>4 a\u00f1os \/ 50.000 millas de garant\u00eda del tren de potencia<\/li>\n<\/ul>\n\n\n\n<p><strong><a href=\"https:\/\/www.wirtzlaw.com\/es\/areas-de-practica\/abogados-de-la-ley-del-limon\/cadillac-abogados-de-la-ley-de-limon\/\">Cadillac<\/a><\/strong><\/p>\n\n\n\n<ul class=\"wp-block-list\">\n<li>4 a\u00f1os \/ 50.000 millas de garant\u00eda parachoques a parachoques<\/li>\n\n\n\n<li>6 a\u00f1os \/ 70.000 millas de garant\u00eda del tren de potencia<\/li>\n<\/ul>\n\n\n\n<p><strong><a href=\"https:\/\/www.wirtzlaw.com\/es\/areas-de-practica\/abogados-de-la-ley-del-limon\/abogados-ford-lemon-law\/\">Ford<\/a><\/strong><\/p>\n\n\n\n<ul class=\"wp-block-list\">\n<li>3 a\u00f1os \/ 36.000 millas de garant\u00eda parachoques a parachoques<\/li>\n\n\n\n<li>5 a\u00f1os \/ 60.000 millas de garant\u00eda del tren de potencia<\/li>\n<\/ul>\n\n\n\n<p><strong><a href=\"https:\/\/www.wirtzlaw.com\/es\/areas-de-practica\/abogados-de-la-ley-del-limon\/genesis-lemon-law-abogados\/\">G\u00e9nesis<\/a><\/strong><\/p>\n\n\n\n<ul class=\"wp-block-list\">\n<li>5 a\u00f1os \/ 60.000 millas de garant\u00eda parachoques a parachoques<\/li>\n\n\n\n<li>10 a\u00f1os \/ 100.000 millas de garant\u00eda del tren de potencia<\/li>\n<\/ul>\n\n\n\n<p><strong><a href=\"https:\/\/www.wirtzlaw.com\/es\/areas-de-practica\/abogados-de-la-ley-del-limon\/abogados-honda-lemon-law\/\">Honda<\/a><\/strong><\/p>\n\n\n\n<ul class=\"wp-block-list\">\n<li>3 a\u00f1os \/ 36.000 millas de garant\u00eda parachoques a parachoques<\/li>\n\n\n\n<li>5 a\u00f1os \/ 60.000 millas de garant\u00eda del tren de potencia<\/li>\n<\/ul>\n\n\n\n<p><strong><a href=\"https:\/\/www.wirtzlaw.com\/es\/areas-de-practica\/abogados-de-la-ley-del-limon\/abogados-hyundai-lemon-law\/\">Hyundai<\/a><\/strong><\/p>\n\n\n\n<ul class=\"wp-block-list\">\n<li>5 a\u00f1os \/ 60.000 millas de garant\u00eda parachoques a parachoques<\/li>\n\n\n\n<li>10 a\u00f1os \/ 100.000 millas de garant\u00eda del tren de potencia<\/li>\n<\/ul>\n\n\n\n<p><strong><a href=\"https:\/\/www.wirtzlaw.com\/es\/areas-de-practica\/abogados-de-la-ley-del-limon\/infinity-lemon-law-abogados\/\">Infiniti<\/a><\/strong><\/p>\n\n\n\n<ul class=\"wp-block-list\">\n<li>4 a\u00f1os \/ 60.000 millas de garant\u00eda parachoques a parachoques<\/li>\n\n\n\n<li>6 a\u00f1os \/ 70.000 millas de garant\u00eda del tren de potencia<\/li>\n<\/ul>\n\n\n\n<p><strong><a href=\"https:\/\/www.wirtzlaw.com\/es\/areas-de-practica\/abogados-de-la-ley-del-limon\/abogados-jaguar-lemon-law\/\">Jaguar<\/a><\/strong><\/p>\n\n\n\n<ul class=\"wp-block-list\">\n<li>5 a\u00f1os \/ 60.000 millas de garant\u00eda parachoques a parachoques<\/li>\n\n\n\n<li>5 a\u00f1os \/ 60.000 millas de garant\u00eda del tren de potencia<\/li>\n<\/ul>\n\n\n\n<p><strong><a href=\"https:\/\/www.wirtzlaw.com\/es\/areas-de-practica\/abogados-de-la-ley-del-limon\/kia-abogados-de-la-ley-de-limon\/\">Kia<\/a><\/strong><\/p>\n\n\n\n<ul class=\"wp-block-list\">\n<li>5 a\u00f1os \/ 60.000 millas de garant\u00eda parachoques a parachoques<\/li>\n\n\n\n<li>10 a\u00f1os \/ 100.000 millas de garant\u00eda del tren de potencia<\/li>\n<\/ul>\n\n\n\n<p><strong><a href=\"https:\/\/www.wirtzlaw.com\/es\/areas-de-practica\/abogados-de-la-ley-del-limon\/abogados-lexus-lemon-law\/\">Lexus<\/a><\/strong><\/p>\n\n\n\n<ul class=\"wp-block-list\">\n<li>4 a\u00f1os \/ 50.000 millas de garant\u00eda parachoques a parachoques<\/li>\n\n\n\n<li>6 a\u00f1os \/ 70.000 millas de garant\u00eda del tren de potencia<\/li>\n<\/ul>\n\n\n\n<p><strong><a href=\"https:\/\/www.wirtzlaw.com\/es\/areas-de-practica\/abogados-de-la-ley-del-limon\/lincoln-abogados-de-la-ley-de-limon\/\">Lincoln<\/a><\/strong><\/p>\n\n\n\n<ul class=\"wp-block-list\">\n<li>4 a\u00f1os \/ 50.000 millas de garant\u00eda parachoques a parachoques<\/li>\n\n\n\n<li>6 a\u00f1os \/ 70.000 millas de garant\u00eda del tren de potencia<\/li>\n<\/ul>\n\n\n\n<p><strong><a href=\"https:\/\/www.wirtzlaw.com\/es\/areas-de-practica\/abogados-de-la-ley-del-limon\/abogados-mitsubishi-lemon-law\/\">Mitsubishi<\/a><\/strong><\/p>\n\n\n\n<ul class=\"wp-block-list\">\n<li>5 a\u00f1os \/ 60.000 millas de garant\u00eda parachoques a parachoques<\/li>\n\n\n\n<li>10 a\u00f1os \/ 100.000 millas de garant\u00eda del tren de potencia<\/li>\n<\/ul>\n\n\n\n<p><strong><a href=\"https:\/\/www.wirtzlaw.com\/es\/areas-de-practica\/abogados-de-la-ley-del-limon\/abogados-nissan-lemon-law\/\">Nissan<\/a><\/strong><\/p>\n\n\n\n<ul class=\"wp-block-list\">\n<li>3 a\u00f1os \/ 36.000 millas de garant\u00eda parachoques a parachoques<\/li>\n\n\n\n<li>5 a\u00f1os \/ 60.000 millas de garant\u00eda del tren de potencia<\/li>\n<\/ul>\n\n\n\n<p><strong><a href=\"https:\/\/www.wirtzlaw.com\/es\/areas-de-practica\/abogados-de-la-ley-del-limon\/land-rover-abogados-de-la-ley-de-limon\/\">Range Rover<\/a><\/strong><\/p>\n\n\n\n<ul class=\"wp-block-list\">\n<li>4 a\u00f1os \/ 50.000 millas de garant\u00eda parachoques a parachoques<\/li>\n\n\n\n<li>4 a\u00f1os \/ 50.000 millas de garant\u00eda del tren de potencia<\/li>\n<\/ul>\n\n\n\n<p><strong><a href=\"https:\/\/www.wirtzlaw.com\/es\/areas-de-practica\/abogados-de-la-ley-del-limon\/abogados-toyota-lemon-law\/\">Scion<\/a><\/strong><\/p>\n\n\n\n<ul class=\"wp-block-list\">\n<li>3 a\u00f1os \/ 36.000 millas de garant\u00eda parachoques a parachoques<\/li>\n\n\n\n<li>5 a\u00f1os \/ 60.000 millas de garant\u00eda del tren de potencia<\/li>\n<\/ul>\n\n\n\n<p><strong><a href=\"https:\/\/www.wirtzlaw.com\/es\/areas-de-practica\/abogados-de-la-ley-del-limon\/abogados-toyota-lemon-law\/\">Toyota<\/a><\/strong><\/p>\n\n\n\n<ul class=\"wp-block-list\">\n<li>3 a\u00f1os \/ 36.000 millas de garant\u00eda parachoques a parachoques<\/li>\n\n\n\n<li>5 a\u00f1os \/ 60.000 millas de garant\u00eda del tren de potencia<\/li>\n<\/ul>\n\n\n\n<p>Tenga en cuenta que las garant\u00edas enumeradas anteriormente duran lo que sea m\u00e1s corto de 1.) el n\u00famero de a\u00f1os o 2.) el n\u00famero de kil\u00f3metros recorridos. Si tiene alguna duda sobre si su veh\u00edculo usado est\u00e1 a\u00fan bajo la garant\u00eda original del fabricante, <a href=\"https:\/\/www.wirtzlaw.com\/es\/contactar-con\/\">p\u00f3ngase en contacto con los abogados de la Ley del Lim\u00f3n de Thousand Oaks<\/a> en Wirtz Law APC, para obtener ayuda. Podemos ayudarle a determinar su elegibilidad bajo la Ley del Lim\u00f3n de California y, si decide proceder con una reclamaci\u00f3n, manejarlo de principio a fin.\u00a0<\/p>\n\n\n\n<h3 class=\"wp-block-heading\">\u00bfEst\u00e1 cansado de lidiar con un veh\u00edculo defectuoso?<\/h3>\n\n\n\n<p>Si ha adquirido recientemente un veh\u00edculo nuevo, o un veh\u00edculo usado que a\u00fan estaba bajo la garant\u00eda original del fabricante, el <strong>dedicado Thousand Oaks Ley del Lim\u00f3n abogados con Wirtz Law APC<\/strong>puede ayudarle a presentar una reclamaci\u00f3n que puede acabar con la indemnizaci\u00f3n del fabricante por su compra. En <a href=\"https:\/\/www.wirtzlaw.com\/es\/\">Wirtz Law APC<\/a>Estamos especializados en <a href=\"https:\/\/www.wirtzlaw.com\/es\/areas-de-practica\/abogados-de-la-ley-del-limon\/abogados-de-la-ley-del-limon-del-condado-de-ventura\/\">Thousand Oaks casos de la ley del lim\u00f3n<\/a>. A lo largo de los a\u00f1os, hemos manejado innumerables casos, recuperando para nuestros clientes con <a href=\"https:\/\/www.wirtzlaw.com\/es\/resultados\/\">$76 millones en compensaci\u00f3n<\/a>. Con nuestro enfoque integral y dedicado a la gesti\u00f3n de estos casos, hemos asegurado con \u00e9xito la compensaci\u00f3n en m\u00e1s del 97 por ciento de los casos de la Ley del Lim\u00f3n que hemos manejado. Para obtener m\u00e1s informaci\u00f3n, y para programar una consulta gratuita con un <a href=\"https:\/\/www.wirtzlaw.com\/es\/equipo\/\">Abogado de la Ley del Lim\u00f3n de Thousand Oaks<\/a> hoy mismo, ll\u00e1menos al <a href=\"tel:1-858-259-5009\">858-259-5009<\/a>. Tambi\u00e9n puede ponerse en contacto con nosotros a trav\u00e9s de <a href=\"https:\/\/www.wirtzlaw.com\/es\/contactar-con\/\">formulario de contacto en l\u00ednea<\/a>.<\/p>","protected":false},"excerpt":{"rendered":"<p>Ventura County Abogados con gran experiencia en derechos del consumidor dedicados a asegurar que los propietarios de veh\u00edculos no se queden con la carga financiera de un lim\u00f3n La compra de un veh\u00edculo que con frecuencia necesita ser llevado al mec\u00e1nico puede tener implicaciones financieras a largo plazo. Si bien los gastos del mec\u00e1nico son parte de esto, tambi\u00e9n lo es el tiempo que...<\/p>","protected":false},"author":12,"featured_media":5890,"parent":2523,"menu_order":0,"comment_status":"closed","ping_status":"closed","template":"","meta":{"_acf_changed":false,"footnotes":""},"class_list":["post-5889","page","type-page","status-publish","has-post-thumbnail","hentry"],"acf":[],"_links":{"self":[{"href":"https:\/\/www.wirtzlaw.com\/es\/wp-json\/wp\/v2\/pages\/5889","targetHints":{"allow":["GET"]}}],"collection":[{"href":"https:\/\/www.wirtzlaw.com\/es\/wp-json\/wp\/v2\/pages"}],"about":[{"href":"https:\/\/www.wirtzlaw.com\/es\/wp-json\/wp\/v2\/types\/page"}],"author":[{"embeddable":true,"href":"https:\/\/www.wirtzlaw.com\/es\/wp-json\/wp\/v2\/users\/12"}],"replies":[{"embeddable":true,"href":"https:\/\/www.wirtzlaw.com\/es\/wp-json\/wp\/v2\/comments?post=5889"}],"version-history":[{"count":5,"href":"https:\/\/www.wirtzlaw.com\/es\/wp-json\/wp\/v2\/pages\/5889\/revisions"}],"predecessor-version":[{"id":7554,"href":"https:\/\/www.wirtzlaw.com\/es\/wp-json\/wp\/v2\/pages\/5889\/revisions\/7554"}],"up":[{"embeddable":true,"href":"https:\/\/www.wirtzlaw.com\/es\/wp-json\/wp\/v2\/pages\/2523"}],"wp:featuredmedia":[{"embeddable":true,"href":"https:\/\/www.wirtzlaw.com\/es\/wp-json\/wp\/v2\/media\/5890"}],"wp:attachment":[{"href":"https:\/\/www.wirtzlaw.com\/es\/wp-json\/wp\/v2\/media?parent=5889"}],"curies":[{"name":"wp","href":"https:\/\/api.w.org\/{rel}","templated":true}]}}