{"id":5713,"date":"2024-01-18T14:26:47","date_gmt":"2024-01-18T19:26:47","guid":{"rendered":"https:\/\/www.wirtzlaw.com\/?page_id=5713"},"modified":"2025-05-13T19:28:19","modified_gmt":"2025-05-13T23:28:19","slug":"ojai-abogados-de-la-ley-de-limon","status":"publish","type":"page","link":"https:\/\/www.wirtzlaw.com\/es\/practice-areas\/lemon-law-attorneys\/ojai-lemon-law-attorneys\/","title":{"rendered":"Ley del Lim\u00f3n de Ojai"},"content":{"rendered":"<h2 class=\"wp-block-heading\"><em>Ojai Lemon Law Abogados ayudar a los clientes a obtener una indemnizaci\u00f3n por defectos del veh\u00edculo<\/em><\/h2>\n\n\n\n<p>Ojai, California, ofrece una pintoresca vida de pueblo peque\u00f1o combinada con un f\u00e1cil acceso a las principales \u00e1reas metropolitanas de EE.UU., incluyendo <a href=\"https:\/\/www.wirtzlaw.com\/es\/areas-de-practica\/abogados-de-la-ley-del-limon\/los-angeles-lemon-law-abogados\/\">Los Angeles<\/a> y <a href=\"https:\/\/www.wirtzlaw.com\/es\/areas-de-practica\/abogados-de-la-ley-del-limon\/santa-barbara-abogados-de-la-ley-del-limon\/\">Santa B\u00e1rbara<\/a>. Su ubicaci\u00f3n al noroeste de la zona Los Angeles lo convierte en un lugar de paso habitual para los visitantes y en una importante intersecci\u00f3n en las rutas comerciales y de transporte en <a href=\"https:\/\/www.wirtzlaw.com\/es\/areas-de-practica\/abogados-de-la-ley-del-limon\/abogados-de-la-ley-del-limon-del-condado-de-ventura\/\">Ventura County<\/a>.&nbsp;<\/p>\n\n\n\n<p>Cada d\u00eda, miles de personas en y alrededor de Ojai dependen de sus veh\u00edculos para viajar al trabajo, escuela, citas, y otras paradas esenciales. Las familias, los hogares y las peque\u00f1as empresas de Ojai compran veh\u00edculos nuevos y esperan que funcionen de forma fiable. Cuando esta expectativa se ve frustrada por repetidas aver\u00edas y fallidos intentos de reparaci\u00f3n, lo que estaba destinado a ser una adici\u00f3n \u00fatil a sus opciones de transporte se convierte r\u00e1pidamente en una fuente de estr\u00e9s y agravamiento.&nbsp;<\/p>\n\n\n\n<p>Si sospecha que tiene un veh\u00edculo defectuoso, hable con un <strong>abogado con experiencia en la ley del lim\u00f3n de Ojai<\/strong> hoy. El <a href=\"https:\/\/www.wirtzlaw.com\/es\/equipo\/\">equipo en Wirtz Law APC<\/a> est\u00e1 aqu\u00ed para ayudar.&nbsp;<\/p>\n\n\n\n<h3 class=\"wp-block-heading\">\u00bfCu\u00e1l es la magnitud del problema de los veh\u00edculos \"lim\u00f3n\" en California?<\/h3>\n\n\n\n<p>En 2022, el Departamento de Veh\u00edculos Motorizados de California registr\u00f3 35.656.590 registros de veh\u00edculos nuevos y renovados en todo el estado. El DMV registr\u00f3 811.780 de esos registros, o alrededor del dos por ciento, dentro de Ventura County.&nbsp;<\/p>\n\n\n\n<p>La mayor\u00eda de los veh\u00edculos matriculados en California no son limones. Sin embargo, todos los veh\u00edculos que se convierten en parte de una demanda de la ley del lim\u00f3n deben estar registrados en el estado. Esto hace que los registros de veh\u00edculos de California sean un punto de partida \u00fatil a la hora de buscar informaci\u00f3n sobre el problema de los veh\u00edculos lim\u00f3n en California.&nbsp;<\/p>\n\n\n\n<p>En su informe de 2021 \"The Auto Lemon Index\", el Grupo de Investigaci\u00f3n de Inter\u00e9s P\u00fablico de California (CALPIRG), la Fundaci\u00f3n CARS y Frontier Group examinaron las demandas de lim\u00f3n presentadas en el estado entre 2018 y 2021.&nbsp;<\/p>\n\n\n\n<p>Los investigadores encontraron que durante este per\u00edodo, se presentaron 7,6 nuevos registros de veh\u00edculos en California. Entre 2018 y 2021, se presentaron 34,397 demandas de lim\u00f3n en los tribunales de California. Dicho de otra manera, de todos los veh\u00edculos nuevos registrados en California entre 2018 y 2021, el 0,45% se convirti\u00f3 en objeto de una demanda de lim\u00f3n.<\/p>\n\n\n\n<p>Menos de la mitad del uno por ciento puede parecer un n\u00famero peque\u00f1o de reclamaciones de la ley del lim\u00f3n. Pero un veh\u00edculo defectuoso es un gran problema para quienes tienen uno entre manos.&nbsp;<\/p>\n\n\n\n<p>Tambi\u00e9n es importante tener en cuenta que la mayor\u00eda de las demandas no llegan a los tribunales. El Auto Lemon Index hace un seguimiento de las demandas, pero no contiene cifras para el <a href=\"https:\/\/www.wirtzlaw.com\/es\/areas-de-practica\/abogados-de-la-ley-del-limon\/proceso-de-conciliacion-de-la-ley-del-limon-en-california\/\">casos extrajudiciales de la ley del lim\u00f3n<\/a> cada a\u00f1o.\u00a0<\/p>\n\n\n\n<p>Los investigadores tambi\u00e9n se\u00f1alaron que el problema de los veh\u00edculos defectuosos puede ser incluso mayor de lo que indican las cifras de demandas y acuerdos. Por ejemplo, el Auto Lemon Index se\u00f1ala que en 2021 se presentaron 10.707 demandas en los tribunales de California. Sin embargo, durante el mismo a\u00f1o, 6,3 millones de veh\u00edculos estaban en las carreteras de California con al menos un defecto no reparado y retirado del mercado. Para muchos conductores de Ojai, darse cuenta de que tienen un lim\u00f3n en sus manos es s\u00f3lo cuesti\u00f3n de tiempo.<\/p>\n\n\n\n<h3 class=\"wp-block-heading\">\u00bfQui\u00e9n est\u00e1 protegido por la Ley del Lim\u00f3n de California?<\/h3>\n\n\n\n<p><a href=\"https:\/\/leginfo.legislature.ca.gov\/faces\/codes_displayText.xhtml?lawCode=CIV&amp;division=3.&amp;title=1.7.&amp;part=4.&amp;chapter=1.&amp;article=3.\" target=\"_blank\" rel=\"noreferrer noopener\">Ley del lim\u00f3n de California<\/a> se ha ampliado desde su versi\u00f3n original, aprobada por primera vez en 1970. Las enmiendas y nuevas leyes aprobadas en los 53 a\u00f1os transcurridos han ampliado sus protecciones y aclarado sus t\u00e9rminos. En la actualidad, California cuenta con una de las leyes del lim\u00f3n m\u00e1s completas de Estados Unidos.&nbsp;<\/p>\n\n\n\n<h4 class=\"wp-block-heading\">\u00bfQu\u00e9 veh\u00edculos cubre la Ley del Lim\u00f3n de California?<\/h4>\n\n\n\n<p>Los veh\u00edculos suelen estar cubiertos por la ley del lim\u00f3n de California si cumplen tres criterios.<\/p>\n\n\n\n<p>En primer lugar, el propietario del veh\u00edculo debe haberlo comprado o alquilado en California. Se aplican algunas excepciones para los miembros en servicio activo de las fuerzas armadas de EE.UU., que analizamos a continuaci\u00f3n.&nbsp;<\/p>\n\n\n\n<p>En segundo lugar, el propietario del veh\u00edculo debe comprarlo o arrendarlo \"al por menor\". Para la mayor\u00eda de los propietarios o arrendatarios, esto significa adquirir el veh\u00edculo en un concesionario o directamente del fabricante. <a href=\"https:\/\/www.wirtzlaw.com\/es\/areas-de-practica\/abogados-de-la-ley-del-limon\/los-angeles-lemon-law-abogados\/se-aplica-la-ley-del-limon-de-california-a-las-ventas-entre-particulares-en-los-angeles\/\">Comprar un veh\u00edculo en una venta privada<\/a>Por ejemplo, comprar un coche usado a un vecino o a un compa\u00f1ero de trabajo no est\u00e1 cubierto por la ley del lim\u00f3n, aunque puede que disponga de otros derechos legales.&nbsp;<\/p>\n\n\n\n<p>Por \u00faltimo, la garant\u00eda original del fabricante o la garant\u00eda de segunda mano certificada (CPO) deben estar en vigor cuando empiezan los problemas del veh\u00edculo. Las protecciones de la ley del lim\u00f3n s\u00f3lo se aplican a los problemas que est\u00e1n cubiertos por una de estas garant\u00edas.&nbsp;<\/p>\n\n\n\n<p>Antes de <a href=\"https:\/\/www.wirtzlaw.com\/es\/areas-de-practica\/abogados-de-la-ley-del-limon\/\">interponer una demanda basada en la ley del lim\u00f3n<\/a>El propietario de un veh\u00edculo debe dar al fabricante un \"n\u00famero razonable de intentos\" para repararlo.&nbsp;<\/p>\n\n\n\n<p>\u00bfQu\u00e9 se considera un \"intento razonable\"? Independientemente de que el concesionario haya solucionado o no el problema, el mero hecho de presentar su veh\u00edculo en el taller de reparaci\u00f3n autorizado se considera un intento razonable. La ley del lim\u00f3n de California no tiene una regla clara para el n\u00famero. Sin embargo, los tribunales han sostenido que al menos dos presentaciones pueden ser suficientes. Por lo tanto, lo que es un n\u00famero razonable de intentos son dos o m\u00e1s y depende de cada situaci\u00f3n espec\u00edfica, veh\u00edculo y propietario.&nbsp;<\/p>\n\n\n\n<p>Si el veh\u00edculo est\u00e1 fuera de servicio m\u00e1s de 30 d\u00edas en total, eso puede bastar para cumplir el n\u00famero razonable de intentos, aunque s\u00f3lo sea una vez.&nbsp;<\/p>\n\n\n\n<h4 class=\"wp-block-heading\">\u00bfEst\u00e1n cubiertas las peque\u00f1as empresas por la Ley del Lim\u00f3n de California?<\/h4>\n\n\n\n<p>La ley del lim\u00f3n de California siempre ha cubierto los veh\u00edculos de propiedad para uso personal, familiar o dom\u00e9stico. En 2000, la legislatura de California ampli\u00f3 la protecci\u00f3n de la ley del lim\u00f3n a muchas de las peque\u00f1as empresas de California.&nbsp;<\/p>\n\n\n\n<p>A <a href=\"https:\/\/www.wirtzlaw.com\/es\/areas-de-practica\/abogados-de-la-ley-del-limon\/los-angeles-lemon-law-abogados\/se-aplica-la-ley-del-limon-de-california-a-los-vehiculos-de-empresa-en-la\/\">la peque\u00f1a empresa puede presentar una reclamaci\u00f3n al amparo de la ley del lim\u00f3n<\/a> si:<\/p>\n\n\n\n<ul class=\"wp-block-list\">\n<li>La empresa posee cinco o menos veh\u00edculos en total, y<\/li>\n\n\n\n<li>El veh\u00edculo sospechoso lim\u00f3n tiene un peso en vac\u00edo por debajo de 10.000 libras.&nbsp;<\/li>\n<\/ul>\n\n\n\n<p>Muchos veh\u00edculos de pasajeros, furgonetas peque\u00f1as y camiones de trabajo cumplen el requisito de peso en vac\u00edo.&nbsp;<\/p>\n\n\n\n<p>Las empresas que no cumplen los requisitos de la ley del lim\u00f3n pueden disponer de otros recursos legales. Es importante <a href=\"https:\/\/www.wirtzlaw.com\/es\/contactar-con\/\">hable con un abogado con experiencia en la ley del lim\u00f3n de Ojai<\/a> para conocer sus derechos legales.&nbsp;<\/p>\n\n\n\n<h4 class=\"wp-block-heading\">\u00bfQu\u00e9 protecciones da la Ley del Lim\u00f3n de California a los miembros del servicio militar?<\/h4>\n\n\n\n<p>En la mayor\u00eda de los casos, la ley del lim\u00f3n de California exige que el veh\u00edculo haya sido comprado o alquilado en California. Sin embargo, para los militares en servicio activo, este requisito no es necesario. Un miembro del servicio puede presentar una reclamaci\u00f3n de la ley del lim\u00f3n, incluso si compraron o arrendaron su veh\u00edculo fuera de California, siempre y cuando el miembro del servicio est\u00e1 estacionado en California.&nbsp;<\/p>\n\n\n\n<p>Esta adici\u00f3n a la ley de lim\u00f3n de California reconoce que los miembros del servicio activo tienen la responsabilidad de ir a donde est\u00e1n estacionados - y que pueden no tener la opci\u00f3n de volver al estado donde compraron su veh\u00edculo para presentar una reclamaci\u00f3n de la ley de lim\u00f3n. California crea una v\u00eda de protecci\u00f3n para estos miembros del servicio y sus familias.&nbsp;<\/p>\n\n\n\n<h3 class=\"wp-block-heading\">\u00bfQu\u00e9 indemnizaci\u00f3n puedo obtener si mi veh\u00edculo es un \"lim\u00f3n\"?<\/h3>\n\n\n\n<p>La ley del lim\u00f3n de California permite a los propietarios de veh\u00edculos reclamar una indemnizaci\u00f3n por un veh\u00edculo defectuoso. La ley establece cuatro posibles categor\u00edas de indemnizaci\u00f3n: reembolso o sustituci\u00f3n, da\u00f1os incidentales y consecuentes, honorarios de abogados, costes y gastos, y sanciones civiles.&nbsp;<\/p>\n\n\n\n<h4 class=\"wp-block-heading\">Reembolso o sustituci\u00f3n<\/h4>\n\n\n\n<p>Tambi\u00e9n conocido como <a href=\"https:\/\/www.wirtzlaw.com\/es\/que-es-el-programa-de-recompra-de-la-ley-del-limon-de-california\/\">\"requisito de \"recompra<\/a>La obligaci\u00f3n de reembolso o sustituci\u00f3n es quiz\u00e1 la parte m\u00e1s conocida de la ley del lim\u00f3n de California. Esta disposici\u00f3n obliga al fabricante de autom\u00f3viles a reembolsar el precio de compra del veh\u00edculo o a sustituirlo por uno nuevo. <a href=\"https:\/\/www.wirtzlaw.com\/es\/areas-de-practica\/abogados-de-la-ley-del-limon\/soy-responsable-de-encontrar-un-coche-de-sustitucion\/\">\"veh\u00edculo de sustituci\u00f3n \"sustancialmente similar<\/a>. El propietario del veh\u00edculo elige cu\u00e1l prefiere.&nbsp;<\/p>\n\n\n\n<p>Los reembolsos o \"recompras\" se calculan seg\u00fan f\u00f3rmulas establecidas en la ley del lim\u00f3n. Un abogado con experiencia puede ayudarle a asegurarse de que un fabricante de autom\u00f3viles realiza estos c\u00e1lculos con precisi\u00f3n y le paga la cantidad total de recompra que se le debe.<\/p>\n\n\n\n<h4 class=\"wp-block-heading\">Da\u00f1os incidentales y consecuentes<\/h4>\n\n\n\n<p>El coste del veh\u00edculo suele ser la p\u00e9rdida m\u00e1s costosa en una reclamaci\u00f3n de la ley del lim\u00f3n. Pero rara vez es la \u00fanica p\u00e9rdida.&nbsp;<\/p>\n\n\n\n<p>Los da\u00f1os incidentales y consecuentes cubren los gastos relacionados con el veh\u00edculo siniestrado, pero que no est\u00e1n incluidos en el propio veh\u00edculo. Por ejemplo, usted puede tener cientos de d\u00f3lares en gastos de remolque si su veh\u00edculo se rompi\u00f3 en varias ocasiones. Es posible que haya gastado dinero en un coche de alquiler, un pase de autob\u00fas, o las tasas de viajes compartidos para que pudiera moverse mientras su coche estaba en el taller.&nbsp;<\/p>\n\n\n\n<p>Estos costes son ejemplos de da\u00f1os incidentales y consecuentes. Puede solicitar una indemnizaci\u00f3n por ellos en su reclamaci\u00f3n de la ley del lim\u00f3n.&nbsp;<\/p>\n\n\n\n<h4 class=\"wp-block-heading\">Honorarios del abogado<\/h4>\n\n\n\n<p>La ley del lim\u00f3n de California obliga al fabricante de autom\u00f3viles a <a href=\"https:\/\/www.wirtzlaw.com\/es\/areas-de-practica\/abogados-de-la-ley-del-limon\/los-angeles-lemon-law-abogados\/cuanto-cuesta-un-abogado-de-los-angeles-lemon-law\/\">pagar \"honorarios razonables de abogado\"<\/a> m\u00e1s costes y gastos, para el propietario de un veh\u00edculo que gane la demanda presentada conforme a la ley del lim\u00f3n.&nbsp;<\/p>\n\n\n\n<p>El legislador californiano reconoce que <a href=\"https:\/\/www.wirtzlaw.com\/es\/areas-de-practica\/abogados-de-la-ley-del-limon\/como-saber-que-esta-trabajando-con-el-mejor-abogado-de-la-ley-del-limon\/\">representaci\u00f3n jur\u00eddica experimentada<\/a> es esencial cuando el propietario de un veh\u00edculo se enfrenta a un poderoso fabricante de autom\u00f3viles, y que los costes de la representaci\u00f3n legal pueden ser una carga para muchas familias y empresas. Esta disposici\u00f3n garantiza que el propietario de un veh\u00edculo defectuoso pueda recibir la representaci\u00f3n que necesita sin tener que hacer frente a gastos indebidos.&nbsp;<\/p>\n\n\n\n<p>Para obtener m\u00e1s informaci\u00f3n acerca de c\u00f3mo la disposici\u00f3n de los honorarios del abogado podr\u00eda afectar a los costos de su reclamo, pregunte a un abogado de lim\u00f3n Ojai experiencia para programar una consulta gratuita con usted.&nbsp;<\/p>\n\n\n\n<h4 class=\"wp-block-heading\">Sanciones civiles<\/h4>\n\n\n\n<p>Por \u00faltimo, tambi\u00e9n puede <a href=\"https:\/\/www.wirtzlaw.com\/es\/areas-de-practica\/abogados-de-la-ley-del-limon\/abogado-de-la-ley-del-limon-de-san-diego\/sancion-civil-de-la-ley-del-limon\/\">derecho a una sanci\u00f3n civil<\/a> si el incumplimiento de la Ley del Lim\u00f3n de California por parte de los fabricantes de autom\u00f3viles fue intencionado. Esta sanci\u00f3n civil es una indemnizaci\u00f3n adicional que puede llegar a ser el doble de sus da\u00f1os reales. La legislatura pretend\u00eda que esta pena disuadiera a los fabricantes de violar la ley.&nbsp;&nbsp;<\/p>\n\n\n\n<h2 class=\"wp-block-heading\">\u00bfD\u00f3nde puedo acudir en busca de ayuda con mi demanda de la Ley del Lim\u00f3n de Ojai?&nbsp;<\/h2>\n\n\n\n<p>Nadie quiere tener un veh\u00edculo defectuoso. Ya sea que compre o alquile un veh\u00edculo para usted, su familia o su peque\u00f1a empresa, lo hace porque necesita un transporte seguro y confiable. Si usted compr\u00f3 el veh\u00edculo de sus sue\u00f1os o un paseo de trabajo robusto, usted quiere que su veh\u00edculo para hacer exactamente lo que debe hacer. Las aver\u00edas a\u00f1aden un estr\u00e9s innecesario, e incluso pueden ponerle a usted y a sus pasajeros en peligro.<\/p>\n\n\n\n<p>No tiene por qu\u00e9 enfrentarse solo a un veh\u00edculo defectuoso. Hable con el <a href=\"https:\/\/www.wirtzlaw.com\/es\/\">Ojai dedicado abogados de la ley de lim\u00f3n en Wirtz Law APC<\/a> hoy. Le ayudaremos a entender c\u00f3mo la ley del lim\u00f3n de California se aplica a su caso y luchar por sus derechos. <a href=\"https:\/\/www.wirtzlaw.com\/es\/contactar-con\/\">Contacte con nosotros hoy mismo<\/a> para concertar una consulta gratuita y confidencial.<\/p>","protected":false},"excerpt":{"rendered":"<p>Ojai Lemon Law Attorneys Help Clients Secure Compensation for Vehicle Defects Ojai, California, ofrece una pintoresca vida de pueblo peque\u00f1o combinada con un f\u00e1cil acceso a las principales \u00e1reas metropolitanas de EE.UU., incluyendo Los Angeles y Santa B\u00e1rbara. Su ubicaci\u00f3n al noroeste de la zona Los Angeles hace que sea un lugar de parada com\u00fan para los visitantes y una intersecci\u00f3n importante en el comercio y...<\/p>","protected":false},"author":12,"featured_media":5718,"parent":2523,"menu_order":0,"comment_status":"closed","ping_status":"closed","template":"","meta":{"_acf_changed":false,"footnotes":""},"class_list":["post-5713","page","type-page","status-publish","has-post-thumbnail","hentry"],"acf":[],"_links":{"self":[{"href":"https:\/\/www.wirtzlaw.com\/es\/wp-json\/wp\/v2\/pages\/5713","targetHints":{"allow":["GET"]}}],"collection":[{"href":"https:\/\/www.wirtzlaw.com\/es\/wp-json\/wp\/v2\/pages"}],"about":[{"href":"https:\/\/www.wirtzlaw.com\/es\/wp-json\/wp\/v2\/types\/page"}],"author":[{"embeddable":true,"href":"https:\/\/www.wirtzlaw.com\/es\/wp-json\/wp\/v2\/users\/12"}],"replies":[{"embeddable":true,"href":"https:\/\/www.wirtzlaw.com\/es\/wp-json\/wp\/v2\/comments?post=5713"}],"version-history":[{"count":9,"href":"https:\/\/www.wirtzlaw.com\/es\/wp-json\/wp\/v2\/pages\/5713\/revisions"}],"predecessor-version":[{"id":7635,"href":"https:\/\/www.wirtzlaw.com\/es\/wp-json\/wp\/v2\/pages\/5713\/revisions\/7635"}],"up":[{"embeddable":true,"href":"https:\/\/www.wirtzlaw.com\/es\/wp-json\/wp\/v2\/pages\/2523"}],"wp:featuredmedia":[{"embeddable":true,"href":"https:\/\/www.wirtzlaw.com\/es\/wp-json\/wp\/v2\/media\/5718"}],"wp:attachment":[{"href":"https:\/\/www.wirtzlaw.com\/es\/wp-json\/wp\/v2\/media?parent=5713"}],"curies":[{"name":"wp","href":"https:\/\/api.w.org\/{rel}","templated":true}]}}