{"id":5651,"date":"2023-12-29T15:48:14","date_gmt":"2023-12-29T20:48:14","guid":{"rendered":"https:\/\/www.wirtzlaw.com\/?page_id=5651"},"modified":"2025-05-13T19:29:01","modified_gmt":"2025-05-13T23:29:01","slug":"palmdale-abogados-de-la-ley-del-limon","status":"publish","type":"page","link":"https:\/\/www.wirtzlaw.com\/es\/practice-areas\/lemon-law-attorneys\/palmdale-lemon-law-attorneys\/","title":{"rendered":"Palmdale Ley del Lim\u00f3n"},"content":{"rendered":"<h2 class=\"wp-block-heading\"><em>Abogados altamente experimentados en defectos de veh\u00edculos que presentan eficazmente reclamaciones de la Ley del Lim\u00f3n en nombre de los residentes de Antelope Valley.&nbsp;<\/em><\/h2>\n\n\n\n<p>Cuando compras un coche nuevo, conf\u00edas en que tu reciente adquisici\u00f3n te servir\u00e1 como medio de transporte fiable durante a\u00f1os. Por eso te has gastado decenas de miles de d\u00f3lares. Sin embargo, en esta era de producci\u00f3n en masa, incluso las marcas mejor valoradas experimentan problemas de vez en cuando. A menudo, estos problemas se resuelven con un \u00fanico, pero inc\u00f3modo, viaje al concesionario. Pero para aquellos que han tenido que llevar su coche, cami\u00f3n o todoterreno al taller repetidamente por el mismo problema o por m\u00faltiples problemas, esto elimina cualquier beneficio de comprar un coche nuevo. La buena noticia es que <a href=\"https:\/\/www.wirtzlaw.com\/es\/areas-de-practica\/abogados-de-la-ley-del-limon\/\">Ley del Lim\u00f3n de California<\/a> le protege en esta situaci\u00f3n obligando al fabricante a recomprar o sustituir los veh\u00edculos considerados \"Lemons\".<\/p>\n\n\n\n<p>En <a href=\"https:\/\/www.wirtzlaw.com\/es\/\">Wirtz Law APC<\/a>, <a href=\"https:\/\/www.wirtzlaw.com\/es\/equipo\/\">nuestros abogados expertos en la Ley del Lim\u00f3n de Palmdale<\/a> tienen d\u00e9cadas de experiencia pr\u00e1ctica en la asistencia efectiva a los propietarios de veh\u00edculos con la obtenci\u00f3n de la indemnizaci\u00f3n que necesitan para hacerse todo despu\u00e9s de comprar sin saberlo un lim\u00f3n. Somos negociadores expertos y terminamos resolviendo la mayor\u00eda de los casos que manejamos sin la necesidad de un juicio. Sin embargo, porque a veces los fabricantes de autom\u00f3viles se niegan a resolver las reclamaciones de la Ley del Lim\u00f3n en Palmdale y <a href=\"https:\/\/www.wirtzlaw.com\/es\/zonas-que-atendemos\/\">en toda California<\/a>Sin embargo, acabamos juzgando m\u00e1s casos de la ley del lim\u00f3n ante un jurado en un a\u00f1o que muchos abogados en toda su vida. Y a trav\u00e9s de todos los casos que hemos manejado, tenemos una tasa de \u00e9xito del 97 por ciento.&nbsp;<\/p>\n\n\n\n<h3 class=\"wp-block-heading\">\u00bfQu\u00e9 es un \"lim\u00f3n\"?<\/h3>\n\n\n\n<p>En pocas palabras, un Lim\u00f3n es un veh\u00edculo que no s\u00f3lo sigue experimentando los mismos defectos o similares a pesar de los repetidos intentos del propietario para resolver el problema, sino tambi\u00e9n m\u00faltiples problemas. Sin embargo, para entender mejor lo que es un lim\u00f3n, es importante tener una comprensi\u00f3n firme de la Ley del Lim\u00f3n de California.&nbsp;<\/p>\n\n\n\n<p>La Ley del Lim\u00f3n de California, conocida oficialmente como la <a href=\"https:\/\/leginfo.legislature.ca.gov\/faces\/codes_displayText.xhtml?lawCode=CIV&amp;division=3.&amp;title=1.7.&amp;part=4.&amp;chapter=1.&amp;article=3.\" target=\"_blank\" rel=\"noreferrer noopener\">Ley de garant\u00eda de los consumidores Song-Beverly<\/a>La Ley del Lim\u00f3n protege a los consumidores que compran o alquilan un veh\u00edculo nuevo o usado CPO cubierto por la garant\u00eda de un coche nuevo del fabricante, pero que resulta estar defectuoso hasta el punto de que no puede ser reparado para ajustarse a la garant\u00eda despu\u00e9s de un n\u00famero razonable de intentos. A continuaci\u00f3n se exponen algunas de las cosas m\u00e1s importantes que hay que saber sobre la Ley del Lim\u00f3n:<\/p>\n\n\n\n<p><strong>Admisibilidad<\/strong>: La ley se aplica principalmente a los veh\u00edculos comprados o alquilados en California para uso personal, familiar o dom\u00e9stico. Tambi\u00e9n cubre algunos veh\u00edculos de uso profesional.<\/p>\n\n\n\n<p><strong>Deber del fabricante<\/strong>: Si el fabricante o sus concesionarios autorizados no pueden reparar un veh\u00edculo para ajustarlo a la garant\u00eda tras un n\u00famero razonable de intentos, deben reembolsar el precio de compra o sustituir el veh\u00edculo (la elecci\u00f3n queda a discreci\u00f3n del consumidor), menos una cantidad por el uso no defectuoso del veh\u00edculo.<\/p>\n\n\n\n<p><strong>Intentos razonables de reparaci\u00f3n<\/strong>: Aunque la ley no especifica un n\u00famero determinado, suele significar dos o m\u00e1s intentos de reparaci\u00f3n. Si el veh\u00edculo est\u00e1 en el taller por reparaciones acumuladas de m\u00e1s de 30 d\u00edas (no necesariamente consecutivos), tambi\u00e9n podr\u00eda cumplir los requisitos.<\/p>\n\n\n\n<p><strong>Duraci\u00f3n<\/strong>: Las protecciones se aplican durante el periodo de garant\u00eda original del fabricante.<\/p>\n\n\n\n<p>Es esencial mantener todos los registros de reparaciones, comunicaciones y transacciones relacionadas con su veh\u00edculo. Si cree que tiene un \"Lim\u00f3n\", es importante que <a href=\"https:\/\/www.wirtzlaw.com\/es\/contactar-con\/\">consulte con un abogado de la Ley del Lim\u00f3n de Palmdale<\/a> que le aportar\u00e1 claridad y le ayudar\u00e1 a tramitar sus reclamaciones con eficacia y eficiencia.&nbsp;<\/p>\n\n\n\n<h3 class=\"wp-block-heading\">\u00bfQu\u00e9 tan comunes son las reclamaciones de la Ley del Lim\u00f3n en California?<\/h3>\n\n\n\n<p>En California hay m\u00e1s de 36 millones de veh\u00edculos matriculados. La mayor\u00eda de ellos, aproximadamente 26 millones, son veh\u00edculos de pasajeros, incluyendo coches, todoterrenos y camionetas. En Palmdale y el resto de <a href=\"https:\/\/www.wirtzlaw.com\/es\/areas-de-practica\/abogados-de-la-ley-del-limon\/los-angeles-lemon-law-abogados\/\">Los Angeles County<\/a>...hay m\u00e1s de ocho millones de turismos matriculados. Esto es m\u00e1s que la poblaci\u00f3n de algunos estados.<\/p>\n\n\n\n<p>En cuanto al n\u00famero de reclamaciones de la Ley del Lim\u00f3n presentadas en California, entre 2018 y 2021, 7,6 millones de personas registraron un veh\u00edculo en California, lo que result\u00f3 en poco m\u00e1s de 34,000 reclamaciones de la Ley del Lim\u00f3n. Esto significa que entre 2018 y 2021, alrededor del 0,5 por ciento de todos los veh\u00edculos reci\u00e9n registrados eran limones. Por supuesto, esto no incluye los casos de Lemon Law que se resolvieron fuera de los tribunales. Esto es significativo porque la gran mayor\u00eda de los casos de la Ley del Lim\u00f3n se resuelven.&nbsp;<\/p>\n\n\n\n<h3 class=\"wp-block-heading\">\u00bfQu\u00e9 se considera \"defecto\" en la Ley del Lim\u00f3n de Cali?<\/h3>\n\n\n\n<p>La idea b\u00e1sica detr\u00e1s de la Ley del Lim\u00f3n CA es proteger al consumidor de la compra de un <a href=\"https:\/\/www.wirtzlaw.com\/es\/areas-de-practica\/abogados-de-la-ley-del-limon\/abogado-de-la-ley-del-limon-de-san-diego\/abogado-de-coches-defectuosos\/\">veh\u00edculo que presenta un defecto o un funcionamiento defectuoso<\/a> que afecte sustancialmente al uso, valor o seguridad de un veh\u00edculo. Por ejemplo, los defectos menores que no afecten al uso, valor o seguridad de un veh\u00edculo probablemente no activar\u00e1n las protecciones de la Ley del Lim\u00f3n. Por otro lado, los problemas mec\u00e1nicos, como los frenos defectuosos o un mecanismo de direcci\u00f3n defectuoso, el estancamiento, la vacilaci\u00f3n y el mal funcionamiento del ordenador, entre muchos otros problemas, probablemente entrar\u00edan en el \u00e1mbito de la Ley del Lim\u00f3n.&nbsp;<\/p>\n\n\n\n<h3 class=\"wp-block-heading\">\u00bfQu\u00e9 constituye un \"n\u00famero razonable de intentos\"?<\/h3>\n\n\n\n<p>Ser propietario o arrendatario de un veh\u00edculo que tiene un defecto en los materiales o la mano de obra, no significa autom\u00e1ticamente que usted tiene una reclamaci\u00f3n de la Ley del Lim\u00f3n. Esto se debe a que la Ley del Lim\u00f3n s\u00f3lo entra en vigor despu\u00e9s de haber llevado el coche a reparar un \"n\u00famero razonable de veces\". Y, aunque el estatuto de la Ley del Lim\u00f3n de California no define lo que constituye un n\u00famero razonable de veces, la jurisprudencia que interpreta el estatuto ha sostenido que al menos dos intentos pueden ser suficientes para ser un n\u00famero razonable de intentos. Tambi\u00e9n puede cumplir con el n\u00famero razonable si su veh\u00edculo est\u00e1 en el taller durante 30 d\u00edas o m\u00e1s sin ser reparado.<\/p>\n\n\n\n<p>Por supuesto, demostrar que se ha cumplido el elemento del \"n\u00famero razonable de intentos\" es algo que un <strong>Palmdale experimentado abogado de la Ley del Lim\u00f3n en Wirtz Law APC<\/strong> puede ayudarle a determinar si cumple los requisitos.<\/p>\n\n\n\n<h3 class=\"wp-block-heading\">\u00bfQu\u00e9 puede recuperar en caso de que prospere una reclamaci\u00f3n basada en la Ley del Lim\u00f3n?<\/h3>\n\n\n\n<p>Si usted tiene un veh\u00edculo Lim\u00f3n en Palmdale, puede tener derecho a varios da\u00f1os bajo la Ley Lim\u00f3n del estado. A continuaci\u00f3n se muestra una lista de posibles da\u00f1os que usted podr\u00eda ser capaz de recuperar. Tenga en cuenta, sin embargo, que no hay dos casos iguales, y los da\u00f1os dependen de los hechos espec\u00edficos de cada caso. Los resultados anteriores no garantizan el resultado de su caso.&nbsp;<\/p>\n\n\n\n<p><strong>Recompra o recompra: <\/strong>Una recompra, tambi\u00e9n llamada <a href=\"https:\/\/www.wirtzlaw.com\/es\/que-es-el-programa-de-recompra-de-la-ley-del-limon-de-california\/\">recompra<\/a>es cuando el fabricante te reembolsa el precio real que pagaste por el veh\u00edculo, es decir, te lo vuelve a comprar. Una recompra te compensar\u00e1 por el pago inicial, los pagos mensuales, el impuesto sobre las ventas, la financiaci\u00f3n y puede incluir cualquier valor de canje. Si se produce una recompra, el fabricante tiene derecho a un cr\u00e9dito por el uso que el consumidor haya hecho del veh\u00edculo antes del primer intento de reparaci\u00f3n. Esto se calcula mediante una f\u00f3rmula basada en el kilometraje. Adem\u00e1s, si tienes un pr\u00e9stamo pendiente sobre el veh\u00edculo, el fabricante debe pagar el saldo del pr\u00e9stamo como parte de la recompra.<\/p>\n\n\n\n<p><strong>Sustituci\u00f3n de veh\u00edculos: <\/strong>Se puede exigir al fabricante de un Lim\u00f3n que <a href=\"https:\/\/www.wirtzlaw.com\/es\/areas-de-practica\/abogados-de-la-ley-del-limon\/soy-responsable-de-encontrar-un-coche-de-sustitucion\/\">sustituir el veh\u00edculo<\/a> con un veh\u00edculo nuevo.<strong> <\/strong>El nuevo veh\u00edculo debe ser sustancialmente id\u00e9ntico al veh\u00edculo sustituido.<strong> <\/strong>La sustituci\u00f3n del veh\u00edculo es uno de los remedios m\u00e1s comunes de la Ley del Lim\u00f3n; sin embargo, si no est\u00e1 interesado en un veh\u00edculo nuevo, puede exigir la recompra en su lugar.&nbsp;<\/p>\n\n\n\n<p><strong>Da\u00f1os incidentales y consecuenciales: <\/strong>Los da\u00f1os incidentales incluyen los gastos en los que usted incurri\u00f3 como resultado del defecto o del proceso de reparaci\u00f3n. Por ejemplo, los da\u00f1os incidentales en una demanda de la Ley del Lim\u00f3n de Palmdale pueden incluir gastos de alquiler del coche, gastos de remolque y gastos de reparaci\u00f3n no cubiertos por la garant\u00eda. Los da\u00f1os consecuentes pueden incluir incluso un veh\u00edculo \"de cobertura\", que es un veh\u00edculo comprado para utilizar en lugar del veh\u00edculo defectuoso no reparado.<\/p>\n\n\n\n<p><strong>Honorarios del abogado: <\/strong>Si la reclamaci\u00f3n prospera, el fabricante puede tener que <a href=\"https:\/\/www.wirtzlaw.com\/es\/areas-de-practica\/abogados-de-la-ley-del-limon\/los-angeles-lemon-law-abogados\/cuanto-cuesta-un-abogado-de-los-angeles-lemon-law\/\">pague los honorarios de su abogado<\/a>costes y gastos. Esto supone una enorme ventaja para los propietarios de veh\u00edculos, ya que no tendr\u00e1n que utilizar nada del dinero que recuperen para pagar sus honorarios legales.&nbsp;<\/p>\n\n\n\n<p><strong>Sanciones civiles: <\/strong>En algunos casos, cuando pueda demostrarse que el fabricante infringi\u00f3 la ley voluntariamente, el tribunal podr\u00e1 <a href=\"https:\/\/www.wirtzlaw.com\/es\/areas-de-practica\/abogados-de-la-ley-del-limon\/abogado-de-la-ley-del-limon-de-san-diego\/sancion-civil-de-la-ley-del-limon\/\">imponer una sanci\u00f3n civil<\/a>. Puede llegar a duplicar los da\u00f1os reales.<\/p>\n\n\n\n<h3 class=\"wp-block-heading\">Preguntas m\u00e1s frecuentes:<\/h3>\n\n\n\n<h3 class=\"wp-block-heading\">\u00bfCubre la Ley del Lim\u00f3n de California a los Veh\u00edculos Usados?<\/h3>\n\n\n\n<p>S\u00ed, en algunos casos, la Ley del Lim\u00f3n de California se aplica a los veh\u00edculos usados, en particular a los veh\u00edculos comprados bajo una garant\u00eda Certified Pre-Owned (CPO).  Sin embargo, la Ley del Lim\u00f3n s\u00f3lo cubre los veh\u00edculos usados que todav\u00eda est\u00e1n bajo una garant\u00eda del fabricante.  Por el contrario, muchos concesionarios venden contratos de servicio extendido mal etiquetados como garant\u00eda. Los contratos de servicio extendido no est\u00e1n cubiertos por la Ley del Lim\u00f3n.<\/p>\n\n\n\n<h3 class=\"wp-block-heading\">\u00bfSe aplica la Ley del Lim\u00f3n a los veh\u00edculos alquilados?<\/h3>\n\n\n\n<p>S\u00ed, la Ley del Lim\u00f3n de California cubre los veh\u00edculos alquilados, siempre que cumplan los dem\u00e1s requisitos.&nbsp;<\/p>\n\n\n\n<h3 class=\"wp-block-heading\">\u00bfEst\u00e1 cubierto por la Ley del Lim\u00f3n un veh\u00edculo alquilado por una empresa?<\/h3>\n\n\n\n<p>La Ley del Lim\u00f3n de California se aplica a <a href=\"https:\/\/www.wirtzlaw.com\/es\/areas-de-practica\/abogados-de-la-ley-del-limon\/los-angeles-lemon-law-abogados\/se-aplica-la-ley-del-limon-de-california-a-los-vehiculos-de-empresa-en-la\/\">veh\u00edculos alquilados por empresas<\/a>. Sin embargo, el veh\u00edculo debe pesar menos de 10.000 libras y la empresa debe arrendar cinco o menos veh\u00edculos.&nbsp;<\/p>\n\n\n\n<h3 class=\"wp-block-heading\">\u00bfCu\u00e1nto tiempo tiene para presentar una reclamaci\u00f3n Palmdale Ley del Lim\u00f3n?<\/h3>\n\n\n\n<p>La Ley del Lim\u00f3n de California establece un plazo de un a\u00f1o para presentar una reclamaci\u00f3n conforme a la Ley del Lim\u00f3n. Este plazo de un a\u00f1o debe comenzar al final de la garant\u00eda, que es el momento en el que el veh\u00edculo ya no se puede reparar en virtud de la garant\u00eda. Sin embargo, algunos tribunales pueden aplicar un plazo m\u00e1s corto para interponer una demanda, como por ejemplo que el reloj comience a contar a partir del d\u00eda en que usted experimenta por primera vez un problema que entra dentro de la garant\u00eda del veh\u00edculo. Sin embargo, tenga en cuenta que la Ley del Lim\u00f3n s\u00f3lo le cubre los problemas y defectos que surjan durante el periodo en que est\u00e9 en vigor la garant\u00eda de su veh\u00edculo nuevo.\u00a0<\/p>\n\n\n\n<h3 class=\"wp-block-heading\">\u00bfEs lo mismo un veh\u00edculo defectuoso que uno retirado del mercado?<\/h3>\n\n\n\n<p>Un veh\u00edculo retirado puede ser un Lim\u00f3n y viceversa, pero no siempre va a ser as\u00ed. A efectos de la Ley del Lim\u00f3n de California, los dos son independientes. Una retirada de producto es una petici\u00f3n del fabricante para que los consumidores devuelvan su veh\u00edculo bas\u00e1ndose en alg\u00fan problema con el veh\u00edculo. Por ejemplo, si un fabricante se entera de que los frenos utilizados en un veh\u00edculo son propensos a pegarse, el fabricante podr\u00eda decidir emitir un retiro en lugar de hacer frente a las quejas y posibles demandas por lesiones personales en caso de accidente. Cuando un fabricante retira un veh\u00edculo, suele realizar la reparaci\u00f3n necesaria sin coste alguno para el consumidor. Es importante se\u00f1alar que, dado que las llamadas a revisi\u00f3n son caras, los fabricantes de veh\u00edculos tienden a llamar a revisi\u00f3n s\u00f3lo cuando el problema subyacente afecta a la seguridad del veh\u00edculo.&nbsp;<\/p>\n\n\n\n<p>Un veh\u00edculo \"Lim\u00f3n\" bajo la Ley Lim\u00f3n de California es diferente. En este caso, la atenci\u00f3n se centra no s\u00f3lo en la existencia de un defecto que afecte sustancialmente al uso, valor o seguridad, sino tambi\u00e9n en si el fabricante fue capaz de subsanar el defecto en un n\u00famero razonable de intentos. Si es as\u00ed, el veh\u00edculo es probablemente un Lim\u00f3n. As\u00ed pues, aunque tanto los veh\u00edculos retirados del mercado como los Limones tienen defectos, ambos difieren en cuanto a la obligaci\u00f3n del fabricante y las soluciones disponibles para el consumidor. Adem\u00e1s, el defecto subyacente en un caso de la Ley del Lim\u00f3n no tiene por qu\u00e9 afectar a la seguridad del veh\u00edculo.&nbsp;<\/p>\n\n\n\n<h2 class=\"wp-block-heading\">\u00bfHa comprado recientemente un veh\u00edculo que cree que puede ser un producto defectuoso?<\/h2>\n\n\n\n<p>Si recientemente compr\u00f3 un veh\u00edculo nuevo o uno que a\u00fan est\u00e1 bajo la garant\u00eda original del fabricante, y ha tenido que lidiar con repetidas visitas al concesionario o al mec\u00e1nico, es posible que tenga un reclamo ante la Ley del Lim\u00f3n de Palmdale. Si bien la Ley del Lim\u00f3n de California establece que el fabricante puede tener que recomprar o reemplazar su veh\u00edculo, no espere que el fabricante admita que su veh\u00edculo era defectuoso. Sin embargo, en <a href=\"https:\/\/www.wirtzlaw.com\/es\/\">Wirtz Law APC<\/a>, nuestro <a href=\"https:\/\/www.wirtzlaw.com\/es\/equipo\/\">equipo dedicado de abogados Palmdale Lemon Law<\/a> puede ayudar. Tenemos m\u00e1s de una d\u00e9cada de experiencia pr\u00e1ctica resolviendo con \u00e9xito reclamaciones de la Ley del Lim\u00f3n en nombre de los propietarios y arrendatarios de veh\u00edculos de California. Reconocemos lo frustrante que es pagar un buen dinero por un mal coche, y estamos aqu\u00ed para ayudarle a obtener el beneficio de la negociaci\u00f3n que acord\u00f3. Para obtener m\u00e1s informaci\u00f3n, y para programar una consulta gratuita con un abogado de Palmdale Ley del Lim\u00f3n en Wirtz Law APC, <a href=\"tel:1-858-259-5009\">llame al 858-259-5009<\/a> hoy mismo. Tambi\u00e9n puede ponerse en contacto con nosotros a trav\u00e9s de nuestro <a href=\"https:\/\/www.wirtzlaw.com\/es\/contactar-con\/\">formulario de contacto seguro en l\u00ednea<\/a>.<\/p>","protected":false},"excerpt":{"rendered":"<p>Abogados altamente experimentados en defectos de veh\u00edculos que presentan eficazmente demandas de la Ley del Lim\u00f3n en nombre de los residentes de Antelope Valley Cuando usted compra un auto nuevo, conf\u00eda en que su reciente adquisici\u00f3n le servir\u00e1 como un medio de transporte confiable en los a\u00f1os venideros. Es por eso que usted gast\u00f3 decenas de miles de d\u00f3lares. Sin embargo, en esta era de...<\/p>","protected":false},"author":12,"featured_media":5656,"parent":2523,"menu_order":0,"comment_status":"closed","ping_status":"closed","template":"","meta":{"_acf_changed":false,"footnotes":""},"class_list":["post-5651","page","type-page","status-publish","has-post-thumbnail","hentry"],"acf":[],"_links":{"self":[{"href":"https:\/\/www.wirtzlaw.com\/es\/wp-json\/wp\/v2\/pages\/5651","targetHints":{"allow":["GET"]}}],"collection":[{"href":"https:\/\/www.wirtzlaw.com\/es\/wp-json\/wp\/v2\/pages"}],"about":[{"href":"https:\/\/www.wirtzlaw.com\/es\/wp-json\/wp\/v2\/types\/page"}],"author":[{"embeddable":true,"href":"https:\/\/www.wirtzlaw.com\/es\/wp-json\/wp\/v2\/users\/12"}],"replies":[{"embeddable":true,"href":"https:\/\/www.wirtzlaw.com\/es\/wp-json\/wp\/v2\/comments?post=5651"}],"version-history":[{"count":7,"href":"https:\/\/www.wirtzlaw.com\/es\/wp-json\/wp\/v2\/pages\/5651\/revisions"}],"predecessor-version":[{"id":6729,"href":"https:\/\/www.wirtzlaw.com\/es\/wp-json\/wp\/v2\/pages\/5651\/revisions\/6729"}],"up":[{"embeddable":true,"href":"https:\/\/www.wirtzlaw.com\/es\/wp-json\/wp\/v2\/pages\/2523"}],"wp:featuredmedia":[{"embeddable":true,"href":"https:\/\/www.wirtzlaw.com\/es\/wp-json\/wp\/v2\/media\/5656"}],"wp:attachment":[{"href":"https:\/\/www.wirtzlaw.com\/es\/wp-json\/wp\/v2\/media?parent=5651"}],"curies":[{"name":"wp","href":"https:\/\/api.w.org\/{rel}","templated":true}]}}