{"id":5645,"date":"2023-12-29T15:23:19","date_gmt":"2023-12-29T20:23:19","guid":{"rendered":"https:\/\/www.wirtzlaw.com\/?page_id=5645"},"modified":"2025-05-13T19:31:05","modified_gmt":"2025-05-13T23:31:05","slug":"abogados-de-la-ley-de-limon-de-farol-rojo","status":"publish","type":"page","link":"https:\/\/www.wirtzlaw.com\/es\/practice-areas\/lemon-law-attorneys\/red-bluff-lemon-law-attorneys\/","title":{"rendered":"Red Bluff Ley del Lim\u00f3n"},"content":{"rendered":"<p>Como sede del condado de Tehama County, California, en Red Bluff siempre pasa algo. Todos los d\u00edas, los residentes, las empresas y los visitantes de Red Bluff hacen recados, trabajan y disfrutan del clima mediterr\u00e1neo y el paisaje natural de la zona.&nbsp;<\/p>\n\n\n\n<p>Los que viven y trabajan en Red Bluff a menudo dependen de sus veh\u00edculos para el transporte. Cuando compra o alquila un veh\u00edculo, espera que sea seguro y fiable para usted, su familia o su peque\u00f1a empresa. Los problemas continuos con un veh\u00edculo, sin embargo, frustrar sus expectativas de seguridad - e incluso puede poner a usted ya otros en riesgo.&nbsp;<\/p>\n\n\n\n<p>Si sospecha que tiene un veh\u00edculo defectuoso, hable con el <a href=\"https:\/\/www.wirtzlaw.com\/es\/\">abogados con experiencia en la ley del lim\u00f3n Red Bluff en Wirtz Law APC<\/a> hoy, que realmente han ido a juicio en Red Bluff y han ganado el caso. Por supuesto, cada caso es diferente, y los resultados anteriores no garantizan el resultado de su caso.<\/p>\n\n\n\n<h3 class=\"wp-block-heading\">Estad\u00edsticas de Veh\u00edculos Lim\u00f3n en Red Bluff<\/h3>\n\n\n\n<p>En 2022, el Departamento de Veh\u00edculos Motorizados de California registr\u00f3 m\u00e1s de 35 millones de registros de autom\u00f3viles, camiones, motocicletas y remolques en el estado. Estos registros incluyeron 76,466 veh\u00edculos registrados en Tehama County - muchos en el mismo Red Bluff.&nbsp;<\/p>\n\n\n\n<p>Las estad\u00edsticas del DMV incluyen tanto las matriculaciones de veh\u00edculos nuevos como las renovaciones. Entre los veh\u00edculos reci\u00e9n registrados, la tasa de demandas de lim\u00f3n presentadas en los tribunales de California es relativamente baja. Entre 2018 y 2021, por ejemplo, solo el 0,45% de todos los registros de veh\u00edculos nuevos resultaron en una demanda de lim\u00f3n.&nbsp;<\/p>\n\n\n\n<p>Sin embargo, las cifras de demandas no lo dicen todo. La mayor\u00eda de las reclamaciones de la ley del lim\u00f3n se resuelven extrajudicialmente sin presentar una demanda. En <a href=\"https:\/\/www.wirtzlaw.com\/es\/areas-de-practica\/abogados-de-la-ley-del-limon\/\">abogado con experiencia en la ley del lim\u00f3n de California<\/a> puede ayudarle a alcanzar una resoluci\u00f3n justa de su reclamaci\u00f3n.&nbsp;<\/p>\n\n\n\n<p>Los fabricantes de autom\u00f3viles pueden ser parte de una reclamaci\u00f3n de la ley del lim\u00f3n si <a href=\"https:\/\/www.wirtzlaw.com\/es\/areas-de-practica\/abogados-de-la-ley-del-limon\/abogado-de-la-ley-del-limon-de-san-diego\/abogado-de-coches-defectuosos\/\">vender o alquilar veh\u00edculos defectuosos<\/a>. Sin embargo, las investigaciones demuestran que algunos fabricantes de autom\u00f3viles son objeto de demandas por da\u00f1os causados por veh\u00edculos defectuosos con m\u00e1s frecuencia que otros.&nbsp;<\/p>\n\n\n\n<p>Entre 2018 y 2021, los cinco fabricantes de autom\u00f3viles nombrados con mayor frecuencia en los casos de la ley de lim\u00f3n de California incluyeron:<\/p>\n\n\n\n<ul class=\"wp-block-list\">\n<li><a href=\"https:\/\/www.wirtzlaw.com\/es\/areas-de-practica\/abogados-de-la-ley-del-limon\/gm-lemon-law-abogados\/\">General Motors<\/a><\/li>\n\n\n\n<li><a href=\"https:\/\/www.wirtzlaw.com\/es\/areas-de-practica\/abogados-de-la-ley-del-limon\/abogados-jaguar-lemon-law\/\">Jaguar<\/a> <a href=\"https:\/\/www.wirtzlaw.com\/es\/areas-de-practica\/abogados-de-la-ley-del-limon\/land-rover-abogados-de-la-ley-de-limon\/\">Land Rover Norteam\u00e9rica<\/a><\/li>\n\n\n\n<li><a href=\"https:\/\/www.wirtzlaw.com\/es\/areas-de-practica\/abogados-de-la-ley-del-limon\/abogados-fiat-lemon-law\/\">Fiat<\/a> <a href=\"https:\/\/www.wirtzlaw.com\/es\/areas-de-practica\/abogados-de-la-ley-del-limon\/chrysler-abogado-de-la-ley-de-limon\/\">Autom\u00f3viles Chrysler<\/a><\/li>\n\n\n\n<li><a href=\"https:\/\/www.wirtzlaw.com\/es\/areas-de-practica\/abogados-de-la-ley-del-limon\/abogados-nissan-lemon-law\/\">Nissan Norteam\u00e9rica<\/a><\/li>\n\n\n\n<li><a href=\"https:\/\/www.wirtzlaw.com\/es\/areas-de-practica\/abogados-de-la-ley-del-limon\/abogados-ford-lemon-law\/\">Ford Motor Company<\/a><\/li>\n<\/ul>\n\n\n\n<p>Los fabricantes de autom\u00f3viles que aparecieron con menos frecuencia fueron <a href=\"https:\/\/www.wirtzlaw.com\/es\/areas-de-practica\/abogados-de-la-ley-del-limon\/abogados-toyota-lemon-law\/\">Toyota Motor Sales<\/a> y <a href=\"https:\/\/www.wirtzlaw.com\/es\/areas-de-practica\/abogados-de-la-ley-del-limon\/abogados-mazda-lemon-law\/\">Mazda Motor of America<\/a>.&nbsp;<\/p>\n\n\n\n<p>Tambi\u00e9n es importante distinguir entre las demandas de la ley del lim\u00f3n y los defectos reales. En 2021, por ejemplo, se presentaron unas 10.000 demandas por defectos en los tribunales de California. Sin embargo, m\u00e1s de 6 millones de veh\u00edculos en las carreteras de California ese a\u00f1o ten\u00edan al menos un problema que no se hab\u00eda solucionado.&nbsp;<\/p>\n\n\n\n<h3 class=\"wp-block-heading\">Tipos comunes de problemas con los veh\u00edculos de lim\u00f3n en Red Bluff<\/h3>\n\n\n\n<p>En lo que respecta a las demandas por la ley del lim\u00f3n, no hay dos veh\u00edculos con problemas id\u00e9nticos. Un estudio de los temas tratados en 2021 demandas por da\u00f1os causados por el uso de veh\u00edculos defectuosos revel\u00f3 que se mencionan docenas de problemas diferentes en los veh\u00edculos. He aqu\u00ed algunos ejemplos:<\/p>\n\n\n\n<ul class=\"wp-block-list\">\n<li>Tracci\u00f3n a las cuatro ruedas<\/li>\n\n\n\n<li>Pilas<\/li>\n\n\n\n<li>Frenos, incluidos los sistemas de frenado de emergencia<\/li>\n\n\n\n<li>Componentes del sistema de combustible, como filtros, inyectores y sensores<\/li>\n\n\n\n<li>Problemas de direcci\u00f3n, incluida la direcci\u00f3n asistida<\/li>\n\n\n\n<li>Componentes estructurales como soportes de motor y conjuntos de puntal<\/li>\n\n\n\n<li>Componentes de transmisi\u00f3n como embragues y m\u00f3dulos de control<\/li>\n<\/ul>\n\n\n\n<p>Los problemas con las piezas del veh\u00edculo de esta lista pueden provocar accidentes o lesiones graves. Aunque nadie resulte herido, la <a href=\"https:\/\/www.wirtzlaw.com\/es\/coches-menos-fiables-de-california\/\">el veh\u00edculo puede ser poco fiable o no conducirse<\/a>. Los propietarios de estos veh\u00edculos pueden enfrentarse a constantes luchas para arreglar sus coches y gestionar medios de transporte alternativos.\u00a0<\/p>\n\n\n\n<h3 class=\"wp-block-heading\">Qu\u00e9 cubre la Ley del Lim\u00f3n de California<\/h3>\n\n\n\n<p>En 1970, California aprob\u00f3 la <a href=\"https:\/\/leginfo.legislature.ca.gov\/faces\/codes_displayText.xhtml?lawCode=CIV&amp;division=3.&amp;title=1.7.&amp;part=4.&amp;chapter=1.&amp;article=3.\" target=\"_blank\" rel=\"noreferrer noopener\">Ley de garant\u00eda de los consumidores Song-Beverly<\/a> \u4e00 la base de la actual ley del lim\u00f3n. La Ley Song-Beverly otorga a los consumidores ciertos derechos cuando adquieren productos, incluidos veh\u00edculos.&nbsp;<\/p>\n\n\n\n<p>La versi\u00f3n de 1970 de la ley del lim\u00f3n de California tiene un aspecto diferente al actual. Varias enmiendas y cambios han ampliado la ley del lim\u00f3n del estado y aclarado sus t\u00e9rminos originales.&nbsp;<\/p>\n\n\n\n<h3 class=\"wp-block-heading\">\u00bfQu\u00e9 veh\u00edculos y propietarios est\u00e1n cubiertos por la Ley del Lim\u00f3n de California?<\/h3>\n\n\n\n<p>Un veh\u00edculo est\u00e1 cubierto por la ley del lim\u00f3n de California si se compra \"al por menor\". La mayor\u00eda de las compras al por menor se realizan en concesionarios. Recientemente, sin embargo, algunos fabricantes de autom\u00f3viles han comenzado a ofrecer compras directamente del fabricante. Ambos tipos est\u00e1n cubiertos por la ley del lim\u00f3n.<\/p>\n\n\n\n<p>El veh\u00edculo adquirido, ya sea nuevo o de segunda mano, debe estar cubierto por una garant\u00eda original del fabricante o una garant\u00eda de segunda mano certificada (CPO) cuando empiezan los problemas.&nbsp;<\/p>\n\n\n\n<p>Las personas que compran un veh\u00edculo nuevo o de segunda mano para uso personal suelen estar cubiertas por la Ley del lim\u00f3n. Las personas que alquilan un veh\u00edculo tambi\u00e9n est\u00e1n cubiertas. Incluso algunos propietarios de peque\u00f1as empresas pueden acogerse a la ley del lim\u00f3n.&nbsp;<\/p>\n\n\n\n<p>Adem\u00e1s, el propietario o arrendatario del veh\u00edculo debe dar al fabricante un n\u00famero \"razonable\" de intentos para solucionar el problema. Lo que es \"razonable\" suele decidirse caso por caso, pero a menudo son s\u00f3lo dos intentos. En t\u00e9rminos generales, sin embargo, si el fabricante ha intentado varias veces solucionar el problema o el veh\u00edculo ha estado en su posesi\u00f3n durante m\u00e1s de un mes en total, es posible que hayan tenido una cantidad razonable de tiempo, lo que satisfar\u00e1 el requisito de la Ley del Lim\u00f3n de un n\u00famero razonable de intentos.&nbsp;<\/p>\n\n\n\n<h3 class=\"wp-block-heading\">\u00bfCubre la Ley del Lim\u00f3n a las peque\u00f1as empresas?<\/h3>\n\n\n\n<p>La ley del lim\u00f3n de California cubre <a href=\"https:\/\/www.wirtzlaw.com\/es\/areas-de-practica\/abogados-de-la-ley-del-limon\/abogado-de-la-ley-del-limon-de-san-diego\/se-aplica-la-ley-del-limon-de-california-a-los-vehiculos-de-empresa-en-san-diego\/\">algunas peque\u00f1as empresas<\/a> adem\u00e1s de los propietarios o arrendatarios individuales de veh\u00edculos.&nbsp;<\/p>\n\n\n\n<p>Para una peque\u00f1a empresa, se aplican los requisitos de garant\u00eda y reparaci\u00f3n de la ley del lim\u00f3n, al igual que para el propietario de un veh\u00edculo individual. Adem\u00e1s, para buscar protecci\u00f3n bajo la ley del lim\u00f3n:<\/p>\n\n\n\n<ul class=\"wp-block-list\">\n<li>La empresa debe poseer cinco o menos veh\u00edculos en total, incluido el veh\u00edculo sospechoso, y<\/li>\n\n\n\n<li>El veh\u00edculo sospechoso de lim\u00f3n debe tener un peso total (peso bruto del veh\u00edculo o \"peso en vac\u00edo\") inferior a 10.000 libras. Este es el peso del veh\u00edculo cuando no contiene carga o personas.<\/li>\n<\/ul>\n\n\n\n<p>No obstante, una empresa que no cumpla los requisitos de la ley del lim\u00f3n puede tener otras opciones para solicitar una indemnizaci\u00f3n. <a href=\"https:\/\/www.wirtzlaw.com\/es\/contactar-con\/\">Hable con un abogado con experiencia en la ley del lim\u00f3n Red Bluff<\/a> para entender c\u00f3mo se aplica la ley a su empresa.&nbsp;<\/p>\n\n\n\n<h3 class=\"wp-block-heading\">La Ley del Lim\u00f3n de California protege a los militares<\/h3>\n\n\n\n<p>La ley del lim\u00f3n de California s\u00f3lo se aplica a los veh\u00edculos comprados o alquilados en el estado de California, en la mayor\u00eda de los casos.&nbsp;<\/p>\n\n\n\n<p>Sin embargo, las personas en servicio activo con las fuerzas armadas de los Estados Unidos pueden presentar una demanda de la ley del lim\u00f3n incluso si compraron o alquilaron su veh\u00edculo en otro estado. Esta excepci\u00f3n reconoce que los militares a menudo tienen poco o ning\u00fan control sobre el lugar en el que est\u00e1n destinados, pero a\u00fan as\u00ed pueden necesitar la protecci\u00f3n de las leyes que reconocen el problema que causan los veh\u00edculos defectuosos.&nbsp;<\/p>\n\n\n\n<p>Otros requisitos, como el de garant\u00eda y el de \"intento razonable de reparaci\u00f3n\", siguen siendo aplicables.&nbsp;<\/p>\n\n\n\n<h3 class=\"wp-block-heading\">Compensaci\u00f3n bajo la Ley del Lim\u00f3n en Red Bluff<\/h3>\n\n\n\n<p>La ley del lim\u00f3n de California es famosa por su cl\u00e1usula de \"sustituci\u00f3n o reembolso\". Muchas personas, tanto residentes de California como de otros estados, saben que la ley del lim\u00f3n del estado exige a un fabricante de autom\u00f3viles que <a href=\"https:\/\/www.wirtzlaw.com\/es\/areas-de-practica\/abogados-de-la-ley-del-limon\/soy-responsable-de-encontrar-un-coche-de-sustitucion\/\">proporcionar un veh\u00edculo de sustituci\u00f3n similar<\/a> o el reembolso al propietario, y que el propietario puede elegir la que prefiera.&nbsp;<\/p>\n\n\n\n<p>Sin embargo, esta no es la \u00fanica compensaci\u00f3n que ofrece la ley del lim\u00f3n de California. La ley tambi\u00e9n cubre tres tipos adicionales de compensaci\u00f3n.<\/p>\n\n\n\n<p>En primer lugar, la ley del lim\u00f3n obliga a los fabricantes de autom\u00f3viles a pagar \"da\u00f1os incidentales y consecuentes\". Se trata de gastos relacionados con los problemas de tu veh\u00edculo. Si has tenido que pagar a una gr\u00faa para llevar tu coche al concesionario, por ejemplo, la factura de la gr\u00faa puede entrar en esta categor\u00eda. Los costes de un coche de alquiler, un abono de autob\u00fas u otro medio de transporte cuando tu coche est\u00e1 en el taller tambi\u00e9n entran en esta categor\u00eda.<\/p>\n\n\n\n<p>Adem\u00e1s, la ley del lim\u00f3n de California exige al fabricante de autom\u00f3viles que <a href=\"https:\/\/www.wirtzlaw.com\/es\/areas-de-practica\/abogados-de-la-ley-del-limon\/abogado-de-la-ley-del-limon-de-san-diego\/cuanto-cuesta-un-abogado-de-la-ley-del-limon-de-san-diego\/\">pagar los honorarios razonables de su abogado<\/a>costes y gastos si <a href=\"https:\/\/www.wirtzlaw.com\/es\/que-esperar-tras-ganar-un-juicio-por-la-ley-del-limon\/\">gane su reclamaci\u00f3n<\/a>. Este requisito ayuda a asegurar que los propietarios de veh\u00edculos pueden trabajar con un abogado con experiencia Red Bluff ley de lim\u00f3n - y que al hacerlo les costar\u00e1 poco o nada de su bolsillo.&nbsp;<\/p>\n\n\n\n<p>Por \u00faltimo, tambi\u00e9n puede <a href=\"https:\/\/www.wirtzlaw.com\/es\/areas-de-practica\/abogados-de-la-ley-del-limon\/abogado-de-la-ley-del-limon-de-san-diego\/sancion-civil-de-la-ley-del-limon\/\">obtener sanciones civiles<\/a> si demuestra que el fabricante de autom\u00f3viles se abstuvo intencionadamente de recomprar o sustituir su coche. Las sanciones civiles pueden llegar a duplicar el importe de los da\u00f1os reales y se suman a los da\u00f1os reales. Las sanciones civiles ayudan a garantizar que los fabricantes de autom\u00f3viles no traten a otros consumidores como le han tratado a usted.<\/p>\n\n\n\n<h2 class=\"wp-block-heading\">Hable hoy con un abogado experto en la Ley del Lim\u00f3n de Red Bluff<\/h2>\n\n\n\n<p><a href=\"https:\/\/www.wirtzlaw.com\/es\/areas-de-practica\/abogados-de-la-ley-del-limon\/como-saber-que-esta-trabajando-con-el-mejor-abogado-de-la-ley-del-limon\/\">Hable con un abogado experto en la ley del lim\u00f3n<\/a> tan pronto como sea posible si usted piensa que tiene un veh\u00edculo de lim\u00f3n. Al buscar representaci\u00f3n legal:&nbsp;<\/p>\n\n\n\n<ul class=\"wp-block-list\">\n<li><strong>Busque abogados con experiencia. <\/strong>La ley del lim\u00f3n de California tiene varios requisitos espec\u00edficos. El mejor abogado para su caso tendr\u00e1 una <a href=\"https:\/\/www.wirtzlaw.com\/es\/resultados\/\">historial<\/a> de resolver con \u00e9xito o ganar reclamaciones en juicio en nombre de clientes de la ley del lim\u00f3n.&nbsp;<\/li>\n\n\n\n<li><strong>Pregunte c\u00f3mo se pagar\u00e1 a su abogado. <\/strong>La ley de California exige que los fabricantes de autom\u00f3viles paguen los honorarios de los abogados de los propietarios de veh\u00edculos si el propietario del veh\u00edculo gana su reclamaci\u00f3n. Adem\u00e1s, los mejores abogados de la ley del lim\u00f3n estar\u00e1n de acuerdo en trabajar \"en contingencia\", que es el pago basado en el \u00e9xito de su demanda de la ley del lim\u00f3n.   Este acuerdo puede ayudarle a obtener la representaci\u00f3n que necesita a un costo que puede pagar.<\/li>\n\n\n\n<li><strong>\u00bfSu abogado buscar\u00e1 la m\u00e1xima indemnizaci\u00f3n o un acuerdo r\u00e1pido?&nbsp; <\/strong>Hay un mont\u00f3n de abogados que afirman que son expertos y experimentados en la ley del lim\u00f3n de California. Pero los m\u00e1s experimentados y mejores abogados deben buscar el m\u00e1ximo de da\u00f1os y mantener la distancia hasta el juicio si es necesario.<\/li>\n\n\n\n<li><strong>Tenga cuidado con el arbitraje. <\/strong>El arbitraje es una alternativa al juicio. Muchos fabricantes de autom\u00f3viles incluyen cl\u00e1usulas en sus contratos que obligan a los propietarios de veh\u00edculos a someter a arbitraje las reclamaciones relacionadas con la ley del lim\u00f3n. Sin embargo, el arbitraje no siempre es la mejor opci\u00f3n \u4e00 y puede no ser su \u00fanica opci\u00f3n, incluso si su contrato de compra o el fabricante de autom\u00f3viles dice lo contrario. Pida siempre consejo a un abogado especializado sobre el arbitraje en su caso. Puede que s\u00f3lo disponga de 30 d\u00edas para <a href=\"https:\/\/www.wirtzlaw.com\/es\/areas-de-practica\/abogados-de-la-ley-del-limon\/tesla-lemon-law-abogados\/tesla-opt-out-abogados\/\">optar por el arbitraje<\/a> con algunos fabricantes como <a href=\"https:\/\/www.wirtzlaw.com\/es\/areas-de-practica\/abogados-de-la-ley-del-limon\/tesla-lemon-law-abogados\/\">Tesla<\/a>.  Sea cauto y prudente.<\/li>\n<\/ul>\n\n\n\n<p>Un veh\u00edculo lim\u00f3n se gana su nombre. Lo que usted pensaba que ser\u00eda una fuente segura y fiable de transporte se convierte en una experiencia amarga que hace que sus d\u00edas sean inciertos, amargos o incluso peligrosos. En lugar de ir a trabajar, viajar o llevar a cabo sus tareas cotidianas, se ve atrapado en la cuneta de la carretera, afrontando facturas de gr\u00faa, luchando por encontrar un medio de transporte y enfrent\u00e1ndose a una frustraci\u00f3n con su veh\u00edculo y con el fabricante que aumenta con cada aver\u00eda. Incluso puede correr riesgos para su seguridad y su salud.&nbsp;<\/p>\n\n\n\n<p>Si sospecha que tiene un lim\u00f3n entre manos, no espere. Hable con el <strong>abogados con experiencia en la ley del lim\u00f3n Red Bluff en Wirtz Law APC<\/strong> hoy mismo. Le ayudaremos a entender sus opciones legales y luchar por la compensaci\u00f3n que se merece. <a href=\"https:\/\/www.wirtzlaw.com\/es\/contactar-con\/\">Contacte con nosotros hoy mismo<\/a> para programar una evaluaci\u00f3n gratuita y confidencial de su caso con uno de <a href=\"https:\/\/www.wirtzlaw.com\/es\/equipo\/\">nuestros abogados especializados en la ley del lim\u00f3n de California<\/a>.<\/p>","protected":false},"excerpt":{"rendered":"<p>Como sede del condado de Tehama County, California, en Red Bluff siempre pasa algo. Cada d\u00eda, los residentes de Red Bluff, las empresas y los visitantes hacen recados, se ocupan de sus trabajos, y disfrutan del clima mediterr\u00e1neo de la zona y el paisaje natural.  Los que viven y trabajan en Red Bluff a menudo dependen de sus veh\u00edculos para el transporte. Al comprar o...<\/p>","protected":false},"author":12,"featured_media":5648,"parent":2523,"menu_order":0,"comment_status":"closed","ping_status":"closed","template":"","meta":{"_acf_changed":false,"footnotes":""},"class_list":["post-5645","page","type-page","status-publish","has-post-thumbnail","hentry"],"acf":[],"_links":{"self":[{"href":"https:\/\/www.wirtzlaw.com\/es\/wp-json\/wp\/v2\/pages\/5645","targetHints":{"allow":["GET"]}}],"collection":[{"href":"https:\/\/www.wirtzlaw.com\/es\/wp-json\/wp\/v2\/pages"}],"about":[{"href":"https:\/\/www.wirtzlaw.com\/es\/wp-json\/wp\/v2\/types\/page"}],"author":[{"embeddable":true,"href":"https:\/\/www.wirtzlaw.com\/es\/wp-json\/wp\/v2\/users\/12"}],"replies":[{"embeddable":true,"href":"https:\/\/www.wirtzlaw.com\/es\/wp-json\/wp\/v2\/comments?post=5645"}],"version-history":[{"count":7,"href":"https:\/\/www.wirtzlaw.com\/es\/wp-json\/wp\/v2\/pages\/5645\/revisions"}],"predecessor-version":[{"id":7487,"href":"https:\/\/www.wirtzlaw.com\/es\/wp-json\/wp\/v2\/pages\/5645\/revisions\/7487"}],"up":[{"embeddable":true,"href":"https:\/\/www.wirtzlaw.com\/es\/wp-json\/wp\/v2\/pages\/2523"}],"wp:featuredmedia":[{"embeddable":true,"href":"https:\/\/www.wirtzlaw.com\/es\/wp-json\/wp\/v2\/media\/5648"}],"wp:attachment":[{"href":"https:\/\/www.wirtzlaw.com\/es\/wp-json\/wp\/v2\/media?parent=5645"}],"curies":[{"name":"wp","href":"https:\/\/api.w.org\/{rel}","templated":true}]}}