{"id":5449,"date":"2023-08-31T13:29:59","date_gmt":"2023-08-31T17:29:59","guid":{"rendered":"https:\/\/www.wirtzlaw.com\/?page_id=5449"},"modified":"2025-05-13T19:23:45","modified_gmt":"2025-05-13T23:23:45","slug":"camarillo-abogados-de-la-ley-de-limon","status":"publish","type":"page","link":"https:\/\/www.wirtzlaw.com\/es\/practice-areas\/lemon-law-attorneys\/camarillo-lemon-law-attorneys\/","title":{"rendered":"Camarillo Ley del Lim\u00f3n"},"content":{"rendered":"<p>Camarillo es una ciudad en r\u00e1pido crecimiento. Entre 2010 y 2020, la poblaci\u00f3n aument\u00f3 casi un 10%. Hoy en d\u00eda, muchos californianos visitan Camarillo por trabajo, escuela o recreaci\u00f3n. Muchos m\u00e1s pasan por la zona cada d\u00eda. Y todos estos residentes, visitantes y viajeros necesitan un transporte seguro y fiable.&nbsp;<\/p>\n\n\n\n<p>Cuando usted compra un veh\u00edculo, espera que le proporcione un medio de transporte seguro y fiable. Usted no espera salir del concesionario con un veh\u00edculo que tiene problemas en curso, que te deja varado, o que amenaza su seguridad. Sin embargo, los residentes de Camarillo que terminan con un veh\u00edculo de lim\u00f3n se enfrentan exactamente a estos problemas.&nbsp;<\/p>\n\n\n\n<p>Si esta situaci\u00f3n le resulta familiar, hable con un <a href=\"https:\/\/www.wirtzlaw.com\/es\/areas-de-practica\/abogados-de-la-ley-del-limon\/\">Camarillo experimentado abogado de la ley del lim\u00f3n<\/a> hoy. La representaci\u00f3n legal puede ayudarle a proteger sus derechos, y puede costarle poco o nada de su bolsillo.&nbsp;<\/p>\n\n\n\n<h3 class=\"wp-block-heading\">Estad\u00edsticas de Veh\u00edculos Lim\u00f3n en Camarillo<\/h3>\n\n\n\n<p>La ley del lim\u00f3n de California solo se aplica a los veh\u00edculos registrados. En Ventura County, el Departamento de Veh\u00edculos Motorizados de California (DMV) registr\u00f3 596.553 registros de veh\u00edculos de pasajeros en 2021. Los residentes de Ventura County tambi\u00e9n registraron miles de camiones, remolques y motocicletas ese a\u00f1o, lo que eleva el total de registros del condado a poco m\u00e1s de 825,000.&nbsp;<\/p>\n\n\n\n<p>Este n\u00famero es una fracci\u00f3n de los 36,2 millones de registros de veh\u00edculos registrados en California en 2021. Sin embargo, cada registro representa un veh\u00edculo o remolque del que una familia o empresa de Ventura County depende cada d\u00eda.&nbsp;<\/p>\n\n\n\n<p>En un estudio sobre demandas de lim\u00f3n, el Grupo de Investigaci\u00f3n de Inter\u00e9s P\u00fablico de California (CALPIRG) y otros investigadores examinaron las demandas presentadas en los tribunales estatales entre 2018 y 2021. Encontraron que se presentaron 7,6 registros de veh\u00edculos por primera vez en esos a\u00f1os, sin embargo, solo se presentaron 34,397 demandas de lim\u00f3n. Por lo tanto, los casos de la ley del lim\u00f3n representaron el 0,45 por ciento de todos los registros de veh\u00edculos nuevos de 2018 a 2021.<\/p>\n\n\n\n<p>Pero estas cifras no lo dicen todo. La mayor\u00eda de las reclamaciones no se convierten en demandas. Por el contrario, son <a href=\"https:\/\/www.wirtzlaw.com\/es\/areas-de-practica\/abogados-de-la-ley-del-limon\/proceso-de-conciliacion-de-la-ley-del-limon-en-california\/\" data-type=\"link\" data-id=\"https:\/\/www.wirtzlaw.com\/practice-areas\/lemon-law-attorneys\/lemon-law-settlement-process-in-california\/\">acuerdo extrajudicial<\/a>. Un abogado con experiencia Camarillo lim\u00f3n puede ayudarle a ejercer sus derechos bajo la ley del lim\u00f3n.&nbsp;<\/p>\n\n\n\n<h3 class=\"wp-block-heading\">\u00bfQu\u00e9 fabricantes de autom\u00f3viles son m\u00e1s propensos a producir limones?<\/h3>\n\n\n\n<p>El estudio CALPIRG tambi\u00e9n examin\u00f3 qu\u00e9 fabricantes de autom\u00f3viles fueron nombrados con mayor frecuencia en demandas de lim\u00f3n entre 2018 y 2021. El estudio analiz\u00f3 cu\u00e1ntos casos de demanda por da\u00f1os y perjuicios era probable que tuviera que afrontar el fabricante en comparaci\u00f3n con el n\u00famero de veh\u00edculos que vend\u00eda.<\/p>\n\n\n\n<p>Los investigadores descubrieron que algunos fabricantes de autom\u00f3viles ten\u00edan mayores tasas de veh\u00edculos defectuosos que otros. Por ejemplo, <a href=\"https:\/\/www.wirtzlaw.com\/es\/areas-de-practica\/abogados-de-la-ley-del-limon\/gm-lemon-law-abogados\/\" data-type=\"link\" data-id=\"https:\/\/www.wirtzlaw.com\/practice-areas\/lemon-law-attorneys\/gm-lemon-law-attorneys\/\">General Motors<\/a> se enfrent\u00f3 a un caso de ley del lim\u00f3n por cada 78 veh\u00edculos que vendi\u00f3 en California entre 2018 y 2021. <a href=\"https:\/\/www.wirtzlaw.com\/es\/areas-de-practica\/abogados-de-la-ley-del-limon\/abogados-jaguar-lemon-law\/\" data-type=\"link\" data-id=\"https:\/\/www.wirtzlaw.com\/practice-areas\/lemon-law-attorneys\/jaguar-lemon-law-attorneys\/\">Jaguar<\/a> <a href=\"https:\/\/www.wirtzlaw.com\/es\/areas-de-practica\/abogados-de-la-ley-del-limon\/land-rover-abogados-de-la-ley-de-limon\/\" data-type=\"link\" data-id=\"https:\/\/www.wirtzlaw.com\/practice-areas\/lemon-law-attorneys\/land-rover-lemon-law-attorneys\/\">Land Rover Norteam\u00e9rica<\/a>, <a href=\"https:\/\/www.wirtzlaw.com\/es\/areas-de-practica\/abogados-de-la-ley-del-limon\/abogados-fiat-lemon-law\/\" data-type=\"link\" data-id=\"https:\/\/www.wirtzlaw.com\/practice-areas\/lemon-law-attorneys\/fiat-lemon-law-attorneys\/\">Fiat<\/a> <a href=\"https:\/\/www.wirtzlaw.com\/es\/areas-de-practica\/abogados-de-la-ley-del-limon\/chrysler-abogado-de-la-ley-de-limon\/\" data-type=\"link\" data-id=\"https:\/\/www.wirtzlaw.com\/practice-areas\/lemon-law-attorneys\/chrysler-lemon-law-attorney\/\">Chrysler, Nissan Norteam\u00e9rica<\/a>y <a href=\"https:\/\/www.wirtzlaw.com\/es\/areas-de-practica\/abogados-de-la-ley-del-limon\/abogados-ford-lemon-law\/\" data-type=\"link\" data-id=\"https:\/\/www.wirtzlaw.com\/practice-areas\/lemon-law-attorneys\/ford-lemon-law-attorneys\/\">Ford Motor Company<\/a> tambi\u00e9n ten\u00edan tasas relativamente elevadas de reclamaciones de la ley del lim\u00f3n.<\/p>\n\n\n\n<p>Los nombres de algunos fabricantes de autom\u00f3viles rara vez aparec\u00edan en las demandas por da\u00f1os causados por veh\u00edculos defectuosos. <a href=\"https:\/\/www.wirtzlaw.com\/es\/areas-de-practica\/abogados-de-la-ley-del-limon\/abogados-toyota-lemon-law\/\" data-type=\"link\" data-id=\"https:\/\/www.wirtzlaw.com\/practice-areas\/lemon-law-attorneys\/toyota-lemon-law-attorneys\/\">Toyota Motor Sales<\/a>Por ejemplo, por cada 2.029 veh\u00edculos vendidos por la empresa, uno era objeto de una demanda. <a href=\"https:\/\/www.wirtzlaw.com\/es\/areas-de-practica\/abogados-de-la-ley-del-limon\/abogados-mazda-lemon-law\/\" data-type=\"link\" data-id=\"https:\/\/www.wirtzlaw.com\/practice-areas\/lemon-law-attorneys\/mazda-lemon-law-attorneys\/\">Mazda Motor of America<\/a> y <a href=\"https:\/\/www.wirtzlaw.com\/es\/areas-de-practica\/abogados-de-la-ley-del-limon\/abogados-mitsubishi-lemon-law\/\" data-type=\"link\" data-id=\"https:\/\/www.wirtzlaw.com\/practice-areas\/lemon-law-attorneys\/mitsubishi-lemon-law-attorneys\/\">Mitsubishi Motors North America<\/a> tambi\u00e9n aparecieron con poca frecuencia.&nbsp;<\/p>\n\n\n\n<h3 class=\"wp-block-heading\">Problemas comunes con los veh\u00edculos de Camarillo lim\u00f3n<\/h3>\n\n\n\n<p>Aunque en 2021 solo se presentaron 10.707 casos de la ley del lim\u00f3n en los tribunales de California, el n\u00famero de veh\u00edculos lim\u00f3n en la carretera es mucho mayor. El estudio de CALPIRG estima que en 2021 circulaban por las carreteras de California 6,3 millones de veh\u00edculos con \"peligrosas llamadas a revisi\u00f3n no reparadas\".&nbsp;<\/p>\n\n\n\n<p>Las demandas de la ley del lim\u00f3n demuestran que casi cualquier pieza de un veh\u00edculo puede contener un defecto que cause problemas o amenace la seguridad del conductor y de los pasajeros. Algunas de las piezas defectuosas mencionadas en las demandas de la ley del lim\u00f3n de California en 2021 son:<\/p>\n\n\n\n<ul class=\"wp-block-list\">\n<li>Sistemas de aire acondicionado y calefacci\u00f3n<\/li>\n\n\n\n<li>Sensores de colisi\u00f3n y de funcionamiento del motor<\/li>\n\n\n\n<li>Od\u00f3metros<\/li>\n\n\n\n<li>Cinturones de seguridad<\/li>\n\n\n\n<li>Componentes de la transmisi\u00f3n, incluidos el embrague y el m\u00f3dulo de control de la gama.<\/li>\n\n\n\n<li>Frenos y frenos de emergencia<\/li>\n<\/ul>\n\n\n\n<p>Casi <a href=\"https:\/\/www.wirtzlaw.com\/es\/areas-de-practica\/abogados-de-la-ley-del-limon\/abogado-de-la-ley-del-limon-de-san-diego\/abogado-de-coches-defectuosos\/\" data-type=\"link\" data-id=\"https:\/\/www.wirtzlaw.com\/practice-areas\/lemon-law-attorneys\/san-diego-lemon-law-attorney\/car-defect-lawyer\/\">cualquier pieza de un veh\u00edculo puede contener un defecto<\/a>. Estos defectos pueden amenazar f\u00e1cilmente la fiabilidad del veh\u00edculo y la seguridad de los pasajeros.&nbsp;<\/p>\n\n\n\n<h3 class=\"wp-block-heading\">Entender la Ley del Lim\u00f3n de California y c\u00f3mo se aplica a su veh\u00edculo Camarillo<\/h3>\n\n\n\n<p><a href=\"https:\/\/leginfo.legislature.ca.gov\/faces\/codes_displaySection.xhtml?lawCode=CIV&amp;sectionNum=1793.2.\" target=\"_blank\" data-type=\"link\" data-id=\"https:\/\/leginfo.legislature.ca.gov\/faces\/codes_displaySection.xhtml?lawCode=CIV&amp;sectionNum=1793.2.\" rel=\"noreferrer noopener\">Ley del lim\u00f3n de California<\/a> se ha desarrollado a lo largo de muchos a\u00f1os. La ley empez\u00f3 a aplicarse en <a href=\"https:\/\/leginfo.legislature.ca.gov\/faces\/codes_displayText.xhtml?division=3.&amp;chapter=1.&amp;part=4.&amp;lawCode=CIV&amp;title=1.7.&amp;article=3.\" target=\"_blank\" data-type=\"link\" data-id=\"https:\/\/leginfo.legislature.ca.gov\/faces\/codes_displayText.xhtml?division=3.&amp;chapter=1.&amp;part=4.&amp;lawCode=CIV&amp;title=1.7.&amp;article=3.\" rel=\"noreferrer noopener\">Ley de garant\u00eda de los consumidores Song-Beverly<\/a> en 1970. La ley se modific\u00f3 varias veces para aclarar los t\u00e9rminos de las protecciones de la ley del lim\u00f3n y ampliar dichas protecciones.&nbsp;<\/p>\n\n\n\n<p>Hoy en d\u00eda, los elementos clave de la ley estatal del lim\u00f3n incluyen:<\/p>\n\n\n\n<h4 class=\"wp-block-heading\">\u00bfQu\u00e9 veh\u00edculos est\u00e1n cubiertos por la Ley del Lim\u00f3n?<\/h4>\n\n\n\n<p>Para estar cubierto por la ley del lim\u00f3n, un veh\u00edculo debe:<\/p>\n\n\n\n<ul class=\"wp-block-list\">\n<li>Ser comprado o alquilado \"al por menor\", normalmente en un concesionario o directamente al fabricante.<\/li>\n\n\n\n<li>Estar cubierto por una garant\u00eda original del fabricante o una garant\u00eda de segunda mano certificada (CPO) cuando comiencen los problemas.&nbsp;<\/li>\n\n\n\n<li>Desarrollar problemas durante el uso ordinario y esperado de ese tipo de veh\u00edculo como resultado de abuso o negligencia.&nbsp;<\/li>\n<\/ul>\n\n\n\n<p>Normalmente, los veh\u00edculos propios o alquilados para uso personal, familiar o dom\u00e9stico est\u00e1n cubiertos siempre que se cumplan estas condiciones. Algunos veh\u00edculos de empresa tambi\u00e9n est\u00e1n cubiertos.&nbsp;<\/p>\n\n\n\n<h4 class=\"wp-block-heading\">Algunas empresas est\u00e1n cubiertas por la Ley del Lim\u00f3n<\/h4>\n\n\n\n<p>En 2000, la ley del lim\u00f3n de California se modific\u00f3 para incluir <a href=\"https:\/\/www.wirtzlaw.com\/es\/areas-de-practica\/abogados-de-la-ley-del-limon\/abogado-de-la-ley-del-limon-de-san-diego\/se-aplica-la-ley-del-limon-de-california-a-los-vehiculos-de-empresa-en-san-diego\/\" data-type=\"link\" data-id=\"https:\/\/www.wirtzlaw.com\/practice-areas\/lemon-law-attorneys\/san-diego-lemon-law-attorney\/does-the-california-lemon-law-apply-to-business-vehicles-in-san-diego\/\">protecciones para algunas peque\u00f1as empresas<\/a>. Hoy en d\u00eda, una peque\u00f1a empresa puede buscar protecci\u00f3n bajo la ley del lim\u00f3n si:<\/p>\n\n\n\n<ul class=\"wp-block-list\">\n<li>La empresa posee cinco o menos veh\u00edculos en total, incluido el defectuoso, y<\/li>\n\n\n\n<li>El veh\u00edculo defectuoso tiene un \"peso en vac\u00edo\", o peso bruto del veh\u00edculo, inferior a 10.000 libras.&nbsp;<\/li>\n<\/ul>\n\n\n\n<p>Muchas peque\u00f1as empresas que utilizan camionetas, monovol\u00famenes o furgonetas para las entregas se encuentran con que sus veh\u00edculos est\u00e1n cubiertos por la ley del lim\u00f3n del estado. Las empresas que no est\u00e1n cubiertas por la ley del lim\u00f3n pueden tener otros recursos legales disponibles. <a href=\"https:\/\/www.wirtzlaw.com\/es\/contactar-con\/\" data-type=\"link\" data-id=\"https:\/\/www.wirtzlaw.com\/contact\/\">Consultar a un abogado con experiencia Camarillo lim\u00f3n<\/a> puede ayudar a estas empresas a determinar c\u00f3mo manejar su situaci\u00f3n.&nbsp;<\/p>\n\n\n\n<h4 class=\"wp-block-heading\">La ley define el n\u00famero \"razonable\" de intentos de reparaci\u00f3n<\/h4>\n\n\n\n<p>En los primeros a\u00f1os de la ley del lim\u00f3n de California, los fabricantes de autom\u00f3viles intentaron definir de forma amplia el \"n\u00famero razonable de intentos de reparaci\u00f3n\". Un ejecutivo automovil\u00edstico declar\u00f3 ante la legislatura estatal que treinta o m\u00e1s intentos de reparaci\u00f3n por parte de un concesionario deber\u00edan considerarse \"razonables.\"&nbsp;<\/p>\n\n\n\n<p>Hoy en d\u00eda, la ley limita estos intentos. Normalmente, los intentos de un fabricante de reparar un veh\u00edculo defectuoso se consideran \"razonables\" si el fabricante hizo al menos dos intentos o si el veh\u00edculo estuvo en el concesionario m\u00e1s de 30 d\u00edas en total.&nbsp;<\/p>\n\n\n\n<h4 class=\"wp-block-heading\">La Ley del Lim\u00f3n de California ofrece protecci\u00f3n a los militares en activo<\/h4>\n\n\n\n<p>Para la mayor\u00eda de los propietarios de veh\u00edculos, la ley del lim\u00f3n de California s\u00f3lo se aplica a los veh\u00edculos comprados o arrendados en el estado de California. En 2007, sin embargo, la ley se ampli\u00f3 para cubrir los veh\u00edculos comprados o arrendados por los miembros del servicio activo que sirven en California, sin importar d\u00f3nde compraron sus veh\u00edculos.&nbsp;<\/p>\n\n\n\n<p>Esta enmienda reconoce que muchos miembros del servicio militar vienen a California desde otros estados y que necesitan tener acceso a las protecciones de la ley del lim\u00f3n mientras prestan servicio en California.&nbsp;<\/p>\n\n\n\n<h3 class=\"wp-block-heading\">\u00bfPor qu\u00e9 debo hablar con un abogado con experiencia Camarillo Ley del Lim\u00f3n?<\/h3>\n\n\n\n<p>Si tiene preguntas, hable siempre con un abogado experto en casos de da\u00f1os causados por veh\u00edculos defectuosos. Un abogado puede responder a sus preguntas espec\u00edficas y ayudarle a determinar el mejor curso de acci\u00f3n en su situaci\u00f3n.&nbsp;<\/p>\n\n\n\n<h4 class=\"wp-block-heading\">Indemnizaciones por la Ley del Lim\u00f3n<\/h4>\n\n\n\n<p>La ley del lim\u00f3n de California permite tres tipos distintos de compensaci\u00f3n en las reclamaciones de lim\u00f3n:<\/p>\n\n\n\n<ul class=\"wp-block-list\">\n<li><strong>Reembolso o sustituci\u00f3n. <\/strong>Un fabricante de autom\u00f3viles responsable en virtud de la Ley del Lim\u00f3n debe reembolsar el precio de compra o proporcionar un veh\u00edculo de sustituci\u00f3n \"sustancialmente similar\". El propietario del veh\u00edculo puede elegir el que desee.<\/li>\n\n\n\n<li><strong>Da\u00f1os incidentales y consecuentes. <\/strong>Estos da\u00f1os le compensan por las p\u00e9rdidas sufridas debido a que su veh\u00edculo era un lim\u00f3n. Las facturas de remolque suelen entrar en esta categor\u00eda. El coste de alquilar otro veh\u00edculo, pagar Uber o Lyft, o comprar abonos de transporte p\u00fablico tambi\u00e9n entra en esta categor\u00eda.&nbsp;<\/li>\n\n\n\n<li><strong>Honorarios de abogado. <\/strong>Cuando un veh\u00edculo es un lim\u00f3n, el fabricante de autom\u00f3viles debe pagar los honorarios del abogado para el propietario del veh\u00edculo. Esta disposici\u00f3n hace que la representaci\u00f3n con experiencia sea asequible para muchos californianos.<\/li>\n\n\n\n<li><strong>Sanciones civiles. <\/strong>La ley del lim\u00f3n de California tambi\u00e9n tiene una disposici\u00f3n para animar a los fabricantes de autom\u00f3viles a cumplir con la ley. Si se descubre que un fabricante de autom\u00f3viles ha incumplido deliberadamente la ley del lim\u00f3n de California, puede tener que <a href=\"https:\/\/www.wirtzlaw.com\/es\/areas-de-practica\/abogados-de-la-ley-del-limon\/abogado-de-la-ley-del-limon-de-san-diego\/sancion-civil-de-la-ley-del-limon\/\" data-type=\"link\" data-id=\"https:\/\/www.wirtzlaw.com\/practice-areas\/lemon-law-attorneys\/san-diego-lemon-law-attorney\/lemon-law-civil-penalty\/\">pagar sanciones civiles a un consumidor<\/a>. El importe de las sanciones civiles puede llegar a duplicar el importe de los da\u00f1os reales.<\/li>\n<\/ul>\n\n\n\n<h4 class=\"wp-block-heading\">\u00bfDebo recurrir al arbitraje por mi veh\u00edculo defectuoso?&nbsp;<\/h4>\n\n\n\n<p>Muchos fabricantes de autom\u00f3viles fomentan o tratan de exigir el arbitraje para las reclamaciones de la ley del lim\u00f3n. Aunque el arbitraje puede ser menos costoso que un juicio, no hay jurado ni derecho de apelaci\u00f3n. Las estad\u00edsticas tambi\u00e9n muestran que el arbitraje puede inclinarse a favor de los fabricantes de autom\u00f3viles.<\/p>\n\n\n\n<p>Nunca acepte el arbitraje sin hablar antes con un abogado especializado en la ley del lim\u00f3n de Camarillo. Un abogado puede explicar el arbitraje con m\u00e1s detalle. Un abogado tambi\u00e9n le dar\u00e1 una opini\u00f3n educada sobre si el arbitraje es la mejor opci\u00f3n en su situaci\u00f3n espec\u00edfica.<\/p>\n\n\n\n<h4 class=\"wp-block-heading\">\u00bfPuedo permitirme un abogado de lim\u00f3n Camarillo?<\/h4>\n\n\n\n<p>Muchos californianos dudan en contratar a un abogado con experiencia en casos de da\u00f1os causados por veh\u00edculos defectuosos porque temen no poder pagar los honorarios del abogado. Reconociendo esto, la ley del lim\u00f3n de California hace que sea m\u00e1s f\u00e1cil para los propietarios de veh\u00edculos para obtener la representaci\u00f3n de un abogado con experiencia.<\/p>\n\n\n\n<p>La ley del lim\u00f3n de California obliga a los fabricantes de autom\u00f3viles a pagar los honorarios del abogado del propietario del veh\u00edculo si \u00e9ste es un lim\u00f3n. Si ganas el caso, el fabricante paga los honorarios de tu abogado. Adem\u00e1s, <a href=\"https:\/\/www.wirtzlaw.com\/es\/areas-de-practica\/abogados-de-la-ley-del-limon\/abogado-de-la-ley-del-limon-de-san-diego\/cuanto-cuesta-un-abogado-de-la-ley-del-limon-de-san-diego\/\" data-type=\"link\" data-id=\"https:\/\/www.wirtzlaw.com\/practice-areas\/lemon-law-attorneys\/san-diego-lemon-law-attorney\/how-much-does-a-san-diego-lemon-law-lawyer-cost\/\">muchos abogados trabajan \"en contingencia\".<\/a> por lo que no le cobrar\u00e1n honorarios a menos que ganen su caso. Pregunte a los abogados sobre sus modalidades de pago antes de aceptar contratar a uno.&nbsp;<\/p>\n\n\n\n<h2 class=\"wp-block-heading\">P\u00f3ngase en contacto con un abogado de lim\u00f3n Camarillo en Wirtz Law APC Hoy<\/h2>\n\n\n\n<p>Su veh\u00edculo deber\u00eda ser una herramienta fiable en su vida. Sin embargo, los veh\u00edculos defectuosos son cualquier cosa menos fiables. Pueden averiarse repetidamente, dejarle tirado o incluso suponer una amenaza para su seguridad y su salud.&nbsp;<\/p>\n\n\n\n<p>Si tiene un lim\u00f3n entre manos, hable con el <a href=\"https:\/\/www.wirtzlaw.com\/es\/equipo\/\" data-type=\"link\" data-id=\"https:\/\/www.wirtzlaw.com\/team\/\">equipo en Wirtz Law APC<\/a> hoy. Nuestros abogados con experiencia en la ley del lim\u00f3n Camarillo pueden ayudarle a entender sus derechos legales y <a href=\"https:\/\/www.wirtzlaw.com\/es\/resultados\/\" data-type=\"link\" data-id=\"https:\/\/www.wirtzlaw.com\/results\/\">lucha por la indemnizaci\u00f3n que mereces<\/a>. Tanto si est\u00e1 seguro de estar amparado por la Ley del lim\u00f3n como si tiene alguna pregunta, p\u00f3ngase en contacto con nosotros hoy mismo para <a href=\"https:\/\/www.wirtzlaw.com\/es\/contactar-con\/\" data-type=\"link\" data-id=\"https:\/\/www.wirtzlaw.com\/contact\/\">solicite una evaluaci\u00f3n gratuita y confidencial de su caso<\/a>. Haremos todo lo posible para que vuelva a la carretera sano y salvo.<\/p>","protected":false},"excerpt":{"rendered":"<p>Camarillo es una ciudad en r\u00e1pido crecimiento. Entre 2010 y 2020, la poblaci\u00f3n aument\u00f3 casi un 10%. Hoy en d\u00eda, muchos californianos visitan Camarillo por trabajo, escuela o recreaci\u00f3n. Muchos m\u00e1s pasan por la zona cada d\u00eda. Y todos estos residentes, visitantes y viajeros necesitan un transporte seguro y fiable.  Cuando usted compra un veh\u00edculo, usted espera que...<\/p>","protected":false},"author":12,"featured_media":5452,"parent":2523,"menu_order":0,"comment_status":"closed","ping_status":"closed","template":"","meta":{"_acf_changed":false,"footnotes":""},"class_list":["post-5449","page","type-page","status-publish","has-post-thumbnail","hentry"],"acf":[],"_links":{"self":[{"href":"https:\/\/www.wirtzlaw.com\/es\/wp-json\/wp\/v2\/pages\/5449","targetHints":{"allow":["GET"]}}],"collection":[{"href":"https:\/\/www.wirtzlaw.com\/es\/wp-json\/wp\/v2\/pages"}],"about":[{"href":"https:\/\/www.wirtzlaw.com\/es\/wp-json\/wp\/v2\/types\/page"}],"author":[{"embeddable":true,"href":"https:\/\/www.wirtzlaw.com\/es\/wp-json\/wp\/v2\/users\/12"}],"replies":[{"embeddable":true,"href":"https:\/\/www.wirtzlaw.com\/es\/wp-json\/wp\/v2\/comments?post=5449"}],"version-history":[{"count":5,"href":"https:\/\/www.wirtzlaw.com\/es\/wp-json\/wp\/v2\/pages\/5449\/revisions"}],"predecessor-version":[{"id":5455,"href":"https:\/\/www.wirtzlaw.com\/es\/wp-json\/wp\/v2\/pages\/5449\/revisions\/5455"}],"up":[{"embeddable":true,"href":"https:\/\/www.wirtzlaw.com\/es\/wp-json\/wp\/v2\/pages\/2523"}],"wp:featuredmedia":[{"embeddable":true,"href":"https:\/\/www.wirtzlaw.com\/es\/wp-json\/wp\/v2\/media\/5452"}],"wp:attachment":[{"href":"https:\/\/www.wirtzlaw.com\/es\/wp-json\/wp\/v2\/media?parent=5449"}],"curies":[{"name":"wp","href":"https:\/\/api.w.org\/{rel}","templated":true}]}}