{"id":5420,"date":"2023-08-29T18:05:06","date_gmt":"2023-08-29T22:05:06","guid":{"rendered":"https:\/\/www.wirtzlaw.com\/?page_id=5420"},"modified":"2025-05-13T19:31:31","modified_gmt":"2025-05-13T23:31:31","slug":"santa-barbara-abogados-de-la-ley-del-limon","status":"publish","type":"page","link":"https:\/\/www.wirtzlaw.com\/es\/practice-areas\/lemon-law-attorneys\/santa-barbara-lemon-law-attorneys\/","title":{"rendered":"Ley del Lim\u00f3n de Santa B\u00e1rbara"},"content":{"rendered":"<p>Santa B\u00e1rbara, California, se gan\u00f3 el sobrenombre de \"Riviera americana\" por su clima mediterr\u00e1neo y sus hermosas vistas al oc\u00e9ano. No es de extra\u00f1ar, pues, que casi 90.000 californianos llamen hogar a Santa B\u00e1rbara, y que muchos m\u00e1s la visiten cada a\u00f1o.&nbsp;<\/p>\n\n\n\n<p>El gran sector servicios de Santa B\u00e1rbara y su conveniente ubicaci\u00f3n en la autopista 101 de EE.UU., entre Los Angeles y San Francisco, la convierten en un centro neur\u00e1lgico de tr\u00e1fico de veh\u00edculos y transporte. Cada d\u00eda, los residentes y visitantes de Santa B\u00e1rbara dependen de sus veh\u00edculos para desplazarse dentro y fuera de Santa B\u00e1rbara. Las empresas tambi\u00e9n dependen de los camiones y otros veh\u00edculos para transportar mercanc\u00edas y llevar a cabo tareas comerciales esenciales. Como sede del condado de Santa B\u00e1rbara County, Santa B\u00e1rbara tambi\u00e9n ve mucho tr\u00e1fico oficial entre semana.<\/p>\n\n\n\n<p>Toda persona que se sube a un veh\u00edculo en Santa B\u00e1rbara conf\u00eda en que ese veh\u00edculo la transporte con seguridad. Un defecto puede socavar esta confianza. La ley del lim\u00f3n de California protege a los propietarios y arrendatarios de veh\u00edculos nuevos que tienen tales defectos. Un abogado con experiencia en la ley del lim\u00f3n de Santa B\u00e1rbara puede ayudarle a proteger sus derechos legales y buscar compensaci\u00f3n por un veh\u00edculo lim\u00f3n.&nbsp;<\/p>\n\n\n\n<h3 class=\"wp-block-heading\">Estad\u00edsticas de Veh\u00edculos Lim\u00f3n en Santa B\u00e1rbara<\/h3>\n\n\n\n<p>En 2021, el Departamento de Veh\u00edculos Motorizados de California inform\u00f3 de 415.795 veh\u00edculos totales registrados en Santa B\u00e1rbara County, incluyendo motocicletas, camiones grandes, remolques y turismos. Aproximadamente 282.000 de estos registros fueron para veh\u00edculos de pasajeros, convirti\u00e9ndolos en la mayor parte de los registros de veh\u00edculos de ese a\u00f1o.<\/p>\n\n\n\n<p>El DMV de California realiza un seguimiento tanto de los nuevos registros como de los registros renovados. En un estudio de las matriculaciones de veh\u00edculos nuevos en California de 2018 a 2021, el Grupo de Investigaci\u00f3n de Inter\u00e9s P\u00fablico de California y otros investigadores descubrieron que se presentaron 34.397 reclamaciones de la ley del lim\u00f3n en los tribunales de California, lo que equivale al 0,45% de todas las matriculaciones de veh\u00edculos nuevos.<\/p>\n\n\n\n<p>A primera vista, estas cifras hacen pensar que el problema de los veh\u00edculos defectuosos es muy peque\u00f1o. Sin embargo, los investigadores examinaron s\u00f3lo las reclamaciones que acabaron en los tribunales. La mayor\u00eda de las reclamaciones se tramitan sin que el propietario del veh\u00edculo tenga que presentar una demanda. Tanto si su reclamaci\u00f3n llega a los tribunales como si no, sus mayores posibilidades de \u00e9xito pasan por <a href=\"https:\/\/www.wirtzlaw.com\/es\/areas-de-practica\/abogados-de-la-ley-del-limon\/\" data-type=\"link\" data-id=\"https:\/\/www.wirtzlaw.com\/practice-areas\/lemon-law-attorneys\/\">trabajar con un abogado con experiencia en casos de da\u00f1os causados por veh\u00edculos defectuosos en California<\/a>.&nbsp;<\/p>\n\n\n\n<h3 class=\"wp-block-heading\">\u00bfQu\u00e9 tipo de problemas tienen los veh\u00edculos \"Lim\u00f3n\"?<\/h3>\n\n\n\n<p>Las estad\u00edsticas de demandas por da\u00f1os causados por veh\u00edculos defectuosos revelan que algunos fabricantes de autom\u00f3viles son nombrados en las demandas por da\u00f1os causados por veh\u00edculos defectuosos con m\u00e1s frecuencia que otros. <a href=\"https:\/\/www.wirtzlaw.com\/es\/areas-de-practica\/abogados-de-la-ley-del-limon\/gm-lemon-law-abogados\/\" data-type=\"link\" data-id=\"https:\/\/www.wirtzlaw.com\/practice-areas\/lemon-law-attorneys\/gm-lemon-law-attorneys\/\">General Motors<\/a>por ejemplo, fue nombrado en muchas m\u00e1s demandas que <a href=\"https:\/\/www.wirtzlaw.com\/es\/areas-de-practica\/abogados-de-la-ley-del-limon\/abogados-toyota-lemon-law\/\">Toyota<\/a>seg\u00fan el Grupo de Investigaci\u00f3n de Inter\u00e9s P\u00fablico de California.&nbsp;<\/p>\n\n\n\n<p>Aunque algunos nombres de fabricantes de autom\u00f3viles aparecen con m\u00e1s frecuencia que otros, ninguna pieza de un veh\u00edculo aparece con m\u00e1s frecuencia que otra. En 2021, las demandas de la ley del lim\u00f3n presentadas ante los tribunales mencionaban una amplia gama de piezas y sistemas defectuosos. Una muestra de las piezas defectuosas nombradas en estas demandas incluye:<\/p>\n\n\n\n<ul class=\"wp-block-list\">\n<li>Bater\u00edas y sistemas el\u00e9ctricos<\/li>\n\n\n\n<li>Frenos, tanto los normales como los de emergencia<\/li>\n\n\n\n<li>Embragues, m\u00f3dulos de control de la transmisi\u00f3n y otras piezas de la transmisi\u00f3n<\/li>\n\n\n\n<li>Filtros de combustible e inyectores<\/li>\n\n\n\n<li>El motor se para<\/li>\n\n\n\n<li>Cinturones de seguridad<\/li>\n\n\n\n<li>Sensores en varios sistemas del veh\u00edculo, como sensores de ox\u00edgeno, sensores de colisi\u00f3n por radar y sensores de presi\u00f3n de los neum\u00e1ticos.<\/li>\n\n\n\n<li>Componentes estructurales como el soporte delantero del motor y el conjunto del puntal.<\/li>\n\n\n\n<li>Sistemas de calefacci\u00f3n, ventilaci\u00f3n y aire acondicionado de los veh\u00edculos<\/li>\n<\/ul>\n\n\n\n<p>Otras piezas y sistemas defectuosos del veh\u00edculo tambi\u00e9n se mencionaron en las demandas por da\u00f1os causados por veh\u00edculos defectuosos. Aunque no se dispon\u00eda de datos sobre las demandas extrajudiciales, cabe suponer que inclu\u00edan defectos similares a los detectados en los tribunales.&nbsp;<\/p>\n\n\n\n<p>La mayor\u00eda de los propietarios de veh\u00edculos defectuosos no experimentan problemas con un solo sistema o pieza del veh\u00edculo, seg\u00fan el \u00cdndice de Veh\u00edculos Defectuosos del Grupo de Investigaci\u00f3n de Inter\u00e9s P\u00fablico de California. En el momento en que la mayor\u00eda de los propietarios de veh\u00edculos buscan la ayuda de un abogado con experiencia, varios problemas diferentes han aparecido con su veh\u00edculo. Sin embargo, incluso un solo problema en un sistema o pieza puede hacer que el propietario de un veh\u00edculo pueda acogerse a la protecci\u00f3n de la ley del lim\u00f3n, especialmente si el problema pone vidas en peligro.&nbsp;<\/p>\n\n\n\n<h3 class=\"wp-block-heading\">La Ley del Lim\u00f3n de California: Conceptos b\u00e1sicos<\/h3>\n\n\n\n<p><a href=\"https:\/\/leginfo.legislature.ca.gov\/faces\/codes_displaySection.xhtml?lawCode=CIV&amp;sectionNum=1793.2.\" target=\"_blank\" data-type=\"link\" data-id=\"https:\/\/leginfo.legislature.ca.gov\/faces\/codes_displaySection.xhtml?lawCode=CIV&amp;sectionNum=1793.2.\" rel=\"noreferrer noopener\">Ley del lim\u00f3n de California<\/a>firmado en 1982, a\u00f1ade protecciones para los propietarios de veh\u00edculos a la <a href=\"https:\/\/leginfo.legislature.ca.gov\/faces\/codes_displayText.xhtml?lawCode=CIV&amp;division=3.&amp;title=1.7.&amp;part=4.&amp;chapter=1.&amp;article=3.\" target=\"_blank\" data-type=\"link\" data-id=\"https:\/\/leginfo.legislature.ca.gov\/faces\/codes_displayText.xhtml?lawCode=CIV&amp;division=3.&amp;title=1.7.&amp;part=4.&amp;chapter=1.&amp;article=3.\" rel=\"noreferrer noopener\">Ley estatal de garant\u00eda de los consumidores Song-Beverly<\/a>que se promulg\u00f3 originalmente en 1970.&nbsp;<\/p>\n\n\n\n<p>La Ley Song-Beverly original conten\u00eda varios requisitos para los fabricantes y vendedores de productos en caso de que sus productos fueran defectuosos. Entre ellos figuraba la obligaci\u00f3n de incluir garant\u00edas, proporcionar piezas de repuesto adecuadas y reembolsar \"sin demora\" el dinero, incluidos los honorarios de los abogados en caso necesario, si los fabricantes no pod\u00edan solucionar el problema tras un \"n\u00famero razonable\" de intentos de reparaci\u00f3n.&nbsp;<\/p>\n\n\n\n<p>A lo largo de la d\u00e9cada de 1970, los propietarios de veh\u00edculos tuvieron problemas para obtener las indemnizaciones que ofrec\u00eda la Ley Song-Beverly. Una de las principales controversias era c\u00f3mo contabilizar un \"n\u00famero razonable\" de intentos de reparaci\u00f3n. En un testimonio ante la legislatura estatal, un ejecutivo de Ford afirm\u00f3 que treinta visitas al taller eran un n\u00famero \"razonable\" de intentos de reparaci\u00f3n de un veh\u00edculo defectuoso.&nbsp;<\/p>\n\n\n\n<p>Sin embargo, los legisladores californianos no estaban de acuerdo. Cuando se aprobaron las disposiciones de la ley del lim\u00f3n en 1982, dejaron claro que el \"n\u00famero razonable\" de intentos de reparaci\u00f3n era inferior a 30. Hoy en d\u00eda, s\u00f3lo dos intentos pueden considerarse \"razonables\". Hoy en d\u00eda, tan s\u00f3lo dos intentos pueden considerarse \"razonables\". Las adiciones posteriores a la ley preservaron los derechos de los propietarios de veh\u00edculos a hablar p\u00fablicamente de sus experiencias y ampliaron la ley para cubrir a algunas peque\u00f1as empresas.&nbsp;<\/p>\n\n\n\n<p><strong>Hoy en d\u00eda, la ley del lim\u00f3n de California cubre lo siguiente:<\/strong><\/p>\n\n\n\n<ul class=\"wp-block-list\">\n<li>Veh\u00edculos comprados o alquilados \"al por menor\" en California, normalmente a trav\u00e9s de un concesionario o directamente al fabricante,<\/li>\n\n\n\n<li>Veh\u00edculos con garant\u00eda original del fabricante o garant\u00eda de segunda mano certificada, y<\/li>\n\n\n\n<li>Casi todos los veh\u00edculos personales y algunos veh\u00edculos de peque\u00f1as empresas.&nbsp;<\/li>\n<\/ul>\n\n\n\n<p>Las peque\u00f1as empresas pueden acogerse a la protecci\u00f3n de la ley del lim\u00f3n si su veh\u00edculo pesa menos de 10.000 libras en vac\u00edo (el \"peso en vac\u00edo\" o peso bruto del veh\u00edculo) y su empresa posee cinco o menos veh\u00edculos en total, incluido el presunto lim\u00f3n.&nbsp;<\/p>\n\n\n\n<p>En la mayor\u00eda de los casos, el veh\u00edculo debe haberse comprado o alquilado en California. Sin embargo, los militares en servicio activo pueden presentar una demanda ante un tribunal de California aunque hayan comprado el veh\u00edculo en otro estado. Los militares deben estar destinados en California para poder acogerse a esta disposici\u00f3n.&nbsp;<\/p>\n\n\n\n<p>Sin embargo, la ley del lim\u00f3n no se aplica a todos los propietarios de veh\u00edculos. Por ejemplo, quienes compran veh\u00edculos usados en ventas privadas no suelen estar cubiertos por la ley del lim\u00f3n. Si no se aplica ninguna garant\u00eda cuando empiezan los problemas, es posible que el veh\u00edculo tampoco est\u00e9 cubierto por la ley del lim\u00f3n.&nbsp;<\/p>\n\n\n\n<p>Aunque sospeche que su veh\u00edculo puede no estar cubierto por la ley del lim\u00f3n, <a href=\"https:\/\/www.wirtzlaw.com\/es\/contactar-con\/\" data-type=\"link\" data-id=\"https:\/\/www.wirtzlaw.com\/contact\/\">hable con un abogado experto en la ley del lim\u00f3n de Santa B\u00e1rbara<\/a>. Un abogado puede informarle sobre todas sus opciones legales.&nbsp;<\/p>\n\n\n\n<h3 class=\"wp-block-heading\">Arbitraje: Ventajas e inconvenientes<\/h3>\n\n\n\n<p>En un intento de ahorrar dinero y evitar los juicios, muchos fabricantes de autom\u00f3viles animan a los propietarios de veh\u00edculos a presentar las reclamaciones de la ley del lim\u00f3n mediante arbitraje en lugar de acudir a los tribunales.  El arbitraje es sin jurado y sin derecho a apelaci\u00f3n.<\/p>\n\n\n\n<p>En el arbitraje, un tercero llamado \"\u00e1rbitro\" escucha las pruebas presentadas tanto por el propietario del veh\u00edculo como por el fabricante de autom\u00f3viles. Ambas partes pueden tener un abogado que presente pruebas, haga alegaciones e interrogue a los testigos. El \u00e1rbitro toma una decisi\u00f3n que las partes deben acatar. Los \u00e1rbitros suelen tener experiencia en el \u00e1mbito jur\u00eddico o industrial relacionado con el caso, pero no siempre. Por ejemplo, muchos \u00e1rbitros de reclamaciones de la ley del lim\u00f3n tienen experiencia en la ley del lim\u00f3n, la industria del autom\u00f3vil, o ambos.&nbsp;<\/p>\n\n\n\n<p>El arbitraje se presenta a menudo como una alternativa m\u00e1s barata y r\u00e1pida que los tribunales. Sin embargo, el ahorro de tiempo y dinero tiene un precio. Las estad\u00edsticas de arbitraje muestran que en los casos de la ley del lim\u00f3n, los \u00e1rbitros dan la raz\u00f3n al fabricante de autom\u00f3viles con m\u00e1s frecuencia, incluso cuando los propietarios de veh\u00edculos tienen una reclamaci\u00f3n v\u00e1lida en virtud de la ley del lim\u00f3n.&nbsp;<\/p>\n\n\n\n<p>No acepte el arbitraje sin hablar con un abogado especializado en casos de lim\u00f3n de Santa B\u00e1rbara. Un abogado con experiencia puede decirle si el arbitraje es una buena opci\u00f3n para su caso. Si no lo es, un abogado puede ayudarle a elegir el mejor enfoque para su reclamo.&nbsp;<\/p>\n\n\n\n<h3 class=\"wp-block-heading\">\u00bfPuedo permitirme un abogado con experiencia en la Ley del Lim\u00f3n de Santa B\u00e1rbara?&nbsp;<\/h3>\n\n\n\n<p>Muchos californianos saben que la ley del lim\u00f3n del estado permite a los propietarios de veh\u00edculos de lim\u00f3n recibir un veh\u00edculo de sustituci\u00f3n o un reembolso. Los propietarios de veh\u00edculos tambi\u00e9n pueden tener derecho a recibir otras formas de compensaci\u00f3n, incluyendo el pago de honorarios de abogados.<\/p>\n\n\n\n<p>Cuando se resuelve o se falla a favor del propietario de un veh\u00edculo, la ley hace responsable al fabricante de pagar los honorarios del abogado del propietario del veh\u00edculo. Los propietarios de veh\u00edculos que tienen \u00e9xito en sus reclamaciones a menudo no pagan los honorarios del abogado de su bolsillo.&nbsp;<\/p>\n\n\n\n<p>Adem\u00e1s, <a href=\"https:\/\/www.wirtzlaw.com\/es\/areas-de-practica\/abogados-de-la-ley-del-limon\/abogado-de-la-ley-del-limon-de-san-diego\/cuanto-cuesta-un-abogado-de-la-ley-del-limon-de-san-diego\/\" data-type=\"link\" data-id=\"https:\/\/www.wirtzlaw.com\/practice-areas\/lemon-law-attorneys\/san-diego-lemon-law-attorney\/how-much-does-a-san-diego-lemon-law-lawyer-cost\/\">su abogado puede aceptar trabajar \"en contingencia\".<\/a> Un acuerdo de contingencia suele estipular que su abogado s\u00f3lo cobra si recupera una indemnizaci\u00f3n para usted.&nbsp;<\/p>\n\n\n\n<p>Si usted est\u00e1 preocupado acerca de c\u00f3mo pagar a un abogado con experiencia en la ley del lim\u00f3n, aproveche las consultas gratuitas con abogados para preguntar a un abogado acerca de c\u00f3mo se les paga. Usted no tiene que estar de acuerdo en contratar a un abogado hasta que est\u00e9 c\u00f3modo con los t\u00e9rminos del acuerdo\u30fcincluyendo, c\u00f3mo se le pagar\u00e1 a su abogado y lo que, en su caso, podr\u00eda costarle de su bolsillo.&nbsp;<\/p>\n\n\n\n<p>Ser propietario de un veh\u00edculo defectuoso puede parecer un desfile de interminables dolores de cabeza. Usted compr\u00f3 o alquil\u00f3 su veh\u00edculo porque necesitaba un medio de transporte seguro y fiable, y lo que obtuvo no fue nada de eso. Cuando su veh\u00edculo pasa m\u00e1s tiempo en el taller que en la carretera, puede sentirse frustrado, enfadado, traicionado o desesperanzado.&nbsp;<\/p>\n\n\n\n<p>Si esto te resulta familiar, tienes opciones. Hable con el <a href=\"https:\/\/www.wirtzlaw.com\/es\/\" data-type=\"link\" data-id=\"https:\/\/www.wirtzlaw.com\/\">Santa Barbara abogados de la ley de lim\u00f3n en Wirtz Law APC<\/a> hoy mismo. Le ayudaremos a entender sus derechos y opciones legales, para que pueda tomar una decisi\u00f3n informada sobre sus pr\u00f3ximos pasos. <a href=\"https:\/\/www.wirtzlaw.com\/es\/contactar-con\/\" data-type=\"link\" data-id=\"https:\/\/www.wirtzlaw.com\/contact\/\">Contacte con nosotros hoy mismo<\/a> para programar una evaluaci\u00f3n confidencial de su caso.&nbsp;<\/p>","protected":false},"excerpt":{"rendered":"<p>Santa B\u00e1rbara, California, se gan\u00f3 el sobrenombre de \"Riviera americana\" por su clima mediterr\u00e1neo y sus hermosas vistas al oc\u00e9ano. No es de extra\u00f1ar, pues, que casi 90.000 californianos llamen hogar a Santa B\u00e1rbara, y que muchos m\u00e1s la visiten cada a\u00f1o.  El gran sector servicios de Santa B\u00e1rbara y su pr\u00e1ctica ubicaci\u00f3n en la autopista 101 entre Los Angeles y San Francisco hacen...<\/p>","protected":false},"author":12,"featured_media":5423,"parent":2523,"menu_order":0,"comment_status":"closed","ping_status":"closed","template":"","meta":{"_acf_changed":false,"footnotes":""},"class_list":["post-5420","page","type-page","status-publish","has-post-thumbnail","hentry"],"acf":[],"_links":{"self":[{"href":"https:\/\/www.wirtzlaw.com\/es\/wp-json\/wp\/v2\/pages\/5420","targetHints":{"allow":["GET"]}}],"collection":[{"href":"https:\/\/www.wirtzlaw.com\/es\/wp-json\/wp\/v2\/pages"}],"about":[{"href":"https:\/\/www.wirtzlaw.com\/es\/wp-json\/wp\/v2\/types\/page"}],"author":[{"embeddable":true,"href":"https:\/\/www.wirtzlaw.com\/es\/wp-json\/wp\/v2\/users\/12"}],"replies":[{"embeddable":true,"href":"https:\/\/www.wirtzlaw.com\/es\/wp-json\/wp\/v2\/comments?post=5420"}],"version-history":[{"count":5,"href":"https:\/\/www.wirtzlaw.com\/es\/wp-json\/wp\/v2\/pages\/5420\/revisions"}],"predecessor-version":[{"id":5426,"href":"https:\/\/www.wirtzlaw.com\/es\/wp-json\/wp\/v2\/pages\/5420\/revisions\/5426"}],"up":[{"embeddable":true,"href":"https:\/\/www.wirtzlaw.com\/es\/wp-json\/wp\/v2\/pages\/2523"}],"wp:featuredmedia":[{"embeddable":true,"href":"https:\/\/www.wirtzlaw.com\/es\/wp-json\/wp\/v2\/media\/5423"}],"wp:attachment":[{"href":"https:\/\/www.wirtzlaw.com\/es\/wp-json\/wp\/v2\/media?parent=5420"}],"curies":[{"name":"wp","href":"https:\/\/api.w.org\/{rel}","templated":true}]}}