{"id":5392,"date":"2023-08-29T16:58:23","date_gmt":"2023-08-29T20:58:23","guid":{"rendered":"https:\/\/www.wirtzlaw.com\/?page_id=5392"},"modified":"2025-12-03T14:08:50","modified_gmt":"2025-12-03T19:08:50","slug":"monterey-abogados-de-la-ley-de-limon","status":"publish","type":"page","link":"https:\/\/www.wirtzlaw.com\/es\/practice-areas\/lemon-law-attorneys\/monterey-lemon-law-attorneys\/","title":{"rendered":"Ley del Lim\u00f3n de Monterey"},"content":{"rendered":"<h2 class=\"wp-block-heading\"><em>Abogados expertos en derechos del consumidor que garantizan que los propietarios de veh\u00edculos reciban el veh\u00edculo seguro y fiable que cre\u00edan haber comprado<\/em><\/h2>\n\n\n\n<p>La compra de un veh\u00edculo nuevo o ligeramente usado debe ser una buena experiencia. Sin embargo, para muchos propietarios de veh\u00edculos de Monterey que terminan con un Lim\u00f3n, la experiencia puede convertirse en m\u00e1s de una pesadilla de lo que jam\u00e1s podr\u00edan haber imaginado. La buena noticia es que la Ley del Lim\u00f3n de California protege a aquellos que compran veh\u00edculos nuevos o aquellos que todav\u00eda est\u00e1n bajo la garant\u00eda original del fabricante con una garant\u00eda certificada. Si usted <a href=\"https:\/\/www.wirtzlaw.com\/es\/areas-de-practica\/abogados-de-la-ley-del-limon\/\">presentar con \u00e9xito una reclamaci\u00f3n conforme a la Ley del Lim\u00f3n<\/a>el fabricante o el concesionario pueden verse obligados a recomprar o sustituir su veh\u00edculo o a compensarle equitativamente por las molestias sufridas.&nbsp;<\/p>\n\n\n\n<p>En <a href=\"https:\/\/www.wirtzlaw.com\/es\/\">Wirtz Law APC<\/a>Nuestro equipo dedicado de abogados de la Ley del Lim\u00f3n de Monterey tiene d\u00e9cadas de experiencia combinada en el manejo de todo tipo de reclamaciones de la Ley del Lim\u00f3n. Dominamos una comprensi\u00f3n impresionante de las complejas leyes que se aplican en estos casos y c\u00f3mo convencer eficazmente a los fabricantes que es en el mejor inter\u00e9s de todos para que ellos <a href=\"https:\/\/www.wirtzlaw.com\/es\/areas-de-practica\/abogados-de-la-ley-del-limon\/proceso-de-conciliacion-de-la-ley-del-limon-en-california\/\" data-type=\"link\" data-id=\"https:\/\/www.wirtzlaw.com\/practice-areas\/lemon-law-attorneys\/lemon-law-settlement-process-in-california\/\">indemnizarle sin necesidad de litigios<\/a>. Sin embargo, como abogados litigantes experimentados, siempre estamos dispuestos a llevar los casos de nuestros clientes a juicio cuando un fabricante no est\u00e1 dispuesto a aceptar una resoluci\u00f3n justa.<\/p>\n\n\n\n<h3 class=\"wp-block-heading\">Lemon Law en Monterey, CA - Garantizar una indemnizaci\u00f3n justa para los veh\u00edculos defectuosos<\/h3>\n\n\n\n<figure class=\"wp-block-embed is-type-video is-provider-vimeo wp-block-embed-vimeo wp-embed-aspect-16-9 wp-has-aspect-ratio\"><div class=\"wp-block-embed__wrapper\">\n<iframe loading=\"lazy\" title=\"Lemon Law en Monterey, CA - Garantizar una indemnizaci\u00f3n justa para los veh\u00edculos defectuosos\" src=\"https:\/\/player.vimeo.com\/video\/990792363?dnt=1&amp;app_id=122963\" width=\"500\" height=\"281\" frameborder=\"0\" allow=\"autoplay; fullscreen; picture-in-picture; clipboard-write; encrypted-media; web-share\" referrerpolicy=\"strict-origin-when-cross-origin\"><\/iframe>\n<\/div><\/figure>\n\n\n\n<h3 class=\"wp-block-heading\">\u00bfC\u00f3mo define la ley de California un veh\u00edculo \"Lim\u00f3n\"?<\/h3>\n\n\n\n<p>El t\u00e9rmino \"Lim\u00f3n\" se utiliza para describir un veh\u00edculo que experimenta constantemente el mismo defecto o diferentes defectos que afectan al uso, valor o seguridad del veh\u00edculo. Cada estado tiene su propia Ley Lim\u00f3n, que describe exactamente c\u00f3mo los consumidores pueden ir sobre la prueba de que compraron un lim\u00f3n. En California, un veh\u00edculo se considera un Lim\u00f3n si sigue presentando el defecto o defectos despu\u00e9s de un n\u00famero \"razonable\" de intentos para resolver el problema.&nbsp;<\/p>\n\n\n\n<h3 class=\"wp-block-heading\">\u00bfQu\u00e9 veh\u00edculos est\u00e1n cubiertos por la Ley del Lim\u00f3n de California?<\/h3>\n\n\n\n<p><a href=\"https:\/\/leginfo.legislature.ca.gov\/faces\/codes_displaySection.xhtml?lawCode=CIV&amp;sectionNum=1793.2.\" target=\"_blank\" data-type=\"link\" data-id=\"https:\/\/leginfo.legislature.ca.gov\/faces\/codes_displaySection.xhtml?lawCode=CIV&amp;sectionNum=1793.2.\" rel=\"noreferrer noopener\">Ley del Lim\u00f3n de California<\/a> se aplica a todos los veh\u00edculos nuevos, as\u00ed como a los veh\u00edculos usados que est\u00e1n bajo la garant\u00eda de veh\u00edculo nuevo del fabricante con una garant\u00eda de seminuevo certificado. Por ejemplo, los siguientes tipos de veh\u00edculos est\u00e1n cubiertos por la ley del lim\u00f3n de California:<\/p>\n\n\n\n<ul class=\"wp-block-list\">\n<li>Coches&nbsp;<\/li>\n\n\n\n<li>SUVs<\/li>\n\n\n\n<li>VE<\/li>\n\n\n\n<li>Camionetas&nbsp;<\/li>\n\n\n\n<li>Furgonetas<\/li>\n\n\n\n<li>El chasis, el chasis cabina y la transmisi\u00f3n de las autocaravanas.&nbsp;<\/li>\n<\/ul>\n\n\n\n<p>Sin embargo, la Ley del Lim\u00f3n de California no cubre las piezas del mercado de accesorios instaladas en un veh\u00edculo que de otro modo calificar\u00eda, y, en algunos casos, la instalaci\u00f3n de piezas del mercado de accesorios podr\u00eda poner en peligro una reclamaci\u00f3n de la Ley del Lim\u00f3n. Adem\u00e1s, en su mayor parte, la ley del lim\u00f3n de California no se aplica a lo siguiente:<\/p>\n\n\n\n<ul class=\"wp-block-list\">\n<li>Veh\u00edculos todoterreno que no est\u00e9n registrados conforme al C\u00f3digo de Veh\u00edculos de California; o&nbsp;<\/li>\n\n\n\n<li>Veh\u00edculos que han sido \"mal utilizados\".<\/li>\n<\/ul>\n\n\n\n<h3 class=\"wp-block-heading\">\u00bfQu\u00e9 tipos de defectos cubre la Ley del Lim\u00f3n de California?<\/h3>\n\n\n\n<p>La Ley del Lim\u00f3n de California se aplica a todos los defectos \"sustanciales\" que afectan al uso, valor o seguridad del veh\u00edculo. Desafortunadamente, los legisladores de California no definieron el t\u00e9rmino \"sustancial\", lo que ha dado lugar a que los tribunales tengan que interpretar el significado de la palabra. Sin embargo, como regla general, los tribunales de Monterey aplican una prueba objetiva junto con una prueba subjetiva a la hora de evaluar la gravedad de un defecto. Esto significa que el tribunal considerar\u00e1 que un defecto es sustancial cuando una persona media, en las circunstancias del propietario del veh\u00edculo, pensar\u00eda que lo es. Por ejemplo, si la luz de la guantera no funciona, puede que no alcance el nivel de defecto sustancial. Por otro lado, los olores nauseabundos, el moho, la pintura picada, los defectos de la radio o las fugas de refrigerante podr\u00edan considerarse defectos sustanciales.<\/p>\n\n\n\n<h3 class=\"wp-block-heading\">\u00bfPor qu\u00e9 presentar una reclamaci\u00f3n conforme a la Ley del Lim\u00f3n?<\/h3>\n\n\n\n<p>Si bien hay algunas razones por las que la Ley del Lim\u00f3n de California es importante, la mayor\u00eda de los propietarios de veh\u00edculos presentan una demanda de la Ley del Lim\u00f3n con la esperanza de recibir una compensaci\u00f3n del fabricante. Cuando usted compra un coche nuevo o usado, usted asume que va a ser seguro, fiable, y mantener su valor de reventa. Sin embargo, cuando no es as\u00ed, su inversi\u00f3n pierde valor. Para compensarlo, puede interponer una demanda basada en la Ley del Lim\u00f3n.&nbsp;<\/p>\n\n\n\n<h3 class=\"wp-block-heading\">\u00bfQu\u00e9 da\u00f1os y perjuicios est\u00e1n disponibles en un caso de la Ley del Lim\u00f3n de Monterey?<\/h3>\n\n\n\n<p>La ley de California prev\u00e9 varios tipos de da\u00f1os y perjuicios en los casos de la Ley del Lim\u00f3n. En general, los propietarios de un veh\u00edculo defectuoso tienen derecho a que el fabricante recompre o sustituya su veh\u00edculo, seg\u00fan prefiera el propietario. En algunas situaciones, el fabricante tambi\u00e9n puede ser responsable de una sanci\u00f3n civil, que es un tipo de castigo impuesto por una violaci\u00f3n intencionada de la Ley del Lim\u00f3n de California.&nbsp;<\/p>\n\n\n\n<p>Los da\u00f1os en la mayor\u00eda de las reclamaciones de la Ley del Lim\u00f3n se dividen en las siguientes categor\u00edas:<\/p>\n\n\n\n<p><strong>Sustituir o recomprar<\/strong>: En general, el propietario perjudicado puede elegir si quiere que el fabricante le recompre el veh\u00edculo o se lo sustituya por uno nuevo. Sin embargo, los tribunales permiten a los fabricantes compensar estos da\u00f1os bas\u00e1ndose en el periodo inicial de tiempo que pudiste utilizar el veh\u00edculo antes de que surgiera el defecto.<\/p>\n\n\n\n<p><strong>Honorarios de abogados<\/strong>: Los consumidores pueden obtener honorarios de abogado del fabricante si presentan con \u00e9xito una reclamaci\u00f3n conforme a la Ley del Lim\u00f3n. Inicialmente, esto puede parecer que beneficia m\u00e1s a los abogados que a los consumidores; sin embargo, no es as\u00ed. Obligar al fabricante a cubrir los honorarios legales de los consumidores tiene varias consecuencias importantes. En primer lugar, permite a los consumidores presentar reclamaciones en virtud de la Ley del Lim\u00f3n sin temor a que los da\u00f1os y perjuicios que recuperen acaben en su mayor parte en manos de sus abogados. Tambi\u00e9n significa que no hay riesgo en contratar al mejor abogado de la Ley del Lim\u00f3n de Monterey disponible porque si usted gana su caso, el fabricante pagar\u00e1 la factura. Y, por supuesto, si el fabricante paga sus honorarios legales, significa que usted se queda con m\u00e1s dinero.&nbsp;<\/p>\n\n\n\n<p>Por \u00faltimo, exigir a los fabricantes de veh\u00edculos que paguen los honorarios de los abogados permite a los abogados de la Ley del Lim\u00f3n de Monterey <a href=\"https:\/\/www.wirtzlaw.com\/es\/areas-de-practica\/abogados-de-la-ley-del-limon\/abogado-de-la-ley-del-limon-de-san-diego\/cuanto-cuesta-un-abogado-de-la-ley-del-limon-de-san-diego\/\" data-type=\"link\" data-id=\"https:\/\/www.wirtzlaw.com\/practice-areas\/lemon-law-attorneys\/san-diego-lemon-law-attorney\/how-much-does-a-san-diego-lemon-law-lawyer-cost\/\">aceptar casos en r\u00e9gimen de contingencia<\/a>. Esto significa que un abogado aceptar\u00e1 su caso sin coste alguno por adelantado y s\u00f3lo recuperar\u00e1 los honorarios del abogado si consigue indemnizarle.&nbsp;<\/p>\n\n\n\n<p><strong>Da\u00f1os incidentales y consecuenciales: <\/strong>Los propietarios tambi\u00e9n pueden reclamar da\u00f1os incidentales y consecuentes. Los da\u00f1os consecuenciales se refieren a cualquier coste causado por el defecto; por ejemplo, si un defecto provoc\u00f3 un incendio que quem\u00f3 el interior de su veh\u00edculo, puede recuperar los da\u00f1os para sustituir el interior de su veh\u00edculo. Los da\u00f1os incidentales se refieren a cualquier da\u00f1o relacionado con la inspecci\u00f3n, reparaci\u00f3n, transporte y almacenamiento de un veh\u00edculo defectuoso.&nbsp;<\/p>\n\n\n\n<p><strong>Sanciones civiles:&nbsp; <\/strong>Cuando el fabricante de autom\u00f3viles o el distribuidor se niega intencionadamente a recomprar o sustituir un veh\u00edculo que re\u00fane las condiciones para ser considerado un veh\u00edculo defectuoso con arreglo a la Ley del lim\u00f3n de California, el <a href=\"https:\/\/www.wirtzlaw.com\/es\/areas-de-practica\/abogados-de-la-ley-del-limon\/abogado-de-la-ley-del-limon-de-san-diego\/sancion-civil-de-la-ley-del-limon\/\" data-type=\"link\" data-id=\"https:\/\/www.wirtzlaw.com\/practice-areas\/lemon-law-attorneys\/san-diego-lemon-law-attorney\/lemon-law-civil-penalty\/\">el consumidor tiene derecho a recuperar una sanci\u00f3n civil<\/a>.  Las sanciones civiles son da\u00f1os y perjuicios adicionales a los anteriores. El importe de una sanci\u00f3n civil puede ser hasta dos veces los da\u00f1os reales del consumidor. En otras palabras, la ley del lim\u00f3n de California le permite recuperar hasta tres veces lo que pag\u00f3 por el veh\u00edculo.<\/p>\n\n\n\n<h3 class=\"wp-block-heading\">\u00bfPreguntas frecuentes?<\/h3>\n\n\n<div id=\"rank-math-faq\" class=\"rank-math-block\">\n<div class=\"rank-math-list\">\n<div id=\"faq-question-1693340245427\" class=\"rank-math-list-item\">\n<h3 class=\"rank-math-question\">\u00bfEs lo mismo un veh\u00edculo defectuoso que uno retirado del mercado?<\/h3>\n<div class=\"rank-math-answer\">\n\n<p>Un veh\u00edculo retirado puede ser un Lim\u00f3n y viceversa, pero no siempre va a ser as\u00ed. Esto se debe a que una retirada de producto es una petici\u00f3n del fabricante para que los consumidores devuelvan su veh\u00edculo bas\u00e1ndose en alg\u00fan problema con el veh\u00edculo. Por ejemplo, si un fabricante se entera de que el acelerador utilizado en un determinado modelo de veh\u00edculo es propenso a atascarse, el fabricante puede decidir emitir una llamada a revisi\u00f3n. Cuando un fabricante retira un veh\u00edculo, suele realizar la reparaci\u00f3n necesaria sin coste alguno para el consumidor. Es importante se\u00f1alar que, dado que las llamadas a revisi\u00f3n son caras, los fabricantes de veh\u00edculos tienden a llamar a revisi\u00f3n s\u00f3lo cuando el problema subyacente afecta a la seguridad del veh\u00edculo.\u00a0<\/p>\n<p>La definici\u00f3n de Lim\u00f3n es diferente. La cuesti\u00f3n principal en un caso de la Ley del Lim\u00f3n no es si el veh\u00edculo tiene un defecto, sino si el fabricante pudo subsanar el defecto en un n\u00famero razonable de intentos. Si es as\u00ed, el veh\u00edculo no es un Lim\u00f3n.\u00a0<\/p>\n<p>Una diferencia importante entre los Limones y los veh\u00edculos retirados del mercado es que el defecto subyacente en un caso de la Ley del Lim\u00f3n no tiene por qu\u00e9 afectar necesariamente a la seguridad del veh\u00edculo.<\/p>\n\n<\/div>\n<\/div>\n<div id=\"faq-question-1693340546513\" class=\"rank-math-list-item\">\n<h3 class=\"rank-math-question\">\u00bfCu\u00e1nto tiempo tiene para presentar una reclamaci\u00f3n de la Ley del Lim\u00f3n en Monterey, California?<\/h3>\n<div class=\"rank-math-answer\">\n\n<p>Las reclamaciones de la Ley del Lim\u00f3n se consideran t\u00e9cnicamente una reclamaci\u00f3n por incumplimiento de la garant\u00eda. Seg\u00fan la legislaci\u00f3n de California, los consumidores disponen de un a\u00f1o tras la expiraci\u00f3n de la garant\u00eda y de hasta seis a\u00f1os desde la fecha de entrega para presentar una reclamaci\u00f3n por incumplimiento de la garant\u00eda, a partir de la fecha del supuesto incumplimiento. Dada la naturaleza de las reclamaciones de la Ley del Lim\u00f3n, a menudo se discute cu\u00e1ndo un fabricante ha incumplido supuestamente la garant\u00eda. Por lo tanto, siempre es una buena idea ponerse en contacto con un abogado de la Ley del Lim\u00f3n de Monterey tan pronto como usted cree que su coche o cami\u00f3n podr\u00eda calificar como un lim\u00f3n.\u00a0<\/p>\n\n<\/div>\n<\/div>\n<div id=\"faq-question-1693340556569\" class=\"rank-math-list-item\">\n<h3 class=\"rank-math-question\">\u00bfSon peligrosos los veh\u00edculos con lim\u00f3n?<\/h3>\n<div class=\"rank-math-answer\">\n\n<p>Los veh\u00edculos Lim\u00f3n pueden ser muy peligrosos, aunque un veh\u00edculo no necesita ser peligroso para ser considerado un Lim\u00f3n bajo la ley de California. En pocas palabras, un Lim\u00f3n es cualquier veh\u00edculo que sigue experimentando uno o m\u00e1s defectos a pesar de un n\u00famero \"razonable\" de los intentos de arreglar el veh\u00edculo. Aunque no todos los defectos hacen que un coche sea peligroso, los que afectan a los siguientes sistemas son extremadamente peligrosos:<br \/>- Sistema de frenado<br \/>- Motor o cadena cinem\u00e1tica<br \/>- Sistema de refrigeraci\u00f3n<br \/>- Sistema de direcci\u00f3n\u00a0<br \/>- Neum\u00e1ticos\u00a0<br \/>- Transmisi\u00f3n\u00a0<br \/>- Acelerador, y<br \/>- Sistema el\u00e9ctrico.<\/p>\n\n<\/div>\n<\/div>\n<div id=\"faq-question-1693340607044\" class=\"rank-math-list-item\">\n<h3 class=\"rank-math-question\">\u00bfPuede presentar una reclamaci\u00f3n basada en defectos est\u00e9ticos?<\/h3>\n<div class=\"rank-math-answer\">\n\n<p>S\u00ed, es posible presentar una demanda de la Ley del Lim\u00f3n de Monterrey basada \u00fanicamente en un defecto cosm\u00e9tico, siempre que el defecto afecte al uso, valor o seguridad del veh\u00edculo. En el caso de un defecto cosm\u00e9tico, los consumidores probablemente tienen el mejor argumento de que el defecto perjudic\u00f3 el valor de su coche. Sin embargo, los defectos menores pueden no alcanzar el nivel de un defecto sustancial, que es un requisito en virtud de la Ley del Lim\u00f3n de California.\u00a0<\/p>\n\n<\/div>\n<\/div>\n<\/div>\n<\/div>\n\n\n<h3 class=\"wp-block-heading\">\u00bfSe est\u00e1 preguntando si su reciente compra de un veh\u00edculo es un lim\u00f3n?<\/h3>\n\n\n\n<p>Si ha comprado recientemente un coche nuevo o de segunda mano que a\u00fan ten\u00eda la garant\u00eda original del fabricante y se siente frustrado por el n\u00famero de veces que ha tenido que llevarlo al taller, puede que se trate de un Lim\u00f3n. Si es as\u00ed, el <a href=\"https:\/\/www.wirtzlaw.com\/es\/equipo\/\">abogados dedicados Monterey Lemon Law en Wirtz Law APC<\/a>estamos aqu\u00ed para ayudarle. En Wirtz Law APC, tenemos un historial estelar de \u00e9xito, recuperando la compensaci\u00f3n en nombre de nuestros clientes en m\u00e1s del 97 por ciento de los casos que manejamos. A lo largo de los a\u00f1os, nuestros esfuerzos han <a href=\"https:\/\/www.wirtzlaw.com\/es\/resultados\/\" data-type=\"link\" data-id=\"https:\/\/www.wirtzlaw.com\/results\/\">result\u00f3 en $76 millones<\/a> volver a los bolsillos de nuestros clientes. Para obtener m\u00e1s informaci\u00f3n, y para programar una consulta gratuita con un abogado de la Ley del Lim\u00f3n de Monterey en Wirtz Law APC, <a href=\"tel:1-858-259-5009\">llame al 858-259-5009<\/a> hoy mismo. Tambi\u00e9n puede ponerse en contacto con nosotros a trav\u00e9s de nuestro <a href=\"https:\/\/www.wirtzlaw.com\/es\/contactar-con\/\" data-type=\"link\" data-id=\"https:\/\/www.wirtzlaw.com\/contact\/\">formulario de contacto seguro en l\u00ednea<\/a>.<\/p>","protected":false},"excerpt":{"rendered":"<p>Abogados experimentados en derechos del consumidor que garantizan que los propietarios de veh\u00edculos reciban el veh\u00edculo seguro y confiable que pensaban que hab\u00edan comprado Comprar un veh\u00edculo nuevo o ligeramente usado deber\u00eda ser una buena experiencia. Sin embargo, para muchos propietarios de veh\u00edculos Monterey que terminan con un lim\u00f3n, la experiencia puede llegar a ser m\u00e1s de una pesadilla de lo que jam\u00e1s podr\u00eda haber...<\/p>","protected":false},"author":12,"featured_media":5404,"parent":2523,"menu_order":0,"comment_status":"closed","ping_status":"closed","template":"","meta":{"_acf_changed":false,"footnotes":""},"class_list":["post-5392","page","type-page","status-publish","has-post-thumbnail","hentry"],"acf":[],"_links":{"self":[{"href":"https:\/\/www.wirtzlaw.com\/es\/wp-json\/wp\/v2\/pages\/5392","targetHints":{"allow":["GET"]}}],"collection":[{"href":"https:\/\/www.wirtzlaw.com\/es\/wp-json\/wp\/v2\/pages"}],"about":[{"href":"https:\/\/www.wirtzlaw.com\/es\/wp-json\/wp\/v2\/types\/page"}],"author":[{"embeddable":true,"href":"https:\/\/www.wirtzlaw.com\/es\/wp-json\/wp\/v2\/users\/12"}],"replies":[{"embeddable":true,"href":"https:\/\/www.wirtzlaw.com\/es\/wp-json\/wp\/v2\/comments?post=5392"}],"version-history":[{"count":16,"href":"https:\/\/www.wirtzlaw.com\/es\/wp-json\/wp\/v2\/pages\/5392\/revisions"}],"predecessor-version":[{"id":7637,"href":"https:\/\/www.wirtzlaw.com\/es\/wp-json\/wp\/v2\/pages\/5392\/revisions\/7637"}],"up":[{"embeddable":true,"href":"https:\/\/www.wirtzlaw.com\/es\/wp-json\/wp\/v2\/pages\/2523"}],"wp:featuredmedia":[{"embeddable":true,"href":"https:\/\/www.wirtzlaw.com\/es\/wp-json\/wp\/v2\/media\/5404"}],"wp:attachment":[{"href":"https:\/\/www.wirtzlaw.com\/es\/wp-json\/wp\/v2\/media?parent=5392"}],"curies":[{"name":"wp","href":"https:\/\/api.w.org\/{rel}","templated":true}]}}