{"id":5136,"date":"2023-04-14T16:05:20","date_gmt":"2023-04-14T20:05:20","guid":{"rendered":"https:\/\/www.wirtzlaw.com\/?page_id=5136"},"modified":"2025-05-13T18:41:28","modified_gmt":"2025-05-13T22:41:28","slug":"abogados-de-la-ley-del-limon-de-san-francisco","status":"publish","type":"page","link":"https:\/\/www.wirtzlaw.com\/es\/practice-areas\/lemon-law-attorneys\/san-francisco-lemon-law-attorneys\/","title":{"rendered":"Ley del Lim\u00f3n de San Francisco"},"content":{"rendered":"<p>La ciudad y el condado de San Francisco es una de las zonas m\u00e1s densamente pobladas de Estados Unidos. La ciudad en s\u00ed alberga a m\u00e1s de 815.000 residentes, pero en sus alrededores viven m\u00e1s de 4,6 millones de personas. En combinaci\u00f3n con la <a href=\"https:\/\/www.wirtzlaw.com\/es\/areas-de-practica\/abogados-de-la-ley-del-limon\/san-jose-abogados-de-la-ley-del-limon\/\" data-type=\"link\" data-id=\"https:\/\/www.wirtzlaw.com\/practice-areas\/lemon-law-attorneys\/san-jose-lemon-law-attorneys\/\">San Jos\u00e9<\/a> y <a href=\"https:\/\/www.wirtzlaw.com\/es\/areas-de-practica\/abogados-de-la-ley-del-limon\/oakland-abogados-de-la-ley-del-limon\/\">Zonas de Oakland<\/a>En esta parte del norte de California viven casi diez millones de personas.&nbsp;<\/p>\n\n\n\n<p>Millones de personas viven y trabajan en la bah\u00eda de San Francisco. Cada d\u00eda, muchas m\u00e1s visitan San Francisco por motivos de estudios, trabajo, aficiones y ocio. Quienes conducen sus propios veh\u00edculos en la zona de la bah\u00eda conf\u00edan en que esos veh\u00edculos les transporten de forma segura.&nbsp;<\/p>\n\n\n\n<p>Cuando los propietarios de veh\u00edculos de California compran o alquilan un veh\u00edculo nuevo o de segunda mano certificado (CPO), esperan que ese veh\u00edculo proporcione un transporte seguro y fiable. Cuando los problemas continuos del veh\u00edculo socavan esa confianza, los propietarios de autom\u00f3viles y sus familias pueden sentirse frustrados, estresados y temerosos.<\/p>\n\n\n\n<p>Si esto le resulta familiar, no est\u00e1 solo. En <a href=\"https:\/\/www.wirtzlaw.com\/es\/\">abogados expertos en la ley del lim\u00f3n de San Francisco en Wirtz Law<\/a> puede ayudarle a comprender sus opciones legales y a tomar medidas para proteger sus derechos.&nbsp;<\/p>\n\n\n\n<h3 class=\"wp-block-heading\">Estad\u00edsticas de Veh\u00edculos Lim\u00f3n en San Francisco<\/h3>\n\n\n\n<p>En 2021, el Departamento de Veh\u00edculos Motorizados de California (DMV) registr\u00f3 m\u00e1s de 472.000 registros de veh\u00edculos nuevos y renovados en San Francisco County. Millones m\u00e1s se registraron en los condados circundantes, donde tambi\u00e9n viven quienes viven, trabajan, van a la escuela y dependen de los recursos de San Francisco. En San Francisco County, casi 400.000 de estas matriculaciones correspondieron a autom\u00f3viles personales como berlinas, camionetas, monovol\u00famenes y todoterrenos.<\/p>\n\n\n\n<p>Una investigaci\u00f3n del Grupo de Investigaci\u00f3n de Inter\u00e9s P\u00fablico de California encontr\u00f3 que el n\u00famero de registros de veh\u00edculos nuevos que terminan en una demanda de lim\u00f3n es bastante bajo. Entre 2018 y 2021, solo el 0,45% de todas las matriculaciones de veh\u00edculos nuevos en California se convirtieron en objeto de un caso judicial relacionado con la ley del lim\u00f3n.&nbsp;<\/p>\n\n\n\n<p>Esto no significa, sin embargo, que la tasa de veh\u00edculos de segunda mano sea igualmente baja. La mayor\u00eda de <a href=\"https:\/\/www.wirtzlaw.com\/es\/areas-de-practica\/abogados-de-la-ley-del-limon\/\">reclamaciones de la ley del lim\u00f3n<\/a> no acuden a los tribunales. M\u00e1s bien, la ley del lim\u00f3n del estado apoya las oportunidades para los fabricantes de autom\u00f3viles y <a href=\"https:\/\/www.wirtzlaw.com\/es\/areas-de-practica\/abogados-de-la-ley-del-limon\/proceso-de-conciliacion-de-la-ley-del-limon-en-california\/\">propietarios de veh\u00edculos para llegar a un acuerdo<\/a> que no requiere una reclamaci\u00f3n judicial.<\/p>\n\n\n\n<h3 class=\"wp-block-heading\">Comprender la Ley del Lim\u00f3n de San Francisco<\/h3>\n\n\n\n<figure class=\"wp-block-embed is-type-video is-provider-vimeo wp-block-embed-vimeo wp-embed-aspect-16-9 wp-has-aspect-ratio\"><div class=\"wp-block-embed__wrapper\">\n<iframe loading=\"lazy\" title=\"Comprender la Ley del Lim\u00f3n de San Francisco\" src=\"https:\/\/player.vimeo.com\/video\/932251809?dnt=1&amp;app_id=122963\" width=\"500\" height=\"281\" frameborder=\"0\" allow=\"autoplay; fullscreen; picture-in-picture; clipboard-write; encrypted-media; web-share\" referrerpolicy=\"strict-origin-when-cross-origin\"><\/iframe>\n<\/div><\/figure>\n\n\n\n<h3 class=\"wp-block-heading\">\u00bfQu\u00e9 hace que un veh\u00edculo pueda acogerse a la Ley del Lim\u00f3n?<\/h3>\n\n\n\n<p>La ley del lim\u00f3n de California est\u00e1 contenida en la <a href=\"https:\/\/leginfo.legislature.ca.gov\/faces\/codes_displayText.xhtml?lawCode=CIV&amp;division=3.&amp;title=1.7.&amp;part=4.&amp;chapter=1.&amp;article=3.\" target=\"_blank\" rel=\"noreferrer noopener\">Ley de garant\u00eda de los consumidores Song-Beverly<\/a>. La Ley no se aplica a todos los veh\u00edculos comprados o alquilados en California. Para acogerse a la Ley del lim\u00f3n, un veh\u00edculo y su propietario deben cumplir ciertas normas m\u00ednimas.<\/p>\n\n\n\n<h4 class=\"wp-block-heading\">El veh\u00edculo debe comprarse al por menor.<\/h4>\n\n\n\n<p>La ley del lim\u00f3n de California s\u00f3lo se aplica a los veh\u00edculos comprados o arrendados \"al por menor\". La mayor\u00eda de los veh\u00edculos comprados al por menor en California se compran o alquilan a trav\u00e9s de un concesionario de autom\u00f3viles. Recientemente, fabricantes de autom\u00f3viles como <a href=\"https:\/\/www.wirtzlaw.com\/es\/areas-de-practica\/abogados-de-la-ley-del-limon\/tesla-lemon-law-abogados\/\">Tesla<\/a> han popularizado la pr\u00e1ctica de comprar un veh\u00edculo directamente al fabricante. Este tipo de compra es tambi\u00e9n una compra al por menor.<\/p>\n\n\n\n<p>No todos los propietarios de veh\u00edculos de California compran sus coches al por menor. Muchos compran coches usados en ventas privadas, como un acuerdo con un vecino o uno encontrado buscando en anuncios de coches usados. <a href=\"https:\/\/www.wirtzlaw.com\/es\/areas-de-practica\/abogados-de-la-ley-del-limon\/abogado-de-la-ley-del-limon-de-san-diego\/se-aplica-la-ley-del-limon-de-california-a-las-ventas-entre-particulares-en-san-diego\/\">Ventas privadas<\/a> no est\u00e1n cubiertos por la ley del lim\u00f3n.&nbsp;<\/p>\n\n\n\n<h4 class=\"wp-block-heading\">El veh\u00edculo debe estar en garant\u00eda.<\/h4>\n\n\n\n<p>La ley del lim\u00f3n s\u00f3lo se aplica cuando los problemas del veh\u00edculo empezaron cuando el veh\u00edculo a\u00fan estaba bajo la garant\u00eda original del fabricante o una garant\u00eda de segunda mano certificada (CPO).&nbsp;<\/p>\n\n\n\n<p>Algunos veh\u00edculos tienen garant\u00edas ampliadas, tambi\u00e9n conocidas como contratos de servicio ampliado. Estas garant\u00edas pueden no ser suficientes para activar la cobertura de la ley del lim\u00f3n. <a href=\"https:\/\/www.wirtzlaw.com\/es\/contactar-con\/\">Hable con un abogado<\/a> si tiene preguntas sobre la garant\u00eda ampliada de su veh\u00edculo.&nbsp;<\/p>\n\n\n\n<h4 class=\"wp-block-heading\">El veh\u00edculo debe adquirirse para uso personal o para determinados usos profesionales.&nbsp;<\/h4>\n\n\n\n<p>Los veh\u00edculos comprados o alquilados para uso personal, familiar o dom\u00e9stico entran dentro de la ley del lim\u00f3n de California. La ley se aplica a muchos tipos de coches, camionetas, veh\u00edculos el\u00e9ctricos, todoterrenos, monovol\u00famenes y veh\u00edculos similares que los residentes de San Francisco o las familias compran o alquilan.&nbsp;<\/p>\n\n\n\n<p><a href=\"https:\/\/www.wirtzlaw.com\/es\/areas-de-practica\/abogados-de-la-ley-del-limon\/abogado-de-la-ley-del-limon-de-san-diego\/se-aplica-la-ley-del-limon-de-california-a-los-vehiculos-de-empresa-en-san-diego\/\">Algunos veh\u00edculos de empresa est\u00e1n cubiertos por la ley del lim\u00f3n<\/a> tambi\u00e9n. Un veh\u00edculo de empresa puede estar cubierto por la ley del lim\u00f3n si el peso en vac\u00edo del veh\u00edculo es inferior a 10.000 libras y la empresa posee cinco o menos veh\u00edculos en total. El veh\u00edculo sospechoso de ser un \"lim\u00f3n\" cuenta para el total de cinco o menos veh\u00edculos. Es posible que las empresas que no cumplan estos requisitos no puedan acogerse a la ley del lim\u00f3n, pero pueden tener otras opciones legales.&nbsp;<\/p>\n\n\n\n<h4 class=\"wp-block-heading\">El veh\u00edculo o el equipo deben estar incluidos en la ley del lim\u00f3n.<\/h4>\n\n\n\n<p>La ley del lim\u00f3n de California cubre los veh\u00edculos comprados para uso personal, familiar o dom\u00e9stico. Tambi\u00e9n cubre ciertas peque\u00f1as empresas con un veh\u00edculo sospechoso de lim\u00f3n.<\/p>\n\n\n\n<p>Adem\u00e1s, la ley del lim\u00f3n de California se aplica a ciertas partes o equipos incluidos en las autocaravanas, como el chasis, el chasis cabina y el tren motriz. Los veh\u00edculos propiedad del concesionario y los veh\u00edculos mantenidos para pruebas de conducci\u00f3n o demostraciones tambi\u00e9n pueden estar cubiertos por la ley del lim\u00f3n.&nbsp;<\/p>\n\n\n\n<h4 class=\"wp-block-heading\">El veh\u00edculo debe haber sufrido un n\u00famero \"razonable\" de intentos de reparaci\u00f3n.<\/h4>\n\n\n\n<p>La ley del lim\u00f3n de California exige a los propietarios de veh\u00edculos que den al fabricante un n\u00famero \"razonable\" de oportunidades para solucionar el problema antes de solicitar una indemnizaci\u00f3n en virtud de la ley del lim\u00f3n. Esto puede ser tan poco como dos intentos de reparaci\u00f3n.  Los propietarios de veh\u00edculos cumplen este requisito llevando su coche a un concesionario para su reparaci\u00f3n.<\/p>\n\n\n\n<p>El n\u00famero de intentos considerados \"razonables\" var\u00eda. Depende de la naturaleza del problema y de las circunstancias. A menudo, un problema m\u00e1s grave significa que el fabricante dispone de menos intentos para solucionarlo. Los intentos \"razonables\" tambi\u00e9n pueden basarse en el tiempo que el fabricante tiene el veh\u00edculo para reparar. Cuanto m\u00e1s tiempo tenga el veh\u00edculo el fabricante para reparaciones, m\u00e1s probable es que el n\u00famero de intentos de reparaci\u00f3n se considere \"razonable\".&nbsp;<\/p>\n\n\n\n<h4 class=\"wp-block-heading\">El problema debe iniciarse en un plazo determinado.<\/h4>\n\n\n\n<p>La Ley de Garant\u00eda del Consumidor Song-Beverly se aplica a los veh\u00edculos que comienzan a experimentar problemas mientras est\u00e1n bajo una garant\u00eda original o CPO.&nbsp;&nbsp;<\/p>\n\n\n\n<p>Si sospecha que no puede cumplir una o varias de estas normas, no pierda la esperanza. Aunque no se aplique la ley del lim\u00f3n, puede disponer de otros recursos legales. <a href=\"https:\/\/www.wirtzlaw.com\/es\/contactar-con\/\">Hable con un abogado experto en la ley del lim\u00f3n de San Francisco<\/a> para saber m\u00e1s.&nbsp;<\/p>\n\n\n\n<h2 class=\"wp-block-heading\">Construir su caso de la Ley del Lim\u00f3n y elegir un abogado con experiencia<\/h2>\n\n\n\n<p>La ley del lim\u00f3n de California permite a los propietarios de veh\u00edculos presentar reclamaciones contra los fabricantes de autom\u00f3viles sin necesidad de contratar a un abogado. Un <a href=\"https:\/\/www.wirtzlaw.com\/es\/equipo\/\">abogado experto en limones<\/a>Sin embargo, puede facilitarle el proceso.&nbsp;<\/p>\n\n\n\n<h4 class=\"wp-block-heading\">Es posible que no tenga que pagar nada de su bolsillo por un abogado.<\/h4>\n\n\n\n<p>La ley del lim\u00f3n de California requiere que los fabricantes de autom\u00f3viles paguen los honorarios del abogado y los costes para un due\u00f1o del veh\u00edculo si el due\u00f1o tiene realmente un veh\u00edculo del lim\u00f3n. Si su abogado gana su reclamo, que se asegurar\u00e1 de que sus honorarios y costos son pagados por el fabricante de autom\u00f3viles como la ley requiere.<\/p>\n\n\n\n<p>Adem\u00e1s, muchos <a href=\"https:\/\/www.wirtzlaw.com\/es\/areas-de-practica\/abogados-de-la-ley-del-limon\/abogado-de-la-ley-del-limon-de-san-diego\/cuanto-cuesta-un-abogado-de-la-ley-del-limon-de-san-diego\/\">Los abogados de la ley del lim\u00f3n de San Francisco trabajan en contingencia<\/a>. En virtud de un acuerdo de contingencia, usted no paga honorarios de abogado si el abogado no recupera ninguna indemnizaci\u00f3n para usted.&nbsp;<\/p>\n\n\n\n<h4 class=\"wp-block-heading\">Un abogado le garantiza una audiencia justa.<\/h4>\n\n\n\n<p>La ley del lim\u00f3n de California permite que las reclamaciones de la ley del lim\u00f3n vayan a arbitraje en lugar de a los tribunales. El arbitraje es un proceso en el que un \u00e1rbitro tercero escucha las pruebas de ambas partes y emite una decisi\u00f3n que ambas partes deben seguir.&nbsp;<\/p>\n\n\n\n<p>Muchos fabricantes de autom\u00f3viles fomentan o incluso intentan exigir el arbitraje. Alegan que el arbitraje es menos costoso y requiere menos tiempo, por lo que es una opci\u00f3n mejor que un juicio.&nbsp;<\/p>\n\n\n\n<p>Aunque el arbitraje suele requerir menos recursos que el juicio, el ahorro suele producirse a costa del propietario del veh\u00edculo. El examen de las estad\u00edsticas de arbitraje demuestra que las decisiones de arbitraje a menudo se inclinan a favor de los fabricantes de autom\u00f3viles, incluso cuando el propietario de un veh\u00edculo tiene una reclamaci\u00f3n v\u00e1lida en virtud de la Ley del lim\u00f3n.&nbsp;<\/p>\n\n\n\n<p>Antes de renunciar a su derecho a un juicio con jurado y a recurrir y optar por el arbitraje, hable con un abogado experimentado antes de tomar cualquier decisi\u00f3n sobre el arbitraje. Su abogado puede explicarle por qu\u00e9 el arbitraje es o no la mejor opci\u00f3n en su situaci\u00f3n concreta. Tanto si su caso va a arbitraje como si no, su abogado puede luchar para proteger sus intereses y asegurarse de que recibe una compensaci\u00f3n justa por sus p\u00e9rdidas.&nbsp;<\/p>\n\n\n\n<h4 class=\"wp-block-heading\">Un abogado puede luchar por un acuerdo que cubra todas sus p\u00e9rdidas.&nbsp;<\/h4>\n\n\n\n<p>Muchos residentes de San Francisco saben que la ley del lim\u00f3n de California permite a los propietarios de veh\u00edculos recibir un veh\u00edculo de sustituci\u00f3n o un reembolso en efectivo. Sin embargo, son menos los que conocen las otras formas de compensaci\u00f3n que ofrece la ley del lim\u00f3n.<\/p>\n\n\n\n<p>La ley del lim\u00f3n de California exige que los fabricantes de autom\u00f3viles paguen los honorarios de los abogados como parte de la indemnizaci\u00f3n al propietario de un veh\u00edculo. La ley tambi\u00e9n requiere que los fabricantes de autom\u00f3viles para pagar cualquier \"da\u00f1os incidentales y consecuentes\" o p\u00e9rdidas que no habr\u00eda sufrido si su veh\u00edculo no hab\u00eda sido un lim\u00f3n.<\/p>\n\n\n\n<p>Para muchos propietarios de veh\u00edculos, estos da\u00f1os incidentales y consecuentes se acumulan. Los gastos de gr\u00faa pueden ascender a miles de d\u00f3lares si su veh\u00edculo se aver\u00eda repetidamente. Los costes de viajes compartidos, billetes de autob\u00fas y otras formas de transporte que no necesitar\u00eda si tuviera un veh\u00edculo que funcionara tambi\u00e9n pueden acumularse. Su abogado puede asegurarse de que los fabricantes de autom\u00f3viles le compensen por estas p\u00e9rdidas.&nbsp;<\/p>\n\n\n\n<p>La ley del lim\u00f3n de California tambi\u00e9n prev\u00e9 la recuperaci\u00f3n de las sanciones civiles por el incumplimiento intencionado de la ley por parte del fabricante de autom\u00f3viles. Esto puede ser tanto como dos veces la cantidad de sus otros da\u00f1os.<\/p>\n\n\n\n<p>Un veh\u00edculo defectuoso representa un obst\u00e1culo y una carga para muchos propietarios de veh\u00edculos. Usted confi\u00f3 en que un veh\u00edculo reci\u00e9n comprado o alquilado le proporcionar\u00eda la seguridad y fiabilidad que necesitaba, y ese veh\u00edculo y ese fabricante de autom\u00f3viles le defraudaron.&nbsp;<\/p>\n\n\n\n<p>Si se trata de un presunto lim\u00f3n, hable con el <a href=\"https:\/\/www.wirtzlaw.com\/es\/\">abogados expertos en la ley del lim\u00f3n de San Francisco en Wirtz Law APC<\/a> hoy. Le ayudaremos a entender sus opciones legales para que pueda tomar una decisi\u00f3n informada sobre sus pr\u00f3ximos pasos. <a href=\"https:\/\/www.wirtzlaw.com\/es\/contactar-con\/\">P\u00f3ngase en contacto con nosotros hoy mismo para concertar una consulta gratuita y confidencial<\/a>.<\/p>","protected":false},"excerpt":{"rendered":"<p>La ciudad y el condado de San Francisco es una de las zonas m\u00e1s densamente pobladas de Estados Unidos. La ciudad en s\u00ed alberga a m\u00e1s de 815.000 residentes, pero en sus alrededores viven m\u00e1s de 4,6 millones de personas. Combinada con las zonas de San Jos\u00e9 y Oakland, esta parte del norte de California alberga a casi...<\/p>","protected":false},"author":12,"featured_media":5141,"parent":2523,"menu_order":0,"comment_status":"closed","ping_status":"closed","template":"","meta":{"_acf_changed":false,"footnotes":""},"class_list":["post-5136","page","type-page","status-publish","has-post-thumbnail","hentry"],"acf":[],"_links":{"self":[{"href":"https:\/\/www.wirtzlaw.com\/es\/wp-json\/wp\/v2\/pages\/5136","targetHints":{"allow":["GET"]}}],"collection":[{"href":"https:\/\/www.wirtzlaw.com\/es\/wp-json\/wp\/v2\/pages"}],"about":[{"href":"https:\/\/www.wirtzlaw.com\/es\/wp-json\/wp\/v2\/types\/page"}],"author":[{"embeddable":true,"href":"https:\/\/www.wirtzlaw.com\/es\/wp-json\/wp\/v2\/users\/12"}],"replies":[{"embeddable":true,"href":"https:\/\/www.wirtzlaw.com\/es\/wp-json\/wp\/v2\/comments?post=5136"}],"version-history":[{"count":11,"href":"https:\/\/www.wirtzlaw.com\/es\/wp-json\/wp\/v2\/pages\/5136\/revisions"}],"predecessor-version":[{"id":7488,"href":"https:\/\/www.wirtzlaw.com\/es\/wp-json\/wp\/v2\/pages\/5136\/revisions\/7488"}],"up":[{"embeddable":true,"href":"https:\/\/www.wirtzlaw.com\/es\/wp-json\/wp\/v2\/pages\/2523"}],"wp:featuredmedia":[{"embeddable":true,"href":"https:\/\/www.wirtzlaw.com\/es\/wp-json\/wp\/v2\/media\/5141"}],"wp:attachment":[{"href":"https:\/\/www.wirtzlaw.com\/es\/wp-json\/wp\/v2\/media?parent=5136"}],"curies":[{"name":"wp","href":"https:\/\/api.w.org\/{rel}","templated":true}]}}