{"id":5054,"date":"2023-04-11T14:57:17","date_gmt":"2023-04-11T18:57:17","guid":{"rendered":"https:\/\/www.wirtzlaw.com\/?page_id=5054"},"modified":"2024-11-04T14:41:54","modified_gmt":"2024-11-04T19:41:54","slug":"tesla-opt-out-abogados","status":"publish","type":"page","link":"https:\/\/www.wirtzlaw.com\/es\/practice-areas\/lemon-law-attorneys\/tesla-lemon-law-attorneys\/tesla-opt-out-attorneys\/","title":{"rendered":"Abogados Tesla Opt-Out"},"content":{"rendered":"<p>Una forma en que Tesla se ha diferenciado de otros fabricantes de autom\u00f3viles es vender sus veh\u00edculos directamente a los clientes en lugar de a trav\u00e9s de concesionarios. Como parte de este proceso, Tesla exige a los compradores que firmen un documento en el que se detallan las responsabilidades tanto del comprador como de Tesla, el vendedor. Una cl\u00e1usula de estos documentos obliga a los propietarios de Tesla a someter sus reclamaciones a arbitraje en lugar de acudir a los tribunales.<\/p>\n\n\n\n<p>Entre 2018 y 2021, Tesla fue nombrada en una demanda de la ley del lim\u00f3n de California por cada 1.553 veh\u00edculos que vendi\u00f3 en el estado, una tasa mucho m\u00e1s baja que la media de los fabricantes de autom\u00f3viles. Las reclamaciones llevadas a arbitraje, sin embargo, no se cuentan en este total. Los propietarios de veh\u00edculos que <a href=\"https:\/\/www.wirtzlaw.com\/es\/areas-de-practica\/abogados-de-la-ley-del-limon\/tesla-lemon-law-abogados\/\">Litigio sobre la ley del lim\u00f3n de Tesla<\/a> pueden estar en desventaja frente a quienes pueden presentar sus demandas ante los tribunales.&nbsp;<\/p>\n\n\n\n<p>Tesla concede a los propietarios de veh\u00edculos un plazo limitado para renunciar al arbitraje. Esto es lo que los propietarios de Tesla deben saber.&nbsp;<\/p>\n\n\n\n<h3 class=\"wp-block-heading\">C\u00f3mo excluirse del arbitraje al comprar un Tesla<\/h3>\n\n\n\n<p>El contrato de compraventa de Tesla contiene instrucciones sobre c\u00f3mo renunciar al arbitraje. Esta parte del acuerdo de compra dice:<\/p>\n\n\n\n<blockquote class=\"wp-block-quote is-layout-flow wp-block-quote-is-layout-flow\">\n<p>Usted puede optar por el arbitraje dentro de los 30 d\u00edas siguientes a la firma de este Acuerdo, enviando una carta a: Tesla, Inc.; P.O. Box 15430; Fremont, CA 94539-7970, indicando su nombre, el n\u00famero de identificaci\u00f3n del veh\u00edculo y su intenci\u00f3n de excluirse de la disposici\u00f3n de arbitraje. Si no opta por la exclusi\u00f3n, este acuerdo de arbitraje anula cualquier otro acuerdo de arbitraje entre nosotros, incluido cualquier acuerdo de arbitraje en un contrato de arrendamiento o financiaci\u00f3n.<\/p>\n<\/blockquote>\n\n\n\n<p>A primera vista, el proceso parece sencillo: Env\u00ede una carta a Tesla a la direcci\u00f3n indicada, indicando su nombre, n\u00famero de identificaci\u00f3n del veh\u00edculo (VIN) y su intenci\u00f3n de no participar en el arbitraje, y env\u00ede esta carta en un plazo de 30 d\u00edas desde la firma del contrato de compraventa.&nbsp;<\/p>\n\n\n\n<p>Sin embargo, varios propietarios de Tesla han descubierto que el proceso no es tan sencillo como parece a primera vista. Por ejemplo, muchos clientes de Tesla piden su Tesla por Internet. Firman el contrato de compraventa cuando hacen el pedido, pero el Tesla que han comprado no se entrega hasta m\u00e1s tarde. Es posible que el propietario del Tesla no tenga acceso al n\u00famero de bastidor de su Tesla cuando firma el contrato de compraventa. El propietario no puede completar la carta de exclusi\u00f3n sin el n\u00famero de bastidor, pero el reloj de 30 d\u00edas sigue corriendo.&nbsp;<\/p>\n\n\n\n<p>En algunos casos, los compradores de Tesla ni siquiera se dan cuenta de que tienen la posibilidad de excluirse. Pueden pasar por alto esta cl\u00e1usula, que est\u00e1 enterrada en el contrato de compraventa.&nbsp;<\/p>\n\n\n\n<p>Adem\u00e1s, la cl\u00e1usula de arbitraje intenta limitar el derecho de los propietarios de Tesla a presentar reclamaciones en virtud de la ley del lim\u00f3n al afirmar que \"si no se resuelve en un plazo de 60 d\u00edas, usted acepta que cualquier disputa... no ser\u00e1 decidida por un juez o un jurado, sino por un \u00fanico \u00e1rbitro\".&nbsp;<\/p>\n\n\n\n<h3 class=\"wp-block-heading\">Por qu\u00e9 los propietarios de Tesla deber\u00edan plantearse renunciar al arbitraje<\/h3>\n\n\n\n<p>A pesar de su aparentemente bajo \u00edndice de <a href=\"https:\/\/www.wirtzlaw.com\/es\/areas-de-practica\/abogados-de-la-ley-del-limon\/\">demandas sobre limones en California<\/a>Tesla se ha enfrentado a informes de varios defectos mec\u00e1nicos importantes con varios veh\u00edculos Tesla. Entre ellos se incluyen problemas con el <a href=\"https:\/\/www.wirtzlaw.com\/es\/le-pone-en-peligro-su-piloto-automatico-teslas\/\">piloto autom\u00e1tico de los veh\u00edculos<\/a> y autoparking, airbags, sistemas el\u00e9ctricos y problemas de ajuste y acabado.\u00a0<\/p>\n\n\n\n<p>Tradicionalmente, los propietarios de veh\u00edculos que se enfrentan a problemas de este tipo presentan una reclamaci\u00f3n de la ley del lim\u00f3n o <a href=\"https:\/\/www.wirtzlaw.com\/es\/equipo\/\">trabaje con un abogado experto en la ley del lim\u00f3n<\/a> para llegar a un acuerdo con el fabricante. Sin embargo, la cl\u00e1usula de arbitraje de Tesla obliga al propietario de un veh\u00edculo a someter su reclamaci\u00f3n a arbitraje.<\/p>\n\n\n\n<h3 class=\"wp-block-heading\">\u00bfQu\u00e9 es el arbitraje?<\/h3>\n\n\n\n<p>En el arbitraje, una reclamaci\u00f3n es o\u00edda por un \u00fanico tercero, llamado \"\u00e1rbitro\". Los \u00e1rbitros suelen tener cierta experiencia en el tema del que conocen. Por ejemplo, un \u00e1rbitro en una reclamaci\u00f3n de la ley del lim\u00f3n puede tener experiencia en la fabricaci\u00f3n de autom\u00f3viles o en derecho del consumidor. Los \u00e1rbitros tambi\u00e9n reciben formaci\u00f3n sobre t\u00e9cnicas y normas de arbitraje.<\/p>\n\n\n\n<p>La decisi\u00f3n de un \u00e1rbitro suele ser vinculante para ambas partes. En la mayor\u00eda de los casos, la decisi\u00f3n no puede recurrirse. Si el \u00e1rbitro no decide a su favor, no tiene m\u00e1s opciones.<\/p>\n\n\n\n<p>Los partidarios del arbitraje alegan que \u00e9ste permite resolver los litigios m\u00e1s r\u00e1pidamente y con menos gastos que los juicios. Sin embargo, esta eficacia puede tener un coste elevado para los propietarios de veh\u00edculos.<\/p>\n\n\n\n<h3 class=\"wp-block-heading\">Cuando el arbitraje es la opci\u00f3n equivocada para su demanda de la Ley del Lim\u00f3n CA<\/h3>\n\n\n\n<figure class=\"wp-block-embed is-type-video is-provider-vimeo wp-block-embed-vimeo wp-embed-aspect-16-9 wp-has-aspect-ratio\"><div class=\"wp-block-embed__wrapper\">\n<iframe loading=\"lazy\" title=\"Entender la Ley del Lim\u00f3n de Tesla\" src=\"https:\/\/player.vimeo.com\/video\/990789255?dnt=1&amp;app_id=122963\" width=\"500\" height=\"281\" frameborder=\"0\" allow=\"autoplay; fullscreen; picture-in-picture; clipboard-write; encrypted-media; web-share\" referrerpolicy=\"strict-origin-when-cross-origin\"><\/iframe>\n<\/div><\/figure>\n\n\n\n<p>El arbitraje puede poner al propietario de un veh\u00edculo en desventaja en una reclamaci\u00f3n de la ley del lim\u00f3n. Las razones por las que el arbitraje puede ser una mala opci\u00f3n para su reclamaci\u00f3n incluyen las siguientes:<\/p>\n\n\n\n<ul class=\"wp-block-list\">\n<li><strong>Los \u00e1rbitros no siempre son neutrales. <\/strong>Dado que los \u00e1rbitros suelen tener experiencia en el tipo de caso del que conocen, pueden estar predispuestos hacia una u otra parte. Por ejemplo, un \u00e1rbitro que haya trabajado en los departamentos jur\u00eddicos de las empresas automovil\u00edsticas puede estar menos familiarizado con su parte de la demanda que con la de los fabricantes, lo que puede influir en el \u00e1rbitro para que considere que su parte tiene menos m\u00e9rito.&nbsp;<\/li>\n\n\n\n<li><strong>Es posible que no pueda presentar una reclamaci\u00f3n aunque descubra cuestiones peligrosas, ilegales o que pongan en peligro su vida. <\/strong>Por ejemplo, es posible que no puedas presentar una reclamaci\u00f3n legal aunque tu Tesla tenga un defecto mortal o te des cuenta de que el fabricante ha hecho algo ilegal, como dedicarse a la publicidad enga\u00f1osa. Su \u00fanica opci\u00f3n puede ser acudir a un arbitraje, en el que el \u00e1rbitro puede estar mal preparado para tratar cuestiones legales o de seguridad de mayor envergadura.&nbsp;<\/li>\n\n\n\n<li><strong>Los acuerdos de arbitraje suelen ser privados. <\/strong>La privacidad puede parecer una ventaja en algunos casos. Sin embargo, cuando su caso implica un defecto peligroso en un veh\u00edculo o un caso de comportamiento ilegal o poco \u00e9tico, la privacidad puede poner en peligro a otros. La naturaleza p\u00fablica de los expedientes judiciales significa que el p\u00fablico puede conocer m\u00e1s f\u00e1cilmente los problemas de los veh\u00edculos Tesla o las pol\u00edticas de la empresa antes de realizar una compra. Poder llevar su caso ante los tribunales le da la opci\u00f3n de ayudar a otros mientras busca ayuda para su propio caso.<\/li>\n\n\n\n<li><strong>Si no lo hace, renuncia a su derecho constitucional a un juicio con jurado. <\/strong>La mayor\u00eda de las reclamaciones de la ley del lim\u00f3n nunca llegan a un jurado. Sin embargo, tener derecho a llevar su reclamaci\u00f3n ante un jurado le da un poder de negociaci\u00f3n adicional durante las negociaciones para llegar a un acuerdo. El derecho a un juicio tambi\u00e9n le da acceso a otros derechos y procedimientos, como el proceso de descubrimiento legal, que le proporciona m\u00e1s informaci\u00f3n sobre lo que est\u00e1 pasando en su caso. No tiene por qu\u00e9 renunciar a su derecho a juicio simplemente porque quiera comprar un Tesla.<\/li>\n\n\n\n<li><strong>Es posible que reciba menos del arbitraje de lo que tiene derecho a recibir en virtud de la ley del lim\u00f3n de California. <\/strong>Los laudos arbitrales suelen ser inferiores a <a href=\"https:\/\/www.wirtzlaw.com\/es\/areas-de-practica\/abogados-de-la-ley-del-limon\/proceso-de-conciliacion-de-la-ley-del-limon-en-california\/\">acuerdos sobre reclamaciones de la ley del lim\u00f3n<\/a> o veredictos del jurado. Aunque la ley del lim\u00f3n de California le da derecho a ciertas formas de compensaci\u00f3n, es posible que no reciba todo lo que se le debe en un acuerdo de arbitraje. Por ejemplo, la ley del lim\u00f3n de California requiere un fabricante de autom\u00f3viles para pagar los honorarios de su abogado si usted gana su reclamo - pero usted no puede recibir un laudo arbitral que incluye el costo total de la ayuda de su abogado.&nbsp;<\/li>\n<\/ul>\n\n\n\n<p>Lo m\u00e1s importante es que la exclusi\u00f3n voluntaria de la cl\u00e1usula de arbitraje de Tesla no le impide presentar una reclamaci\u00f3n posterior a arbitraje si as\u00ed lo desea. M\u00e1s bien, la exclusi\u00f3n voluntaria de la cl\u00e1usula de arbitraje de Tesla simplemente preserva su derecho a elegir entre el arbitraje o una demanda judicial. Usted mantiene la opci\u00f3n de decidir c\u00f3mo proceder en lugar de dejar que Tesla elija por usted.&nbsp;<\/p>\n\n\n\n<h3 class=\"wp-block-heading\">\u00bfQu\u00e9 pasa si se me pasa el plazo para optar por el arbitraje?&nbsp;<\/h3>\n\n\n\n<p>Si se te ha pasado el plazo para optar por la cl\u00e1usula de arbitraje de Tesla, no te has quedado totalmente sin opciones. Sin embargo, para llegar a un resultado justo en su caso, necesitar\u00e1 la ayuda de un abogado. <a href=\"https:\/\/www.wirtzlaw.com\/es\/areas-de-practica\/abogados-de-la-ley-del-limon\/\">abogado con experiencia en la ley del lim\u00f3n de California<\/a>.<\/p>\n\n\n\n<p>Puede elegir a un abogado para que le represente en el arbitraje. Muchos abogados tienen experiencia con las normas y procesos de arbitraje y han representado a clientes en arbitrajes anteriores.&nbsp;<\/p>\n\n\n\n<p>Incluso si ya tiene experiencia con el arbitraje, contar con un abogado experimentado de su lado puede ayudarle a anticipar y abordar cuestiones que podr\u00edan afectar a su caso. Su abogado tambi\u00e9n puede luchar para proteger sus derechos durante el arbitraje, por ejemplo, preservando su derecho a recurrir o luchando por un resultado que le compense plenamente por los da\u00f1os sufridos.&nbsp;<\/p>\n\n\n\n<p>Por \u00faltimo, su abogado se mantendr\u00e1 informado sobre los intentos estatales y federales de poner fin al arbitraje forzoso, como la ley federal <a href=\"https:\/\/www.congress.gov\/bill\/117th-congress\/house-bill\/963\" target=\"_blank\" rel=\"noreferrer noopener\">Ley de Reforma de la Injusticia del Arbitraje Forzoso (FAIR)<\/a>. Si se aprueban, estas leyes afectar\u00e1n a los derechos de las personas que firmaron acuerdos con cl\u00e1usulas de arbitraje forzoso, como el acuerdo de compra de Tesla. Su abogado sabr\u00e1 si alguno de estos proyectos de ley se ha convertido en ley, cu\u00e1ndo entran en vigor y c\u00f3mo afectan a sus opciones.&nbsp;<\/p>\n\n\n\n<h2 class=\"wp-block-heading\">Hable hoy mismo con un abogado californiano experto en la Ley del Lim\u00f3n de Tesla Opt-Out<\/h2>\n\n\n\n<p>Navegar por las leyes del lim\u00f3n de California puede ser complicado, especialmente cuando te enfrentas a la letra peque\u00f1a de los contratos con fabricantes de autom\u00f3viles como Tesla. Aunque California te da derecho a presentar una demanda ante los tribunales <a href=\"https:\/\/www.wirtzlaw.com\/es\/areas-de-practica\/abogados-de-la-ley-del-limon\/tesla-lemon-law-abogados\/es-mi-tesla-un-limon-bajo-la-ley-de-california\/\">si compra un veh\u00edculo defectuoso<\/a>Sin embargo, cl\u00e1usulas de arbitraje como la del contrato de compraventa de Tesla pueden socavar ese derecho. Y aunque Tesla ofrece la posibilidad de excluirse, muchos propietarios de veh\u00edculos pierden la oportunidad de hacerlo a menudo sin propon\u00e9rselo.<\/p>\n\n\n\n<p>Si <a href=\"https:\/\/www.wirtzlaw.com\/es\/areas-de-practica\/abogados-de-la-ley-del-limon\/tesla-lemon-law-abogados\/\">su Tesla est\u00e1 resultando ser un lim\u00f3n<\/a>No te agobies abordando el problema t\u00fa solo. En su lugar, hable con el <a href=\"https:\/\/www.wirtzlaw.com\/es\/\">experimentados abogados de lim\u00f3n de California en Wirtz Law<\/a>. Le ayudaremos a comprender y proteger sus derechos legales. Para saber m\u00e1s, <a href=\"https:\/\/www.wirtzlaw.com\/es\/contactar-con\/\">contacte con nosotros hoy mismo<\/a> para programar su consulta gratuita y confidencial.<\/p>","protected":false},"excerpt":{"rendered":"<p>Una de las formas en que Tesla se ha diferenciado de otros fabricantes de autom\u00f3viles es vendiendo sus veh\u00edculos directamente a los clientes en lugar de a trav\u00e9s de concesionarios. Como parte de este proceso, Tesla exige a los compradores que firmen un documento en el que se detallan las responsabilidades tanto del comprador como de Tesla, el vendedor. Una cl\u00e1usula de este documento exige a los propietarios de Tesla...<\/p>","protected":false},"author":12,"featured_media":5061,"parent":2549,"menu_order":0,"comment_status":"closed","ping_status":"closed","template":"","meta":{"_acf_changed":false,"footnotes":""},"class_list":["post-5054","page","type-page","status-publish","has-post-thumbnail","hentry"],"acf":[],"_links":{"self":[{"href":"https:\/\/www.wirtzlaw.com\/es\/wp-json\/wp\/v2\/pages\/5054","targetHints":{"allow":["GET"]}}],"collection":[{"href":"https:\/\/www.wirtzlaw.com\/es\/wp-json\/wp\/v2\/pages"}],"about":[{"href":"https:\/\/www.wirtzlaw.com\/es\/wp-json\/wp\/v2\/types\/page"}],"author":[{"embeddable":true,"href":"https:\/\/www.wirtzlaw.com\/es\/wp-json\/wp\/v2\/users\/12"}],"replies":[{"embeddable":true,"href":"https:\/\/www.wirtzlaw.com\/es\/wp-json\/wp\/v2\/comments?post=5054"}],"version-history":[{"count":20,"href":"https:\/\/www.wirtzlaw.com\/es\/wp-json\/wp\/v2\/pages\/5054\/revisions"}],"predecessor-version":[{"id":7371,"href":"https:\/\/www.wirtzlaw.com\/es\/wp-json\/wp\/v2\/pages\/5054\/revisions\/7371"}],"up":[{"embeddable":true,"href":"https:\/\/www.wirtzlaw.com\/es\/wp-json\/wp\/v2\/pages\/2549"}],"wp:featuredmedia":[{"embeddable":true,"href":"https:\/\/www.wirtzlaw.com\/es\/wp-json\/wp\/v2\/media\/5061"}],"wp:attachment":[{"href":"https:\/\/www.wirtzlaw.com\/es\/wp-json\/wp\/v2\/media?parent=5054"}],"curies":[{"name":"wp","href":"https:\/\/api.w.org\/{rel}","templated":true}]}}