{"id":4912,"date":"2023-03-16T18:13:57","date_gmt":"2023-03-16T22:13:57","guid":{"rendered":"https:\/\/www.wirtzlaw.com\/?page_id=4912"},"modified":"2025-05-13T19:29:12","modified_gmt":"2025-05-13T23:29:12","slug":"pasadena-abogados-de-la-ley-de-limon","status":"publish","type":"page","link":"https:\/\/www.wirtzlaw.com\/es\/practice-areas\/lemon-law-attorneys\/pasadena-lemon-law-attorneys\/","title":{"rendered":"Ley del Lim\u00f3n de Pasadena"},"content":{"rendered":"<p>Situado a s\u00f3lo once millas de <a href=\"https:\/\/www.wirtzlaw.com\/es\/areas-de-practica\/abogados-de-la-ley-del-limon\/los-angeles-lemon-law-abogados\/\">centro de la ciudad Los Angeles<\/a>Pasadena, California, es la ciudad m\u00e1s poblada del Valle de San Gabriel y un importante centro cultural. Pasadena es la 44\u00aa ciudad m\u00e1s grande de California y la novena en Los Angeles County - pero su ubicaci\u00f3n la convierte en un importante centro de negocios, un refugio para sus residentes y una fuente popular de entretenimiento, cultura y arte.<\/p>\n\n\n\n<p>Los 140.000 habitantes de Pasadena dependen en gran medida de sus veh\u00edculos para desplazarse dentro y fuera de su ciudad. Cada d\u00eda, miles de personas se desplazan a Pasadena por motivos de trabajo, estudios y ocio. Los veh\u00edculos tambi\u00e9n atraviesan la zona de Pasadena como parte de un viaje al trabajo, para entregar mercanc\u00edas, y por otras razones - incluyendo el torneo anual Rose Bowl y su contraparte nacionalmente visto, el Torneo de las Rosas Parade.<\/p>\n\n\n\n<p>Cada uno de estos conductores comparte un inter\u00e9s com\u00fan: Quieren y necesitan que sus veh\u00edculos sean seguros y fiables. Si ha comprado un coche que tiene problemas persistentes, hable con un <a href=\"https:\/\/www.wirtzlaw.com\/es\/areas-de-practica\/abogados-de-la-ley-del-limon\/\">Pasadena experimentado lim\u00f3n abogado<\/a>. Puede tener derechos legales que le protejan.&nbsp;<\/p>\n\n\n\n<h3 class=\"wp-block-heading\">Pasadena Ley del Lim\u00f3n Estad\u00edsticas<\/h3>\n\n\n\n<p>Los Angeles County lidera el estado de California en n\u00famero de veh\u00edculos matriculados, seg\u00fan el Departamento de Veh\u00edculos Motorizados de California (DMV). En 2021, Los Angeles County registr\u00f3 m\u00e1s de 7,9 millones de matriculaciones totales de veh\u00edculos, incluidas las matriculaciones de casi 6,4 millones de veh\u00edculos de pasajeros. Las matriculaciones de camiones grandes, remolques y motocicletas completaron la lista.&nbsp;<\/p>\n\n\n\n<p>Estas cifras incluyen tanto los veh\u00edculos personales como los de empresa. Tambi\u00e9n incluyen tanto las matriculaciones nuevas como las renovadas.&nbsp;<\/p>\n\n\n\n<p>Entre 2018 y 2021, se registraron alrededor de 7,6 millones de nuevas matriculaciones de veh\u00edculos en el estado de California, seg\u00fan el Grupo de Investigaci\u00f3n de Inter\u00e9s P\u00fablico de California (CALPIRG). Alrededor de 34.397 de estas nuevas matriculaciones aparecieron m\u00e1s tarde en demandas de la ley del lim\u00f3n presentadas en los tribunales del estado.&nbsp;<\/p>\n\n\n\n<p>Muchas reclamaciones de la ley del lim\u00f3n nunca llegan a los tribunales. En su lugar, se resuelven entre el propietario del veh\u00edculo y el fabricante. La ayuda de un <a href=\"https:\/\/www.wirtzlaw.com\/es\/areas-de-practica\/abogados-de-la-ley-del-limon\/\">abogado con experiencia en la ley del lim\u00f3n de California<\/a> puede aumentar las posibilidades de que el propietario de un veh\u00edculo reciba toda la indemnizaci\u00f3n que le corresponde en virtud de la ley del lim\u00f3n de California.&nbsp;<\/p>\n\n\n\n<h3 class=\"wp-block-heading\">\u00bfEst\u00e1 mi veh\u00edculo cubierto por la Ley del Lim\u00f3n de California?<\/h3>\n\n\n\n<p>La ley del lim\u00f3n de California no cubre todos los veh\u00edculos. Para estar cubierto por la ley del lim\u00f3n del estado:<\/p>\n\n\n\n<ul class=\"wp-block-list\">\n<li><strong>Su veh\u00edculo debe comprarse al por menor. <\/strong>Las ventas privadas no pueden acogerse a la protecci\u00f3n de la ley del lim\u00f3n. Las compras realizadas en un concesionario o directamente al fabricante s\u00ed suelen estar amparadas por la ley del lim\u00f3n.<\/li>\n\n\n\n<li><strong>Los problemas deben surgir durante una garant\u00eda original del fabricante o una garant\u00eda de segunda mano certificada (CPO). <\/strong>Para estar cubierto por la ley del lim\u00f3n, los defectos de su veh\u00edculo deben surgir durante una garant\u00eda vigente del fabricante o CPO. Una garant\u00eda extendida, tambi\u00e9n conocida como un contrato de servicio extendido, no es suficiente para activar la ley del lim\u00f3n.&nbsp;<\/li>\n\n\n\n<li><strong>El problema debe estar relacionado con el uso ordinario del veh\u00edculo. <\/strong>Si el problema surge durante el uso normal o previsto del veh\u00edculo, es probable que est\u00e9 cubierto por la ley del lim\u00f3n. Sin embargo, los problemas causados por un uso no razonable o no autorizado no est\u00e1n cubiertos.<\/li>\n\n\n\n<li><strong>Su veh\u00edculo debe utilizarse principalmente para tareas familiares, dom\u00e9sticas o personales, o debe entrar dentro de la excepci\u00f3n comercial del estado para veh\u00edculos lim\u00f3n. <\/strong>La ley del lim\u00f3n de California se aplica a los veh\u00edculos personales. Tambi\u00e9n se aplica a los veh\u00edculos de empresa, pero s\u00f3lo en determinadas circunstancias.<\/li>\n<\/ul>\n\n\n\n<p>A <a href=\"https:\/\/www.wirtzlaw.com\/es\/areas-de-practica\/abogados-de-la-ley-del-limon\/los-angeles-lemon-law-abogados\/se-aplica-la-ley-del-limon-de-california-a-los-vehiculos-de-empresa-en-la\/\">los veh\u00edculos de la empresa pueden estar cubiertos por la ley del lim\u00f3n de California<\/a> si la empresa tiene cinco o menos veh\u00edculos en total, incluido el veh\u00edculo sospechoso. Adem\u00e1s, el veh\u00edculo sospechoso debe tener un peso bruto inferior a 10.000 libras. El peso bruto del veh\u00edculo es el peso del veh\u00edculo cuando est\u00e1 vac\u00edo. Tambi\u00e9n se conoce como el \"peso en vac\u00edo\". A menudo es inferior a la calificaci\u00f3n de peso bruto del veh\u00edculo (GVWR), que mide el peso total que el bastidor puede soportar cuando el veh\u00edculo est\u00e1 completamente cargado.<\/p>\n\n\n\n<p>Si su veh\u00edculo no cumple estos criterios, es posible que no se aplique la ley del lim\u00f3n de California. Sin embargo, otros recursos legales todav\u00eda pueden estar disponibles. Un abogado de lim\u00f3n con experiencia puede ayudarle a determinar qu\u00e9 opciones legales est\u00e1n disponibles para usted o su negocio.&nbsp;<\/p>\n\n\n\n<h3 class=\"wp-block-heading\">C\u00f3mo determinar si un veh\u00edculo est\u00e1 cubierto por la Ley del Lim\u00f3n de California<\/h3>\n\n\n\n<p>Antes de tener derecho a la recompra o sustituci\u00f3n, debe permitir al fabricante de autom\u00f3viles un n\u00famero razonable de intentos para reparar su veh\u00edculo y que no presente defectos.  Pero, \u00bfcu\u00e1ntos intentos son \"razonables\"? En California, los tribunales han sostenido que basta con dos intentos.  Si usted ha presentado su veh\u00edculo al menos dos veces por defectos que perjudican sustancialmente el uso, valor o seguridad de su veh\u00edculo, usted puede tener un lim\u00f3n.<\/p>\n\n\n\n<p>Un abogado con experiencia en la ley del lim\u00f3n de Pasadena puede ayudarle a preparar una reclamaci\u00f3n y presentar pruebas de que la ley se aplica a su veh\u00edculo el\u00e9ctrico, todoterreno, h\u00edbrido, coche o camioneta alquilados o comprados.<\/p>\n\n\n\n<h3 class=\"wp-block-heading\">Indemnizaci\u00f3n en las reclamaciones de la Ley del Lim\u00f3n de California<\/h3>\n\n\n\n<p>Muchos residentes de California est\u00e1n familiarizados con el requisito de \"reembolso o sustituci\u00f3n\" de la ley del lim\u00f3n de California. Este requisito establece que si el propietario de un veh\u00edculo tiene un veh\u00edculo de lim\u00f3n, el fabricante de autom\u00f3viles debe compensar al propietario del veh\u00edculo, ya sea proporcionando un veh\u00edculo de reemplazo \"sustancialmente similar\" o un reembolso del precio de compra - lo que el propietario del veh\u00edculo elija.<\/p>\n\n\n\n<p>A menudo, el reembolso o la sustituci\u00f3n es la parte m\u00e1s destacada del acuerdo o veredicto de una reclamaci\u00f3n de la ley del lim\u00f3n. Despu\u00e9s de todo, conseguir un veh\u00edculo en el que pueda confiar es a menudo el objetivo principal de una reclamaci\u00f3n de la ley del lim\u00f3n. Sin embargo, un reembolso o sustituci\u00f3n no es la \u00fanica forma de compensaci\u00f3n disponible en un caso de la ley del lim\u00f3n de California.<\/p>\n\n\n\n<p>La ley del lim\u00f3n de California tambi\u00e9n permite a los propietarios de veh\u00edculos recuperar \"da\u00f1os incidentales y consecuentes\" de los fabricantes de autom\u00f3viles responsables de la venta de un lim\u00f3n. Estos da\u00f1os le compensan por p\u00e9rdidas que no tendr\u00eda si tuviera un veh\u00edculo fiable. Por ejemplo, si usted ha acumulado miles en gastos de remolque debido a repetidas aver\u00edas del veh\u00edculo, puede presentar pruebas de estos como da\u00f1os incidentales y consecuentes.&nbsp;<\/p>\n\n\n\n<p>La ley del lim\u00f3n de California tambi\u00e9n permite a los propietarios de veh\u00edculos reclamar al fabricante de autom\u00f3viles los honorarios y las costas del abogado. Si usted gana su caso, el fabricante es responsable de pagar a su abogado de Pasadena. Usted no tendr\u00e1 que pagar a su abogado de su bolsillo - el fabricante de autom\u00f3viles har\u00e1 eso en su lugar.<\/p>\n\n\n\n<p>Adem\u00e1s, tambi\u00e9n puede cobrar <a href=\"https:\/\/www.wirtzlaw.com\/es\/areas-de-practica\/abogados-de-la-ley-del-limon\/abogado-de-la-ley-del-limon-de-san-diego\/sancion-civil-de-la-ley-del-limon\/\">sanciones civiles<\/a> si usted demuestra que el fabricante de autom\u00f3viles se abstuvo deliberadamente de recomprar o sustituir su veh\u00edculo calificado como defectuoso. Esta sanci\u00f3n civil es una indemnizaci\u00f3n adicional que puede llegar a duplicar los da\u00f1os reales.<\/p>\n\n\n\n<p>\u00bfQu\u00e9 pasa si usted no puede tener \u00e9xito en su reclamo? Muchos abogados de lim\u00f3n de California trabajan en \"contingencia\". Esto significa que si no pueden ayudarle a ganar su caso contra un fabricante de autom\u00f3viles, usted no tendr\u00e1 que pagar honorarios de abogado. Cuando usted <a href=\"https:\/\/www.wirtzlaw.com\/es\/contactar-con\/\">hable con un abogado especializado en la ley del lim\u00f3n<\/a>Preg\u00fanteles c\u00f3mo gestionan las tasas y los costes.&nbsp;&nbsp;<\/p>\n\n\n\n<h3 class=\"wp-block-heading\">La elecci\u00f3n de un abogado de la Ley del Lim\u00f3n Pasadena<\/h3>\n\n\n\n<p>Contar con un abogado con experiencia a su lado durante una reclamaci\u00f3n basada en la ley del lim\u00f3n ofrece varias ventajas.<\/p>\n\n\n\n<ul class=\"wp-block-list\">\n<li><strong>Los fabricantes de autom\u00f3viles tienen abogados internos. <\/strong>Los fabricantes de autom\u00f3viles suelen tener departamentos jur\u00eddicos completos, con abogados especializados en la lucha contra las reclamaciones de la ley del lim\u00f3n. Tambi\u00e9n utilizan ej\u00e9rcitos de grandes bufetes privados para gestionar litigios, juicios y arbitrajes.  Contratar a un abogado con experiencia ayuda a nivelar el campo de juego, aumentando sus posibilidades de recibir la compensaci\u00f3n total a la que tiene derecho en virtud de la ley del lim\u00f3n.<\/li>\n\n\n\n<li><strong>Recibir\u00e1 asesoramiento jur\u00eddico adaptado a su situaci\u00f3n. <\/strong>La informaci\u00f3n sobre reclamaciones de la ley del lim\u00f3n que encuentre en Internet o que aprenda de sus amigos puede ayudarle a entender las reclamaciones de la ley del lim\u00f3n, pero no se adaptar\u00e1 a su situaci\u00f3n o necesidades espec\u00edficas. Tambi\u00e9n podr\u00eda ser err\u00f3nea.  Un abogado de lim\u00f3n se asegurar\u00e1 de que se ocupan de los hechos y detalles espec\u00edficos de su caso \u00fanico.&nbsp;<\/li>\n\n\n\n<li><strong>Puede recibir orientaci\u00f3n aunque no tenga una reclamaci\u00f3n de la ley del lim\u00f3n. <\/strong>Es posible que sospeche que la ley del lim\u00f3n no se aplica a su veh\u00edculo o que no est\u00e9 seguro de si debe presentar una reclamaci\u00f3n por esta causa. Hablar con un abogado le aclarar\u00e1 muchas cosas. Tambi\u00e9n aprender\u00e1 qu\u00e9 opciones legales tiene si un caso de la ley del lim\u00f3n no est\u00e1 sobre la mesa para usted.&nbsp;<\/li>\n<\/ul>\n\n\n\n<p>Un veh\u00edculo seguro y confiable es una necesidad para cualquiera que viva, trabaje o visite el \u00e1rea de Pasadena. Si su veh\u00edculo reci\u00e9n comprado o arrendado est\u00e1 presentando problemas, hable con un abogado con experiencia en la ley del lim\u00f3n de Pasadena hoy.&nbsp;<\/p>\n\n\n\n<h2 class=\"wp-block-heading\">Contacto Wirtz Law APC hoy para discutir los pr\u00f3ximos pasos para la presentaci\u00f3n de una demanda de Pasadena Lemon Law<\/h2>\n\n\n\n<p>El <a href=\"https:\/\/www.wirtzlaw.com\/es\/equipo\/\">equipo en Wirtz Law APC<\/a> puede ayudarle a comprender sus derechos legales y a elegir el camino a seguir. <a href=\"https:\/\/www.wirtzlaw.com\/es\/contactar-con\/\">Contacte con nosotros hoy mismo<\/a> para programar una consulta gratuita y confidencial con uno de nuestros abogados licenciados expertos en la ley del lim\u00f3n.<\/p>\n\n\n\n<p>Si est\u00e1s harto, te has hartado y crees que tu coche es un lim\u00f3n, <a href=\"tel:1-858-259-5009\">ll\u00e1menos al (858) 259-5009<\/a> para una evaluaci\u00f3n gratuita. Si su veh\u00edculo se determina como un lim\u00f3n, vamos a tomar su caso sin costo alguno sobre una base de honorarios de contingencia. En <a href=\"https:\/\/www.wirtzlaw.com\/es\/\">Wirtz Law APC<\/a>Nuestros abogados de Pasadena Lemon Law tienen una tasa de \u00e9xito de m\u00e1s del 97 por ciento y tienen <a href=\"https:\/\/www.wirtzlaw.com\/es\/categoria\/veredictos-acuerdos\/\">recuper\u00f3 $76 millones<\/a> para nuestros clientes.<\/p>\n\n\n\n<p><a href=\"https:\/\/www.wirtzlaw.com\/es\/\">Wirtz Law APC<\/a> proporciona uno de los <a href=\"https:\/\/www.wirtzlaw.com\/es\/equipo\/\">mejor Pasadena Ley del Lim\u00f3n abogado servicios<\/a> en el sur de California, incluyendo otras partes de Riverside County como Murrieta, Moreno Valley, Corona, <a href=\"https:\/\/www.wirtzlaw.com\/es\/areas-de-practica\/abogados-de-la-ley-del-limon\/palm-springs-abogados-de-la-ley-del-limon\/\">Palm Springs<\/a>y Palm Desert. Tambi\u00e9n ofrecemos servicios para el norte de California, California Central, y el este de California reclamaciones de la ley del lim\u00f3n. Para obtener m\u00e1s informaci\u00f3n y para programar una consulta gratuita con un abogado con experiencia en la Ley del Lim\u00f3n de Pasadena en Wirtz Law APC, puede comunicarse con nosotros a trav\u00e9s de <a href=\"https:\/\/www.wirtzlaw.com\/es\/contactar-con\/\">nuestro formulario de contacto seguro en l\u00ednea<\/a>.<\/p>","protected":false},"excerpt":{"rendered":"<p>Situada a s\u00f3lo once millas del centro de Los Angeles, Pasadena, California, es la ciudad m\u00e1s poblada del Valle de San Gabriel y un importante centro cultural. Pasadena es la 44\u00aa ciudad m\u00e1s grande de California y la novena de Los Angeles County - pero su ubicaci\u00f3n la convierte en un importante centro de negocios, un refugio para sus residentes y un...<\/p>","protected":false},"author":12,"featured_media":4917,"parent":2523,"menu_order":0,"comment_status":"closed","ping_status":"closed","template":"","meta":{"_acf_changed":false,"footnotes":""},"class_list":["post-4912","page","type-page","status-publish","has-post-thumbnail","hentry"],"acf":[],"_links":{"self":[{"href":"https:\/\/www.wirtzlaw.com\/es\/wp-json\/wp\/v2\/pages\/4912","targetHints":{"allow":["GET"]}}],"collection":[{"href":"https:\/\/www.wirtzlaw.com\/es\/wp-json\/wp\/v2\/pages"}],"about":[{"href":"https:\/\/www.wirtzlaw.com\/es\/wp-json\/wp\/v2\/types\/page"}],"author":[{"embeddable":true,"href":"https:\/\/www.wirtzlaw.com\/es\/wp-json\/wp\/v2\/users\/12"}],"replies":[{"embeddable":true,"href":"https:\/\/www.wirtzlaw.com\/es\/wp-json\/wp\/v2\/comments?post=4912"}],"version-history":[{"count":9,"href":"https:\/\/www.wirtzlaw.com\/es\/wp-json\/wp\/v2\/pages\/4912\/revisions"}],"predecessor-version":[{"id":6281,"href":"https:\/\/www.wirtzlaw.com\/es\/wp-json\/wp\/v2\/pages\/4912\/revisions\/6281"}],"up":[{"embeddable":true,"href":"https:\/\/www.wirtzlaw.com\/es\/wp-json\/wp\/v2\/pages\/2523"}],"wp:featuredmedia":[{"embeddable":true,"href":"https:\/\/www.wirtzlaw.com\/es\/wp-json\/wp\/v2\/media\/4917"}],"wp:attachment":[{"href":"https:\/\/www.wirtzlaw.com\/es\/wp-json\/wp\/v2\/media?parent=4912"}],"curies":[{"name":"wp","href":"https:\/\/api.w.org\/{rel}","templated":true}]}}