{"id":4822,"date":"2023-02-23T17:46:19","date_gmt":"2023-02-23T22:46:19","guid":{"rendered":"https:\/\/www.wirtzlaw.com\/?page_id=4822"},"modified":"2025-05-13T18:44:10","modified_gmt":"2025-05-13T22:44:10","slug":"bakersfield-abogados-de-la-ley-de-limon","status":"publish","type":"page","link":"https:\/\/www.wirtzlaw.com\/es\/practice-areas\/lemon-law-attorneys\/bakersfield-lemon-law-attorneys\/","title":{"rendered":"Bakersfield Ley del Lim\u00f3n"},"content":{"rendered":"<p>Hace casi 40 a\u00f1os, California promulg\u00f3 una ley hist\u00f3rica sobre veh\u00edculos defectuosos: la Ley Song Beverly de Protecci\u00f3n de la Garant\u00eda del Consumidor. Antes de que los legisladores aprobaran las leyes del lim\u00f3n de California, los consumidores ten\u00edan muy poca protecci\u00f3n o medios de recurso cuando compraban un veh\u00edculo con defectos de fabricaci\u00f3n. \"Limones\" se refieren a los veh\u00edculos con graves problemas de fiabilidad relacionados con un problema importante o una larga lista de problemas menores. Las leyes del lim\u00f3n de California protegen a los consumidores exigiendo a los fabricantes de veh\u00edculos que recompren o sustituyan los veh\u00edculos sujetos a defectos de garant\u00eda que no puedan subsanarse en un n\u00famero razonable de intentos.&nbsp;<\/p>\n\n\n\n<p>A pesar de la innovadora Ley del Lim\u00f3n del estado, muchos consumidores se enfrentan a dificultades cuando intentan que los fabricantes de autom\u00f3viles cumplan la Ley del Lim\u00f3n.  Los fabricantes y distribuidores de veh\u00edculos son reacios a admitir que un coche es defectuoso por temor a que el efecto bola de nieve, lo que resulta en otros propietarios que buscan una compensaci\u00f3n similar. Sin embargo, los experimentados abogados de la Ley del Lim\u00f3n de Bakersfield en Wirtz Law, APC, tienen una larga historia de representar con \u00e9xito a clientes en su <a href=\"https:\/\/www.wirtzlaw.com\/es\/areas-de-practica\/abogados-de-la-ley-del-limon\/\">Reclamaciones de la Ley del Lim\u00f3n contra empresas automovil\u00edsticas<\/a>. Mientras que muchos abogados de la Ley del Lim\u00f3n se centran \u00fanicamente en las recompras, la <a href=\"https:\/\/www.wirtzlaw.com\/es\/equipo\/\">abogados en Wirtz Law<\/a> esforzarse por obtener la m\u00e1xima indemnizaci\u00f3n, lo que incluye <a href=\"https:\/\/www.wirtzlaw.com\/es\/areas-de-practica\/abogados-de-la-ley-del-limon\/abogado-de-la-ley-del-limon-de-san-diego\/sancion-civil-de-la-ley-del-limon\/\">sanci\u00f3n civil por da\u00f1os y perjuicios<\/a>En nombre de sus clientes a trav\u00e9s de cualquier medio legal necesario. P\u00f3ngase en contacto con el Bakersfield, California, abogados de la ley de lim\u00f3n en Wirtz Law en <a href=\"tel:1-858-259-5009\">858-259-5009<\/a> para programar una consulta inicial gratuita y hablar de su <a href=\"https:\/\/www.wirtzlaw.com\/es\/areas-de-practica\/abogados-de-la-ley-del-limon\/abogado-de-la-ley-del-limon-de-san-diego\/abogado-de-coches-defectuosos\/\">reclamaci\u00f3n por coche defectuoso<\/a>.&nbsp;<\/p>\n\n\n\n<h3 class=\"wp-block-heading\">Bakersfield Ley del Lim\u00f3n&nbsp;<\/h3>\n\n\n\n<p>California ofrece importantes protecciones a los consumidores que compran veh\u00edculos nuevos defectuosos. Las leyes del lim\u00f3n de California son las m\u00e1s fuertes de la naci\u00f3n. Sin embargo, la comprensi\u00f3n de las leyes de lim\u00f3n del estado es crucial para la preparaci\u00f3n de un caso viable y convincente para la compensaci\u00f3n. Un abogado con experiencia en la ley del lim\u00f3n de Bakersfield puede ayudar a las personas cargadas con un veh\u00edculo defectuoso o peligroso.&nbsp;<\/p>\n\n\n\n<h3 class=\"wp-block-heading\">\u00bfEs mi coche un coche defectuoso?<\/h3>\n\n\n\n<p>Mientras que coloquialmente, la gente utiliza el t\u00e9rmino \"lim\u00f3n\" para referirse a cualquier problema que experimentan con sus veh\u00edculos, California define lo que califica como un lim\u00f3n. La Ley del Lim\u00f3n cubre los coches nuevos y usados, camionetas, camiones, furgonetas, SUVs, veh\u00edculos el\u00e9ctricos, y el chasis, chasis cabina, y los trenes de transmisi\u00f3n de autocaravanas.&nbsp;<\/p>\n\n\n\n<p>Existen varios requisitos generales para que un coche pueda considerarse defectuoso en California.<\/p>\n\n\n\n<ol class=\"wp-block-list\">\n<li>La ley se aplica a todos los veh\u00edculos de nueva adquisici\u00f3n o arrendados, independientemente de que se utilicen para uso personal o de la peque\u00f1a empresa.&nbsp;<\/li>\n\n\n\n<li>Se aplica a los veh\u00edculos usados si existe una garant\u00eda expresa de coche nuevo v\u00e1lida en el momento de la compra.<\/li>\n\n\n\n<li>El comprador debe permitir al fabricante, a trav\u00e9s de distribuidores o mec\u00e1nicos autorizados, un n\u00famero razonable de intentos para reparar un defecto sustancial de fabricaci\u00f3n.  Esto puede ser tan solo dos veces.&nbsp;<\/li>\n\n\n\n<li>Los defectos deben perjudicar sustancialmente el uso, el valor o la seguridad del veh\u00edculo.&nbsp;<\/li>\n\n\n\n<li>Los defectos deben quedar sin reparar tras un n\u00famero razonable de intentos de reparaci\u00f3n.<\/li>\n<\/ol>\n\n\n\n<p>Estos son requisitos generales, y otras situaciones pueden dar lugar a una reclamaci\u00f3n de la ley del lim\u00f3n.&nbsp;<\/p>\n\n\n\n<h3 class=\"wp-block-heading\">\u00bfA qu\u00e9 tengo derecho seg\u00fan la Ley del Lim\u00f3n de California?<\/h3>\n\n\n\n<p>Quienes tengan una reclamaci\u00f3n v\u00e1lida en virtud de la Ley del lim\u00f3n de California pueden devolver su veh\u00edculo al fabricante a cambio de un reembolso o una sustituci\u00f3n. Si el consumidor elige un reembolso, el fabricante debe pagar cualquier pr\u00e9stamo o arrendamiento pendiente y aceptar la devoluci\u00f3n. Adem\u00e1s, un abogado puede perseguir reembolsos que pueden incluir lo siguiente:<\/p>\n\n\n\n<ul class=\"wp-block-list\">\n<li>El pago inicial del consumidor o los costes iniciales del arrendamiento;<\/li>\n\n\n\n<li>Cualquier fondo que el consumidor haya recibido de un canje;&nbsp;<\/li>\n\n\n\n<li>Tasas gubernamentales, incluidos los impuestos de matriculaci\u00f3n, licencia y venta; y&nbsp;<\/li>\n\n\n\n<li>Todas las mensualidades que el consumidor haya abonado hasta la fecha del <a href=\"https:\/\/www.wirtzlaw.com\/es\/areas-de-practica\/abogados-de-la-ley-del-limon\/proceso-de-conciliacion-de-la-ley-del-limon-en-california\/\">liquidaci\u00f3n<\/a>.\u00a0<\/li>\n<\/ul>\n\n\n\n<p>Sin embargo, es esencial tener en cuenta que la ley permite al fabricante de autom\u00f3viles deducir una \"cuota de uso\", o una compensaci\u00f3n por kilometraje, seg\u00fan la f\u00f3rmula de kilometraje de California. Adem\u00e1s, la ley puede permitir otras deducciones, que un abogado con experiencia en la Ley del Lim\u00f3n puede asesorar a los propietarios.&nbsp;<\/p>\n\n\n\n<h3 class=\"wp-block-heading\">\u00bfAfectar\u00e1 a mi cr\u00e9dito una reclamaci\u00f3n basada en la Ley del Lim\u00f3n?<\/h3>\n\n\n\n<p>Los legisladores de California promulgaron las leyes del lim\u00f3n del estado como protecci\u00f3n del consumidor. En consecuencia, una reclamaci\u00f3n de la ley del lim\u00f3n no debe afectar negativamente a la puntuaci\u00f3n o calificaci\u00f3n crediticia de un consumidor.&nbsp;<\/p>\n\n\n\n<h3 class=\"wp-block-heading\">Historia de la Ley del Lim\u00f3n de California&nbsp;<\/h3>\n\n\n\n<p>Se aplican varias leyes federales y estatales a los veh\u00edculos defectuosos. Comprender la interacci\u00f3n de las diversas leyes de protecci\u00f3n del consumidor de California es esencial para determinar la mejor forma de proceder.&nbsp;<\/p>\n\n\n\n<h3 class=\"wp-block-heading\">Ley de Garant\u00eda Magnuson-Moss<\/h3>\n\n\n\n<p>El <a href=\"https:\/\/www.ftc.gov\/legal-library\/browse\/statutes\/magnuson-moss-warranty-federal-trade-commission-improvements-act\" target=\"_blank\" rel=\"noreferrer noopener\">Ley de Garant\u00eda Magnuson-Moss<\/a> es una ley federal que regula las garant\u00edas de los productos de consumo. La ley establece tres requisitos principales que pueden aplicarse a los veh\u00edculos defectuosos:<\/p>\n\n\n\n<ul class=\"wp-block-list\">\n<li>El garante debe designar o titular su garant\u00eda escrita como \"total\" o \"limitada\";<\/li>\n\n\n\n<li>El garante debe incluir informaci\u00f3n espec\u00edfica sobre la cobertura de la garant\u00eda en un documento \u00fanico, claro y f\u00e1cil de leer; y<\/li>\n\n\n\n<li>El vendedor o garante debe asegurarse de que sus garant\u00edas est\u00e9n disponibles all\u00ed donde se vendan sus productos aplicables.&nbsp;<\/li>\n<\/ul>\n\n\n\n<p>La Ley es b\u00e1sicamente la Ley Federal del Lim\u00f3n para la compra de veh\u00edculos nuevos.&nbsp;<\/p>\n\n\n\n<h3 class=\"wp-block-heading\">Ley de garant\u00eda de los consumidores de California Song-Beverly<\/h3>\n\n\n\n<p>El <a href=\"https:\/\/leginfo.legislature.ca.gov\/faces\/codes_displayText.xhtml?lawCode=CIV&amp;division=3.&amp;title=1.7.&amp;part=4.&amp;chapter=1.&amp;article=3.\" target=\"_blank\" rel=\"noreferrer noopener\">Ley de garant\u00eda de los consumidores Song-Beverly<\/a> es una ley paraguas que engloba la ley del lim\u00f3n de California. Esta ley ofrece protecci\u00f3n al consumidor cuando un veh\u00edculo es defectuoso e irreparable tras un n\u00famero razonable de intentos.&nbsp;<\/p>\n\n\n\n<h3 class=\"wp-block-heading\">Ampliaci\u00f3n de la Ley del Lim\u00f3n de California al personal militar&nbsp;<\/h3>\n\n\n\n<p>California ha ampliado su legislaci\u00f3n sobre veh\u00edculos defectuosos para incluir a todo el personal militar destinado en California, independientemente del lugar donde el militar haya comprado su veh\u00edculo. Para acogerse a la excepci\u00f3n militar, los miembros de las fuerzas armadas deben haber estado destinados en California cuando compraron el veh\u00edculo o presentaron la reclamaci\u00f3n.&nbsp;<\/p>\n\n\n\n<p>A los efectos de las leyes del lim\u00f3n de California, la ley define a un \"miembro de las fuerzas armadas\" como una persona en servicio activo a tiempo completo en la Marina, Cuerpo de Marines, Fuerza A\u00e9rea, Ej\u00e9rcito, Guardia Costera o Guardia Nacional. Esta designaci\u00f3n incluye a los que est\u00e1n en servicio militar activo en una escuela de servicio militar calificada.&nbsp;<\/p>\n\n\n\n<h3 class=\"wp-block-heading\">Pasos a seguir para reclamar con \u00e9xito la Ley del Lim\u00f3n<\/h3>\n\n\n\n<p>La contrataci\u00f3n de un abogado con experiencia en la ley del lim\u00f3n de Bakersfield, California, es el paso m\u00e1s beneficioso que un consumidor puede tomar al presentar una reclamaci\u00f3n de la ley del lim\u00f3n. Adem\u00e1s de <a href=\"https:\/\/www.wirtzlaw.com\/es\/contactar-con\/\">contratar a un abogado experto en la ley del lim\u00f3n<\/a>Los consumidores deben tomar medidas espec\u00edficas para contribuir a un resultado r\u00e1pido y favorable. La base de la mayor\u00eda de estos pasos es establecer un registro completo del historial de reparaciones.<\/p>\n\n\n\n<ul class=\"wp-block-list\">\n<li>Asegurarse de que el taller de reparaci\u00f3n documenta todas las reclamaciones de los veh\u00edculos de forma completa y precisa;<\/li>\n\n\n\n<li>Solicite una orden de trabajo antes de salir del concesionario;<\/li>\n\n\n\n<li>D\u00e9 al concesionario la oportunidad de reparar el veh\u00edculo problem\u00e1tico al primer indicio de un problema sustancial;<\/li>\n\n\n\n<li>Utilice un lenguaje coherente al describir los problemas del veh\u00edculo al concesionario;<\/li>\n\n\n\n<li>Aseg\u00farese de que existe una nueva orden de trabajo para cada intento de reparaci\u00f3n.<\/li>\n\n\n\n<li>Consulte con un abogado antes de aceptar el arbitraje de cualquier conflicto.&nbsp;<\/li>\n<\/ul>\n\n\n\n<p>Adem\u00e1s, los propietarios de veh\u00edculos deben solicitar las reparaciones a un concesionario autorizado. Esto se debe a que las modificaciones del veh\u00edculo y la instalaci\u00f3n de piezas de terceros pueden comprometer una reclamaci\u00f3n de la ley del lim\u00f3n en California.&nbsp;<\/p>\n\n\n\n<h3 class=\"wp-block-heading\">\u00bfNecesito arbitrar mi reclamaci\u00f3n de la Ley del Lim\u00f3n de California?<\/h3>\n\n\n\n<p>El arbitraje es un m\u00e9todo informal de resoluci\u00f3n de litigios. Los fabricantes de autom\u00f3viles suelen informar a los consumidores de que sus reclamaciones deben someterse a arbitraje. Aunque el arbitraje tiene algunas ventajas, la mayor\u00eda de ellas favorecen al fabricante de autom\u00f3viles. En el arbitraje no hay jurado. Tampoco existe el derecho de apelaci\u00f3n en el arbitraje.&nbsp;<a href=\"https:\/\/www.wirtzlaw.com\/es\/contactar-con\/\">Consultar con un abogado<\/a> antes de aceptar cualquier proceso de resoluci\u00f3n de conflictos es crucial para garantizar un resultado justo y equitativo en un caso de la ley del lim\u00f3n de California.<\/p>\n\n\n\n<h3 class=\"wp-block-heading\">\u00bfQu\u00e9 ocurre durante un caso de la Ley del Lim\u00f3n? - Gu\u00eda sobre la Ley del Lim\u00f3n de California Infograf\u00eda<\/h3>\n\n\n\n<figure class=\"wp-block-image size-large is-resized\"><a href=\"https:\/\/www.wirtzlaw.com\/es\/areas-de-practica\/abogados-de-la-ley-del-limon\/guia-sobre-la-ley-del-limon-de-california-infografia\/\"><img loading=\"lazy\" decoding=\"async\" width=\"1024\" height=\"754\" src=\"https:\/\/www.wirtzlaw.com\/wp-content\/uploads\/2023\/03\/LemonLawProcess_v2-Thumb-1024x754.jpg\" alt=\"Qu\u00e9 sucede durante un caso de la Ley del Lim\u00f3n - Una gu\u00eda para la Ley del Lim\u00f3n de California\" class=\"wp-image-4833\" style=\"width:768px;height:566px\" title=\"\" srcset=\"https:\/\/www.wirtzlaw.com\/wp-content\/uploads\/2023\/03\/LemonLawProcess_v2-Thumb-1024x754.jpg 1024w, https:\/\/www.wirtzlaw.com\/wp-content\/uploads\/2023\/03\/LemonLawProcess_v2-Thumb-300x221.jpg 300w, https:\/\/www.wirtzlaw.com\/wp-content\/uploads\/2023\/03\/LemonLawProcess_v2-Thumb-768x565.jpg 768w, https:\/\/www.wirtzlaw.com\/wp-content\/uploads\/2023\/03\/LemonLawProcess_v2-Thumb-16x12.jpg 16w, https:\/\/www.wirtzlaw.com\/wp-content\/uploads\/2023\/03\/LemonLawProcess_v2-Thumb-150x110.jpg 150w, https:\/\/www.wirtzlaw.com\/wp-content\/uploads\/2023\/03\/LemonLawProcess_v2-Thumb.jpg 1201w\" sizes=\"auto, (max-width: 1024px) 100vw, 1024px\" \/><\/a><\/figure>\n\n\n\n<h2 class=\"wp-block-heading\">Discuta sus derechos y opciones con un abogado de la Ley del Lim\u00f3n de Bakersfield hoy.<\/h2>\n\n\n\n<p>Si ha comprado recientemente un veh\u00edculo y ha experimentado continuamente problemas inesperados, puede presentar una reclamaci\u00f3n ante la Ley del Lim\u00f3n contra el vendedor o el fabricante. En <a href=\"https:\/\/www.wirtzlaw.com\/es\/equipo\/\">Abogados de la Ley del Lim\u00f3n en Wirtz Law, APC<\/a>Nuestros abogados tienen d\u00e9cadas de experiencia pr\u00e1ctica ayudando a nuestros clientes a obtener alivio financiero de los vendedores y fabricantes. Nuestros abogados tienen una tasa de \u00e9xito de m\u00e1s del 97 por ciento entre los casos de la Ley del Lim\u00f3n que hemos manejado, lo que resulta en <a href=\"https:\/\/www.wirtzlaw.com\/es\/categoria\/veredictos-acuerdos\/\">m\u00e1s de 1 687 500 000<\/a> volver a los bolsillos de nuestros clientes. Para obtener m\u00e1s informaci\u00f3n y programar una consulta con un abogado de la Ley del Lim\u00f3n de Bakersfield en Wirtz Law, APC, <a href=\"tel:1-858-259-5009\">llame al 858-259-5009<\/a> hoy mismo. Tambi\u00e9n puede ponerse en contacto con nosotros a trav\u00e9s de <a href=\"https:\/\/www.wirtzlaw.com\/es\/contactar-con\/\">formulario de contacto seguro en l\u00ednea<\/a>y uno de nuestros abogados se pondr\u00e1 en contacto con usted en breve.<\/p>","protected":false},"excerpt":{"rendered":"<p>Hace casi 40 a\u00f1os, California promulg\u00f3 una ley hist\u00f3rica sobre veh\u00edculos defectuosos: la Ley Song Beverly de Protecci\u00f3n de la Garant\u00eda del Consumidor. Antes de que los legisladores aprobaran las leyes del lim\u00f3n de California, los consumidores ten\u00edan muy poca protecci\u00f3n o medios de recurso cuando compraban un veh\u00edculo con defectos de fabricaci\u00f3n. \"Limones\" se refieren a los veh\u00edculos con graves problemas de fiabilidad relacionados con un...<\/p>","protected":false},"author":12,"featured_media":4825,"parent":2523,"menu_order":0,"comment_status":"closed","ping_status":"closed","template":"","meta":{"_acf_changed":false,"footnotes":""},"class_list":["post-4822","page","type-page","status-publish","has-post-thumbnail","hentry"],"acf":[],"_links":{"self":[{"href":"https:\/\/www.wirtzlaw.com\/es\/wp-json\/wp\/v2\/pages\/4822","targetHints":{"allow":["GET"]}}],"collection":[{"href":"https:\/\/www.wirtzlaw.com\/es\/wp-json\/wp\/v2\/pages"}],"about":[{"href":"https:\/\/www.wirtzlaw.com\/es\/wp-json\/wp\/v2\/types\/page"}],"author":[{"embeddable":true,"href":"https:\/\/www.wirtzlaw.com\/es\/wp-json\/wp\/v2\/users\/12"}],"replies":[{"embeddable":true,"href":"https:\/\/www.wirtzlaw.com\/es\/wp-json\/wp\/v2\/comments?post=4822"}],"version-history":[{"count":6,"href":"https:\/\/www.wirtzlaw.com\/es\/wp-json\/wp\/v2\/pages\/4822\/revisions"}],"predecessor-version":[{"id":6293,"href":"https:\/\/www.wirtzlaw.com\/es\/wp-json\/wp\/v2\/pages\/4822\/revisions\/6293"}],"up":[{"embeddable":true,"href":"https:\/\/www.wirtzlaw.com\/es\/wp-json\/wp\/v2\/pages\/2523"}],"wp:featuredmedia":[{"embeddable":true,"href":"https:\/\/www.wirtzlaw.com\/es\/wp-json\/wp\/v2\/media\/4825"}],"wp:attachment":[{"href":"https:\/\/www.wirtzlaw.com\/es\/wp-json\/wp\/v2\/media?parent=4822"}],"curies":[{"name":"wp","href":"https:\/\/api.w.org\/{rel}","templated":true}]}}