{"id":4662,"date":"2022-12-27T17:52:12","date_gmt":"2022-12-27T22:52:12","guid":{"rendered":"https:\/\/www.wirtzlaw.com\/?page_id=4662"},"modified":"2025-05-13T19:25:12","modified_gmt":"2025-05-13T23:25:12","slug":"lancaster-abogado-de-la-ley-de-limon","status":"publish","type":"page","link":"https:\/\/www.wirtzlaw.com\/es\/practice-areas\/lemon-law-attorneys\/lancaster-lemon-law-attorney\/","title":{"rendered":"Ley del Lim\u00f3n de Lancaster"},"content":{"rendered":"<p>Comprar un coche es una inversi\u00f3n, y es comprensible que esperes que te dure mucho tiempo. Sin embargo, si te encuentras llevando con frecuencia un veh\u00edculo al mec\u00e1nico, puede convertir tu nueva compra en una pesadilla. En <a href=\"https:\/\/www.wirtzlaw.com\/es\/areas-de-practica\/abogados-de-la-ley-del-limon\/\">Leyes Lim\u00f3n de California<\/a>tienes opciones.<\/p>\n\n\n\n<p>Conducir es el m\u00e9todo predominante de <a href=\"https:\/\/lao.ca.gov\/Publications\/Report\/3860#Driving\" target=\"_blank\" rel=\"noreferrer noopener\">transporte en California<\/a>. La mayor\u00eda de los californianos tienen carn\u00e9 de conducir y el n\u00famero de veh\u00edculos matriculados supera al de conductores con carn\u00e9. A la luz de estos hechos, California mantiene algunas de las leyes del lim\u00f3n m\u00e1s eficaces del pa\u00eds. A diferencia de muchas jurisdicciones en las que los consumidores tienen que superar retos aparentemente insuperables, California ofrece a los propietarios de veh\u00edculos un recurso viable.<\/p>\n\n\n\n<p>Una resoluci\u00f3n oportuna y adecuada a menudo requiere la asistencia de un abogado con experiencia en la ley del lim\u00f3n en Lancaster, California. <a href=\"https:\/\/www.wirtzlaw.com\/es\/contactar-con\/\">P\u00f3ngase en contacto con los mejores abogados de la Ley del Lim\u00f3n de Lancaster<\/a> en Wirtz Law APC hoy mismo para hablar de su veh\u00edculo defectuoso o peligroso. Podemos ayudarle a determinar si usted tiene un caso contra el fabricante del coche o de la parte que lo compr\u00f3.<\/p>\n\n\n\n<h3 class=\"wp-block-heading\">Lancaster, Los Angeles County Estad\u00edsticas<\/h3>\n\n\n\n<p>En 2021, el DMV de California registr\u00f3 un total de 6.386.830 matriculaciones de autom\u00f3viles y 1.150.957 matriculaciones de camiones. Los Angeles matriculaciones de camiones del condado fueron m\u00e1s del doble en comparaci\u00f3n con <a href=\"https:\/\/www.wirtzlaw.com\/es\/areas-de-practica\/abogados-de-la-ley-del-limon\/abogado-de-la-ley-del-limon-de-san-diego\/\">San Diego<\/a> y <a href=\"https:\/\/www.wirtzlaw.com\/es\/areas-de-practica\/abogados-de-la-ley-del-limon\/abogado-de-la-ley-del-limon-del-condado-de-orange\/\">Orange County<\/a>.<br><br>Seg\u00fan el informe 2020 de DataUSA, el 79,9% de las personas que se desplazan al trabajo lo hacen solas. De ellos, el tiempo medio de viaje al trabajo fue de 31 minutos, frente a los 26 minutos de la media estadounidense. Los empleados que se desplazaban desde y hacia Lancaster (8,15%) ten\u00edan un superviaje de al menos 90 minutos.<br><br>El informe tambi\u00e9n revel\u00f3 que los hogares de Lancaster tienen una media de 2 coches por hogar. Al comprar o arrendar un veh\u00edculo nuevo o usado, puede ser dif\u00edcil distinguir lo que hace que un coche un lim\u00f3n. Hablar con un abogado con experiencia en la ley del lim\u00f3n de Lancaster es el siguiente mejor paso a tomar.&nbsp;<\/p>\n\n\n\n<h3 class=\"wp-block-heading\">\u00bfCu\u00e1les son los s\u00edntomas de que un coche es un \"lim\u00f3n\"?<\/h3>\n\n\n\n<p>En el contexto de un veh\u00edculo de motor, <a href=\"https:\/\/leginfo.legislature.ca.gov\/faces\/codes_displayText.xhtml?lawCode=CIV&amp;division=3.&amp;title=1.7.&amp;part=4.&amp;chapter=1.&amp;article=3.\" target=\"_blank\" rel=\"noreferrer noopener\">un lim\u00f3n<\/a> generalmente se refiere a un autom\u00f3vil en garant\u00eda con un defecto o una combinaci\u00f3n de defectos que el fabricante no puede reparar en un n\u00famero razonable de intentos de reparaci\u00f3n. A veces un veh\u00edculo puede ser considerado un lim\u00f3n despu\u00e9s de s\u00f3lo dos reparaciones. Algunos signos comunes de que un coche puede ser un lim\u00f3n incluyen los siguientes:<\/p>\n\n\n\n<h4 class=\"wp-block-heading\">Desgaste de los neum\u00e1ticos<\/h4>\n\n\n\n<p>Un desgaste irregular continuo de los neum\u00e1ticos, incluso despu\u00e9s de alinearlos, podr\u00eda indicar que el veh\u00edculo tiene un problema de suspensi\u00f3n irreparable.&nbsp;&nbsp;<\/p>\n\n\n\n<h4 class=\"wp-block-heading\">Problemas repetidos de ajuste y acabado<\/h4>\n\n\n\n<p>Los interiores que se estropean con facilidad o frecuencia, los cinturones de seguridad que no funcionan, los mandos de control rotos o que faltan y los cojines rasgados pueden indicar que el veh\u00edculo no es de la misma calidad que otros. Si el problema o los defectos se repiten, es posible que tenga un veh\u00edculo defectuoso.&nbsp;&nbsp;<\/p>\n\n\n\n<h4 class=\"wp-block-heading\">Carrocer\u00eda descuidada<\/h4>\n\n\n\n<p>Las puertas desalineadas, el traqueteo de las ventanillas, el chirrido de las piezas de la carrocer\u00eda y el roce de las juntas de los paneles pueden ser <a href=\"https:\/\/www.wirtzlaw.com\/es\/areas-de-practica\/abogados-de-la-ley-del-limon\/abogado-de-la-ley-del-limon-de-san-diego\/abogado-de-coches-defectuosos\/\">defectos que califican a su veh\u00edculo de \"lim\u00f3n<\/a> si son sustanciales y perjudican su uso, valor y seguridad.<\/p>\n\n\n\n<h4 class=\"wp-block-heading\">Olores nauseabundos o fuertes<\/h4>\n\n\n\n<p>Los olores de un coche pueden proporcionar informaci\u00f3n \u00fatil sobre el estado y la seguridad del veh\u00edculo. Los olores inusuales o persistentes pueden indicar da\u00f1os por agua, moho o una fuga de aceite. El olor a \"trapo sucio\" puede indicar un defecto en la soldadura de las piezas met\u00e1licas que permite la entrada de agua. Tambi\u00e9n puede indicar un sistema de aire acondicionado defectuoso. Las manchas de agua en el revestimiento del techo u otros tejidos interiores tambi\u00e9n pueden ser el resultado de un defecto de fuga de agua. Si el coche echa humo del compartimento del motor y huele a aceite quemado, probablemente sea as\u00ed y es se\u00f1al de una fuga de aceite. Las fugas de aceite pueden ser muy peligrosas debido al potencial de inflamarse y provocar un incendio.&nbsp;&nbsp;<\/p>\n\n\n\n<p>Los consumidores que crean que su veh\u00edculo puede acogerse a las leyes del lim\u00f3n de California deben encontrar la garant\u00eda, buscar las retiradas del mercado, y <a href=\"https:\/\/www.wirtzlaw.com\/es\/contactar-con\/\">consulte a un abogado de la ley del lim\u00f3n de Lancaster<\/a>.<\/p>\n\n\n\n<h3 class=\"wp-block-heading\">\u00bfQu\u00e9 son las leyes del lim\u00f3n de California?<\/h3>\n\n\n\n<p>En California, la Garant\u00eda de Veh\u00edculos de Motor y la Ley del Lim\u00f3n establecen que el comprador o arrendatario de un veh\u00edculo tiene varios derechos federales y estatales si su coche no funciona de conformidad con una garant\u00eda expresa o impl\u00edcita.<\/p>\n\n\n\n<h3 class=\"wp-block-heading\">Ley de Garant\u00eda Song-Beverly<\/h3>\n\n\n\n<p>La Ley Song-Beverly de garant\u00edas de los consumidores, conocida como <a href=\"https:\/\/leginfo.legislature.ca.gov\/faces\/codes_displayText.xhtml?lawCode=CIV&amp;division=3.&amp;title=1.7.&amp;part=4.&amp;chapter=1.&amp;article=3.\" target=\"_blank\" rel=\"noreferrer noopener\">Ley del Lim\u00f3n de California<\/a>proporciona una importante salvaguardia a los consumidores en las reclamaciones por incumplimiento de la garant\u00eda. Aunque la Ley cubre la mayor\u00eda de los bienes de consumo para uso no comercial, excepto alimentos y ropa, se asocia ampliamente con los veh\u00edculos defectuosos.<\/p>\n\n\n\n<p>La Ley del Lim\u00f3n de California cubre los coches, furgonetas, camionetas, todoterrenos, veh\u00edculos el\u00e9ctricos, h\u00edbridos y autocaravanas que manifiesten defectos bajo la garant\u00eda del fabricante. Adem\u00e1s, la Ley establece las normas que deben cumplir los fabricantes y distribuidores al ofrecer garant\u00edas. Lo m\u00e1s importante es que la Ley explica que si, tras al menos dos intentos, el fabricante del veh\u00edculo o su representante autorizado no pueden revisar o reparar el coche para mantenerlo libre de defectos, el fabricante debe sustituir el veh\u00edculo o devolver el precio de compra. Los defectos tambi\u00e9n deben perjudicar sustancialmente el uso, el valor o la seguridad del veh\u00edculo.<\/p>\n\n\n\n<h3 class=\"wp-block-heading\">\u00bfCu\u00e1l es la norma para veh\u00edculos nuevos seg\u00fan la Ley del Lim\u00f3n de California?<\/h3>\n\n\n\n<p>La Ley Song-Beverly se aplica a los veh\u00edculos de motor nuevos, incluidos los de demostraci\u00f3n y pr\u00e9stamo, y cualquier otro coche vendido con una garant\u00eda de coche usado restante ser\u00eda un \"coche nuevo\" a efectos de la Ley del Lim\u00f3n.  Por ejemplo, un coche de cuatro a\u00f1os vendido con una garant\u00eda certificada de coche usado se considerar\u00eda \"nuevo\" seg\u00fan la Ley del Lim\u00f3n de California. Hay reglas complicadas que se aplican a la definici\u00f3n de un veh\u00edculo de motor nuevo bajo las Leyes del Lim\u00f3n de California. Ponerse en contacto con un experimentado Lancaster Lemon Law firma como Wirtz Law APC puede ayudarle a conocer sus derechos y darle orientaci\u00f3n sobre la ley del lim\u00f3n.<\/p>\n\n\n\n<h3 class=\"wp-block-heading\">Recursos en virtud de la Ley de Garant\u00eda Song-Beverly<\/h3>\n\n\n\n<p>Los veh\u00edculos que cumplen los requisitos de la ley del lim\u00f3n de California pueden optar a un reembolso o a un veh\u00edculo de sustituci\u00f3n. Los compradores que opten por un veh\u00edculo de sustituci\u00f3n tienen derecho a uno sustancialmente id\u00e9ntico al coche original. Los que opten por un reembolso pueden obtener una indemnizaci\u00f3n por el coste del veh\u00edculo y cualquier da\u00f1o incidental y consecuente. Estos da\u00f1os pueden incluir los siguientes<\/p>\n\n\n\n<p> El precio del veh\u00edculo menos la compensaci\u00f3n por kilometraje;<\/p>\n\n\n\n<ul class=\"wp-block-list\">\n<li>Impuesto sobre las ventas;<\/li>\n\n\n\n<li>Tasas de financiaci\u00f3n;<\/li>\n\n\n\n<li>Reembolso por remolque o almacenamiento;<\/li>\n\n\n\n<li>El coste de un coche de alquiler; y<\/li>\n\n\n\n<li>Gastos de reparaci\u00f3n.<\/li>\n<\/ul>\n\n\n\n<p>En algunos casos, los consumidores pueden obtener hasta el doble de los da\u00f1os reales si demuestran que el fabricante incumpli\u00f3 deliberadamente las leyes del lim\u00f3n. Se trata de da\u00f1os adicionales denominados sanciones civiles para disuadir a los fabricantes de autom\u00f3viles de infringir las leyes del lim\u00f3n en el futuro.<\/p>\n\n\n\n<h3 class=\"wp-block-heading\">Leyes federales del lim\u00f3n<\/h3>\n\n\n\n<p>Adem\u00e1s de las leyes del lim\u00f3n de California, varias leyes federales regulan la conducta y los requisitos de los vendedores de coches usados.<\/p>\n\n\n\n<p>Sin embargo, una empresa debe cumplir la Ley si ofrece un contrato por escrito. Si ha comprado recientemente un coche nuevo -o un veh\u00edculo que a\u00fan est\u00e1 en garant\u00eda original- y cree que puede tener un lim\u00f3n entre manos, es posible que tenga una reclamaci\u00f3n legal contra el vendedor o el fabricante del veh\u00edculo en virtud de la Ley del Lim\u00f3n de California.<\/p>\n\n\n\n<h3 class=\"wp-block-heading\">\u00bfQu\u00e9 ocurre durante un caso de la Ley del Lim\u00f3n? - Gu\u00eda sobre la Ley del Lim\u00f3n de California Infograf\u00eda<\/h3>\n\n\n\n<figure class=\"wp-block-image size-large is-resized\"><a href=\"https:\/\/www.wirtzlaw.com\/es\/areas-de-practica\/abogados-de-la-ley-del-limon\/guia-sobre-la-ley-del-limon-de-california-infografia\/\"><img loading=\"lazy\" decoding=\"async\" width=\"1024\" height=\"754\" src=\"https:\/\/www.wirtzlaw.com\/wp-content\/uploads\/2023\/03\/LemonLawProcess_v2-Thumb-1024x754.jpg\" alt=\"Qu\u00e9 sucede durante un caso de la Ley del Lim\u00f3n - Una gu\u00eda para la Ley del Lim\u00f3n de California\" class=\"wp-image-4833\" style=\"width:768px;height:566px\" title=\"\" srcset=\"https:\/\/www.wirtzlaw.com\/wp-content\/uploads\/2023\/03\/LemonLawProcess_v2-Thumb-1024x754.jpg 1024w, https:\/\/www.wirtzlaw.com\/wp-content\/uploads\/2023\/03\/LemonLawProcess_v2-Thumb-300x221.jpg 300w, https:\/\/www.wirtzlaw.com\/wp-content\/uploads\/2023\/03\/LemonLawProcess_v2-Thumb-768x565.jpg 768w, https:\/\/www.wirtzlaw.com\/wp-content\/uploads\/2023\/03\/LemonLawProcess_v2-Thumb-16x12.jpg 16w, https:\/\/www.wirtzlaw.com\/wp-content\/uploads\/2023\/03\/LemonLawProcess_v2-Thumb-150x110.jpg 150w, https:\/\/www.wirtzlaw.com\/wp-content\/uploads\/2023\/03\/LemonLawProcess_v2-Thumb.jpg 1201w\" sizes=\"auto, (max-width: 1024px) 100vw, 1024px\" \/><\/a><\/figure>\n\n\n\n<h2 class=\"wp-block-heading\">\u00bfSe ha sentido amargado por la reciente compra de su veh\u00edculo?<\/h2>\n\n\n\n<p>En <a href=\"https:\/\/www.wirtzlaw.com\/es\/\">Wirtz Law, APC<\/a>, nuestros abogados de ley Lemon de Lancaster tienen d\u00e9cadas de experiencia pr\u00e1ctica para garantizar que nuestros clientes reciban precisamente lo que merecen, y nada menos. Tenemos una tasa de \u00e9xito de m\u00e1s del 98 por ciento y hemos recuperado $76 millones para nuestros clientes.<\/p>\n\n\n\n<p>Si est\u00e1s harto, te has hartado y crees que tu coche es un lim\u00f3n, <a href=\"tel:1-858-259-5009\">ll\u00e1menos al (858) 259-5009<\/a> para una evaluaci\u00f3n gratuita. Si su veh\u00edculo se determina como un lim\u00f3n, vamos a tomar su caso sin costo alguno sobre una base de honorarios de contingencia. Wirtz Law APC proporciona una de las <a href=\"https:\/\/www.wirtzlaw.com\/es\/equipo\/\">mejor Lancaster Ley del Lim\u00f3n abogado servicios<\/a> en el sur de California, incluido Lancaster, <a href=\"https:\/\/www.wirtzlaw.com\/es\/areas-de-practica\/abogados-de-la-ley-del-limon\/palmdale-abogados-de-la-ley-del-limon\/\">Palmdale<\/a>, <a href=\"https:\/\/www.wirtzlaw.com\/es\/areas-de-practica\/abogados-de-la-ley-del-limon\/santa-clarita-abogados-de-la-ley-de-limon\/\">Santa Clarita<\/a>, Castaic, Valencia, y otras ciudades en Los Angeles County. Tambi\u00e9n ofrecemos servicios para el norte de California, California Central, y el este de California reclamaciones de la ley del lim\u00f3n.\u00a0<\/p>\n\n\n\n<p>Para obtener m\u00e1s informaci\u00f3n y para programar una consulta gratuita con un abogado de la Ley del Lim\u00f3n Lancaster en Wirtz Law, APC, puede ponerse en contacto con nosotros a trav\u00e9s de nuestro <a href=\"https:\/\/www.wirtzlaw.com\/es\/contactar-con\/\">formulario de contacto seguro en l\u00ednea<\/a>y uno de nuestros abogados se pondr\u00e1 en contacto con usted en breve.<\/p>","protected":false},"excerpt":{"rendered":"<p>Comprar un coche es una inversi\u00f3n, y es comprensible que esperes que te dure mucho tiempo. Sin embargo, si usted se encuentra con frecuencia tomando un veh\u00edculo al mec\u00e1nico, puede convertir su nueva compra en una pesadilla. Seg\u00fan la Ley del Lim\u00f3n de California, tiene opciones. Conducir es el m\u00e9todo predominante de transporte en California. La mayor\u00eda...<\/p>","protected":false},"author":12,"featured_media":4673,"parent":2523,"menu_order":0,"comment_status":"closed","ping_status":"closed","template":"","meta":{"_acf_changed":false,"footnotes":""},"class_list":["post-4662","page","type-page","status-publish","has-post-thumbnail","hentry"],"acf":[],"_links":{"self":[{"href":"https:\/\/www.wirtzlaw.com\/es\/wp-json\/wp\/v2\/pages\/4662","targetHints":{"allow":["GET"]}}],"collection":[{"href":"https:\/\/www.wirtzlaw.com\/es\/wp-json\/wp\/v2\/pages"}],"about":[{"href":"https:\/\/www.wirtzlaw.com\/es\/wp-json\/wp\/v2\/types\/page"}],"author":[{"embeddable":true,"href":"https:\/\/www.wirtzlaw.com\/es\/wp-json\/wp\/v2\/users\/12"}],"replies":[{"embeddable":true,"href":"https:\/\/www.wirtzlaw.com\/es\/wp-json\/wp\/v2\/comments?post=4662"}],"version-history":[{"count":13,"href":"https:\/\/www.wirtzlaw.com\/es\/wp-json\/wp\/v2\/pages\/4662\/revisions"}],"predecessor-version":[{"id":5673,"href":"https:\/\/www.wirtzlaw.com\/es\/wp-json\/wp\/v2\/pages\/4662\/revisions\/5673"}],"up":[{"embeddable":true,"href":"https:\/\/www.wirtzlaw.com\/es\/wp-json\/wp\/v2\/pages\/2523"}],"wp:featuredmedia":[{"embeddable":true,"href":"https:\/\/www.wirtzlaw.com\/es\/wp-json\/wp\/v2\/media\/4673"}],"wp:attachment":[{"href":"https:\/\/www.wirtzlaw.com\/es\/wp-json\/wp\/v2\/media?parent=4662"}],"curies":[{"name":"wp","href":"https:\/\/api.w.org\/{rel}","templated":true}]}}