{"id":4607,"date":"2022-12-21T15:37:33","date_gmt":"2022-12-21T20:37:33","guid":{"rendered":"https:\/\/www.wirtzlaw.com\/?page_id=4607"},"modified":"2025-05-13T19:24:36","modified_gmt":"2025-05-13T23:24:36","slug":"abogados-de-la-ley-del-limon-en-inland-empire","status":"publish","type":"page","link":"https:\/\/www.wirtzlaw.com\/es\/practice-areas\/lemon-law-attorneys\/inland-empire-lemon-law-attorneys\/","title":{"rendered":"Inland Empire Ley del Lim\u00f3n"},"content":{"rendered":"<p>Los residentes de Inland Empire dependen de tener veh\u00edculos fiables. Cada d\u00eda, millones de residentes, trabajadores y visitantes de Inland Empire utilizan sus coches para ir al trabajo, a la escuela, hacer recados, asistir a actividades recreativas y realizar otras tareas esenciales.&nbsp;<\/p>\n\n\n\n<p>Cuando un veh\u00edculo nuevo o alquilado tiene problemas continuos, se hace dif\u00edcil confiar en que ser\u00e1 seguro conducirlo. La incertidumbre dificulta la elaboraci\u00f3n de planes definitivos, aumenta los niveles de estr\u00e9s e incrementa potencialmente el riesgo de tener que desembolsar gastos por el veh\u00edculo. En algunos casos, los problemas de un veh\u00edculo pueden incluso suponer una amenaza de muerte o lesiones graves para cualquiera que conduzca o viaje en el veh\u00edculo.<\/p>\n\n\n\n<p>Si ha intentado solucionar los problemas de su veh\u00edculo sin \u00e9xito, hable hoy mismo con un abogado experto en casos de da\u00f1os causados por veh\u00edculos defectuosos de Inland Empire. El <a href=\"https:\/\/www.wirtzlaw.com\/es\/equipo\/\">equipo en Wirtz Law APC<\/a> est\u00e1 aqu\u00ed para ayudar.&nbsp;<\/p>\n\n\n\n<h3 class=\"wp-block-heading\">\u00bfQu\u00e9 es la Ley del Lim\u00f3n de California?<\/h3>\n\n\n\n<p>La ley del lim\u00f3n de California est\u00e1 incluida en el <a href=\"https:\/\/leginfo.legislature.ca.gov\/faces\/codes_displayText.xhtml?lawCode=CIV&amp;division=3.&amp;title=1.7.&amp;part=4.&amp;chapter=1.&amp;article=3.\" target=\"_blank\" rel=\"noreferrer noopener\">Ley de garant\u00eda de los consumidores Song-Beverly<\/a>. La ley del lim\u00f3n de California proporciona ciertos derechos y medios de compensaci\u00f3n a los propietarios de veh\u00edculos cuando un concesionario del sur de California no puede solucionar los problemas de un veh\u00edculo nuevo en un n\u00famero razonable de intentos.&nbsp;<\/p>\n\n\n\n<p>La ley del lim\u00f3n de California se aplica cuando:<\/p>\n\n\n\n<ul class=\"wp-block-list\">\n<li>Un veh\u00edculo se compra o se alquila al por menor; y<\/li>\n\n\n\n<li>Se aplica una garant\u00eda original del fabricante o una garant\u00eda de segunda mano certificada (CPO).&nbsp;<\/li>\n<\/ul>\n\n\n\n<p>Adem\u00e1s, los propietarios del veh\u00edculo deben demostrar que intentaron arreglarlo al menos dos veces. Los defectos tambi\u00e9n deben perjudicar sustancialmente el uso, el valor o la seguridad del veh\u00edculo.<\/p>\n\n\n\n<p>La ley del lim\u00f3n se aplica a casi todos los veh\u00edculos adquiridos para la conducci\u00f3n personal o dom\u00e9stica. Tambi\u00e9n se aplica a algunas peque\u00f1as empresas de Inland Empire. La ley del lim\u00f3n del estado cubre una peque\u00f1a empresa si el veh\u00edculo est\u00e1 en garant\u00eda y se aplican las dos condiciones siguientes:<\/p>\n\n\n\n<ul class=\"wp-block-list\">\n<li>La empresa no posee m\u00e1s de cinco veh\u00edculos en total; y<\/li>\n\n\n\n<li>El veh\u00edculo sospechoso de lim\u00f3n pesa menos de 10.000 libras vac\u00edo.<\/li>\n<\/ul>\n\n\n\n<p>La ley del lim\u00f3n tambi\u00e9n se aplica a varios componentes de las autocaravanas compradas al por menor, incluidos el chasis y la cabina.&nbsp;<\/p>\n\n\n\n<h3 class=\"wp-block-heading\">Los Angeles County Estad\u00edsticas de la Ley del Lim\u00f3n<\/h3>\n\n\n\n<p>Los Angeles County es el condado de California con mayor actividad de matriculaciones de veh\u00edculos. En 2021, el Departamento de Veh\u00edculos Motorizados de California registr\u00f3 7,989,032 registros de veh\u00edculos en Los Angeles County. Estas cifras incluyen registros de autom\u00f3viles, camiones, remolques y motocicletas.&nbsp;<\/p>\n\n\n\n<p>Las cifras del DMV incluyen tanto renovaciones de registro como nuevos registros por primera vez. Seg\u00fan el Grupo de Investigaci\u00f3n de Inter\u00e9s P\u00fablico de California, aproximadamente 7,6 millones de veh\u00edculos nuevos se registraron en California entre 2018 y 2021.<\/p>\n\n\n\n<p>Menos de la mitad del uno por ciento (0,5%) de todas las nuevas matriculaciones de 2018 a 2021 terminaron en un caso de ley del lim\u00f3n. Sin embargo, la mayor\u00eda de los casos de la ley del lim\u00f3n no aparecen en los registros judiciales porque nunca se presentan en los tribunales. En cambio, estas reclamaciones se resuelven, a menudo con la ayuda de un experimentado abogado de lim\u00f3n de Inland Empire.&nbsp;<\/p>\n\n\n\n<p>Algunos fabricantes de autom\u00f3viles son nombrados en las demandas de la ley del lim\u00f3n con m\u00e1s frecuencia que otros. La investigaci\u00f3n realizada por el Grupo de Investigaci\u00f3n de Inter\u00e9s P\u00fablico de California encontr\u00f3 que entre 2018 y 2021:<\/p>\n\n\n\n<ul class=\"wp-block-list\">\n<li><strong><a href=\"https:\/\/www.wirtzlaw.com\/es\/areas-de-practica\/abogados-de-la-ley-del-limon\/chrysler-abogado-de-la-ley-de-limon\/\">Fiat Chrysler Automobiles<\/a> <\/strong>por cada 107 veh\u00edculos vendidos.<\/li>\n\n\n\n<li><strong><a href=\"https:\/\/www.wirtzlaw.com\/es\/areas-de-practica\/abogados-de-la-ley-del-limon\/abogados-jaguar-lemon-law\/\">Jaguar Land Rover Espa\u00f1a<\/a> <\/strong>por cada 83 veh\u00edculos vendidos.<\/li>\n\n\n\n<li><strong><a href=\"https:\/\/www.wirtzlaw.com\/es\/areas-de-practica\/abogados-de-la-ley-del-limon\/gm-lemon-law-abogados\/\">General Motors<\/a> <\/strong>por cada 78 veh\u00edculos vendidos.<\/li>\n<\/ul>\n\n\n\n<p>Los nombres de otros fabricantes de autom\u00f3viles aparecieron con mucha menos frecuencia. <a href=\"https:\/\/www.wirtzlaw.com\/es\/areas-de-practica\/abogados-de-la-ley-del-limon\/abogados-toyota-lemon-law\/\">Toyota Motor Sales<\/a>, por ejemplo, fue nombrada como demandada en una demanda de la ley del lim\u00f3n por cada 2.029 veh\u00edculos vendidos en California entre 2018 y 2021.&nbsp;<\/p>\n\n\n\n<p>Estas cifras no reflejan las reclamaciones resueltas antes de presentar una demanda. Sin embargo, indican que algunos fabricantes de autom\u00f3viles tienen m\u00e1s probabilidades que otros de enfrentarse a una demanda por da\u00f1os causados por un producto defectuoso.&nbsp;<\/p>\n\n\n\n<h3 class=\"wp-block-heading\">Las excepciones a la Ley del Lim\u00f3n de California<\/h3>\n\n\n\n<p>La ley del lim\u00f3n de California s\u00f3lo se aplica en algunas situaciones. Por ejemplo, la ley del lim\u00f3n no se aplicar\u00e1 cuando:<\/p>\n\n\n\n<ul class=\"wp-block-list\">\n<li>Los problemas del veh\u00edculo se debieron a un uso abusivo o ajeno al uso medio esperado del veh\u00edculo.<\/li>\n\n\n\n<li>La garant\u00eda original o CPO del veh\u00edculo ha expirado. Una garant\u00eda extendida de terceros, tambi\u00e9n conocida como un contrato de servicio extendido, no es suficiente para activar la ley del lim\u00f3n de California.<\/li>\n\n\n\n<li>El veh\u00edculo se compr\u00f3 en una venta privada y no a un fabricante o concesionario.&nbsp;<\/li>\n\n\n\n<li>El veh\u00edculo pertenece a una empresa, pero la empresa o el coche no cumplen los requisitos de peque\u00f1a empresa de la ley estatal del lim\u00f3n.&nbsp;<\/li>\n<\/ul>\n\n\n\n<p>Los propietarios de veh\u00edculos que no pueden recurrir a la ley del lim\u00f3n de California a\u00fan pueden tener otras opciones legales. Es esencial hablar con un abogado con experiencia. Un abogado puede ayudarle a determinar sus opciones y qu\u00e9 hacer para proteger sus derechos.<\/p>\n\n\n\n<h3 class=\"wp-block-heading\">Inland Empire Ley del Lim\u00f3n Abogados<\/h3>\n\n\n\n<figure class=\"wp-block-embed is-type-video is-provider-vimeo wp-block-embed-vimeo wp-embed-aspect-16-9 wp-has-aspect-ratio\"><div class=\"wp-block-embed__wrapper\">\n<iframe loading=\"lazy\" title=\"Inland Empire Ley del Lim\u00f3n Abogados\" src=\"https:\/\/player.vimeo.com\/video\/933391956?dnt=1&amp;app_id=122963\" width=\"500\" height=\"281\" frameborder=\"0\" allow=\"autoplay; fullscreen; picture-in-picture; clipboard-write\"><\/iframe>\n<\/div><\/figure>\n\n\n\n<h3 class=\"wp-block-heading\">C\u00f3mo presentar una reclamaci\u00f3n a la Ley del Lim\u00f3n de Inland Empire<\/h3>\n\n\n\n<p>En virtud de la ley del lim\u00f3n de California, los propietarios de veh\u00edculos pueden presentar sus reclamaciones contra los fabricantes de autom\u00f3viles. Hacerlo, sin embargo, puede ser un reto - y puede no terminar con los mejores resultados. Trabajar con un <a href=\"https:\/\/www.wirtzlaw.com\/es\/areas-de-practica\/abogados-de-la-ley-del-limon\/\">abogado con experiencia en limones<\/a> es la mejor manera de luchar por la indemnizaci\u00f3n total que le corresponde en virtud de la ley del lim\u00f3n.&nbsp;<\/p>\n\n\n\n<p>Buscar ayuda no tiene por qu\u00e9 costarle nada de su bolsillo. California organiza la compensaci\u00f3n en las reclamaciones de la ley del lim\u00f3n en tres categor\u00edas: Un reembolso o veh\u00edculo de sustituci\u00f3n, da\u00f1os incidentales y consecuentes, y honorarios de abogados y costas.<\/p>\n\n\n\n<p>El reembolso o el veh\u00edculo de sustituci\u00f3n es el tipo de indemnizaci\u00f3n m\u00e1s conocido de la ley del lim\u00f3n. El propietario de un veh\u00edculo que tenga \u00e9xito en su reclamaci\u00f3n puede recibir un veh\u00edculo de sustituci\u00f3n \"sustancialmente similar\" o el reembolso del precio de compra, calculado seg\u00fan una f\u00f3rmula establecida en la ley del lim\u00f3n.&nbsp;<\/p>\n\n\n\n<h3 class=\"wp-block-heading\">C\u00f3mo se aplican los da\u00f1os incidentales y consecuentes en un caso de la Ley del Lim\u00f3n de Inland Empire<\/h3>\n\n\n\n<p>La ley del lim\u00f3n tambi\u00e9n permite a los propietarios de veh\u00edculos para recuperar el segundo tipo de da\u00f1os, \"da\u00f1os incidentales y consecuentes.\" Estas son las p\u00e9rdidas relacionadas con su propiedad de un veh\u00edculo de lim\u00f3n que no est\u00e1 incluido en el reembolso o sustituci\u00f3n. Por ejemplo, si usted ha acumulado cientos de d\u00f3lares en gastos de remolque debido a m\u00faltiples aver\u00edas del veh\u00edculo, estos gastos de remolque pueden ser cubiertos por los da\u00f1os incidentales y consecuentes.&nbsp;<\/p>\n\n\n\n<p>Una de las mejores maneras de ayudar a construir su reclamaci\u00f3n por da\u00f1os incidentales y consecuentes es guardar de forma segura toda la documentaci\u00f3n relacionada con su veh\u00edculo y sus problemas. Guarde copias de todos los recibos, facturas y dem\u00e1s informaci\u00f3n. Estos documentos pueden ayudarle a demostrar que ha perdido algo m\u00e1s que el uso de su veh\u00edculo.&nbsp;<\/p>\n\n\n\n<p>Por \u00faltimo, la ley del lim\u00f3n de California exige que el fabricante de autom\u00f3viles pague los honorarios y gastos de abogado al propietario del veh\u00edculo si \u00e9ste gana su reclamaci\u00f3n de la ley del lim\u00f3n. Los honorarios y gastos de abogado se pagan adem\u00e1s de cualquier da\u00f1o incidental o reembolso que reciba.&nbsp;<\/p>\n\n\n\n<p>Muchos abogados experimentados tambi\u00e9n trabajan en r\u00e9gimen de contingencia. Si ganan, el fabricante de autom\u00f3viles paga sus honorarios y gastos. Si pierden, no reciben ning\u00fan pago. Los acuerdos de contingencia animan a los abogados a pensar estrat\u00e9gicamente en ganar cada caso y hacen que sea m\u00e1s asequible para los propietarios de veh\u00edculos obtener ayuda legal.<\/p>\n\n\n\n<h3 class=\"wp-block-heading\">Qu\u00e9 esperar tras ganar una demanda sobre un producto defectuoso<\/h3>\n\n\n\n<figure class=\"wp-block-embed is-type-video is-provider-vimeo wp-block-embed-vimeo wp-embed-aspect-16-9 wp-has-aspect-ratio\"><div class=\"wp-block-embed__wrapper\">\n<iframe loading=\"lazy\" title=\"Qu\u00e9 esperar tras ganar una demanda sobre un producto defectuoso\" src=\"https:\/\/player.vimeo.com\/video\/963704362?dnt=1&amp;app_id=122963\" width=\"500\" height=\"281\" frameborder=\"0\" allow=\"autoplay; fullscreen; picture-in-picture; clipboard-write\"><\/iframe>\n<\/div><\/figure>\n\n\n\n<h4 class=\"wp-block-heading\">\u00bfDebo considerar el arbitraje?<\/h4>\n\n\n\n<p>En el arbitraje, un tercero neutral (el \"\u00e1rbitro\") escucha los argumentos de ambas partes y emite una decisi\u00f3n. A menudo, esa decisi\u00f3n es vinculante para ambas partes.&nbsp;<\/p>\n\n\n\n<p>En este sentido, el arbitraje es similar a un juicio. Sin embargo, el arbitraje suele ser m\u00e1s \u00e1gil que un juicio e implica normas ligeramente diferentes para la presentaci\u00f3n de pruebas.&nbsp;<\/p>\n\n\n\n<p>El arbitraje se desarroll\u00f3 como alternativa al juicio, con la intenci\u00f3n de ahorrar tiempo y dinero. En algunos casos judiciales, el arbitraje sigue siendo una forma valiosa de ayudar a resolver las reclamaciones. Como los fabricantes de autom\u00f3viles han invertido su tiempo y esfuerzos en la construcci\u00f3n de un sistema de arbitraje de la ley del lim\u00f3n, ese sistema se ha sesgado a favor de los fabricantes de autom\u00f3viles. Las estad\u00edsticas muestran que los fabricantes de autom\u00f3viles a menudo ganan las reclamaciones de la ley del lim\u00f3n que van a arbitraje, incluso si el propietario del veh\u00edculo tiene un caso v\u00e1lido.&nbsp;<\/p>\n\n\n\n<h2 class=\"wp-block-heading\">P\u00f3ngase en contacto con un abogado con experiencia en la Ley del Lim\u00f3n de Inland Empire para discutir los pr\u00f3ximos pasos<\/h2>\n\n\n\n<p>Si usted sospecha que su veh\u00edculo es un lim\u00f3n, no espere: P\u00f3ngase en contacto con un abogado experimentado lim\u00f3n Inland Empire hoy. En <a href=\"https:\/\/www.wirtzlaw.com\/es\/\">Wirtz Law APC<\/a>Nuestro equipo legal ha ayudado a muchos propietarios de veh\u00edculos a obtener la compensaci\u00f3n y la tranquilidad que se merecen. P\u00f3ngase en contacto con nosotros hoy para una consulta gratuita y confidencial.<\/p>\n\n\n\n<p>Si est\u00e1s harto, te has hartado y crees que tu coche es un lim\u00f3n, <a href=\"tel:1-858-259-5009\">ll\u00e1menos al (858) 259-5009<\/a> para una evaluaci\u00f3n gratuita. Si su veh\u00edculo es un lim\u00f3n, vamos a tomar su caso sin costo alguno para usted sobre una base de honorarios de contingencia. Wirtz Law APC ofrece uno de los mejores servicios de abogados de la Ley del Lim\u00f3n en todas partes de California, incluyendo el sur de California, el norte de California, California Central y el este de California.<\/p>\n\n\n\n<p>Nuestro equipo tiene una bien ganada y merecida reputaci\u00f3n como defensores de los consumidores de veh\u00edculos de motor. Si usted sospecha que su veh\u00edculo califica como un lim\u00f3n bajo la ley del lim\u00f3n de California, <a href=\"https:\/\/www.wirtzlaw.com\/es\/contactar-con\/\">contacte con nosotros hoy mismo<\/a> para programar la evaluaci\u00f3n gratuita de su caso y obtener m\u00e1s informaci\u00f3n sobre sus opciones legales.<\/p>","protected":false},"excerpt":{"rendered":"<p>Los residentes de Inland Empire dependen de tener veh\u00edculos fiables. Cada d\u00eda, millones de residentes, trabajadores y visitantes de Inland Empire utilizan sus coches para ir al trabajo, a la escuela, hacer recados, asistir a actividades recreativas y realizar otras tareas esenciales.  Cuando un veh\u00edculo nuevo o alquilado tiene problemas continuos, se hace dif\u00edcil confiar en que...<\/p>","protected":false},"author":12,"featured_media":4614,"parent":2523,"menu_order":0,"comment_status":"closed","ping_status":"closed","template":"","meta":{"_acf_changed":false,"footnotes":""},"class_list":["post-4607","page","type-page","status-publish","has-post-thumbnail","hentry"],"acf":[],"_links":{"self":[{"href":"https:\/\/www.wirtzlaw.com\/es\/wp-json\/wp\/v2\/pages\/4607","targetHints":{"allow":["GET"]}}],"collection":[{"href":"https:\/\/www.wirtzlaw.com\/es\/wp-json\/wp\/v2\/pages"}],"about":[{"href":"https:\/\/www.wirtzlaw.com\/es\/wp-json\/wp\/v2\/types\/page"}],"author":[{"embeddable":true,"href":"https:\/\/www.wirtzlaw.com\/es\/wp-json\/wp\/v2\/users\/12"}],"replies":[{"embeddable":true,"href":"https:\/\/www.wirtzlaw.com\/es\/wp-json\/wp\/v2\/comments?post=4607"}],"version-history":[{"count":10,"href":"https:\/\/www.wirtzlaw.com\/es\/wp-json\/wp\/v2\/pages\/4607\/revisions"}],"predecessor-version":[{"id":6052,"href":"https:\/\/www.wirtzlaw.com\/es\/wp-json\/wp\/v2\/pages\/4607\/revisions\/6052"}],"up":[{"embeddable":true,"href":"https:\/\/www.wirtzlaw.com\/es\/wp-json\/wp\/v2\/pages\/2523"}],"wp:featuredmedia":[{"embeddable":true,"href":"https:\/\/www.wirtzlaw.com\/es\/wp-json\/wp\/v2\/media\/4614"}],"wp:attachment":[{"href":"https:\/\/www.wirtzlaw.com\/es\/wp-json\/wp\/v2\/media?parent=4607"}],"curies":[{"name":"wp","href":"https:\/\/api.w.org\/{rel}","templated":true}]}}