{"id":4120,"date":"2022-09-29T17:32:39","date_gmt":"2022-09-29T21:32:39","guid":{"rendered":"https:\/\/www.wirtzlaw.com\/?page_id=4120"},"modified":"2026-04-13T18:50:23","modified_gmt":"2026-04-13T22:50:23","slug":"proceso-de-la-ley-del-limon","status":"publish","type":"page","link":"https:\/\/www.wirtzlaw.com\/es\/practice-areas\/lemon-law-attorneys\/los-angeles-lemon-law-attorneys\/lemon-law-process\/","title":{"rendered":"Proceso de la Ley del Lim\u00f3n"},"content":{"rendered":"<h2 class=\"wp-block-heading\">Los Angeles Los abogados de la ley del lim\u00f3n trabajan para proteger a los propietarios de veh\u00edculos<\/h2>\n\n\n\n<p>La ley del lim\u00f3n de California protege a los propietarios de veh\u00edculos cuando su veh\u00edculo reci\u00e9n comprado o alquilado tiene un defecto peligroso o persistente. Puede tener un defecto o muchos.  Los propietarios de veh\u00edculos defectuosos pueden solicitar un veh\u00edculo de sustituci\u00f3n, un reembolso y otras compensaciones por sus p\u00e9rdidas.&nbsp;<\/p>\n\n\n\n<p>Aunque la ley permite a los propietarios de veh\u00edculos para presentar una demanda contra un fabricante de autom\u00f3viles para un veh\u00edculo defectuoso, la mayor\u00eda de las reclamaciones de la ley del lim\u00f3n no ir todo el camino a juicio. En cambio, los abogados de lim\u00f3n con experiencia en Los Angeles y otros lugares de California trabajan agresivamente para <a href=\"https:\/\/www.wirtzlaw.com\/es\/areas-de-practica\/abogados-de-la-ley-del-limon\/proceso-de-conciliacion-de-la-ley-del-limon-en-california\/\">negociar un acuerdo justo<\/a> en virtud de las leyes del lim\u00f3n del estado.&nbsp;<\/p>\n\n\n\n<p>Hable con el equipo de Wirtz Law APC hoy mismo si tiene un lim\u00f3n y necesita ayuda. Nuestro <a href=\"https:\/\/www.wirtzlaw.com\/es\/areas-de-practica\/abogados-de-la-ley-del-limon\/los-angeles-lemon-law-abogados\/\">abogados experimentados en la ley del lim\u00f3n Los Angeles<\/a> puede ayudarle a navegar por el proceso legal y obtener la compensaci\u00f3n que merece.&nbsp;<\/p>\n\n\n\n<h3 class=\"wp-block-heading\">L\u00edmites de tiempo en las reclamaciones de la Ley del Lim\u00f3n<\/h3>\n\n\n\n<p>Si crees que tu veh\u00edculo es un lim\u00f3n, es esencial actuar con rapidez. <a href=\"https:\/\/www.wirtzlaw.com\/es\/areas-de-practica\/abogados-de-la-ley-del-limon\/\">Ley del lim\u00f3n de California<\/a> requiere que las reclamaciones se presenten dentro de <strong>un a\u00f1o despu\u00e9s del vencimiento de la garant\u00eda y hasta seis a\u00f1os despu\u00e9s de la fecha de entrega<\/strong>.<\/p>\n\n\n\n<p>En cuanto sospeche que tiene un lim\u00f3n, <a href=\"https:\/\/www.wirtzlaw.com\/es\/contactar-con\/\">contacte con un abogado experto en la ley del lim\u00f3n Los Angeles<\/a>. Los beneficios de hablar con un abogado desde el principio son:<\/p>\n\n\n\n<ul class=\"wp-block-list\">\n<li>Usted y su abogado pueden decidir un plan de acci\u00f3n r\u00e1pidamente para que reciba antes la indemnizaci\u00f3n que necesita;<\/li>\n\n\n\n<li>Su abogado puede ayudarle a reunir las pruebas que apoyan su reclamaci\u00f3n de la ley del lim\u00f3n antes de que desaparezcan o sean de dif\u00edcil acceso; y&nbsp;<\/li>\n\n\n\n<li>Usted acorta el tiempo que debe pasar luchando con su veh\u00edculo lim\u00f3n y el estr\u00e9s innecesario que causa.&nbsp;<\/li>\n<\/ul>\n\n\n\n<p>Busque un abogado especializado en casos de fraude que ofrezca consultas iniciales gratuitas. Podr\u00e1 hacer preguntas y descubrir c\u00f3mo se aplica la ley del lim\u00f3n de California a su situaci\u00f3n sin gastar dinero extra.&nbsp;<\/p>\n\n\n\n<h3 class=\"wp-block-heading\">Pruebas para apoyar su reclamaci\u00f3n de la Ley del Lim\u00f3n Los Angeles<\/h3>\n\n\n\n<p>Todos los casos legales se basan en pruebas, y los casos de la ley del lim\u00f3n no son una excepci\u00f3n. Si usted ha estado lidiando con constantes viajes al mec\u00e1nico y todav\u00eda est\u00e1 experimentando problemas del veh\u00edculo, es muy probable que <a href=\"https:\/\/www.wirtzlaw.com\/es\/areas-de-practica\/abogados-de-la-ley-del-limon\/los-angeles-lemon-law-abogados\/tipos-de-documentacion-utilizados-en-los-casos-de-la-ley-del-limon-de-los-angeles\/\">ya tienes algunas pruebas<\/a> para ayudarle a usted y a su abogado a construir un caso s\u00f3lido.&nbsp;<\/p>\n\n\n\n<p>Para ayudar a que su caso avance sin problemas en el proceso legal, guarde toda la informaci\u00f3n relacionada con su veh\u00edculo en un lugar seguro. Los elementos que se deben recopilar pueden incluir:<\/p>\n\n\n\n<ul class=\"wp-block-list\">\n<li>El manual de tu veh\u00edculo;<\/li>\n\n\n\n<li>Folleto de ventas;&nbsp;<\/li>\n\n\n\n<li>Copias de la documentaci\u00f3n de la compra o el alquiler, incluida la garant\u00eda del veh\u00edculo;<\/li>\n\n\n\n<li>Registros de servicio relacionados con los problemas de su veh\u00edculo y los intentos de reparaci\u00f3n.<\/li>\n\n\n\n<li>Copias de los recibos de los gastos relacionados con los problemas de tu veh\u00edculo, incluidas las facturas de reparaci\u00f3n y costes como la b\u00fasqueda de transporte alternativo.&nbsp;<\/li>\n<\/ul>\n\n\n\n<p>Estas pruebas pueden ayudarle a construir un caso s\u00f3lido para obtener la indemnizaci\u00f3n que merece. Adem\u00e1s de estas pruebas, su abogado puede buscar otros elementos. Es posible que le pidan que preste declaraci\u00f3n en algunas demandas de la ley del lim\u00f3n. Una declaraci\u00f3n es un testimonio prestado bajo juramento. Normalmente se lleva a cabo en la oficina de un abogado en lugar de una sala de audiencias. Si es necesaria una declaraci\u00f3n en su caso, un abogado con experiencia puede ayudarle a prepararse.<br><br>Si descubre que no puede rastrear o localizar documentos espec\u00edficos para sus casos, no se asuste. <a href=\"https:\/\/www.wirtzlaw.com\/es\/equipo\/\">Nuestro equipo jur\u00eddico est\u00e1 aqu\u00ed para ayudar<\/a>. A trav\u00e9s de litigios, podemos ayudar a obtener los documentos requeridos y ayudar a mantener su caso organizado. Perm\u00edtanos ayudarle a preparar un caso fuerte contra el fabricante de autom\u00f3viles de su coche.&nbsp;<\/p>\n\n\n\n<h3 class=\"wp-block-heading\">\u00bfQu\u00e9 puedo esperar de una reclamaci\u00f3n de la Ley del Lim\u00f3n?&nbsp;<\/h3>\n\n\n\n<p>La Ley del Lim\u00f3n exige a los fabricantes de autom\u00f3viles que proporcionen a los propietarios un veh\u00edculo de sustituci\u00f3n o el reembolso de su dinero. El propietario puede elegir la opci\u00f3n que desee. Los reembolsos se calculan mediante una f\u00f3rmula basada en la ley del lim\u00f3n de California. Es esencial elegir a un abogado que entienda esta f\u00f3rmula para que no acepte un acuerdo inferior al que establece la ley.&nbsp;<\/p>\n\n\n\n<p>Las sustituciones y los reembolsos son una parte vital de cualquier reclamaci\u00f3n de la ley del lim\u00f3n. Sin embargo, no son la \u00fanica compensaci\u00f3n que la ley ofrece a los propietarios de veh\u00edculos. Adem\u00e1s de la sustituci\u00f3n o el reembolso, la ley del lim\u00f3n incluye tres categor\u00edas adicionales de compensaci\u00f3n para los propietarios de veh\u00edculos defectuosos:<\/p>\n\n\n\n<ul class=\"wp-block-list\">\n<li>Da\u00f1os incidentales y consecuentes;&nbsp;<\/li>\n\n\n\n<li>Sanciones civiles; y<\/li>\n\n\n\n<li>Honorarios de abogados y costas y gastos.&nbsp;<\/li>\n<\/ul>\n\n\n\n<p>Los da\u00f1os incidentales y consecuentes son gastos que usted no habr\u00eda tenido si su veh\u00edculo no hubiera resultado ser un lim\u00f3n. Si has tenido que alquilar un coche para ir a trabajar porque tu coche estaba en el taller, los gastos de alquiler podr\u00edan considerarse da\u00f1os incidentales o consecuentes.&nbsp;<\/p>\n\n\n\n<p>La ley del lim\u00f3n de California tambi\u00e9n prev\u00e9 sanciones civiles que el fabricante de autom\u00f3viles debe pagar al propietario del veh\u00edculo.  Las sanciones civiles pueden ser hasta dos veces el importe de los da\u00f1os reales. Estos da\u00f1os adicionales est\u00e1n disponibles para castigar a los fabricantes de autom\u00f3viles que han incumplido deliberadamente la ley del lim\u00f3n de California. Por ejemplo, si un fabricante de autom\u00f3viles deliberadamente no recompra un veh\u00edculo que califica como un lim\u00f3n, puede ser responsable de las sanciones civiles. Las sanciones civiles est\u00e1n dise\u00f1adas para desalentar futuros incumplimientos intencionados de la ley del lim\u00f3n.<\/p>\n\n\n\n<p>Adem\u00e1s, los fabricantes de autom\u00f3viles est\u00e1n obligados a pagar los honorarios y costas legales del propietario del veh\u00edculo, as\u00ed como los gastos si el veh\u00edculo es un lim\u00f3n. Cuando su caso tiene \u00e9xito, usted no tiene que pagar a su abogado - el fabricante de autom\u00f3viles debe pagar en su lugar. Elija un abogado que luche por conseguir la m\u00e1xima indemnizaci\u00f3n que le corresponde, no s\u00f3lo un veh\u00edculo de sustituci\u00f3n o un reembolso.&nbsp;<\/p>\n\n\n\n<h3 class=\"wp-block-heading\">C\u00f3mo elegir un abogado con experiencia en la Ley del Lim\u00f3n<\/h3>\n\n\n\n<p>Muchos propietarios de veh\u00edculos defectuosos tienen poca o ninguna experiencia con el sistema legal. Saben que necesitan ayuda. Saben que merecen una compensaci\u00f3n por el estr\u00e9s y el riesgo al que se han enfrentado. Sin embargo, no siempre saben lo que hace un buen abogado de lim\u00f3n - o c\u00f3mo saber que han hecho la mejor elecci\u00f3n.&nbsp;<\/p>\n\n\n\n<p>Cuando busque un abogado especializado en la ley del lim\u00f3n, busque:<\/p>\n\n\n\n<p><strong>Un historial de victorias en reclamaciones de la ley del lim\u00f3n. <\/strong>Las reclamaciones de la ley del lim\u00f3n suelen parecer sencillas a primera vista, pero pueden volverse m\u00e1s complejas. A veces, el fabricante de autom\u00f3viles se defiende, lo que complica el caso. <a href=\"https:\/\/www.wirtzlaw.com\/es\/categoria\/veredictos-acuerdos\/\">Los abogados expertos en casos de da\u00f1os causados por el lim\u00f3n saben lo que hay que hacer<\/a>. Se anticipan a las t\u00e1cticas habituales de los fabricantes de autom\u00f3viles y planifican el \u00e9xito hasta llegar a un juicio con jurado si es necesario.<\/p>\n\n\n\n<p><strong>Un acuerdo de honorarios de contingencia. <\/strong>Un acuerdo de \"contingencia\" le garantiza que no pagar\u00e1 de su bolsillo. <a href=\"https:\/\/www.wirtzlaw.com\/es\/que-esperar-tras-ganar-un-juicio-por-la-ley-del-limon\/\">Cuando ganas<\/a>Si usted pierde el juicio, el fabricante de autom\u00f3viles paga a su abogado de acuerdo con los requisitos de la ley del lim\u00f3n de California. Si usted pierde, su abogado no recibe honorarios. Los acuerdos de honorarios contingentes utilizan la ley del lim\u00f3n como se pretende - para exigir a los fabricantes de autom\u00f3viles que compensen a los propietarios de veh\u00edculos por los honorarios del abogado y otras p\u00e9rdidas. Tambi\u00e9n animan a su abogado a luchar por el mejor resultado posible en su caso.&nbsp;<\/p>\n\n\n\n<p><strong>Conocimiento de los procesos y t\u00e1cticas de la ley del lim\u00f3n. <\/strong>Los fabricantes de autom\u00f3viles han invertido considerables recursos en la creaci\u00f3n de un sistema de arbitraje para las reclamaciones de la ley del lim\u00f3n. El arbitraje puede parecer atractivo: A menudo es menos complejo que un juicio, y los \u00e1rbitros se centran en las reclamaciones de la ley del lim\u00f3n. En la pr\u00e1ctica, sin embargo, el arbitraje de las reclamaciones de la ley del lim\u00f3n tiende a conducir a resultados menos favorables para los propietarios de veh\u00edculos. Busque un abogado que sepa c\u00f3mo llevar su caso ante un jurado o ante un \u00e1rbitro y que pueda proporcionarle una evaluaci\u00f3n franca de si el acuerdo o el juicio es la opci\u00f3n correcta para su reclamaci\u00f3n.<\/p>\n\n\n\n<p><strong>Una comunicaci\u00f3n clara. <\/strong>Trabajar\u00e1 con su abogado a lo largo de todo el caso. Es esencial elegir un abogado especializado en la ley del lim\u00f3n y un equipo con el que pueda comunicarse. Cuando busque un abogado, no dude en hacer preguntas. Tenga en cuenta si el abogado responde a sus preguntas de una manera que usted entienda. Pregunte c\u00f3mo puede ponerse en contacto con el abogado si tiene m\u00e1s preguntas. Discuta las formas de ayudar a construir su caso mediante la recopilaci\u00f3n de la documentaci\u00f3n necesaria.&nbsp;<\/p>\n\n\n\n<p>No todos los bufetes de abogados cuentan con abogados con experiencia y conocimientos para alcanzar el mejor resultado posible en las reclamaciones de la ley del lim\u00f3n. Nuestro <a href=\"https:\/\/www.wirtzlaw.com\/es\/equipo\/\">El equipo de abogados de Los Angeles se centra espec\u00edficamente en las reclamaciones de la ley del lim\u00f3n<\/a> en <a href=\"https:\/\/www.wirtzlaw.com\/es\/areas-de-practica\/abogados-de-la-ley-del-limon\/anaheim-abogados-de-la-ley-de-limon\/\">Anaheim<\/a>Arcadia, Brentwood, <a href=\"https:\/\/www.wirtzlaw.com\/es\/areas-de-practica\/abogados-de-la-ley-del-limon\/burbank-abogados-de-la-ley-de-limon\/\">Burbank<\/a>Calabasas, Downey, Downtown Los Angeles, Culver City, Glendale, <a href=\"https:\/\/www.wirtzlaw.com\/es\/areas-de-practica\/abogados-de-la-ley-del-limon\/long-beach-abogados-de-la-ley-del-limon\/\">Long Beach<\/a>Santa Monica, Torrance, y West Covina por nombrar algunos. Trabajamos constantemente para construir nuestro conocimiento legal y tener las habilidades requeridas para asegurar los mejores resultados para nuestros clientes. <a href=\"https:\/\/www.wirtzlaw.com\/es\/contactar-con\/\">P\u00f3ngase en contacto con nosotros hoy mismo para obtener m\u00e1s informaci\u00f3n<\/a>.<\/p>\n\n\n\n<h3 class=\"wp-block-heading\">P\u00f3ngase en contacto con nuestros experimentados abogados del proceso de la Ley del Lim\u00f3n Los Angeles hoy mismo<\/h3>\n\n\n\n<p><a href=\"https:\/\/www.wirtzlaw.com\/es\/\">Wirtz Law APC ofrece uno de los mejores servicios de abogados de la Ley del Lim\u00f3n<\/a> en el sur de California, el norte de California, el centro de California y el este de California. Si usted es <a href=\"https:\/\/www.wirtzlaw.com\/es\/areas-de-practica\/abogados-de-la-ley-del-limon\/los-angeles-lemon-law-abogados\/\">buscando un bufete de abogados del lim\u00f3n Los Angeles<\/a>no busque m\u00e1s all\u00e1 del Wirtz Law APC. Si usted ha tenido suficiente, est\u00e1 harto, y piensa que su coche es un lim\u00f3n, <a href=\"tel:1-858-259-5009\">ll\u00e1menos al (858) 259-5009<\/a> para una evaluaci\u00f3n gratuita y sin compromiso. Si su veh\u00edculo es un lim\u00f3n, vamos a tomar su caso sin costo alguno para usted en una base de honorarios de contingencia.&nbsp;<\/p>\n\n\n\n<p>Si su h\u00edbrido, cami\u00f3n, coche, EV, o SUV est\u00e1 experimentando problemas sustanciales o repetidos, usted debe hablar con uno de nuestros <a href=\"https:\/\/www.wirtzlaw.com\/es\/areas-de-practica\/abogados-de-la-ley-del-limon\/los-angeles-lemon-law-abogados\/\">Los Angeles abogados de la ley del lim\u00f3n en el Wirtz Law APC<\/a>. Nuestra firma se centra en ayudar a los consumidores de California a obtener la compensaci\u00f3n que merecen despu\u00e9s de comprar un lim\u00f3n. Nuestro equipo tiene una bien ganada y merecida reputaci\u00f3n como defensores de los consumidores de veh\u00edculos de motor.&nbsp;<\/p>\n\n\n\n<p>Nuestro <a href=\"https:\/\/www.wirtzlaw.com\/es\/areas-de-practica\/abogados-de-la-ley-del-limon\/los-angeles-lemon-law-abogados\/\">Los Angeles County equipo de la ley del lim\u00f3n<\/a> tiene un historial probado, habiendo <a href=\"https:\/\/www.wirtzlaw.com\/es\/categoria\/veredictos-acuerdos\/\">recuperamos $76 millones para nuestros clientes<\/a>. Luchamos por nuestros clientes para que reciban la indemnizaci\u00f3n que merecen. <a href=\"https:\/\/www.wirtzlaw.com\/es\/contactar-con\/\">P\u00f3ngase en contacto con nosotros hoy mismo para programar la evaluaci\u00f3n gratuita de su caso<\/a>.<\/p>","protected":false},"excerpt":{"rendered":"<p>Los Angeles Abogados de la Ley del Lim\u00f3n Trabajan para Proteger a los Propietarios de Veh\u00edculos La ley del lim\u00f3n de California protege a los propietarios de veh\u00edculos cuando su veh\u00edculo reci\u00e9n comprado o arrendado tiene un defecto peligroso o persistente. Puede tener un defecto o muchos.  Los propietarios de veh\u00edculos defectuosos pueden solicitar un veh\u00edculo de sustituci\u00f3n, un reembolso y otras compensaciones por sus p\u00e9rdidas.  Aunque la ley...<\/p>","protected":false},"author":12,"featured_media":4136,"parent":4087,"menu_order":0,"comment_status":"closed","ping_status":"closed","template":"","meta":{"_acf_changed":false,"footnotes":""},"class_list":["post-4120","page","type-page","status-publish","has-post-thumbnail","hentry"],"acf":[],"_links":{"self":[{"href":"https:\/\/www.wirtzlaw.com\/es\/wp-json\/wp\/v2\/pages\/4120","targetHints":{"allow":["GET"]}}],"collection":[{"href":"https:\/\/www.wirtzlaw.com\/es\/wp-json\/wp\/v2\/pages"}],"about":[{"href":"https:\/\/www.wirtzlaw.com\/es\/wp-json\/wp\/v2\/types\/page"}],"author":[{"embeddable":true,"href":"https:\/\/www.wirtzlaw.com\/es\/wp-json\/wp\/v2\/users\/12"}],"replies":[{"embeddable":true,"href":"https:\/\/www.wirtzlaw.com\/es\/wp-json\/wp\/v2\/comments?post=4120"}],"version-history":[{"count":27,"href":"https:\/\/www.wirtzlaw.com\/es\/wp-json\/wp\/v2\/pages\/4120\/revisions"}],"predecessor-version":[{"id":7843,"href":"https:\/\/www.wirtzlaw.com\/es\/wp-json\/wp\/v2\/pages\/4120\/revisions\/7843"}],"up":[{"embeddable":true,"href":"https:\/\/www.wirtzlaw.com\/es\/wp-json\/wp\/v2\/pages\/4087"}],"wp:featuredmedia":[{"embeddable":true,"href":"https:\/\/www.wirtzlaw.com\/es\/wp-json\/wp\/v2\/media\/4136"}],"wp:attachment":[{"href":"https:\/\/www.wirtzlaw.com\/es\/wp-json\/wp\/v2\/media?parent=4120"}],"curies":[{"name":"wp","href":"https:\/\/api.w.org\/{rel}","templated":true}]}}