{"id":2972,"date":"2022-04-25T10:54:59","date_gmt":"2022-04-25T14:54:59","guid":{"rendered":"https:\/\/www.wirtzlaw.com\/?page_id=2972"},"modified":"2022-07-26T12:19:21","modified_gmt":"2022-07-26T16:19:21","slug":"gmc-envoy","status":"publish","type":"page","link":"https:\/\/www.wirtzlaw.com\/es\/practice-areas\/lemon-law-attorneys\/gmc-lemon-law-attorneys\/gmc-envoy\/","title":{"rendered":"GMC Envoy"},"content":{"rendered":"<p>General Motors (GM) fabric\u00f3 un SUV de tama\u00f1o medio, el GMC Envoy, entre 1998 y 2009. En 2002, GMC recuper\u00f3 el nombre Envoy para un nuevo SUV de tama\u00f1o medio similar al Chevy Trailblazer. El Envoy viene con un motor de seis cilindros en l\u00ednea. GM tambi\u00e9n ofreci\u00f3 un complemento de gama alta Denali con un tren motriz V-8 y desactivaci\u00f3n de cilindros.&nbsp;<\/p>\n\n\n\n<p>Los GMC Envoys son SUV populares con una alta aprobaci\u00f3n por parte de los consumidores. Sin embargo, como con todos los veh\u00edculos, GMC fabric\u00f3 algunos Envoys que eran limones con defectos sustanciales. Si usted compr\u00f3 un GMC Envoy y ha tenido que seguir llev\u00e1ndolo a reparar, puede tener derecho a un veh\u00edculo de sustituci\u00f3n o a la recompra de su veh\u00edculo a trav\u00e9s de la ley del lim\u00f3n de California.&nbsp;<\/p>\n\n\n\n<h2 class=\"wp-block-heading\">Ley del Lim\u00f3n de California para Veh\u00edculos GMC Envoy<\/h2>\n\n\n\n<p>California tiene una de las leyes de lim\u00f3n m\u00e1s protectoras para los consumidores. Cuando su veh\u00edculo es elegible como un lim\u00f3n, usted tiene derecho a un remedio legal del fabricante de autom\u00f3viles. La ley del lim\u00f3n de California requiere que los fabricantes de veh\u00edculos de motor reemplacen los veh\u00edculos que se consideran limones. Tambi\u00e9n pueden recomprar un veh\u00edculo lim\u00f3n al propietario.<\/p>\n\n\n\n<p>Seg\u00fan la ley del lim\u00f3n de California, deber\u00e1 demostrar que ha permitido a GM reparar su Envoy defectuoso mediante un n\u00famero razonable de intentos de reparaci\u00f3n. El defecto debe afectar al uso, valor o seguridad del veh\u00edculo.  No existe un n\u00famero concreto de intentos de reparaci\u00f3n razonables, pero pueden ser tan s\u00f3lo dos.&nbsp;<\/p>\n\n\n\n<h3 class=\"wp-block-heading\">Defectos comunes de la Ley del Lim\u00f3n en los veh\u00edculos GMC Envoy<\/h3>\n\n\n\n<p>Mientras que <a href=\"https:\/\/www.wirtzlaw.com\/es\/areas-de-practica\/abogados-de-la-ley-del-limon\/gmc-abogados-de-la-ley-de-limon\/\">Veh\u00edculos GMC<\/a> tienen calificaciones de seguridad relativamente altas, todav\u00eda son propensos a defectos espec\u00edficos y problemas de seguridad. Algunos GMC Envoys han tenido problemas importantes con la direcci\u00f3n asistida, lo que ha provocado un fallo de la misma. Los veh\u00edculos GMC han sido retirados del mercado debido a que los conductores experimentan un fallo repentino en el sistema de direcci\u00f3n asistida.<\/p>\n\n\n\n<p>Otro defecto com\u00fan es el desbordamiento del dep\u00f3sito de combustible. Los dep\u00f3sitos de combustible pueden desbordarse y tener fugas debido a sensores de combustible defectuosos en el dep\u00f3sito trasero. El desbordamiento del tanque de combustible es un defecto peligroso porque puede conducir a un riesgo de incendio y explosi\u00f3n potencial. Los GMC Envoys tambi\u00e9n han sufrido fallos en el airbag, incluyendo el no despliegue, el despliegue tard\u00edo o la activaci\u00f3n sin choque.&nbsp;<\/p>\n\n\n\n<p>Otros defectos incluyen defectos de transmisi\u00f3n que pueden hacer que el veh\u00edculo vacile al acelerar y desacelerar. Estos son s\u00f3lo algunos de los defectos m\u00e1s comunes en los veh\u00edculos GMC Envoy, pero muchos otros defectos podr\u00edan hacer que su veh\u00edculo sea elegible bajo la ley del lim\u00f3n de California.<\/p>\n\n\n\n<h3 class=\"wp-block-heading\">\u00bfCu\u00e1nto vale mi reclamaci\u00f3n de la Ley del Lim\u00f3n?<\/h3>\n\n\n\n<p>Usted podr\u00e1 recuperar la cantidad que pag\u00f3 si su GMC Envoy es elegible como un lim\u00f3n. Los da\u00f1os tambi\u00e9n incluyen los da\u00f1os incidentales y consecuentes relacionados con los defectos, como los costes relacionados con los conductores de gr\u00faa y los veh\u00edculos de alquiler mientras su veh\u00edculo est\u00e1 en el taller de reparaci\u00f3n. En algunos casos, GMC viola intencionadamente las leyes sobre veh\u00edculos defectuosos de California al negarse a proporcionarle un veh\u00edculo nuevo o a recomprar su GMC Envoy. Si esto ha ocurrido en su caso, puede tener derecho a una indemnizaci\u00f3n adicional por un importe de hasta el doble de sus da\u00f1os reales.&nbsp;<\/p>\n\n\n\n<p>Si usted tiene curiosidad acerca de cu\u00e1nto vale su demanda de la ley del lim\u00f3n, y si es incluso vale la pena su tiempo para perseguir la compensaci\u00f3n, le recomendamos programar una consulta gratuita con Wirtz Law. Para la mayor\u00eda de los propietarios de veh\u00edculos, la b\u00fasqueda de una reclamaci\u00f3n de la ley del lim\u00f3n vale la pena su tiempo y energ\u00eda. Si usted busca un veh\u00edculo de reemplazo o una recompra de su veh\u00edculo actual, usted ser\u00e1 capaz de conducir un veh\u00edculo seguro y confiable una vez que su reclamo se ha completado. Ya no tendr\u00e1 que perder tiempo y dinero llevando su veh\u00edculo al taller repetidamente.<\/p>\n\n\n\n<h3 class=\"wp-block-heading\">\u00bfSu GMC es un lim\u00f3n?<\/h3>\n\n\n\n<p>Deber\u00e1 demostrar que su GMC Envoy es un veh\u00edculo defectuoso para obtener una reparaci\u00f3n a trav\u00e9s de la ley del lim\u00f3n de California. Un lim\u00f3n se define como un veh\u00edculo que tiene uno o m\u00e1s defectos que hacen que no funcione correctamente, incluso despu\u00e9s de m\u00faltiples intentos de reparaci\u00f3n. Su GMC Envoy no necesita estar en el taller de reparaciones por el mismo defecto repetidamente, aunque eso tambi\u00e9n funciona.  Pueden ser diferentes defectos, siempre que lo haya llevado m\u00e1s de una vez. Para tener derecho a una indemnizaci\u00f3n, es necesario que el defecto o defectos de su GMC perjudiquen sustancialmente el uso, valor o seguridad de su veh\u00edculo.&nbsp;<\/p>\n\n\n\n<p>Incluso si su veh\u00edculo tiene m\u00faltiples defectos, siempre que haya dado a GMC un n\u00famero razonable de intentos de reparaci\u00f3n, su veh\u00edculo ser\u00e1 elegible. Llevar su veh\u00edculo a reparar dos o m\u00e1s veces podr\u00eda ser suficiente para cumplir este requisito, especialmente cuando los defectos perjudican el uso, el valor o la seguridad de su veh\u00edculo. Tambi\u00e9n puede tener un veh\u00edculo defectuoso si ha estado en el taller durante 30 d\u00edas o m\u00e1s y sigue teniendo uno o m\u00e1s defectos.&nbsp;<\/p>\n\n\n\n<p>La ley del lim\u00f3n de California protege a los propietarios de veh\u00edculos nuevos que a\u00fan est\u00e1n bajo la garant\u00eda del fabricante. Antes de obtener una reparaci\u00f3n, tendr\u00e1 que demostrar que su veh\u00edculo tiene una garant\u00eda v\u00e1lida, no s\u00f3lo un contrato de servicio ampliado. Si usted tiene un veh\u00edculo de segunda mano certificado, todav\u00eda puede ser elegible si al menos uno o m\u00e1s intentos de reparaci\u00f3n se produjeron cuando su veh\u00edculo estaba en garant\u00eda.&nbsp;<\/p>\n\n\n\n<h3 class=\"wp-block-heading\">GMC Envoy retira del mercado<\/h3>\n\n\n\n<p>Los GMC Envoys han sido objeto de varias llamadas a revisi\u00f3n. Una de ellas se refer\u00eda a un inflador de airbag defectuoso en el lado del conductor que pod\u00eda fracturar una soldadura mientras el airbag estaba desplegado. Las piezas del inflador podr\u00edan golpear a los ocupantes del veh\u00edculo y causarles lesiones. El defecto tambi\u00e9n provoca que los airbags no se inflen completamente. Otras llamadas a revisi\u00f3n incluyeron problemas con el tubo de freno delantero izquierdo y el incumplimiento del Sistema de Anclaje de los Sistemas de Retenci\u00f3n Infantil.&nbsp;<\/p>\n\n\n\n<h4 class=\"wp-block-heading\">P\u00f3ngase en contacto con un abogado de la ley del lim\u00f3n de GMC Envoy en California&nbsp;<\/h4>\n\n\n\n<p>\u00bfHa tenido que llevar su GMC Envoy al taller en repetidas ocasiones? \u00bfSiguen ocurriendo problemas a pesar de todos los intentos de reparaci\u00f3n? Le recomendamos discutir su caso con un abogado con experiencia en la ley del lim\u00f3n. Los abogados de la ley del lim\u00f3n de California en Wirtz Law pueden ayudarle a aprender m\u00e1s sobre sus derechos legales y si usted es elegible para buscar remedios legales de GMC. <a href=\"https:\/\/www.wirtzlaw.com\/es\/contactar-con\/\">Contacte con<\/a> para programar su consulta inicial gratuita.&nbsp;<\/p>","protected":false},"excerpt":{"rendered":"<p>General Motors (GM) fabric\u00f3 un SUV de tama\u00f1o medio, el GMC Envoy, entre 1998 y 2009. En 2002, GMC recuper\u00f3 el nombre Envoy para un nuevo SUV de tama\u00f1o medio similar al Chevy Trailblazer. El Envoy viene con un motor de seis cilindros en l\u00ednea. GM tambi\u00e9n ofreci\u00f3 una versi\u00f3n Denali de gama alta con un motor V-8 y desactivaci\u00f3n de cilindros.  Los GMC Envoys son...<\/p>","protected":false},"author":12,"featured_media":3236,"parent":2539,"menu_order":0,"comment_status":"closed","ping_status":"closed","template":"","meta":{"_acf_changed":false,"footnotes":""},"class_list":["post-2972","page","type-page","status-publish","has-post-thumbnail","hentry"],"acf":[],"_links":{"self":[{"href":"https:\/\/www.wirtzlaw.com\/es\/wp-json\/wp\/v2\/pages\/2972","targetHints":{"allow":["GET"]}}],"collection":[{"href":"https:\/\/www.wirtzlaw.com\/es\/wp-json\/wp\/v2\/pages"}],"about":[{"href":"https:\/\/www.wirtzlaw.com\/es\/wp-json\/wp\/v2\/types\/page"}],"author":[{"embeddable":true,"href":"https:\/\/www.wirtzlaw.com\/es\/wp-json\/wp\/v2\/users\/12"}],"replies":[{"embeddable":true,"href":"https:\/\/www.wirtzlaw.com\/es\/wp-json\/wp\/v2\/comments?post=2972"}],"version-history":[{"count":2,"href":"https:\/\/www.wirtzlaw.com\/es\/wp-json\/wp\/v2\/pages\/2972\/revisions"}],"predecessor-version":[{"id":3428,"href":"https:\/\/www.wirtzlaw.com\/es\/wp-json\/wp\/v2\/pages\/2972\/revisions\/3428"}],"up":[{"embeddable":true,"href":"https:\/\/www.wirtzlaw.com\/es\/wp-json\/wp\/v2\/pages\/2539"}],"wp:featuredmedia":[{"embeddable":true,"href":"https:\/\/www.wirtzlaw.com\/es\/wp-json\/wp\/v2\/media\/3236"}],"wp:attachment":[{"href":"https:\/\/www.wirtzlaw.com\/es\/wp-json\/wp\/v2\/media?parent=2972"}],"curies":[{"name":"wp","href":"https:\/\/api.w.org\/{rel}","templated":true}]}}