{"id":2936,"date":"2022-03-07T12:26:53","date_gmt":"2022-03-07T17:26:53","guid":{"rendered":"https:\/\/www.wirtzlaw.com\/?page_id=2936"},"modified":"2025-09-23T18:47:24","modified_gmt":"2025-09-23T22:47:24","slug":"gmc-canyon","status":"publish","type":"page","link":"https:\/\/www.wirtzlaw.com\/es\/practice-areas\/lemon-law-attorneys\/gmc-lemon-law-attorneys\/gmc-canyon\/","title":{"rendered":"GMC Canyon"},"content":{"rendered":"<p>El GMC Canyon es un cami\u00f3n de tama\u00f1o medio que ofrece una enorme capacidad de remolque, tama\u00f1o maniobrable, y un motor de gasolina V6 o diesel de cuatro cilindros. Desafortunadamente, algunas camionetas GMC Canyon tienen <a href=\"https:\/\/www.wirtzlaw.com\/es\/areas-de-practica\/abogados-de-la-ley-del-limon\/abogado-de-la-ley-del-limon-de-san-diego\/abogado-de-camiones-defectuosos\/\">defectos de fabricaci\u00f3n<\/a> o requieren tiempo en el taller de reparaciones. Si usted ha comprado un GMC Canyon que es un lim\u00f3n, usted puede tener derecho a una indemnizaci\u00f3n en forma de un veh\u00edculo de sustituci\u00f3n, un pago en efectivo, o una recompra.&nbsp;<\/p>\n\n\n\n<h2 class=\"wp-block-heading\" id=\"schedule-a-free-case-evaluation-with-a-gmc-canyon-lemon-law-attorney\">Programe una evaluaci\u00f3n gratuita de su caso con un abogado especializado en la ley del lim\u00f3n de GMC Canyon&nbsp;<\/h2>\n\n\n\n<p>\u00bfHa comprado un GMC Lemon en California? Si es as\u00ed, es crucial que hable con un abogado lo antes posible. En Wirtz Law, abogamos por los consumidores que han comprado limones para que reciban la compensaci\u00f3n que se merecen. Wirtz Law tiene un historial probado de responsabilizar a los fabricantes de autom\u00f3viles. P\u00f3ngase en contacto con el experimentado <a href=\"https:\/\/www.wirtzlaw.com\/es\/areas-de-practica\/abogados-de-la-ley-del-limon\/gmc-abogados-de-la-ley-de-limon\/\">Abogados de la ley del lim\u00f3n de GMC<\/a> al Wirtz Law hoy mismo para programar la evaluaci\u00f3n gratuita de su caso.&nbsp;<\/p>\n\n\n\n<h3 class=\"wp-block-heading\" id=\"common-lemon-law-defects-in-a-gmc-canyon\">Defectos comunes de la Ley del Lim\u00f3n en un GMC Canyon<\/h3>\n\n\n\n<p>La primera generaci\u00f3n de GMC Canyon inclu\u00eda camiones compactos, mientras que la segunda generaci\u00f3n, lanzada en 2015, son de tama\u00f1o medio. Desafortunadamente, hay muchos defectos comunes con los camiones GMC Canyon.&nbsp;<\/p>\n\n\n\n<h3 class=\"wp-block-heading\" id=\"transmission-problems\">Problemas de transmisi\u00f3n<\/h3>\n\n\n\n<p>Muchos propietarios de camionetas GMC Canyon se han quejado de continuos problemas de transmisi\u00f3n. Los GMC Canyon son conocidos por tener problemas relacionados con el cambio de marchas. Algunos de los veh\u00edculos tardan demasiado en bajar o subir de marcha, mientras que otros cambian de forma brusca. Los problemas con el cambio de marchas pueden ser peligrosos, ya que conducir con una marcha incorrecta puede causar problemas como sacudidas, lo que dificulta el control del veh\u00edculo. Otros problemas de transmisi\u00f3n incluyen que el cami\u00f3n se mueva mientras est\u00e1 aparcado y que la tracci\u00f3n autom\u00e1tica a las cuatro ruedas se quede atascada en una marcha baja. El fallo de la transmisi\u00f3n es otro defecto peligroso en algunos camiones GMC Canyon.<\/p>\n\n\n\n<h3 class=\"wp-block-heading\" id=\"steering-problems\">Problemas de direcci\u00f3n<\/h3>\n\n\n\n<p>Los problemas de direcci\u00f3n m\u00e1s comunes en las camionetas GMC Canyon incluyen que la direcci\u00f3n asistida no funcione y que la asistencia de la direcci\u00f3n asistida se apague durante la conducci\u00f3n, aumentando el riesgo de accidentes. Algunos propietarios han declarado que incluso despu\u00e9s de que las cremalleras y pi\u00f1ones de direcci\u00f3n han sido reemplazados, la direcci\u00f3n asistida puede fallar despu\u00e9s. Otros problemas comunes son la desviaci\u00f3n del volante hacia un lado y la ca\u00edda de la direcci\u00f3n asistida. Algunos propietarios han informado de que la columna de direcci\u00f3n falla en un plazo de 4.000 millas.&nbsp;<\/p>\n\n\n\n<h3 class=\"wp-block-heading\" id=\"engine-and-brake-problems\">Problemas de motor y frenos<\/h3>\n\n\n\n<p>Algunos motores de GMC Canyon han comenzado a romperse tan pronto como 3.000 millas despu\u00e9s de comprar el veh\u00edculo. Las quejas m\u00e1s comunes incluyen fallos de encendido del motor, vacilaci\u00f3n, negativa a arrancar y calado. Los conductores tambi\u00e9n se han quejado de que sus GMC Canyons han conducido de forma brusca o han comenzado a calarse cuando cambian de velocidad.&nbsp;<\/p>\n\n\n\n<p>En algunos casos, el motor se corta y se apaga sin previo aviso cuando el conductor comienza a acelerar. En otros casos, el simple hecho de reducir la velocidad o acelerar puede hacer que el motor se apague por s\u00ed solo. Los problemas de frenos incluyen ruidos fuertes cuando el conductor pisa el pedal de freno. Incluso cuando se sustituyen las piezas de freno defectuosas, algunos de los veh\u00edculos siguen teniendo problemas de frenos.<\/p>\n\n\n\n<h3 class=\"wp-block-heading\" id=\"malfunctioning-air-conditioning-and-heating\">Mal funcionamiento del aire acondicionado y la calefacci\u00f3n<\/h3>\n\n\n\n<p>El sistema de control del clima en el GMC Canyon est\u00e1 destinado a mantener la cabina c\u00f3moda sin importar la temperatura exterior. Algunos propietarios de GMC Canyon han reportado problemas con el aire acondicionado que se detiene abruptamente. Este tipo de problemas suelen ser causados por un panel de instrumentos defectuoso, fugas en el n\u00facleo del calentador, un calentador defectuoso o un embrague del ventilador ruidoso. Lamentablemente, algunos propietarios han seguido teniendo problemas con el aire acondicionado o la calefacci\u00f3n incluso despu\u00e9s de llevar el veh\u00edculo a reparar.&nbsp;<\/p>\n\n\n\n<h3 class=\"wp-block-heading\" id=\"california-s-lemon-law-for-gmc-canyon-vehicles\">Ley del Lim\u00f3n de California para los veh\u00edculos GMC Canyon<\/h3>\n\n\n\n<p>La ley del lim\u00f3n de California est\u00e1 dise\u00f1ada para proteger a los consumidores que compran veh\u00edculos defectuosos. Cuando un veh\u00edculo necesita reparaciones para un solo defecto o m\u00faltiples problemas y est\u00e1 en garant\u00eda cuando necesita reparaciones, el propietario puede ser calificado para una recompra de su veh\u00edculo o un nuevo veh\u00edculo de reemplazo. La ley del lim\u00f3n de California protege tanto a los veh\u00edculos nuevos como a los comprados y arrendados. Su veh\u00edculo debe haber estado en garant\u00eda cuando lo llev\u00f3 al taller de reparaci\u00f3n para que usted sea elegible para un remedio a trav\u00e9s de la ley del lim\u00f3n de California.<\/p>\n\n\n\n<p>Adem\u00e1s, tendr\u00e1 que demostrar que ha realizado un n\u00famero razonable de intentos de reparaci\u00f3n de su veh\u00edculo. Dependiendo de la gravedad del problema, un n\u00famero razonable de intentos podr\u00eda ser tan s\u00f3lo dos intentos de reparaci\u00f3n. Supongamos que los frenos de su cami\u00f3n han fallado mientras conduc\u00eda. El fallo de los frenos es un problema grave que puede provocar un accidente peligroso. En ese caso, llevar su veh\u00edculo a reparar dos veces probablemente constituir\u00eda un n\u00famero razonable de intentos de reparaci\u00f3n. No es necesario que lleves tu GMC Canyon al taller por el mismo defecto para tener derecho a una reparaci\u00f3n.&nbsp;<\/p>\n\n\n\n<h3 class=\"wp-block-heading\" id=\"how-much-is-my-gmc-canyon-lemon-law-claim-worth\">\u00bfCu\u00e1nto vale mi GMC Canyon Lemon Law Claim?<\/h3>\n\n\n\n<p>Para recuperar los da\u00f1os bajo la ley del lim\u00f3n de California, usted necesita demostrar que su veh\u00edculo es un lim\u00f3n. El defecto o defectos en su GMC Canyon tienen que perjudicar sustancialmente el uso, valor o seguridad de su veh\u00edculo. California ofrece una amplia protecci\u00f3n cuando se trata de limones, as\u00ed que si usted ha tenido que tomar su veh\u00edculo en al menos dos veces para su reparaci\u00f3n y el problema no se soluciona, hay una buena probabilidad de que su veh\u00edculo es un lim\u00f3n.&nbsp;<\/p>\n\n\n\n<p>Si su GMC Canyon es elegible como un lim\u00f3n, usted tendr\u00e1 derecho a da\u00f1os consecuenciales e incidentales. Los da\u00f1os incidentales incluyen todos los gastos en los que hayas incurrido por tener un coche defectuoso, como las tasas de alquiler de coches y los gastos de gr\u00faa. Supongamos que el fabricante infringi\u00f3 intencionadamente la legislaci\u00f3n de California sobre veh\u00edculos defectuosos al negarse a devolverle su veh\u00edculo defectuoso. En ese caso, usted puede tener derecho a hasta el doble de la cantidad de sus da\u00f1os reales.<\/p>\n\n\n\n<h4 class=\"wp-block-heading\" id=\"contact-a-gmc-canyon-lemon-law-attorney-in-california\">P\u00f3ngase en contacto con un abogado de la ley del lim\u00f3n de GMC Canyon en California<\/h4>\n\n\n\n<p>Si ha tenido que llevar su GMC Canyon al taller dos o m\u00e1s veces y el problema no se ha solucionado, es posible que haya comprado un coche defectuoso. Es esencial que usted discuta su caso con un abogado de la ley del lim\u00f3n tan pronto como sea posible para que su demanda potencial de la ley del lim\u00f3n no caduque. Usted s\u00f3lo tiene un a\u00f1o despu\u00e9s de la garant\u00eda expira y hasta seis a\u00f1os a partir de la fecha de entrega para presentar una reclamaci\u00f3n de la ley del lim\u00f3n en California.<\/p>\n\n\n\n<p>Si usted sospecha que su GMC Canyon es un lim\u00f3n, <a href=\"https:\/\/www.wirtzlaw.com\/es\/contactar-con\/\">contacto Wirtz Law<\/a> lo antes posible para programar la evaluaci\u00f3n gratuita de su caso. Uno de nuestros abogados experimentados evaluar\u00e1 su caso y le ayudar\u00e1 a entender todas sus opciones legales.<\/p>\n\n\n\n<p><em>Los abogados de la ley del lim\u00f3n en Wirtz Law ayudan a los residentes de California con las reclamaciones de la ley del lim\u00f3n de GMC en todo California, incluyendo Los Angeles, San Diego, y Orange County.\u00a0<\/em><\/p>","protected":false},"excerpt":{"rendered":"<p>El GMC Canyon es un cami\u00f3n de tama\u00f1o medio que ofrece una enorme capacidad de remolque, tama\u00f1o maniobrable, y un motor de gasolina V6 o diesel de cuatro cilindros. Desafortunadamente, algunas camionetas GMC Canyon tienen defectos de fabricaci\u00f3n o requieren tiempo en el taller de reparaciones. Si usted ha comprado un GMC Canyon que es un lim\u00f3n, usted puede tener derecho a una indemnizaci\u00f3n en...<\/p>","protected":false},"author":12,"featured_media":2943,"parent":2539,"menu_order":0,"comment_status":"closed","ping_status":"closed","template":"","meta":{"_acf_changed":false,"footnotes":""},"class_list":["post-2936","page","type-page","status-publish","has-post-thumbnail","hentry"],"acf":[],"_links":{"self":[{"href":"https:\/\/www.wirtzlaw.com\/es\/wp-json\/wp\/v2\/pages\/2936","targetHints":{"allow":["GET"]}}],"collection":[{"href":"https:\/\/www.wirtzlaw.com\/es\/wp-json\/wp\/v2\/pages"}],"about":[{"href":"https:\/\/www.wirtzlaw.com\/es\/wp-json\/wp\/v2\/types\/page"}],"author":[{"embeddable":true,"href":"https:\/\/www.wirtzlaw.com\/es\/wp-json\/wp\/v2\/users\/12"}],"replies":[{"embeddable":true,"href":"https:\/\/www.wirtzlaw.com\/es\/wp-json\/wp\/v2\/comments?post=2936"}],"version-history":[{"count":7,"href":"https:\/\/www.wirtzlaw.com\/es\/wp-json\/wp\/v2\/pages\/2936\/revisions"}],"predecessor-version":[{"id":7557,"href":"https:\/\/www.wirtzlaw.com\/es\/wp-json\/wp\/v2\/pages\/2936\/revisions\/7557"}],"up":[{"embeddable":true,"href":"https:\/\/www.wirtzlaw.com\/es\/wp-json\/wp\/v2\/pages\/2539"}],"wp:featuredmedia":[{"embeddable":true,"href":"https:\/\/www.wirtzlaw.com\/es\/wp-json\/wp\/v2\/media\/2943"}],"wp:attachment":[{"href":"https:\/\/www.wirtzlaw.com\/es\/wp-json\/wp\/v2\/media?parent=2936"}],"curies":[{"name":"wp","href":"https:\/\/api.w.org\/{rel}","templated":true}]}}