{"id":2935,"date":"2022-03-07T12:42:47","date_gmt":"2022-03-07T17:42:47","guid":{"rendered":"https:\/\/www.wirtzlaw.com\/?page_id=2935"},"modified":"2026-04-17T16:20:28","modified_gmt":"2026-04-17T20:20:28","slug":"gmc-acadia","status":"publish","type":"page","link":"https:\/\/www.wirtzlaw.com\/es\/practice-areas\/lemon-law-attorneys\/gmc-lemon-law-attorneys\/gmc-acadia\/","title":{"rendered":"GMC Acadia"},"content":{"rendered":"<p>Los GMC Acadia son SUVs de tama\u00f1o medio con un buen kilometraje, un sistema de infoentretenimiento f\u00e1cil de usar y asientos espaciosos en la primera y segunda fila. Los GMC Acadias son SUVs medianos populares debido a su asequibilidad y fiabilidad. Desafortunadamente, no todos los GMC Acadia est\u00e1n a la altura de las expectativas de los consumidores. Algunos veh\u00edculos GMC Acadia son limones con uno o m\u00e1s defectos sustanciales.<\/p>\n\n\n\n<h2 class=\"wp-block-heading\" id=\"schedule-a-free-case-evaluation-with-a-gmc-acadia-lemon-law-attorney\">Programe una evaluaci\u00f3n gratuita de su caso con un abogado especializado en la ley del lim\u00f3n del GMC Acadia&nbsp;<\/h2>\n\n\n\n<p>Los abogados de la ley de lim\u00f3n en Wirtz Law tienen una amplia experiencia representando a los consumidores en California. Si usted ha comprado un GMC Acadia que ha requerido m\u00faltiples intentos de reparaci\u00f3n, usted puede tener derecho a un veh\u00edculo de reemplazo o una recompra del concesionario. P\u00f3ngase en contacto con Wirtz Law lo antes posible para programar la evaluaci\u00f3n gratuita de su caso.<\/p>\n\n\n\n<h3 class=\"wp-block-heading\" id=\"california-s-lemon-law-for-gmc-acadia-vehicles\">Ley del Lim\u00f3n de California para los veh\u00edculos GMC Acadia<\/h3>\n\n\n\n<p>El <a href=\"https:\/\/www.wirtzlaw.com\/es\/areas-de-practica\/abogados-de-la-ley-del-limon\/\">Ley del lim\u00f3n de California<\/a> protege a los consumidores que compran veh\u00edculos con uno o m\u00e1s defectos que afectan sustancialmente a su uso, seguridad o valor. Si ha llevado su GMC Acadia a reparar varias veces y su veh\u00edculo sigue teniendo problemas, es posible que haya comprado un veh\u00edculo defectuoso. La compra de un lim\u00f3n puede hacer que los consumidores se sientan impotentes y frustrados, pero los consumidores tienen derecho a protegerse bajo la ley del lim\u00f3n de California.<\/p>\n\n\n\n<p>Las personas que compran limones pueden tener derecho a recibir una indemnizaci\u00f3n del fabricante con la ayuda de un <a href=\"https:\/\/www.wirtzlaw.com\/es\/areas-de-practica\/abogados-de-la-ley-del-limon\/gmc-abogados-de-la-ley-de-limon\/\">Abogado de GMC Lemon Law<\/a>. La ley del lim\u00f3n de California protege a las personas que han comprado un veh\u00edculo nuevo con la garant\u00eda del fabricante. Aunque la garant\u00eda del fabricante haya expirado, el veh\u00edculo puede considerarse defectuoso si el propietario lo llev\u00f3 a reparar al menos una vez mientras la garant\u00eda segu\u00eda activa. Los consumidores que adquieren un veh\u00edculo defectuoso pueden optar a los siguientes tipos de reparaci\u00f3n:<\/p>\n\n\n\n<ul class=\"wp-block-list\">\n<li>Un reembolso completo de la compra del lim\u00f3n, incluyendo el pago inicial, los gastos de matriculaci\u00f3n y los costes de financiaci\u00f3n<\/li>\n\n\n\n<li>Recibir del fabricante un veh\u00edculo de sustituci\u00f3n del mismo valor que el lim\u00f3n<\/li>\n\n\n\n<li>Exigir al fabricante el pago del saldo total del pr\u00e9stamo o leasing del veh\u00edculo<\/li>\n<\/ul>\n\n\n\n<h3 class=\"wp-block-heading\" id=\"do-i-have-a-lemon-law-claim\">\u00bfTengo una reclamaci\u00f3n de la Ley del Lim\u00f3n?<\/h3>\n\n\n\n<p>Deber\u00e1 cumplir varios requisitos para poder acogerse a la ley del lim\u00f3n de California. En primer lugar, el defecto o defectos de su GMC Acadia deben estar cubiertos por la garant\u00eda del fabricante. Si la garant\u00eda del fabricante ha expirado, todav\u00eda puede ser elegible. Sin embargo, tendr\u00e1 que demostrar que llev\u00f3 su GMC Acadia para al menos una reparaci\u00f3n mientras la garant\u00eda del fabricante cubr\u00eda el veh\u00edculo.  Tambi\u00e9n deber\u00e1 demostrar que el defecto o defectos afectan sustancialmente al uso, seguridad o valor de su veh\u00edculo.<\/p>\n\n\n\n<p>Por \u00faltimo, tendr\u00e1 que demostrar que ha dado al concesionario un n\u00famero razonable de intentos de reparaci\u00f3n para arreglar el defecto o defectos. Dependiendo del defecto, es posible que s\u00f3lo tenga que demostrar que ha llevado el veh\u00edculo a reparar dos o m\u00e1s veces para ser elegible. Si no est\u00e1 seguro de si su veh\u00edculo se considera un lim\u00f3n, le recomendamos que programe una evaluaci\u00f3n gratuita de su caso. Uno de nuestros abogados de la ley del lim\u00f3n puede ayudarle a entender si tiene o no una reclamaci\u00f3n v\u00e1lida de la ley del lim\u00f3n.<\/p>\n\n\n\n<h3 class=\"wp-block-heading\" id=\"how-much-is-my-gmc-acadia-lemon-law-claim-worth\">\u00bfCu\u00e1nto vale mi reclamaci\u00f3n de la ley del lim\u00f3n del GMC Acadia?<\/h3>\n\n\n\n<p>En las reclamaciones exitosas de la ley del lim\u00f3n, el propietario del lim\u00f3n tiene derecho a un veh\u00edculo de sustituci\u00f3n o a la devoluci\u00f3n del precio de compra del veh\u00edculo defectuoso. Si el concesionario infringi\u00f3 intencionadamente la ley del lim\u00f3n de California al denegar su reclamaci\u00f3n, podr\u00eda tener derecho a una indemnizaci\u00f3n civil adicional de hasta el doble de los da\u00f1os y perjuicios de la recompra. Los consumidores tambi\u00e9n tienen derecho a los costes incidentales relacionados con el veh\u00edculo defectuoso. Por ejemplo, el concesionario debe reembolsarle el coste de los veh\u00edculos de alquiler y los gastos de gr\u00faa relacionados con la reparaci\u00f3n de su veh\u00edculo. En caso de que prospere la demanda, el fabricante tambi\u00e9n ser\u00e1 responsable de pagar todos los honorarios y costes, lo que significa que usted no tendr\u00e1 que hacer frente a ning\u00fan gasto legal.<\/p>\n\n\n\n<h3 class=\"wp-block-heading\" id=\"common-lemon-law-defects-in-gmc-acadia\">Defectos comunes de la Ley del Lim\u00f3n en el GMC Acadia<\/h3>\n\n\n\n<p>Existe una amplia gama de defectos que pueden hacer que un GMC Acadia se considere un veh\u00edculo defectuoso. Algunos de los problemas m\u00e1s comunes est\u00e1n relacionados con los accesorios interiores del SUV. Algunos conductores han informado de que las bocinas no suenan sin aplicar una presi\u00f3n significativa. Esto puede no parecer un defecto importante, pero cuando las bocinas no funcionan correctamente, los conductores no son capaces de advertir a otros conductores de una situaci\u00f3n de emergencia, lo que puede resultar en un accidente peligroso. Otros problemas tienen que ver con defectos el\u00e9ctricos que hacen que el veh\u00edculo no arranque, incluso despu\u00e9s de instalar una bater\u00eda de repuesto.<\/p>\n\n\n\n<h3 class=\"wp-block-heading\" id=\"engine-stalls\">El motor se para&nbsp;<\/h3>\n\n\n\n<p>Algunos GMC Acadias han experimentado problemas con el bloque de fusibles que causan el parpadeo de las luces de chequeo del motor y el estancamiento de los motores. Los problemas relacionados con los motores parados pueden ser dif\u00edciles de diagnosticar. Algunos conductores han llevado sus veh\u00edculos a reparar varias veces, pero los motores se siguen parando. Cuando un veh\u00edculo se cala inesperadamente, puede causar un peligroso accidente de tr\u00e1fico.&nbsp;<\/p>\n\n\n\n<h3 class=\"wp-block-heading\" id=\"transmission-problems\">Problemas de transmisi\u00f3n&nbsp;<\/h3>\n\n\n\n<p>Los problemas de transmisi\u00f3n tambi\u00e9n son comunes en GMC Acadias. Los conductores han informado de que la transmisi\u00f3n puede generar una alerta de \"cambio a aparcamiento\" en el salpicadero. En algunos casos, la alerta se produce cuando el veh\u00edculo ya est\u00e1 totalmente aparcado. En otros casos, se sabe que el modelo Acadia se sobrecalienta debido a un defecto de dise\u00f1o. Tambi\u00e9n se han descubierto placas onduladas defectuosas que destruyen la transmisi\u00f3n en GMC Acadias.<\/p>\n\n\n\n<h4 class=\"wp-block-heading\" id=\"contact-a-gmc-acadia-attorney-in-california\">P\u00f3ngase en contacto con un abogado de GMC Acadia en California<\/h4>\n\n\n\n<p>Si usted ha necesitado llevar su GMC Acadia para m\u00faltiples intentos de reparaci\u00f3n, o ha estado fuera de servicio por m\u00e1s de 30 d\u00edas, usted est\u00e1 probablemente muy frustrado. Ahora es el momento de llegar a uno de los abogados con experiencia en la ley de lim\u00f3n en Wirtz Law. Nuestros abogados tienen un historial probado de \u00e9xito en la negociaci\u00f3n y litigio de reclamaciones de la ley del lim\u00f3n, protegiendo los derechos de los propietarios de GMC Acadia. <a href=\"https:\/\/www.wirtzlaw.com\/es\/areas-de-practica\/abogados-de-la-ley-del-limon\/gmc-abogados-de-la-ley-de-limon\/gmc-canyon\/\">Contacte con<\/a> Wirtz Law hoy para programar la evaluaci\u00f3n gratuita de su caso y aprender m\u00e1s sobre sus derechos legales.&nbsp;<\/p>\n\n\n\n<p><em>Los abogados de ley lim\u00f3n en Wirtz Law ayudan a los residentes de California con reclamos de ley lim\u00f3n de GMC en todo California, incluyendo <a href=\"https:\/\/www.wirtzlaw.com\/es\/areas-de-practica\/abogados-de-la-ley-del-limon\/los-angeles-lemon-law-abogados\/\">Los Angeles<\/a>, <a href=\"https:\/\/www.wirtzlaw.com\/es\/areas-de-practica\/abogados-de-la-ley-del-limon\/abogado-de-la-ley-del-limon-de-san-diego\/\">San Diego<\/a>y <a href=\"https:\/\/www.wirtzlaw.com\/es\/areas-de-practica\/abogados-de-la-ley-del-limon\/abogado-de-la-ley-del-limon-del-condado-de-orange\/\">Orange County<\/a>.\u00a0<\/em><\/p>","protected":false},"excerpt":{"rendered":"<p>Los GMC Acadia son SUVs de tama\u00f1o medio con un buen kilometraje, un sistema de infoentretenimiento f\u00e1cil de usar y asientos espaciosos en la primera y segunda fila. Los GMC Acadias son SUVs medianos populares debido a su asequibilidad y fiabilidad. Desafortunadamente, no todos los GMC Acadia est\u00e1n a la altura de las expectativas de los consumidores. Algunos veh\u00edculos GMC Acadia son limones con uno o m\u00e1s defectos sustanciales. Programe una...<\/p>","protected":false},"author":12,"featured_media":3575,"parent":2539,"menu_order":0,"comment_status":"closed","ping_status":"closed","template":"","meta":{"_acf_changed":false,"footnotes":""},"class_list":["post-2935","page","type-page","status-publish","has-post-thumbnail","hentry"],"acf":[],"_links":{"self":[{"href":"https:\/\/www.wirtzlaw.com\/es\/wp-json\/wp\/v2\/pages\/2935","targetHints":{"allow":["GET"]}}],"collection":[{"href":"https:\/\/www.wirtzlaw.com\/es\/wp-json\/wp\/v2\/pages"}],"about":[{"href":"https:\/\/www.wirtzlaw.com\/es\/wp-json\/wp\/v2\/types\/page"}],"author":[{"embeddable":true,"href":"https:\/\/www.wirtzlaw.com\/es\/wp-json\/wp\/v2\/users\/12"}],"replies":[{"embeddable":true,"href":"https:\/\/www.wirtzlaw.com\/es\/wp-json\/wp\/v2\/comments?post=2935"}],"version-history":[{"count":4,"href":"https:\/\/www.wirtzlaw.com\/es\/wp-json\/wp\/v2\/pages\/2935\/revisions"}],"predecessor-version":[{"id":7891,"href":"https:\/\/www.wirtzlaw.com\/es\/wp-json\/wp\/v2\/pages\/2935\/revisions\/7891"}],"up":[{"embeddable":true,"href":"https:\/\/www.wirtzlaw.com\/es\/wp-json\/wp\/v2\/pages\/2539"}],"wp:featuredmedia":[{"embeddable":true,"href":"https:\/\/www.wirtzlaw.com\/es\/wp-json\/wp\/v2\/media\/3575"}],"wp:attachment":[{"href":"https:\/\/www.wirtzlaw.com\/es\/wp-json\/wp\/v2\/media?parent=2935"}],"curies":[{"name":"wp","href":"https:\/\/api.w.org\/{rel}","templated":true}]}}