{"id":2549,"date":"2020-09-20T16:17:13","date_gmt":"2020-09-20T23:17:13","guid":{"rendered":"https:\/\/wirtzlawstg.wpengine.com\/?page_id=1980"},"modified":"2026-04-17T16:33:28","modified_gmt":"2026-04-17T20:33:28","slug":"tesla-lemon-law-abogados","status":"publish","type":"page","link":"https:\/\/www.wirtzlaw.com\/es\/practice-areas\/lemon-law-attorneys\/tesla-lemon-law-attorneys\/","title":{"rendered":"Tesla"},"content":{"rendered":"<p><span style=\"font-weight: 400;\"><a href=\"https:\/\/www.wirtzlaw.com\/es\/areas-de-practica\/abogados-de-la-ley-del-limon\/tesla-lemon-law-abogados\/\">Tesla<\/a> es una conocida empresa estadounidense de veh\u00edculos el\u00e9ctricos y energ\u00edas limpias con sede en Texas. Tesla s\u00f3lo fabrica coches el\u00e9ctricos, paneles solares y productos y servicios relacionados. En la actualidad, Tesla es la empresa que m\u00e1s veh\u00edculos el\u00e9ctricos de bater\u00eda y veh\u00edculos enchufables vende. Tesla cuenta con un grupo de devotos clientes que esperan ansiosamente el lanzamiento de nuevos modelos Tesla. Desgraciadamente, algunos Teslas tienen defectos importantes que los convierten en limones.&nbsp;<\/span><\/p>\n\n\n\n<h2 class=\"wp-block-heading\"><b>Programe una evaluaci\u00f3n gratuita de su caso con un abogado especializado en la ley del lim\u00f3n de Tesla&nbsp;<\/b><\/h2>\n\n\n\n<p><span style=\"font-weight: 400;\">Si has comprado un Tesla que est\u00e1 en garant\u00eda y has tenido que devolverlo a Tesla para reparaciones m\u00e1s de dos veces, <a href=\"https:\/\/www.wirtzlaw.com\/es\/areas-de-practica\/abogados-de-la-ley-del-limon\/tesla-lemon-law-abogados\/es-mi-tesla-un-limon-bajo-la-ley-de-california\/\">su Tesla puede ser considerado un lim\u00f3n<\/a>. Bajo la ley del lim\u00f3n de California, usted puede tener el derecho de exigir Tesla para comprar de nuevo su veh\u00edculo o sustituirlo por un veh\u00edculo nuevo. Si usted est\u00e1 cansado del estr\u00e9s y los inconvenientes relacionados con la reparaci\u00f3n de su Tesla, p\u00f3ngase en contacto con los abogados expertos en la ley del lim\u00f3n en Wirtz Law para programar su evaluaci\u00f3n gratuita del caso.&nbsp;<\/span><\/p>\n\n\n\n<h3 class=\"wp-block-heading\"><b>Ley Lim\u00f3n para Teslas en California<\/b><\/h3>\n\n\n\n<figure class=\"wp-block-embed is-type-video is-provider-vimeo wp-block-embed-vimeo wp-embed-aspect-16-9 wp-has-aspect-ratio\"><div class=\"wp-block-embed__wrapper\">\n<iframe loading=\"lazy\" title=\"Entender la Ley del Lim\u00f3n de Tesla\" src=\"https:\/\/player.vimeo.com\/video\/990789255?dnt=1&amp;app_id=122963\" width=\"500\" height=\"281\" frameborder=\"0\" allow=\"autoplay; fullscreen; picture-in-picture; clipboard-write; encrypted-media; web-share\" referrerpolicy=\"strict-origin-when-cross-origin\"><\/iframe>\n<\/div><\/figure>\n\n\n\n<p><span style=\"font-weight: 400;\">Tesla se esfuerza por combinar la calidad artesanal con la tecnolog\u00eda m\u00e1s avanzada en veh\u00edculos el\u00e9ctricos. Su enfoque innovador les ha convertido en una de las empresas m\u00e1s valiosas del mundo. Sin embargo, los veh\u00edculos Tesla pueden ser defectuosos.  Cuando los clientes compran un lim\u00f3n de Tesla, pueden presentar una reclamaci\u00f3n en virtud de la ley del lim\u00f3n de California.&nbsp;&nbsp;&nbsp;<\/span><\/p>\n\n\n\n<p><span style=\"font-weight: 400;\">Tesla hace que los clientes firmen acuerdos de arbitraje cuando encargan su Tesla y cuando compran su Tesla.  Es <a href=\"https:\/\/www.wirtzlaw.com\/es\/areas-de-practica\/abogados-de-la-ley-del-limon\/tesla-lemon-law-abogados\/tesla-opt-out-abogados\/\">importante optar por no participar en el acuerdo de arbitraje<\/a> dentro de los 30 d\u00edas de firmarlo para preservar su derecho a tener su d\u00eda en la corte y perseguir sus derechos de la ley del lim\u00f3n.  No renuncie a su derecho a un juicio con jurado si tiene reclamaciones de la ley del lim\u00f3n.<\/span><\/p>\n\n\n\n<p><span style=\"font-weight: 400;\">La ley del lim\u00f3n permite a los clientes exigir a un fabricante que sustituya o compre su veh\u00edculo en garant\u00eda si tiene defectos sustanciales y no ha sido reparado despu\u00e9s de un n\u00famero razonable de intentos de reparaci\u00f3n. Dos intentos de reparaci\u00f3n puede ser suficiente para hacer de su Tesla un lim\u00f3n. Todos los veh\u00edculos pueden ser considerados un lim\u00f3n y est\u00e1n protegidos por la ley del lim\u00f3n de California, incluyendo todos los siguientes modelos de Tesla:<\/span><\/p>\n\n\n\n<ul class=\"wp-block-list\">\n<li><span style=\"font-weight: 400;\"><a href=\"https:\/\/www.wirtzlaw.com\/es\/areas-de-practica\/abogados-de-la-ley-del-limon\/tesla-lemon-law-abogados\/tesla-model-s-lemon-law-abogados\/\">Tesla Modelo S<\/a><\/span><\/li>\n\n\n\n<li><span style=\"font-weight: 400;\"><a href=\"https:\/\/www.wirtzlaw.com\/es\/areas-de-practica\/abogados-de-la-ley-del-limon\/tesla-lemon-law-abogados\/tesla-model-x-lemon-law-abogados\/\">Tesla Model X<\/a><\/span><\/li>\n\n\n\n<li><span style=\"font-weight: 400;\"><a href=\"https:\/\/www.wirtzlaw.com\/es\/coches-menos-fiables-de-california\/#:~:text=not%20yet%20appeared.-,Tesla%20Model%20Y,-The%202024%20Tesla\">Tesla Modelo Y<\/a><\/span><\/li>\n\n\n\n<li><span style=\"font-weight: 400;\"><a href=\"https:\/\/www.wirtzlaw.com\/es\/areas-de-practica\/abogados-de-la-ley-del-limon\/tesla-lemon-law-abogados\/tesla-model-3-abogados-de-la-ley-de-limon\/\">Modelo 3 de Tesla<\/a><\/span><\/li>\n\n\n\n<li><a href=\"https:\/\/www.wirtzlaw.com\/es\/areas-de-practica\/abogados-de-la-ley-del-limon\/tesla-lemon-law-abogados\/cybertruck-lemon-abogados\/\">Cibercami\u00f3n Tesla<\/a><\/li>\n\n\n\n<li><span style=\"font-weight: 400;\">Tesla Roadster<\/span><\/li>\n<\/ul>\n\n\n\n<h3 class=\"wp-block-heading\"><b>\u00bfCu\u00e1nto vale mi reclamaci\u00f3n de la Ley del Lim\u00f3n de Tesla?<\/b><\/h3>\n\n\n\n<p><span style=\"font-weight: 400;\">Cuando su Tesla necesita varias reparaciones en garant\u00eda y el problema afecta al uso, valor o seguridad de su Tesla, puede solicitar una indemnizaci\u00f3n en virtud de la ley del lim\u00f3n de California. Los clientes que han comprado un Tesla tienen derecho a una recompra o un veh\u00edculo de sustituci\u00f3n que no es defectuoso de Tesla. Adem\u00e1s, los clientes tienen derecho a una indemnizaci\u00f3n por los costes incidentales y consecuentes, como un veh\u00edculo de alquiler o los gastos de remolque en que haya incurrido.&nbsp;&nbsp;&nbsp;<\/span><\/p>\n\n\n\n<p><span style=\"font-weight: 400;\">Si hay pruebas de que Tesla viol\u00f3 deliberadamente las leyes de California al no seguir la ley del lim\u00f3n o al no recomprar su Tesla defectuoso, usted puede tener derecho a una indemnizaci\u00f3n adicional por da\u00f1os civiles de hasta el doble de la cantidad de sus da\u00f1os reales. Tesla tambi\u00e9n estar\u00eda obligada a pagar los honorarios y costas de sus abogados, lo que significa que usted no nos paga nada hasta que Wirtz Law resuelva con \u00e9xito su caso.&nbsp;<\/span><\/p>\n\n\n\n<h3 class=\"wp-block-heading\"><b>Defectos comunes en los veh\u00edculos Tesla<\/b><\/h3>\n\n\n\n<p><span style=\"font-weight: 400;\">Los veh\u00edculos Tesla son totalmente electr\u00f3nicos y experimentan defectos diferentes a los de los veh\u00edculos con motor de gasolina. Los Tesla suelen tener problemas que muchos otros veh\u00edculos no tienen. Algunos de los defectos m\u00e1s comunes con Tesla incluyen los siguientes:<\/span><\/p>\n\n\n\n<ul class=\"wp-block-list\">\n<li><span style=\"font-weight: 400;\">El Tesla no obtiene la autonom\u00eda correcta cuando se carga<\/span><\/li>\n\n\n\n<li><span style=\"font-weight: 400;\">Problemas con la pantalla t\u00e1ctil central&nbsp;<\/span><\/li>\n\n\n\n<li><span style=\"font-weight: 400;\">P\u00e9rdida ocasional de energ\u00eda<\/span><\/li>\n\n\n\n<li><span style=\"font-weight: 400;\">El desgaste prematuro de la bater\u00eda<\/span><\/li>\n\n\n\n<li><span style=\"font-weight: 400;\">Actualizaciones con errores que hacen que el Tesla no se pueda conducir<\/span><\/li>\n\n\n\n<li><span style=\"font-weight: 400;\">Degradaci\u00f3n prematura de la bater\u00eda en fr\u00edo<\/span><\/li>\n\n\n\n<li><span style=\"font-weight: 400;\">Problemas con la calidad de la construcci\u00f3n, incluyendo manchas de pintura y huecos en los paneles<\/span><\/li>\n\n\n\n<li><span style=\"font-weight: 400;\">Fallos en la memoria de la Unidad de Control de Medios (MCU)<\/span><\/li>\n\n\n\n<li><span style=\"font-weight: 400;\">Fallos en los elementos calefactores<\/span><\/li>\n\n\n\n<li><span style=\"font-weight: 400;\">Problemas de suspensi\u00f3n<\/span><\/li>\n\n\n\n<li><span style=\"font-weight: 400;\">Agua en las luces<\/span><\/li>\n\n\n\n<li><span style=\"font-weight: 400;\">La cremallera de la direcci\u00f3n se atasca<\/span><\/li>\n\n\n\n<li><span style=\"font-weight: 400;\">Problemas con las juntas de las puertas traseras<\/span><\/li>\n\n\n\n<li><span style=\"font-weight: 400;\">Las puertas traseras se desgastan hasta el metal<\/span><\/li>\n\n\n\n<li><span style=\"font-weight: 400;\">Puertas sueltas<\/span><\/li>\n\n\n\n<li><span style=\"font-weight: 400;\">Ventanas que no funcionan<\/span><\/li>\n\n\n\n<li><span style=\"font-weight: 400;\">Las abrazaderas que se rompen provocando el traqueteo de las piezas<\/span><\/li>\n<\/ul>\n\n\n\n<p><span style=\"font-weight: 400;\">Si su Tesla est\u00e1 experimentando cualquiera de los problemas mencionados anteriormente o cualquier otro problema que no se ha solucionado despu\u00e9s de dos o m\u00e1s intentos de reparaci\u00f3n, puede ser un lim\u00f3n. Usted tiene derechos bajo la ley del lim\u00f3n de California. Ya se trate de mal funcionamiento de la electr\u00f3nica o la pintura descascarada o puertas que no se quedan cerradas, los abogados de la ley de lim\u00f3n Tesla en Wirtz Law puede ayudarle a entender sus derechos. Vamos a perseguir una recompra de Tesla para que pueda seguir adelante con su vida.<\/span><\/p>\n\n\n\n<h3 class=\"wp-block-heading\"><b>\u00bfSu Tesla es un lim\u00f3n?<\/b><\/h3>\n\n\n\n<p><span style=\"font-weight: 400;\">Tendr\u00e1 que demostrar varios elementos para exigir a Tesla la recompra de su veh\u00edculo o su sustituci\u00f3n. En primer lugar, tendr\u00e1 que demostrar que ha permitido a Tesla realizar un n\u00famero razonable de intentos para reparar su veh\u00edculo. No existe una definici\u00f3n estricta de cu\u00e1ntos intentos constituyen un n\u00famero razonable de intentos. Dos intentos puede ser suficiente para crear un lim\u00f3n.  Tambi\u00e9n tienes que demostrar que presentaste tu Tesla para su reparaci\u00f3n mientras estaba en garant\u00eda.  Tambi\u00e9n debe demostrar que los defectos afectaron al uso, valor o seguridad de su veh\u00edculo.<\/span><\/p>\n\n\n\n<p><span style=\"font-weight: 400;\">Si su garant\u00eda ha expirado, todav\u00eda puede presentar una reclamaci\u00f3n en virtud de la ley del lim\u00f3n de California, siempre y cuando haya presentado su veh\u00edculo para reparaciones al menos dos veces durante el per\u00edodo de garant\u00eda.&nbsp;<\/span><\/p>\n\n\n\n<h3 class=\"wp-block-heading\"><b>\u00bfQu\u00e9 constituye un defecto sustancial?<\/b><\/h3>\n\n\n\n<p><span style=\"font-weight: 400;\">Como se mencion\u00f3 anteriormente, la ley del lim\u00f3n de California requiere que usted pruebe que su Tesla tiene un defecto sustancial. Tambi\u00e9n tendr\u00e1 que demostrar que el veh\u00edculo no ha sido reparado despu\u00e9s de m\u00faltiples intentos para conseguir que sea reparado o que ha estado en el centro de reparaci\u00f3n de Tesla durante 30 o m\u00e1s d\u00edas mientras se reparaba. Los defectos sustanciales son defectos que perjudican el uso, el valor o la seguridad del veh\u00edculo.&nbsp;<\/span><\/p>\n\n\n\n<p><span style=\"font-weight: 400;\">Un defecto sustancial puede afectar al uso del veh\u00edculo e impedirle conducirlo como est\u00e1 previsto. Por ejemplo, con los Teslas, cuando el sistema inform\u00e1tico electr\u00f3nico no funciona debido a un fallo u otro defecto, no puedes disfrutar de todas las funciones que vienen con tu veh\u00edculo. Los defectos tambi\u00e9n pueden disminuir el valor de un veh\u00edculo para usted cuando no puede utilizar el veh\u00edculo como desea o cuando no se vender\u00eda por el precio que lo har\u00eda normalmente si el defecto no estuviera presente. Por \u00faltimo, un defecto sustancial puede ser un defecto de seguridad que le ponga en peligro a usted, a sus pasajeros y a otros conductores en la carretera.&nbsp;<\/span><\/p>\n\n\n\n<h4 class=\"wp-block-heading\"><b>P\u00f3ngase en contacto con un abogado de la ley del lim\u00f3n de Tesla en California<\/b><\/h4>\n\n\n\n<p><span style=\"font-weight: 400;\">\u00bfSigue teniendo problemas con su Tesla despu\u00e9s de varios intentos de reparaci\u00f3n? No tiene por qu\u00e9 seguir sufriendo estr\u00e9s. Guarde documentaci\u00f3n de todas las reparaciones e intentos de reparaci\u00f3n de su veh\u00edculo Tesla. <a href=\"https:\/\/www.wirtzlaw.com\/es\/contactar-con\/\">Contacte con<\/a> Wirtz Law hoy para una evaluaci\u00f3n gratuita del caso si usted sospecha que su veh\u00edculo puede ser un lim\u00f3n. Nuestros experimentados abogados de la ley del lim\u00f3n revisar\u00e1n cuidadosamente su caso y le aconsejar\u00e1n sobre todas sus opciones legales.<\/span><\/p>\n\n\n\n<p><em>Los abogados de ley de lim\u00f3n de Wirtz Law ayudan a los residentes de California con reclamos de ley de lim\u00f3n de Tesla en todo California, incluyendo <a href=\"https:\/\/www.wirtzlaw.com\/es\/areas-de-practica\/abogados-de-la-ley-del-limon\/los-angeles-lemon-law-abogados\/\">Los Angeles<\/a>, <a href=\"https:\/\/www.wirtzlaw.com\/es\/areas-de-practica\/abogados-de-la-ley-del-limon\/abogado-de-la-ley-del-limon-de-san-diego\/\">San Diego<\/a>y <a href=\"https:\/\/www.wirtzlaw.com\/es\/areas-de-practica\/abogados-de-la-ley-del-limon\/abogado-de-la-ley-del-limon-del-condado-de-orange\/\">Orange County<\/a>.\u00a0<\/em><\/p>","protected":false},"excerpt":{"rendered":"<p>Tesla es una conocida empresa estadounidense de veh\u00edculos el\u00e9ctricos y energ\u00edas limpias con sede en Texas. Tesla s\u00f3lo fabrica coches el\u00e9ctricos, paneles solares y productos y servicios relacionados. En la actualidad, Tesla es la empresa que m\u00e1s veh\u00edculos el\u00e9ctricos de bater\u00eda y veh\u00edculos enchufables vende. Tesla cuenta con un grupo de devotos clientes que esperan ansiosamente el lanzamiento de...<\/p>","protected":false},"author":12,"featured_media":3532,"parent":2523,"menu_order":0,"comment_status":"closed","ping_status":"closed","template":"","meta":{"_acf_changed":false,"footnotes":""},"class_list":["post-2549","page","type-page","status-publish","has-post-thumbnail","hentry"],"acf":[],"_links":{"self":[{"href":"https:\/\/www.wirtzlaw.com\/es\/wp-json\/wp\/v2\/pages\/2549","targetHints":{"allow":["GET"]}}],"collection":[{"href":"https:\/\/www.wirtzlaw.com\/es\/wp-json\/wp\/v2\/pages"}],"about":[{"href":"https:\/\/www.wirtzlaw.com\/es\/wp-json\/wp\/v2\/types\/page"}],"author":[{"embeddable":true,"href":"https:\/\/www.wirtzlaw.com\/es\/wp-json\/wp\/v2\/users\/12"}],"replies":[{"embeddable":true,"href":"https:\/\/www.wirtzlaw.com\/es\/wp-json\/wp\/v2\/comments?post=2549"}],"version-history":[{"count":11,"href":"https:\/\/www.wirtzlaw.com\/es\/wp-json\/wp\/v2\/pages\/2549\/revisions"}],"predecessor-version":[{"id":7923,"href":"https:\/\/www.wirtzlaw.com\/es\/wp-json\/wp\/v2\/pages\/2549\/revisions\/7923"}],"up":[{"embeddable":true,"href":"https:\/\/www.wirtzlaw.com\/es\/wp-json\/wp\/v2\/pages\/2523"}],"wp:featuredmedia":[{"embeddable":true,"href":"https:\/\/www.wirtzlaw.com\/es\/wp-json\/wp\/v2\/media\/3532"}],"wp:attachment":[{"href":"https:\/\/www.wirtzlaw.com\/es\/wp-json\/wp\/v2\/media?parent=2549"}],"curies":[{"name":"wp","href":"https:\/\/api.w.org\/{rel}","templated":true}]}}