{"id":2547,"date":"2020-09-20T15:11:13","date_gmt":"2020-09-20T22:11:13","guid":{"rendered":"https:\/\/wirtzlawstg.wpengine.com\/?page_id=1978"},"modified":"2026-04-17T16:28:32","modified_gmt":"2026-04-17T20:28:32","slug":"abogados-porsche-lemon-law","status":"publish","type":"page","link":"https:\/\/www.wirtzlaw.com\/es\/practice-areas\/lemon-law-attorneys\/porsche-lemon-law-attorneys\/","title":{"rendered":"Reclamaciones de la Ley del Lim\u00f3n de Porsche"},"content":{"rendered":"<p><span style=\"font-weight: 400;\"><a href=\"https:\/\/www.wirtzlaw.com\/es\/areas-de-practica\/abogados-de-la-ley-del-limon\/abogados-porsche-lemon-law\/\">Porsche<\/a> (pronunciado \"POR-shu\") es un fabricante alem\u00e1n de autom\u00f3viles propiedad de Volkswagen especializado principalmente en veh\u00edculos deportivos de altas prestaciones. Los clientes aprecian los veh\u00edculos Porsche por su excelente ingenier\u00eda alemana, su moderno interior y su refinada experiencia de conducci\u00f3n. Lamentablemente, no todos los veh\u00edculos Porsche est\u00e1n a la altura. Porsche produce algunos veh\u00edculos con defectos sustanciales, lo que los convierte en limones.&nbsp;<\/span><\/p>\n\n\n\n<h2 class=\"wp-block-heading\"><b>Contacte con un abogado experto en la Ley del Lim\u00f3n<\/b><\/h2>\n\n\n\n<p><span style=\"font-weight: 400;\">Si usted sospecha que su Porsche es un lim\u00f3n, le recomendamos llegar a los abogados con experiencia en la ley de lim\u00f3n en Wirtz Law. Hemos recuperado con \u00e9xito decenas de millones de d\u00f3lares en compensaci\u00f3n para clientes como usted que han comprado un lim\u00f3n. P\u00f3ngase en contacto con nosotros hoy para programar su evaluaci\u00f3n gratuita de su caso.<\/span><\/p>\n\n\n\n<h3 class=\"wp-block-heading\"><b>\u00bfSu Porsche es defectuoso?<\/b><\/h3>\n\n\n\n<p><span style=\"font-weight: 400;\">Para que su veh\u00edculo sea considerado un \"lim\u00f3n\", debe tener un defecto sustancial. Un defecto sustancial perjudica el \"uso, valor y\/o seguridad\" del Porsche. Un defecto que perjudica el uso del Porsche le impide conducirlo como pretend\u00eda utilizarlo. Cuando el valor del Porsche se ve mermado, el defecto hace que usted no obtenga el valor que esperaba de la marca y la calidad por las que pag\u00f3 una prima.  El valor tambi\u00e9n puede disminuir al no vender su Porsche por el precio que tendr\u00eda si el defecto no existiera. Por \u00faltimo, si un defecto de seguridad pone en peligro al conductor, a los pasajeros o a otros conductores en la carretera, su veh\u00edculo tiene un defecto sustancial.<\/span><\/p>\n\n\n\n<p><span style=\"font-weight: 400;\">Tambi\u00e9n tendr\u00e1 que demostrar que ha dado al concesionario Porsche un n\u00famero razonable de intentos para arreglar su veh\u00edculo. Su veh\u00edculo no tiene por qu\u00e9 tener un problema de seguridad para ser considerado un \"lim\u00f3n\". Por ejemplo, supongamos que su Porsche est\u00e1 en el taller repetidamente debido a un problema con el techo solar que el concesionario no puede reparar, o tiene otro problema no relacionado con la seguridad. En ese caso, podr\u00eda considerarse un veh\u00edculo defectuoso.&nbsp;<\/span><\/p>\n\n\n\n<p><span style=\"font-weight: 400;\">Sin embargo, cuando el defecto implica un problema de seguridad, como frenos defectuosos, s\u00f3lo necesita demostrar que ha realizado al menos dos intentos de reparaci\u00f3n. Si tu Porsche ha estado en el taller durante m\u00e1s de 30 d\u00edas seguidos, tambi\u00e9n puede considerarse un veh\u00edculo defectuoso, independientemente del tipo de defecto.<\/span><\/p>\n\n\n\n<h3 class=\"wp-block-heading\"><b>Defectos comunes de la Ley del Lim\u00f3n de Porsche&nbsp;<\/b><\/h3>\n\n\n\n<p><span style=\"font-weight: 400;\">Aunque Porsche ha estado produciendo veh\u00edculos de alto rendimiento durante d\u00e9cadas, y son bien conocidos por su ingenier\u00eda, todav\u00eda hay una posibilidad de que su Porsche tenga un defecto sustancial. Los problemas de mano de obra, los errores de fabricaci\u00f3n o las interrupciones en el sistema de fabricaci\u00f3n pueden hacer que un Porsche sea un lim\u00f3n. Algunos de los defectos m\u00e1s comunes que afectan a Porsche son los siguientes:<\/span><\/p>\n\n\n\n<ul class=\"wp-block-list\">\n<li><span style=\"font-weight: 400;\">Ruido procedente de los ejes, la suspensi\u00f3n o el motor<\/span><\/li>\n\n\n\n<li><span style=\"font-weight: 400;\">Encendido de las luces del tablero, incluida la luz de revisi\u00f3n del motor<\/span><\/li>\n\n\n\n<li><span style=\"font-weight: 400;\">Fugas de gasolina, agua o l\u00edquido de transmisi\u00f3n<\/span><\/li>\n\n\n\n<li><span style=\"font-weight: 400;\">Problemas el\u00e9ctricos que afectan al aire acondicionado, la calefacci\u00f3n, el asiento y las ventanas<\/span><\/li>\n\n\n\n<li><span style=\"font-weight: 400;\">Mala respuesta del acelerador<\/span><\/li>\n\n\n\n<li><span style=\"font-weight: 400;\">Problemas con el abrepuertas autom\u00e1tico<\/span><\/li>\n\n\n\n<li><span style=\"font-weight: 400;\">Problemas con el cambio de marchas<\/span><\/li>\n\n\n\n<li><span style=\"font-weight: 400;\">Sonidos de traqueteo<\/span><\/li>\n\n\n\n<li><span style=\"font-weight: 400;\">Problemas de frenado<\/span><\/li>\n\n\n\n<li><span style=\"font-weight: 400;\">P\u00e9rdida de refrigerante<\/span><\/li>\n<\/ul>\n\n\n\n<p><span style=\"font-weight: 400;\">Si usted ha experimentado uno de estos problemas o cualquier otro problema con su Porsche, y usted ha tomado su Porsche en reparaciones por lo menos dos veces, es posible que haya comprado un lim\u00f3n. Le recomendamos ponerse en contacto con Wirtz Law para programar una evaluaci\u00f3n gratuita de su caso tan pronto como sea posible. Nuestros abogados de la ley de lim\u00f3n juicio listo revisar\u00e1 su caso y determinar si es o no su veh\u00edculo Porsche califica como un lim\u00f3n.<\/span><\/p>\n\n\n\n<h3 class=\"wp-block-heading\"><b>Ley del lim\u00f3n de Porsche en California&nbsp;<\/b><\/h3>\n\n\n\n<p><span style=\"font-weight: 400;\">Seg\u00fan la ley del lim\u00f3n de California, cuando un veh\u00edculo tiene un defecto sustancial y no ha sido reparado tras un n\u00famero razonable de intentos de reparaci\u00f3n, el propietario tiene derecho a una indemnizaci\u00f3n. Los veh\u00edculos nuevos est\u00e1n protegidos por la ley del lim\u00f3n siempre que tengan una garant\u00eda en vigor.&nbsp;<\/span><\/p>\n\n\n\n<p><span style=\"font-weight: 400;\">Aunque tu veh\u00edculo no tenga garant\u00eda vigente, puedes optar a una indemnizaci\u00f3n si hiciste dos o m\u00e1s intentos de reparaci\u00f3n mientras estaba en garant\u00eda. Adem\u00e1s, tanto los veh\u00edculos alquilados como los de propiedad est\u00e1n cubiertos. La ley del lim\u00f3n de California protege todas las marcas y modelos de veh\u00edculos en California, incluidos los siguientes modelos de Porsche:<\/span><\/p>\n\n\n\n<ul class=\"wp-block-list\">\n<li><span style=\"font-weight: 400;\">Porsche 911<\/span><\/li>\n\n\n\n<li><span style=\"font-weight: 400;\">Porsche Boxster<\/span><\/li>\n\n\n\n<li><span style=\"font-weight: 400;\">Porsche Carrera<\/span><\/li>\n\n\n\n<li><span style=\"font-weight: 400;\">Porsche Cayman<\/span><\/li>\n\n\n\n<li><span style=\"font-weight: 400;\">Porsche Cayenne<\/span><\/li>\n\n\n\n<li><span style=\"font-weight: 400;\">Porsche Macan<\/span><\/li>\n\n\n\n<li><span style=\"font-weight: 400;\">Porsche Panamera<\/span><\/li>\n\n\n\n<li><span style=\"font-weight: 400;\">Porsche Spyder<\/span><\/li>\n\n\n\n<li><span style=\"font-weight: 400;\">Porsche Taycan<\/span><\/li>\n<\/ul>\n\n\n\n<h3 class=\"wp-block-heading\"><b>Creo que mi Porsche es un coche de alquiler. \u00bfQu\u00e9 debo hacer ahora?<\/b><\/h3>\n\n\n\n<p><span style=\"font-weight: 400;\">Para acogerse a la ley del lim\u00f3n de California, tendr\u00e1 que demostrar que ha dado a Porsche un n\u00famero razonable de intentos para reparar su veh\u00edculo. Tambi\u00e9n tendr\u00e1 que demostrar que los defectos no reparados perjudicaron el uso, valor o seguridad de su veh\u00edculo.  Los abogados expertos en la ley del lim\u00f3n de California en Wirtz Law pueden evaluar si su Porsche califica para una recompra sin ninguna obligaci\u00f3n para usted.&nbsp;&nbsp;<\/span><\/p>\n\n\n\n<p><span style=\"font-weight: 400;\">Le recomendamos que conserve todos los recibos, registros de mantenimiento y un registro de las comunicaciones entre usted y el concesionario. Esto le ayudar\u00e1 a probar que les ha dado un n\u00famero razonable de intentos para reparar su veh\u00edculo. Una vez que su veh\u00edculo ha sido reparado dos veces m\u00e1s, es el momento de ponerse en contacto con un abogado de la Ley del Lim\u00f3n y conocer sus opciones para obtener una indemnizaci\u00f3n en forma de un veh\u00edculo de sustituci\u00f3n o a trav\u00e9s de una recompra.<\/span><\/p>\n\n\n\n<h3 class=\"wp-block-heading\"><b>Conseguir la sustituci\u00f3n o recompra de un Porsche<\/b><\/h3>\n\n\n\n<p><span style=\"font-weight: 400;\">Si su Porsche es elegible como un lim\u00f3n bajo la ley del lim\u00f3n de California, Porsche debe recomprar o comprar de nuevo su veh\u00edculo. Tambi\u00e9n puede solicitar un veh\u00edculo de sustituci\u00f3n de un estilo y modelo similar, y en ocasiones Porsche le ofrecer\u00e1 la recompra de su veh\u00edculo. A\u00fan as\u00ed, usted debe tener un abogado con experiencia de su lado porque el concesionario puede tratar de pagarle una cantidad insuficiente por su Porsche.<\/span><\/p>\n\n\n\n<p><span style=\"font-weight: 400;\">Uno de nuestros expertos abogados de la ley del lim\u00f3n en Wirtz Law proteger\u00e1 sus derechos negociando con el Porsche, persiguiendo la m\u00e1xima compensaci\u00f3n para usted, incluyendo las sanciones civiles si Porsche no recompra intencionadamente su Porsche, y todos sus gastos incidentales, como los gastos de alquiler de coches y de la gr\u00faa. Antes de firmar cualquier acuerdo con el Porsche, aseg\u00farese de consultar con un abogado.&nbsp;<\/span><\/p>\n\n\n\n<h4 class=\"wp-block-heading\"><b>P\u00f3ngase en contacto con un abogado de la ley del lim\u00f3n de Porsche en California<\/b><\/h4>\n\n\n\n<p><span style=\"font-weight: 400;\">Si sospecha que ha comprado un producto defectuoso, nuestros experimentados abogados de la ley del lim\u00f3n de Porsche en Wirtz Law est\u00e1n listos para asesorarle sobre la mejor manera de obtener la compensaci\u00f3n que merece. Los abogados de Wirtz Law tienen un historial probado de hacer responsables a los concesionarios de autom\u00f3viles como Porsche y proteger a los consumidores. <a href=\"https:\/\/www.wirtzlaw.com\/es\/contactar-con\/\">Contacto con nosotros<\/a> hoy para programar una evaluaci\u00f3n gratuita de su caso.<\/span><\/p>\n\n\n\n<p><em>Los abogados de ley de lim\u00f3n en Wirtz Law ayudan a los residentes de California con reclamos de ley de lim\u00f3n de Porsche en todo California, incluyendo <a href=\"https:\/\/www.wirtzlaw.com\/es\/areas-de-practica\/abogados-de-la-ley-del-limon\/los-angeles-lemon-law-abogados\/\">Los Angeles<\/a>, <a href=\"https:\/\/www.wirtzlaw.com\/es\/areas-de-practica\/abogados-de-la-ley-del-limon\/abogado-de-la-ley-del-limon-de-san-diego\/\">San Diego<\/a>y <a href=\"https:\/\/www.wirtzlaw.com\/es\/areas-de-practica\/abogados-de-la-ley-del-limon\/abogado-de-la-ley-del-limon-del-condado-de-orange\/\">Orange County<\/a>.\u00a0<\/em><\/p>","protected":false},"excerpt":{"rendered":"<p>Porsche (pronunciado \"POR-shu\") es un fabricante alem\u00e1n de autom\u00f3viles propiedad de Volkswagen especializado principalmente en veh\u00edculos deportivos de altas prestaciones. Los clientes aprecian los veh\u00edculos Porsche por su excelente ingenier\u00eda alemana, su moderno interior y su refinada experiencia de conducci\u00f3n. Lamentablemente, no todos los veh\u00edculos Porsche est\u00e1n a la altura. Porsche produce algunos veh\u00edculos con defectos sustanciales, convirti\u00e9ndolos en limones.  P\u00f3ngase en contacto con un...<\/p>","protected":false},"author":12,"featured_media":3522,"parent":2523,"menu_order":0,"comment_status":"closed","ping_status":"closed","template":"","meta":{"_acf_changed":false,"footnotes":""},"class_list":["post-2547","page","type-page","status-publish","has-post-thumbnail","hentry"],"acf":[],"_links":{"self":[{"href":"https:\/\/www.wirtzlaw.com\/es\/wp-json\/wp\/v2\/pages\/2547","targetHints":{"allow":["GET"]}}],"collection":[{"href":"https:\/\/www.wirtzlaw.com\/es\/wp-json\/wp\/v2\/pages"}],"about":[{"href":"https:\/\/www.wirtzlaw.com\/es\/wp-json\/wp\/v2\/types\/page"}],"author":[{"embeddable":true,"href":"https:\/\/www.wirtzlaw.com\/es\/wp-json\/wp\/v2\/users\/12"}],"replies":[{"embeddable":true,"href":"https:\/\/www.wirtzlaw.com\/es\/wp-json\/wp\/v2\/comments?post=2547"}],"version-history":[{"count":5,"href":"https:\/\/www.wirtzlaw.com\/es\/wp-json\/wp\/v2\/pages\/2547\/revisions"}],"predecessor-version":[{"id":7917,"href":"https:\/\/www.wirtzlaw.com\/es\/wp-json\/wp\/v2\/pages\/2547\/revisions\/7917"}],"up":[{"embeddable":true,"href":"https:\/\/www.wirtzlaw.com\/es\/wp-json\/wp\/v2\/pages\/2523"}],"wp:featuredmedia":[{"embeddable":true,"href":"https:\/\/www.wirtzlaw.com\/es\/wp-json\/wp\/v2\/media\/3522"}],"wp:attachment":[{"href":"https:\/\/www.wirtzlaw.com\/es\/wp-json\/wp\/v2\/media?parent=2547"}],"curies":[{"name":"wp","href":"https:\/\/api.w.org\/{rel}","templated":true}]}}