{"id":2543,"date":"2020-09-20T15:09:23","date_gmt":"2020-09-20T22:09:23","guid":{"rendered":"https:\/\/wirtzlawstg.wpengine.com\/?page_id=1974"},"modified":"2026-04-17T16:28:18","modified_gmt":"2026-04-17T20:28:18","slug":"abogados-maserati-lemon-law","status":"publish","type":"page","link":"https:\/\/www.wirtzlaw.com\/es\/practice-areas\/lemon-law-attorneys\/maserati-lemon-law-attorneys\/","title":{"rendered":"Reclamaciones de Maserati"},"content":{"rendered":"<p><span style=\"font-weight: 400;\"><a href=\"https:\/\/www.wirtzlaw.com\/es\/areas-de-practica\/abogados-de-la-ley-del-limon\/abogados-maserati-lemon-law\/\">Maserati<\/a> es un fabricante italiano de autom\u00f3viles de lujo fundado en 1914. Actualmente es propiedad de <a href=\"https:\/\/www.wirtzlaw.com\/es\/areas-de-practica\/abogados-de-la-ley-del-limon\/abogados-fiat-lemon-law\/\">Fiat<\/a> <a href=\"https:\/\/www.wirtzlaw.com\/es\/areas-de-practica\/abogados-de-la-ley-del-limon\/chrysler-abogado-de-la-ley-de-limon\/\">Chrysler<\/a> Autom\u00f3viles, los coches Maserati se asociaron inicialmente con Ferrari. Los clientes de Maserati disfrutan con estos veh\u00edculos de lujo bien dise\u00f1ados y exclusivos, que se fabrican en un n\u00famero limitado cada a\u00f1o. A pesar de ser de gama alta y fabricados en n\u00fameros limitados, los coches Maserati pueden ser limones con defectos continuos.&nbsp;<\/span><\/p>\n\n\n\n<h2 class=\"wp-block-heading\"><b>\u00bfSu Maserati es un lim\u00f3n? Wirtz Law puede ayudar<\/b><\/h2>\n\n\n\n<p><span style=\"font-weight: 400;\">Si su Maserati sigue teniendo problemas y siempre parece estar en el taller, podr\u00eda considerarse un \"lim\u00f3n\". Tratar con un veh\u00edculo defectuoso es frustrante y estresante, y usted no tiene por qu\u00e9 seguir soport\u00e1ndolo. Los abogados expertos en la ley del lim\u00f3n de Maserati de Wirtz Law tienen una amplia experiencia en la recuperaci\u00f3n de decenas de millones para clientes como usted que han comprado limones. Llame hoy mismo a Wirtz Law para programar la evaluaci\u00f3n gratuita de su caso si cree que su Maserati puede ser un lim\u00f3n.&nbsp;<\/span><\/p>\n\n\n\n<h3 class=\"wp-block-heading\"><b>Ley del Lim\u00f3n de California para Maserati<\/b><\/h3>\n\n\n\n<p><span style=\"font-weight: 400;\">Maserati s\u00f3lo produce un n\u00famero limitado de veh\u00edculos cada a\u00f1o. Muchos consumidores asumen que, dado que Maserati produce un veh\u00edculo tan exclusivo, recibir\u00e1n una hermosa pieza de maquinaria que podr\u00e1n disfrutar durante a\u00f1os. Por desgracia, ning\u00fan fabricante de autom\u00f3viles es inmune a la fabricaci\u00f3n de limones.&nbsp;<\/span><\/p>\n\n\n\n<p><span style=\"font-weight: 400;\">Un Maserati puede fallar en el control de calidad, estar mal dise\u00f1ado o tener piezas defectuosas. Los propietarios y arrendatarios de veh\u00edculos pueden acogerse a la ley del lim\u00f3n de California para obtener reparaci\u00f3n por los problemas persistentes o peligrosos de sus veh\u00edculos. La ley se aplica a todas las marcas y modelos de coches vendidos en California, incluidos los siguientes modelos de Maserati:<\/span><\/p>\n\n\n\n<ul class=\"wp-block-list\">\n<li><span style=\"font-weight: 400;\">MC20<\/span><\/li>\n\n\n\n<li><span style=\"font-weight: 400;\">&nbsp;Levante<\/span><\/li>\n\n\n\n<li><span style=\"font-weight: 400;\">&nbsp;Quattroporte VI Diesel<\/span><\/li>\n\n\n\n<li><span style=\"font-weight: 400;\">&nbsp;Quattroporte VI GTS<\/span><\/li>\n\n\n\n<li><span style=\"font-weight: 400;\">&nbsp;Quattroporte VI S<\/span><\/li>\n\n\n\n<li><span style=\"font-weight: 400;\">&nbsp;Ghibli III<\/span><\/li>\n\n\n\n<li><span style=\"font-weight: 400;\">&nbsp;Ghibli III S<\/span><\/li>\n\n\n\n<li><span style=\"font-weight: 400;\">&nbsp;Ghibli III Diesel<\/span><\/li>\n\n\n\n<li><span style=\"font-weight: 400;\">&nbsp;GranTurismo<\/span><\/li>\n\n\n\n<li><span style=\"font-weight: 400;\">&nbsp;GranTurismo S<\/span><\/li>\n\n\n\n<li><span style=\"font-weight: 400;\">&nbsp;GranCabrio<\/span><\/li>\n<\/ul>\n\n\n\n<p><span style=\"font-weight: 400;\">Cuando un veh\u00edculo se considera defectuoso, el fabricante o distribuidor deber\u00e1 recomprar el veh\u00edculo defectuoso o sustituirlo. Es esencial que tenga un abogado involucrado en el proceso para asegurarse de que est\u00e1 recibiendo la cantidad total de compensaci\u00f3n a la que tiene derecho por parte de Maserati.<\/span><\/p>\n\n\n\n<h3 class=\"wp-block-heading\"><b>\u00bfCalifica mi Maserati como un lim\u00f3n?<\/b><\/h3>\n\n\n\n<p><span style=\"font-weight: 400;\">La mejor manera de determinar si usted puede solicitar una indemnizaci\u00f3n en virtud de la ley del lim\u00f3n de California es llegar a un abogado con experiencia. En Wirtz Law, ofrecemos a los clientes una evaluaci\u00f3n gratuita de su caso. Vamos a evaluar su situaci\u00f3n y le aconsejar\u00e1 si su veh\u00edculo califica como un lim\u00f3n. Las reparaciones del veh\u00edculo deben estar en garant\u00eda para ser elegible para el alivio bajo la ley del lim\u00f3n de California. Otros requisitos para que un veh\u00edculo sea un lim\u00f3n incluyen los siguientes:<\/span><\/p>\n\n\n\n<ul class=\"wp-block-list\">\n<li><span style=\"font-weight: 400;\">El veh\u00edculo es un Maserati nuevo, de segunda mano o certificado<\/span><\/li>\n\n\n\n<li><span style=\"font-weight: 400;\">Ha comprado o alquilado el Maserati<\/span><\/li>\n\n\n\n<li><span style=\"font-weight: 400;\">Cuando compr\u00f3 o alquil\u00f3 el veh\u00edculo, estaba cubierto por una garant\u00eda de \"coche nuevo\".<\/span><\/li>\n\n\n\n<li><span style=\"font-weight: 400;\">El veh\u00edculo ten\u00eda uno o varios defectos que obligaron a llevarlo al taller antes de que expirara la garant\u00eda<\/span><\/li>\n\n\n\n<li><span style=\"font-weight: 400;\">El fabricante ha tenido un n\u00famero razonable de oportunidades para reparar el defecto<\/span><\/li>\n\n\n\n<li><span style=\"font-weight: 400;\">O bien, el veh\u00edculo ha estado en el taller de forma acumulada durante 30 o m\u00e1s d\u00edas&nbsp;<\/span><\/li>\n<\/ul>\n\n\n\n<h3 class=\"wp-block-heading\"><b>\u00bfQu\u00e9 es un defecto sustancial?<\/b><\/h3>\n\n\n\n<p><span style=\"font-weight: 400;\">La ley del lim\u00f3n de California exige un defecto sustancial para que un veh\u00edculo se considere un lim\u00f3n. No debe haber sido reparado despu\u00e9s de m\u00faltiples intentos.  O puede haber estado en el concesionario 30 d\u00edas o m\u00e1s intentando que lo arreglen. Un defecto sustancial perjudica el uso, el valor o la seguridad del veh\u00edculo. Un defecto que impida conducir el veh\u00edculo tanto como usted desea o de la manera que esperaba puede ser un defecto cualificado.&nbsp;<\/span><\/p>\n\n\n\n<p><span style=\"font-weight: 400;\">Si no recibe el valor de la marca de lujo por la que pag\u00f3 una prima, es posible que tenga un valor impagado.  Por \u00faltimo, un defecto es sustancial cuando pone en riesgo al conductor, a los pasajeros o a otros conductores debido a un defecto de seguridad.&nbsp;<\/span><\/p>\n\n\n\n<h3 class=\"wp-block-heading\"><b>Defectos comunes de Maserati&nbsp;<\/b><\/h3>\n\n\n\n<p><span style=\"font-weight: 400;\">Muchos defectos diferentes pueden hacer que un Maserati sea un lim\u00f3n. Los problemas de motor, de transmisi\u00f3n y de frenos pueden ser peligrosos y provocar un accidente. Otros problemas comunes de Maserati son los siguientes:<\/span><\/p>\n\n\n\n<ul class=\"wp-block-list\">\n<li><span style=\"font-weight: 400;\">Defectos de la bater\u00eda, la carga y la autonom\u00eda<\/span><\/li>\n\n\n\n<li><span style=\"font-weight: 400;\">Desalineaci\u00f3n<\/span><\/li>\n\n\n\n<li><span style=\"font-weight: 400;\">Se encienden repetidamente las luces de control del motor<\/span><\/li>\n\n\n\n<li><span style=\"font-weight: 400;\">Problemas inform\u00e1ticos y del sistema el\u00e9ctrico<\/span><\/li>\n\n\n\n<li><span style=\"font-weight: 400;\">Sobrecalentamiento de los frenos y fallo de los mismos<\/span><\/li>\n\n\n\n<li><span style=\"font-weight: 400;\">Vibraci\u00f3n en la transmisi\u00f3n, los ejes, la columna de direcci\u00f3n o los frenos<\/span><\/li>\n\n\n\n<li><span style=\"font-weight: 400;\">Problemas con el motor, incluyendo la p\u00e9rdida de potencia, el fallo del motor y la lentitud del rendimiento<\/span><\/li>\n\n\n\n<li><span style=\"font-weight: 400;\">Fugas de agua, aceite, combustible, refrigerante u otros fluidos<\/span><\/li>\n\n\n\n<li><span style=\"font-weight: 400;\">La transmisi\u00f3n da bandazos, saltos, cambios bruscos o no funciona correctamente<\/span><\/li>\n\n\n\n<li><span style=\"font-weight: 400;\">Vibraci\u00f3n en la transici\u00f3n, los ejes, la columna de direcci\u00f3n o los frenos<\/span><\/li>\n<\/ul>\n\n\n\n<p><span style=\"font-weight: 400;\">Si has acudido varias veces al concesionario para que te arreglen alguno de los defectos mencionados o cualquier otro defecto, es posible que tengas derecho a una indemnizaci\u00f3n. Le recomendamos que hable de su caso con un abogado especializado en la ley del lim\u00f3n, que abogar\u00e1 por usted para conseguir la indemnizaci\u00f3n que se merece. Si sigue el proceso solo, Maserati puede intentar restar importancia al defecto y negarle la sustituci\u00f3n o recompra que se merece.&nbsp;<\/span><\/p>\n\n\n\n<h3 class=\"wp-block-heading\"><b>Creo que mi Maserati es defectuoso. \u00bfQu\u00e9 hago ahora?<\/b><\/h3>\n\n\n\n<p><span style=\"font-weight: 400;\">Si sospecha que ha adquirido un Maserati defectuoso, deber\u00e1 conceder al concesionario Maserati un n\u00famero razonable de intentos para reparar su Maserati. Dos intentos de reparaci\u00f3n pueden ser suficientes para cumplir este requisito.  Le recomendamos que conserve todos los registros de sus visitas al concesionario. Mantenga un registro de cualquier comunicaci\u00f3n que haya tenido con el concesionario en relaci\u00f3n con el defecto. Una vez que su veh\u00edculo ha estado en el taller dos o m\u00e1s veces y todav\u00eda tiene problemas, es el momento de ponerse en contacto con un abogado con experiencia en la ley del lim\u00f3n. Wirtz Law tiene abogados expertos en juicios para ayudarle con sus reclamaciones de la ley del lim\u00f3n.&nbsp;&nbsp;<\/span><\/p>\n\n\n\n<h4 class=\"wp-block-heading\"><b>P\u00f3ngase en contacto con un abogado de la ley del lim\u00f3n de Maserati en California<\/b><\/h4>\n\n\n\n<p><span style=\"font-weight: 400;\">Ofrecemos a los clientes una llamada de evaluaci\u00f3n gratuita. Durante la llamada, hablaremos de su Maserati y de los problemas que ha tenido. Si su concesionario no ha solucionado los problemas de su Maserati despu\u00e9s de varios intentos, o si ha estado sin su Maserati durante 30 d\u00edas o m\u00e1s por reparaciones, es posible que tenga un veh\u00edculo defectuoso. Si su coche es un \"lim\u00f3n\", tiene derecho a la recompra o a un veh\u00edculo de sustituci\u00f3n pagado por Maserati e incluso a sanciones civiles. En Wirtz Law, nuestros abogados a menudo pueden recuperar m\u00e1s adem\u00e1s de sus da\u00f1os reales. <a href=\"https:\/\/www.wirtzlaw.com\/es\/contactar-con\/\">Contacte con<\/a> Wirtz Law hoy para programar la evaluaci\u00f3n gratuita de su caso.<\/span><\/p>\n\n\n\n<p><em>Los abogados de la ley del lim\u00f3n de Wirtz Law ayudan a los residentes de California con reclamos de la ley del lim\u00f3n de Maserati en todo California, incluyendo <a href=\"https:\/\/www.wirtzlaw.com\/es\/areas-de-practica\/abogados-de-la-ley-del-limon\/los-angeles-lemon-law-abogados\/\">Los Angeles<\/a>, <a href=\"https:\/\/www.wirtzlaw.com\/es\/areas-de-practica\/abogados-de-la-ley-del-limon\/abogado-de-la-ley-del-limon-de-san-diego\/\">San Diego<\/a>y <a href=\"https:\/\/www.wirtzlaw.com\/es\/areas-de-practica\/abogados-de-la-ley-del-limon\/abogado-de-la-ley-del-limon-del-condado-de-orange\/\">Orange County<\/a>.\u00a0<\/em><\/p>","protected":false},"excerpt":{"rendered":"<p>Maserati es un fabricante italiano de autom\u00f3viles de lujo fundado en 1914. Actualmente propiedad de Fiat Chrysler Automobiles, los coches Maserati se asociaron inicialmente con Ferrari. Los clientes de Maserati disfrutan de que estos veh\u00edculos de lujo est\u00e1n bien dise\u00f1ados y son exclusivos, produci\u00e9ndose un n\u00famero limitado cada a\u00f1o. A pesar de ser de alta gama y fabricados en n\u00fameros limitados, los coches Maserati pueden ser...<\/p>","protected":false},"author":12,"featured_media":3499,"parent":2523,"menu_order":0,"comment_status":"closed","ping_status":"closed","template":"","meta":{"_acf_changed":false,"footnotes":""},"class_list":["post-2543","page","type-page","status-publish","has-post-thumbnail","hentry"],"acf":[],"_links":{"self":[{"href":"https:\/\/www.wirtzlaw.com\/es\/wp-json\/wp\/v2\/pages\/2543","targetHints":{"allow":["GET"]}}],"collection":[{"href":"https:\/\/www.wirtzlaw.com\/es\/wp-json\/wp\/v2\/pages"}],"about":[{"href":"https:\/\/www.wirtzlaw.com\/es\/wp-json\/wp\/v2\/types\/page"}],"author":[{"embeddable":true,"href":"https:\/\/www.wirtzlaw.com\/es\/wp-json\/wp\/v2\/users\/12"}],"replies":[{"embeddable":true,"href":"https:\/\/www.wirtzlaw.com\/es\/wp-json\/wp\/v2\/comments?post=2543"}],"version-history":[{"count":5,"href":"https:\/\/www.wirtzlaw.com\/es\/wp-json\/wp\/v2\/pages\/2543\/revisions"}],"predecessor-version":[{"id":7911,"href":"https:\/\/www.wirtzlaw.com\/es\/wp-json\/wp\/v2\/pages\/2543\/revisions\/7911"}],"up":[{"embeddable":true,"href":"https:\/\/www.wirtzlaw.com\/es\/wp-json\/wp\/v2\/pages\/2523"}],"wp:featuredmedia":[{"embeddable":true,"href":"https:\/\/www.wirtzlaw.com\/es\/wp-json\/wp\/v2\/media\/3499"}],"wp:attachment":[{"href":"https:\/\/www.wirtzlaw.com\/es\/wp-json\/wp\/v2\/media?parent=2543"}],"curies":[{"name":"wp","href":"https:\/\/api.w.org\/{rel}","templated":true}]}}