{"id":2538,"date":"2020-09-18T15:19:34","date_gmt":"2020-09-18T22:19:34","guid":{"rendered":"https:\/\/wirtzlawstg.wpengine.com\/?page_id=1916"},"modified":"2026-04-17T17:25:31","modified_gmt":"2026-04-17T21:25:31","slug":"genesis-lemon-law-abogados","status":"publish","type":"page","link":"https:\/\/www.wirtzlaw.com\/es\/practice-areas\/lemon-law-attorneys\/genesis-lemon-law-attorneys\/","title":{"rendered":"G\u00e9nesis"},"content":{"rendered":"<p><span style=\"font-weight: 400;\"><a href=\"https:\/\/www.wirtzlaw.com\/es\/areas-de-practica\/abogados-de-la-ley-del-limon\/genesis-lemon-law-abogados\/\">G\u00e9nesis<\/a> es la divisi\u00f3n de veh\u00edculos de lujo del fabricante surcoreano de veh\u00edculos Hyundai Motor Group. Es distribuida por Hyundai Motor America.  Genesis lanz\u00f3 su primer modelo independiente, el Genesis G90, en 2017. Hyundai produce m\u00e1s de 5 millones de veh\u00edculos al a\u00f1o, incluidos sus modelos de lujo premium Genesis, lo que los convierte en uno de los fabricantes de autom\u00f3viles m\u00e1s populares de Estados Unidos y del mundo. Por desgracia, Hyundai produce limones con defectos cada a\u00f1o.&nbsp;<\/span><\/p>\n\n\n\n<h2 class=\"wp-block-heading\"><b>Programe una evaluaci\u00f3n gratuita de su caso con un abogado de la Ley del Lim\u00f3n de G\u00e9nesis&nbsp;<\/b><\/h2>\n\n\n\n<p><span style=\"font-weight: 400;\">Si su veh\u00edculo ha necesitado m\u00faltiples reparaciones, es posible que haya comprado un lim\u00f3n. Bajo la ley de lim\u00f3n de California, usted puede tener derecho a un Genesis de reemplazo o exigir a Hyundai que compre de nuevo su Genesis y que pague sanciones civiles. Hacemos responsables a los grandes fabricantes de autom\u00f3viles y hemos recuperado decenas de millones en indemnizaciones para nuestros clientes. P\u00f3ngase en contacto con nosotros hoy mismo para programar la evaluaci\u00f3n gratuita de su caso.<\/span><\/p>\n\n\n\n<h3 class=\"wp-block-heading\"><b>Ley del Lim\u00f3n de California para Hyundai Genesis<\/b><\/h3>\n\n\n\n<p><span style=\"font-weight: 400;\">Si usted piensa que tiene un lim\u00f3n, es importante que usted entienda sus derechos legales bajo la ley del lim\u00f3n de California. Siempre y cuando usted haya dado a Hyundai un n\u00famero razonable de intentos para reparar su Genesis, pero el problema persiste, su coche puede ser considerado un lim\u00f3n. Si es as\u00ed, Hyundai estar\u00e1 obligado a recomprar o reemplazar su Genesis. Su Genesis debe ser reparado bajo garant\u00eda para ejercer sus derechos bajo la ley del lim\u00f3n de California.&nbsp;<\/span><\/p>\n\n\n\n<p><span style=\"font-weight: 400;\">Se aceptan garant\u00edas de coches nuevos y de veh\u00edculos de segunda mano certificados (CPO). Adem\u00e1s, no necesitas ser propietario de tu Genesis para ejercer tus derechos bajo la ley del lim\u00f3n de California. Puede hacerlo durante el leasing o incluso despu\u00e9s de venderlo, cambiarlo o entregarlo al final del leasing. Todos los veh\u00edculos est\u00e1n cubiertos por la ley del lim\u00f3n, incluidos los siguientes modelos de Hyundai Genesis:<\/span><\/p>\n\n\n\n<ul class=\"wp-block-list\">\n<li><span style=\"font-weight: 400;\">Genesis G70<\/span><\/li>\n\n\n\n<li><span style=\"font-weight: 400;\">&nbsp;Genesis G80<\/span><\/li>\n\n\n\n<li><span style=\"font-weight: 400;\">&nbsp;Genesis G80 Sport<\/span><\/li>\n\n\n\n<li><span style=\"font-weight: 400;\">&nbsp;Genesis G90<\/span><\/li>\n<\/ul>\n\n\n\n<h3 class=\"wp-block-heading\"><b>Hyundai ofrece \"la mejor garant\u00eda de Estados Unidos\"<\/b><\/h3>\n\n\n\n<p><span style=\"font-weight: 400;\">Hyundai es conocida por anunciar la mejor garant\u00eda de Estados Unidos. Afirman ofrecer a los clientes una garant\u00eda de hasta 10 a\u00f1os o 100.000 millas. Es importante saber que s\u00f3lo el propietario original obtiene la garant\u00eda de 10 a\u00f1os y que s\u00f3lo se aplica al tren motriz, no a todo el coche.  Esta publicidad ofrece una imagen poco realista y los conductores de un Genesis se enfrentan a menudo a gastos de reparaci\u00f3n inesperados y considerables. El concesionario puede alegar que estas reparaciones no est\u00e1n cubiertas por la conocida garant\u00eda de Hyundai. Los propietarios de un Hyundai pueden enfrentarse al estr\u00e9s de volver al concesionario Hyundai varias veces debido a problemas continuos y persistentes que nunca se resuelven. Muchos propietarios de Hyundai compran un Hyundai con la esperanza de aprovechar su garant\u00eda anunciada, s\u00f3lo para estar decepcionados cuando se dan cuenta de que compraron un lim\u00f3n.<\/span><\/p>\n\n\n\n<h3 class=\"wp-block-heading\"><b>\u00bfCu\u00e1nto vale mi reclamaci\u00f3n de Genesis Lemon?<\/b><\/h3>\n\n\n\n<p><span style=\"font-weight: 400;\">Quiz\u00e1s te preguntes si vale la pena presentar una reclamaci\u00f3n bajo la ley del lim\u00f3n para tu Hyundai Genesis. En <a href=\"https:\/\/www.wirtzlaw.com\/es\/\">Wirtz Law<\/a>, todos los abogados est\u00e1n listos para ir a juicio y tienen amplia experiencia en llevar casos a los tribunales. Intentaremos agresivamente negociar la mejor compensaci\u00f3n posible para usted y, si Hyundai se niega a pagar lo que le corresponde, iremos a juicio, represent\u00e1ndolo h\u00e1bilmente en todas las etapas de su reclamo. En muchos casos, podemos recuperar una indemnizaci\u00f3n adicional para nuestros clientes m\u00e1s all\u00e1 de un veh\u00edculo de reemplazo o una recompra por parte de Hyundai.<\/span><\/p>\n\n\n\n<p><span style=\"font-weight: 400;\">Si su veh\u00edculo es un lim\u00f3n, usted podr\u00e1 recuperar los da\u00f1os reales, y usted puede ser capaz de recuperar las sanciones civiles contra Hyundai y sus distribuidores. Por ejemplo, si Hyundai viol\u00f3 intencionadamente las leyes de California, usted puede tener derecho hasta el doble del importe de sus da\u00f1os reales. Tendr\u00e1 derecho a una indemnizaci\u00f3n por los da\u00f1os incidentales causados por todo el tiempo de reparaci\u00f3n, como los gastos de la gr\u00faa y los gastos de alquiler del coche. En California, s\u00f3lo tiene un a\u00f1o despu\u00e9s de que expire la garant\u00eda y hasta seis a\u00f1os a partir de la fecha de entrega para presentar una reclamaci\u00f3n de la ley del lim\u00f3n, por lo que recomendamos discutir su caso con uno de nuestros abogados expertos en la ley del lim\u00f3n tan pronto como sea posible.&nbsp;<\/span><\/p>\n\n\n\n<h3 class=\"wp-block-heading\"><b>Defectos comunes de la Ley del Lim\u00f3n en los veh\u00edculos Fiat<\/b><\/h3>\n\n\n\n<p><span style=\"font-weight: 400;\">Hay varios problemas que afectan a diferentes modelos de Hyundai, incluido el Genesis, que dan lugar a una reclamaci\u00f3n de la ley del lim\u00f3n. Algunos de los defectos m\u00e1s comunes del Genesis son los siguientes:<\/span><\/p>\n\n\n\n<ul class=\"wp-block-list\">\n<li><span style=\"font-weight: 400;\">Iluminaci\u00f3n de la luz del motor<\/span><\/li>\n\n\n\n<li><span style=\"font-weight: 400;\">Problemas de transmisi\u00f3n, como falta de respuesta, chirridos y ruidos.<\/span><\/li>\n\n\n\n<li><span style=\"font-weight: 400;\">Fugas de refrigerante, l\u00edquido, aceite, etc.<\/span><\/li>\n\n\n\n<li><span style=\"font-weight: 400;\">Complicaciones de la direcci\u00f3n asistida<\/span><\/li>\n\n\n\n<li><span style=\"font-weight: 400;\">Problemas con los cilindros que afectan a la aceleraci\u00f3n<\/span><\/li>\n\n\n\n<li><span style=\"font-weight: 400;\">Mal funcionamiento del motor que provoca chisporroteo, agarrotamiento y calado<\/span><\/li>\n\n\n\n<li><span style=\"font-weight: 400;\">Fallo de los componentes electr\u00f3nicos<\/span><\/li>\n\n\n\n<li><span style=\"font-weight: 400;\">Dificultad para girar el volante<\/span><\/li>\n\n\n\n<li><span style=\"font-weight: 400;\">Desgaste prematuro de los neum\u00e1ticos<\/span><\/li>\n\n\n\n<li><span style=\"font-weight: 400;\">Direcci\u00f3n suelta<\/span><\/li>\n\n\n\n<li><span style=\"font-weight: 400;\">Direcci\u00f3n insensible<\/span><\/li>\n\n\n\n<li><span style=\"font-weight: 400;\">Chirridos, chirridos u otros ruidos al girar la rueda<\/span><\/li>\n\n\n\n<li><span style=\"font-weight: 400;\">Defectos en el volante<\/span><\/li>\n\n\n\n<li><span style=\"font-weight: 400;\">Vibraci\u00f3n excesiva<\/span><\/li>\n<\/ul>\n\n\n\n<h3 class=\"wp-block-heading\"><b>\u00bfSu G\u00e9nesis es defectuoso?<\/b><\/h3>\n\n\n\n<p><span style=\"font-weight: 400;\">Si su Hyundai Genesis alquilado, nuevo o usado todav\u00eda est\u00e1 bajo la garant\u00eda del fabricante o una garant\u00eda de segunda mano certificada, usted puede tener derecho a una indemnizaci\u00f3n en virtud de la ley del lim\u00f3n de California. Sin embargo, usted tendr\u00e1 que demostrar que su veh\u00edculo cumple con la definici\u00f3n de un lim\u00f3n en virtud de la ley. Siempre y cuando cumpla con los siguientes criterios, su veh\u00edculo ser\u00e1 considerado un lim\u00f3n, y usted debe buscar acci\u00f3n legal contra Hyundai:<\/span><\/p>\n\n\n\n<ul class=\"wp-block-list\">\n<li><span style=\"font-weight: 400;\">Has dejado a Hyundai al menos dos oportunidades de reparaci\u00f3n para arreglar uno o varios defectos en tu Genesis&nbsp;<\/span><\/li>\n\n\n\n<li><span style=\"font-weight: 400;\">Los defectos perjudican el uso, el valor o la seguridad de su veh\u00edculo<\/span><\/li>\n\n\n\n<li><span style=\"font-weight: 400;\">El defecto o los defectos permanecen&nbsp;<\/span><\/li>\n<\/ul>\n\n\n\n<p><span style=\"font-weight: 400;\">Tambi\u00e9n puede optar por menos de dos reparaciones si el veh\u00edculo no fue reparado en 30 d\u00edas.&nbsp;&nbsp;<\/span><\/p>\n\n\n\n<p><span style=\"font-weight: 400;\">Si el concesionario ha sido incapaz de reparar su Hyundai en garant\u00eda, hay una buena probabilidad de que usted tiene un lim\u00f3n. Incluso si su problema no est\u00e1 en la lista anterior, o si ha experimentado m\u00faltiples problemas con su Hyundai Genesis, vale la pena tomarse el tiempo para discutir su caso con uno de nuestros abogados con experiencia en la ley de lim\u00f3n. Si su veh\u00edculo califica como un lim\u00f3n, usted tendr\u00e1 derecho a un veh\u00edculo de sustituci\u00f3n o para una recompra de su actual G\u00e9nesis, lo que le permite obtener un veh\u00edculo fiable y seguro y detener el estr\u00e9s derivado de ser due\u00f1o de un lim\u00f3n.<\/span><\/p>\n\n\n\n<h4 class=\"wp-block-heading\"><b>P\u00f3ngase en contacto con un abogado de la Ley del Lim\u00f3n de G\u00e9nesis en California<\/b><\/h4>\n\n\n\n<p><span style=\"font-weight: 400;\">Si ha comprado un Hyundai Genesis, probablemente esperaba un veh\u00edculo de lujo que pudiera disfrutar. Saber que le han vendido un lim\u00f3n en lugar de un veh\u00edculo de lujo de alto rendimiento puede ser desmoralizador y consumir mucho tiempo. Los abogados expertos en la ley del lim\u00f3n de Wirtz Law pueden ayudarle a recuperar la compensaci\u00f3n que se merece. Tenemos un historial probado de recuperaci\u00f3n de decenas de millones de d\u00f3lares para los clientes a trav\u00e9s de la Ley del Lim\u00f3n de California, incluidas las sanciones civiles. <a href=\"https:\/\/www.wirtzlaw.com\/es\/contactar-con\/\">Contacte con<\/a> Wirtz Law hoy para programar su consulta inicial gratuita.<\/span><\/p>\n\n\n\n<p><em>Los abogados de la ley de lim\u00f3n en Wirtz Law ayudan a los residentes de California con reclamos de la ley de lim\u00f3n de Genesis en todo California, incluyendo <a href=\"https:\/\/www.wirtzlaw.com\/es\/areas-de-practica\/abogados-de-la-ley-del-limon\/los-angeles-lemon-law-abogados\/\">Los Angeles<\/a>, <a href=\"https:\/\/www.wirtzlaw.com\/es\/areas-de-practica\/abogados-de-la-ley-del-limon\/abogado-de-la-ley-del-limon-de-san-diego\/\">San Diego<\/a>y <a href=\"https:\/\/www.wirtzlaw.com\/es\/areas-de-practica\/abogados-de-la-ley-del-limon\/abogado-de-la-ley-del-limon-del-condado-de-orange\/\">Orange County<\/a>.&nbsp;<\/em><\/p>","protected":false},"excerpt":{"rendered":"<p>Genesis es la divisi\u00f3n de veh\u00edculos de lujo del fabricante surcoreano de veh\u00edculos Hyundai Motor Group. Es distribuida por Hyundai Motor America.  Genesis lanz\u00f3 su primer modelo independiente, el Genesis G90, en 2017. Hyundai produce m\u00e1s de 5 millones de veh\u00edculos al a\u00f1o, incluidos sus modelos de lujo premium Genesis, lo que les convierte en uno de los...<\/p>","protected":false},"author":12,"featured_media":3411,"parent":2523,"menu_order":0,"comment_status":"closed","ping_status":"closed","template":"","meta":{"_acf_changed":false,"footnotes":""},"class_list":["post-2538","page","type-page","status-publish","has-post-thumbnail","hentry"],"acf":[],"_links":{"self":[{"href":"https:\/\/www.wirtzlaw.com\/es\/wp-json\/wp\/v2\/pages\/2538","targetHints":{"allow":["GET"]}}],"collection":[{"href":"https:\/\/www.wirtzlaw.com\/es\/wp-json\/wp\/v2\/pages"}],"about":[{"href":"https:\/\/www.wirtzlaw.com\/es\/wp-json\/wp\/v2\/types\/page"}],"author":[{"embeddable":true,"href":"https:\/\/www.wirtzlaw.com\/es\/wp-json\/wp\/v2\/users\/12"}],"replies":[{"embeddable":true,"href":"https:\/\/www.wirtzlaw.com\/es\/wp-json\/wp\/v2\/comments?post=2538"}],"version-history":[{"count":6,"href":"https:\/\/www.wirtzlaw.com\/es\/wp-json\/wp\/v2\/pages\/2538\/revisions"}],"predecessor-version":[{"id":7944,"href":"https:\/\/www.wirtzlaw.com\/es\/wp-json\/wp\/v2\/pages\/2538\/revisions\/7944"}],"up":[{"embeddable":true,"href":"https:\/\/www.wirtzlaw.com\/es\/wp-json\/wp\/v2\/pages\/2523"}],"wp:featuredmedia":[{"embeddable":true,"href":"https:\/\/www.wirtzlaw.com\/es\/wp-json\/wp\/v2\/media\/3411"}],"wp:attachment":[{"href":"https:\/\/www.wirtzlaw.com\/es\/wp-json\/wp\/v2\/media?parent=2538"}],"curies":[{"name":"wp","href":"https:\/\/api.w.org\/{rel}","templated":true}]}}