{"id":1784,"date":"2020-09-20T15:51:41","date_gmt":"2020-09-20T22:51:41","guid":{"rendered":"https:\/\/wirtzlawstg.wpengine.com\/?page_id=1784"},"modified":"2025-07-15T19:54:45","modified_gmt":"2025-07-15T23:54:45","slug":"abogados-honda-lemon-law","status":"publish","type":"page","link":"https:\/\/www.wirtzlaw.com\/es\/practice-areas\/lemon-law-attorneys\/honda-lemon-law-attorneys\/","title":{"rendered":"Reclamaciones de Honda"},"content":{"rendered":"<p>American Honda Motor Company es uno de los fabricantes de autom\u00f3viles m\u00e1s vendidos del mundo. Los Hondas son populares en California porque son rentables y fiables en la mayor\u00eda de los casos. Honda fabrica m\u00e1s de 14 millones de veh\u00edculos al a\u00f1o y tiene un historial de ganar m\u00e1s carreras Indy 500 que cualquier otro fabricante. Con Hondas siendo tan popular y tener un exitoso historial de carreras, parece poco probable que Honda producir\u00eda limones. Por desgracia, no es as\u00ed.<\/p>\n\n\n\n<p>\u00bfHa tenido que llevar su Honda varias veces? \u00bfHa experimentado un problema tras otro con su Honda? Si es as\u00ed, su veh\u00edculo puede ser considerado como un \"lemon\" bajo <a href=\"https:\/\/www.wirtzlaw.com\/es\/areas-de-practica\/abogados-de-la-ley-del-limon\/\">Ley del lim\u00f3n de California<\/a>. Si usted ha comprado un Honda defectuoso que sigue teniendo problemas el\u00e9ctricos y \/ o mec\u00e1nicos, es el momento de llamar a un abogado de la ley del lim\u00f3n Honda. Los abogados litigantes en <a href=\"https:\/\/www.wirtzlaw.com\/es\/\">Wirtz Law<\/a> tienen un historial probado de representar con \u00e9xito a clientes en casos de la ley del lim\u00f3n. <a href=\"https:\/\/www.wirtzlaw.com\/es\/contactar-con\/\">Contacte con nosotros hoy mismo<\/a> para programar la revisi\u00f3n gratuita de su caso y obtener m\u00e1s informaci\u00f3n sobre c\u00f3mo podemos abogar por usted.<\/p>\n\n\n\n<h2 class=\"wp-block-heading\">Garant\u00edas que cumplen los requisitos de la Ley del Lim\u00f3n de California<\/h2>\n\n\n\n<p>Para acogerse a la ley del lim\u00f3n de California, tendr\u00e1 que haber recibido una garant\u00eda de Honda. Si compr\u00f3 su veh\u00edculo nuevo en un concesionario Honda, es probable que haya recibido la garant\u00eda limitada expresa completa para veh\u00edculos nuevos. Los veh\u00edculos usados certificados (CPO) comprados en un concesionario Honda suelen estar cubiertos por una garant\u00eda CPO. Una garant\u00eda CPO tambi\u00e9n califica como una garant\u00eda de Honda.<\/p>\n\n\n\n<p>Si usted tiene preguntas acerca de si su veh\u00edculo califica bajo la ley del lim\u00f3n de California, le recomendamos programar una evaluaci\u00f3n gratuita de su caso con Wirtz Law tan pronto como sea posible.<\/p>\n\n\n\n<h2 class=\"wp-block-heading\">\u00bfTengo derecho a la protecci\u00f3n de la Ley del Lim\u00f3n de California si soy propietario de un Honda?\u00a0<\/h2>\n\n\n\n<p>La ley del lim\u00f3n de California permite a los consumidores que han comprado un veh\u00edculo defectuoso o que funciona mal obligar al fabricante a pagarle una indemnizaci\u00f3n mediante <a href=\"https:\/\/www.wirtzlaw.com\/es\/que-es-el-programa-de-recompra-de-la-ley-del-limon-de-california\/\">volver a comprarlo<\/a> o sustituir el veh\u00edculo. Seg\u00fan la ley del lim\u00f3n de California, el propietario del veh\u00edculo debe demostrar que existen disconformidades. Las no conformidades son defectos o mal funcionamiento que afectan sustancialmente al veh\u00edculo y que est\u00e1n cubiertos por la garant\u00eda del fabricante. Como se mencion\u00f3 anteriormente, las no conformidades son defectos o mal funcionamiento que afectan sustancialmente el uso, valor o seguridad del Honda para un consumidor en su situaci\u00f3n.\u00a0<\/p>\n\n\n\n<p>Para poder acogerse a la protecci\u00f3n de la ley del lim\u00f3n de California, los propietarios o arrendatarios de veh\u00edculos deben cumplir varios requisitos. Por ejemplo:<\/p>\n\n\n\n<ul class=\"wp-block-list\">\n<li>Debe comprar o alquilar el veh\u00edculo al fabricante. Esto suele significar que compraste o alquilaste tu veh\u00edculo en un concesionario Honda.\u00a0<\/li>\n\n\n\n<li>El veh\u00edculo debe estar en garant\u00eda cuando empiezan los problemas.\u00a0<\/li>\n\n\n\n<li>Debe adquirir el veh\u00edculo en California.\u00a0<\/li>\n\n\n\n<li>Debe registrar su veh\u00edculo en el Departamento de Veh\u00edculos Motorizados de California (DMV).<\/li>\n\n\n\n<li>El veh\u00edculo debe adquirirse para uso personal, familiar o dom\u00e9stico<\/li>\n<\/ul>\n\n\n\n<p>Adem\u00e1s, el fabricante debe hacer un \"n\u00famero razonable de intentos\" para reparar su veh\u00edculo antes de que un tribunal considere que el veh\u00edculo es un \"lim\u00f3n\". Un \"n\u00famero razonable\" suele depender de los problemas que tenga tu veh\u00edculo:<\/p>\n\n\n\n<ul class=\"wp-block-list\">\n<li>Para la mayor\u00eda de los problemas, un \"n\u00famero razonable\" de intentos de reparaci\u00f3n es de dos o m\u00e1s.<\/li>\n\n\n\n<li>Si el veh\u00edculo est\u00e1 fuera de servicio por reparaciones durante m\u00e1s de 30 d\u00edas, estos 30 d\u00edas tambi\u00e9n pueden contar como \"n\u00famero razonable\" de intentos de reparaci\u00f3n.<\/li>\n<\/ul>\n\n\n\n<p>No es necesario que el veh\u00edculo est\u00e9 en el concesionario m\u00e1s de 30 d\u00edas seguidos para que cuente. Por ejemplo, si el concesionario tiene tu veh\u00edculo durante 6 d\u00edas en enero, 11 d\u00edas en febrero, siete d\u00edas a principios de marzo y siete d\u00edas a finales de marzo, habr\u00e1s alcanzado un total de 31 d\u00edas, suficientes para que probablemente se aplique la norma de \"m\u00e1s de 30 d\u00edas\".&nbsp;<\/p>\n\n\n\n<h2 class=\"wp-block-heading\">Defectos comunes de Honda seg\u00fan la Ley del Lim\u00f3n<\/h2>\n\n\n\n<p>La ley del lim\u00f3n de California esboza directrices espec\u00edficas para determinar si el veh\u00edculo de un consumidor se considera un lim\u00f3n. El defecto tiene que ser un problema que afecta significativamente el valor, uso o seguridad del veh\u00edculo. Los siguientes son s\u00f3lo algunos de los tipos de defectos que podr\u00edan desencadenar una reclamaci\u00f3n de la ley del lim\u00f3n Honda en California:<\/p>\n\n\n\n<ul class=\"wp-block-list\">\n<li>Problemas de direcci\u00f3n<\/li>\n\n\n\n<li>Luces de control del motor<\/li>\n\n\n\n<li>Limpiaparabrisas defectuosos<\/li>\n\n\n\n<li>Problemas de frenado<\/li>\n\n\n\n<li>Veloc\u00edmetro roto<\/li>\n\n\n\n<li>Indicadores de combustible rotos<\/li>\n\n\n\n<li>Cerraduras de puertas que no funcionan<\/li>\n\n\n\n<li>Un motor que no arranca<\/li>\n\n\n\n<li>Mala aceleraci\u00f3n<\/li>\n\n\n\n<li>Aire acondicionado que no funciona<\/li>\n\n\n\n<li>Mal funcionamiento de la navegaci\u00f3n o de la radio<\/li>\n\n\n\n<li>Problemas de transmisi\u00f3n<\/li>\n\n\n\n<li>La bater\u00eda se agota regularmente<\/li>\n<\/ul>\n\n\n\n<h2 class=\"wp-block-heading\">Ley del lim\u00f3n de Honda<\/h2>\n\n\n\n<p>Afortunadamente, California tiene una de las m\u00e1s extensas leyes de lim\u00f3n pro-consumidor en el pa\u00eds. Cuando trabajas con Wirtz Law, <a href=\"https:\/\/www.wirtzlaw.com\/es\/equipo\/\">nuestros abogados especializados en la ley del lim\u00f3n de Honda<\/a> evaluar\u00e1 su caso y le aconsejar\u00e1 sobre sus opciones legales para que pueda tomar una decisi\u00f3n informada sobre c\u00f3mo proceder. Si Wirtz Law acepta su caso, nuestro equipo le ayudar\u00e1 a conseguir un gran resultado. Mientras que otros abogados pueden conformarse con ayudarle a recibir un pago en efectivo, Wirtz Law har\u00e1 todo lo posible para ayudarle a obtener su veh\u00edculo calificado comprado de nuevo bajo la Ley del Lim\u00f3n de California y tambi\u00e9n <a href=\"https:\/\/www.wirtzlaw.com\/es\/areas-de-practica\/abogados-de-la-ley-del-limon\/abogado-de-la-ley-del-limon-de-san-diego\/sancion-civil-de-la-ley-del-limon\/\">solicitar sanciones civiles contra Honda<\/a> por su incumplimiento de la ley..\u00a0<\/p>\n\n\n\n<h2 class=\"wp-block-heading\">C\u00f3mo presentar una reclamaci\u00f3n contra Honda en virtud de la Ley del Lim\u00f3n de California<\/h2>\n\n\n\n<p>Nuestros abogados de la ley del lim\u00f3n de California tienen los recursos y la experiencia necesaria para investigar a fondo su caso y ayudarle a buscar los remedios que se merece. En primer lugar, vamos a determinar si su veh\u00edculo ten\u00eda defectos no reparados en virtud de la garant\u00eda que afectan sustancialmente el uso de su veh\u00edculo, el valor o la seguridad, a pesar de Honda ha recibido una oportunidad razonable para hacer las reparaciones necesarias. Recuerde que los contratos de servicio de terceros y las garant\u00edas extendidas generalmente no crean responsabilidad contra el fabricante. A continuaci\u00f3n, le ayudaremos en cada paso del camino para presentar una demanda contra Honda.&nbsp;<\/p>\n\n\n\n<h2 class=\"wp-block-heading\">\u00bfMe recomprar\u00e1 Honda mi veh\u00edculo?<\/h2>\n\n\n\n<p>S\u00ed, Honda tendr\u00e1 la obligaci\u00f3n de recomprar su veh\u00edculo si usted cumple con todas las directrices de la ley del lim\u00f3n de California y usted desea que ellos recompren su veh\u00edculo en lugar de proporcionarle un veh\u00edculo de reemplazo.&nbsp;<\/p>\n\n\n\n<p>Los requisitos para que Honda recompre tu veh\u00edculo son los siguientes:<\/p>\n\n\n\n<ul class=\"wp-block-list\">\n<li>Poseer una garant\u00eda adecuada<\/li>\n\n\n\n<li>Establecer que su veh\u00edculo tiene defectos, fallos de funcionamiento o disconformidades no reparados.\u00a0<\/li>\n\n\n\n<li>Demostrar que has dado a Honda una oportunidad razonable de reparar el veh\u00edculo, cosa que no han hecho.<\/li>\n<\/ul>\n\n\n\n<h2 class=\"wp-block-heading\">\u00bfDe cu\u00e1nto tiempo dispongo para presentar una reclamaci\u00f3n?<\/h2>\n\n\n\n<p>Seg\u00fan la ley del lim\u00f3n de California, el plazo de prescripci\u00f3n es de un a\u00f1o tras la expiraci\u00f3n de la garant\u00eda y de hasta seis a\u00f1os a partir de la fecha de entrega.&nbsp;<\/p>\n\n\n\n<p>Sin embargo, no recomendamos esperar hasta el final del periodo de un a\u00f1o para ponerse en contacto con un abogado. Si espera demasiado, puede quedarse sin tiempo.&nbsp;<\/p>\n\n\n\n<p>Si usted cree que usted ha arrendado o comprado un Honda que es un lim\u00f3n, es aconsejable comenzar a recoger copias de sus \u00f3rdenes de reparaci\u00f3n y <a href=\"https:\/\/www.wirtzlaw.com\/es\/contactar-con\/\">ponerse en contacto con el abogado con experiencia Honda Lemon Law en Wirtz Law<\/a> lo antes posible.<\/p>\n\n\n\n<h2 class=\"wp-block-heading\">Discuta su caso con un abogado de la Ley del Lim\u00f3n Honda hoy<\/h2>\n\n\n\n<p>Honda fabrica algunos de los motores m\u00e1s potentes, y son bien conocidos en todo California y el mundo por sus veh\u00edculos fiables y asequibles. Desafortunadamente, algunos clientes de Honda reciben limones que tienen aver\u00edas o defectos graves.&nbsp;<\/p>\n\n\n\n<p>California ley del lim\u00f3n es una poderosa herramienta que puede utilizar para exigir que Honda reemplazar una recompra de su veh\u00edculo. Hay poco beneficio para usted que esperar y soportar las frustraciones de un coche defectuoso Honda o cami\u00f3n. <a href=\"https:\/\/www.wirtzlaw.com\/es\/contactar-con\/\">P\u00f3ngase en contacto con Wirtz Law hoy mismo<\/a> para programar la evaluaci\u00f3n gratuita de su caso y comenzar el proceso de recurso ahora.\u00a0<\/p>\n\n\n\n<p>El <a href=\"https:\/\/www.wirtzlaw.com\/es\/\">abogados de la ley del lim\u00f3n en Wirtz<\/a> Law ayudar a los residentes de California con las reclamaciones de la ley del lim\u00f3n Honda en todo <a href=\"https:\/\/www.wirtzlaw.com\/es\/zonas-que-atendemos\/\">Sur de California<\/a>incluyendo <a href=\"https:\/\/www.wirtzlaw.com\/es\/areas-de-practica\/abogados-de-la-ley-del-limon\/los-angeles-lemon-law-abogados\/\">Los Angeles<\/a>, <a href=\"https:\/\/www.wirtzlaw.com\/es\/areas-de-practica\/abogados-de-la-ley-del-limon\/abogado-de-la-ley-del-limon-de-san-diego\/\">San Diego<\/a>y <a href=\"https:\/\/www.wirtzlaw.com\/es\/areas-de-practica\/abogados-de-la-ley-del-limon\/abogado-de-la-ley-del-limon-del-condado-de-orange\/\">Orange County<\/a>. Tambi\u00e9n servimos con orgullo a <a href=\"https:\/\/www.wirtzlaw.com\/es\/zonas-que-atendemos-4\/\">California Central<\/a> y <a href=\"https:\/\/www.wirtzlaw.com\/es\/zonas-que-atendemos-3\/\">Norte de California<\/a> comunidades durante casi 30 a\u00f1os.<\/p>","protected":false},"excerpt":{"rendered":"<p>American Honda Motor Company es uno de los fabricantes de autom\u00f3viles m\u00e1s vendidos del mundo. Las Hondas son populares en California porque son rentables y fiables en la mayor\u00eda de los casos. Honda fabrica m\u00e1s de 14 millones de veh\u00edculos al a\u00f1o y tiene un historial de ganar m\u00e1s carreras de la Indy 500 que cualquier otro fabricante. Al ser las Hondas tan populares...<\/p>","protected":false},"author":12,"featured_media":3444,"parent":2523,"menu_order":0,"comment_status":"closed","ping_status":"closed","template":"","meta":{"_acf_changed":false,"footnotes":""},"class_list":["post-1784","page","type-page","status-publish","has-post-thumbnail","hentry"],"acf":[],"_links":{"self":[{"href":"https:\/\/www.wirtzlaw.com\/es\/wp-json\/wp\/v2\/pages\/1784","targetHints":{"allow":["GET"]}}],"collection":[{"href":"https:\/\/www.wirtzlaw.com\/es\/wp-json\/wp\/v2\/pages"}],"about":[{"href":"https:\/\/www.wirtzlaw.com\/es\/wp-json\/wp\/v2\/types\/page"}],"author":[{"embeddable":true,"href":"https:\/\/www.wirtzlaw.com\/es\/wp-json\/wp\/v2\/users\/12"}],"replies":[{"embeddable":true,"href":"https:\/\/www.wirtzlaw.com\/es\/wp-json\/wp\/v2\/comments?post=1784"}],"version-history":[{"count":6,"href":"https:\/\/www.wirtzlaw.com\/es\/wp-json\/wp\/v2\/pages\/1784\/revisions"}],"predecessor-version":[{"id":7340,"href":"https:\/\/www.wirtzlaw.com\/es\/wp-json\/wp\/v2\/pages\/1784\/revisions\/7340"}],"up":[{"embeddable":true,"href":"https:\/\/www.wirtzlaw.com\/es\/wp-json\/wp\/v2\/pages\/2523"}],"wp:featuredmedia":[{"embeddable":true,"href":"https:\/\/www.wirtzlaw.com\/es\/wp-json\/wp\/v2\/media\/3444"}],"wp:attachment":[{"href":"https:\/\/www.wirtzlaw.com\/es\/wp-json\/wp\/v2\/media?parent=1784"}],"curies":[{"name":"wp","href":"https:\/\/api.w.org\/{rel}","templated":true}]}}