{"id":1761,"date":"2020-07-13T16:06:04","date_gmt":"2020-07-13T23:06:04","guid":{"rendered":"https:\/\/wirtzlawstg.wpengine.com\/?page_id=1761"},"modified":"2026-04-17T17:25:27","modified_gmt":"2026-04-17T21:25:27","slug":"chrysler-abogado-de-la-ley-de-limon","status":"publish","type":"page","link":"https:\/\/www.wirtzlaw.com\/es\/practice-areas\/lemon-law-attorneys\/chrysler-lemon-law-attorney\/","title":{"rendered":"Abogados de la Ley del Lim\u00f3n de Chrysler"},"content":{"rendered":"<p><span style=\"font-weight: 400;\">La marca Chrysler forma parte del <a href=\"https:\/\/www.wirtzlaw.com\/es\/areas-de-practica\/abogados-de-la-ley-del-limon\/chrysler-abogado-de-la-ley-de-limon\/\">Fiat Chrysler Automobiles<\/a> y actualmente s\u00f3lo se fabrican tres modelos Chrysler. Cuando se fabrican correctamente, los veh\u00edculos Chrysler ofrecen a los consumidores veh\u00edculos c\u00f3modos y asequibles. Sin embargo, Chrysler tambi\u00e9n ha <a href=\"https:\/\/www.wirtzlaw.com\/es\/areas-de-practica\/abogados-de-la-ley-del-limon\/chrysler-abogado-de-la-ley-de-limon\/crisalidas-poco-fiables\/\">conocido por producir algunos limones<\/a> que necesitan reparaciones constantes.<\/span><\/p>\n\n\n\n<h2 class=\"wp-block-heading\"><b>Programe una evaluaci\u00f3n gratuita de su caso con un abogado de la Ley del Lim\u00f3n de Chrysler&nbsp;<\/b><\/h2>\n\n\n\n<p><span style=\"font-weight: 400;\">Los abogados de la ley del lim\u00f3n de Chrysler en Wirtz Law tienen un historial probado de \u00e9xito. Hemos recuperado decenas de millones de d\u00f3lares para clientes en casos de la ley del lim\u00f3n. Estamos preparados para representarle hasta el final del juicio y proteger sus derechos como consumidor. Si usted ha comprado un veh\u00edculo Chrysler que ha resultado ser un lim\u00f3n, usted puede tener derecho a un veh\u00edculo de reemplazo o una recompra. P\u00f3ngase en contacto con los experimentados abogados de la ley de lim\u00f3n en Wirtz Law tan pronto como sea posible para programar su evaluaci\u00f3n gratuita del caso.<\/span><\/p>\n\n\n\n<h3 class=\"wp-block-heading\"><b>Ley del Lim\u00f3n de California para Chrysler<\/b><\/h3>\n\n\n\n<p><span style=\"font-weight: 400;\">Cuando un veh\u00edculo tiene un problema o varios defectos que cumplen los requisitos de la ley del lim\u00f3n de California, el propietario puede optar a la recompra o a un nuevo veh\u00edculo de sustituci\u00f3n. El fabricante del veh\u00edculo y su concesionario tienen derecho a reparar el problema en garant\u00eda. Sin embargo, despu\u00e9s de haber hecho un n\u00famero razonable de intentos de reparaci\u00f3n, el propietario puede presentar una reclamaci\u00f3n contra ellos si el veh\u00edculo sigue sin ser reparado. No tienes que darle a Chrysler un n\u00famero ilimitado de intentos de reparaci\u00f3n antes de que tu coche sea considerado un \"lim\u00f3n\".<\/span><\/p>\n\n\n\n<p><span style=\"font-weight: 400;\">La ley del lim\u00f3n de California se aplica a los veh\u00edculos nuevos reparados bajo la garant\u00eda del fabricante. Despu\u00e9s de que la garant\u00eda ha expirado, un consumidor todav\u00eda puede estar protegido por la ley del lim\u00f3n, siempre y cuando present\u00f3 el veh\u00edculo para su reparaci\u00f3n, mientras que el veh\u00edculo estaba en garant\u00eda. No es necesario que usted sea el propietario de su Chrysler para que la ley del lim\u00f3n sea v\u00e1lida: puede estar alquilando el veh\u00edculo o incluso podr\u00eda haberlo vendido o cambiado por otro.&nbsp;<\/span><\/p>\n\n\n\n<p><span style=\"font-weight: 400;\">Una vez que el fabricante no ha reparado el problema tras un n\u00famero razonable de reparaciones, el propietario del veh\u00edculo tiene derecho a presentar una reclamaci\u00f3n conforme a la ley del lim\u00f3n. Un n\u00famero razonable de reparaciones puede ser de tan s\u00f3lo dos, dependiendo de los hechos de su caso. Si el veh\u00edculo sigue sin proporcionar un transporte fiable y seguro despu\u00e9s de dos o m\u00e1s reparaciones, el veh\u00edculo puede ser considerado un lim\u00f3n. Los nuevos veh\u00edculos de motor e incluso un veh\u00edculo de negocios puede ser considerado un lim\u00f3n bajo la ley del lim\u00f3n de California. Como resultado, todos los siguientes veh\u00edculos Chrysler est\u00e1n protegidos por la ley del lim\u00f3n:<\/span><\/p>\n\n\n\n<ul class=\"wp-block-list\">\n<li><span style=\"font-weight: 400;\">Chrysler 300&nbsp;<\/span><\/li>\n\n\n\n<li><span style=\"font-weight: 400;\">&nbsp;Chrysler Pacifica&nbsp;<\/span><\/li>\n\n\n\n<li><span style=\"font-weight: 400;\">&nbsp;Chrysler Voyager&nbsp;<\/span><\/li>\n\n\n\n<li><span style=\"font-weight: 400;\">&nbsp;Chrysler 200&nbsp;<\/span><\/li>\n\n\n\n<li><span style=\"font-weight: 400;\">&nbsp;Chrysler Aspen&nbsp;<\/span><\/li>\n\n\n\n<li><span style=\"font-weight: 400;\">&nbsp;Chrysler&nbsp;<\/span><\/li>\n\n\n\n<li><span style=\"font-weight: 400;\">&nbsp;Chrysler PT Cruiser<\/span><\/li>\n\n\n\n<li><span style=\"font-weight: 400;\">&nbsp;Chrysler Sebring<\/span><\/li>\n\n\n\n<li><span style=\"font-weight: 400;\">&nbsp;Chrysler Town and Country&nbsp;<\/span><\/li>\n<\/ul>\n\n\n\n<h3 class=\"wp-block-heading\"><b>\u00bfSu Chrysler es defectuoso?<\/b><\/h3>\n\n\n\n<p><span style=\"font-weight: 400;\">La ley del lim\u00f3n de California ofrece a los consumidores una amplia protecci\u00f3n contra los veh\u00edculos defectuosos. Un lim\u00f3n es un veh\u00edculo defectuoso y no funciona correctamente, incluso despu\u00e9s de al menos dos intentos de reparaci\u00f3n. La ley del lim\u00f3n de California se aplica a los veh\u00edculos nuevos, siempre que el veh\u00edculo est\u00e9 reparado en garant\u00eda. Incluso si su veh\u00edculo ya no est\u00e1 en garant\u00eda, a\u00fan puede estar protegido por la ley del lim\u00f3n si present\u00f3 su veh\u00edculo para reparaciones mientras a\u00fan estaba en garant\u00eda.&nbsp;<\/span><\/p>\n\n\n\n<p><span style=\"font-weight: 400;\">El defecto o defectos de su veh\u00edculo deben afectar sustancialmente a su uso, valor o seguridad. No tiene que demostrar que su veh\u00edculo ha sido reparado por el mismo defecto. Su veh\u00edculo puede tener varios defectos diferentes. Si responde afirmativamente a las siguientes preguntas, es muy probable que su Chrysler sea un \"lim\u00f3n\":<\/span><\/p>\n\n\n\n<ul class=\"wp-block-list\">\n<li><span style=\"font-weight: 400;\">El Chrysler est\u00e1 cubierto por la garant\u00eda, o lo estaba cuando empez\u00f3 el problema<\/span><\/li>\n\n\n\n<li><span style=\"font-weight: 400;\">&nbsp;El problema afecta negativamente al valor, la seguridad o el uso del veh\u00edculo<\/span><\/li>\n\n\n\n<li><span style=\"font-weight: 400;\">&nbsp;Has dado al fabricante o distribuidor al menos dos oportunidades para reparar el veh\u00edculo<\/span><\/li>\n\n\n\n<li><span style=\"font-weight: 400;\">&nbsp;El problema no se ha resuelto<\/span><\/li>\n<\/ul>\n\n\n\n<h3 class=\"wp-block-heading\"><b>\u00bfC\u00f3mo funciona el proceso de recompra de la Ley del Lim\u00f3n de Chrysler?<\/b><\/h3>\n\n\n\n<p><span style=\"font-weight: 400;\">Cuando puedas demostrar que tu veh\u00edculo cumple los requisitos de la ley del lim\u00f3n de California, el fabricante estar\u00e1 obligado a sustituir tu veh\u00edculo defectuoso por uno nuevo o a recompr\u00e1rtelo.   Chrysler tambi\u00e9n est\u00e1 obligada a reembolsarte todos los gastos incidentales y consecuentes de los m\u00faltiples intentos de reparaci\u00f3n, como los gastos de remolque y alquiler de un veh\u00edculo. En algunos casos, cuando el fabricante ha infringido deliberadamente la ley al no recomprar el coche u ofrecerte uno de sustituci\u00f3n, se le puede exigir el pago de sanciones civiles de hasta el doble de tus da\u00f1os reales. Tambi\u00e9n tendr\u00e1 que pagar los honorarios y gastos de tu abogado.<\/span><\/p>\n\n\n\n<h3 class=\"wp-block-heading\"><b>Defectos comunes en Chrysler<\/b><\/h3>\n\n\n\n<p><span style=\"font-weight: 400;\">Algunos de los problemas m\u00e1s comunes en los veh\u00edculos Chrysler son, entre otros, los siguientes<\/span><\/p>\n\n\n\n<ul class=\"wp-block-list\">\n<li><span style=\"font-weight: 400;\">El pedal del acelerador no responde<\/span><\/li>\n\n\n\n<li><span style=\"font-weight: 400;\">La transmisi\u00f3n no cambia correctamente<\/span><\/li>\n\n\n\n<li><span style=\"font-weight: 400;\">Fallo del motor<\/span><\/li>\n\n\n\n<li><span style=\"font-weight: 400;\">Fugas en la direcci\u00f3n asistida<\/span><\/li>\n\n\n\n<li><span style=\"font-weight: 400;\">Ruidos fuertes de la transmisi\u00f3n<\/span><\/li>\n\n\n\n<li><span style=\"font-weight: 400;\">Desconexi\u00f3n el\u00e9ctrica total<\/span><\/li>\n\n\n\n<li><span style=\"font-weight: 400;\">El motor se apaga durante la conducci\u00f3n<\/span><\/li>\n\n\n\n<li><span style=\"font-weight: 400;\">Mal funcionamiento del ordenador y de los componentes el\u00e9ctricos<\/span><\/li>\n\n\n\n<li><span style=\"font-weight: 400;\">Luz de advertencia del motor<\/span><\/li>\n<\/ul>\n\n\n\n<h3 class=\"wp-block-heading\"><b>La ventaja de trabajar con un abogado experto en la ley del lim\u00f3n de Chrysler<\/b><\/h3>\n\n\n\n<p><span style=\"font-weight: 400;\">Tratar con un veh\u00edculo defectuoso puede llevar mucho tiempo, ser estresante y costoso. Cada vez que su veh\u00edculo tiene que ir al taller, usted pierde tiempo organizando un transporte alternativo y dejando y recogiendo el veh\u00edculo. Tratar de navegar por una reclamaci\u00f3n de la ley de lim\u00f3n por su cuenta puede ser a\u00fan m\u00e1s estresante y consume tiempo. En Wirtz Law, nos encargaremos de su reclamaci\u00f3n de la ley del lim\u00f3n de principio a fin, ayud\u00e1ndole a volver a la carretera con un veh\u00edculo seguro y fiable.<\/span><\/p>\n\n\n\n<p><span style=\"font-weight: 400;\">A pesar de que la ley del lim\u00f3n de California favorece a los consumidores, sigue siendo dif\u00edcil de navegar. Nuestros abogados listos para juicio abogar\u00e1n fuertemente por usted mientras protegen sus derechos. Nuestros abogados de la ley del lim\u00f3n han recuperado decenas de millones de d\u00f3lares en compensaci\u00f3n para nuestros clientes. Tenemos la experiencia y la habilidad necesaria para navegar por su demanda de la ley del lim\u00f3n de California.<\/span><\/p>\n\n\n\n<h4 class=\"wp-block-heading\"><b>P\u00f3ngase en contacto con un abogado de la ley del lim\u00f3n de Chrysler en California<\/b><\/h4>\n\n\n\n<p><span style=\"font-weight: 400;\">\u00bfHa comprado un veh\u00edculo Chrysler defectuoso? \u00bfLo ha llevado a reparar varias veces sin \u00e9xito? Si es as\u00ed, usted tiene derechos bajo la ley del lim\u00f3n de California. Si su Chrysler cumple con los requisitos de un lim\u00f3n en virtud de la ley del lim\u00f3n de California, usted puede tener derecho a un veh\u00edculo de sustituci\u00f3n o para una recompra. Uno de nuestros abogados con experiencia en la ley del lim\u00f3n puede ayudarle a proteger sus derechos como consumidor. <a href=\"https:\/\/www.wirtzlaw.com\/es\/contactar-con\/\">Contacte con<\/a> Wirtz Law lo antes posible para programar la evaluaci\u00f3n gratuita de su caso y saber m\u00e1s sobre c\u00f3mo podemos ayudarle a resolver este asunto.<\/span><\/p>\n\n\n\n<p><em>El <a href=\"https:\/\/www.wirtzlaw.com\/es\/\">abogados de ley de lim\u00f3n en Wirtz Law<\/a> ayudar a los residentes de California con las reclamaciones de la ley del lim\u00f3n de Chrysler en todo California, incluyendo <a href=\"https:\/\/www.wirtzlaw.com\/es\/areas-de-practica\/abogados-de-la-ley-del-limon\/los-angeles-lemon-law-abogados\/\">Los Angeles<\/a>, <a href=\"https:\/\/www.wirtzlaw.com\/es\/areas-de-practica\/abogados-de-la-ley-del-limon\/abogado-de-la-ley-del-limon-de-san-diego\/\">San Diego<\/a>y <a href=\"https:\/\/www.wirtzlaw.com\/es\/areas-de-practica\/abogados-de-la-ley-del-limon\/abogado-de-la-ley-del-limon-del-condado-de-orange\/\">Orange County<\/a>.\u00a0<\/em><\/p>","protected":false},"excerpt":{"rendered":"<p>La marca Chrysler forma parte de la empresa Fiat Chrysler Automobiles, y actualmente s\u00f3lo se fabrican tres modelos Chrysler. Cuando se fabrican correctamente, los veh\u00edculos Chrysler ofrecen a los consumidores veh\u00edculos c\u00f3modos y asequibles. Sin embargo, Chrysler tambi\u00e9n ha sido conocido por producir algunos limones que necesitan reparaciones constantes. Programe una evaluaci\u00f3n gratuita de su caso con un abogado de Chrysler Lemon...<\/p>","protected":false},"author":12,"featured_media":3566,"parent":2523,"menu_order":0,"comment_status":"closed","ping_status":"closed","template":"","meta":{"_acf_changed":false,"footnotes":""},"class_list":["post-1761","page","type-page","status-publish","has-post-thumbnail","hentry"],"acf":[],"_links":{"self":[{"href":"https:\/\/www.wirtzlaw.com\/es\/wp-json\/wp\/v2\/pages\/1761","targetHints":{"allow":["GET"]}}],"collection":[{"href":"https:\/\/www.wirtzlaw.com\/es\/wp-json\/wp\/v2\/pages"}],"about":[{"href":"https:\/\/www.wirtzlaw.com\/es\/wp-json\/wp\/v2\/types\/page"}],"author":[{"embeddable":true,"href":"https:\/\/www.wirtzlaw.com\/es\/wp-json\/wp\/v2\/users\/12"}],"replies":[{"embeddable":true,"href":"https:\/\/www.wirtzlaw.com\/es\/wp-json\/wp\/v2\/comments?post=1761"}],"version-history":[{"count":6,"href":"https:\/\/www.wirtzlaw.com\/es\/wp-json\/wp\/v2\/pages\/1761\/revisions"}],"predecessor-version":[{"id":7942,"href":"https:\/\/www.wirtzlaw.com\/es\/wp-json\/wp\/v2\/pages\/1761\/revisions\/7942"}],"up":[{"embeddable":true,"href":"https:\/\/www.wirtzlaw.com\/es\/wp-json\/wp\/v2\/pages\/2523"}],"wp:featuredmedia":[{"embeddable":true,"href":"https:\/\/www.wirtzlaw.com\/es\/wp-json\/wp\/v2\/media\/3566"}],"wp:attachment":[{"href":"https:\/\/www.wirtzlaw.com\/es\/wp-json\/wp\/v2\/media?parent=1761"}],"curies":[{"name":"wp","href":"https:\/\/api.w.org\/{rel}","templated":true}]}}